{"id":67,"date":"2022-08-29T14:28:17","date_gmt":"2022-08-29T12:28:17","guid":{"rendered":"https:\/\/multi-gyn.com\/rebrand-it\/?post_type=product&#038;p=67"},"modified":"2025-04-28T10:55:25","modified_gmt":"2025-04-28T08:55:25","slug":"multi-gyn-actigel","status":"publish","type":"product","link":"https:\/\/multi-gyn.com\/it\/prodotto\/multi-gyn-actigel\/","title":{"rendered":"Multi-Gyn ActiGel"},"content":{"rendered":"\n<div class=\"wp-block-karopharma-accordions is-style-secondary\"><div class=\"container\">\n<details class=\"wp-block-karopharma-accordion\"><summary><h2 class=\"accordion-title\">Con quale frequenza devo usare Multi-Gyn ActiGel?<\/h2><\/summary><div class=\"accordion-content\">\n<p>Per alleviare i disturbi a carico della vagina, consigliamo di usare Multi-Gyn ActiGel due volte al giorno per 5 giorni consecutivi. Tuttavia, puoi usare Multi-Gyn ActiGel ogni volta che desideri ottenere sollievo dai sintomi.<\/p>\n<\/div><\/details>\n\n\n\n<details class=\"wp-block-karopharma-accordion\"><summary><h2 class=\"accordion-title\">Quando comincer\u00f2 a sentirne gli effetti?<\/h2><\/summary><div class=\"accordion-content\">\n<p>Far\u00e0 effetto velocemente, soprattutto nel caso di sintomi quali irritazione o prurito. Tuttavia, la rapidit\u00e0 pu\u00f2 variare da persona a persona.<\/p>\n<\/div><\/details>\n\n\n\n<details class=\"wp-block-karopharma-accordion\"><summary><h2 class=\"accordion-title\">Multi-Gyn ActiGel ha effetti collaterali?<\/h2><\/summary><div class=\"accordion-content\">\n<p>Poich\u00e9 Multi-Gyn ActiGel ha un\u2019acidit\u00e0 ottimale per la vagina e lo sperma \u00e8 alcalino, l\u2019uso di Multi-Gyn ActiGel pu\u00f2 ridurre l\u2019attivit\u00e0 degli spermatozoi. Pertanto, Multi-Gyn ActiGel non deve essere usato durante il periodo di ovulazione quando si desidera una gravidanza. Non esistono altri effetti collaterali noti.<\/p>\n<\/div><\/details>\n\n\n\n<details class=\"wp-block-karopharma-accordion\"><summary><h2 class=\"accordion-title\">I miei fastidi sono passati, devo continuare a usare Multi-Gyn ActiGel?<\/h2><\/summary><div class=\"accordion-content\">\n<p>No, non \u00e8 necessario usare Multi-Gyn ActiGel in modo continuativo. Ma se vuoi, puoi continuare a utilizzarlo anche pi\u00f9 volte a settimana.<\/p>\n<\/div><\/details>\n\n\n\n<details class=\"wp-block-karopharma-accordion\"><summary><h2 class=\"accordion-title\">Multi-Gyn ActiGel interferisce con l\u2019uso di antibiotici?<\/h2><\/summary><div class=\"accordion-content\">\n<p>No, Multi-Gyn ActiGel non influisce negativamente sull\u2019uso di antibiotici, anzi, consigliamo di utilizzarlo in associazione o subito dopo questo tipo di trattamenti.<\/p>\n<\/div><\/details>\n\n\n\n<details class=\"wp-block-karopharma-accordion\"><summary><h2 class=\"accordion-title\">Devo usare la confezione intera?<\/h2><\/summary><div class=\"accordion-content\">\n<p>In caso di vaginosi batterica, si consiglia di usare Multi-Gyn ActiGel per 5 giorni consecutivi, almeno due volte al giorno. Se non hai pi\u00f9 fastidi dopo i 5 giorni, non \u00e8 necessario finire il tubetto.<\/p>\n<\/div><\/details>\n<\/div><\/div>\n","protected":false},"excerpt":{"rendered":"<p>Aiuta a ridurre i sintomi della vaginosi batterica (VB)<\/p>\n","protected":false},"featured_media":180,"comment_status":"closed","ping_status":"closed","template":"","meta":{"_acf_changed":false,"footnotes":""},"product_brand":[],"product_cat":[18],"product_tag":[],"class_list":{"0":"post-67","1":"product","2":"type-product","3":"status-publish","4":"has-post-thumbnail","6":"product_cat-trattamento","8":"first","9":"instock","10":"shipping-taxable","11":"product-type-simple"},"acf":[],"yoast_head":"<!-- This site is optimized with the Yoast SEO plugin v26.6 - https:\/\/yoast.com\/wordpress\/plugins\/seo\/ -->\n<title>Multi-Gyn ActiGel - Multi-Gyn<\/title>\n<meta name=\"description\" content=\"Odore di pesce e perdite acquose? Probabilmente soffri di vaginosi batterica. Multi-Gyn ActiGel si prende cura dei sintomi legati alla..\" \/>\n<meta name=\"robots\" content=\"index, follow, max-snippet:-1, max-image-preview:large, max-video-preview:-1\" \/>\n<link rel=\"canonical\" href=\"https:\/\/multi-gyn.com\/it\/prodotto\/multi-gyn-actigel\/\" \/>\n<meta property=\"og:locale\" content=\"it_IT\" \/>\n<meta property=\"og:type\" content=\"article\" \/>\n<meta property=\"og:title\" content=\"Multi-Gyn ActiGel - Multi-Gyn\" \/>\n<meta property=\"og:description\" content=\"Odore di pesce e perdite acquose? Probabilmente soffri di vaginosi batterica. Multi-Gyn ActiGel si prende cura dei sintomi legati alla..\" \/>\n<meta property=\"og:url\" content=\"https:\/\/multi-gyn.com\/it\/prodotto\/multi-gyn-actigel\/\" \/>\n<meta property=\"og:site_name\" content=\"Multi-Gyn\" \/>\n<meta property=\"article:modified_time\" content=\"2025-04-28T08:55:25+00:00\" \/>\n<meta property=\"og:image\" content=\"https:\/\/multi-gyn.com\/app\/uploads\/sites\/16\/2022\/08\/Multi-Gyn-ActiGel-50ml-IT.png\" \/>\n\t<meta property=\"og:image:width\" content=\"760\" \/>\n\t<meta property=\"og:image:height\" content=\"760\" \/>\n\t<meta property=\"og:image:type\" content=\"image\/png\" \/>\n<meta name=\"twitter:card\" content=\"summary_large_image\" \/>\n<meta name=\"twitter:label1\" content=\"Tempo di lettura stimato\" \/>\n\t<meta name=\"twitter:data1\" content=\"2 minuti\" \/>\n<script type=\"application\/ld+json\" class=\"yoast-schema-graph\">{\"@context\":\"https:\/\/schema.org\",\"@graph\":[{\"@type\":\"WebPage\",\"@id\":\"https:\/\/multi-gyn.com\/it\/prodotto\/multi-gyn-actigel\/\",\"url\":\"https:\/\/multi-gyn.com\/it\/prodotto\/multi-gyn-actigel\/\",\"name\":\"Multi-Gyn ActiGel - Multi-Gyn\",\"isPartOf\":{\"@id\":\"https:\/\/multi-gyn.com\/it\/#website\"},\"primaryImageOfPage\":{\"@id\":\"https:\/\/multi-gyn.com\/it\/prodotto\/multi-gyn-actigel\/#primaryimage\"},\"image\":{\"@id\":\"https:\/\/multi-gyn.com\/it\/prodotto\/multi-gyn-actigel\/#primaryimage\"},\"thumbnailUrl\":\"https:\/\/multi-gyn.com\/app\/uploads\/sites\/16\/2022\/08\/Multi-Gyn-ActiGel-50ml-IT.png\",\"datePublished\":\"2022-08-29T12:28:17+00:00\",\"dateModified\":\"2025-04-28T08:55:25+00:00\",\"description\":\"Odore di pesce e perdite acquose? Probabilmente soffri di vaginosi batterica. Multi-Gyn ActiGel si prende cura dei sintomi legati alla..\",\"breadcrumb\":{\"@id\":\"https:\/\/multi-gyn.com\/it\/prodotto\/multi-gyn-actigel\/#breadcrumb\"},\"inLanguage\":\"it-IT\",\"potentialAction\":[{\"@type\":\"ReadAction\",\"target\":[\"https:\/\/multi-gyn.com\/it\/prodotto\/multi-gyn-actigel\/\"]}]},{\"@type\":\"ImageObject\",\"inLanguage\":\"it-IT\",\"@id\":\"https:\/\/multi-gyn.com\/it\/prodotto\/multi-gyn-actigel\/#primaryimage\",\"url\":\"https:\/\/multi-gyn.com\/app\/uploads\/sites\/16\/2022\/08\/Multi-Gyn-ActiGel-50ml-IT.png\",\"contentUrl\":\"https:\/\/multi-gyn.com\/app\/uploads\/sites\/16\/2022\/08\/Multi-Gyn-ActiGel-50ml-IT.png\",\"width\":760,\"height\":760,\"caption\":\"Multi-Gyn ActiGel\"},{\"@type\":\"BreadcrumbList\",\"@id\":\"https:\/\/multi-gyn.com\/it\/prodotto\/multi-gyn-actigel\/#breadcrumb\",\"itemListElement\":[{\"@type\":\"ListItem\",\"position\":1,\"name\":\"Home\",\"item\":\"https:\/\/multi-gyn.com\/it\/\"},{\"@type\":\"ListItem\",\"position\":2,\"name\":\"Prodotti\",\"item\":\"https:\/\/multi-gyn.com\/it\/prodotti\/\"},{\"@type\":\"ListItem\",\"position\":3,\"name\":\"Multi-Gyn ActiGel\"}]},{\"@type\":\"WebSite\",\"@id\":\"https:\/\/multi-gyn.com\/it\/#website\",\"url\":\"https:\/\/multi-gyn.com\/it\/\",\"name\":\"Multi-Gyn\",\"description\":\"\",\"publisher\":{\"@id\":\"https:\/\/multi-gyn.com\/it\/#organization\"},\"potentialAction\":[{\"@type\":\"SearchAction\",\"target\":{\"@type\":\"EntryPoint\",\"urlTemplate\":\"https:\/\/multi-gyn.com\/it\/?s={search_term_string}\"},\"query-input\":{\"@type\":\"PropertyValueSpecification\",\"valueRequired\":true,\"valueName\":\"search_term_string\"}}],\"inLanguage\":\"it-IT\"},{\"@type\":\"Organization\",\"@id\":\"https:\/\/multi-gyn.com\/it\/#organization\",\"name\":\"Multi-Gyn\",\"url\":\"https:\/\/multi-gyn.com\/it\/\",\"logo\":{\"@type\":\"ImageObject\",\"inLanguage\":\"it-IT\",\"@id\":\"https:\/\/multi-gyn.com\/it\/#\/schema\/logo\/image\/\",\"url\":\"https:\/\/multi-gyn.com\/app\/uploads\/sites\/16\/2022\/08\/multi-gyn-logo.png\",\"contentUrl\":\"https:\/\/multi-gyn.com\/app\/uploads\/sites\/16\/2022\/08\/multi-gyn-logo.png\",\"width\":149,\"height\":32,\"caption\":\"Multi-Gyn\"},\"image\":{\"@id\":\"https:\/\/multi-gyn.com\/it\/#\/schema\/logo\/image\/\"}}]}<\/script>\n<!-- \/ Yoast SEO plugin. -->","yoast_head_json":{"title":"Multi-Gyn ActiGel - Multi-Gyn","description":"Odore di pesce e perdite acquose? Probabilmente soffri di vaginosi batterica. Multi-Gyn ActiGel si prende cura dei sintomi legati alla..","robots":{"index":"index","follow":"follow","max-snippet":"max-snippet:-1","max-image-preview":"max-image-preview:large","max-video-preview":"max-video-preview:-1"},"canonical":"https:\/\/multi-gyn.com\/it\/prodotto\/multi-gyn-actigel\/","og_locale":"it_IT","og_type":"article","og_title":"Multi-Gyn ActiGel - Multi-Gyn","og_description":"Odore di pesce e perdite acquose? Probabilmente soffri di vaginosi batterica. Multi-Gyn ActiGel si prende cura dei sintomi legati alla..","og_url":"https:\/\/multi-gyn.com\/it\/prodotto\/multi-gyn-actigel\/","og_site_name":"Multi-Gyn","article_modified_time":"2025-04-28T08:55:25+00:00","og_image":[{"width":760,"height":760,"url":"https:\/\/multi-gyn.com\/app\/uploads\/sites\/16\/2022\/08\/Multi-Gyn-ActiGel-50ml-IT.png","type":"image\/png"}],"twitter_card":"summary_large_image","twitter_misc":{"Tempo di lettura stimato":"2 minuti"},"schema":{"@context":"https:\/\/schema.org","@graph":[{"@type":"WebPage","@id":"https:\/\/multi-gyn.com\/it\/prodotto\/multi-gyn-actigel\/","url":"https:\/\/multi-gyn.com\/it\/prodotto\/multi-gyn-actigel\/","name":"Multi-Gyn ActiGel - Multi-Gyn","isPartOf":{"@id":"https:\/\/multi-gyn.com\/it\/#website"},"primaryImageOfPage":{"@id":"https:\/\/multi-gyn.com\/it\/prodotto\/multi-gyn-actigel\/#primaryimage"},"image":{"@id":"https:\/\/multi-gyn.com\/it\/prodotto\/multi-gyn-actigel\/#primaryimage"},"thumbnailUrl":"https:\/\/multi-gyn.com\/app\/uploads\/sites\/16\/2022\/08\/Multi-Gyn-ActiGel-50ml-IT.png","datePublished":"2022-08-29T12:28:17+00:00","dateModified":"2025-04-28T08:55:25+00:00","description":"Odore di pesce e perdite acquose? Probabilmente soffri di vaginosi batterica. Multi-Gyn ActiGel si prende cura dei sintomi legati alla..","breadcrumb":{"@id":"https:\/\/multi-gyn.com\/it\/prodotto\/multi-gyn-actigel\/#breadcrumb"},"inLanguage":"it-IT","potentialAction":[{"@type":"ReadAction","target":["https:\/\/multi-gyn.com\/it\/prodotto\/multi-gyn-actigel\/"]}]},{"@type":"ImageObject","inLanguage":"it-IT","@id":"https:\/\/multi-gyn.com\/it\/prodotto\/multi-gyn-actigel\/#primaryimage","url":"https:\/\/multi-gyn.com\/app\/uploads\/sites\/16\/2022\/08\/Multi-Gyn-ActiGel-50ml-IT.png","contentUrl":"https:\/\/multi-gyn.com\/app\/uploads\/sites\/16\/2022\/08\/Multi-Gyn-ActiGel-50ml-IT.png","width":760,"height":760,"caption":"Multi-Gyn ActiGel"},{"@type":"BreadcrumbList","@id":"https:\/\/multi-gyn.com\/it\/prodotto\/multi-gyn-actigel\/#breadcrumb","itemListElement":[{"@type":"ListItem","position":1,"name":"Home","item":"https:\/\/multi-gyn.com\/it\/"},{"@type":"ListItem","position":2,"name":"Prodotti","item":"https:\/\/multi-gyn.com\/it\/prodotti\/"},{"@type":"ListItem","position":3,"name":"Multi-Gyn ActiGel"}]},{"@type":"WebSite","@id":"https:\/\/multi-gyn.com\/it\/#website","url":"https:\/\/multi-gyn.com\/it\/","name":"Multi-Gyn","description":"","publisher":{"@id":"https:\/\/multi-gyn.com\/it\/#organization"},"potentialAction":[{"@type":"SearchAction","target":{"@type":"EntryPoint","urlTemplate":"https:\/\/multi-gyn.com\/it\/?s={search_term_string}"},"query-input":{"@type":"PropertyValueSpecification","valueRequired":true,"valueName":"search_term_string"}}],"inLanguage":"it-IT"},{"@type":"Organization","@id":"https:\/\/multi-gyn.com\/it\/#organization","name":"Multi-Gyn","url":"https:\/\/multi-gyn.com\/it\/","logo":{"@type":"ImageObject","inLanguage":"it-IT","@id":"https:\/\/multi-gyn.com\/it\/#\/schema\/logo\/image\/","url":"https:\/\/multi-gyn.com\/app\/uploads\/sites\/16\/2022\/08\/multi-gyn-logo.png","contentUrl":"https:\/\/multi-gyn.com\/app\/uploads\/sites\/16\/2022\/08\/multi-gyn-logo.png","width":149,"height":32,"caption":"Multi-Gyn"},"image":{"@id":"https:\/\/multi-gyn.com\/it\/#\/schema\/logo\/image\/"}}]}},"_links":{"self":[{"href":"https:\/\/multi-gyn.com\/it\/wp-json\/wp\/v2\/product\/67","targetHints":{"allow":["GET"]}}],"collection":[{"href":"https:\/\/multi-gyn.com\/it\/wp-json\/wp\/v2\/product"}],"about":[{"href":"https:\/\/multi-gyn.com\/it\/wp-json\/wp\/v2\/types\/product"}],"replies":[{"embeddable":true,"href":"https:\/\/multi-gyn.com\/it\/wp-json\/wp\/v2\/comments?post=67"}],"version-history":[{"count":10,"href":"https:\/\/multi-gyn.com\/it\/wp-json\/wp\/v2\/product\/67\/revisions"}],"predecessor-version":[{"id":226,"href":"https:\/\/multi-gyn.com\/it\/wp-json\/wp\/v2\/product\/67\/revisions\/226"}],"wp:featuredmedia":[{"embeddable":true,"href":"https:\/\/multi-gyn.com\/it\/wp-json\/wp\/v2\/media\/180"}],"wp:attachment":[{"href":"https:\/\/multi-gyn.com\/it\/wp-json\/wp\/v2\/media?parent=67"}],"wp:term":[{"taxonomy":"product_brand","embeddable":true,"href":"https:\/\/multi-gyn.com\/it\/wp-json\/wp\/v2\/product_brand?post=67"},{"taxonomy":"product_cat","embeddable":true,"href":"https:\/\/multi-gyn.com\/it\/wp-json\/wp\/v2\/product_cat?post=67"},{"taxonomy":"product_tag","embeddable":true,"href":"https:\/\/multi-gyn.com\/it\/wp-json\/wp\/v2\/product_tag?post=67"}],"curies":[{"name":"wp","href":"https:\/\/api.w.org\/{rel}","templated":true}]}}