{"id":96,"date":"2022-08-30T08:28:41","date_gmt":"2022-08-30T06:28:41","guid":{"rendered":"https:\/\/multi-gyn.com\/rebrand-it\/?post_type=product&#038;p=96"},"modified":"2025-04-28T10:55:20","modified_gmt":"2025-04-28T08:55:20","slug":"multi-gyn-liquigel","status":"publish","type":"product","link":"https:\/\/multi-gyn.com\/it\/prodotto\/multi-gyn-liquigel\/","title":{"rendered":"Multi-Gyn LiquiGel"},"content":{"rendered":"\n<div class=\"wp-block-karopharma-accordions is-style-secondary\"><div class=\"container\">\n<details class=\"wp-block-karopharma-accordion\"><summary><h2 class=\"accordion-title\">Con quale frequenza devo usare Multi-Gyn LiquiGel?<\/h2><\/summary><div class=\"accordion-content\">\n<p>Applica Multi-Gyn LiquiGel almeno una volta al giorno o tutte le volte che desideri sollievo.<\/p>\n<\/div><\/details>\n\n\n\n<details class=\"wp-block-karopharma-accordion\"><summary><h2 class=\"accordion-title\">Posso usare Multi-Gyn LiquiGel anche durante la menopausa?<\/h2><\/summary><div class=\"accordion-content\">\n<p>S\u00ec, Multi-Gyn LiquiGel \u00e8 stato studiato per tutte le donne che soffrono di secchezza vaginale. Questa problematica pu\u00f2 dipendere da pi\u00f9 cause, come cambiamenti ormonali, utilizzo di farmaci, malattie croniche, mestruazioni, parto, uso di assorbenti interni ecc.<\/p>\n<\/div><\/details>\n\n\n\n<details class=\"wp-block-karopharma-accordion\"><summary><h2 class=\"accordion-title\">Posso usare Multi-Gyn LiquiGel come lubrificante?<\/h2><\/summary><div class=\"accordion-content\">\n<p>S\u00ec, per\u00f2 Multi-Gyn LiquiGel \u00e8 principalmente un trattamento per la secchezza vaginale causata da cambiamenti ormonali o da uso prolungato di farmaci. Tuttavia, non c\u2019\u00e8 nessuna controindicazione al suo utilizzo come lubrificante.<\/p>\n<\/div><\/details>\n<\/div><\/div>\n","protected":false},"excerpt":{"rendered":"<p>Aiuta a ridurre la secchezza vaginale<\/p>\n","protected":false},"featured_media":179,"comment_status":"closed","ping_status":"closed","template":"","meta":{"_acf_changed":false,"footnotes":""},"product_brand":[],"product_cat":[18],"product_tag":[],"class_list":{"0":"post-96","1":"product","2":"type-product","3":"status-publish","4":"has-post-thumbnail","6":"product_cat-trattamento","8":"first","9":"instock","10":"shipping-taxable","11":"product-type-simple"},"acf":[],"yoast_head":"<!-- This site is optimized with the Yoast SEO plugin v26.6 - https:\/\/yoast.com\/wordpress\/plugins\/seo\/ -->\n<title>Multi-Gyn LiquiGel - Multi-Gyn<\/title>\n<meta name=\"description\" content=\"Hai una sensazione di indolenzimento e irritazione alla vagina? Senti dolore durante i rapporti sessuali? Potresti soffrire di secchezza vaginale.\" \/>\n<meta name=\"robots\" content=\"index, follow, max-snippet:-1, max-image-preview:large, max-video-preview:-1\" \/>\n<link rel=\"canonical\" href=\"https:\/\/multi-gyn.com\/it\/prodotto\/multi-gyn-liquigel\/\" \/>\n<meta property=\"og:locale\" content=\"it_IT\" \/>\n<meta property=\"og:type\" content=\"article\" \/>\n<meta property=\"og:title\" content=\"Multi-Gyn LiquiGel - Multi-Gyn\" \/>\n<meta property=\"og:description\" content=\"Hai una sensazione di indolenzimento e irritazione alla vagina? Senti dolore durante i rapporti sessuali? Potresti soffrire di secchezza vaginale.\" \/>\n<meta property=\"og:url\" content=\"https:\/\/multi-gyn.com\/it\/prodotto\/multi-gyn-liquigel\/\" \/>\n<meta property=\"og:site_name\" content=\"Multi-Gyn\" \/>\n<meta property=\"article:modified_time\" content=\"2025-04-28T08:55:20+00:00\" \/>\n<meta property=\"og:image\" content=\"https:\/\/multi-gyn.com\/app\/uploads\/sites\/16\/2022\/08\/Multi-Gyn-LiquiGel-50ml-IT.png\" \/>\n\t<meta property=\"og:image:width\" content=\"760\" \/>\n\t<meta property=\"og:image:height\" content=\"760\" \/>\n\t<meta property=\"og:image:type\" content=\"image\/png\" \/>\n<meta name=\"twitter:card\" content=\"summary_large_image\" \/>\n<meta name=\"twitter:label1\" content=\"Tempo di lettura stimato\" \/>\n\t<meta name=\"twitter:data1\" content=\"1 minuto\" \/>\n<script type=\"application\/ld+json\" class=\"yoast-schema-graph\">{\"@context\":\"https:\/\/schema.org\",\"@graph\":[{\"@type\":\"WebPage\",\"@id\":\"https:\/\/multi-gyn.com\/it\/prodotto\/multi-gyn-liquigel\/\",\"url\":\"https:\/\/multi-gyn.com\/it\/prodotto\/multi-gyn-liquigel\/\",\"name\":\"Multi-Gyn LiquiGel - Multi-Gyn\",\"isPartOf\":{\"@id\":\"https:\/\/multi-gyn.com\/it\/#website\"},\"primaryImageOfPage\":{\"@id\":\"https:\/\/multi-gyn.com\/it\/prodotto\/multi-gyn-liquigel\/#primaryimage\"},\"image\":{\"@id\":\"https:\/\/multi-gyn.com\/it\/prodotto\/multi-gyn-liquigel\/#primaryimage\"},\"thumbnailUrl\":\"https:\/\/multi-gyn.com\/app\/uploads\/sites\/16\/2022\/08\/Multi-Gyn-LiquiGel-50ml-IT.png\",\"datePublished\":\"2022-08-30T06:28:41+00:00\",\"dateModified\":\"2025-04-28T08:55:20+00:00\",\"description\":\"Hai una sensazione di indolenzimento e irritazione alla vagina? Senti dolore durante i rapporti sessuali? Potresti soffrire di secchezza vaginale.\",\"breadcrumb\":{\"@id\":\"https:\/\/multi-gyn.com\/it\/prodotto\/multi-gyn-liquigel\/#breadcrumb\"},\"inLanguage\":\"it-IT\",\"potentialAction\":[{\"@type\":\"ReadAction\",\"target\":[\"https:\/\/multi-gyn.com\/it\/prodotto\/multi-gyn-liquigel\/\"]}]},{\"@type\":\"ImageObject\",\"inLanguage\":\"it-IT\",\"@id\":\"https:\/\/multi-gyn.com\/it\/prodotto\/multi-gyn-liquigel\/#primaryimage\",\"url\":\"https:\/\/multi-gyn.com\/app\/uploads\/sites\/16\/2022\/08\/Multi-Gyn-LiquiGel-50ml-IT.png\",\"contentUrl\":\"https:\/\/multi-gyn.com\/app\/uploads\/sites\/16\/2022\/08\/Multi-Gyn-LiquiGel-50ml-IT.png\",\"width\":760,\"height\":760,\"caption\":\"Multi-Gyn LiquiGel\"},{\"@type\":\"BreadcrumbList\",\"@id\":\"https:\/\/multi-gyn.com\/it\/prodotto\/multi-gyn-liquigel\/#breadcrumb\",\"itemListElement\":[{\"@type\":\"ListItem\",\"position\":1,\"name\":\"Home\",\"item\":\"https:\/\/multi-gyn.com\/it\/\"},{\"@type\":\"ListItem\",\"position\":2,\"name\":\"Prodotti\",\"item\":\"https:\/\/multi-gyn.com\/it\/prodotti\/\"},{\"@type\":\"ListItem\",\"position\":3,\"name\":\"Multi-Gyn LiquiGel\"}]},{\"@type\":\"WebSite\",\"@id\":\"https:\/\/multi-gyn.com\/it\/#website\",\"url\":\"https:\/\/multi-gyn.com\/it\/\",\"name\":\"Multi-Gyn\",\"description\":\"\",\"publisher\":{\"@id\":\"https:\/\/multi-gyn.com\/it\/#organization\"},\"potentialAction\":[{\"@type\":\"SearchAction\",\"target\":{\"@type\":\"EntryPoint\",\"urlTemplate\":\"https:\/\/multi-gyn.com\/it\/?s={search_term_string}\"},\"query-input\":{\"@type\":\"PropertyValueSpecification\",\"valueRequired\":true,\"valueName\":\"search_term_string\"}}],\"inLanguage\":\"it-IT\"},{\"@type\":\"Organization\",\"@id\":\"https:\/\/multi-gyn.com\/it\/#organization\",\"name\":\"Multi-Gyn\",\"url\":\"https:\/\/multi-gyn.com\/it\/\",\"logo\":{\"@type\":\"ImageObject\",\"inLanguage\":\"it-IT\",\"@id\":\"https:\/\/multi-gyn.com\/it\/#\/schema\/logo\/image\/\",\"url\":\"https:\/\/multi-gyn.com\/app\/uploads\/sites\/16\/2022\/08\/multi-gyn-logo.png\",\"contentUrl\":\"https:\/\/multi-gyn.com\/app\/uploads\/sites\/16\/2022\/08\/multi-gyn-logo.png\",\"width\":149,\"height\":32,\"caption\":\"Multi-Gyn\"},\"image\":{\"@id\":\"https:\/\/multi-gyn.com\/it\/#\/schema\/logo\/image\/\"}}]}<\/script>\n<!-- \/ Yoast SEO plugin. -->","yoast_head_json":{"title":"Multi-Gyn LiquiGel - Multi-Gyn","description":"Hai una sensazione di indolenzimento e irritazione alla vagina? Senti dolore durante i rapporti sessuali? Potresti soffrire di secchezza vaginale.","robots":{"index":"index","follow":"follow","max-snippet":"max-snippet:-1","max-image-preview":"max-image-preview:large","max-video-preview":"max-video-preview:-1"},"canonical":"https:\/\/multi-gyn.com\/it\/prodotto\/multi-gyn-liquigel\/","og_locale":"it_IT","og_type":"article","og_title":"Multi-Gyn LiquiGel - Multi-Gyn","og_description":"Hai una sensazione di indolenzimento e irritazione alla vagina? Senti dolore durante i rapporti sessuali? Potresti soffrire di secchezza vaginale.","og_url":"https:\/\/multi-gyn.com\/it\/prodotto\/multi-gyn-liquigel\/","og_site_name":"Multi-Gyn","article_modified_time":"2025-04-28T08:55:20+00:00","og_image":[{"width":760,"height":760,"url":"https:\/\/multi-gyn.com\/app\/uploads\/sites\/16\/2022\/08\/Multi-Gyn-LiquiGel-50ml-IT.png","type":"image\/png"}],"twitter_card":"summary_large_image","twitter_misc":{"Tempo di lettura stimato":"1 minuto"},"schema":{"@context":"https:\/\/schema.org","@graph":[{"@type":"WebPage","@id":"https:\/\/multi-gyn.com\/it\/prodotto\/multi-gyn-liquigel\/","url":"https:\/\/multi-gyn.com\/it\/prodotto\/multi-gyn-liquigel\/","name":"Multi-Gyn LiquiGel - Multi-Gyn","isPartOf":{"@id":"https:\/\/multi-gyn.com\/it\/#website"},"primaryImageOfPage":{"@id":"https:\/\/multi-gyn.com\/it\/prodotto\/multi-gyn-liquigel\/#primaryimage"},"image":{"@id":"https:\/\/multi-gyn.com\/it\/prodotto\/multi-gyn-liquigel\/#primaryimage"},"thumbnailUrl":"https:\/\/multi-gyn.com\/app\/uploads\/sites\/16\/2022\/08\/Multi-Gyn-LiquiGel-50ml-IT.png","datePublished":"2022-08-30T06:28:41+00:00","dateModified":"2025-04-28T08:55:20+00:00","description":"Hai una sensazione di indolenzimento e irritazione alla vagina? Senti dolore durante i rapporti sessuali? Potresti soffrire di secchezza vaginale.","breadcrumb":{"@id":"https:\/\/multi-gyn.com\/it\/prodotto\/multi-gyn-liquigel\/#breadcrumb"},"inLanguage":"it-IT","potentialAction":[{"@type":"ReadAction","target":["https:\/\/multi-gyn.com\/it\/prodotto\/multi-gyn-liquigel\/"]}]},{"@type":"ImageObject","inLanguage":"it-IT","@id":"https:\/\/multi-gyn.com\/it\/prodotto\/multi-gyn-liquigel\/#primaryimage","url":"https:\/\/multi-gyn.com\/app\/uploads\/sites\/16\/2022\/08\/Multi-Gyn-LiquiGel-50ml-IT.png","contentUrl":"https:\/\/multi-gyn.com\/app\/uploads\/sites\/16\/2022\/08\/Multi-Gyn-LiquiGel-50ml-IT.png","width":760,"height":760,"caption":"Multi-Gyn LiquiGel"},{"@type":"BreadcrumbList","@id":"https:\/\/multi-gyn.com\/it\/prodotto\/multi-gyn-liquigel\/#breadcrumb","itemListElement":[{"@type":"ListItem","position":1,"name":"Home","item":"https:\/\/multi-gyn.com\/it\/"},{"@type":"ListItem","position":2,"name":"Prodotti","item":"https:\/\/multi-gyn.com\/it\/prodotti\/"},{"@type":"ListItem","position":3,"name":"Multi-Gyn LiquiGel"}]},{"@type":"WebSite","@id":"https:\/\/multi-gyn.com\/it\/#website","url":"https:\/\/multi-gyn.com\/it\/","name":"Multi-Gyn","description":"","publisher":{"@id":"https:\/\/multi-gyn.com\/it\/#organization"},"potentialAction":[{"@type":"SearchAction","target":{"@type":"EntryPoint","urlTemplate":"https:\/\/multi-gyn.com\/it\/?s={search_term_string}"},"query-input":{"@type":"PropertyValueSpecification","valueRequired":true,"valueName":"search_term_string"}}],"inLanguage":"it-IT"},{"@type":"Organization","@id":"https:\/\/multi-gyn.com\/it\/#organization","name":"Multi-Gyn","url":"https:\/\/multi-gyn.com\/it\/","logo":{"@type":"ImageObject","inLanguage":"it-IT","@id":"https:\/\/multi-gyn.com\/it\/#\/schema\/logo\/image\/","url":"https:\/\/multi-gyn.com\/app\/uploads\/sites\/16\/2022\/08\/multi-gyn-logo.png","contentUrl":"https:\/\/multi-gyn.com\/app\/uploads\/sites\/16\/2022\/08\/multi-gyn-logo.png","width":149,"height":32,"caption":"Multi-Gyn"},"image":{"@id":"https:\/\/multi-gyn.com\/it\/#\/schema\/logo\/image\/"}}]}},"_links":{"self":[{"href":"https:\/\/multi-gyn.com\/it\/wp-json\/wp\/v2\/product\/96","targetHints":{"allow":["GET"]}}],"collection":[{"href":"https:\/\/multi-gyn.com\/it\/wp-json\/wp\/v2\/product"}],"about":[{"href":"https:\/\/multi-gyn.com\/it\/wp-json\/wp\/v2\/types\/product"}],"replies":[{"embeddable":true,"href":"https:\/\/multi-gyn.com\/it\/wp-json\/wp\/v2\/comments?post=96"}],"version-history":[{"count":7,"href":"https:\/\/multi-gyn.com\/it\/wp-json\/wp\/v2\/product\/96\/revisions"}],"predecessor-version":[{"id":228,"href":"https:\/\/multi-gyn.com\/it\/wp-json\/wp\/v2\/product\/96\/revisions\/228"}],"wp:featuredmedia":[{"embeddable":true,"href":"https:\/\/multi-gyn.com\/it\/wp-json\/wp\/v2\/media\/179"}],"wp:attachment":[{"href":"https:\/\/multi-gyn.com\/it\/wp-json\/wp\/v2\/media?parent=96"}],"wp:term":[{"taxonomy":"product_brand","embeddable":true,"href":"https:\/\/multi-gyn.com\/it\/wp-json\/wp\/v2\/product_brand?post=96"},{"taxonomy":"product_cat","embeddable":true,"href":"https:\/\/multi-gyn.com\/it\/wp-json\/wp\/v2\/product_cat?post=96"},{"taxonomy":"product_tag","embeddable":true,"href":"https:\/\/multi-gyn.com\/it\/wp-json\/wp\/v2\/product_tag?post=96"}],"curies":[{"name":"wp","href":"https:\/\/api.w.org\/{rel}","templated":true}]}}