{"id":39,"date":"2022-12-16T12:35:44","date_gmt":"2022-12-16T10:35:44","guid":{"rendered":"https:\/\/multi-gyn.com\/lt\/?page_id=39"},"modified":"2025-10-10T12:09:58","modified_gmt":"2025-10-10T09:09:58","slug":"duk","status":"publish","type":"page","link":"https:\/\/multi-gyn.com\/lt\/duk\/","title":{"rendered":"DUK"},"content":{"rendered":"\n<div class=\"wp-block-karopharma-free-text pt-large pb-large bg-center bg-cover bg-no-repeat\" style=\"background-image:url(https:\/\/multi-gyn.com\/cdn-cgi\/image\/format=auto\/app\/uploads\/sites\/38\/2025\/10\/Multi-Gyn_1920x750_Banner_FAQ.jpg)\"><div class=\"free-text-wrapper container max-w-medium text-center\">\n<div style=\"height:100px\" aria-hidden=\"true\" class=\"wp-block-spacer is-style-responsive-medium\"><\/div>\n\n\n\n<h1 class=\"wp-block-heading is-style-heading-huge has-white-color has-text-color\">DUK<\/h1>\n\n\n\n<div style=\"height:100px\" aria-hidden=\"true\" class=\"wp-block-spacer is-style-responsive-medium\"><\/div>\n<\/div><\/div>\n\n\n\n<div class=\"wp-block-karopharma-accordions\"><div class=\"container\">\n<details class=\"wp-block-karopharma-accordion\"><summary><h2 class=\"accordion-title\">Kas yra bakterin\u0117 vaginoz\u0117?<\/h2><\/summary><div class=\"accordion-content\">\n<p>Daugumos moter\u0173 mak\u0161tis turi kvap\u0105 ir paprastai d\u0117l to visai nereikia jaudintis. Vis d\u0117lto, jei i\u0161 mak\u0161ties sklindantis kvapas yra stiprus ir primena sugedusi\u0105 \u017euv\u012f \u2013 tai gali b\u016bti bakterin\u0117s vaginoz\u0117s (BV) \u017eenklas. Bakterin\u0117 vaginoz\u0117 yra da\u017eniausia mak\u0161ties infekcija, kuri sukelia mak\u0161ties kvap\u0105 ir paveikia net ketvirtadal\u012f Europos moter\u0173. Vaisingo am\u017eiaus moterys turi did\u017eiausi\u0105 BV rizik\u0105, bet susirgti BV galima esant bet kokio am\u017eiaus. Nors BV sukelia bakterij\u0173 disbalansas ir n\u0117ra laikoma lytiniu keliu plintan\u010dia liga, ji gali padidinti rizik\u0105 u\u017esikr\u0117sti daug rimtesne liga, pavyzd\u017eiui, chlamidija. Gera \u017einia, kad BV galima lengvai pagydyti ir jos i\u0161vengti su nat\u016braliais produktais, kuriuos galite \u012fsigyti internete arba vaistin\u0117je.<\/p>\n<\/div><\/details>\n\n\n\n<details class=\"wp-block-karopharma-accordion\"><summary><h2 class=\"accordion-title\">Kas yra mak\u0161ties mielin\u0117 infekcija?<\/h2><\/summary><div class=\"accordion-content\">\n<p>Ar Jums nie\u017eti ir dirgina mak\u0161t\u012f? Ar pasteb\u0117jote tir\u0161tas, baltas ir gr\u016bd\u0117tas i\u0161skyras ? Ar jau\u010diate deginim\u0105 aplink mak\u0161ties ang\u0105, kai einate \u012f tualet\u0105? Tuomet J\u016bs tikrai galite tur\u0117ti mak\u0161ties mielin\u0119 infekcij\u0105 ir J\u016bs nesate vienintel\u0117. Net trys i\u0161 keturi\u0173 moter\u0173 bent kart\u0105 savo gyvenime patiria mak\u0161ties mielin\u0119 infekcij\u0105 ir daugyb\u0117 moter\u0173 ken\u010dia nuo pasikartojan\u010di\u0173 infekcij\u0173. Laimei, mak\u0161ties mielin\u0117s infekcijos n\u0117ra pavojingos, dauguma j\u0173 yra lengvai gydomos ir j\u0173 galima i\u0161vengti su produktais, kuriuos galite \u012fsigyti internete arba rasti vaistin\u0117je.<\/p>\n<\/div><\/details>\n\n\n\n<details class=\"wp-block-karopharma-accordion\"><summary><h2 class=\"accordion-title\">Kod\u0117l mano mak\u0161tis yra sausa?<\/h2><\/summary><div class=\"accordion-content\">\n<p>Kar\u0161\u010dio antpl\u016bd\u017eiai ir nereguliarios menstruacijos \u2013 du gerai \u017einomi \u017eenklai, nurodantys, kad \u012f duris beld\u017eiasi menopauz\u0117. Ta\u010diau ar \u017einote, kad mak\u0161ties sausumas ir mak\u0161ties sudirgimas yra kiti da\u017eni menopauz\u0117s simptomai? Kaip kad senstate J\u016bs, sensta ir J\u016bs\u0173 mak\u0161tis. Paprastai estrogenas padeda sutepti mak\u0161t\u012f ir palaikyti j\u0105 sveik\u0105, bet kai prasideda menopauz\u0117, moteri\u0161ko lytinio hormono gamyba reik\u0161mingai suma\u017e\u0117ja. To rezultatas \u2013 mak\u0161ties audiniai suplon\u0117ja, i\u0161saus\u0117ja ir labiau linksta \u012f u\u017edegimus. Sutrikimas, kuris vadinamas mak\u0161ties atrofija. Vis d\u0117lto, menopauz\u0117 n\u0117ra vienintel\u0117 prie\u017eastis, kod\u0117l suma\u017e\u0117ja J\u016bs\u0173 estrogeno lygis. Gimdymas, maitinimas kr\u016btimi, tam tikri medicininiai sutrikimai ir geriam\u0173j\u0173 kontraceptik\u0173 vartojimas taip pat gali suma\u017einti estrogeno lyg\u012f ir sukelti mak\u0161ties sausum\u0105. Kai kuriais atvejais sausa mak\u0161tis visai n\u0117ra susijusi su estrogeno lygiu, o su pernelyg intensyvia higiena. Nepaisant to, kas J\u016bs\u0173 mak\u0161t\u012f paver\u010dia Sacharos dykuma, yra saugi\u0173 ir efektyvi\u0173 gydymo b\u016bd\u0173, kurie gali pad\u0117ti.<\/p>\n<\/div><\/details>\n<\/div><\/div>\n","protected":false},"excerpt":{"rendered":"","protected":false},"author":2,"featured_media":0,"parent":0,"menu_order":0,"comment_status":"closed","ping_status":"closed","template":"","meta":{"_acf_changed":false,"footnotes":""},"from-article-database":[],"class_list":["post-39","page","type-page","status-publish","hentry"],"acf":[],"yoast_head":"<!-- This site is optimized with the Yoast SEO plugin v26.6 - https:\/\/yoast.com\/wordpress\/plugins\/seo\/ -->\n<title>DUK - Multi-Gyn<\/title>\n<meta name=\"description\" content=\"Kas yra bakterin\u0117 vaginoz\u0117? Kas yra mak\u0161ties mielin\u0117 infekcija? Kod\u0117l mano mak\u0161tis yra sausa?\" \/>\n<meta name=\"robots\" content=\"index, follow, max-snippet:-1, max-image-preview:large, max-video-preview:-1\" \/>\n<link rel=\"canonical\" href=\"https:\/\/multi-gyn.com\/lt\/duk\/\" \/>\n<meta property=\"og:locale\" content=\"lt_LT\" \/>\n<meta property=\"og:type\" content=\"article\" \/>\n<meta property=\"og:title\" content=\"DUK - Multi-Gyn\" \/>\n<meta property=\"og:description\" content=\"Kas yra bakterin\u0117 vaginoz\u0117? Kas yra mak\u0161ties mielin\u0117 infekcija? Kod\u0117l mano mak\u0161tis yra sausa?\" \/>\n<meta property=\"og:url\" content=\"https:\/\/multi-gyn.com\/lt\/duk\/\" \/>\n<meta property=\"og:site_name\" content=\"Multi-Gyn\" \/>\n<meta property=\"article:modified_time\" content=\"2025-10-10T09:09:58+00:00\" \/>\n<meta name=\"twitter:card\" content=\"summary_large_image\" \/>\n<meta name=\"twitter:label1\" content=\"Est. reading time\" \/>\n\t<meta name=\"twitter:data1\" content=\"2 minut\u0117s\" \/>\n<script type=\"application\/ld+json\" class=\"yoast-schema-graph\">{\"@context\":\"https:\/\/schema.org\",\"@graph\":[{\"@type\":\"WebPage\",\"@id\":\"https:\/\/multi-gyn.com\/lt\/duk\/\",\"url\":\"https:\/\/multi-gyn.com\/lt\/duk\/\",\"name\":\"DUK - Multi-Gyn\",\"isPartOf\":{\"@id\":\"https:\/\/multi-gyn.com\/lt\/#website\"},\"datePublished\":\"2022-12-16T10:35:44+00:00\",\"dateModified\":\"2025-10-10T09:09:58+00:00\",\"description\":\"Kas yra bakterin\u0117 vaginoz\u0117? Kas yra mak\u0161ties mielin\u0117 infekcija? Kod\u0117l mano mak\u0161tis yra sausa?\",\"breadcrumb\":{\"@id\":\"https:\/\/multi-gyn.com\/lt\/duk\/#breadcrumb\"},\"inLanguage\":\"lt-LT\",\"potentialAction\":[{\"@type\":\"ReadAction\",\"target\":[\"https:\/\/multi-gyn.com\/lt\/duk\/\"]}]},{\"@type\":\"BreadcrumbList\",\"@id\":\"https:\/\/multi-gyn.com\/lt\/duk\/#breadcrumb\",\"itemListElement\":[{\"@type\":\"ListItem\",\"position\":1,\"name\":\"Home\",\"item\":\"https:\/\/multi-gyn.com\/lt\/\"},{\"@type\":\"ListItem\",\"position\":2,\"name\":\"DUK\"}]},{\"@type\":\"WebSite\",\"@id\":\"https:\/\/multi-gyn.com\/lt\/#website\",\"url\":\"https:\/\/multi-gyn.com\/lt\/\",\"name\":\"Multi-Gyn\",\"description\":\"\",\"publisher\":{\"@id\":\"https:\/\/multi-gyn.com\/lt\/#organization\"},\"potentialAction\":[{\"@type\":\"SearchAction\",\"target\":{\"@type\":\"EntryPoint\",\"urlTemplate\":\"https:\/\/multi-gyn.com\/lt\/?s={search_term_string}\"},\"query-input\":{\"@type\":\"PropertyValueSpecification\",\"valueRequired\":true,\"valueName\":\"search_term_string\"}}],\"inLanguage\":\"lt-LT\"},{\"@type\":\"Organization\",\"@id\":\"https:\/\/multi-gyn.com\/lt\/#organization\",\"name\":\"Multi-Gyn\",\"url\":\"https:\/\/multi-gyn.com\/lt\/\",\"logo\":{\"@type\":\"ImageObject\",\"inLanguage\":\"lt-LT\",\"@id\":\"https:\/\/multi-gyn.com\/lt\/#\/schema\/logo\/image\/\",\"url\":\"https:\/\/multi-gyn.com\/app\/uploads\/sites\/38\/2022\/12\/multi-gyn-logo.png\",\"contentUrl\":\"https:\/\/multi-gyn.com\/app\/uploads\/sites\/38\/2022\/12\/multi-gyn-logo.png\",\"width\":149,\"height\":32,\"caption\":\"Multi-Gyn\"},\"image\":{\"@id\":\"https:\/\/multi-gyn.com\/lt\/#\/schema\/logo\/image\/\"}}]}<\/script>\n<!-- \/ Yoast SEO plugin. -->","yoast_head_json":{"title":"DUK - Multi-Gyn","description":"Kas yra bakterin\u0117 vaginoz\u0117? Kas yra mak\u0161ties mielin\u0117 infekcija? Kod\u0117l mano mak\u0161tis yra sausa?","robots":{"index":"index","follow":"follow","max-snippet":"max-snippet:-1","max-image-preview":"max-image-preview:large","max-video-preview":"max-video-preview:-1"},"canonical":"https:\/\/multi-gyn.com\/lt\/duk\/","og_locale":"lt_LT","og_type":"article","og_title":"DUK - Multi-Gyn","og_description":"Kas yra bakterin\u0117 vaginoz\u0117? Kas yra mak\u0161ties mielin\u0117 infekcija? Kod\u0117l mano mak\u0161tis yra sausa?","og_url":"https:\/\/multi-gyn.com\/lt\/duk\/","og_site_name":"Multi-Gyn","article_modified_time":"2025-10-10T09:09:58+00:00","twitter_card":"summary_large_image","twitter_misc":{"Est. reading time":"2 minut\u0117s"},"schema":{"@context":"https:\/\/schema.org","@graph":[{"@type":"WebPage","@id":"https:\/\/multi-gyn.com\/lt\/duk\/","url":"https:\/\/multi-gyn.com\/lt\/duk\/","name":"DUK - Multi-Gyn","isPartOf":{"@id":"https:\/\/multi-gyn.com\/lt\/#website"},"datePublished":"2022-12-16T10:35:44+00:00","dateModified":"2025-10-10T09:09:58+00:00","description":"Kas yra bakterin\u0117 vaginoz\u0117? Kas yra mak\u0161ties mielin\u0117 infekcija? Kod\u0117l mano mak\u0161tis yra sausa?","breadcrumb":{"@id":"https:\/\/multi-gyn.com\/lt\/duk\/#breadcrumb"},"inLanguage":"lt-LT","potentialAction":[{"@type":"ReadAction","target":["https:\/\/multi-gyn.com\/lt\/duk\/"]}]},{"@type":"BreadcrumbList","@id":"https:\/\/multi-gyn.com\/lt\/duk\/#breadcrumb","itemListElement":[{"@type":"ListItem","position":1,"name":"Home","item":"https:\/\/multi-gyn.com\/lt\/"},{"@type":"ListItem","position":2,"name":"DUK"}]},{"@type":"WebSite","@id":"https:\/\/multi-gyn.com\/lt\/#website","url":"https:\/\/multi-gyn.com\/lt\/","name":"Multi-Gyn","description":"","publisher":{"@id":"https:\/\/multi-gyn.com\/lt\/#organization"},"potentialAction":[{"@type":"SearchAction","target":{"@type":"EntryPoint","urlTemplate":"https:\/\/multi-gyn.com\/lt\/?s={search_term_string}"},"query-input":{"@type":"PropertyValueSpecification","valueRequired":true,"valueName":"search_term_string"}}],"inLanguage":"lt-LT"},{"@type":"Organization","@id":"https:\/\/multi-gyn.com\/lt\/#organization","name":"Multi-Gyn","url":"https:\/\/multi-gyn.com\/lt\/","logo":{"@type":"ImageObject","inLanguage":"lt-LT","@id":"https:\/\/multi-gyn.com\/lt\/#\/schema\/logo\/image\/","url":"https:\/\/multi-gyn.com\/app\/uploads\/sites\/38\/2022\/12\/multi-gyn-logo.png","contentUrl":"https:\/\/multi-gyn.com\/app\/uploads\/sites\/38\/2022\/12\/multi-gyn-logo.png","width":149,"height":32,"caption":"Multi-Gyn"},"image":{"@id":"https:\/\/multi-gyn.com\/lt\/#\/schema\/logo\/image\/"}}]}},"_links":{"self":[{"href":"https:\/\/multi-gyn.com\/lt\/wp-json\/wp\/v2\/pages\/39","targetHints":{"allow":["GET"]}}],"collection":[{"href":"https:\/\/multi-gyn.com\/lt\/wp-json\/wp\/v2\/pages"}],"about":[{"href":"https:\/\/multi-gyn.com\/lt\/wp-json\/wp\/v2\/types\/page"}],"author":[{"embeddable":true,"href":"https:\/\/multi-gyn.com\/lt\/wp-json\/wp\/v2\/users\/2"}],"replies":[{"embeddable":true,"href":"https:\/\/multi-gyn.com\/lt\/wp-json\/wp\/v2\/comments?post=39"}],"version-history":[{"count":4,"href":"https:\/\/multi-gyn.com\/lt\/wp-json\/wp\/v2\/pages\/39\/revisions"}],"predecessor-version":[{"id":261,"href":"https:\/\/multi-gyn.com\/lt\/wp-json\/wp\/v2\/pages\/39\/revisions\/261"}],"wp:attachment":[{"href":"https:\/\/multi-gyn.com\/lt\/wp-json\/wp\/v2\/media?parent=39"}],"wp:term":[{"taxonomy":"from-article-database","embeddable":true,"href":"https:\/\/multi-gyn.com\/lt\/wp-json\/wp\/v2\/from-article-database?post=39"}],"curies":[{"name":"wp","href":"https:\/\/api.w.org\/{rel}","templated":true}]}}