{"id":239,"date":"2025-05-07T12:02:57","date_gmt":"2025-05-07T09:02:57","guid":{"rendered":"https:\/\/multi-gyn.com\/lt\/?post_type=product&#038;p=239"},"modified":"2025-05-07T12:03:03","modified_gmt":"2025-05-07T09:03:03","slug":"multi-gyn-actigel-2in1","status":"publish","type":"product","link":"https:\/\/multi-gyn.com\/lt\/produktas\/multi-gyn-actigel-2in1\/","title":{"rendered":"\u201eMulti-Gyn ActiGel 2in1\u201c"},"content":{"rendered":"\n<div class=\"wp-block-karopharma-accordions is-style-secondary\"><div class=\"container\">\n<details class=\"wp-block-karopharma-accordion\"><summary><h2 class=\"accordion-title\">Sudedamosios dalys<\/h2><\/summary><div class=\"accordion-content\">\n<p>2QR kompleksas* (83%), ksantano derva, vanduo, glicerinas, kaprililio glikolis, pieno r\u016bg\u0161tis, natrio hidroksidas, natrio benzoatas, citrin\u0173 r\u016bg\u0161tis, kalio sorbatas.<\/p>\n<\/div><\/details>\n\n\n\n<details class=\"wp-block-karopharma-accordion\"><summary><h2 class=\"accordion-title\">Naudojimas<\/h2><\/summary><div class=\"accordion-content\">\n<p>Bakterin\u0117s vaginoz\u0117s (BV) gydymui bent du kartus per dien\u0105 ma\u017eiausiai 7 dienas i\u0161 eil\u0117s i\u0161tepkite mak\u0161t\u012f pakankamu kiekiu \u201eMulti-Gyn ActiGel 2in1\u201c.<\/p>\n\n\n\n<p>Esant nemaloniems poj\u016b\u010diams, tokiems kaip mak\u0161ties nie\u017eulys ir sudirgimas, naudokite pakankam\u0105 kiek\u012f \u201eMulti-Gyn ActiGel 2in1\u201c bent kart\u0105 per dien\u0105 arba pagal poreik\u012f.<\/p>\n\n\n\n<p>Pastaba: Jei panaudojusios gel\u012f jau\u010diate deginimo ir (arba) dilg\u010diojimo poj\u016bt\u012f, nesijaudinkite. Tai normalu ir greitai praeina.<\/p>\n\n\n\n<p>\u012esp\u0117jimas<br>Jei nusiskundimai nepraeina arba kartojasi, kreipkit\u0117s \u012f savo gydytoj\u0105. Gelis skirtas vidiniam ir i\u0161oriniam naudojimui. Prie\u0161 naudojim\u0105 perskaitykite pridedam\u0105 informacij\u0105 apie produkt\u0105.<\/p>\n<\/div><\/details>\n<\/div><\/div>\n","protected":false},"excerpt":{"rendered":"<p>Gydo bakterin\u0119 vaginoz\u0119<\/p>\n","protected":false},"featured_media":240,"comment_status":"closed","ping_status":"closed","template":"","meta":{"_acf_changed":false,"footnotes":""},"product_brand":[],"product_cat":[],"product_tag":[],"class_list":{"0":"post-239","1":"product","2":"type-product","3":"status-publish","4":"has-post-thumbnail","7":"first","8":"instock","9":"shipping-taxable","10":"product-type-simple"},"acf":[],"yoast_head":"<!-- This site is optimized with the Yoast SEO plugin v26.6 - https:\/\/yoast.com\/wordpress\/plugins\/seo\/ -->\n<title>\u201eMulti-Gyn ActiGel 2in1\u201c - Bakterin\u0117 vaginoz\u0117<\/title>\n<meta name=\"description\" content=\"Vargina nemalon\u016bs bakterin\u0117s vaginoz\u0117s (BV) simptomai? Nesijaudinkite, BV pasitaiko net ir geriausioms i\u0161 m\u016bs\u0173.\" \/>\n<meta name=\"robots\" content=\"index, follow, max-snippet:-1, max-image-preview:large, max-video-preview:-1\" \/>\n<link rel=\"canonical\" href=\"https:\/\/multi-gyn.com\/lt\/produktas\/multi-gyn-actigel-2in1\/\" \/>\n<meta property=\"og:locale\" content=\"lt_LT\" \/>\n<meta property=\"og:type\" content=\"article\" \/>\n<meta property=\"og:title\" content=\"\u201eMulti-Gyn ActiGel 2in1\u201c - Bakterin\u0117 vaginoz\u0117\" \/>\n<meta property=\"og:description\" content=\"Vargina nemalon\u016bs bakterin\u0117s vaginoz\u0117s (BV) simptomai? Nesijaudinkite, BV pasitaiko net ir geriausioms i\u0161 m\u016bs\u0173.\" \/>\n<meta property=\"og:url\" content=\"https:\/\/multi-gyn.com\/lt\/produktas\/multi-gyn-actigel-2in1\/\" \/>\n<meta property=\"og:site_name\" content=\"Multi-Gyn\" \/>\n<meta property=\"article:modified_time\" content=\"2025-05-07T09:03:03+00:00\" \/>\n<meta property=\"og:image\" content=\"https:\/\/multi-gyn.com\/app\/uploads\/sites\/38\/2025\/05\/Multi-Gyn-ActiGel-2in1.png\" \/>\n\t<meta property=\"og:image:width\" content=\"700\" \/>\n\t<meta property=\"og:image:height\" content=\"700\" \/>\n\t<meta property=\"og:image:type\" content=\"image\/png\" \/>\n<meta name=\"twitter:card\" content=\"summary_large_image\" \/>\n<meta name=\"twitter:label1\" content=\"Est. reading time\" \/>\n\t<meta name=\"twitter:data1\" content=\"1 minut\u0117\" \/>\n<script type=\"application\/ld+json\" class=\"yoast-schema-graph\">{\"@context\":\"https:\/\/schema.org\",\"@graph\":[{\"@type\":\"WebPage\",\"@id\":\"https:\/\/multi-gyn.com\/lt\/produktas\/multi-gyn-actigel-2in1\/\",\"url\":\"https:\/\/multi-gyn.com\/lt\/produktas\/multi-gyn-actigel-2in1\/\",\"name\":\"\u201eMulti-Gyn ActiGel 2in1\u201c - Bakterin\u0117 vaginoz\u0117\",\"isPartOf\":{\"@id\":\"https:\/\/multi-gyn.com\/lt\/#website\"},\"primaryImageOfPage\":{\"@id\":\"https:\/\/multi-gyn.com\/lt\/produktas\/multi-gyn-actigel-2in1\/#primaryimage\"},\"image\":{\"@id\":\"https:\/\/multi-gyn.com\/lt\/produktas\/multi-gyn-actigel-2in1\/#primaryimage\"},\"thumbnailUrl\":\"https:\/\/multi-gyn.com\/app\/uploads\/sites\/38\/2025\/05\/Multi-Gyn-ActiGel-2in1.png\",\"datePublished\":\"2025-05-07T09:02:57+00:00\",\"dateModified\":\"2025-05-07T09:03:03+00:00\",\"description\":\"Vargina nemalon\u016bs bakterin\u0117s vaginoz\u0117s (BV) simptomai? Nesijaudinkite, BV pasitaiko net ir geriausioms i\u0161 m\u016bs\u0173.\",\"breadcrumb\":{\"@id\":\"https:\/\/multi-gyn.com\/lt\/produktas\/multi-gyn-actigel-2in1\/#breadcrumb\"},\"inLanguage\":\"lt-LT\",\"potentialAction\":[{\"@type\":\"ReadAction\",\"target\":[\"https:\/\/multi-gyn.com\/lt\/produktas\/multi-gyn-actigel-2in1\/\"]}]},{\"@type\":\"ImageObject\",\"inLanguage\":\"lt-LT\",\"@id\":\"https:\/\/multi-gyn.com\/lt\/produktas\/multi-gyn-actigel-2in1\/#primaryimage\",\"url\":\"https:\/\/multi-gyn.com\/app\/uploads\/sites\/38\/2025\/05\/Multi-Gyn-ActiGel-2in1.png\",\"contentUrl\":\"https:\/\/multi-gyn.com\/app\/uploads\/sites\/38\/2025\/05\/Multi-Gyn-ActiGel-2in1.png\",\"width\":700,\"height\":700,\"caption\":\"Multi-Gyn-ActiGel-2in1\"},{\"@type\":\"BreadcrumbList\",\"@id\":\"https:\/\/multi-gyn.com\/lt\/produktas\/multi-gyn-actigel-2in1\/#breadcrumb\",\"itemListElement\":[{\"@type\":\"ListItem\",\"position\":1,\"name\":\"Home\",\"item\":\"https:\/\/multi-gyn.com\/lt\/\"},{\"@type\":\"ListItem\",\"position\":2,\"name\":\"Produktai\",\"item\":\"https:\/\/multi-gyn.com\/lt\/produktai\/\"},{\"@type\":\"ListItem\",\"position\":3,\"name\":\"\u201eMulti-Gyn ActiGel 2in1\u201c\"}]},{\"@type\":\"WebSite\",\"@id\":\"https:\/\/multi-gyn.com\/lt\/#website\",\"url\":\"https:\/\/multi-gyn.com\/lt\/\",\"name\":\"Multi-Gyn\",\"description\":\"\",\"publisher\":{\"@id\":\"https:\/\/multi-gyn.com\/lt\/#organization\"},\"potentialAction\":[{\"@type\":\"SearchAction\",\"target\":{\"@type\":\"EntryPoint\",\"urlTemplate\":\"https:\/\/multi-gyn.com\/lt\/?s={search_term_string}\"},\"query-input\":{\"@type\":\"PropertyValueSpecification\",\"valueRequired\":true,\"valueName\":\"search_term_string\"}}],\"inLanguage\":\"lt-LT\"},{\"@type\":\"Organization\",\"@id\":\"https:\/\/multi-gyn.com\/lt\/#organization\",\"name\":\"Multi-Gyn\",\"url\":\"https:\/\/multi-gyn.com\/lt\/\",\"logo\":{\"@type\":\"ImageObject\",\"inLanguage\":\"lt-LT\",\"@id\":\"https:\/\/multi-gyn.com\/lt\/#\/schema\/logo\/image\/\",\"url\":\"https:\/\/multi-gyn.com\/app\/uploads\/sites\/38\/2022\/12\/multi-gyn-logo.png\",\"contentUrl\":\"https:\/\/multi-gyn.com\/app\/uploads\/sites\/38\/2022\/12\/multi-gyn-logo.png\",\"width\":149,\"height\":32,\"caption\":\"Multi-Gyn\"},\"image\":{\"@id\":\"https:\/\/multi-gyn.com\/lt\/#\/schema\/logo\/image\/\"}}]}<\/script>\n<!-- \/ Yoast SEO plugin. -->","yoast_head_json":{"title":"\u201eMulti-Gyn ActiGel 2in1\u201c - Bakterin\u0117 vaginoz\u0117","description":"Vargina nemalon\u016bs bakterin\u0117s vaginoz\u0117s (BV) simptomai? Nesijaudinkite, BV pasitaiko net ir geriausioms i\u0161 m\u016bs\u0173.","robots":{"index":"index","follow":"follow","max-snippet":"max-snippet:-1","max-image-preview":"max-image-preview:large","max-video-preview":"max-video-preview:-1"},"canonical":"https:\/\/multi-gyn.com\/lt\/produktas\/multi-gyn-actigel-2in1\/","og_locale":"lt_LT","og_type":"article","og_title":"\u201eMulti-Gyn ActiGel 2in1\u201c - Bakterin\u0117 vaginoz\u0117","og_description":"Vargina nemalon\u016bs bakterin\u0117s vaginoz\u0117s (BV) simptomai? Nesijaudinkite, BV pasitaiko net ir geriausioms i\u0161 m\u016bs\u0173.","og_url":"https:\/\/multi-gyn.com\/lt\/produktas\/multi-gyn-actigel-2in1\/","og_site_name":"Multi-Gyn","article_modified_time":"2025-05-07T09:03:03+00:00","og_image":[{"width":700,"height":700,"url":"https:\/\/multi-gyn.com\/app\/uploads\/sites\/38\/2025\/05\/Multi-Gyn-ActiGel-2in1.png","type":"image\/png"}],"twitter_card":"summary_large_image","twitter_misc":{"Est. reading time":"1 minut\u0117"},"schema":{"@context":"https:\/\/schema.org","@graph":[{"@type":"WebPage","@id":"https:\/\/multi-gyn.com\/lt\/produktas\/multi-gyn-actigel-2in1\/","url":"https:\/\/multi-gyn.com\/lt\/produktas\/multi-gyn-actigel-2in1\/","name":"\u201eMulti-Gyn ActiGel 2in1\u201c - Bakterin\u0117 vaginoz\u0117","isPartOf":{"@id":"https:\/\/multi-gyn.com\/lt\/#website"},"primaryImageOfPage":{"@id":"https:\/\/multi-gyn.com\/lt\/produktas\/multi-gyn-actigel-2in1\/#primaryimage"},"image":{"@id":"https:\/\/multi-gyn.com\/lt\/produktas\/multi-gyn-actigel-2in1\/#primaryimage"},"thumbnailUrl":"https:\/\/multi-gyn.com\/app\/uploads\/sites\/38\/2025\/05\/Multi-Gyn-ActiGel-2in1.png","datePublished":"2025-05-07T09:02:57+00:00","dateModified":"2025-05-07T09:03:03+00:00","description":"Vargina nemalon\u016bs bakterin\u0117s vaginoz\u0117s (BV) simptomai? Nesijaudinkite, BV pasitaiko net ir geriausioms i\u0161 m\u016bs\u0173.","breadcrumb":{"@id":"https:\/\/multi-gyn.com\/lt\/produktas\/multi-gyn-actigel-2in1\/#breadcrumb"},"inLanguage":"lt-LT","potentialAction":[{"@type":"ReadAction","target":["https:\/\/multi-gyn.com\/lt\/produktas\/multi-gyn-actigel-2in1\/"]}]},{"@type":"ImageObject","inLanguage":"lt-LT","@id":"https:\/\/multi-gyn.com\/lt\/produktas\/multi-gyn-actigel-2in1\/#primaryimage","url":"https:\/\/multi-gyn.com\/app\/uploads\/sites\/38\/2025\/05\/Multi-Gyn-ActiGel-2in1.png","contentUrl":"https:\/\/multi-gyn.com\/app\/uploads\/sites\/38\/2025\/05\/Multi-Gyn-ActiGel-2in1.png","width":700,"height":700,"caption":"Multi-Gyn-ActiGel-2in1"},{"@type":"BreadcrumbList","@id":"https:\/\/multi-gyn.com\/lt\/produktas\/multi-gyn-actigel-2in1\/#breadcrumb","itemListElement":[{"@type":"ListItem","position":1,"name":"Home","item":"https:\/\/multi-gyn.com\/lt\/"},{"@type":"ListItem","position":2,"name":"Produktai","item":"https:\/\/multi-gyn.com\/lt\/produktai\/"},{"@type":"ListItem","position":3,"name":"\u201eMulti-Gyn ActiGel 2in1\u201c"}]},{"@type":"WebSite","@id":"https:\/\/multi-gyn.com\/lt\/#website","url":"https:\/\/multi-gyn.com\/lt\/","name":"Multi-Gyn","description":"","publisher":{"@id":"https:\/\/multi-gyn.com\/lt\/#organization"},"potentialAction":[{"@type":"SearchAction","target":{"@type":"EntryPoint","urlTemplate":"https:\/\/multi-gyn.com\/lt\/?s={search_term_string}"},"query-input":{"@type":"PropertyValueSpecification","valueRequired":true,"valueName":"search_term_string"}}],"inLanguage":"lt-LT"},{"@type":"Organization","@id":"https:\/\/multi-gyn.com\/lt\/#organization","name":"Multi-Gyn","url":"https:\/\/multi-gyn.com\/lt\/","logo":{"@type":"ImageObject","inLanguage":"lt-LT","@id":"https:\/\/multi-gyn.com\/lt\/#\/schema\/logo\/image\/","url":"https:\/\/multi-gyn.com\/app\/uploads\/sites\/38\/2022\/12\/multi-gyn-logo.png","contentUrl":"https:\/\/multi-gyn.com\/app\/uploads\/sites\/38\/2022\/12\/multi-gyn-logo.png","width":149,"height":32,"caption":"Multi-Gyn"},"image":{"@id":"https:\/\/multi-gyn.com\/lt\/#\/schema\/logo\/image\/"}}]}},"_links":{"self":[{"href":"https:\/\/multi-gyn.com\/lt\/wp-json\/wp\/v2\/product\/239","targetHints":{"allow":["GET"]}}],"collection":[{"href":"https:\/\/multi-gyn.com\/lt\/wp-json\/wp\/v2\/product"}],"about":[{"href":"https:\/\/multi-gyn.com\/lt\/wp-json\/wp\/v2\/types\/product"}],"replies":[{"embeddable":true,"href":"https:\/\/multi-gyn.com\/lt\/wp-json\/wp\/v2\/comments?post=239"}],"version-history":[{"count":5,"href":"https:\/\/multi-gyn.com\/lt\/wp-json\/wp\/v2\/product\/239\/revisions"}],"predecessor-version":[{"id":245,"href":"https:\/\/multi-gyn.com\/lt\/wp-json\/wp\/v2\/product\/239\/revisions\/245"}],"wp:featuredmedia":[{"embeddable":true,"href":"https:\/\/multi-gyn.com\/lt\/wp-json\/wp\/v2\/media\/240"}],"wp:attachment":[{"href":"https:\/\/multi-gyn.com\/lt\/wp-json\/wp\/v2\/media?parent=239"}],"wp:term":[{"taxonomy":"product_brand","embeddable":true,"href":"https:\/\/multi-gyn.com\/lt\/wp-json\/wp\/v2\/product_brand?post=239"},{"taxonomy":"product_cat","embeddable":true,"href":"https:\/\/multi-gyn.com\/lt\/wp-json\/wp\/v2\/product_cat?post=239"},{"taxonomy":"product_tag","embeddable":true,"href":"https:\/\/multi-gyn.com\/lt\/wp-json\/wp\/v2\/product_tag?post=239"}],"curies":[{"name":"wp","href":"https:\/\/api.w.org\/{rel}","templated":true}]}}