{"id":70,"date":"2022-12-16T13:18:07","date_gmt":"2022-12-16T11:18:07","guid":{"rendered":"https:\/\/multi-gyn.com\/lt\/?post_type=product&#038;p=70"},"modified":"2025-04-28T12:18:33","modified_gmt":"2025-04-28T09:18:33","slug":"multi-gyn-femiwash","status":"publish","type":"product","link":"https:\/\/multi-gyn.com\/lt\/produktas\/multi-gyn-femiwash\/","title":{"rendered":"\u201eMulti-Gyn FemiWash\u201c"},"content":{"rendered":"\n<div class=\"wp-block-karopharma-accordions is-style-secondary\"><div class=\"container\">\n<details class=\"wp-block-karopharma-accordion\"><summary><h2 class=\"accordion-title\">Ar \u201eMulti-Gyn FemiWash\u201c galiu naudoti kasdien?<\/h2><\/summary><div class=\"accordion-content\">\n<p>Taip, \u201eMulti-Gyn FemiWash\u201c galite naudoti kasdien. \u201eMulti-Gyn FemiWash\u201c yra koncentruotos putos, tod\u0117l vienam kartui u\u017eteks vieno paspaudimo.<\/p>\n<\/div><\/details>\n\n\n\n<details class=\"wp-block-karopharma-accordion\"><summary><h2 class=\"accordion-title\">Ar intymios vietos nepakanka plauti vandeniu?<\/h2><\/summary><div class=\"accordion-content\">\n<p>Taip, plovimo vandeniu tur\u0117t\u0173 pakakti. D\u0117l gaivumo poj\u016b\u010dio moterys labai da\u017enai plauna putomis. \u0160ios putos, pavyzd\u017eiui, \u201eMulti-Gyn FemiWash\u201c, tur\u0117t\u0173 b\u016bti be koki\u0173 nors dirginan\u010di\u0173 sudedam\u0173j\u0173 dali\u0173, kitaip gali b\u016bti sutrikdyta nat\u016brali flora.<\/p>\n<\/div><\/details>\n\n\n\n<details class=\"wp-block-karopharma-accordion\"><summary><h2 class=\"accordion-title\">Kiek \u201eMulti-Gyn FemiWash\u201c turiu naudoti?<\/h2><\/summary><div class=\"accordion-content\">\n<p>\u201eMulti-Gyn FemiWash\u201c yra koncentruotos putos, tod\u0117l vienam kartui u\u017eteks vieno paspaudimo.<\/p>\n<\/div><\/details>\n\n\n\n<details class=\"wp-block-karopharma-accordion\"><summary><h2 class=\"accordion-title\">Ar galiu naudoti \u201eMulti-Gyn FemiWash\u201c tik po du\u0161u?<\/h2><\/summary><div class=\"accordion-content\">\n<p>Ne, \u201eMulti-Gyn FemiWash\u201c taip pat galite naudoti vonioje arba kai prausiat\u0117s praustuv\u0117je.<\/p>\n<\/div><\/details>\n<\/div><\/div>\n","protected":false},"excerpt":{"rendered":"<p>\u0160velni intymios higienos priemon\u0117 be muilo<\/p>\n","protected":false},"featured_media":81,"comment_status":"closed","ping_status":"closed","template":"","meta":{"_acf_changed":false,"footnotes":""},"product_brand":[],"product_cat":[19],"product_tag":[],"class_list":{"0":"post-70","1":"product","2":"type-product","3":"status-publish","4":"has-post-thumbnail","6":"product_cat-intymi-prieziura-ir-higiena","8":"first","9":"instock","10":"shipping-taxable","11":"product-type-simple"},"acf":[],"yoast_head":"<!-- This site is optimized with the Yoast SEO plugin v26.6 - https:\/\/yoast.com\/wordpress\/plugins\/seo\/ -->\n<title>\u201eMulti-Gyn FemiWash\u201c - Multi-Gyn<\/title>\n<meta name=\"description\" content=\"\u201eMulti-Gyn FemiWash\u201c yra idealus kasdienei intymiai prie\u017ei\u016brai. Jo sud\u0117tyje n\u0117ra muilo ir jis apsaugo nat\u016brali\u0105 intymios vietos flor\u0105.\" \/>\n<meta name=\"robots\" content=\"index, follow, max-snippet:-1, max-image-preview:large, max-video-preview:-1\" \/>\n<link rel=\"canonical\" href=\"https:\/\/multi-gyn.com\/lt\/produktas\/multi-gyn-femiwash\/\" \/>\n<meta property=\"og:locale\" content=\"lt_LT\" \/>\n<meta property=\"og:type\" content=\"article\" \/>\n<meta property=\"og:title\" content=\"\u201eMulti-Gyn FemiWash\u201c - Multi-Gyn\" \/>\n<meta property=\"og:description\" content=\"\u201eMulti-Gyn FemiWash\u201c yra idealus kasdienei intymiai prie\u017ei\u016brai. Jo sud\u0117tyje n\u0117ra muilo ir jis apsaugo nat\u016brali\u0105 intymios vietos flor\u0105.\" \/>\n<meta property=\"og:url\" content=\"https:\/\/multi-gyn.com\/lt\/produktas\/multi-gyn-femiwash\/\" \/>\n<meta property=\"og:site_name\" content=\"Multi-Gyn\" \/>\n<meta property=\"article:modified_time\" content=\"2025-04-28T09:18:33+00:00\" \/>\n<meta property=\"og:image\" content=\"https:\/\/multi-gyn.com\/app\/uploads\/sites\/38\/2022\/12\/MultiGyn-FemiWash.png\" \/>\n\t<meta property=\"og:image:width\" content=\"1024\" \/>\n\t<meta property=\"og:image:height\" content=\"1024\" \/>\n\t<meta property=\"og:image:type\" content=\"image\/png\" \/>\n<meta name=\"twitter:card\" content=\"summary_large_image\" \/>\n<meta name=\"twitter:label1\" content=\"Est. reading time\" \/>\n\t<meta name=\"twitter:data1\" content=\"1 minut\u0117\" \/>\n<script type=\"application\/ld+json\" class=\"yoast-schema-graph\">{\"@context\":\"https:\/\/schema.org\",\"@graph\":[{\"@type\":\"WebPage\",\"@id\":\"https:\/\/multi-gyn.com\/lt\/produktas\/multi-gyn-femiwash\/\",\"url\":\"https:\/\/multi-gyn.com\/lt\/produktas\/multi-gyn-femiwash\/\",\"name\":\"\u201eMulti-Gyn FemiWash\u201c - Multi-Gyn\",\"isPartOf\":{\"@id\":\"https:\/\/multi-gyn.com\/lt\/#website\"},\"primaryImageOfPage\":{\"@id\":\"https:\/\/multi-gyn.com\/lt\/produktas\/multi-gyn-femiwash\/#primaryimage\"},\"image\":{\"@id\":\"https:\/\/multi-gyn.com\/lt\/produktas\/multi-gyn-femiwash\/#primaryimage\"},\"thumbnailUrl\":\"https:\/\/multi-gyn.com\/app\/uploads\/sites\/38\/2022\/12\/MultiGyn-FemiWash.png\",\"datePublished\":\"2022-12-16T11:18:07+00:00\",\"dateModified\":\"2025-04-28T09:18:33+00:00\",\"description\":\"\u201eMulti-Gyn FemiWash\u201c yra idealus kasdienei intymiai prie\u017ei\u016brai. Jo sud\u0117tyje n\u0117ra muilo ir jis apsaugo nat\u016brali\u0105 intymios vietos flor\u0105.\",\"breadcrumb\":{\"@id\":\"https:\/\/multi-gyn.com\/lt\/produktas\/multi-gyn-femiwash\/#breadcrumb\"},\"inLanguage\":\"lt-LT\",\"potentialAction\":[{\"@type\":\"ReadAction\",\"target\":[\"https:\/\/multi-gyn.com\/lt\/produktas\/multi-gyn-femiwash\/\"]}]},{\"@type\":\"ImageObject\",\"inLanguage\":\"lt-LT\",\"@id\":\"https:\/\/multi-gyn.com\/lt\/produktas\/multi-gyn-femiwash\/#primaryimage\",\"url\":\"https:\/\/multi-gyn.com\/app\/uploads\/sites\/38\/2022\/12\/MultiGyn-FemiWash.png\",\"contentUrl\":\"https:\/\/multi-gyn.com\/app\/uploads\/sites\/38\/2022\/12\/MultiGyn-FemiWash.png\",\"width\":1024,\"height\":1024,\"caption\":\"Multi-Gyn FemiWash\"},{\"@type\":\"BreadcrumbList\",\"@id\":\"https:\/\/multi-gyn.com\/lt\/produktas\/multi-gyn-femiwash\/#breadcrumb\",\"itemListElement\":[{\"@type\":\"ListItem\",\"position\":1,\"name\":\"Home\",\"item\":\"https:\/\/multi-gyn.com\/lt\/\"},{\"@type\":\"ListItem\",\"position\":2,\"name\":\"Produktai\",\"item\":\"https:\/\/multi-gyn.com\/lt\/produktai\/\"},{\"@type\":\"ListItem\",\"position\":3,\"name\":\"\u201eMulti-Gyn FemiWash\u201c\"}]},{\"@type\":\"WebSite\",\"@id\":\"https:\/\/multi-gyn.com\/lt\/#website\",\"url\":\"https:\/\/multi-gyn.com\/lt\/\",\"name\":\"Multi-Gyn\",\"description\":\"\",\"publisher\":{\"@id\":\"https:\/\/multi-gyn.com\/lt\/#organization\"},\"potentialAction\":[{\"@type\":\"SearchAction\",\"target\":{\"@type\":\"EntryPoint\",\"urlTemplate\":\"https:\/\/multi-gyn.com\/lt\/?s={search_term_string}\"},\"query-input\":{\"@type\":\"PropertyValueSpecification\",\"valueRequired\":true,\"valueName\":\"search_term_string\"}}],\"inLanguage\":\"lt-LT\"},{\"@type\":\"Organization\",\"@id\":\"https:\/\/multi-gyn.com\/lt\/#organization\",\"name\":\"Multi-Gyn\",\"url\":\"https:\/\/multi-gyn.com\/lt\/\",\"logo\":{\"@type\":\"ImageObject\",\"inLanguage\":\"lt-LT\",\"@id\":\"https:\/\/multi-gyn.com\/lt\/#\/schema\/logo\/image\/\",\"url\":\"https:\/\/multi-gyn.com\/app\/uploads\/sites\/38\/2022\/12\/multi-gyn-logo.png\",\"contentUrl\":\"https:\/\/multi-gyn.com\/app\/uploads\/sites\/38\/2022\/12\/multi-gyn-logo.png\",\"width\":149,\"height\":32,\"caption\":\"Multi-Gyn\"},\"image\":{\"@id\":\"https:\/\/multi-gyn.com\/lt\/#\/schema\/logo\/image\/\"}}]}<\/script>\n<!-- \/ Yoast SEO plugin. -->","yoast_head_json":{"title":"\u201eMulti-Gyn FemiWash\u201c - Multi-Gyn","description":"\u201eMulti-Gyn FemiWash\u201c yra idealus kasdienei intymiai prie\u017ei\u016brai. Jo sud\u0117tyje n\u0117ra muilo ir jis apsaugo nat\u016brali\u0105 intymios vietos flor\u0105.","robots":{"index":"index","follow":"follow","max-snippet":"max-snippet:-1","max-image-preview":"max-image-preview:large","max-video-preview":"max-video-preview:-1"},"canonical":"https:\/\/multi-gyn.com\/lt\/produktas\/multi-gyn-femiwash\/","og_locale":"lt_LT","og_type":"article","og_title":"\u201eMulti-Gyn FemiWash\u201c - Multi-Gyn","og_description":"\u201eMulti-Gyn FemiWash\u201c yra idealus kasdienei intymiai prie\u017ei\u016brai. Jo sud\u0117tyje n\u0117ra muilo ir jis apsaugo nat\u016brali\u0105 intymios vietos flor\u0105.","og_url":"https:\/\/multi-gyn.com\/lt\/produktas\/multi-gyn-femiwash\/","og_site_name":"Multi-Gyn","article_modified_time":"2025-04-28T09:18:33+00:00","og_image":[{"width":1024,"height":1024,"url":"https:\/\/multi-gyn.com\/app\/uploads\/sites\/38\/2022\/12\/MultiGyn-FemiWash.png","type":"image\/png"}],"twitter_card":"summary_large_image","twitter_misc":{"Est. reading time":"1 minut\u0117"},"schema":{"@context":"https:\/\/schema.org","@graph":[{"@type":"WebPage","@id":"https:\/\/multi-gyn.com\/lt\/produktas\/multi-gyn-femiwash\/","url":"https:\/\/multi-gyn.com\/lt\/produktas\/multi-gyn-femiwash\/","name":"\u201eMulti-Gyn FemiWash\u201c - Multi-Gyn","isPartOf":{"@id":"https:\/\/multi-gyn.com\/lt\/#website"},"primaryImageOfPage":{"@id":"https:\/\/multi-gyn.com\/lt\/produktas\/multi-gyn-femiwash\/#primaryimage"},"image":{"@id":"https:\/\/multi-gyn.com\/lt\/produktas\/multi-gyn-femiwash\/#primaryimage"},"thumbnailUrl":"https:\/\/multi-gyn.com\/app\/uploads\/sites\/38\/2022\/12\/MultiGyn-FemiWash.png","datePublished":"2022-12-16T11:18:07+00:00","dateModified":"2025-04-28T09:18:33+00:00","description":"\u201eMulti-Gyn FemiWash\u201c yra idealus kasdienei intymiai prie\u017ei\u016brai. Jo sud\u0117tyje n\u0117ra muilo ir jis apsaugo nat\u016brali\u0105 intymios vietos flor\u0105.","breadcrumb":{"@id":"https:\/\/multi-gyn.com\/lt\/produktas\/multi-gyn-femiwash\/#breadcrumb"},"inLanguage":"lt-LT","potentialAction":[{"@type":"ReadAction","target":["https:\/\/multi-gyn.com\/lt\/produktas\/multi-gyn-femiwash\/"]}]},{"@type":"ImageObject","inLanguage":"lt-LT","@id":"https:\/\/multi-gyn.com\/lt\/produktas\/multi-gyn-femiwash\/#primaryimage","url":"https:\/\/multi-gyn.com\/app\/uploads\/sites\/38\/2022\/12\/MultiGyn-FemiWash.png","contentUrl":"https:\/\/multi-gyn.com\/app\/uploads\/sites\/38\/2022\/12\/MultiGyn-FemiWash.png","width":1024,"height":1024,"caption":"Multi-Gyn FemiWash"},{"@type":"BreadcrumbList","@id":"https:\/\/multi-gyn.com\/lt\/produktas\/multi-gyn-femiwash\/#breadcrumb","itemListElement":[{"@type":"ListItem","position":1,"name":"Home","item":"https:\/\/multi-gyn.com\/lt\/"},{"@type":"ListItem","position":2,"name":"Produktai","item":"https:\/\/multi-gyn.com\/lt\/produktai\/"},{"@type":"ListItem","position":3,"name":"\u201eMulti-Gyn FemiWash\u201c"}]},{"@type":"WebSite","@id":"https:\/\/multi-gyn.com\/lt\/#website","url":"https:\/\/multi-gyn.com\/lt\/","name":"Multi-Gyn","description":"","publisher":{"@id":"https:\/\/multi-gyn.com\/lt\/#organization"},"potentialAction":[{"@type":"SearchAction","target":{"@type":"EntryPoint","urlTemplate":"https:\/\/multi-gyn.com\/lt\/?s={search_term_string}"},"query-input":{"@type":"PropertyValueSpecification","valueRequired":true,"valueName":"search_term_string"}}],"inLanguage":"lt-LT"},{"@type":"Organization","@id":"https:\/\/multi-gyn.com\/lt\/#organization","name":"Multi-Gyn","url":"https:\/\/multi-gyn.com\/lt\/","logo":{"@type":"ImageObject","inLanguage":"lt-LT","@id":"https:\/\/multi-gyn.com\/lt\/#\/schema\/logo\/image\/","url":"https:\/\/multi-gyn.com\/app\/uploads\/sites\/38\/2022\/12\/multi-gyn-logo.png","contentUrl":"https:\/\/multi-gyn.com\/app\/uploads\/sites\/38\/2022\/12\/multi-gyn-logo.png","width":149,"height":32,"caption":"Multi-Gyn"},"image":{"@id":"https:\/\/multi-gyn.com\/lt\/#\/schema\/logo\/image\/"}}]}},"_links":{"self":[{"href":"https:\/\/multi-gyn.com\/lt\/wp-json\/wp\/v2\/product\/70","targetHints":{"allow":["GET"]}}],"collection":[{"href":"https:\/\/multi-gyn.com\/lt\/wp-json\/wp\/v2\/product"}],"about":[{"href":"https:\/\/multi-gyn.com\/lt\/wp-json\/wp\/v2\/types\/product"}],"replies":[{"embeddable":true,"href":"https:\/\/multi-gyn.com\/lt\/wp-json\/wp\/v2\/comments?post=70"}],"version-history":[{"count":8,"href":"https:\/\/multi-gyn.com\/lt\/wp-json\/wp\/v2\/product\/70\/revisions"}],"predecessor-version":[{"id":226,"href":"https:\/\/multi-gyn.com\/lt\/wp-json\/wp\/v2\/product\/70\/revisions\/226"}],"wp:featuredmedia":[{"embeddable":true,"href":"https:\/\/multi-gyn.com\/lt\/wp-json\/wp\/v2\/media\/81"}],"wp:attachment":[{"href":"https:\/\/multi-gyn.com\/lt\/wp-json\/wp\/v2\/media?parent=70"}],"wp:term":[{"taxonomy":"product_brand","embeddable":true,"href":"https:\/\/multi-gyn.com\/lt\/wp-json\/wp\/v2\/product_brand?post=70"},{"taxonomy":"product_cat","embeddable":true,"href":"https:\/\/multi-gyn.com\/lt\/wp-json\/wp\/v2\/product_cat?post=70"},{"taxonomy":"product_tag","embeddable":true,"href":"https:\/\/multi-gyn.com\/lt\/wp-json\/wp\/v2\/product_tag?post=70"}],"curies":[{"name":"wp","href":"https:\/\/api.w.org\/{rel}","templated":true}]}}