{"id":76,"date":"2022-12-16T13:20:53","date_gmt":"2022-12-16T11:20:53","guid":{"rendered":"https:\/\/multi-gyn.com\/lt\/?post_type=product&#038;p=76"},"modified":"2025-04-28T12:20:45","modified_gmt":"2025-04-28T09:20:45","slug":"multi-gyn-maksties-plovimo-itaisas-intymiai-higienai-ir-tabletes","status":"publish","type":"product","link":"https:\/\/multi-gyn.com\/lt\/produktas\/multi-gyn-maksties-plovimo-itaisas-intymiai-higienai-ir-tabletes\/","title":{"rendered":"\u201eMulti-Gyn\u201c mak\u0161ties plovimo \u012ftaisas intymiai higienai ir tablet\u0117s"},"content":{"rendered":"\n<div class=\"wp-block-karopharma-accordions is-style-secondary\"><div class=\"container\">\n<details class=\"wp-block-karopharma-accordion\"><summary><h2 class=\"accordion-title\">Kaip da\u017enai galiu naudoti \u201eMulti-Gyn\u201c mak\u0161ties plovimo \u012ftais\u0105?<\/h2><\/summary><div class=\"accordion-content\">\n<p>Kai kurios moterys yra jautresn\u0117s mak\u0161ties diskomfortui negu kitos d\u0117l savo gyvenimo stiliaus, lytinio aktyvumo arba menstruacij\u0173. Priklausomai nuo asmenin\u0117s higienos poreiki\u0173, \u201eMulti-Gyn\u201c mak\u0161ties plovimo \u012ftaisas gali b\u016bti naudojamas da\u017eniau; vis d\u0117lto, nepatariama naudoti \u201eMulti-Gyn\u201c mak\u0161ties plovimo \u012ftaiso da\u017eniau nei kart\u0105 per savait\u0119, nebent J\u016bs\u0173 gydytojas pataria kitaip.<\/p>\n<\/div><\/details>\n\n\n\n<details class=\"wp-block-karopharma-accordion\"><summary><h2 class=\"accordion-title\">Ar galiu naudoti \u201eMulti-Gyn\u201c tabletes be mak\u0161ties plovimo \u012ftaiso?<\/h2><\/summary><div class=\"accordion-content\">\n<p>Ne, jos skirtos naudoti tik su \u201eMulti-Gyn\u201c mak\u0161ties plovimo \u012ftaisu.<\/p>\n<\/div><\/details>\n\n\n\n<details class=\"wp-block-karopharma-accordion\"><summary><h2 class=\"accordion-title\">Ar turiu sunaudoti vis\u0105 skyst\u012f?<\/h2><\/summary><div class=\"accordion-content\">\n<p>Ne, pakanka vieno \u0161velnaus paspaudimo.<\/p>\n<\/div><\/details>\n\n\n\n<details class=\"wp-block-karopharma-accordion\"><summary><h2 class=\"accordion-title\">Ar galiu pakartotinai naudoti mak\u0161ties plovimo skyst\u012f?<\/h2><\/summary><div class=\"accordion-content\">\n<p>Ne, jokiu b\u016bdu. Skystis gali b\u016bti naudojamas tik kart\u0105.<\/p>\n<\/div><\/details>\n\n\n\n<details class=\"wp-block-karopharma-accordion\"><summary><h2 class=\"accordion-title\">Ar sunku \u012fterpti \u201eMulti-Gyn\u201c mak\u0161ties plovimo \u012ftais\u0105?<\/h2><\/summary><div class=\"accordion-content\">\n<p>Ne, naudoti mak\u0161ties plovimo \u012ftais\u0105 visai nesunku. Vis d\u0117lto, atsipalaiduokite ir atsistokite arba atsis\u0117skite patogioje vietoje. Norint gauti daugiau informacijos apie tai, kaip naudoti \u201eMulti-Gyn\u201c mak\u0161ties plovimo \u012ftais\u0105, pra\u0161ome \u017ei\u016br\u0117ti prid\u0117t\u0105 lapel\u012f.<\/p>\n<\/div><\/details>\n\n\n\n<details class=\"wp-block-karopharma-accordion\"><summary><h2 class=\"accordion-title\">Ar galiu naudoti \u201eMulti-Gyn\u201c mak\u0161ties plovimo \u012ftais\u0105 tik su vandeniu?<\/h2><\/summary><div class=\"accordion-content\">\n<p>Taip, \u201eMulti-Gyn\u201c mak\u0161ties plovimo \u012ftais\u0105 taip pat galite naudoti vien su drungnu vandeniu.<\/p>\n<\/div><\/details>\n<\/div><\/div>\n","protected":false},"excerpt":{"rendered":"<p>Optimaliai mak\u0161ties higienai<\/p>\n","protected":false},"featured_media":77,"comment_status":"closed","ping_status":"closed","template":"","meta":{"_acf_changed":false,"footnotes":""},"product_brand":[],"product_cat":[19],"product_tag":[],"class_list":{"0":"post-76","1":"product","2":"type-product","3":"status-publish","4":"has-post-thumbnail","6":"product_cat-intymi-prieziura-ir-higiena","8":"first","9":"instock","10":"shipping-taxable","11":"product-type-simple"},"acf":[],"yoast_head":"<!-- This site is optimized with the Yoast SEO plugin v26.6 - https:\/\/yoast.com\/wordpress\/plugins\/seo\/ -->\n<title>\u201eMulti-Gyn\u201c mak\u0161ties plovimo \u012ftaisas intymiai higienai ir tablet\u0117s - Multi-Gyn<\/title>\n<meta name=\"description\" content=\"\u201eMulti-Gyn\u201c mak\u0161ties plovimo \u012ftaisas intymiai higienai ir tablet\u0117s yra idealios bendrai arba intensyviai mak\u0161ties higienai, tuo atveju, jeigu atsiranda daug arba nemalonaus kvapo i\u0161skyr\u0173, nie\u017e\u0117jimas, dirginimas ir deginimo jausmas.\" \/>\n<meta name=\"robots\" content=\"index, follow, max-snippet:-1, max-image-preview:large, max-video-preview:-1\" \/>\n<link rel=\"canonical\" href=\"https:\/\/multi-gyn.com\/lt\/produktas\/multi-gyn-maksties-plovimo-itaisas-intymiai-higienai-ir-tabletes\/\" \/>\n<meta property=\"og:locale\" content=\"lt_LT\" \/>\n<meta property=\"og:type\" content=\"article\" \/>\n<meta property=\"og:title\" content=\"\u201eMulti-Gyn\u201c mak\u0161ties plovimo \u012ftaisas intymiai higienai ir tablet\u0117s - Multi-Gyn\" \/>\n<meta property=\"og:description\" content=\"\u201eMulti-Gyn\u201c mak\u0161ties plovimo \u012ftaisas intymiai higienai ir tablet\u0117s yra idealios bendrai arba intensyviai mak\u0161ties higienai, tuo atveju, jeigu atsiranda daug arba nemalonaus kvapo i\u0161skyr\u0173, nie\u017e\u0117jimas, dirginimas ir deginimo jausmas.\" \/>\n<meta property=\"og:url\" content=\"https:\/\/multi-gyn.com\/lt\/produktas\/multi-gyn-maksties-plovimo-itaisas-intymiai-higienai-ir-tabletes\/\" \/>\n<meta property=\"og:site_name\" content=\"Multi-Gyn\" \/>\n<meta property=\"article:modified_time\" content=\"2025-04-28T09:20:45+00:00\" \/>\n<meta property=\"og:image\" content=\"https:\/\/multi-gyn.com\/app\/uploads\/sites\/38\/2022\/12\/Multi-Gyn-VaginalDouche.png\" \/>\n\t<meta property=\"og:image:width\" content=\"800\" \/>\n\t<meta property=\"og:image:height\" content=\"800\" \/>\n\t<meta property=\"og:image:type\" content=\"image\/png\" \/>\n<meta name=\"twitter:card\" content=\"summary_large_image\" \/>\n<meta name=\"twitter:label1\" content=\"Est. reading time\" \/>\n\t<meta name=\"twitter:data1\" content=\"2 minut\u0117s\" \/>\n<script type=\"application\/ld+json\" class=\"yoast-schema-graph\">{\"@context\":\"https:\/\/schema.org\",\"@graph\":[{\"@type\":\"WebPage\",\"@id\":\"https:\/\/multi-gyn.com\/lt\/produktas\/multi-gyn-maksties-plovimo-itaisas-intymiai-higienai-ir-tabletes\/\",\"url\":\"https:\/\/multi-gyn.com\/lt\/produktas\/multi-gyn-maksties-plovimo-itaisas-intymiai-higienai-ir-tabletes\/\",\"name\":\"\u201eMulti-Gyn\u201c mak\u0161ties plovimo \u012ftaisas intymiai higienai ir tablet\u0117s - Multi-Gyn\",\"isPartOf\":{\"@id\":\"https:\/\/multi-gyn.com\/lt\/#website\"},\"primaryImageOfPage\":{\"@id\":\"https:\/\/multi-gyn.com\/lt\/produktas\/multi-gyn-maksties-plovimo-itaisas-intymiai-higienai-ir-tabletes\/#primaryimage\"},\"image\":{\"@id\":\"https:\/\/multi-gyn.com\/lt\/produktas\/multi-gyn-maksties-plovimo-itaisas-intymiai-higienai-ir-tabletes\/#primaryimage\"},\"thumbnailUrl\":\"https:\/\/multi-gyn.com\/app\/uploads\/sites\/38\/2022\/12\/Multi-Gyn-VaginalDouche.png\",\"datePublished\":\"2022-12-16T11:20:53+00:00\",\"dateModified\":\"2025-04-28T09:20:45+00:00\",\"description\":\"\u201eMulti-Gyn\u201c mak\u0161ties plovimo \u012ftaisas intymiai higienai ir tablet\u0117s yra idealios bendrai arba intensyviai mak\u0161ties higienai, tuo atveju, jeigu atsiranda daug arba nemalonaus kvapo i\u0161skyr\u0173, nie\u017e\u0117jimas, dirginimas ir deginimo jausmas.\",\"breadcrumb\":{\"@id\":\"https:\/\/multi-gyn.com\/lt\/produktas\/multi-gyn-maksties-plovimo-itaisas-intymiai-higienai-ir-tabletes\/#breadcrumb\"},\"inLanguage\":\"lt-LT\",\"potentialAction\":[{\"@type\":\"ReadAction\",\"target\":[\"https:\/\/multi-gyn.com\/lt\/produktas\/multi-gyn-maksties-plovimo-itaisas-intymiai-higienai-ir-tabletes\/\"]}]},{\"@type\":\"ImageObject\",\"inLanguage\":\"lt-LT\",\"@id\":\"https:\/\/multi-gyn.com\/lt\/produktas\/multi-gyn-maksties-plovimo-itaisas-intymiai-higienai-ir-tabletes\/#primaryimage\",\"url\":\"https:\/\/multi-gyn.com\/app\/uploads\/sites\/38\/2022\/12\/Multi-Gyn-VaginalDouche.png\",\"contentUrl\":\"https:\/\/multi-gyn.com\/app\/uploads\/sites\/38\/2022\/12\/Multi-Gyn-VaginalDouche.png\",\"width\":800,\"height\":800,\"caption\":\"Multi-Gyn VaginalDouche\"},{\"@type\":\"BreadcrumbList\",\"@id\":\"https:\/\/multi-gyn.com\/lt\/produktas\/multi-gyn-maksties-plovimo-itaisas-intymiai-higienai-ir-tabletes\/#breadcrumb\",\"itemListElement\":[{\"@type\":\"ListItem\",\"position\":1,\"name\":\"Home\",\"item\":\"https:\/\/multi-gyn.com\/lt\/\"},{\"@type\":\"ListItem\",\"position\":2,\"name\":\"Produktai\",\"item\":\"https:\/\/multi-gyn.com\/lt\/produktai\/\"},{\"@type\":\"ListItem\",\"position\":3,\"name\":\"\u201eMulti-Gyn\u201c mak\u0161ties plovimo \u012ftaisas intymiai higienai ir tablet\u0117s\"}]},{\"@type\":\"WebSite\",\"@id\":\"https:\/\/multi-gyn.com\/lt\/#website\",\"url\":\"https:\/\/multi-gyn.com\/lt\/\",\"name\":\"Multi-Gyn\",\"description\":\"\",\"publisher\":{\"@id\":\"https:\/\/multi-gyn.com\/lt\/#organization\"},\"potentialAction\":[{\"@type\":\"SearchAction\",\"target\":{\"@type\":\"EntryPoint\",\"urlTemplate\":\"https:\/\/multi-gyn.com\/lt\/?s={search_term_string}\"},\"query-input\":{\"@type\":\"PropertyValueSpecification\",\"valueRequired\":true,\"valueName\":\"search_term_string\"}}],\"inLanguage\":\"lt-LT\"},{\"@type\":\"Organization\",\"@id\":\"https:\/\/multi-gyn.com\/lt\/#organization\",\"name\":\"Multi-Gyn\",\"url\":\"https:\/\/multi-gyn.com\/lt\/\",\"logo\":{\"@type\":\"ImageObject\",\"inLanguage\":\"lt-LT\",\"@id\":\"https:\/\/multi-gyn.com\/lt\/#\/schema\/logo\/image\/\",\"url\":\"https:\/\/multi-gyn.com\/app\/uploads\/sites\/38\/2022\/12\/multi-gyn-logo.png\",\"contentUrl\":\"https:\/\/multi-gyn.com\/app\/uploads\/sites\/38\/2022\/12\/multi-gyn-logo.png\",\"width\":149,\"height\":32,\"caption\":\"Multi-Gyn\"},\"image\":{\"@id\":\"https:\/\/multi-gyn.com\/lt\/#\/schema\/logo\/image\/\"}}]}<\/script>\n<!-- \/ Yoast SEO plugin. -->","yoast_head_json":{"title":"\u201eMulti-Gyn\u201c mak\u0161ties plovimo \u012ftaisas intymiai higienai ir tablet\u0117s - Multi-Gyn","description":"\u201eMulti-Gyn\u201c mak\u0161ties plovimo \u012ftaisas intymiai higienai ir tablet\u0117s yra idealios bendrai arba intensyviai mak\u0161ties higienai, tuo atveju, jeigu atsiranda daug arba nemalonaus kvapo i\u0161skyr\u0173, nie\u017e\u0117jimas, dirginimas ir deginimo jausmas.","robots":{"index":"index","follow":"follow","max-snippet":"max-snippet:-1","max-image-preview":"max-image-preview:large","max-video-preview":"max-video-preview:-1"},"canonical":"https:\/\/multi-gyn.com\/lt\/produktas\/multi-gyn-maksties-plovimo-itaisas-intymiai-higienai-ir-tabletes\/","og_locale":"lt_LT","og_type":"article","og_title":"\u201eMulti-Gyn\u201c mak\u0161ties plovimo \u012ftaisas intymiai higienai ir tablet\u0117s - Multi-Gyn","og_description":"\u201eMulti-Gyn\u201c mak\u0161ties plovimo \u012ftaisas intymiai higienai ir tablet\u0117s yra idealios bendrai arba intensyviai mak\u0161ties higienai, tuo atveju, jeigu atsiranda daug arba nemalonaus kvapo i\u0161skyr\u0173, nie\u017e\u0117jimas, dirginimas ir deginimo jausmas.","og_url":"https:\/\/multi-gyn.com\/lt\/produktas\/multi-gyn-maksties-plovimo-itaisas-intymiai-higienai-ir-tabletes\/","og_site_name":"Multi-Gyn","article_modified_time":"2025-04-28T09:20:45+00:00","og_image":[{"width":800,"height":800,"url":"https:\/\/multi-gyn.com\/app\/uploads\/sites\/38\/2022\/12\/Multi-Gyn-VaginalDouche.png","type":"image\/png"}],"twitter_card":"summary_large_image","twitter_misc":{"Est. reading time":"2 minut\u0117s"},"schema":{"@context":"https:\/\/schema.org","@graph":[{"@type":"WebPage","@id":"https:\/\/multi-gyn.com\/lt\/produktas\/multi-gyn-maksties-plovimo-itaisas-intymiai-higienai-ir-tabletes\/","url":"https:\/\/multi-gyn.com\/lt\/produktas\/multi-gyn-maksties-plovimo-itaisas-intymiai-higienai-ir-tabletes\/","name":"\u201eMulti-Gyn\u201c mak\u0161ties plovimo \u012ftaisas intymiai higienai ir tablet\u0117s - Multi-Gyn","isPartOf":{"@id":"https:\/\/multi-gyn.com\/lt\/#website"},"primaryImageOfPage":{"@id":"https:\/\/multi-gyn.com\/lt\/produktas\/multi-gyn-maksties-plovimo-itaisas-intymiai-higienai-ir-tabletes\/#primaryimage"},"image":{"@id":"https:\/\/multi-gyn.com\/lt\/produktas\/multi-gyn-maksties-plovimo-itaisas-intymiai-higienai-ir-tabletes\/#primaryimage"},"thumbnailUrl":"https:\/\/multi-gyn.com\/app\/uploads\/sites\/38\/2022\/12\/Multi-Gyn-VaginalDouche.png","datePublished":"2022-12-16T11:20:53+00:00","dateModified":"2025-04-28T09:20:45+00:00","description":"\u201eMulti-Gyn\u201c mak\u0161ties plovimo \u012ftaisas intymiai higienai ir tablet\u0117s yra idealios bendrai arba intensyviai mak\u0161ties higienai, tuo atveju, jeigu atsiranda daug arba nemalonaus kvapo i\u0161skyr\u0173, nie\u017e\u0117jimas, dirginimas ir deginimo jausmas.","breadcrumb":{"@id":"https:\/\/multi-gyn.com\/lt\/produktas\/multi-gyn-maksties-plovimo-itaisas-intymiai-higienai-ir-tabletes\/#breadcrumb"},"inLanguage":"lt-LT","potentialAction":[{"@type":"ReadAction","target":["https:\/\/multi-gyn.com\/lt\/produktas\/multi-gyn-maksties-plovimo-itaisas-intymiai-higienai-ir-tabletes\/"]}]},{"@type":"ImageObject","inLanguage":"lt-LT","@id":"https:\/\/multi-gyn.com\/lt\/produktas\/multi-gyn-maksties-plovimo-itaisas-intymiai-higienai-ir-tabletes\/#primaryimage","url":"https:\/\/multi-gyn.com\/app\/uploads\/sites\/38\/2022\/12\/Multi-Gyn-VaginalDouche.png","contentUrl":"https:\/\/multi-gyn.com\/app\/uploads\/sites\/38\/2022\/12\/Multi-Gyn-VaginalDouche.png","width":800,"height":800,"caption":"Multi-Gyn VaginalDouche"},{"@type":"BreadcrumbList","@id":"https:\/\/multi-gyn.com\/lt\/produktas\/multi-gyn-maksties-plovimo-itaisas-intymiai-higienai-ir-tabletes\/#breadcrumb","itemListElement":[{"@type":"ListItem","position":1,"name":"Home","item":"https:\/\/multi-gyn.com\/lt\/"},{"@type":"ListItem","position":2,"name":"Produktai","item":"https:\/\/multi-gyn.com\/lt\/produktai\/"},{"@type":"ListItem","position":3,"name":"\u201eMulti-Gyn\u201c mak\u0161ties plovimo \u012ftaisas intymiai higienai ir tablet\u0117s"}]},{"@type":"WebSite","@id":"https:\/\/multi-gyn.com\/lt\/#website","url":"https:\/\/multi-gyn.com\/lt\/","name":"Multi-Gyn","description":"","publisher":{"@id":"https:\/\/multi-gyn.com\/lt\/#organization"},"potentialAction":[{"@type":"SearchAction","target":{"@type":"EntryPoint","urlTemplate":"https:\/\/multi-gyn.com\/lt\/?s={search_term_string}"},"query-input":{"@type":"PropertyValueSpecification","valueRequired":true,"valueName":"search_term_string"}}],"inLanguage":"lt-LT"},{"@type":"Organization","@id":"https:\/\/multi-gyn.com\/lt\/#organization","name":"Multi-Gyn","url":"https:\/\/multi-gyn.com\/lt\/","logo":{"@type":"ImageObject","inLanguage":"lt-LT","@id":"https:\/\/multi-gyn.com\/lt\/#\/schema\/logo\/image\/","url":"https:\/\/multi-gyn.com\/app\/uploads\/sites\/38\/2022\/12\/multi-gyn-logo.png","contentUrl":"https:\/\/multi-gyn.com\/app\/uploads\/sites\/38\/2022\/12\/multi-gyn-logo.png","width":149,"height":32,"caption":"Multi-Gyn"},"image":{"@id":"https:\/\/multi-gyn.com\/lt\/#\/schema\/logo\/image\/"}}]}},"_links":{"self":[{"href":"https:\/\/multi-gyn.com\/lt\/wp-json\/wp\/v2\/product\/76","targetHints":{"allow":["GET"]}}],"collection":[{"href":"https:\/\/multi-gyn.com\/lt\/wp-json\/wp\/v2\/product"}],"about":[{"href":"https:\/\/multi-gyn.com\/lt\/wp-json\/wp\/v2\/types\/product"}],"replies":[{"embeddable":true,"href":"https:\/\/multi-gyn.com\/lt\/wp-json\/wp\/v2\/comments?post=76"}],"version-history":[{"count":6,"href":"https:\/\/multi-gyn.com\/lt\/wp-json\/wp\/v2\/product\/76\/revisions"}],"predecessor-version":[{"id":227,"href":"https:\/\/multi-gyn.com\/lt\/wp-json\/wp\/v2\/product\/76\/revisions\/227"}],"wp:featuredmedia":[{"embeddable":true,"href":"https:\/\/multi-gyn.com\/lt\/wp-json\/wp\/v2\/media\/77"}],"wp:attachment":[{"href":"https:\/\/multi-gyn.com\/lt\/wp-json\/wp\/v2\/media?parent=76"}],"wp:term":[{"taxonomy":"product_brand","embeddable":true,"href":"https:\/\/multi-gyn.com\/lt\/wp-json\/wp\/v2\/product_brand?post=76"},{"taxonomy":"product_cat","embeddable":true,"href":"https:\/\/multi-gyn.com\/lt\/wp-json\/wp\/v2\/product_cat?post=76"},{"taxonomy":"product_tag","embeddable":true,"href":"https:\/\/multi-gyn.com\/lt\/wp-json\/wp\/v2\/product_tag?post=76"}],"curies":[{"name":"wp","href":"https:\/\/api.w.org\/{rel}","templated":true}]}}