{"id":83,"date":"2022-12-16T13:26:42","date_gmt":"2022-12-16T11:26:42","guid":{"rendered":"https:\/\/multi-gyn.com\/lt\/?post_type=product&#038;p=83"},"modified":"2025-04-28T12:21:55","modified_gmt":"2025-04-28T09:21:55","slug":"multi-gyn-tabletes","status":"publish","type":"product","link":"https:\/\/multi-gyn.com\/lt\/produktas\/multi-gyn-tabletes\/","title":{"rendered":"\u201eMulti-Gyn\u201c tablet\u0117s"},"content":{"rendered":"\n<div class=\"wp-block-karopharma-accordions is-style-secondary\"><div class=\"container\">\n<details class=\"wp-block-karopharma-accordion\"><summary><h2 class=\"accordion-title\">Ar galiu naudoti \u201eMulti-Gyn\u201c tabletes be mak\u0161ties plovimo \u012ftaiso?<\/h2><\/summary><div class=\"accordion-content\">\n<p>Ne, jos skirtos naudoti tik su \u201eMulti-Gyn\u201c mak\u0161ties plovimo \u012ftaisu.<\/p>\n<\/div><\/details>\n\n\n\n<details class=\"wp-block-karopharma-accordion\"><summary><h2 class=\"accordion-title\">Kaip da\u017enai galiu naudoti \u201eMulti-Gyn\u201c mak\u0161ties plovimo \u012ftais\u0105?<\/h2><\/summary><div class=\"accordion-content\">\n<p>Kai kurios moterys yra jautresn\u0117s mak\u0161ties diskomfortui negu kitos d\u0117l savo gyvenimo stiliaus, lytinio aktyvumo arba menstruacij\u0173. Priklausomai nuo asmenin\u0117s higienos poreiki\u0173, \u201eMulti-Gyn\u201c mak\u0161ties plovimo \u012ftaisas gali b\u016bti naudojamas da\u017eniau, vis d\u0117lto, nepatariama naudoti \u201eMulti-Gyn\u201c mak\u0161ties plovimo \u012ftaiso da\u017eniau nei kart\u0105 per savait\u0119, nebent J\u016bs\u0173 gydytojas pataria kitaip.<\/p>\n<\/div><\/details>\n\n\n\n<details class=\"wp-block-karopharma-accordion\"><summary><h2 class=\"accordion-title\">Ar turiu sunaudoti vis\u0105 skyst\u012f?<\/h2><\/summary><div class=\"accordion-content\">\n<p>Ne, pakanka vieno \u0161velnaus paspaudimo.<\/p>\n<\/div><\/details>\n\n\n\n<details class=\"wp-block-karopharma-accordion\"><summary><h2 class=\"accordion-title\">Ar galiu pakartotinai naudoti mak\u0161ties plovimo skyst\u012f?<\/h2><\/summary><div class=\"accordion-content\">\n<p>Ne, jokiu b\u016bdu. Skystis gali b\u016bti naudojamas tik kart\u0105.<\/p>\n<\/div><\/details>\n\n\n\n<details class=\"wp-block-karopharma-accordion\"><summary><h2 class=\"accordion-title\">Ar sunku \u012fterpti \u201eMulti-Gyn\u201c mak\u0161ties plovimo \u012ftais\u0105?<\/h2><\/summary><div class=\"accordion-content\">\n<p>Ne, naudoti mak\u0161ties plovimo \u012ftais\u0105 visai nesunku. Vis d\u0117lto, atsipalaiduokite ir atsistokite arba atsis\u0117skite patogioje vietoje. Norint gauti daugiau informacijos apie tai, kaip naudoti \u201eMulti-Gyn\u201c mak\u0161ties plovimo \u012ftais\u0105, pra\u0161ome \u017ei\u016br\u0117ti prid\u0117t\u0105 lapel\u012f.<\/p>\n<\/div><\/details>\n<\/div><\/div>\n","protected":false},"excerpt":{"rendered":"<p>Mak\u0161ties plovimo skys\u010diui paruo\u0161ti<\/p>\n","protected":false},"featured_media":91,"comment_status":"closed","ping_status":"closed","template":"","meta":{"_acf_changed":false,"footnotes":""},"product_brand":[],"product_cat":[19],"product_tag":[],"class_list":{"0":"post-83","1":"product","2":"type-product","3":"status-publish","4":"has-post-thumbnail","6":"product_cat-intymi-prieziura-ir-higiena","8":"first","9":"instock","10":"shipping-taxable","11":"product-type-simple"},"acf":[],"yoast_head":"<!-- This site is optimized with the Yoast SEO plugin v26.6 - https:\/\/yoast.com\/wordpress\/plugins\/seo\/ -->\n<title>\u201eMulti-Gyn\u201c tablet\u0117s - Multi-Gyn<\/title>\n<meta name=\"description\" content=\"Drungname vandenyje i\u0161tirpinus \u201eMulti-Gyn\u201c tablet\u0119, paruo\u0161iamas \u0161velnus plovimo skystis, tinkamas naudoti su \u201eMulti-Gyn\u201c mak\u0161ties plovimo \u012ftaisu.\" \/>\n<meta name=\"robots\" content=\"index, follow, max-snippet:-1, max-image-preview:large, max-video-preview:-1\" \/>\n<link rel=\"canonical\" href=\"https:\/\/multi-gyn.com\/lt\/produktas\/multi-gyn-tabletes\/\" \/>\n<meta property=\"og:locale\" content=\"lt_LT\" \/>\n<meta property=\"og:type\" content=\"article\" \/>\n<meta property=\"og:title\" content=\"\u201eMulti-Gyn\u201c tablet\u0117s - Multi-Gyn\" \/>\n<meta property=\"og:description\" content=\"Drungname vandenyje i\u0161tirpinus \u201eMulti-Gyn\u201c tablet\u0119, paruo\u0161iamas \u0161velnus plovimo skystis, tinkamas naudoti su \u201eMulti-Gyn\u201c mak\u0161ties plovimo \u012ftaisu.\" \/>\n<meta property=\"og:url\" content=\"https:\/\/multi-gyn.com\/lt\/produktas\/multi-gyn-tabletes\/\" \/>\n<meta property=\"og:site_name\" content=\"Multi-Gyn\" \/>\n<meta property=\"article:modified_time\" content=\"2025-04-28T09:21:55+00:00\" \/>\n<meta property=\"og:image\" content=\"https:\/\/multi-gyn.com\/app\/uploads\/sites\/38\/2022\/12\/Multi-Gyn-VaginalTablets-1.png\" \/>\n\t<meta property=\"og:image:width\" content=\"800\" \/>\n\t<meta property=\"og:image:height\" content=\"800\" \/>\n\t<meta property=\"og:image:type\" content=\"image\/png\" \/>\n<meta name=\"twitter:card\" content=\"summary_large_image\" \/>\n<meta name=\"twitter:label1\" content=\"Est. reading time\" \/>\n\t<meta name=\"twitter:data1\" content=\"1 minut\u0117\" \/>\n<script type=\"application\/ld+json\" class=\"yoast-schema-graph\">{\"@context\":\"https:\/\/schema.org\",\"@graph\":[{\"@type\":\"WebPage\",\"@id\":\"https:\/\/multi-gyn.com\/lt\/produktas\/multi-gyn-tabletes\/\",\"url\":\"https:\/\/multi-gyn.com\/lt\/produktas\/multi-gyn-tabletes\/\",\"name\":\"\u201eMulti-Gyn\u201c tablet\u0117s - Multi-Gyn\",\"isPartOf\":{\"@id\":\"https:\/\/multi-gyn.com\/lt\/#website\"},\"primaryImageOfPage\":{\"@id\":\"https:\/\/multi-gyn.com\/lt\/produktas\/multi-gyn-tabletes\/#primaryimage\"},\"image\":{\"@id\":\"https:\/\/multi-gyn.com\/lt\/produktas\/multi-gyn-tabletes\/#primaryimage\"},\"thumbnailUrl\":\"https:\/\/multi-gyn.com\/app\/uploads\/sites\/38\/2022\/12\/Multi-Gyn-VaginalTablets-1.png\",\"datePublished\":\"2022-12-16T11:26:42+00:00\",\"dateModified\":\"2025-04-28T09:21:55+00:00\",\"description\":\"Drungname vandenyje i\u0161tirpinus \u201eMulti-Gyn\u201c tablet\u0119, paruo\u0161iamas \u0161velnus plovimo skystis, tinkamas naudoti su \u201eMulti-Gyn\u201c mak\u0161ties plovimo \u012ftaisu.\",\"breadcrumb\":{\"@id\":\"https:\/\/multi-gyn.com\/lt\/produktas\/multi-gyn-tabletes\/#breadcrumb\"},\"inLanguage\":\"lt-LT\",\"potentialAction\":[{\"@type\":\"ReadAction\",\"target\":[\"https:\/\/multi-gyn.com\/lt\/produktas\/multi-gyn-tabletes\/\"]}]},{\"@type\":\"ImageObject\",\"inLanguage\":\"lt-LT\",\"@id\":\"https:\/\/multi-gyn.com\/lt\/produktas\/multi-gyn-tabletes\/#primaryimage\",\"url\":\"https:\/\/multi-gyn.com\/app\/uploads\/sites\/38\/2022\/12\/Multi-Gyn-VaginalTablets-1.png\",\"contentUrl\":\"https:\/\/multi-gyn.com\/app\/uploads\/sites\/38\/2022\/12\/Multi-Gyn-VaginalTablets-1.png\",\"width\":800,\"height\":800,\"caption\":\"Multi-Gyn VaginalTablets\"},{\"@type\":\"BreadcrumbList\",\"@id\":\"https:\/\/multi-gyn.com\/lt\/produktas\/multi-gyn-tabletes\/#breadcrumb\",\"itemListElement\":[{\"@type\":\"ListItem\",\"position\":1,\"name\":\"Home\",\"item\":\"https:\/\/multi-gyn.com\/lt\/\"},{\"@type\":\"ListItem\",\"position\":2,\"name\":\"Produktai\",\"item\":\"https:\/\/multi-gyn.com\/lt\/produktai\/\"},{\"@type\":\"ListItem\",\"position\":3,\"name\":\"\u201eMulti-Gyn\u201c tablet\u0117s\"}]},{\"@type\":\"WebSite\",\"@id\":\"https:\/\/multi-gyn.com\/lt\/#website\",\"url\":\"https:\/\/multi-gyn.com\/lt\/\",\"name\":\"Multi-Gyn\",\"description\":\"\",\"publisher\":{\"@id\":\"https:\/\/multi-gyn.com\/lt\/#organization\"},\"potentialAction\":[{\"@type\":\"SearchAction\",\"target\":{\"@type\":\"EntryPoint\",\"urlTemplate\":\"https:\/\/multi-gyn.com\/lt\/?s={search_term_string}\"},\"query-input\":{\"@type\":\"PropertyValueSpecification\",\"valueRequired\":true,\"valueName\":\"search_term_string\"}}],\"inLanguage\":\"lt-LT\"},{\"@type\":\"Organization\",\"@id\":\"https:\/\/multi-gyn.com\/lt\/#organization\",\"name\":\"Multi-Gyn\",\"url\":\"https:\/\/multi-gyn.com\/lt\/\",\"logo\":{\"@type\":\"ImageObject\",\"inLanguage\":\"lt-LT\",\"@id\":\"https:\/\/multi-gyn.com\/lt\/#\/schema\/logo\/image\/\",\"url\":\"https:\/\/multi-gyn.com\/app\/uploads\/sites\/38\/2022\/12\/multi-gyn-logo.png\",\"contentUrl\":\"https:\/\/multi-gyn.com\/app\/uploads\/sites\/38\/2022\/12\/multi-gyn-logo.png\",\"width\":149,\"height\":32,\"caption\":\"Multi-Gyn\"},\"image\":{\"@id\":\"https:\/\/multi-gyn.com\/lt\/#\/schema\/logo\/image\/\"}}]}<\/script>\n<!-- \/ Yoast SEO plugin. -->","yoast_head_json":{"title":"\u201eMulti-Gyn\u201c tablet\u0117s - Multi-Gyn","description":"Drungname vandenyje i\u0161tirpinus \u201eMulti-Gyn\u201c tablet\u0119, paruo\u0161iamas \u0161velnus plovimo skystis, tinkamas naudoti su \u201eMulti-Gyn\u201c mak\u0161ties plovimo \u012ftaisu.","robots":{"index":"index","follow":"follow","max-snippet":"max-snippet:-1","max-image-preview":"max-image-preview:large","max-video-preview":"max-video-preview:-1"},"canonical":"https:\/\/multi-gyn.com\/lt\/produktas\/multi-gyn-tabletes\/","og_locale":"lt_LT","og_type":"article","og_title":"\u201eMulti-Gyn\u201c tablet\u0117s - Multi-Gyn","og_description":"Drungname vandenyje i\u0161tirpinus \u201eMulti-Gyn\u201c tablet\u0119, paruo\u0161iamas \u0161velnus plovimo skystis, tinkamas naudoti su \u201eMulti-Gyn\u201c mak\u0161ties plovimo \u012ftaisu.","og_url":"https:\/\/multi-gyn.com\/lt\/produktas\/multi-gyn-tabletes\/","og_site_name":"Multi-Gyn","article_modified_time":"2025-04-28T09:21:55+00:00","og_image":[{"width":800,"height":800,"url":"https:\/\/multi-gyn.com\/app\/uploads\/sites\/38\/2022\/12\/Multi-Gyn-VaginalTablets-1.png","type":"image\/png"}],"twitter_card":"summary_large_image","twitter_misc":{"Est. reading time":"1 minut\u0117"},"schema":{"@context":"https:\/\/schema.org","@graph":[{"@type":"WebPage","@id":"https:\/\/multi-gyn.com\/lt\/produktas\/multi-gyn-tabletes\/","url":"https:\/\/multi-gyn.com\/lt\/produktas\/multi-gyn-tabletes\/","name":"\u201eMulti-Gyn\u201c tablet\u0117s - Multi-Gyn","isPartOf":{"@id":"https:\/\/multi-gyn.com\/lt\/#website"},"primaryImageOfPage":{"@id":"https:\/\/multi-gyn.com\/lt\/produktas\/multi-gyn-tabletes\/#primaryimage"},"image":{"@id":"https:\/\/multi-gyn.com\/lt\/produktas\/multi-gyn-tabletes\/#primaryimage"},"thumbnailUrl":"https:\/\/multi-gyn.com\/app\/uploads\/sites\/38\/2022\/12\/Multi-Gyn-VaginalTablets-1.png","datePublished":"2022-12-16T11:26:42+00:00","dateModified":"2025-04-28T09:21:55+00:00","description":"Drungname vandenyje i\u0161tirpinus \u201eMulti-Gyn\u201c tablet\u0119, paruo\u0161iamas \u0161velnus plovimo skystis, tinkamas naudoti su \u201eMulti-Gyn\u201c mak\u0161ties plovimo \u012ftaisu.","breadcrumb":{"@id":"https:\/\/multi-gyn.com\/lt\/produktas\/multi-gyn-tabletes\/#breadcrumb"},"inLanguage":"lt-LT","potentialAction":[{"@type":"ReadAction","target":["https:\/\/multi-gyn.com\/lt\/produktas\/multi-gyn-tabletes\/"]}]},{"@type":"ImageObject","inLanguage":"lt-LT","@id":"https:\/\/multi-gyn.com\/lt\/produktas\/multi-gyn-tabletes\/#primaryimage","url":"https:\/\/multi-gyn.com\/app\/uploads\/sites\/38\/2022\/12\/Multi-Gyn-VaginalTablets-1.png","contentUrl":"https:\/\/multi-gyn.com\/app\/uploads\/sites\/38\/2022\/12\/Multi-Gyn-VaginalTablets-1.png","width":800,"height":800,"caption":"Multi-Gyn VaginalTablets"},{"@type":"BreadcrumbList","@id":"https:\/\/multi-gyn.com\/lt\/produktas\/multi-gyn-tabletes\/#breadcrumb","itemListElement":[{"@type":"ListItem","position":1,"name":"Home","item":"https:\/\/multi-gyn.com\/lt\/"},{"@type":"ListItem","position":2,"name":"Produktai","item":"https:\/\/multi-gyn.com\/lt\/produktai\/"},{"@type":"ListItem","position":3,"name":"\u201eMulti-Gyn\u201c tablet\u0117s"}]},{"@type":"WebSite","@id":"https:\/\/multi-gyn.com\/lt\/#website","url":"https:\/\/multi-gyn.com\/lt\/","name":"Multi-Gyn","description":"","publisher":{"@id":"https:\/\/multi-gyn.com\/lt\/#organization"},"potentialAction":[{"@type":"SearchAction","target":{"@type":"EntryPoint","urlTemplate":"https:\/\/multi-gyn.com\/lt\/?s={search_term_string}"},"query-input":{"@type":"PropertyValueSpecification","valueRequired":true,"valueName":"search_term_string"}}],"inLanguage":"lt-LT"},{"@type":"Organization","@id":"https:\/\/multi-gyn.com\/lt\/#organization","name":"Multi-Gyn","url":"https:\/\/multi-gyn.com\/lt\/","logo":{"@type":"ImageObject","inLanguage":"lt-LT","@id":"https:\/\/multi-gyn.com\/lt\/#\/schema\/logo\/image\/","url":"https:\/\/multi-gyn.com\/app\/uploads\/sites\/38\/2022\/12\/multi-gyn-logo.png","contentUrl":"https:\/\/multi-gyn.com\/app\/uploads\/sites\/38\/2022\/12\/multi-gyn-logo.png","width":149,"height":32,"caption":"Multi-Gyn"},"image":{"@id":"https:\/\/multi-gyn.com\/lt\/#\/schema\/logo\/image\/"}}]}},"_links":{"self":[{"href":"https:\/\/multi-gyn.com\/lt\/wp-json\/wp\/v2\/product\/83","targetHints":{"allow":["GET"]}}],"collection":[{"href":"https:\/\/multi-gyn.com\/lt\/wp-json\/wp\/v2\/product"}],"about":[{"href":"https:\/\/multi-gyn.com\/lt\/wp-json\/wp\/v2\/types\/product"}],"replies":[{"embeddable":true,"href":"https:\/\/multi-gyn.com\/lt\/wp-json\/wp\/v2\/comments?post=83"}],"version-history":[{"count":10,"href":"https:\/\/multi-gyn.com\/lt\/wp-json\/wp\/v2\/product\/83\/revisions"}],"predecessor-version":[{"id":228,"href":"https:\/\/multi-gyn.com\/lt\/wp-json\/wp\/v2\/product\/83\/revisions\/228"}],"wp:featuredmedia":[{"embeddable":true,"href":"https:\/\/multi-gyn.com\/lt\/wp-json\/wp\/v2\/media\/91"}],"wp:attachment":[{"href":"https:\/\/multi-gyn.com\/lt\/wp-json\/wp\/v2\/media?parent=83"}],"wp:term":[{"taxonomy":"product_brand","embeddable":true,"href":"https:\/\/multi-gyn.com\/lt\/wp-json\/wp\/v2\/product_brand?post=83"},{"taxonomy":"product_cat","embeddable":true,"href":"https:\/\/multi-gyn.com\/lt\/wp-json\/wp\/v2\/product_cat?post=83"},{"taxonomy":"product_tag","embeddable":true,"href":"https:\/\/multi-gyn.com\/lt\/wp-json\/wp\/v2\/product_tag?post=83"}],"curies":[{"name":"wp","href":"https:\/\/api.w.org\/{rel}","templated":true}]}}