{"id":87,"date":"2022-12-16T13:34:15","date_gmt":"2022-12-16T11:34:15","guid":{"rendered":"https:\/\/multi-gyn.com\/lt\/?post_type=product&#038;p=87"},"modified":"2025-04-28T12:12:47","modified_gmt":"2025-04-28T09:12:47","slug":"multi-gyn-actigel","status":"publish","type":"product","link":"https:\/\/multi-gyn.com\/lt\/produktas\/multi-gyn-actigel\/","title":{"rendered":"\u201eMulti-Gyn ActiGel\u201c"},"content":{"rendered":"\n<div class=\"wp-block-karopharma-accordions is-style-secondary\"><div class=\"container\">\n<details class=\"wp-block-karopharma-accordion\"><summary><h2 class=\"accordion-title\">Kaip da\u017enai turiu naudoti \u201eMulti-Gyn ActiGel\u201c?<\/h2><\/summary><div class=\"accordion-content\">\n<p>Mak\u0161ties sutrikimams gydyti patariame naudoti \u201eMulti-Gyn ActiGel\u201c du kartus per dien\u0105 penkias dienas i\u0161 eil\u0117s. Vis d\u0117lto, \u201eMulti-Gyn ActiGel\u201c galite naudoti, kai tik reikia palengv\u0117jimo.<\/p>\n<\/div><\/details>\n\n\n\n<details class=\"wp-block-karopharma-accordion\"><summary><h2 class=\"accordion-title\">Kada pajausiu efekt\u0105?<\/h2><\/summary><div class=\"accordion-content\">\n<p>Galite pajausti greit\u0105 poveik\u012f, ypa\u010d su tokiais simptomais kaip dirginimas arba nie\u017e\u0117jimas. Vis d\u0117lto, kiekvienai moteriai simptomai gali b\u016bti skirtingi.<\/p>\n<\/div><\/details>\n\n\n\n<details class=\"wp-block-karopharma-accordion\"><summary><h2 class=\"accordion-title\">Ar \u201eMulti-Gyn ActiGel\u201c turi koki\u0173 \u0161alutini\u0173 poveiki\u0173?<\/h2><\/summary><div class=\"accordion-content\">\n<p>Ne, produktas neturi \u017einom\u0173 \u0161alutini\u0173 poveiki\u0173.<\/p>\n<\/div><\/details>\n\n\n\n<details class=\"wp-block-karopharma-accordion\"><summary><h2 class=\"accordion-title\">Diskomfortas dingo. Ar turiu toliau naudoti \u201eMulti-Gyn ActiGel\u201c?<\/h2><\/summary><div class=\"accordion-content\">\n<p>Ne, \u201eMulti-Gyn ActiGel\u201c nereikia naudoti nepertraukiamai. Jei Jums patinka, \u201eMulti-Gyn ActiGel\u201c galite naudoti kelis kartus per savait\u0119.<\/p>\n<\/div><\/details>\n\n\n\n<details class=\"wp-block-karopharma-accordion\"><summary><h2 class=\"accordion-title\">Ar \u201eMulti-Gyn ActiGel\u201c turi \u012ftakos antibiotik\u0173 vartojimui?<\/h2><\/summary><div class=\"accordion-content\">\n<p>Ne, \u201eMulti-Gyn ActiGel\u201c neturi neigiamo poveikio antibiotikams. I\u0161ties, mes patariame \u201eMulti-Gyn ActiGel\u201c naudoti vartojant antibiotikus arba po j\u0173 vartojimo.<\/p>\n<\/div><\/details>\n\n\n\n<details class=\"wp-block-karopharma-accordion\"><summary><h2 class=\"accordion-title\">Ar turiu sunaudoti vis\u0105 t\u016bbel\u0119?<\/h2><\/summary><div class=\"accordion-content\">\n<p>Norint i\u0161gydyti bakterin\u0119 vaginoz\u0119, \u201eMulti-Gyn ActiGel\u201c reikia naudoti bent du kartus per dien\u0105 penkias dienas i\u0161 eil\u0117s. Jei sutrikimai Jums dingo po t\u0173 penki\u0173 dien\u0173, neturite sunaudoti visos t\u016bbel\u0117s.<\/p>\n<\/div><\/details>\n<\/div><\/div>\n","protected":false},"excerpt":{"rendered":"<p>Gydo bakterin\u0119 vaginoz\u0119<\/p>\n","protected":false},"featured_media":88,"comment_status":"closed","ping_status":"closed","template":"","meta":{"_acf_changed":false,"footnotes":""},"product_brand":[],"product_cat":[18],"product_tag":[],"class_list":{"0":"post-87","1":"product","2":"type-product","3":"status-publish","4":"has-post-thumbnail","6":"product_cat-gydymas","8":"first","9":"instock","10":"shipping-taxable","11":"product-type-simple"},"acf":[],"yoast_head":"<!-- This site is optimized with the Yoast SEO plugin v26.6 - https:\/\/yoast.com\/wordpress\/plugins\/seo\/ -->\n<title>\u201eMulti-Gyn ActiGel\u201c - Multi-Gyn<\/title>\n<meta name=\"description\" content=\"\u201eMulti-Gyn ActiGel\u201c gydo bakterin\u0119 vaginoz\u0119 ir su ja susijusius simptomus, tokius kaip nepageidaujamos i\u0161skyros ir kvapas. Nor\u0117damos gauti greit\u0105 palengv\u0117jim\u0105, naudokite \u201eMulti-Gyn ActiGel\u201c.\" \/>\n<meta name=\"robots\" content=\"index, follow, max-snippet:-1, max-image-preview:large, max-video-preview:-1\" \/>\n<link rel=\"canonical\" href=\"https:\/\/multi-gyn.com\/lt\/produktas\/multi-gyn-actigel\/\" \/>\n<meta property=\"og:locale\" content=\"lt_LT\" \/>\n<meta property=\"og:type\" content=\"article\" \/>\n<meta property=\"og:title\" content=\"\u201eMulti-Gyn ActiGel\u201c - Multi-Gyn\" \/>\n<meta property=\"og:description\" content=\"\u201eMulti-Gyn ActiGel\u201c gydo bakterin\u0119 vaginoz\u0119 ir su ja susijusius simptomus, tokius kaip nepageidaujamos i\u0161skyros ir kvapas. Nor\u0117damos gauti greit\u0105 palengv\u0117jim\u0105, naudokite \u201eMulti-Gyn ActiGel\u201c.\" \/>\n<meta property=\"og:url\" content=\"https:\/\/multi-gyn.com\/lt\/produktas\/multi-gyn-actigel\/\" \/>\n<meta property=\"og:site_name\" content=\"Multi-Gyn\" \/>\n<meta property=\"article:modified_time\" content=\"2025-04-28T09:12:47+00:00\" \/>\n<meta property=\"og:image\" content=\"https:\/\/multi-gyn.com\/app\/uploads\/sites\/38\/2022\/12\/Multi-Gyn-ActiGel.png\" \/>\n\t<meta property=\"og:image:width\" content=\"800\" \/>\n\t<meta property=\"og:image:height\" content=\"800\" \/>\n\t<meta property=\"og:image:type\" content=\"image\/png\" \/>\n<meta name=\"twitter:card\" content=\"summary_large_image\" \/>\n<meta name=\"twitter:label1\" content=\"Est. reading time\" \/>\n\t<meta name=\"twitter:data1\" content=\"2 minut\u0117s\" \/>\n<script type=\"application\/ld+json\" class=\"yoast-schema-graph\">{\"@context\":\"https:\/\/schema.org\",\"@graph\":[{\"@type\":\"WebPage\",\"@id\":\"https:\/\/multi-gyn.com\/lt\/produktas\/multi-gyn-actigel\/\",\"url\":\"https:\/\/multi-gyn.com\/lt\/produktas\/multi-gyn-actigel\/\",\"name\":\"\u201eMulti-Gyn ActiGel\u201c - Multi-Gyn\",\"isPartOf\":{\"@id\":\"https:\/\/multi-gyn.com\/lt\/#website\"},\"primaryImageOfPage\":{\"@id\":\"https:\/\/multi-gyn.com\/lt\/produktas\/multi-gyn-actigel\/#primaryimage\"},\"image\":{\"@id\":\"https:\/\/multi-gyn.com\/lt\/produktas\/multi-gyn-actigel\/#primaryimage\"},\"thumbnailUrl\":\"https:\/\/multi-gyn.com\/app\/uploads\/sites\/38\/2022\/12\/Multi-Gyn-ActiGel.png\",\"datePublished\":\"2022-12-16T11:34:15+00:00\",\"dateModified\":\"2025-04-28T09:12:47+00:00\",\"description\":\"\u201eMulti-Gyn ActiGel\u201c gydo bakterin\u0119 vaginoz\u0119 ir su ja susijusius simptomus, tokius kaip nepageidaujamos i\u0161skyros ir kvapas. Nor\u0117damos gauti greit\u0105 palengv\u0117jim\u0105, naudokite \u201eMulti-Gyn ActiGel\u201c.\",\"breadcrumb\":{\"@id\":\"https:\/\/multi-gyn.com\/lt\/produktas\/multi-gyn-actigel\/#breadcrumb\"},\"inLanguage\":\"lt-LT\",\"potentialAction\":[{\"@type\":\"ReadAction\",\"target\":[\"https:\/\/multi-gyn.com\/lt\/produktas\/multi-gyn-actigel\/\"]}]},{\"@type\":\"ImageObject\",\"inLanguage\":\"lt-LT\",\"@id\":\"https:\/\/multi-gyn.com\/lt\/produktas\/multi-gyn-actigel\/#primaryimage\",\"url\":\"https:\/\/multi-gyn.com\/app\/uploads\/sites\/38\/2022\/12\/Multi-Gyn-ActiGel.png\",\"contentUrl\":\"https:\/\/multi-gyn.com\/app\/uploads\/sites\/38\/2022\/12\/Multi-Gyn-ActiGel.png\",\"width\":800,\"height\":800,\"caption\":\"Multi-Gyn ActiGel\"},{\"@type\":\"BreadcrumbList\",\"@id\":\"https:\/\/multi-gyn.com\/lt\/produktas\/multi-gyn-actigel\/#breadcrumb\",\"itemListElement\":[{\"@type\":\"ListItem\",\"position\":1,\"name\":\"Home\",\"item\":\"https:\/\/multi-gyn.com\/lt\/\"},{\"@type\":\"ListItem\",\"position\":2,\"name\":\"Produktai\",\"item\":\"https:\/\/multi-gyn.com\/lt\/produktai\/\"},{\"@type\":\"ListItem\",\"position\":3,\"name\":\"\u201eMulti-Gyn ActiGel\u201c\"}]},{\"@type\":\"WebSite\",\"@id\":\"https:\/\/multi-gyn.com\/lt\/#website\",\"url\":\"https:\/\/multi-gyn.com\/lt\/\",\"name\":\"Multi-Gyn\",\"description\":\"\",\"publisher\":{\"@id\":\"https:\/\/multi-gyn.com\/lt\/#organization\"},\"potentialAction\":[{\"@type\":\"SearchAction\",\"target\":{\"@type\":\"EntryPoint\",\"urlTemplate\":\"https:\/\/multi-gyn.com\/lt\/?s={search_term_string}\"},\"query-input\":{\"@type\":\"PropertyValueSpecification\",\"valueRequired\":true,\"valueName\":\"search_term_string\"}}],\"inLanguage\":\"lt-LT\"},{\"@type\":\"Organization\",\"@id\":\"https:\/\/multi-gyn.com\/lt\/#organization\",\"name\":\"Multi-Gyn\",\"url\":\"https:\/\/multi-gyn.com\/lt\/\",\"logo\":{\"@type\":\"ImageObject\",\"inLanguage\":\"lt-LT\",\"@id\":\"https:\/\/multi-gyn.com\/lt\/#\/schema\/logo\/image\/\",\"url\":\"https:\/\/multi-gyn.com\/app\/uploads\/sites\/38\/2022\/12\/multi-gyn-logo.png\",\"contentUrl\":\"https:\/\/multi-gyn.com\/app\/uploads\/sites\/38\/2022\/12\/multi-gyn-logo.png\",\"width\":149,\"height\":32,\"caption\":\"Multi-Gyn\"},\"image\":{\"@id\":\"https:\/\/multi-gyn.com\/lt\/#\/schema\/logo\/image\/\"}}]}<\/script>\n<!-- \/ Yoast SEO plugin. -->","yoast_head_json":{"title":"\u201eMulti-Gyn ActiGel\u201c - Multi-Gyn","description":"\u201eMulti-Gyn ActiGel\u201c gydo bakterin\u0119 vaginoz\u0119 ir su ja susijusius simptomus, tokius kaip nepageidaujamos i\u0161skyros ir kvapas. Nor\u0117damos gauti greit\u0105 palengv\u0117jim\u0105, naudokite \u201eMulti-Gyn ActiGel\u201c.","robots":{"index":"index","follow":"follow","max-snippet":"max-snippet:-1","max-image-preview":"max-image-preview:large","max-video-preview":"max-video-preview:-1"},"canonical":"https:\/\/multi-gyn.com\/lt\/produktas\/multi-gyn-actigel\/","og_locale":"lt_LT","og_type":"article","og_title":"\u201eMulti-Gyn ActiGel\u201c - Multi-Gyn","og_description":"\u201eMulti-Gyn ActiGel\u201c gydo bakterin\u0119 vaginoz\u0119 ir su ja susijusius simptomus, tokius kaip nepageidaujamos i\u0161skyros ir kvapas. Nor\u0117damos gauti greit\u0105 palengv\u0117jim\u0105, naudokite \u201eMulti-Gyn ActiGel\u201c.","og_url":"https:\/\/multi-gyn.com\/lt\/produktas\/multi-gyn-actigel\/","og_site_name":"Multi-Gyn","article_modified_time":"2025-04-28T09:12:47+00:00","og_image":[{"width":800,"height":800,"url":"https:\/\/multi-gyn.com\/app\/uploads\/sites\/38\/2022\/12\/Multi-Gyn-ActiGel.png","type":"image\/png"}],"twitter_card":"summary_large_image","twitter_misc":{"Est. reading time":"2 minut\u0117s"},"schema":{"@context":"https:\/\/schema.org","@graph":[{"@type":"WebPage","@id":"https:\/\/multi-gyn.com\/lt\/produktas\/multi-gyn-actigel\/","url":"https:\/\/multi-gyn.com\/lt\/produktas\/multi-gyn-actigel\/","name":"\u201eMulti-Gyn ActiGel\u201c - Multi-Gyn","isPartOf":{"@id":"https:\/\/multi-gyn.com\/lt\/#website"},"primaryImageOfPage":{"@id":"https:\/\/multi-gyn.com\/lt\/produktas\/multi-gyn-actigel\/#primaryimage"},"image":{"@id":"https:\/\/multi-gyn.com\/lt\/produktas\/multi-gyn-actigel\/#primaryimage"},"thumbnailUrl":"https:\/\/multi-gyn.com\/app\/uploads\/sites\/38\/2022\/12\/Multi-Gyn-ActiGel.png","datePublished":"2022-12-16T11:34:15+00:00","dateModified":"2025-04-28T09:12:47+00:00","description":"\u201eMulti-Gyn ActiGel\u201c gydo bakterin\u0119 vaginoz\u0119 ir su ja susijusius simptomus, tokius kaip nepageidaujamos i\u0161skyros ir kvapas. Nor\u0117damos gauti greit\u0105 palengv\u0117jim\u0105, naudokite \u201eMulti-Gyn ActiGel\u201c.","breadcrumb":{"@id":"https:\/\/multi-gyn.com\/lt\/produktas\/multi-gyn-actigel\/#breadcrumb"},"inLanguage":"lt-LT","potentialAction":[{"@type":"ReadAction","target":["https:\/\/multi-gyn.com\/lt\/produktas\/multi-gyn-actigel\/"]}]},{"@type":"ImageObject","inLanguage":"lt-LT","@id":"https:\/\/multi-gyn.com\/lt\/produktas\/multi-gyn-actigel\/#primaryimage","url":"https:\/\/multi-gyn.com\/app\/uploads\/sites\/38\/2022\/12\/Multi-Gyn-ActiGel.png","contentUrl":"https:\/\/multi-gyn.com\/app\/uploads\/sites\/38\/2022\/12\/Multi-Gyn-ActiGel.png","width":800,"height":800,"caption":"Multi-Gyn ActiGel"},{"@type":"BreadcrumbList","@id":"https:\/\/multi-gyn.com\/lt\/produktas\/multi-gyn-actigel\/#breadcrumb","itemListElement":[{"@type":"ListItem","position":1,"name":"Home","item":"https:\/\/multi-gyn.com\/lt\/"},{"@type":"ListItem","position":2,"name":"Produktai","item":"https:\/\/multi-gyn.com\/lt\/produktai\/"},{"@type":"ListItem","position":3,"name":"\u201eMulti-Gyn ActiGel\u201c"}]},{"@type":"WebSite","@id":"https:\/\/multi-gyn.com\/lt\/#website","url":"https:\/\/multi-gyn.com\/lt\/","name":"Multi-Gyn","description":"","publisher":{"@id":"https:\/\/multi-gyn.com\/lt\/#organization"},"potentialAction":[{"@type":"SearchAction","target":{"@type":"EntryPoint","urlTemplate":"https:\/\/multi-gyn.com\/lt\/?s={search_term_string}"},"query-input":{"@type":"PropertyValueSpecification","valueRequired":true,"valueName":"search_term_string"}}],"inLanguage":"lt-LT"},{"@type":"Organization","@id":"https:\/\/multi-gyn.com\/lt\/#organization","name":"Multi-Gyn","url":"https:\/\/multi-gyn.com\/lt\/","logo":{"@type":"ImageObject","inLanguage":"lt-LT","@id":"https:\/\/multi-gyn.com\/lt\/#\/schema\/logo\/image\/","url":"https:\/\/multi-gyn.com\/app\/uploads\/sites\/38\/2022\/12\/multi-gyn-logo.png","contentUrl":"https:\/\/multi-gyn.com\/app\/uploads\/sites\/38\/2022\/12\/multi-gyn-logo.png","width":149,"height":32,"caption":"Multi-Gyn"},"image":{"@id":"https:\/\/multi-gyn.com\/lt\/#\/schema\/logo\/image\/"}}]}},"_links":{"self":[{"href":"https:\/\/multi-gyn.com\/lt\/wp-json\/wp\/v2\/product\/87","targetHints":{"allow":["GET"]}}],"collection":[{"href":"https:\/\/multi-gyn.com\/lt\/wp-json\/wp\/v2\/product"}],"about":[{"href":"https:\/\/multi-gyn.com\/lt\/wp-json\/wp\/v2\/types\/product"}],"replies":[{"embeddable":true,"href":"https:\/\/multi-gyn.com\/lt\/wp-json\/wp\/v2\/comments?post=87"}],"version-history":[{"count":9,"href":"https:\/\/multi-gyn.com\/lt\/wp-json\/wp\/v2\/product\/87\/revisions"}],"predecessor-version":[{"id":221,"href":"https:\/\/multi-gyn.com\/lt\/wp-json\/wp\/v2\/product\/87\/revisions\/221"}],"wp:featuredmedia":[{"embeddable":true,"href":"https:\/\/multi-gyn.com\/lt\/wp-json\/wp\/v2\/media\/88"}],"wp:attachment":[{"href":"https:\/\/multi-gyn.com\/lt\/wp-json\/wp\/v2\/media?parent=87"}],"wp:term":[{"taxonomy":"product_brand","embeddable":true,"href":"https:\/\/multi-gyn.com\/lt\/wp-json\/wp\/v2\/product_brand?post=87"},{"taxonomy":"product_cat","embeddable":true,"href":"https:\/\/multi-gyn.com\/lt\/wp-json\/wp\/v2\/product_cat?post=87"},{"taxonomy":"product_tag","embeddable":true,"href":"https:\/\/multi-gyn.com\/lt\/wp-json\/wp\/v2\/product_tag?post=87"}],"curies":[{"name":"wp","href":"https:\/\/api.w.org\/{rel}","templated":true}]}}