{"id":92,"date":"2022-12-16T13:37:51","date_gmt":"2022-12-16T11:37:51","guid":{"rendered":"https:\/\/multi-gyn.com\/lt\/?post_type=product&#038;p=92"},"modified":"2025-04-28T12:14:29","modified_gmt":"2025-04-28T09:14:29","slug":"multi-gyn-floraplus","status":"publish","type":"product","link":"https:\/\/multi-gyn.com\/lt\/produktas\/multi-gyn-floraplus\/","title":{"rendered":"\u201eMulti-Gyn FloraPlus\u201c"},"content":{"rendered":"\n<div class=\"wp-block-karopharma-accordions is-style-secondary\"><div class=\"container\">\n<details class=\"wp-block-karopharma-accordion\"><summary><h2 class=\"accordion-title\">Kada pajausiu efekt\u0105?<\/h2><\/summary><div class=\"accordion-content\">\n<p>Priklauso nuo \u017emogaus, bet simptom\u0173 palengv\u0117jim\u0105 galite pajusti i\u0161 karto.<\/p>\n<\/div><\/details>\n\n\n\n<details class=\"wp-block-karopharma-accordion\"><summary><h2 class=\"accordion-title\">Ar turiu j\u012f naudoti penkias dienas i\u0161 eil\u0117s?<\/h2><\/summary><div class=\"accordion-content\">\n<p>Taip, norint pasiekti geriausi\u0105 poveik\u012f.<\/p>\n<\/div><\/details>\n\n\n\n<details class=\"wp-block-karopharma-accordion\"><summary><h2 class=\"accordion-title\">Ar \u201eMulti-Gyn FloraPlus\u201c turi koki\u0173 nors \u0161alutini\u0173 poveiki\u0173?<\/h2><\/summary><div class=\"accordion-content\">\n<p>Ne, produktas neturi \u017einom\u0173 \u0161alutini\u0173 poveiki\u0173.<\/p>\n<\/div><\/details>\n\n\n\n<details class=\"wp-block-karopharma-accordion\"><summary><h2 class=\"accordion-title\">Kuo \u201eMulti-Gyn FloraPlus\u201c skiriasi nuo kit\u0173 mieli\u0173 arba pienlig\u0117s gydymo priemoni\u0173?<\/h2><\/summary><div class=\"accordion-content\">\n<p>\u201eMulti-Gyn FloraPlus\u201c simptomams turi tiesiogin\u012f poveik\u012f ir tai \u2013 nat\u016bralus produktas, kuris neigiamai neveikia mak\u0161ties floros. \u201eMulti-Gyn FloraPlus\u201c pad\u0117s augti gerosioms bakterijoms ir suma\u017eins candida bakterij\u0173 augim\u0105.<\/p>\n<\/div><\/details>\n<\/div><\/div>\n","protected":false},"excerpt":{"rendered":"<p>Gydo mak\u0161ties mielin\u0117s infekcijos simptomus<\/p>\n","protected":false},"featured_media":93,"comment_status":"closed","ping_status":"closed","template":"","meta":{"_acf_changed":false,"footnotes":""},"product_brand":[],"product_cat":[18],"product_tag":[],"class_list":{"0":"post-92","1":"product","2":"type-product","3":"status-publish","4":"has-post-thumbnail","6":"product_cat-gydymas","8":"first","9":"instock","10":"shipping-taxable","11":"product-type-simple"},"acf":[],"yoast_head":"<!-- This site is optimized with the Yoast SEO plugin v26.6 - https:\/\/yoast.com\/wordpress\/plugins\/seo\/ -->\n<title>\u201eMulti-Gyn FloraPlus\u201c - Multi-Gyn<\/title>\n<meta name=\"description\" content=\"\u201eMulti-Gyn FloraPlus\u201c gydo mak\u0161ties mielin\u0117s infekcijos simptomus, pavyzd\u017eiui, nie\u017e\u0117jim\u0105, dirginim\u0105 ir gr\u016bd\u0117tas, baltas i\u0161skyras. Nor\u0117damos gauti tiesiogin\u012f palengv\u0117jim\u0105, naudokite\u201eMulti-Gyn FloraPlus\u201c.\" \/>\n<meta name=\"robots\" content=\"index, follow, max-snippet:-1, max-image-preview:large, max-video-preview:-1\" \/>\n<link rel=\"canonical\" href=\"https:\/\/multi-gyn.com\/lt\/produktas\/multi-gyn-floraplus\/\" \/>\n<meta property=\"og:locale\" content=\"lt_LT\" \/>\n<meta property=\"og:type\" content=\"article\" \/>\n<meta property=\"og:title\" content=\"\u201eMulti-Gyn FloraPlus\u201c - Multi-Gyn\" \/>\n<meta property=\"og:description\" content=\"\u201eMulti-Gyn FloraPlus\u201c gydo mak\u0161ties mielin\u0117s infekcijos simptomus, pavyzd\u017eiui, nie\u017e\u0117jim\u0105, dirginim\u0105 ir gr\u016bd\u0117tas, baltas i\u0161skyras. Nor\u0117damos gauti tiesiogin\u012f palengv\u0117jim\u0105, naudokite\u201eMulti-Gyn FloraPlus\u201c.\" \/>\n<meta property=\"og:url\" content=\"https:\/\/multi-gyn.com\/lt\/produktas\/multi-gyn-floraplus\/\" \/>\n<meta property=\"og:site_name\" content=\"Multi-Gyn\" \/>\n<meta property=\"article:modified_time\" content=\"2025-04-28T09:14:29+00:00\" \/>\n<meta property=\"og:image\" content=\"https:\/\/multi-gyn.com\/app\/uploads\/sites\/38\/2022\/12\/MultiGyn-FloraPlus.png\" \/>\n\t<meta property=\"og:image:width\" content=\"1024\" \/>\n\t<meta property=\"og:image:height\" content=\"1024\" \/>\n\t<meta property=\"og:image:type\" content=\"image\/png\" \/>\n<meta name=\"twitter:card\" content=\"summary_large_image\" \/>\n<meta name=\"twitter:label1\" content=\"Est. reading time\" \/>\n\t<meta name=\"twitter:data1\" content=\"1 minut\u0117\" \/>\n<script type=\"application\/ld+json\" class=\"yoast-schema-graph\">{\"@context\":\"https:\/\/schema.org\",\"@graph\":[{\"@type\":\"WebPage\",\"@id\":\"https:\/\/multi-gyn.com\/lt\/produktas\/multi-gyn-floraplus\/\",\"url\":\"https:\/\/multi-gyn.com\/lt\/produktas\/multi-gyn-floraplus\/\",\"name\":\"\u201eMulti-Gyn FloraPlus\u201c - Multi-Gyn\",\"isPartOf\":{\"@id\":\"https:\/\/multi-gyn.com\/lt\/#website\"},\"primaryImageOfPage\":{\"@id\":\"https:\/\/multi-gyn.com\/lt\/produktas\/multi-gyn-floraplus\/#primaryimage\"},\"image\":{\"@id\":\"https:\/\/multi-gyn.com\/lt\/produktas\/multi-gyn-floraplus\/#primaryimage\"},\"thumbnailUrl\":\"https:\/\/multi-gyn.com\/app\/uploads\/sites\/38\/2022\/12\/MultiGyn-FloraPlus.png\",\"datePublished\":\"2022-12-16T11:37:51+00:00\",\"dateModified\":\"2025-04-28T09:14:29+00:00\",\"description\":\"\u201eMulti-Gyn FloraPlus\u201c gydo mak\u0161ties mielin\u0117s infekcijos simptomus, pavyzd\u017eiui, nie\u017e\u0117jim\u0105, dirginim\u0105 ir gr\u016bd\u0117tas, baltas i\u0161skyras. Nor\u0117damos gauti tiesiogin\u012f palengv\u0117jim\u0105, naudokite\u201eMulti-Gyn FloraPlus\u201c.\",\"breadcrumb\":{\"@id\":\"https:\/\/multi-gyn.com\/lt\/produktas\/multi-gyn-floraplus\/#breadcrumb\"},\"inLanguage\":\"lt-LT\",\"potentialAction\":[{\"@type\":\"ReadAction\",\"target\":[\"https:\/\/multi-gyn.com\/lt\/produktas\/multi-gyn-floraplus\/\"]}]},{\"@type\":\"ImageObject\",\"inLanguage\":\"lt-LT\",\"@id\":\"https:\/\/multi-gyn.com\/lt\/produktas\/multi-gyn-floraplus\/#primaryimage\",\"url\":\"https:\/\/multi-gyn.com\/app\/uploads\/sites\/38\/2022\/12\/MultiGyn-FloraPlus.png\",\"contentUrl\":\"https:\/\/multi-gyn.com\/app\/uploads\/sites\/38\/2022\/12\/MultiGyn-FloraPlus.png\",\"width\":1024,\"height\":1024,\"caption\":\"Multi-Gyn FloraPlus\"},{\"@type\":\"BreadcrumbList\",\"@id\":\"https:\/\/multi-gyn.com\/lt\/produktas\/multi-gyn-floraplus\/#breadcrumb\",\"itemListElement\":[{\"@type\":\"ListItem\",\"position\":1,\"name\":\"Home\",\"item\":\"https:\/\/multi-gyn.com\/lt\/\"},{\"@type\":\"ListItem\",\"position\":2,\"name\":\"Produktai\",\"item\":\"https:\/\/multi-gyn.com\/lt\/produktai\/\"},{\"@type\":\"ListItem\",\"position\":3,\"name\":\"\u201eMulti-Gyn FloraPlus\u201c\"}]},{\"@type\":\"WebSite\",\"@id\":\"https:\/\/multi-gyn.com\/lt\/#website\",\"url\":\"https:\/\/multi-gyn.com\/lt\/\",\"name\":\"Multi-Gyn\",\"description\":\"\",\"publisher\":{\"@id\":\"https:\/\/multi-gyn.com\/lt\/#organization\"},\"potentialAction\":[{\"@type\":\"SearchAction\",\"target\":{\"@type\":\"EntryPoint\",\"urlTemplate\":\"https:\/\/multi-gyn.com\/lt\/?s={search_term_string}\"},\"query-input\":{\"@type\":\"PropertyValueSpecification\",\"valueRequired\":true,\"valueName\":\"search_term_string\"}}],\"inLanguage\":\"lt-LT\"},{\"@type\":\"Organization\",\"@id\":\"https:\/\/multi-gyn.com\/lt\/#organization\",\"name\":\"Multi-Gyn\",\"url\":\"https:\/\/multi-gyn.com\/lt\/\",\"logo\":{\"@type\":\"ImageObject\",\"inLanguage\":\"lt-LT\",\"@id\":\"https:\/\/multi-gyn.com\/lt\/#\/schema\/logo\/image\/\",\"url\":\"https:\/\/multi-gyn.com\/app\/uploads\/sites\/38\/2022\/12\/multi-gyn-logo.png\",\"contentUrl\":\"https:\/\/multi-gyn.com\/app\/uploads\/sites\/38\/2022\/12\/multi-gyn-logo.png\",\"width\":149,\"height\":32,\"caption\":\"Multi-Gyn\"},\"image\":{\"@id\":\"https:\/\/multi-gyn.com\/lt\/#\/schema\/logo\/image\/\"}}]}<\/script>\n<!-- \/ Yoast SEO plugin. -->","yoast_head_json":{"title":"\u201eMulti-Gyn FloraPlus\u201c - Multi-Gyn","description":"\u201eMulti-Gyn FloraPlus\u201c gydo mak\u0161ties mielin\u0117s infekcijos simptomus, pavyzd\u017eiui, nie\u017e\u0117jim\u0105, dirginim\u0105 ir gr\u016bd\u0117tas, baltas i\u0161skyras. Nor\u0117damos gauti tiesiogin\u012f palengv\u0117jim\u0105, naudokite\u201eMulti-Gyn FloraPlus\u201c.","robots":{"index":"index","follow":"follow","max-snippet":"max-snippet:-1","max-image-preview":"max-image-preview:large","max-video-preview":"max-video-preview:-1"},"canonical":"https:\/\/multi-gyn.com\/lt\/produktas\/multi-gyn-floraplus\/","og_locale":"lt_LT","og_type":"article","og_title":"\u201eMulti-Gyn FloraPlus\u201c - Multi-Gyn","og_description":"\u201eMulti-Gyn FloraPlus\u201c gydo mak\u0161ties mielin\u0117s infekcijos simptomus, pavyzd\u017eiui, nie\u017e\u0117jim\u0105, dirginim\u0105 ir gr\u016bd\u0117tas, baltas i\u0161skyras. Nor\u0117damos gauti tiesiogin\u012f palengv\u0117jim\u0105, naudokite\u201eMulti-Gyn FloraPlus\u201c.","og_url":"https:\/\/multi-gyn.com\/lt\/produktas\/multi-gyn-floraplus\/","og_site_name":"Multi-Gyn","article_modified_time":"2025-04-28T09:14:29+00:00","og_image":[{"width":1024,"height":1024,"url":"https:\/\/multi-gyn.com\/app\/uploads\/sites\/38\/2022\/12\/MultiGyn-FloraPlus.png","type":"image\/png"}],"twitter_card":"summary_large_image","twitter_misc":{"Est. reading time":"1 minut\u0117"},"schema":{"@context":"https:\/\/schema.org","@graph":[{"@type":"WebPage","@id":"https:\/\/multi-gyn.com\/lt\/produktas\/multi-gyn-floraplus\/","url":"https:\/\/multi-gyn.com\/lt\/produktas\/multi-gyn-floraplus\/","name":"\u201eMulti-Gyn FloraPlus\u201c - Multi-Gyn","isPartOf":{"@id":"https:\/\/multi-gyn.com\/lt\/#website"},"primaryImageOfPage":{"@id":"https:\/\/multi-gyn.com\/lt\/produktas\/multi-gyn-floraplus\/#primaryimage"},"image":{"@id":"https:\/\/multi-gyn.com\/lt\/produktas\/multi-gyn-floraplus\/#primaryimage"},"thumbnailUrl":"https:\/\/multi-gyn.com\/app\/uploads\/sites\/38\/2022\/12\/MultiGyn-FloraPlus.png","datePublished":"2022-12-16T11:37:51+00:00","dateModified":"2025-04-28T09:14:29+00:00","description":"\u201eMulti-Gyn FloraPlus\u201c gydo mak\u0161ties mielin\u0117s infekcijos simptomus, pavyzd\u017eiui, nie\u017e\u0117jim\u0105, dirginim\u0105 ir gr\u016bd\u0117tas, baltas i\u0161skyras. Nor\u0117damos gauti tiesiogin\u012f palengv\u0117jim\u0105, naudokite\u201eMulti-Gyn FloraPlus\u201c.","breadcrumb":{"@id":"https:\/\/multi-gyn.com\/lt\/produktas\/multi-gyn-floraplus\/#breadcrumb"},"inLanguage":"lt-LT","potentialAction":[{"@type":"ReadAction","target":["https:\/\/multi-gyn.com\/lt\/produktas\/multi-gyn-floraplus\/"]}]},{"@type":"ImageObject","inLanguage":"lt-LT","@id":"https:\/\/multi-gyn.com\/lt\/produktas\/multi-gyn-floraplus\/#primaryimage","url":"https:\/\/multi-gyn.com\/app\/uploads\/sites\/38\/2022\/12\/MultiGyn-FloraPlus.png","contentUrl":"https:\/\/multi-gyn.com\/app\/uploads\/sites\/38\/2022\/12\/MultiGyn-FloraPlus.png","width":1024,"height":1024,"caption":"Multi-Gyn FloraPlus"},{"@type":"BreadcrumbList","@id":"https:\/\/multi-gyn.com\/lt\/produktas\/multi-gyn-floraplus\/#breadcrumb","itemListElement":[{"@type":"ListItem","position":1,"name":"Home","item":"https:\/\/multi-gyn.com\/lt\/"},{"@type":"ListItem","position":2,"name":"Produktai","item":"https:\/\/multi-gyn.com\/lt\/produktai\/"},{"@type":"ListItem","position":3,"name":"\u201eMulti-Gyn FloraPlus\u201c"}]},{"@type":"WebSite","@id":"https:\/\/multi-gyn.com\/lt\/#website","url":"https:\/\/multi-gyn.com\/lt\/","name":"Multi-Gyn","description":"","publisher":{"@id":"https:\/\/multi-gyn.com\/lt\/#organization"},"potentialAction":[{"@type":"SearchAction","target":{"@type":"EntryPoint","urlTemplate":"https:\/\/multi-gyn.com\/lt\/?s={search_term_string}"},"query-input":{"@type":"PropertyValueSpecification","valueRequired":true,"valueName":"search_term_string"}}],"inLanguage":"lt-LT"},{"@type":"Organization","@id":"https:\/\/multi-gyn.com\/lt\/#organization","name":"Multi-Gyn","url":"https:\/\/multi-gyn.com\/lt\/","logo":{"@type":"ImageObject","inLanguage":"lt-LT","@id":"https:\/\/multi-gyn.com\/lt\/#\/schema\/logo\/image\/","url":"https:\/\/multi-gyn.com\/app\/uploads\/sites\/38\/2022\/12\/multi-gyn-logo.png","contentUrl":"https:\/\/multi-gyn.com\/app\/uploads\/sites\/38\/2022\/12\/multi-gyn-logo.png","width":149,"height":32,"caption":"Multi-Gyn"},"image":{"@id":"https:\/\/multi-gyn.com\/lt\/#\/schema\/logo\/image\/"}}]}},"_links":{"self":[{"href":"https:\/\/multi-gyn.com\/lt\/wp-json\/wp\/v2\/product\/92","targetHints":{"allow":["GET"]}}],"collection":[{"href":"https:\/\/multi-gyn.com\/lt\/wp-json\/wp\/v2\/product"}],"about":[{"href":"https:\/\/multi-gyn.com\/lt\/wp-json\/wp\/v2\/types\/product"}],"replies":[{"embeddable":true,"href":"https:\/\/multi-gyn.com\/lt\/wp-json\/wp\/v2\/comments?post=92"}],"version-history":[{"count":8,"href":"https:\/\/multi-gyn.com\/lt\/wp-json\/wp\/v2\/product\/92\/revisions"}],"predecessor-version":[{"id":223,"href":"https:\/\/multi-gyn.com\/lt\/wp-json\/wp\/v2\/product\/92\/revisions\/223"}],"wp:featuredmedia":[{"embeddable":true,"href":"https:\/\/multi-gyn.com\/lt\/wp-json\/wp\/v2\/media\/93"}],"wp:attachment":[{"href":"https:\/\/multi-gyn.com\/lt\/wp-json\/wp\/v2\/media?parent=92"}],"wp:term":[{"taxonomy":"product_brand","embeddable":true,"href":"https:\/\/multi-gyn.com\/lt\/wp-json\/wp\/v2\/product_brand?post=92"},{"taxonomy":"product_cat","embeddable":true,"href":"https:\/\/multi-gyn.com\/lt\/wp-json\/wp\/v2\/product_cat?post=92"},{"taxonomy":"product_tag","embeddable":true,"href":"https:\/\/multi-gyn.com\/lt\/wp-json\/wp\/v2\/product_tag?post=92"}],"curies":[{"name":"wp","href":"https:\/\/api.w.org\/{rel}","templated":true}]}}