{"id":96,"date":"2022-12-19T11:13:10","date_gmt":"2022-12-19T09:13:10","guid":{"rendered":"https:\/\/multi-gyn.com\/lt\/?post_type=product&#038;p=96"},"modified":"2025-06-09T11:41:43","modified_gmt":"2025-06-09T08:41:43","slug":"multi-gyn-liquigel","status":"publish","type":"product","link":"https:\/\/multi-gyn.com\/lt\/produktas\/multi-gyn-liquigel\/","title":{"rendered":"\u201eMulti-Gyn LiquiGel\u201c"},"content":{"rendered":"\n<div class=\"wp-block-karopharma-accordions is-style-secondary\"><div class=\"container\">\n<details class=\"wp-block-karopharma-accordion\"><summary><h2 class=\"accordion-title\">Sudedamosios dalys<\/h2><\/summary><div class=\"accordion-content\">\n<p>Vanduo, 2QR kompleksas* 25 %, glicerinas 25 %, betainas, ksantano derva, kaprililio glikolis, natrio levulinatas, natrio anizatas, citrin\u0173 r\u016bg\u0161tis, natrio benzoatas, kalio sorbatas.<\/p>\n<\/div><\/details>\n\n\n\n<details class=\"wp-block-karopharma-accordion\"><summary><h2 class=\"accordion-title\">Naudojimas<\/h2><\/summary><div class=\"accordion-content\">\n<p>Jei vargina mak\u0161ties sausumas, bent kart\u0105 per dien\u0105 arba pagal poreik\u012f u\u017etepkite pakankam\u0105 kiek\u012f \u201eMulti-Gyn LiquiGel\u201c.<br>I\u0161saus\u0117jus i\u0161orinei lytini\u0173 organ\u0173 (vulvos) sri\u010diai, galite u\u017etepti \u201eMulti-Gyn LiquiGel\u201c pir\u0161tu. Prie\u0161 tepdamos gel\u012f ir po to visada nusiplaukite rankas. Tepant i\u0161 vidaus, galima naudoti special\u0173 aplikatori\u0173.<\/p>\n\n\n\n<p>\u012esp\u0117jimas<br>Jei nusiskundimai i\u0161lieka arba kartojasi, kreipkit\u0117s \u012f savo gydytoj\u0105.<\/p>\n<\/div><\/details>\n\n\n\n<details class=\"wp-block-karopharma-accordion\"><summary><h2 class=\"accordion-title\">Ar galiu naudoti \u201eMulti-Gyn LiquiGel\u201c ir per menopauz\u0119?<\/h2><\/summary><div class=\"accordion-content\">\n<p>Taip. \u201eMulti-Gyn LiquiGel\u201c skirtas kiekvienai moteriai, kuri patiria mak\u0161ties sausum\u0105. Tam gali b\u016bti \u012fvairi\u0173 prie\u017eas\u010di\u0173, pavyzd\u017eiui, hormon\u0173 poky\u010diai, vaist\u0173 vartojimas, l\u0117tin\u0117s ligos, menstruacijos, po gimdymo ar d\u0117l tampon\u0173 naudojimo ir t. t.<\/p>\n<\/div><\/details>\n\n\n\n<details class=\"wp-block-karopharma-accordion\"><summary><h2 class=\"accordion-title\">Ar galiu naudoti \u201eMulti-Gyn LiquiGel\u201c kaip lubrikant\u0105?<\/h2><\/summary><div class=\"accordion-content\">\n<p>\u201eMulti-Gyn LiquiGel\u201c galite naudoti kaip lubrikant\u0105, bet jis skirtas spr\u0119sti moter\u0173, kurios patiria mak\u0161ties sausum\u0105 d\u0117l hormon\u0173 poky\u010di\u0173 arba ilgo vaist\u0173 vartojimo, problemas. Vis d\u0117lto, naudojant j\u012f kaip lubrikant\u0105, \u017ealos n\u0117ra.<\/p>\n<\/div><\/details>\n<\/div><\/div>\n","protected":false},"excerpt":{"rendered":"<p>Gydo ir palengvina mak\u0161ties sausum\u0105<\/p>\n","protected":false},"featured_media":229,"comment_status":"closed","ping_status":"closed","template":"","meta":{"_acf_changed":false,"footnotes":""},"product_brand":[],"product_cat":[18],"product_tag":[],"class_list":{"0":"post-96","1":"product","2":"type-product","3":"status-publish","4":"has-post-thumbnail","6":"product_cat-gydymas","8":"first","9":"instock","10":"shipping-taxable","11":"product-type-simple"},"acf":[],"yoast_head":"<!-- This site is optimized with the Yoast SEO plugin v26.6 - https:\/\/yoast.com\/wordpress\/plugins\/seo\/ -->\n<title>\u201eMulti-Gyn LiquiGel\u201c - Multi-Gyn<\/title>\n<meta name=\"description\" content=\"Tada grei\u010diausiai J\u016bs\u0173 mak\u0161tis yra sausa. \u201eMulti-Gyn LiquiGel\u201c gydo ir akimirksniu palengvina dirginim\u0105 ir su mak\u0161ties sausumu susijus\u012f diskomfort\u0105.\" \/>\n<meta name=\"robots\" content=\"index, follow, max-snippet:-1, max-image-preview:large, max-video-preview:-1\" \/>\n<link rel=\"canonical\" href=\"https:\/\/multi-gyn.com\/lt\/produktas\/multi-gyn-liquigel\/\" \/>\n<meta property=\"og:locale\" content=\"lt_LT\" \/>\n<meta property=\"og:type\" content=\"article\" \/>\n<meta property=\"og:title\" content=\"\u201eMulti-Gyn LiquiGel\u201c - Multi-Gyn\" \/>\n<meta property=\"og:description\" content=\"Tada grei\u010diausiai J\u016bs\u0173 mak\u0161tis yra sausa. \u201eMulti-Gyn LiquiGel\u201c gydo ir akimirksniu palengvina dirginim\u0105 ir su mak\u0161ties sausumu susijus\u012f diskomfort\u0105.\" \/>\n<meta property=\"og:url\" content=\"https:\/\/multi-gyn.com\/lt\/produktas\/multi-gyn-liquigel\/\" \/>\n<meta property=\"og:site_name\" content=\"Multi-Gyn\" \/>\n<meta property=\"article:modified_time\" content=\"2025-06-09T08:41:43+00:00\" \/>\n<meta property=\"og:image\" content=\"https:\/\/multi-gyn.com\/app\/uploads\/sites\/38\/2022\/12\/Multi-Gyn-LiquiGel-1.png\" \/>\n\t<meta property=\"og:image:width\" content=\"700\" \/>\n\t<meta property=\"og:image:height\" content=\"700\" \/>\n\t<meta property=\"og:image:type\" content=\"image\/png\" \/>\n<meta name=\"twitter:card\" content=\"summary_large_image\" \/>\n<meta name=\"twitter:label1\" content=\"Est. reading time\" \/>\n\t<meta name=\"twitter:data1\" content=\"2 minut\u0117s\" \/>\n<script type=\"application\/ld+json\" class=\"yoast-schema-graph\">{\"@context\":\"https:\/\/schema.org\",\"@graph\":[{\"@type\":\"WebPage\",\"@id\":\"https:\/\/multi-gyn.com\/lt\/produktas\/multi-gyn-liquigel\/\",\"url\":\"https:\/\/multi-gyn.com\/lt\/produktas\/multi-gyn-liquigel\/\",\"name\":\"\u201eMulti-Gyn LiquiGel\u201c - Multi-Gyn\",\"isPartOf\":{\"@id\":\"https:\/\/multi-gyn.com\/lt\/#website\"},\"primaryImageOfPage\":{\"@id\":\"https:\/\/multi-gyn.com\/lt\/produktas\/multi-gyn-liquigel\/#primaryimage\"},\"image\":{\"@id\":\"https:\/\/multi-gyn.com\/lt\/produktas\/multi-gyn-liquigel\/#primaryimage\"},\"thumbnailUrl\":\"https:\/\/multi-gyn.com\/app\/uploads\/sites\/38\/2022\/12\/Multi-Gyn-LiquiGel-1.png\",\"datePublished\":\"2022-12-19T09:13:10+00:00\",\"dateModified\":\"2025-06-09T08:41:43+00:00\",\"description\":\"Tada grei\u010diausiai J\u016bs\u0173 mak\u0161tis yra sausa. \u201eMulti-Gyn LiquiGel\u201c gydo ir akimirksniu palengvina dirginim\u0105 ir su mak\u0161ties sausumu susijus\u012f diskomfort\u0105.\",\"breadcrumb\":{\"@id\":\"https:\/\/multi-gyn.com\/lt\/produktas\/multi-gyn-liquigel\/#breadcrumb\"},\"inLanguage\":\"lt-LT\",\"potentialAction\":[{\"@type\":\"ReadAction\",\"target\":[\"https:\/\/multi-gyn.com\/lt\/produktas\/multi-gyn-liquigel\/\"]}]},{\"@type\":\"ImageObject\",\"inLanguage\":\"lt-LT\",\"@id\":\"https:\/\/multi-gyn.com\/lt\/produktas\/multi-gyn-liquigel\/#primaryimage\",\"url\":\"https:\/\/multi-gyn.com\/app\/uploads\/sites\/38\/2022\/12\/Multi-Gyn-LiquiGel-1.png\",\"contentUrl\":\"https:\/\/multi-gyn.com\/app\/uploads\/sites\/38\/2022\/12\/Multi-Gyn-LiquiGel-1.png\",\"width\":700,\"height\":700,\"caption\":\"Multi-Gyn-LiquiGel\"},{\"@type\":\"BreadcrumbList\",\"@id\":\"https:\/\/multi-gyn.com\/lt\/produktas\/multi-gyn-liquigel\/#breadcrumb\",\"itemListElement\":[{\"@type\":\"ListItem\",\"position\":1,\"name\":\"Home\",\"item\":\"https:\/\/multi-gyn.com\/lt\/\"},{\"@type\":\"ListItem\",\"position\":2,\"name\":\"Produktai\",\"item\":\"https:\/\/multi-gyn.com\/lt\/produktai\/\"},{\"@type\":\"ListItem\",\"position\":3,\"name\":\"\u201eMulti-Gyn LiquiGel\u201c\"}]},{\"@type\":\"WebSite\",\"@id\":\"https:\/\/multi-gyn.com\/lt\/#website\",\"url\":\"https:\/\/multi-gyn.com\/lt\/\",\"name\":\"Multi-Gyn\",\"description\":\"\",\"publisher\":{\"@id\":\"https:\/\/multi-gyn.com\/lt\/#organization\"},\"potentialAction\":[{\"@type\":\"SearchAction\",\"target\":{\"@type\":\"EntryPoint\",\"urlTemplate\":\"https:\/\/multi-gyn.com\/lt\/?s={search_term_string}\"},\"query-input\":{\"@type\":\"PropertyValueSpecification\",\"valueRequired\":true,\"valueName\":\"search_term_string\"}}],\"inLanguage\":\"lt-LT\"},{\"@type\":\"Organization\",\"@id\":\"https:\/\/multi-gyn.com\/lt\/#organization\",\"name\":\"Multi-Gyn\",\"url\":\"https:\/\/multi-gyn.com\/lt\/\",\"logo\":{\"@type\":\"ImageObject\",\"inLanguage\":\"lt-LT\",\"@id\":\"https:\/\/multi-gyn.com\/lt\/#\/schema\/logo\/image\/\",\"url\":\"https:\/\/multi-gyn.com\/app\/uploads\/sites\/38\/2022\/12\/multi-gyn-logo.png\",\"contentUrl\":\"https:\/\/multi-gyn.com\/app\/uploads\/sites\/38\/2022\/12\/multi-gyn-logo.png\",\"width\":149,\"height\":32,\"caption\":\"Multi-Gyn\"},\"image\":{\"@id\":\"https:\/\/multi-gyn.com\/lt\/#\/schema\/logo\/image\/\"}}]}<\/script>\n<!-- \/ Yoast SEO plugin. -->","yoast_head_json":{"title":"\u201eMulti-Gyn LiquiGel\u201c - Multi-Gyn","description":"Tada grei\u010diausiai J\u016bs\u0173 mak\u0161tis yra sausa. \u201eMulti-Gyn LiquiGel\u201c gydo ir akimirksniu palengvina dirginim\u0105 ir su mak\u0161ties sausumu susijus\u012f diskomfort\u0105.","robots":{"index":"index","follow":"follow","max-snippet":"max-snippet:-1","max-image-preview":"max-image-preview:large","max-video-preview":"max-video-preview:-1"},"canonical":"https:\/\/multi-gyn.com\/lt\/produktas\/multi-gyn-liquigel\/","og_locale":"lt_LT","og_type":"article","og_title":"\u201eMulti-Gyn LiquiGel\u201c - Multi-Gyn","og_description":"Tada grei\u010diausiai J\u016bs\u0173 mak\u0161tis yra sausa. \u201eMulti-Gyn LiquiGel\u201c gydo ir akimirksniu palengvina dirginim\u0105 ir su mak\u0161ties sausumu susijus\u012f diskomfort\u0105.","og_url":"https:\/\/multi-gyn.com\/lt\/produktas\/multi-gyn-liquigel\/","og_site_name":"Multi-Gyn","article_modified_time":"2025-06-09T08:41:43+00:00","og_image":[{"width":700,"height":700,"url":"https:\/\/multi-gyn.com\/app\/uploads\/sites\/38\/2022\/12\/Multi-Gyn-LiquiGel-1.png","type":"image\/png"}],"twitter_card":"summary_large_image","twitter_misc":{"Est. reading time":"2 minut\u0117s"},"schema":{"@context":"https:\/\/schema.org","@graph":[{"@type":"WebPage","@id":"https:\/\/multi-gyn.com\/lt\/produktas\/multi-gyn-liquigel\/","url":"https:\/\/multi-gyn.com\/lt\/produktas\/multi-gyn-liquigel\/","name":"\u201eMulti-Gyn LiquiGel\u201c - Multi-Gyn","isPartOf":{"@id":"https:\/\/multi-gyn.com\/lt\/#website"},"primaryImageOfPage":{"@id":"https:\/\/multi-gyn.com\/lt\/produktas\/multi-gyn-liquigel\/#primaryimage"},"image":{"@id":"https:\/\/multi-gyn.com\/lt\/produktas\/multi-gyn-liquigel\/#primaryimage"},"thumbnailUrl":"https:\/\/multi-gyn.com\/app\/uploads\/sites\/38\/2022\/12\/Multi-Gyn-LiquiGel-1.png","datePublished":"2022-12-19T09:13:10+00:00","dateModified":"2025-06-09T08:41:43+00:00","description":"Tada grei\u010diausiai J\u016bs\u0173 mak\u0161tis yra sausa. \u201eMulti-Gyn LiquiGel\u201c gydo ir akimirksniu palengvina dirginim\u0105 ir su mak\u0161ties sausumu susijus\u012f diskomfort\u0105.","breadcrumb":{"@id":"https:\/\/multi-gyn.com\/lt\/produktas\/multi-gyn-liquigel\/#breadcrumb"},"inLanguage":"lt-LT","potentialAction":[{"@type":"ReadAction","target":["https:\/\/multi-gyn.com\/lt\/produktas\/multi-gyn-liquigel\/"]}]},{"@type":"ImageObject","inLanguage":"lt-LT","@id":"https:\/\/multi-gyn.com\/lt\/produktas\/multi-gyn-liquigel\/#primaryimage","url":"https:\/\/multi-gyn.com\/app\/uploads\/sites\/38\/2022\/12\/Multi-Gyn-LiquiGel-1.png","contentUrl":"https:\/\/multi-gyn.com\/app\/uploads\/sites\/38\/2022\/12\/Multi-Gyn-LiquiGel-1.png","width":700,"height":700,"caption":"Multi-Gyn-LiquiGel"},{"@type":"BreadcrumbList","@id":"https:\/\/multi-gyn.com\/lt\/produktas\/multi-gyn-liquigel\/#breadcrumb","itemListElement":[{"@type":"ListItem","position":1,"name":"Home","item":"https:\/\/multi-gyn.com\/lt\/"},{"@type":"ListItem","position":2,"name":"Produktai","item":"https:\/\/multi-gyn.com\/lt\/produktai\/"},{"@type":"ListItem","position":3,"name":"\u201eMulti-Gyn LiquiGel\u201c"}]},{"@type":"WebSite","@id":"https:\/\/multi-gyn.com\/lt\/#website","url":"https:\/\/multi-gyn.com\/lt\/","name":"Multi-Gyn","description":"","publisher":{"@id":"https:\/\/multi-gyn.com\/lt\/#organization"},"potentialAction":[{"@type":"SearchAction","target":{"@type":"EntryPoint","urlTemplate":"https:\/\/multi-gyn.com\/lt\/?s={search_term_string}"},"query-input":{"@type":"PropertyValueSpecification","valueRequired":true,"valueName":"search_term_string"}}],"inLanguage":"lt-LT"},{"@type":"Organization","@id":"https:\/\/multi-gyn.com\/lt\/#organization","name":"Multi-Gyn","url":"https:\/\/multi-gyn.com\/lt\/","logo":{"@type":"ImageObject","inLanguage":"lt-LT","@id":"https:\/\/multi-gyn.com\/lt\/#\/schema\/logo\/image\/","url":"https:\/\/multi-gyn.com\/app\/uploads\/sites\/38\/2022\/12\/multi-gyn-logo.png","contentUrl":"https:\/\/multi-gyn.com\/app\/uploads\/sites\/38\/2022\/12\/multi-gyn-logo.png","width":149,"height":32,"caption":"Multi-Gyn"},"image":{"@id":"https:\/\/multi-gyn.com\/lt\/#\/schema\/logo\/image\/"}}]}},"_links":{"self":[{"href":"https:\/\/multi-gyn.com\/lt\/wp-json\/wp\/v2\/product\/96","targetHints":{"allow":["GET"]}}],"collection":[{"href":"https:\/\/multi-gyn.com\/lt\/wp-json\/wp\/v2\/product"}],"about":[{"href":"https:\/\/multi-gyn.com\/lt\/wp-json\/wp\/v2\/types\/product"}],"replies":[{"embeddable":true,"href":"https:\/\/multi-gyn.com\/lt\/wp-json\/wp\/v2\/comments?post=96"}],"version-history":[{"count":10,"href":"https:\/\/multi-gyn.com\/lt\/wp-json\/wp\/v2\/product\/96\/revisions"}],"predecessor-version":[{"id":246,"href":"https:\/\/multi-gyn.com\/lt\/wp-json\/wp\/v2\/product\/96\/revisions\/246"}],"wp:featuredmedia":[{"embeddable":true,"href":"https:\/\/multi-gyn.com\/lt\/wp-json\/wp\/v2\/media\/229"}],"wp:attachment":[{"href":"https:\/\/multi-gyn.com\/lt\/wp-json\/wp\/v2\/media?parent=96"}],"wp:term":[{"taxonomy":"product_brand","embeddable":true,"href":"https:\/\/multi-gyn.com\/lt\/wp-json\/wp\/v2\/product_brand?post=96"},{"taxonomy":"product_cat","embeddable":true,"href":"https:\/\/multi-gyn.com\/lt\/wp-json\/wp\/v2\/product_cat?post=96"},{"taxonomy":"product_tag","embeddable":true,"href":"https:\/\/multi-gyn.com\/lt\/wp-json\/wp\/v2\/product_tag?post=96"}],"curies":[{"name":"wp","href":"https:\/\/api.w.org\/{rel}","templated":true}]}}