{"id":42,"date":"2023-01-02T15:11:52","date_gmt":"2023-01-02T13:11:52","guid":{"rendered":"https:\/\/multi-gyn.com\/lv\/?page_id=42"},"modified":"2025-10-10T11:56:46","modified_gmt":"2025-10-10T08:56:46","slug":"buj","status":"publish","type":"page","link":"https:\/\/multi-gyn.com\/lv\/buj\/","title":{"rendered":"BUJ"},"content":{"rendered":"\n<div class=\"wp-block-karopharma-free-text pt-large pb-large bg-center bg-cover bg-no-repeat\" style=\"background-image:url(https:\/\/multi-gyn.com\/cdn-cgi\/image\/format=auto\/app\/uploads\/sites\/40\/2025\/10\/Multi-Gyn_1920x750_Banner_FAQ.jpg)\"><div class=\"free-text-wrapper container max-w-medium text-center\">\n<div style=\"height:100px\" aria-hidden=\"true\" class=\"wp-block-spacer is-style-responsive-medium\"><\/div>\n\n\n\n<h1 class=\"wp-block-heading is-style-heading-huge has-white-color has-text-color\">BUJ<\/h1>\n\n\n\n<div style=\"height:100px\" aria-hidden=\"true\" class=\"wp-block-spacer is-style-responsive-medium\"><\/div>\n<\/div><\/div>\n\n\n\n<div class=\"wp-block-karopharma-accordions\"><div class=\"container\">\n<details class=\"wp-block-karopharma-accordion\"><summary><h2 class=\"accordion-title\">Kas ir bakteri\u0101l\u0101 vaginoze?<\/h2><\/summary><div class=\"accordion-content\">\n<p>Liel\u0101kajai da\u013cai sievie\u0161u maksts laiku pa laikam nedaudz smako, un parasti par to nav j\u0101uztraucas. Bet, ja smaka, kas n\u0101k no maksts, ir stipra un atg\u0101dina sapuvu\u0161as zivis, tas var\u0113tu liecin\u0101t par bakteri\u0101lo vaginozi vai BV. Bakteri\u0101l\u0101 vaginoze ir visizplat\u012bt\u0101k\u0101 maksts infekcija, kas izraisa smaku, un t\u0101 ietekm\u0113 katru ceturto sievieti Eirop\u0101. Sieviet\u0113m reprodukt\u012bv\u0101 vecum\u0101 ir visliel\u0101kais BV risks, ta\u010du varat infic\u0113ties jebkur\u0101 vecum\u0101. Kaut ar\u012b BV izraisa bakt\u0113riju nel\u012bdzsvarot\u012bba un t\u0101 netiek uzskat\u012bta par seksu\u0101li transmis\u012bvu slim\u012bbu, tas var palielin\u0101t risku saslimt ar nopietn\u0101ku slim\u012bbu, piem\u0113ram, hlam\u012bdij\u0101m. Lab\u0101 zi\u0146a ir t\u0101, ka BV ir viegli \u0101rst\u0113jama slim\u012bba un nov\u0113r\u0161ama ar dab\u012bgiem produktiem, kurus varat ieg\u0101d\u0101ties tie\u0161saist\u0113 vai viet\u0113j\u0101 aptiek\u0101.<\/p>\n<\/div><\/details>\n\n\n\n<details class=\"wp-block-karopharma-accordion\"><summary><h2 class=\"accordion-title\">Kas ir maksts s\u0113n\u012b\u0161u infekcija?<\/h2><\/summary><div class=\"accordion-content\">\n<p>Vai j\u016bsu maksts zon\u0101 ir niezo\u0161a un kairin\u0101ta \u0101da? Vai esat paman\u012bjusi biezus, baltus izdal\u012bjumus, kas l\u012bdzin\u0101s biezpienam? Vai dodoties uz tualeti, j\u016bs j\u016btat dedzino\u0161u saj\u016btu ap maksti? Tad jums var b\u016bt s\u0113n\u012b\u0161u infekcija \u2013 un j\u016bs neesat viena, ko skar \u0161\u012b probl\u0113ma. Tr\u012bs no \u010detr\u0101m sieviet\u0113m vismaz reizi m\u016b\u017e\u0101 ir bijusi s\u0113n\u012b\u0161u infekcija, un daudzas sievietes cie\u0161 no atk\u0101rtot\u0101m infekcij\u0101m. Par laimi, s\u0113n\u012b\u0161u infekcijas nav b\u012bstamas, un liel\u0101ko da\u013cu no t\u0101m var viegli iz\u0101rst\u0113t un nov\u0113rst, lietojot produktus, kurus varat ieg\u0101d\u0101ties tie\u0161saist\u0113 vai nopirkt viet\u0113j\u0101 aptiek\u0101.<\/p>\n<\/div><\/details>\n\n\n\n<details class=\"wp-block-karopharma-accordion\"><summary><h2 class=\"accordion-title\">K\u0101p\u0113c mana maksts ir sausa?<\/h2><\/summary><div class=\"accordion-content\">\n<p>Karstuma vi\u013c\u0146i un neregul\u0101ras m\u0113ne\u0161reizes ir divas labi zin\u0101mas paz\u012bmes, ka menopauze var\u0113tu klauv\u0113t pie durv\u012bm. Bet vai j\u016bs zin\u0101j\u0101t, ka maksts sausums un maksts kairin\u0101jums ar\u012b ir bie\u017ei sastopami menopauzes simptomi? Jo, novecojot, noveco ar\u012b maksts. Parasti estrog\u0113ns pal\u012bdz iee\u013c\u013cot maksti un uztur\u0113t t\u0101s vesel\u012bbu, bet, iest\u0101joties menopauzei, sievie\u0161u dzimumhormonu ra\u017eo\u0161ana iev\u0113rojami samazin\u0101s. T\u0101 rezult\u0101t\u0101 maksts audi k\u013c\u016bst pl\u0101n\u0101ki, tie iz\u017e\u016bst un vair\u0101k pak\u013cauti iekaisumam, ko sauc par maksts sausumu. Bet menopauze nav vien\u012bgais iemesls, k\u0101p\u0113c estrog\u0113na l\u012bmenis var pazemin\u0101ties. Dzemd\u012bbas, baro\u0161ana ar kr\u016bti, noteikti vesel\u012bbas apst\u0101k\u013ci un peror\u0101l\u0101s kontracepcijas lieto\u0161ana ar\u012b var samazin\u0101t estrog\u0113nu daudzumu un savuk\u0101rt izrais\u012bt maksts sausumu. Da\u017eos gad\u012bjumos sausa maksts visp\u0101r nav saist\u012bta ar estrog\u0113nu, bet gan ar p\u0101rm\u0113r\u012bgu higi\u0113nu. Neatkar\u012bgi no t\u0101, kas izraisa j\u016bsu maksts Sah\u0101ras tuksne\u0161a sausumu, var pal\u012bdz\u0113t dro\u0161i un efekt\u012bvi \u0101rstnieciskie l\u012bdzek\u013ci.<\/p>\n<\/div><\/details>\n<\/div><\/div>\n","protected":false},"excerpt":{"rendered":"","protected":false},"author":2,"featured_media":0,"parent":0,"menu_order":0,"comment_status":"closed","ping_status":"closed","template":"","meta":{"_acf_changed":false,"footnotes":""},"from-article-database":[],"class_list":["post-42","page","type-page","status-publish","hentry"],"acf":[],"yoast_head":"<!-- This site is optimized with the Yoast SEO plugin v26.6 - https:\/\/yoast.com\/wordpress\/plugins\/seo\/ -->\n<title>BUJ - Multi-Gyn<\/title>\n<meta name=\"description\" content=\"Kas ir bakteri\u0101l\u0101 vaginoze? Kas ir maksts s\u0113n\u012b\u0161u infekcija? K\u0101p\u0113c mana maksts ir sausa?\" \/>\n<meta name=\"robots\" content=\"index, follow, max-snippet:-1, max-image-preview:large, max-video-preview:-1\" \/>\n<link rel=\"canonical\" href=\"https:\/\/multi-gyn.com\/lv\/buj\/\" \/>\n<meta property=\"og:locale\" content=\"lv_LV\" \/>\n<meta property=\"og:type\" content=\"article\" \/>\n<meta property=\"og:title\" content=\"BUJ - Multi-Gyn\" \/>\n<meta property=\"og:description\" content=\"Kas ir bakteri\u0101l\u0101 vaginoze? Kas ir maksts s\u0113n\u012b\u0161u infekcija? K\u0101p\u0113c mana maksts ir sausa?\" \/>\n<meta property=\"og:url\" content=\"https:\/\/multi-gyn.com\/lv\/buj\/\" \/>\n<meta property=\"og:site_name\" content=\"Multi-Gyn\" \/>\n<meta property=\"article:modified_time\" content=\"2025-10-10T08:56:46+00:00\" \/>\n<meta name=\"twitter:card\" content=\"summary_large_image\" \/>\n<meta name=\"twitter:label1\" content=\"Est. reading time\" \/>\n\t<meta name=\"twitter:data1\" content=\"2 minutes\" \/>\n<script type=\"application\/ld+json\" class=\"yoast-schema-graph\">{\"@context\":\"https:\/\/schema.org\",\"@graph\":[{\"@type\":\"WebPage\",\"@id\":\"https:\/\/multi-gyn.com\/lv\/buj\/\",\"url\":\"https:\/\/multi-gyn.com\/lv\/buj\/\",\"name\":\"BUJ - Multi-Gyn\",\"isPartOf\":{\"@id\":\"https:\/\/multi-gyn.com\/lv\/#website\"},\"datePublished\":\"2023-01-02T13:11:52+00:00\",\"dateModified\":\"2025-10-10T08:56:46+00:00\",\"description\":\"Kas ir bakteri\u0101l\u0101 vaginoze? Kas ir maksts s\u0113n\u012b\u0161u infekcija? K\u0101p\u0113c mana maksts ir sausa?\",\"breadcrumb\":{\"@id\":\"https:\/\/multi-gyn.com\/lv\/buj\/#breadcrumb\"},\"inLanguage\":\"lv-LV\",\"potentialAction\":[{\"@type\":\"ReadAction\",\"target\":[\"https:\/\/multi-gyn.com\/lv\/buj\/\"]}]},{\"@type\":\"BreadcrumbList\",\"@id\":\"https:\/\/multi-gyn.com\/lv\/buj\/#breadcrumb\",\"itemListElement\":[{\"@type\":\"ListItem\",\"position\":1,\"name\":\"Home\",\"item\":\"https:\/\/multi-gyn.com\/lv\/\"},{\"@type\":\"ListItem\",\"position\":2,\"name\":\"BUJ\"}]},{\"@type\":\"WebSite\",\"@id\":\"https:\/\/multi-gyn.com\/lv\/#website\",\"url\":\"https:\/\/multi-gyn.com\/lv\/\",\"name\":\"Multi-Gyn\",\"description\":\"\",\"publisher\":{\"@id\":\"https:\/\/multi-gyn.com\/lv\/#organization\"},\"potentialAction\":[{\"@type\":\"SearchAction\",\"target\":{\"@type\":\"EntryPoint\",\"urlTemplate\":\"https:\/\/multi-gyn.com\/lv\/?s={search_term_string}\"},\"query-input\":{\"@type\":\"PropertyValueSpecification\",\"valueRequired\":true,\"valueName\":\"search_term_string\"}}],\"inLanguage\":\"lv-LV\"},{\"@type\":\"Organization\",\"@id\":\"https:\/\/multi-gyn.com\/lv\/#organization\",\"name\":\"Multi-Gyn\",\"url\":\"https:\/\/multi-gyn.com\/lv\/\",\"logo\":{\"@type\":\"ImageObject\",\"inLanguage\":\"lv-LV\",\"@id\":\"https:\/\/multi-gyn.com\/lv\/#\/schema\/logo\/image\/\",\"url\":\"https:\/\/multi-gyn.com\/app\/uploads\/sites\/40\/2023\/01\/multi-gyn-logo.png\",\"contentUrl\":\"https:\/\/multi-gyn.com\/app\/uploads\/sites\/40\/2023\/01\/multi-gyn-logo.png\",\"width\":149,\"height\":32,\"caption\":\"Multi-Gyn\"},\"image\":{\"@id\":\"https:\/\/multi-gyn.com\/lv\/#\/schema\/logo\/image\/\"}}]}<\/script>\n<!-- \/ Yoast SEO plugin. -->","yoast_head_json":{"title":"BUJ - Multi-Gyn","description":"Kas ir bakteri\u0101l\u0101 vaginoze? Kas ir maksts s\u0113n\u012b\u0161u infekcija? K\u0101p\u0113c mana maksts ir sausa?","robots":{"index":"index","follow":"follow","max-snippet":"max-snippet:-1","max-image-preview":"max-image-preview:large","max-video-preview":"max-video-preview:-1"},"canonical":"https:\/\/multi-gyn.com\/lv\/buj\/","og_locale":"lv_LV","og_type":"article","og_title":"BUJ - Multi-Gyn","og_description":"Kas ir bakteri\u0101l\u0101 vaginoze? Kas ir maksts s\u0113n\u012b\u0161u infekcija? K\u0101p\u0113c mana maksts ir sausa?","og_url":"https:\/\/multi-gyn.com\/lv\/buj\/","og_site_name":"Multi-Gyn","article_modified_time":"2025-10-10T08:56:46+00:00","twitter_card":"summary_large_image","twitter_misc":{"Est. reading time":"2 minutes"},"schema":{"@context":"https:\/\/schema.org","@graph":[{"@type":"WebPage","@id":"https:\/\/multi-gyn.com\/lv\/buj\/","url":"https:\/\/multi-gyn.com\/lv\/buj\/","name":"BUJ - Multi-Gyn","isPartOf":{"@id":"https:\/\/multi-gyn.com\/lv\/#website"},"datePublished":"2023-01-02T13:11:52+00:00","dateModified":"2025-10-10T08:56:46+00:00","description":"Kas ir bakteri\u0101l\u0101 vaginoze? Kas ir maksts s\u0113n\u012b\u0161u infekcija? K\u0101p\u0113c mana maksts ir sausa?","breadcrumb":{"@id":"https:\/\/multi-gyn.com\/lv\/buj\/#breadcrumb"},"inLanguage":"lv-LV","potentialAction":[{"@type":"ReadAction","target":["https:\/\/multi-gyn.com\/lv\/buj\/"]}]},{"@type":"BreadcrumbList","@id":"https:\/\/multi-gyn.com\/lv\/buj\/#breadcrumb","itemListElement":[{"@type":"ListItem","position":1,"name":"Home","item":"https:\/\/multi-gyn.com\/lv\/"},{"@type":"ListItem","position":2,"name":"BUJ"}]},{"@type":"WebSite","@id":"https:\/\/multi-gyn.com\/lv\/#website","url":"https:\/\/multi-gyn.com\/lv\/","name":"Multi-Gyn","description":"","publisher":{"@id":"https:\/\/multi-gyn.com\/lv\/#organization"},"potentialAction":[{"@type":"SearchAction","target":{"@type":"EntryPoint","urlTemplate":"https:\/\/multi-gyn.com\/lv\/?s={search_term_string}"},"query-input":{"@type":"PropertyValueSpecification","valueRequired":true,"valueName":"search_term_string"}}],"inLanguage":"lv-LV"},{"@type":"Organization","@id":"https:\/\/multi-gyn.com\/lv\/#organization","name":"Multi-Gyn","url":"https:\/\/multi-gyn.com\/lv\/","logo":{"@type":"ImageObject","inLanguage":"lv-LV","@id":"https:\/\/multi-gyn.com\/lv\/#\/schema\/logo\/image\/","url":"https:\/\/multi-gyn.com\/app\/uploads\/sites\/40\/2023\/01\/multi-gyn-logo.png","contentUrl":"https:\/\/multi-gyn.com\/app\/uploads\/sites\/40\/2023\/01\/multi-gyn-logo.png","width":149,"height":32,"caption":"Multi-Gyn"},"image":{"@id":"https:\/\/multi-gyn.com\/lv\/#\/schema\/logo\/image\/"}}]}},"_links":{"self":[{"href":"https:\/\/multi-gyn.com\/lv\/wp-json\/wp\/v2\/pages\/42","targetHints":{"allow":["GET"]}}],"collection":[{"href":"https:\/\/multi-gyn.com\/lv\/wp-json\/wp\/v2\/pages"}],"about":[{"href":"https:\/\/multi-gyn.com\/lv\/wp-json\/wp\/v2\/types\/page"}],"author":[{"embeddable":true,"href":"https:\/\/multi-gyn.com\/lv\/wp-json\/wp\/v2\/users\/2"}],"replies":[{"embeddable":true,"href":"https:\/\/multi-gyn.com\/lv\/wp-json\/wp\/v2\/comments?post=42"}],"version-history":[{"count":4,"href":"https:\/\/multi-gyn.com\/lv\/wp-json\/wp\/v2\/pages\/42\/revisions"}],"predecessor-version":[{"id":247,"href":"https:\/\/multi-gyn.com\/lv\/wp-json\/wp\/v2\/pages\/42\/revisions\/247"}],"wp:attachment":[{"href":"https:\/\/multi-gyn.com\/lv\/wp-json\/wp\/v2\/media?parent=42"}],"wp:term":[{"taxonomy":"from-article-database","embeddable":true,"href":"https:\/\/multi-gyn.com\/lv\/wp-json\/wp\/v2\/from-article-database?post=42"}],"curies":[{"name":"wp","href":"https:\/\/api.w.org\/{rel}","templated":true}]}}