{"id":227,"date":"2025-05-07T11:04:50","date_gmt":"2025-05-07T08:04:50","guid":{"rendered":"https:\/\/multi-gyn.com\/lv\/?post_type=product&#038;p=227"},"modified":"2025-05-07T11:04:57","modified_gmt":"2025-05-07T08:04:57","slug":"multi-gyn-actigel-2in1","status":"publish","type":"product","link":"https:\/\/multi-gyn.com\/lv\/produkts\/multi-gyn-actigel-2in1\/","title":{"rendered":"Multi-Gyn ActiGel 2in1"},"content":{"rendered":"\n<div class=\"wp-block-karopharma-accordions is-style-secondary\"><div class=\"container\">\n<details class=\"wp-block-karopharma-accordion\"><summary><h2 class=\"accordion-title\">Sast\u0101vda\u013cas<\/h2><\/summary><div class=\"accordion-content\">\n<p>2QR komplekss* (83%), ksant\u0101na sve\u0137i, \u016bdens, glicer\u012bns, kaprilglikols, piensk\u0101be, n\u0101trija hidroks\u012bds, n\u0101trija benzo\u0101ts, citronsk\u0101be, k\u0101lija sorb\u0101ts.<\/p>\n<\/div><\/details>\n\n\n\n<details class=\"wp-block-karopharma-accordion\"><summary><h2 class=\"accordion-title\">Lieto\u0161ana<\/h2><\/summary><div class=\"accordion-content\">\n<p>Bakteri\u0101l\u0101s vaginozes (BV) \u0101rst\u0113\u0161anai vismaz divas reizes dien\u0101 vismaz 7 dienas p\u0113c k\u0101rtas ieziediet makst\u012b pietiekamu daudzumu \u201eMulti-Gyn ActiGel 2in1\u201d. Nepat\u012bkamu saj\u016btu, piem\u0113ram, maksts niezes un kairin\u0101juma, gad\u012bjum\u0101 lietojiet pietiekamu daudzumu \u201eMulti-Gyn ActiGel 2in1\u201d vismaz reizi dien\u0101 vai p\u0113c nepiecie\u0161am\u012bbas.<\/p>\n\n\n\n<p>Piez\u012bme: Ja p\u0113c gela uzkl\u0101\u0161anas j\u016btat dedzino\u0161u un\/vai tirp\u0161anas saj\u016btu, neuztraucieties. Tas ir norm\u0101li un \u0101tri p\u0101riet.<\/p>\n\n\n\n<p>Br\u012bdin\u0101jums<br>Ja s\u016bdz\u012bbas saglab\u0101jas vai atk\u0101rtojas, sazinieties ar savu \u0101rstu.<br>Paredz\u0113ts lieto\u0161anai \u0101rpus\u0113 un iek\u0161pus\u0113. Pirms lieto\u0161anas izlasiet pievienoto inform\u0101ciju par produktu.<\/p>\n<\/div><\/details>\n<\/div><\/div>\n","protected":false},"excerpt":{"rendered":"<p>Ravib bakteriaalset vaginoosi<\/p>\n","protected":false},"featured_media":230,"comment_status":"closed","ping_status":"closed","template":"","meta":{"_acf_changed":false,"footnotes":""},"product_brand":[],"product_cat":[],"product_tag":[],"class_list":{"0":"post-227","1":"product","2":"type-product","3":"status-publish","4":"has-post-thumbnail","7":"first","8":"instock","9":"shipping-taxable","10":"product-type-simple"},"acf":[],"yoast_head":"<!-- This site is optimized with the Yoast SEO plugin v26.6 - https:\/\/yoast.com\/wordpress\/plugins\/seo\/ -->\n<title>Multi-Gyn ActiGel 2in1 - Bakteri\u0101l\u0101 vaginoze<\/title>\n<meta name=\"description\" content=\"Trauc\u0113 nepat\u012bkami bakteri\u0101l\u0101s vaginozes (BV) simptomi? Neuztraucieties, BV gad\u0101s pat lab\u0101kaj\u0101m no mums.\" \/>\n<meta name=\"robots\" content=\"index, follow, max-snippet:-1, max-image-preview:large, max-video-preview:-1\" \/>\n<link rel=\"canonical\" href=\"https:\/\/multi-gyn.com\/lv\/produkts\/multi-gyn-actigel-2in1\/\" \/>\n<meta property=\"og:locale\" content=\"lv_LV\" \/>\n<meta property=\"og:type\" content=\"article\" \/>\n<meta property=\"og:title\" content=\"Multi-Gyn ActiGel 2in1 - Bakteri\u0101l\u0101 vaginoze\" \/>\n<meta property=\"og:description\" content=\"Trauc\u0113 nepat\u012bkami bakteri\u0101l\u0101s vaginozes (BV) simptomi? Neuztraucieties, BV gad\u0101s pat lab\u0101kaj\u0101m no mums.\" \/>\n<meta property=\"og:url\" content=\"https:\/\/multi-gyn.com\/lv\/produkts\/multi-gyn-actigel-2in1\/\" \/>\n<meta property=\"og:site_name\" content=\"Multi-Gyn\" \/>\n<meta property=\"article:modified_time\" content=\"2025-05-07T08:04:57+00:00\" \/>\n<meta property=\"og:image\" content=\"https:\/\/multi-gyn.com\/app\/uploads\/sites\/40\/2025\/05\/Multi-Gyn-ActiGel-2in1.png\" \/>\n\t<meta property=\"og:image:width\" content=\"700\" \/>\n\t<meta property=\"og:image:height\" content=\"700\" \/>\n\t<meta property=\"og:image:type\" content=\"image\/png\" \/>\n<meta name=\"twitter:card\" content=\"summary_large_image\" \/>\n<meta name=\"twitter:label1\" content=\"Est. reading time\" \/>\n\t<meta name=\"twitter:data1\" content=\"1 minute\" \/>\n<script type=\"application\/ld+json\" class=\"yoast-schema-graph\">{\"@context\":\"https:\/\/schema.org\",\"@graph\":[{\"@type\":\"WebPage\",\"@id\":\"https:\/\/multi-gyn.com\/lv\/produkts\/multi-gyn-actigel-2in1\/\",\"url\":\"https:\/\/multi-gyn.com\/lv\/produkts\/multi-gyn-actigel-2in1\/\",\"name\":\"Multi-Gyn ActiGel 2in1 - Bakteri\u0101l\u0101 vaginoze\",\"isPartOf\":{\"@id\":\"https:\/\/multi-gyn.com\/lv\/#website\"},\"primaryImageOfPage\":{\"@id\":\"https:\/\/multi-gyn.com\/lv\/produkts\/multi-gyn-actigel-2in1\/#primaryimage\"},\"image\":{\"@id\":\"https:\/\/multi-gyn.com\/lv\/produkts\/multi-gyn-actigel-2in1\/#primaryimage\"},\"thumbnailUrl\":\"https:\/\/multi-gyn.com\/app\/uploads\/sites\/40\/2025\/05\/Multi-Gyn-ActiGel-2in1.png\",\"datePublished\":\"2025-05-07T08:04:50+00:00\",\"dateModified\":\"2025-05-07T08:04:57+00:00\",\"description\":\"Trauc\u0113 nepat\u012bkami bakteri\u0101l\u0101s vaginozes (BV) simptomi? Neuztraucieties, BV gad\u0101s pat lab\u0101kaj\u0101m no mums.\",\"breadcrumb\":{\"@id\":\"https:\/\/multi-gyn.com\/lv\/produkts\/multi-gyn-actigel-2in1\/#breadcrumb\"},\"inLanguage\":\"lv-LV\",\"potentialAction\":[{\"@type\":\"ReadAction\",\"target\":[\"https:\/\/multi-gyn.com\/lv\/produkts\/multi-gyn-actigel-2in1\/\"]}]},{\"@type\":\"ImageObject\",\"inLanguage\":\"lv-LV\",\"@id\":\"https:\/\/multi-gyn.com\/lv\/produkts\/multi-gyn-actigel-2in1\/#primaryimage\",\"url\":\"https:\/\/multi-gyn.com\/app\/uploads\/sites\/40\/2025\/05\/Multi-Gyn-ActiGel-2in1.png\",\"contentUrl\":\"https:\/\/multi-gyn.com\/app\/uploads\/sites\/40\/2025\/05\/Multi-Gyn-ActiGel-2in1.png\",\"width\":700,\"height\":700,\"caption\":\"Multi-Gyn-ActiGel-2in1\"},{\"@type\":\"BreadcrumbList\",\"@id\":\"https:\/\/multi-gyn.com\/lv\/produkts\/multi-gyn-actigel-2in1\/#breadcrumb\",\"itemListElement\":[{\"@type\":\"ListItem\",\"position\":1,\"name\":\"Home\",\"item\":\"https:\/\/multi-gyn.com\/lv\/\"},{\"@type\":\"ListItem\",\"position\":2,\"name\":\"Produkti\",\"item\":\"https:\/\/multi-gyn.com\/lv\/produkti\/\"},{\"@type\":\"ListItem\",\"position\":3,\"name\":\"Multi-Gyn ActiGel 2in1\"}]},{\"@type\":\"WebSite\",\"@id\":\"https:\/\/multi-gyn.com\/lv\/#website\",\"url\":\"https:\/\/multi-gyn.com\/lv\/\",\"name\":\"Multi-Gyn\",\"description\":\"\",\"publisher\":{\"@id\":\"https:\/\/multi-gyn.com\/lv\/#organization\"},\"potentialAction\":[{\"@type\":\"SearchAction\",\"target\":{\"@type\":\"EntryPoint\",\"urlTemplate\":\"https:\/\/multi-gyn.com\/lv\/?s={search_term_string}\"},\"query-input\":{\"@type\":\"PropertyValueSpecification\",\"valueRequired\":true,\"valueName\":\"search_term_string\"}}],\"inLanguage\":\"lv-LV\"},{\"@type\":\"Organization\",\"@id\":\"https:\/\/multi-gyn.com\/lv\/#organization\",\"name\":\"Multi-Gyn\",\"url\":\"https:\/\/multi-gyn.com\/lv\/\",\"logo\":{\"@type\":\"ImageObject\",\"inLanguage\":\"lv-LV\",\"@id\":\"https:\/\/multi-gyn.com\/lv\/#\/schema\/logo\/image\/\",\"url\":\"https:\/\/multi-gyn.com\/app\/uploads\/sites\/40\/2023\/01\/multi-gyn-logo.png\",\"contentUrl\":\"https:\/\/multi-gyn.com\/app\/uploads\/sites\/40\/2023\/01\/multi-gyn-logo.png\",\"width\":149,\"height\":32,\"caption\":\"Multi-Gyn\"},\"image\":{\"@id\":\"https:\/\/multi-gyn.com\/lv\/#\/schema\/logo\/image\/\"}}]}<\/script>\n<!-- \/ Yoast SEO plugin. -->","yoast_head_json":{"title":"Multi-Gyn ActiGel 2in1 - Bakteri\u0101l\u0101 vaginoze","description":"Trauc\u0113 nepat\u012bkami bakteri\u0101l\u0101s vaginozes (BV) simptomi? Neuztraucieties, BV gad\u0101s pat lab\u0101kaj\u0101m no mums.","robots":{"index":"index","follow":"follow","max-snippet":"max-snippet:-1","max-image-preview":"max-image-preview:large","max-video-preview":"max-video-preview:-1"},"canonical":"https:\/\/multi-gyn.com\/lv\/produkts\/multi-gyn-actigel-2in1\/","og_locale":"lv_LV","og_type":"article","og_title":"Multi-Gyn ActiGel 2in1 - Bakteri\u0101l\u0101 vaginoze","og_description":"Trauc\u0113 nepat\u012bkami bakteri\u0101l\u0101s vaginozes (BV) simptomi? Neuztraucieties, BV gad\u0101s pat lab\u0101kaj\u0101m no mums.","og_url":"https:\/\/multi-gyn.com\/lv\/produkts\/multi-gyn-actigel-2in1\/","og_site_name":"Multi-Gyn","article_modified_time":"2025-05-07T08:04:57+00:00","og_image":[{"width":700,"height":700,"url":"https:\/\/multi-gyn.com\/app\/uploads\/sites\/40\/2025\/05\/Multi-Gyn-ActiGel-2in1.png","type":"image\/png"}],"twitter_card":"summary_large_image","twitter_misc":{"Est. reading time":"1 minute"},"schema":{"@context":"https:\/\/schema.org","@graph":[{"@type":"WebPage","@id":"https:\/\/multi-gyn.com\/lv\/produkts\/multi-gyn-actigel-2in1\/","url":"https:\/\/multi-gyn.com\/lv\/produkts\/multi-gyn-actigel-2in1\/","name":"Multi-Gyn ActiGel 2in1 - Bakteri\u0101l\u0101 vaginoze","isPartOf":{"@id":"https:\/\/multi-gyn.com\/lv\/#website"},"primaryImageOfPage":{"@id":"https:\/\/multi-gyn.com\/lv\/produkts\/multi-gyn-actigel-2in1\/#primaryimage"},"image":{"@id":"https:\/\/multi-gyn.com\/lv\/produkts\/multi-gyn-actigel-2in1\/#primaryimage"},"thumbnailUrl":"https:\/\/multi-gyn.com\/app\/uploads\/sites\/40\/2025\/05\/Multi-Gyn-ActiGel-2in1.png","datePublished":"2025-05-07T08:04:50+00:00","dateModified":"2025-05-07T08:04:57+00:00","description":"Trauc\u0113 nepat\u012bkami bakteri\u0101l\u0101s vaginozes (BV) simptomi? Neuztraucieties, BV gad\u0101s pat lab\u0101kaj\u0101m no mums.","breadcrumb":{"@id":"https:\/\/multi-gyn.com\/lv\/produkts\/multi-gyn-actigel-2in1\/#breadcrumb"},"inLanguage":"lv-LV","potentialAction":[{"@type":"ReadAction","target":["https:\/\/multi-gyn.com\/lv\/produkts\/multi-gyn-actigel-2in1\/"]}]},{"@type":"ImageObject","inLanguage":"lv-LV","@id":"https:\/\/multi-gyn.com\/lv\/produkts\/multi-gyn-actigel-2in1\/#primaryimage","url":"https:\/\/multi-gyn.com\/app\/uploads\/sites\/40\/2025\/05\/Multi-Gyn-ActiGel-2in1.png","contentUrl":"https:\/\/multi-gyn.com\/app\/uploads\/sites\/40\/2025\/05\/Multi-Gyn-ActiGel-2in1.png","width":700,"height":700,"caption":"Multi-Gyn-ActiGel-2in1"},{"@type":"BreadcrumbList","@id":"https:\/\/multi-gyn.com\/lv\/produkts\/multi-gyn-actigel-2in1\/#breadcrumb","itemListElement":[{"@type":"ListItem","position":1,"name":"Home","item":"https:\/\/multi-gyn.com\/lv\/"},{"@type":"ListItem","position":2,"name":"Produkti","item":"https:\/\/multi-gyn.com\/lv\/produkti\/"},{"@type":"ListItem","position":3,"name":"Multi-Gyn ActiGel 2in1"}]},{"@type":"WebSite","@id":"https:\/\/multi-gyn.com\/lv\/#website","url":"https:\/\/multi-gyn.com\/lv\/","name":"Multi-Gyn","description":"","publisher":{"@id":"https:\/\/multi-gyn.com\/lv\/#organization"},"potentialAction":[{"@type":"SearchAction","target":{"@type":"EntryPoint","urlTemplate":"https:\/\/multi-gyn.com\/lv\/?s={search_term_string}"},"query-input":{"@type":"PropertyValueSpecification","valueRequired":true,"valueName":"search_term_string"}}],"inLanguage":"lv-LV"},{"@type":"Organization","@id":"https:\/\/multi-gyn.com\/lv\/#organization","name":"Multi-Gyn","url":"https:\/\/multi-gyn.com\/lv\/","logo":{"@type":"ImageObject","inLanguage":"lv-LV","@id":"https:\/\/multi-gyn.com\/lv\/#\/schema\/logo\/image\/","url":"https:\/\/multi-gyn.com\/app\/uploads\/sites\/40\/2023\/01\/multi-gyn-logo.png","contentUrl":"https:\/\/multi-gyn.com\/app\/uploads\/sites\/40\/2023\/01\/multi-gyn-logo.png","width":149,"height":32,"caption":"Multi-Gyn"},"image":{"@id":"https:\/\/multi-gyn.com\/lv\/#\/schema\/logo\/image\/"}}]}},"_links":{"self":[{"href":"https:\/\/multi-gyn.com\/lv\/wp-json\/wp\/v2\/product\/227","targetHints":{"allow":["GET"]}}],"collection":[{"href":"https:\/\/multi-gyn.com\/lv\/wp-json\/wp\/v2\/product"}],"about":[{"href":"https:\/\/multi-gyn.com\/lv\/wp-json\/wp\/v2\/types\/product"}],"replies":[{"embeddable":true,"href":"https:\/\/multi-gyn.com\/lv\/wp-json\/wp\/v2\/comments?post=227"}],"version-history":[{"count":5,"href":"https:\/\/multi-gyn.com\/lv\/wp-json\/wp\/v2\/product\/227\/revisions"}],"predecessor-version":[{"id":233,"href":"https:\/\/multi-gyn.com\/lv\/wp-json\/wp\/v2\/product\/227\/revisions\/233"}],"wp:featuredmedia":[{"embeddable":true,"href":"https:\/\/multi-gyn.com\/lv\/wp-json\/wp\/v2\/media\/230"}],"wp:attachment":[{"href":"https:\/\/multi-gyn.com\/lv\/wp-json\/wp\/v2\/media?parent=227"}],"wp:term":[{"taxonomy":"product_brand","embeddable":true,"href":"https:\/\/multi-gyn.com\/lv\/wp-json\/wp\/v2\/product_brand?post=227"},{"taxonomy":"product_cat","embeddable":true,"href":"https:\/\/multi-gyn.com\/lv\/wp-json\/wp\/v2\/product_cat?post=227"},{"taxonomy":"product_tag","embeddable":true,"href":"https:\/\/multi-gyn.com\/lv\/wp-json\/wp\/v2\/product_tag?post=227"}],"curies":[{"name":"wp","href":"https:\/\/api.w.org\/{rel}","templated":true}]}}