{"id":67,"date":"2023-01-02T16:34:04","date_gmt":"2023-01-02T14:34:04","guid":{"rendered":"https:\/\/multi-gyn.com\/lv\/?post_type=product&#038;p=67"},"modified":"2025-04-28T12:28:31","modified_gmt":"2025-04-28T09:28:31","slug":"multi-gyn-actigel","status":"publish","type":"product","link":"https:\/\/multi-gyn.com\/lv\/produkts\/multi-gyn-actigel\/","title":{"rendered":"Multi-Gyn ActiGel"},"content":{"rendered":"\n<div class=\"wp-block-karopharma-accordions is-style-secondary\"><div class=\"container\">\n<details class=\"wp-block-karopharma-accordion\"><summary><h2 class=\"accordion-title\">Cik bie\u017ei man j\u0101lieto Multi-Gyn ActiGel?<\/h2><\/summary><div class=\"accordion-content\">\n<p>Lai \u0101rst\u0113tu maksts diskomfortu, ieteicams lietot Multi-Gyn ActiGel divas reizes dien\u0101 5 dienas p\u0113c k\u0101rtas. Tom\u0113r j\u016bs varat lietot Multi-Gyn ActiGel ikreiz, kad v\u0113laties atvieglojumu.<\/p>\n<\/div><\/details>\n\n\n\n<details class=\"wp-block-karopharma-accordion\"><summary><h2 class=\"accordion-title\">Kad es sajut\u012b\u0161u efektu?<\/h2><\/summary><div class=\"accordion-content\">\n<p>J\u016bs varat sajust t\u016bl\u012bt\u0113ju efektu, \u012bpa\u0161i kas attiecas uz t\u0101diem simptomiem, k\u0101 kairin\u0101jums vai nieze. Tom\u0113r katram cilv\u0113kam efekts var b\u016bt at\u0161\u0137ir\u012bgs.<\/p>\n<\/div><\/details>\n\n\n\n<details class=\"wp-block-karopharma-accordion\"><summary><h2 class=\"accordion-title\">Vai Multi-Gyn ActiGel ir k\u0101das blakuspar\u0101d\u012bbas?<\/h2><\/summary><div class=\"accordion-content\">\n<p>N\u0113, produktam nav zin\u0101mu blakuspar\u0101d\u012bbu.<\/p>\n<\/div><\/details>\n\n\n\n<details class=\"wp-block-karopharma-accordion\"><summary><h2 class=\"accordion-title\">Diskomforts ir pazudis, vai man j\u0101turpina lietot Multi-Gyn ActiGel?<\/h2><\/summary><div class=\"accordion-content\">\n<p>N\u0113, nav nepiecie\u0161ams nep\u0101rtraukti lietot Multi-Gyn ActiGel. Ja v\u0113laties, varat lietot Multi-Gyn ActiGel vair\u0101kas reizes ned\u0113\u013c\u0101.<\/p>\n<\/div><\/details>\n\n\n\n<details class=\"wp-block-karopharma-accordion\"><summary><h2 class=\"accordion-title\">Vai Multi-Gyn ActiGel ietekm\u0113 antibiotiku lieto\u0161anu?<\/h2><\/summary><div class=\"accordion-content\">\n<p>N\u0113, Multi-Gyn ActiGel negat\u012bvi neietekm\u0113 antibiotikas. Faktiski m\u0113s iesak\u0101m lietot Multi-Gyn ActiGel jebkuras \u0101rst\u0113\u0161anas laik\u0101 vai p\u0113c t\u0101s.<\/p>\n<\/div><\/details>\n\n\n\n<details class=\"wp-block-karopharma-accordion\"><summary><h2 class=\"accordion-title\">Vai j\u0101izlieto visa t\u016bbi\u0146a?<\/h2><\/summary><div class=\"accordion-content\">\n<p>Lai \u0101rst\u0113tu bakteri\u0101lo vaginozi, jums j\u0101lieto Multi-Gyn ActiGel vismaz divas reizes dien\u0101 5 dienas p\u0113c k\u0101rtas. Ja p\u0113c 5 dien\u0101m j\u016bsu s\u016bdz\u012bbas pazud\u012bs, jums nav j\u0101izlieto visa t\u016bbi\u0146a.<\/p>\n<\/div><\/details>\n<\/div><\/div>\n","protected":false},"excerpt":{"rendered":"<p>Bakteri\u0101l\u0101s vaginozes \u0101rst\u0113\u0161ana<\/p>\n","protected":false},"featured_media":153,"comment_status":"closed","ping_status":"closed","template":"","meta":{"_acf_changed":false,"footnotes":""},"product_brand":[],"product_cat":[19],"product_tag":[],"class_list":{"0":"post-67","1":"product","2":"type-product","3":"status-publish","4":"has-post-thumbnail","6":"product_cat-ravi","8":"first","9":"instock","10":"shipping-taxable","11":"product-type-simple"},"acf":[],"yoast_head":"<!-- This site is optimized with the Yoast SEO plugin v26.6 - https:\/\/yoast.com\/wordpress\/plugins\/seo\/ -->\n<title>Multi-Gyn ActiGel - Multi-Gyn<\/title>\n<meta name=\"description\" content=\"Multi-Gyn ActiGel \u0101rst\u0113 bakteri\u0101lo vaginozi un ar to saist\u012btos simptomus, piem\u0113ram, nev\u0113lamus izdal\u012bjumus un smaku.\" \/>\n<meta name=\"robots\" content=\"index, follow, max-snippet:-1, max-image-preview:large, max-video-preview:-1\" \/>\n<link rel=\"canonical\" href=\"https:\/\/multi-gyn.com\/lv\/produkts\/multi-gyn-actigel\/\" \/>\n<meta property=\"og:locale\" content=\"lv_LV\" \/>\n<meta property=\"og:type\" content=\"article\" \/>\n<meta property=\"og:title\" content=\"Multi-Gyn ActiGel - Multi-Gyn\" \/>\n<meta property=\"og:description\" content=\"Multi-Gyn ActiGel \u0101rst\u0113 bakteri\u0101lo vaginozi un ar to saist\u012btos simptomus, piem\u0113ram, nev\u0113lamus izdal\u012bjumus un smaku.\" \/>\n<meta property=\"og:url\" content=\"https:\/\/multi-gyn.com\/lv\/produkts\/multi-gyn-actigel\/\" \/>\n<meta property=\"og:site_name\" content=\"Multi-Gyn\" \/>\n<meta property=\"article:modified_time\" content=\"2025-04-28T09:28:31+00:00\" \/>\n<meta property=\"og:image\" content=\"https:\/\/multi-gyn.com\/app\/uploads\/sites\/40\/2023\/01\/Multi-Gyn-ActiGel.png\" \/>\n\t<meta property=\"og:image:width\" content=\"1024\" \/>\n\t<meta property=\"og:image:height\" content=\"1024\" \/>\n\t<meta property=\"og:image:type\" content=\"image\/png\" \/>\n<meta name=\"twitter:card\" content=\"summary_large_image\" \/>\n<meta name=\"twitter:label1\" content=\"Est. reading time\" \/>\n\t<meta name=\"twitter:data1\" content=\"2 minutes\" \/>\n<script type=\"application\/ld+json\" class=\"yoast-schema-graph\">{\"@context\":\"https:\/\/schema.org\",\"@graph\":[{\"@type\":\"WebPage\",\"@id\":\"https:\/\/multi-gyn.com\/lv\/produkts\/multi-gyn-actigel\/\",\"url\":\"https:\/\/multi-gyn.com\/lv\/produkts\/multi-gyn-actigel\/\",\"name\":\"Multi-Gyn ActiGel - Multi-Gyn\",\"isPartOf\":{\"@id\":\"https:\/\/multi-gyn.com\/lv\/#website\"},\"primaryImageOfPage\":{\"@id\":\"https:\/\/multi-gyn.com\/lv\/produkts\/multi-gyn-actigel\/#primaryimage\"},\"image\":{\"@id\":\"https:\/\/multi-gyn.com\/lv\/produkts\/multi-gyn-actigel\/#primaryimage\"},\"thumbnailUrl\":\"https:\/\/multi-gyn.com\/app\/uploads\/sites\/40\/2023\/01\/Multi-Gyn-ActiGel.png\",\"datePublished\":\"2023-01-02T14:34:04+00:00\",\"dateModified\":\"2025-04-28T09:28:31+00:00\",\"description\":\"Multi-Gyn ActiGel \u0101rst\u0113 bakteri\u0101lo vaginozi un ar to saist\u012btos simptomus, piem\u0113ram, nev\u0113lamus izdal\u012bjumus un smaku.\",\"breadcrumb\":{\"@id\":\"https:\/\/multi-gyn.com\/lv\/produkts\/multi-gyn-actigel\/#breadcrumb\"},\"inLanguage\":\"lv-LV\",\"potentialAction\":[{\"@type\":\"ReadAction\",\"target\":[\"https:\/\/multi-gyn.com\/lv\/produkts\/multi-gyn-actigel\/\"]}]},{\"@type\":\"ImageObject\",\"inLanguage\":\"lv-LV\",\"@id\":\"https:\/\/multi-gyn.com\/lv\/produkts\/multi-gyn-actigel\/#primaryimage\",\"url\":\"https:\/\/multi-gyn.com\/app\/uploads\/sites\/40\/2023\/01\/Multi-Gyn-ActiGel.png\",\"contentUrl\":\"https:\/\/multi-gyn.com\/app\/uploads\/sites\/40\/2023\/01\/Multi-Gyn-ActiGel.png\",\"width\":1024,\"height\":1024,\"caption\":\"Multi-Gyn ActiGel\"},{\"@type\":\"BreadcrumbList\",\"@id\":\"https:\/\/multi-gyn.com\/lv\/produkts\/multi-gyn-actigel\/#breadcrumb\",\"itemListElement\":[{\"@type\":\"ListItem\",\"position\":1,\"name\":\"Home\",\"item\":\"https:\/\/multi-gyn.com\/lv\/\"},{\"@type\":\"ListItem\",\"position\":2,\"name\":\"Produkti\",\"item\":\"https:\/\/multi-gyn.com\/lv\/produkti\/\"},{\"@type\":\"ListItem\",\"position\":3,\"name\":\"Multi-Gyn ActiGel\"}]},{\"@type\":\"WebSite\",\"@id\":\"https:\/\/multi-gyn.com\/lv\/#website\",\"url\":\"https:\/\/multi-gyn.com\/lv\/\",\"name\":\"Multi-Gyn\",\"description\":\"\",\"publisher\":{\"@id\":\"https:\/\/multi-gyn.com\/lv\/#organization\"},\"potentialAction\":[{\"@type\":\"SearchAction\",\"target\":{\"@type\":\"EntryPoint\",\"urlTemplate\":\"https:\/\/multi-gyn.com\/lv\/?s={search_term_string}\"},\"query-input\":{\"@type\":\"PropertyValueSpecification\",\"valueRequired\":true,\"valueName\":\"search_term_string\"}}],\"inLanguage\":\"lv-LV\"},{\"@type\":\"Organization\",\"@id\":\"https:\/\/multi-gyn.com\/lv\/#organization\",\"name\":\"Multi-Gyn\",\"url\":\"https:\/\/multi-gyn.com\/lv\/\",\"logo\":{\"@type\":\"ImageObject\",\"inLanguage\":\"lv-LV\",\"@id\":\"https:\/\/multi-gyn.com\/lv\/#\/schema\/logo\/image\/\",\"url\":\"https:\/\/multi-gyn.com\/app\/uploads\/sites\/40\/2023\/01\/multi-gyn-logo.png\",\"contentUrl\":\"https:\/\/multi-gyn.com\/app\/uploads\/sites\/40\/2023\/01\/multi-gyn-logo.png\",\"width\":149,\"height\":32,\"caption\":\"Multi-Gyn\"},\"image\":{\"@id\":\"https:\/\/multi-gyn.com\/lv\/#\/schema\/logo\/image\/\"}}]}<\/script>\n<!-- \/ Yoast SEO plugin. -->","yoast_head_json":{"title":"Multi-Gyn ActiGel - Multi-Gyn","description":"Multi-Gyn ActiGel \u0101rst\u0113 bakteri\u0101lo vaginozi un ar to saist\u012btos simptomus, piem\u0113ram, nev\u0113lamus izdal\u012bjumus un smaku.","robots":{"index":"index","follow":"follow","max-snippet":"max-snippet:-1","max-image-preview":"max-image-preview:large","max-video-preview":"max-video-preview:-1"},"canonical":"https:\/\/multi-gyn.com\/lv\/produkts\/multi-gyn-actigel\/","og_locale":"lv_LV","og_type":"article","og_title":"Multi-Gyn ActiGel - Multi-Gyn","og_description":"Multi-Gyn ActiGel \u0101rst\u0113 bakteri\u0101lo vaginozi un ar to saist\u012btos simptomus, piem\u0113ram, nev\u0113lamus izdal\u012bjumus un smaku.","og_url":"https:\/\/multi-gyn.com\/lv\/produkts\/multi-gyn-actigel\/","og_site_name":"Multi-Gyn","article_modified_time":"2025-04-28T09:28:31+00:00","og_image":[{"width":1024,"height":1024,"url":"https:\/\/multi-gyn.com\/app\/uploads\/sites\/40\/2023\/01\/Multi-Gyn-ActiGel.png","type":"image\/png"}],"twitter_card":"summary_large_image","twitter_misc":{"Est. reading time":"2 minutes"},"schema":{"@context":"https:\/\/schema.org","@graph":[{"@type":"WebPage","@id":"https:\/\/multi-gyn.com\/lv\/produkts\/multi-gyn-actigel\/","url":"https:\/\/multi-gyn.com\/lv\/produkts\/multi-gyn-actigel\/","name":"Multi-Gyn ActiGel - Multi-Gyn","isPartOf":{"@id":"https:\/\/multi-gyn.com\/lv\/#website"},"primaryImageOfPage":{"@id":"https:\/\/multi-gyn.com\/lv\/produkts\/multi-gyn-actigel\/#primaryimage"},"image":{"@id":"https:\/\/multi-gyn.com\/lv\/produkts\/multi-gyn-actigel\/#primaryimage"},"thumbnailUrl":"https:\/\/multi-gyn.com\/app\/uploads\/sites\/40\/2023\/01\/Multi-Gyn-ActiGel.png","datePublished":"2023-01-02T14:34:04+00:00","dateModified":"2025-04-28T09:28:31+00:00","description":"Multi-Gyn ActiGel \u0101rst\u0113 bakteri\u0101lo vaginozi un ar to saist\u012btos simptomus, piem\u0113ram, nev\u0113lamus izdal\u012bjumus un smaku.","breadcrumb":{"@id":"https:\/\/multi-gyn.com\/lv\/produkts\/multi-gyn-actigel\/#breadcrumb"},"inLanguage":"lv-LV","potentialAction":[{"@type":"ReadAction","target":["https:\/\/multi-gyn.com\/lv\/produkts\/multi-gyn-actigel\/"]}]},{"@type":"ImageObject","inLanguage":"lv-LV","@id":"https:\/\/multi-gyn.com\/lv\/produkts\/multi-gyn-actigel\/#primaryimage","url":"https:\/\/multi-gyn.com\/app\/uploads\/sites\/40\/2023\/01\/Multi-Gyn-ActiGel.png","contentUrl":"https:\/\/multi-gyn.com\/app\/uploads\/sites\/40\/2023\/01\/Multi-Gyn-ActiGel.png","width":1024,"height":1024,"caption":"Multi-Gyn ActiGel"},{"@type":"BreadcrumbList","@id":"https:\/\/multi-gyn.com\/lv\/produkts\/multi-gyn-actigel\/#breadcrumb","itemListElement":[{"@type":"ListItem","position":1,"name":"Home","item":"https:\/\/multi-gyn.com\/lv\/"},{"@type":"ListItem","position":2,"name":"Produkti","item":"https:\/\/multi-gyn.com\/lv\/produkti\/"},{"@type":"ListItem","position":3,"name":"Multi-Gyn ActiGel"}]},{"@type":"WebSite","@id":"https:\/\/multi-gyn.com\/lv\/#website","url":"https:\/\/multi-gyn.com\/lv\/","name":"Multi-Gyn","description":"","publisher":{"@id":"https:\/\/multi-gyn.com\/lv\/#organization"},"potentialAction":[{"@type":"SearchAction","target":{"@type":"EntryPoint","urlTemplate":"https:\/\/multi-gyn.com\/lv\/?s={search_term_string}"},"query-input":{"@type":"PropertyValueSpecification","valueRequired":true,"valueName":"search_term_string"}}],"inLanguage":"lv-LV"},{"@type":"Organization","@id":"https:\/\/multi-gyn.com\/lv\/#organization","name":"Multi-Gyn","url":"https:\/\/multi-gyn.com\/lv\/","logo":{"@type":"ImageObject","inLanguage":"lv-LV","@id":"https:\/\/multi-gyn.com\/lv\/#\/schema\/logo\/image\/","url":"https:\/\/multi-gyn.com\/app\/uploads\/sites\/40\/2023\/01\/multi-gyn-logo.png","contentUrl":"https:\/\/multi-gyn.com\/app\/uploads\/sites\/40\/2023\/01\/multi-gyn-logo.png","width":149,"height":32,"caption":"Multi-Gyn"},"image":{"@id":"https:\/\/multi-gyn.com\/lv\/#\/schema\/logo\/image\/"}}]}},"_links":{"self":[{"href":"https:\/\/multi-gyn.com\/lv\/wp-json\/wp\/v2\/product\/67","targetHints":{"allow":["GET"]}}],"collection":[{"href":"https:\/\/multi-gyn.com\/lv\/wp-json\/wp\/v2\/product"}],"about":[{"href":"https:\/\/multi-gyn.com\/lv\/wp-json\/wp\/v2\/types\/product"}],"replies":[{"embeddable":true,"href":"https:\/\/multi-gyn.com\/lv\/wp-json\/wp\/v2\/comments?post=67"}],"version-history":[{"count":8,"href":"https:\/\/multi-gyn.com\/lv\/wp-json\/wp\/v2\/product\/67\/revisions"}],"predecessor-version":[{"id":215,"href":"https:\/\/multi-gyn.com\/lv\/wp-json\/wp\/v2\/product\/67\/revisions\/215"}],"wp:featuredmedia":[{"embeddable":true,"href":"https:\/\/multi-gyn.com\/lv\/wp-json\/wp\/v2\/media\/153"}],"wp:attachment":[{"href":"https:\/\/multi-gyn.com\/lv\/wp-json\/wp\/v2\/media?parent=67"}],"wp:term":[{"taxonomy":"product_brand","embeddable":true,"href":"https:\/\/multi-gyn.com\/lv\/wp-json\/wp\/v2\/product_brand?post=67"},{"taxonomy":"product_cat","embeddable":true,"href":"https:\/\/multi-gyn.com\/lv\/wp-json\/wp\/v2\/product_cat?post=67"},{"taxonomy":"product_tag","embeddable":true,"href":"https:\/\/multi-gyn.com\/lv\/wp-json\/wp\/v2\/product_tag?post=67"}],"curies":[{"name":"wp","href":"https:\/\/api.w.org\/{rel}","templated":true}]}}