{"id":71,"date":"2023-01-02T16:34:47","date_gmt":"2023-01-02T14:34:47","guid":{"rendered":"https:\/\/multi-gyn.com\/lv\/?post_type=product&#038;p=71"},"modified":"2025-05-07T10:51:13","modified_gmt":"2025-05-07T07:51:13","slug":"multi-gyn-liquigel","status":"publish","type":"product","link":"https:\/\/multi-gyn.com\/lv\/produkts\/multi-gyn-liquigel\/","title":{"rendered":"Multi-Gyn LiquiGel"},"content":{"rendered":"\n<div class=\"wp-block-karopharma-accordions is-style-secondary\"><div class=\"container\">\n<details class=\"wp-block-karopharma-accordion\"><summary><h2 class=\"accordion-title\">Lieto\u0161ana<\/h2><\/summary><div class=\"accordion-content\">\n<p>Ja trauc\u0113 maksts sausums, vismaz reizi dien\u0101 vai p\u0113c nepiecie\u0161am\u012bbas uzkl\u0101jiet pietiekamu daudzumu \u201eMulti-Gyn LiquiGel\u201d.<br>\u0100r\u0113jo dzimumorg\u0101nu (vulvas) sausuma gad\u012bjum\u0101 varat \u201eMulti-Gyn LiquiGel\u201d uzkl\u0101t ar pirkstu. Pirms un p\u0113c gela uzkl\u0101\u0161anas vienm\u0113r nomazg\u0101jiet rokas. Lietojot iek\u0161pus\u0113, var izmantot \u012bpa\u0161u aplikatoru.<\/p>\n\n\n\n<p>Br\u012bdin\u0101jums<br>Ja s\u016bdz\u012bbas saglab\u0101jas vai atk\u0101rtojas, sazinieties ar savu \u0101rstu.<\/p>\n<\/div><\/details>\n\n\n\n<details class=\"wp-block-karopharma-accordion\"><summary><h2 class=\"accordion-title\">Sast\u0101vda\u013cas<\/h2><\/summary><div class=\"accordion-content\">\n<p>\u016adens, 2QR komplekss* 25%, glicer\u012bns 25%, beta\u012bns, ksant\u0101na sve\u0137i, kaprilglikols, n\u0101trija levulin\u0101ts, n\u0101trija aniz\u0101ts, citronsk\u0101be, n\u0101trija benzo\u0101ts, k\u0101lija sorb\u0101ts.<\/p>\n<\/div><\/details>\n\n\n\n<details class=\"wp-block-karopharma-accordion\"><summary><h2 class=\"accordion-title\">Vai menopauzes laik\u0101 var lietot ar\u012b Multi-Gyn LiquiGel?<\/h2><\/summary><div class=\"accordion-content\">\n<p>J\u0101, Multi-Gyn LiquiGel ir paredz\u0113ts katrai sievietei, kurai ir maksts sausums. Tam var b\u016bt da\u017e\u0101di c\u0113lo\u0146i, piem\u0113ram, hormon\u0101las izmai\u0146as, z\u0101\u013cu lieto\u0161ana, hroniskas slim\u012bbas, menstru\u0101cijas, periods p\u0113c dzemd\u012bb\u0101m, p\u0113c tamponu lieto\u0161anas utt.<\/p>\n<\/div><\/details>\n\n\n\n<details class=\"wp-block-karopharma-accordion\"><summary><h2 class=\"accordion-title\">Vai es varu lietot Multi-Gyn LiquiGel k\u0101 lubrikantu?<\/h2><\/summary><div class=\"accordion-content\">\n<p>J\u016bs varat lietot Multi-Gyn LiquiGel k\u0101 lubrikantu, ta\u010du tas ir paredz\u0113ts, k\u0101 probl\u0113mu risin\u0101t\u0101js sieviet\u0113m, kur\u0101m hormon\u0101lo izmai\u0146u vai hroniskas z\u0101\u013cu lieto\u0161anas d\u0113\u013c rodas maksts sausums. Tom\u0113r nekait\u0113 to lietot k\u0101 lubrikantu.<\/p>\n<\/div><\/details>\n<\/div><\/div>\n","protected":false},"excerpt":{"rendered":"<p>\u0100rst\u0113 un mazina maksts sausumu<\/p>\n","protected":false},"featured_media":222,"comment_status":"closed","ping_status":"closed","template":"","meta":{"_acf_changed":false,"footnotes":""},"product_brand":[],"product_cat":[19],"product_tag":[],"class_list":{"0":"post-71","1":"product","2":"type-product","3":"status-publish","4":"has-post-thumbnail","6":"product_cat-ravi","8":"first","9":"instock","10":"shipping-taxable","11":"product-type-simple"},"acf":[],"yoast_head":"<!-- This site is optimized with the Yoast SEO plugin v26.6 - https:\/\/yoast.com\/wordpress\/plugins\/seo\/ -->\n<title>Multi-Gyn LiquiGel - Maksts sausums<\/title>\n<meta name=\"description\" content=\"Trauc\u0113 maksts sausums? Kaut kas j\u0101dara. \u201eMulti-Gyn LiquiGel\u201d \u0101tri samazina maksts sausumu, ko izraisa hormon\u0101las izmai\u0146as (piem\u0113ram, menopauze, dzemd\u012bbas un baro\u0161ana ar kr\u016bti), medikamenti vai stress, un uztur dabisku maksts mitrumu.\" \/>\n<meta name=\"robots\" content=\"index, follow, max-snippet:-1, max-image-preview:large, max-video-preview:-1\" \/>\n<link rel=\"canonical\" href=\"https:\/\/multi-gyn.com\/lv\/produkts\/multi-gyn-liquigel\/\" \/>\n<meta property=\"og:locale\" content=\"lv_LV\" \/>\n<meta property=\"og:type\" content=\"article\" \/>\n<meta property=\"og:title\" content=\"Multi-Gyn LiquiGel - Maksts sausums\" \/>\n<meta property=\"og:description\" content=\"Trauc\u0113 maksts sausums? Kaut kas j\u0101dara. \u201eMulti-Gyn LiquiGel\u201d \u0101tri samazina maksts sausumu, ko izraisa hormon\u0101las izmai\u0146as (piem\u0113ram, menopauze, dzemd\u012bbas un baro\u0161ana ar kr\u016bti), medikamenti vai stress, un uztur dabisku maksts mitrumu.\" \/>\n<meta property=\"og:url\" content=\"https:\/\/multi-gyn.com\/lv\/produkts\/multi-gyn-liquigel\/\" \/>\n<meta property=\"og:site_name\" content=\"Multi-Gyn\" \/>\n<meta property=\"article:modified_time\" content=\"2025-05-07T07:51:13+00:00\" \/>\n<meta property=\"og:image\" content=\"https:\/\/multi-gyn.com\/app\/uploads\/sites\/40\/2023\/01\/Multi-Gyn-LiquiGel-1.png\" \/>\n\t<meta property=\"og:image:width\" content=\"700\" \/>\n\t<meta property=\"og:image:height\" content=\"700\" \/>\n\t<meta property=\"og:image:type\" content=\"image\/png\" \/>\n<meta name=\"twitter:card\" content=\"summary_large_image\" \/>\n<meta name=\"twitter:label1\" content=\"Est. reading time\" \/>\n\t<meta name=\"twitter:data1\" content=\"2 minutes\" \/>\n<script type=\"application\/ld+json\" class=\"yoast-schema-graph\">{\"@context\":\"https:\/\/schema.org\",\"@graph\":[{\"@type\":\"WebPage\",\"@id\":\"https:\/\/multi-gyn.com\/lv\/produkts\/multi-gyn-liquigel\/\",\"url\":\"https:\/\/multi-gyn.com\/lv\/produkts\/multi-gyn-liquigel\/\",\"name\":\"Multi-Gyn LiquiGel - Maksts sausums\",\"isPartOf\":{\"@id\":\"https:\/\/multi-gyn.com\/lv\/#website\"},\"primaryImageOfPage\":{\"@id\":\"https:\/\/multi-gyn.com\/lv\/produkts\/multi-gyn-liquigel\/#primaryimage\"},\"image\":{\"@id\":\"https:\/\/multi-gyn.com\/lv\/produkts\/multi-gyn-liquigel\/#primaryimage\"},\"thumbnailUrl\":\"https:\/\/multi-gyn.com\/app\/uploads\/sites\/40\/2023\/01\/Multi-Gyn-LiquiGel-1.png\",\"datePublished\":\"2023-01-02T14:34:47+00:00\",\"dateModified\":\"2025-05-07T07:51:13+00:00\",\"description\":\"Trauc\u0113 maksts sausums? Kaut kas j\u0101dara. \u201eMulti-Gyn LiquiGel\u201d \u0101tri samazina maksts sausumu, ko izraisa hormon\u0101las izmai\u0146as (piem\u0113ram, menopauze, dzemd\u012bbas un baro\u0161ana ar kr\u016bti), medikamenti vai stress, un uztur dabisku maksts mitrumu.\",\"breadcrumb\":{\"@id\":\"https:\/\/multi-gyn.com\/lv\/produkts\/multi-gyn-liquigel\/#breadcrumb\"},\"inLanguage\":\"lv-LV\",\"potentialAction\":[{\"@type\":\"ReadAction\",\"target\":[\"https:\/\/multi-gyn.com\/lv\/produkts\/multi-gyn-liquigel\/\"]}]},{\"@type\":\"ImageObject\",\"inLanguage\":\"lv-LV\",\"@id\":\"https:\/\/multi-gyn.com\/lv\/produkts\/multi-gyn-liquigel\/#primaryimage\",\"url\":\"https:\/\/multi-gyn.com\/app\/uploads\/sites\/40\/2023\/01\/Multi-Gyn-LiquiGel-1.png\",\"contentUrl\":\"https:\/\/multi-gyn.com\/app\/uploads\/sites\/40\/2023\/01\/Multi-Gyn-LiquiGel-1.png\",\"width\":700,\"height\":700,\"caption\":\"Multi-Gyn-LiquiGel\"},{\"@type\":\"BreadcrumbList\",\"@id\":\"https:\/\/multi-gyn.com\/lv\/produkts\/multi-gyn-liquigel\/#breadcrumb\",\"itemListElement\":[{\"@type\":\"ListItem\",\"position\":1,\"name\":\"Home\",\"item\":\"https:\/\/multi-gyn.com\/lv\/\"},{\"@type\":\"ListItem\",\"position\":2,\"name\":\"Produkti\",\"item\":\"https:\/\/multi-gyn.com\/lv\/produkti\/\"},{\"@type\":\"ListItem\",\"position\":3,\"name\":\"Multi-Gyn LiquiGel\"}]},{\"@type\":\"WebSite\",\"@id\":\"https:\/\/multi-gyn.com\/lv\/#website\",\"url\":\"https:\/\/multi-gyn.com\/lv\/\",\"name\":\"Multi-Gyn\",\"description\":\"\",\"publisher\":{\"@id\":\"https:\/\/multi-gyn.com\/lv\/#organization\"},\"potentialAction\":[{\"@type\":\"SearchAction\",\"target\":{\"@type\":\"EntryPoint\",\"urlTemplate\":\"https:\/\/multi-gyn.com\/lv\/?s={search_term_string}\"},\"query-input\":{\"@type\":\"PropertyValueSpecification\",\"valueRequired\":true,\"valueName\":\"search_term_string\"}}],\"inLanguage\":\"lv-LV\"},{\"@type\":\"Organization\",\"@id\":\"https:\/\/multi-gyn.com\/lv\/#organization\",\"name\":\"Multi-Gyn\",\"url\":\"https:\/\/multi-gyn.com\/lv\/\",\"logo\":{\"@type\":\"ImageObject\",\"inLanguage\":\"lv-LV\",\"@id\":\"https:\/\/multi-gyn.com\/lv\/#\/schema\/logo\/image\/\",\"url\":\"https:\/\/multi-gyn.com\/app\/uploads\/sites\/40\/2023\/01\/multi-gyn-logo.png\",\"contentUrl\":\"https:\/\/multi-gyn.com\/app\/uploads\/sites\/40\/2023\/01\/multi-gyn-logo.png\",\"width\":149,\"height\":32,\"caption\":\"Multi-Gyn\"},\"image\":{\"@id\":\"https:\/\/multi-gyn.com\/lv\/#\/schema\/logo\/image\/\"}}]}<\/script>\n<!-- \/ Yoast SEO plugin. -->","yoast_head_json":{"title":"Multi-Gyn LiquiGel - Maksts sausums","description":"Trauc\u0113 maksts sausums? Kaut kas j\u0101dara. \u201eMulti-Gyn LiquiGel\u201d \u0101tri samazina maksts sausumu, ko izraisa hormon\u0101las izmai\u0146as (piem\u0113ram, menopauze, dzemd\u012bbas un baro\u0161ana ar kr\u016bti), medikamenti vai stress, un uztur dabisku maksts mitrumu.","robots":{"index":"index","follow":"follow","max-snippet":"max-snippet:-1","max-image-preview":"max-image-preview:large","max-video-preview":"max-video-preview:-1"},"canonical":"https:\/\/multi-gyn.com\/lv\/produkts\/multi-gyn-liquigel\/","og_locale":"lv_LV","og_type":"article","og_title":"Multi-Gyn LiquiGel - Maksts sausums","og_description":"Trauc\u0113 maksts sausums? Kaut kas j\u0101dara. \u201eMulti-Gyn LiquiGel\u201d \u0101tri samazina maksts sausumu, ko izraisa hormon\u0101las izmai\u0146as (piem\u0113ram, menopauze, dzemd\u012bbas un baro\u0161ana ar kr\u016bti), medikamenti vai stress, un uztur dabisku maksts mitrumu.","og_url":"https:\/\/multi-gyn.com\/lv\/produkts\/multi-gyn-liquigel\/","og_site_name":"Multi-Gyn","article_modified_time":"2025-05-07T07:51:13+00:00","og_image":[{"width":700,"height":700,"url":"https:\/\/multi-gyn.com\/app\/uploads\/sites\/40\/2023\/01\/Multi-Gyn-LiquiGel-1.png","type":"image\/png"}],"twitter_card":"summary_large_image","twitter_misc":{"Est. reading time":"2 minutes"},"schema":{"@context":"https:\/\/schema.org","@graph":[{"@type":"WebPage","@id":"https:\/\/multi-gyn.com\/lv\/produkts\/multi-gyn-liquigel\/","url":"https:\/\/multi-gyn.com\/lv\/produkts\/multi-gyn-liquigel\/","name":"Multi-Gyn LiquiGel - Maksts sausums","isPartOf":{"@id":"https:\/\/multi-gyn.com\/lv\/#website"},"primaryImageOfPage":{"@id":"https:\/\/multi-gyn.com\/lv\/produkts\/multi-gyn-liquigel\/#primaryimage"},"image":{"@id":"https:\/\/multi-gyn.com\/lv\/produkts\/multi-gyn-liquigel\/#primaryimage"},"thumbnailUrl":"https:\/\/multi-gyn.com\/app\/uploads\/sites\/40\/2023\/01\/Multi-Gyn-LiquiGel-1.png","datePublished":"2023-01-02T14:34:47+00:00","dateModified":"2025-05-07T07:51:13+00:00","description":"Trauc\u0113 maksts sausums? Kaut kas j\u0101dara. \u201eMulti-Gyn LiquiGel\u201d \u0101tri samazina maksts sausumu, ko izraisa hormon\u0101las izmai\u0146as (piem\u0113ram, menopauze, dzemd\u012bbas un baro\u0161ana ar kr\u016bti), medikamenti vai stress, un uztur dabisku maksts mitrumu.","breadcrumb":{"@id":"https:\/\/multi-gyn.com\/lv\/produkts\/multi-gyn-liquigel\/#breadcrumb"},"inLanguage":"lv-LV","potentialAction":[{"@type":"ReadAction","target":["https:\/\/multi-gyn.com\/lv\/produkts\/multi-gyn-liquigel\/"]}]},{"@type":"ImageObject","inLanguage":"lv-LV","@id":"https:\/\/multi-gyn.com\/lv\/produkts\/multi-gyn-liquigel\/#primaryimage","url":"https:\/\/multi-gyn.com\/app\/uploads\/sites\/40\/2023\/01\/Multi-Gyn-LiquiGel-1.png","contentUrl":"https:\/\/multi-gyn.com\/app\/uploads\/sites\/40\/2023\/01\/Multi-Gyn-LiquiGel-1.png","width":700,"height":700,"caption":"Multi-Gyn-LiquiGel"},{"@type":"BreadcrumbList","@id":"https:\/\/multi-gyn.com\/lv\/produkts\/multi-gyn-liquigel\/#breadcrumb","itemListElement":[{"@type":"ListItem","position":1,"name":"Home","item":"https:\/\/multi-gyn.com\/lv\/"},{"@type":"ListItem","position":2,"name":"Produkti","item":"https:\/\/multi-gyn.com\/lv\/produkti\/"},{"@type":"ListItem","position":3,"name":"Multi-Gyn LiquiGel"}]},{"@type":"WebSite","@id":"https:\/\/multi-gyn.com\/lv\/#website","url":"https:\/\/multi-gyn.com\/lv\/","name":"Multi-Gyn","description":"","publisher":{"@id":"https:\/\/multi-gyn.com\/lv\/#organization"},"potentialAction":[{"@type":"SearchAction","target":{"@type":"EntryPoint","urlTemplate":"https:\/\/multi-gyn.com\/lv\/?s={search_term_string}"},"query-input":{"@type":"PropertyValueSpecification","valueRequired":true,"valueName":"search_term_string"}}],"inLanguage":"lv-LV"},{"@type":"Organization","@id":"https:\/\/multi-gyn.com\/lv\/#organization","name":"Multi-Gyn","url":"https:\/\/multi-gyn.com\/lv\/","logo":{"@type":"ImageObject","inLanguage":"lv-LV","@id":"https:\/\/multi-gyn.com\/lv\/#\/schema\/logo\/image\/","url":"https:\/\/multi-gyn.com\/app\/uploads\/sites\/40\/2023\/01\/multi-gyn-logo.png","contentUrl":"https:\/\/multi-gyn.com\/app\/uploads\/sites\/40\/2023\/01\/multi-gyn-logo.png","width":149,"height":32,"caption":"Multi-Gyn"},"image":{"@id":"https:\/\/multi-gyn.com\/lv\/#\/schema\/logo\/image\/"}}]}},"_links":{"self":[{"href":"https:\/\/multi-gyn.com\/lv\/wp-json\/wp\/v2\/product\/71","targetHints":{"allow":["GET"]}}],"collection":[{"href":"https:\/\/multi-gyn.com\/lv\/wp-json\/wp\/v2\/product"}],"about":[{"href":"https:\/\/multi-gyn.com\/lv\/wp-json\/wp\/v2\/types\/product"}],"replies":[{"embeddable":true,"href":"https:\/\/multi-gyn.com\/lv\/wp-json\/wp\/v2\/comments?post=71"}],"version-history":[{"count":8,"href":"https:\/\/multi-gyn.com\/lv\/wp-json\/wp\/v2\/product\/71\/revisions"}],"predecessor-version":[{"id":226,"href":"https:\/\/multi-gyn.com\/lv\/wp-json\/wp\/v2\/product\/71\/revisions\/226"}],"wp:featuredmedia":[{"embeddable":true,"href":"https:\/\/multi-gyn.com\/lv\/wp-json\/wp\/v2\/media\/222"}],"wp:attachment":[{"href":"https:\/\/multi-gyn.com\/lv\/wp-json\/wp\/v2\/media?parent=71"}],"wp:term":[{"taxonomy":"product_brand","embeddable":true,"href":"https:\/\/multi-gyn.com\/lv\/wp-json\/wp\/v2\/product_brand?post=71"},{"taxonomy":"product_cat","embeddable":true,"href":"https:\/\/multi-gyn.com\/lv\/wp-json\/wp\/v2\/product_cat?post=71"},{"taxonomy":"product_tag","embeddable":true,"href":"https:\/\/multi-gyn.com\/lv\/wp-json\/wp\/v2\/product_tag?post=71"}],"curies":[{"name":"wp","href":"https:\/\/api.w.org\/{rel}","templated":true}]}}