{"id":75,"date":"2023-01-02T16:35:26","date_gmt":"2023-01-02T14:35:26","guid":{"rendered":"https:\/\/multi-gyn.com\/lv\/?post_type=product&#038;p=75"},"modified":"2025-11-10T11:35:21","modified_gmt":"2025-11-10T09:35:21","slug":"multi-gyn-femiwash","status":"publish","type":"product","link":"https:\/\/multi-gyn.com\/lv\/produkts\/multi-gyn-femiwash\/","title":{"rendered":"Multi-Gyn FemiWash"},"content":{"rendered":"\n<div class=\"wp-block-karopharma-accordions is-style-secondary\"><div class=\"container\">\n<details class=\"wp-block-karopharma-accordion\"><summary><h2 class=\"accordion-title\">Vai es varu katru dienu lietot Multi-Gyn FemiWash?<\/h2><\/summary><div class=\"accordion-content\">\n<p>J\u0101, j\u016bs varat lietot Multi-Gyn FemiWash katru dienu. T\u0101 k\u0101 Multi-Gyn FemiWash ir koncentr\u0113tas putas, jums katru reizi ir nepiecie\u0161ams tikai viens spiediens.<\/p>\n<\/div><\/details>\n\n\n\n<details class=\"wp-block-karopharma-accordion\"><summary><h2 class=\"accordion-title\">Vai tas nav pietiekami, ka mazg\u0101ju int\u012bmo zonu ar \u016bdeni?<\/h2><\/summary><div class=\"accordion-content\">\n<p>J\u0101, mazg\u0101\u0161ana ar \u016bdeni var\u0113tu b\u016bt pietiekama. Lai ieg\u016btu svaiguma saj\u016btu, \u013coti bie\u017ei cilv\u0113ki v\u0113las mazg\u0101ties ar emulsiju. \u0160ai emulsijai, t\u0101pat k\u0101 Multi-Gyn FemiWash, nedr\u012bkst b\u016bt kairino\u0161u sast\u0101vda\u013cu, pret\u0113j\u0101 gad\u012bjum\u0101 var tikt trauc\u0113ta dabisk\u0101 flora.<\/p>\n<\/div><\/details>\n\n\n\n<details class=\"wp-block-karopharma-accordion\"><summary><h2 class=\"accordion-title\">Cik daudz Multi-Gyn FemiWash man j\u0101lieto?<\/h2><\/summary><div class=\"accordion-content\">\n<p>Multi-Gyn FemiWash ir koncentr\u0113tas putas, vien\u0101 mazg\u0101\u0161anas reiz\u0113 ir nepiecie\u0161ams tikai viens spiediens.<\/p>\n<\/div><\/details>\n\n\n\n<details class=\"wp-block-karopharma-accordion\"><summary><h2 class=\"accordion-title\">Vai es varu lietot Multi-Gyn FemiWash tikai du\u0161\u0101?<\/h2><\/summary><div class=\"accordion-content\">\n<p>N\u0113, j\u016bs varat lietot Multi-Gyn FemiWash ar\u012b vann\u0101 vai mazg\u0101joties pie izlietnes.<\/p>\n<\/div><\/details>\n<\/div><\/div>\n","protected":false},"excerpt":{"rendered":"<p>Maiga, int\u012bma higi\u0113na bez ziep\u0113m<\/p>\n","protected":false},"featured_media":126,"comment_status":"closed","ping_status":"closed","template":"","meta":{"_acf_changed":false,"footnotes":""},"product_brand":[],"product_cat":[18],"product_tag":[],"class_list":{"0":"post-75","1":"product","2":"type-product","3":"status-publish","4":"has-post-thumbnail","6":"product_cat-hugieen-ja-hooldus","8":"first","9":"instock","10":"shipping-taxable","11":"product-type-simple"},"acf":[],"yoast_head":"<!-- This site is optimized with the Yoast SEO plugin v26.6 - https:\/\/yoast.com\/wordpress\/plugins\/seo\/ -->\n<title>Multi-Gyn FemiWash - Multi-Gyn<\/title>\n<meta name=\"description\" content=\"Vai v\u0113laties lietot \u013coti maigu, nekairino\u0161u mazg\u0101\u0161anas l\u012bdzekli? Multi-Gyn FemiWash att\u012bra un atsvaidzina int\u012bmo zonu.\" \/>\n<meta name=\"robots\" content=\"index, follow, max-snippet:-1, max-image-preview:large, max-video-preview:-1\" \/>\n<link rel=\"canonical\" href=\"https:\/\/multi-gyn.com\/lv\/produkts\/multi-gyn-femiwash\/\" \/>\n<meta property=\"og:locale\" content=\"lv_LV\" \/>\n<meta property=\"og:type\" content=\"article\" \/>\n<meta property=\"og:title\" content=\"Multi-Gyn FemiWash - Multi-Gyn\" \/>\n<meta property=\"og:description\" content=\"Vai v\u0113laties lietot \u013coti maigu, nekairino\u0161u mazg\u0101\u0161anas l\u012bdzekli? Multi-Gyn FemiWash att\u012bra un atsvaidzina int\u012bmo zonu.\" \/>\n<meta property=\"og:url\" content=\"https:\/\/multi-gyn.com\/lv\/produkts\/multi-gyn-femiwash\/\" \/>\n<meta property=\"og:site_name\" content=\"Multi-Gyn\" \/>\n<meta property=\"article:modified_time\" content=\"2025-11-10T09:35:21+00:00\" \/>\n<meta property=\"og:image\" content=\"https:\/\/multi-gyn.com\/app\/uploads\/sites\/40\/2023\/01\/MultiGyn-FemiWash.png\" \/>\n\t<meta property=\"og:image:width\" content=\"1024\" \/>\n\t<meta property=\"og:image:height\" content=\"1024\" \/>\n\t<meta property=\"og:image:type\" content=\"image\/png\" \/>\n<meta name=\"twitter:card\" content=\"summary_large_image\" \/>\n<meta name=\"twitter:label1\" content=\"Est. reading time\" \/>\n\t<meta name=\"twitter:data1\" content=\"1 minute\" \/>\n<script type=\"application\/ld+json\" class=\"yoast-schema-graph\">{\"@context\":\"https:\/\/schema.org\",\"@graph\":[{\"@type\":\"WebPage\",\"@id\":\"https:\/\/multi-gyn.com\/lv\/produkts\/multi-gyn-femiwash\/\",\"url\":\"https:\/\/multi-gyn.com\/lv\/produkts\/multi-gyn-femiwash\/\",\"name\":\"Multi-Gyn FemiWash - Multi-Gyn\",\"isPartOf\":{\"@id\":\"https:\/\/multi-gyn.com\/lv\/#website\"},\"primaryImageOfPage\":{\"@id\":\"https:\/\/multi-gyn.com\/lv\/produkts\/multi-gyn-femiwash\/#primaryimage\"},\"image\":{\"@id\":\"https:\/\/multi-gyn.com\/lv\/produkts\/multi-gyn-femiwash\/#primaryimage\"},\"thumbnailUrl\":\"https:\/\/multi-gyn.com\/app\/uploads\/sites\/40\/2023\/01\/MultiGyn-FemiWash.png\",\"datePublished\":\"2023-01-02T14:35:26+00:00\",\"dateModified\":\"2025-11-10T09:35:21+00:00\",\"description\":\"Vai v\u0113laties lietot \u013coti maigu, nekairino\u0161u mazg\u0101\u0161anas l\u012bdzekli? Multi-Gyn FemiWash att\u012bra un atsvaidzina int\u012bmo zonu.\",\"breadcrumb\":{\"@id\":\"https:\/\/multi-gyn.com\/lv\/produkts\/multi-gyn-femiwash\/#breadcrumb\"},\"inLanguage\":\"lv-LV\",\"potentialAction\":[{\"@type\":\"ReadAction\",\"target\":[\"https:\/\/multi-gyn.com\/lv\/produkts\/multi-gyn-femiwash\/\"]}]},{\"@type\":\"ImageObject\",\"inLanguage\":\"lv-LV\",\"@id\":\"https:\/\/multi-gyn.com\/lv\/produkts\/multi-gyn-femiwash\/#primaryimage\",\"url\":\"https:\/\/multi-gyn.com\/app\/uploads\/sites\/40\/2023\/01\/MultiGyn-FemiWash.png\",\"contentUrl\":\"https:\/\/multi-gyn.com\/app\/uploads\/sites\/40\/2023\/01\/MultiGyn-FemiWash.png\",\"width\":1024,\"height\":1024,\"caption\":\"Mult-iGyn FemiWash\"},{\"@type\":\"BreadcrumbList\",\"@id\":\"https:\/\/multi-gyn.com\/lv\/produkts\/multi-gyn-femiwash\/#breadcrumb\",\"itemListElement\":[{\"@type\":\"ListItem\",\"position\":1,\"name\":\"Home\",\"item\":\"https:\/\/multi-gyn.com\/lv\/\"},{\"@type\":\"ListItem\",\"position\":2,\"name\":\"Produkti\",\"item\":\"https:\/\/multi-gyn.com\/lv\/produkti\/\"},{\"@type\":\"ListItem\",\"position\":3,\"name\":\"Multi-Gyn FemiWash\"}]},{\"@type\":\"WebSite\",\"@id\":\"https:\/\/multi-gyn.com\/lv\/#website\",\"url\":\"https:\/\/multi-gyn.com\/lv\/\",\"name\":\"Multi-Gyn\",\"description\":\"\",\"publisher\":{\"@id\":\"https:\/\/multi-gyn.com\/lv\/#organization\"},\"potentialAction\":[{\"@type\":\"SearchAction\",\"target\":{\"@type\":\"EntryPoint\",\"urlTemplate\":\"https:\/\/multi-gyn.com\/lv\/?s={search_term_string}\"},\"query-input\":{\"@type\":\"PropertyValueSpecification\",\"valueRequired\":true,\"valueName\":\"search_term_string\"}}],\"inLanguage\":\"lv-LV\"},{\"@type\":\"Organization\",\"@id\":\"https:\/\/multi-gyn.com\/lv\/#organization\",\"name\":\"Multi-Gyn\",\"url\":\"https:\/\/multi-gyn.com\/lv\/\",\"logo\":{\"@type\":\"ImageObject\",\"inLanguage\":\"lv-LV\",\"@id\":\"https:\/\/multi-gyn.com\/lv\/#\/schema\/logo\/image\/\",\"url\":\"https:\/\/multi-gyn.com\/app\/uploads\/sites\/40\/2023\/01\/multi-gyn-logo.png\",\"contentUrl\":\"https:\/\/multi-gyn.com\/app\/uploads\/sites\/40\/2023\/01\/multi-gyn-logo.png\",\"width\":149,\"height\":32,\"caption\":\"Multi-Gyn\"},\"image\":{\"@id\":\"https:\/\/multi-gyn.com\/lv\/#\/schema\/logo\/image\/\"}}]}<\/script>\n<!-- \/ Yoast SEO plugin. -->","yoast_head_json":{"title":"Multi-Gyn FemiWash - Multi-Gyn","description":"Vai v\u0113laties lietot \u013coti maigu, nekairino\u0161u mazg\u0101\u0161anas l\u012bdzekli? Multi-Gyn FemiWash att\u012bra un atsvaidzina int\u012bmo zonu.","robots":{"index":"index","follow":"follow","max-snippet":"max-snippet:-1","max-image-preview":"max-image-preview:large","max-video-preview":"max-video-preview:-1"},"canonical":"https:\/\/multi-gyn.com\/lv\/produkts\/multi-gyn-femiwash\/","og_locale":"lv_LV","og_type":"article","og_title":"Multi-Gyn FemiWash - Multi-Gyn","og_description":"Vai v\u0113laties lietot \u013coti maigu, nekairino\u0161u mazg\u0101\u0161anas l\u012bdzekli? Multi-Gyn FemiWash att\u012bra un atsvaidzina int\u012bmo zonu.","og_url":"https:\/\/multi-gyn.com\/lv\/produkts\/multi-gyn-femiwash\/","og_site_name":"Multi-Gyn","article_modified_time":"2025-11-10T09:35:21+00:00","og_image":[{"width":1024,"height":1024,"url":"https:\/\/multi-gyn.com\/app\/uploads\/sites\/40\/2023\/01\/MultiGyn-FemiWash.png","type":"image\/png"}],"twitter_card":"summary_large_image","twitter_misc":{"Est. reading time":"1 minute"},"schema":{"@context":"https:\/\/schema.org","@graph":[{"@type":"WebPage","@id":"https:\/\/multi-gyn.com\/lv\/produkts\/multi-gyn-femiwash\/","url":"https:\/\/multi-gyn.com\/lv\/produkts\/multi-gyn-femiwash\/","name":"Multi-Gyn FemiWash - Multi-Gyn","isPartOf":{"@id":"https:\/\/multi-gyn.com\/lv\/#website"},"primaryImageOfPage":{"@id":"https:\/\/multi-gyn.com\/lv\/produkts\/multi-gyn-femiwash\/#primaryimage"},"image":{"@id":"https:\/\/multi-gyn.com\/lv\/produkts\/multi-gyn-femiwash\/#primaryimage"},"thumbnailUrl":"https:\/\/multi-gyn.com\/app\/uploads\/sites\/40\/2023\/01\/MultiGyn-FemiWash.png","datePublished":"2023-01-02T14:35:26+00:00","dateModified":"2025-11-10T09:35:21+00:00","description":"Vai v\u0113laties lietot \u013coti maigu, nekairino\u0161u mazg\u0101\u0161anas l\u012bdzekli? Multi-Gyn FemiWash att\u012bra un atsvaidzina int\u012bmo zonu.","breadcrumb":{"@id":"https:\/\/multi-gyn.com\/lv\/produkts\/multi-gyn-femiwash\/#breadcrumb"},"inLanguage":"lv-LV","potentialAction":[{"@type":"ReadAction","target":["https:\/\/multi-gyn.com\/lv\/produkts\/multi-gyn-femiwash\/"]}]},{"@type":"ImageObject","inLanguage":"lv-LV","@id":"https:\/\/multi-gyn.com\/lv\/produkts\/multi-gyn-femiwash\/#primaryimage","url":"https:\/\/multi-gyn.com\/app\/uploads\/sites\/40\/2023\/01\/MultiGyn-FemiWash.png","contentUrl":"https:\/\/multi-gyn.com\/app\/uploads\/sites\/40\/2023\/01\/MultiGyn-FemiWash.png","width":1024,"height":1024,"caption":"Mult-iGyn FemiWash"},{"@type":"BreadcrumbList","@id":"https:\/\/multi-gyn.com\/lv\/produkts\/multi-gyn-femiwash\/#breadcrumb","itemListElement":[{"@type":"ListItem","position":1,"name":"Home","item":"https:\/\/multi-gyn.com\/lv\/"},{"@type":"ListItem","position":2,"name":"Produkti","item":"https:\/\/multi-gyn.com\/lv\/produkti\/"},{"@type":"ListItem","position":3,"name":"Multi-Gyn FemiWash"}]},{"@type":"WebSite","@id":"https:\/\/multi-gyn.com\/lv\/#website","url":"https:\/\/multi-gyn.com\/lv\/","name":"Multi-Gyn","description":"","publisher":{"@id":"https:\/\/multi-gyn.com\/lv\/#organization"},"potentialAction":[{"@type":"SearchAction","target":{"@type":"EntryPoint","urlTemplate":"https:\/\/multi-gyn.com\/lv\/?s={search_term_string}"},"query-input":{"@type":"PropertyValueSpecification","valueRequired":true,"valueName":"search_term_string"}}],"inLanguage":"lv-LV"},{"@type":"Organization","@id":"https:\/\/multi-gyn.com\/lv\/#organization","name":"Multi-Gyn","url":"https:\/\/multi-gyn.com\/lv\/","logo":{"@type":"ImageObject","inLanguage":"lv-LV","@id":"https:\/\/multi-gyn.com\/lv\/#\/schema\/logo\/image\/","url":"https:\/\/multi-gyn.com\/app\/uploads\/sites\/40\/2023\/01\/multi-gyn-logo.png","contentUrl":"https:\/\/multi-gyn.com\/app\/uploads\/sites\/40\/2023\/01\/multi-gyn-logo.png","width":149,"height":32,"caption":"Multi-Gyn"},"image":{"@id":"https:\/\/multi-gyn.com\/lv\/#\/schema\/logo\/image\/"}}]}},"_links":{"self":[{"href":"https:\/\/multi-gyn.com\/lv\/wp-json\/wp\/v2\/product\/75","targetHints":{"allow":["GET"]}}],"collection":[{"href":"https:\/\/multi-gyn.com\/lv\/wp-json\/wp\/v2\/product"}],"about":[{"href":"https:\/\/multi-gyn.com\/lv\/wp-json\/wp\/v2\/types\/product"}],"replies":[{"embeddable":true,"href":"https:\/\/multi-gyn.com\/lv\/wp-json\/wp\/v2\/comments?post=75"}],"version-history":[{"count":10,"href":"https:\/\/multi-gyn.com\/lv\/wp-json\/wp\/v2\/product\/75\/revisions"}],"predecessor-version":[{"id":254,"href":"https:\/\/multi-gyn.com\/lv\/wp-json\/wp\/v2\/product\/75\/revisions\/254"}],"wp:featuredmedia":[{"embeddable":true,"href":"https:\/\/multi-gyn.com\/lv\/wp-json\/wp\/v2\/media\/126"}],"wp:attachment":[{"href":"https:\/\/multi-gyn.com\/lv\/wp-json\/wp\/v2\/media?parent=75"}],"wp:term":[{"taxonomy":"product_brand","embeddable":true,"href":"https:\/\/multi-gyn.com\/lv\/wp-json\/wp\/v2\/product_brand?post=75"},{"taxonomy":"product_cat","embeddable":true,"href":"https:\/\/multi-gyn.com\/lv\/wp-json\/wp\/v2\/product_cat?post=75"},{"taxonomy":"product_tag","embeddable":true,"href":"https:\/\/multi-gyn.com\/lv\/wp-json\/wp\/v2\/product_tag?post=75"}],"curies":[{"name":"wp","href":"https:\/\/api.w.org\/{rel}","templated":true}]}}