{"id":83,"date":"2023-01-02T16:37:03","date_gmt":"2023-01-02T14:37:03","guid":{"rendered":"https:\/\/multi-gyn.com\/lv\/?post_type=product&#038;p=83"},"modified":"2023-08-28T11:35:26","modified_gmt":"2023-08-28T08:35:26","slug":"multi-gyn-tabletes","status":"publish","type":"product","link":"https:\/\/multi-gyn.com\/lv\/produkts\/multi-gyn-tabletes\/","title":{"rendered":"Multi-Gyn tabletes"},"content":{"rendered":"\n<div class=\"wp-block-karopharma-accordions is-style-secondary\"><div class=\"container\">\n<details class=\"wp-block-karopharma-accordion\"><summary><h2 class=\"accordion-title\">Vai es varu lietot Multi-Gyn tabletes bez maksts du\u0161as?<\/h2><\/summary><div class=\"accordion-content\">\n<p>N\u0113, t\u0101s ir paredz\u0113tas lieto\u0161anai tikai ar Multi-Gyn Vaginal Douche l\u012bdzekli iek\u0161\u0137\u012bgai mazg\u0101\u0161anai.<\/p>\n<\/div><\/details>\n\n\n\n<details class=\"wp-block-karopharma-accordion\"><summary><h2 class=\"accordion-title\">Cik bie\u017ei es varu lietot Multi-Gyn Vaginal Douche l\u012bdzekli iek\u0161\u0137\u012bgai mazg\u0101\u0161anai?<\/h2><\/summary><div class=\"accordion-content\">\n<p>Da\u017eas sievietes dz\u012bvesveida, dzimumaktivit\u0101tes vai menstru\u0101ciju d\u0113\u013c ir vair\u0101k pak\u013cautas maksts ne\u0113rt\u012bb\u0101m nek\u0101 citas. Atkar\u012bb\u0101 no person\u012bg\u0101s higi\u0113nas vajadz\u012bb\u0101m Multi-Gyn Vaginal Douche l\u012bdzekli iek\u0161\u0137\u012bgai mazg\u0101\u0161anai var lietot bie\u017e\u0101k; tom\u0113r nav ieteicams lietot Multi-Gyn Vaginal Douche bie\u017e\u0101k nek\u0101 reizi ned\u0113\u013c\u0101, ja vien \u0101rsts nav to noteicis cit\u0101di.<\/p>\n<\/div><\/details>\n\n\n\n<details class=\"wp-block-karopharma-accordion\"><summary><h2 class=\"accordion-title\">Vai man ir j\u0101izlieto viss \u0161\u0137idrums?<\/h2><\/summary><div class=\"accordion-content\">\n<p>N\u0113, pietiek ar vienu maigu spiedienu.<\/p>\n<\/div><\/details>\n\n\n\n<details class=\"wp-block-karopharma-accordion\"><summary><h2 class=\"accordion-title\">Vai es varu atk\u0101rtoti lietot l\u012bdzekli iek\u0161\u0137\u012bgai mazg\u0101\u0161anai?<\/h2><\/summary><div class=\"accordion-content\">\n<p>N\u0113, noteikti n\u0113. \u0160\u0137idrumu var lietot tikai vienu reizi.<\/p>\n<\/div><\/details>\n\n\n\n<details class=\"wp-block-karopharma-accordion\"><summary><h2 class=\"accordion-title\">Vai ir gr\u016bti ievietot Multi-Gyn Vaginal Douche l\u012bdzekli iek\u0161\u0137\u012bgai mazg\u0101\u0161anai?<\/h2><\/summary><div class=\"accordion-content\">\n<p>N\u0113, nav gr\u016bti lietot l\u012bdzekli iek\u0161\u0137\u012bgai mazg\u0101\u0161anai. Tom\u0113r p\u0101rliecinieties, ka neesat saspringusi un st\u0101vat, vai s\u0113\u017eat \u0113rt\u0101 poz\u0101. Pla\u0161\u0101ku inform\u0101ciju par Multi-Gyn Vaginal Douche lieto\u0161anu, l\u016bdzu, skatiet pielikum\u0101.<\/p>\n<\/div><\/details>\n<\/div><\/div>\n","protected":false},"excerpt":{"rendered":"<p>Maksts iek\u0161puses mazg\u0101\u0161anas \u0161\u0137idrums<\/p>\n","protected":false},"featured_media":85,"comment_status":"closed","ping_status":"closed","template":"","meta":{"_acf_changed":false,"footnotes":""},"product_brand":[],"product_cat":[18],"product_tag":[],"class_list":{"0":"post-83","1":"product","2":"type-product","3":"status-publish","4":"has-post-thumbnail","6":"product_cat-hugieen-ja-hooldus","8":"first","9":"instock","10":"shipping-taxable","11":"product-type-simple"},"acf":[],"yoast_head":"<!-- This site is optimized with the Yoast SEO plugin v26.6 - https:\/\/yoast.com\/wordpress\/plugins\/seo\/ -->\n<title>Multi-Gyn tabletes - Multi-Gyn<\/title>\n<meta name=\"description\" content=\"Multi-Gyn tabletes, iz\u0161\u0137\u012bdin\u0101tas remden\u0101 silt\u0101 \u016bden\u012b, rada maigu \u0161\u0137idrumu, kas ir piem\u0113rots lieto\u0161anai ar Multi-Gyn Vaginal Douche. Koncentr\u0113t\u0101s putojo\u0161\u0101s tabletes satur dab\u012bgas sast\u0101vda\u013cas.\" \/>\n<meta name=\"robots\" content=\"index, follow, max-snippet:-1, max-image-preview:large, max-video-preview:-1\" \/>\n<link rel=\"canonical\" href=\"https:\/\/multi-gyn.com\/lv\/produkts\/multi-gyn-tabletes\/\" \/>\n<meta property=\"og:locale\" content=\"lv_LV\" \/>\n<meta property=\"og:type\" content=\"article\" \/>\n<meta property=\"og:title\" content=\"Multi-Gyn tabletes - Multi-Gyn\" \/>\n<meta property=\"og:description\" content=\"Multi-Gyn tabletes, iz\u0161\u0137\u012bdin\u0101tas remden\u0101 silt\u0101 \u016bden\u012b, rada maigu \u0161\u0137idrumu, kas ir piem\u0113rots lieto\u0161anai ar Multi-Gyn Vaginal Douche. Koncentr\u0113t\u0101s putojo\u0161\u0101s tabletes satur dab\u012bgas sast\u0101vda\u013cas.\" \/>\n<meta property=\"og:url\" content=\"https:\/\/multi-gyn.com\/lv\/produkts\/multi-gyn-tabletes\/\" \/>\n<meta property=\"og:site_name\" content=\"Multi-Gyn\" \/>\n<meta property=\"article:modified_time\" content=\"2023-08-28T08:35:26+00:00\" \/>\n<meta property=\"og:image\" content=\"https:\/\/multi-gyn.com\/app\/uploads\/sites\/40\/2023\/01\/Multi-Gyn-VaginalTablets-2.png\" \/>\n\t<meta property=\"og:image:width\" content=\"2000\" \/>\n\t<meta property=\"og:image:height\" content=\"2000\" \/>\n\t<meta property=\"og:image:type\" content=\"image\/png\" \/>\n<meta name=\"twitter:card\" content=\"summary_large_image\" \/>\n<meta name=\"twitter:label1\" content=\"Est. reading time\" \/>\n\t<meta name=\"twitter:data1\" content=\"1 minute\" \/>\n<script type=\"application\/ld+json\" class=\"yoast-schema-graph\">{\"@context\":\"https:\/\/schema.org\",\"@graph\":[{\"@type\":\"WebPage\",\"@id\":\"https:\/\/multi-gyn.com\/lv\/produkts\/multi-gyn-tabletes\/\",\"url\":\"https:\/\/multi-gyn.com\/lv\/produkts\/multi-gyn-tabletes\/\",\"name\":\"Multi-Gyn tabletes - Multi-Gyn\",\"isPartOf\":{\"@id\":\"https:\/\/multi-gyn.com\/lv\/#website\"},\"primaryImageOfPage\":{\"@id\":\"https:\/\/multi-gyn.com\/lv\/produkts\/multi-gyn-tabletes\/#primaryimage\"},\"image\":{\"@id\":\"https:\/\/multi-gyn.com\/lv\/produkts\/multi-gyn-tabletes\/#primaryimage\"},\"thumbnailUrl\":\"https:\/\/multi-gyn.com\/app\/uploads\/sites\/40\/2023\/01\/Multi-Gyn-VaginalTablets-2.png\",\"datePublished\":\"2023-01-02T14:37:03+00:00\",\"dateModified\":\"2023-08-28T08:35:26+00:00\",\"description\":\"Multi-Gyn tabletes, iz\u0161\u0137\u012bdin\u0101tas remden\u0101 silt\u0101 \u016bden\u012b, rada maigu \u0161\u0137idrumu, kas ir piem\u0113rots lieto\u0161anai ar Multi-Gyn Vaginal Douche. Koncentr\u0113t\u0101s putojo\u0161\u0101s tabletes satur dab\u012bgas sast\u0101vda\u013cas.\",\"breadcrumb\":{\"@id\":\"https:\/\/multi-gyn.com\/lv\/produkts\/multi-gyn-tabletes\/#breadcrumb\"},\"inLanguage\":\"lv-LV\",\"potentialAction\":[{\"@type\":\"ReadAction\",\"target\":[\"https:\/\/multi-gyn.com\/lv\/produkts\/multi-gyn-tabletes\/\"]}]},{\"@type\":\"ImageObject\",\"inLanguage\":\"lv-LV\",\"@id\":\"https:\/\/multi-gyn.com\/lv\/produkts\/multi-gyn-tabletes\/#primaryimage\",\"url\":\"https:\/\/multi-gyn.com\/app\/uploads\/sites\/40\/2023\/01\/Multi-Gyn-VaginalTablets-2.png\",\"contentUrl\":\"https:\/\/multi-gyn.com\/app\/uploads\/sites\/40\/2023\/01\/Multi-Gyn-VaginalTablets-2.png\",\"width\":2000,\"height\":2000,\"caption\":\"Multi-Gyn Tablets\"},{\"@type\":\"BreadcrumbList\",\"@id\":\"https:\/\/multi-gyn.com\/lv\/produkts\/multi-gyn-tabletes\/#breadcrumb\",\"itemListElement\":[{\"@type\":\"ListItem\",\"position\":1,\"name\":\"Home\",\"item\":\"https:\/\/multi-gyn.com\/lv\/\"},{\"@type\":\"ListItem\",\"position\":2,\"name\":\"Produkti\",\"item\":\"https:\/\/multi-gyn.com\/lv\/produkti\/\"},{\"@type\":\"ListItem\",\"position\":3,\"name\":\"Multi-Gyn tabletes\"}]},{\"@type\":\"WebSite\",\"@id\":\"https:\/\/multi-gyn.com\/lv\/#website\",\"url\":\"https:\/\/multi-gyn.com\/lv\/\",\"name\":\"Multi-Gyn\",\"description\":\"\",\"publisher\":{\"@id\":\"https:\/\/multi-gyn.com\/lv\/#organization\"},\"potentialAction\":[{\"@type\":\"SearchAction\",\"target\":{\"@type\":\"EntryPoint\",\"urlTemplate\":\"https:\/\/multi-gyn.com\/lv\/?s={search_term_string}\"},\"query-input\":{\"@type\":\"PropertyValueSpecification\",\"valueRequired\":true,\"valueName\":\"search_term_string\"}}],\"inLanguage\":\"lv-LV\"},{\"@type\":\"Organization\",\"@id\":\"https:\/\/multi-gyn.com\/lv\/#organization\",\"name\":\"Multi-Gyn\",\"url\":\"https:\/\/multi-gyn.com\/lv\/\",\"logo\":{\"@type\":\"ImageObject\",\"inLanguage\":\"lv-LV\",\"@id\":\"https:\/\/multi-gyn.com\/lv\/#\/schema\/logo\/image\/\",\"url\":\"https:\/\/multi-gyn.com\/app\/uploads\/sites\/40\/2023\/01\/multi-gyn-logo.png\",\"contentUrl\":\"https:\/\/multi-gyn.com\/app\/uploads\/sites\/40\/2023\/01\/multi-gyn-logo.png\",\"width\":149,\"height\":32,\"caption\":\"Multi-Gyn\"},\"image\":{\"@id\":\"https:\/\/multi-gyn.com\/lv\/#\/schema\/logo\/image\/\"}}]}<\/script>\n<!-- \/ Yoast SEO plugin. -->","yoast_head_json":{"title":"Multi-Gyn tabletes - Multi-Gyn","description":"Multi-Gyn tabletes, iz\u0161\u0137\u012bdin\u0101tas remden\u0101 silt\u0101 \u016bden\u012b, rada maigu \u0161\u0137idrumu, kas ir piem\u0113rots lieto\u0161anai ar Multi-Gyn Vaginal Douche. Koncentr\u0113t\u0101s putojo\u0161\u0101s tabletes satur dab\u012bgas sast\u0101vda\u013cas.","robots":{"index":"index","follow":"follow","max-snippet":"max-snippet:-1","max-image-preview":"max-image-preview:large","max-video-preview":"max-video-preview:-1"},"canonical":"https:\/\/multi-gyn.com\/lv\/produkts\/multi-gyn-tabletes\/","og_locale":"lv_LV","og_type":"article","og_title":"Multi-Gyn tabletes - Multi-Gyn","og_description":"Multi-Gyn tabletes, iz\u0161\u0137\u012bdin\u0101tas remden\u0101 silt\u0101 \u016bden\u012b, rada maigu \u0161\u0137idrumu, kas ir piem\u0113rots lieto\u0161anai ar Multi-Gyn Vaginal Douche. Koncentr\u0113t\u0101s putojo\u0161\u0101s tabletes satur dab\u012bgas sast\u0101vda\u013cas.","og_url":"https:\/\/multi-gyn.com\/lv\/produkts\/multi-gyn-tabletes\/","og_site_name":"Multi-Gyn","article_modified_time":"2023-08-28T08:35:26+00:00","og_image":[{"width":2000,"height":2000,"url":"https:\/\/multi-gyn.com\/app\/uploads\/sites\/40\/2023\/01\/Multi-Gyn-VaginalTablets-2.png","type":"image\/png"}],"twitter_card":"summary_large_image","twitter_misc":{"Est. reading time":"1 minute"},"schema":{"@context":"https:\/\/schema.org","@graph":[{"@type":"WebPage","@id":"https:\/\/multi-gyn.com\/lv\/produkts\/multi-gyn-tabletes\/","url":"https:\/\/multi-gyn.com\/lv\/produkts\/multi-gyn-tabletes\/","name":"Multi-Gyn tabletes - Multi-Gyn","isPartOf":{"@id":"https:\/\/multi-gyn.com\/lv\/#website"},"primaryImageOfPage":{"@id":"https:\/\/multi-gyn.com\/lv\/produkts\/multi-gyn-tabletes\/#primaryimage"},"image":{"@id":"https:\/\/multi-gyn.com\/lv\/produkts\/multi-gyn-tabletes\/#primaryimage"},"thumbnailUrl":"https:\/\/multi-gyn.com\/app\/uploads\/sites\/40\/2023\/01\/Multi-Gyn-VaginalTablets-2.png","datePublished":"2023-01-02T14:37:03+00:00","dateModified":"2023-08-28T08:35:26+00:00","description":"Multi-Gyn tabletes, iz\u0161\u0137\u012bdin\u0101tas remden\u0101 silt\u0101 \u016bden\u012b, rada maigu \u0161\u0137idrumu, kas ir piem\u0113rots lieto\u0161anai ar Multi-Gyn Vaginal Douche. Koncentr\u0113t\u0101s putojo\u0161\u0101s tabletes satur dab\u012bgas sast\u0101vda\u013cas.","breadcrumb":{"@id":"https:\/\/multi-gyn.com\/lv\/produkts\/multi-gyn-tabletes\/#breadcrumb"},"inLanguage":"lv-LV","potentialAction":[{"@type":"ReadAction","target":["https:\/\/multi-gyn.com\/lv\/produkts\/multi-gyn-tabletes\/"]}]},{"@type":"ImageObject","inLanguage":"lv-LV","@id":"https:\/\/multi-gyn.com\/lv\/produkts\/multi-gyn-tabletes\/#primaryimage","url":"https:\/\/multi-gyn.com\/app\/uploads\/sites\/40\/2023\/01\/Multi-Gyn-VaginalTablets-2.png","contentUrl":"https:\/\/multi-gyn.com\/app\/uploads\/sites\/40\/2023\/01\/Multi-Gyn-VaginalTablets-2.png","width":2000,"height":2000,"caption":"Multi-Gyn Tablets"},{"@type":"BreadcrumbList","@id":"https:\/\/multi-gyn.com\/lv\/produkts\/multi-gyn-tabletes\/#breadcrumb","itemListElement":[{"@type":"ListItem","position":1,"name":"Home","item":"https:\/\/multi-gyn.com\/lv\/"},{"@type":"ListItem","position":2,"name":"Produkti","item":"https:\/\/multi-gyn.com\/lv\/produkti\/"},{"@type":"ListItem","position":3,"name":"Multi-Gyn tabletes"}]},{"@type":"WebSite","@id":"https:\/\/multi-gyn.com\/lv\/#website","url":"https:\/\/multi-gyn.com\/lv\/","name":"Multi-Gyn","description":"","publisher":{"@id":"https:\/\/multi-gyn.com\/lv\/#organization"},"potentialAction":[{"@type":"SearchAction","target":{"@type":"EntryPoint","urlTemplate":"https:\/\/multi-gyn.com\/lv\/?s={search_term_string}"},"query-input":{"@type":"PropertyValueSpecification","valueRequired":true,"valueName":"search_term_string"}}],"inLanguage":"lv-LV"},{"@type":"Organization","@id":"https:\/\/multi-gyn.com\/lv\/#organization","name":"Multi-Gyn","url":"https:\/\/multi-gyn.com\/lv\/","logo":{"@type":"ImageObject","inLanguage":"lv-LV","@id":"https:\/\/multi-gyn.com\/lv\/#\/schema\/logo\/image\/","url":"https:\/\/multi-gyn.com\/app\/uploads\/sites\/40\/2023\/01\/multi-gyn-logo.png","contentUrl":"https:\/\/multi-gyn.com\/app\/uploads\/sites\/40\/2023\/01\/multi-gyn-logo.png","width":149,"height":32,"caption":"Multi-Gyn"},"image":{"@id":"https:\/\/multi-gyn.com\/lv\/#\/schema\/logo\/image\/"}}]}},"_links":{"self":[{"href":"https:\/\/multi-gyn.com\/lv\/wp-json\/wp\/v2\/product\/83","targetHints":{"allow":["GET"]}}],"collection":[{"href":"https:\/\/multi-gyn.com\/lv\/wp-json\/wp\/v2\/product"}],"about":[{"href":"https:\/\/multi-gyn.com\/lv\/wp-json\/wp\/v2\/types\/product"}],"replies":[{"embeddable":true,"href":"https:\/\/multi-gyn.com\/lv\/wp-json\/wp\/v2\/comments?post=83"}],"version-history":[{"count":7,"href":"https:\/\/multi-gyn.com\/lv\/wp-json\/wp\/v2\/product\/83\/revisions"}],"predecessor-version":[{"id":193,"href":"https:\/\/multi-gyn.com\/lv\/wp-json\/wp\/v2\/product\/83\/revisions\/193"}],"wp:featuredmedia":[{"embeddable":true,"href":"https:\/\/multi-gyn.com\/lv\/wp-json\/wp\/v2\/media\/85"}],"wp:attachment":[{"href":"https:\/\/multi-gyn.com\/lv\/wp-json\/wp\/v2\/media?parent=83"}],"wp:term":[{"taxonomy":"product_brand","embeddable":true,"href":"https:\/\/multi-gyn.com\/lv\/wp-json\/wp\/v2\/product_brand?post=83"},{"taxonomy":"product_cat","embeddable":true,"href":"https:\/\/multi-gyn.com\/lv\/wp-json\/wp\/v2\/product_cat?post=83"},{"taxonomy":"product_tag","embeddable":true,"href":"https:\/\/multi-gyn.com\/lv\/wp-json\/wp\/v2\/product_tag?post=83"}],"curies":[{"name":"wp","href":"https:\/\/api.w.org\/{rel}","templated":true}]}}