{"id":118,"date":"2022-11-09T11:37:44","date_gmt":"2022-11-09T09:37:44","guid":{"rendered":"https:\/\/multi-gyn.com\/rebrand-md\/?page_id=118"},"modified":"2025-06-18T10:33:00","modified_gmt":"2025-06-18T07:33:00","slug":"sanatatea-vaginala","status":"publish","type":"page","link":"https:\/\/multi-gyn.com\/md\/sanatatea-vaginala\/","title":{"rendered":"Sanatatea vaginala"},"content":{"rendered":"\n<div class=\"wp-block-karopharma-free-text pt-large pb-large bg-center bg-cover bg-no-repeat\" style=\"background-image:url()\"><div class=\"free-text-wrapper container max-w-medium text-left\">\n<h1 class=\"wp-block-heading\">Sanatatea vaginala<\/h1>\n\n\n<div class=\"menu-nav-list widget widget_nav_menu\">\n            <h3 class=\"widget_title\">Disconforturi<\/h3>\n                <ul class=\"menu\">\n                            <li class=\"menu-item\">\n                    <a href=\"https:\/\/multi-gyn.com\/md\/sanatatea-vaginala\/disconforturi\/scurgeri-vaginale-excesive-e-cazul-sa-ma-ingrijorez\/\" title=\"Scurgeri vaginale excesive: e cazul s\u0103 m\u0103 \u00eengrijorez?\">Scurgeri vaginale excesive: e cazul s\u0103 m\u0103 \u00eengrijorez?<\/a>\n                <\/li>\n                            <li class=\"menu-item\">\n                    <a href=\"https:\/\/multi-gyn.com\/md\/sanatatea-vaginala\/disconforturi\/scurgeri-maronii-ce-inseamna-pentru-sanatatea-mea\/\" title=\"Scurgeri maronii: ce \u00eenseamn\u0103 pentru s\u0103n\u0103tatea mea\">Scurgeri maronii: ce \u00eenseamn\u0103 pentru s\u0103n\u0103tatea mea<\/a>\n                <\/li>\n                            <li class=\"menu-item\">\n                    <a href=\"https:\/\/multi-gyn.com\/md\/sanatatea-vaginala\/disconforturi\/mirosul-vaginal-ce-cauzeaza-mirosul-puternic\/\" title=\"Mirosul vaginal: ce cauzeaza mirosul puternic?\">Mirosul vaginal: ce cauzeaza mirosul puternic?<\/a>\n                <\/li>\n                            <li class=\"menu-item\">\n                    <a href=\"https:\/\/multi-gyn.com\/md\/sanatatea-vaginala\/disconforturi\/uscaciunea-vaginala-cauze-si-tratament\/\" title=\"Uscaciunea vaginala: cauze si tratament!\">Uscaciunea vaginala: cauze si tratament!<\/a>\n                <\/li>\n                            <li class=\"menu-item\">\n                    <a href=\"https:\/\/multi-gyn.com\/md\/sanatatea-vaginala\/disconforturi\/sunt-normale-eliminarile-mele-vaginale\/\" title=\"Scurgerea vaginala: este normala?\">Scurgerea vaginala: este normala?<\/a>\n                <\/li>\n                            <li class=\"menu-item\">\n                    <a href=\"https:\/\/multi-gyn.com\/md\/sanatatea-vaginala\/disconforturi\/mancarimi-vaginale-care-sunt-cauzele-lor\/\" title=\"Mancarimi vaginale: care sunt cauzele lor?\">Mancarimi vaginale: care sunt cauzele lor?<\/a>\n                <\/li>\n                            <li class=\"menu-item\">\n                    <a href=\"https:\/\/multi-gyn.com\/md\/sanatatea-vaginala\/disconforturi\/prevenirea-disconforturilor-vaginale\/\" title=\"Prevenirea disconforturilor vaginale\">Prevenirea disconforturilor vaginale<\/a>\n                <\/li>\n                    <\/ul>\n    <\/div>\n\n\n<div class=\"menu-nav-list widget widget_nav_menu\">\n            <h3 class=\"widget_title\">General<\/h3>\n                <ul class=\"menu\">\n                            <li class=\"menu-item\">\n                    <a href=\"https:\/\/multi-gyn.com\/md\/sanatatea-vaginala\/general\/pot-exercitiile-cauza-durere-vaginala\/\" title=\"Pot exerci\u021biile cauza durere vaginal\u0103?\">Pot exerci\u021biile cauza durere vaginal\u0103?<\/a>\n                <\/li>\n                            <li class=\"menu-item\">\n                    <a href=\"https:\/\/multi-gyn.com\/md\/sanatatea-vaginala\/general\/tot-ce-trebuie-sa-stii-despre-vaginoza-bacteriana\/\" title=\"Tot ce trebuie sa stii despre vaginoza bacteriana!\">Tot ce trebuie sa stii despre vaginoza bacteriana!<\/a>\n                <\/li>\n                            <li class=\"menu-item\">\n                    <a href=\"https:\/\/multi-gyn.com\/md\/sanatatea-vaginala\/general\/anatomia-vaginului\/\" title=\"Anatomia vaginului\">Anatomia vaginului<\/a>\n                <\/li>\n                            <li class=\"menu-item\">\n                    <a href=\"https:\/\/multi-gyn.com\/md\/sanatatea-vaginala\/general\/ph-ul-vaginal-este-vaginul-tau-acid-sau-alcalin\/\" title=\"pH-ul vaginal- este vaginul tau acid sau alcalin?\">pH-ul vaginal- este vaginul tau acid sau alcalin?<\/a>\n                <\/li>\n                            <li class=\"menu-item\">\n                    <a href=\"https:\/\/multi-gyn.com\/md\/sanatatea-vaginala\/general\/viziteaza-ginecologul\/\" title=\"Viziteaza ginecologul\">Viziteaza ginecologul<\/a>\n                <\/li>\n                            <li class=\"menu-item\">\n                    <a href=\"https:\/\/multi-gyn.com\/md\/sanatatea-vaginala\/general\/flora-vaginala\/\" title=\"Flora vaginala\">Flora vaginala<\/a>\n                <\/li>\n                            <li class=\"menu-item\">\n                    <a href=\"https:\/\/multi-gyn.com\/md\/sanatatea-vaginala\/general\/menopauza-si-simptomele-ei\/\" title=\"Menopauza si simptomele ei\">Menopauza si simptomele ei<\/a>\n                <\/li>\n                            <li class=\"menu-item\">\n                    <a href=\"https:\/\/multi-gyn.com\/md\/sanatatea-vaginala\/general\/sesibilitatea-vaginala\/\" title=\"Sesibilitatea vaginala\">Sesibilitatea vaginala<\/a>\n                <\/li>\n                            <li class=\"menu-item\">\n                    <a href=\"https:\/\/multi-gyn.com\/md\/sanatatea-vaginala\/general\/diferenta-dintre-vagin-si-vulva\/\" title=\"Diferenta dintre vagin si vulva\">Diferenta dintre vagin si vulva<\/a>\n                <\/li>\n                            <li class=\"menu-item\">\n                    <a href=\"https:\/\/multi-gyn.com\/md\/sanatatea-vaginala\/general\/cum-sa-tratezi-vaginoza-bacteriana\/\" title=\"Cum sa tratezi vaginoza bacteriana?\">Cum sa tratezi vaginoza bacteriana?<\/a>\n                <\/li>\n                            <li class=\"menu-item\">\n                    <a href=\"https:\/\/multi-gyn.com\/md\/sanatatea-vaginala\/general\/ce-culoare-are-scurgerea-ta\/\" title=\"Ce culoare are scurgerea ta?\">Ce culoare are scurgerea ta?<\/a>\n                <\/li>\n                    <\/ul>\n    <\/div>\n\n\n<div class=\"menu-nav-list widget widget_nav_menu\">\n            <h3 class=\"widget_title\">Infec\u021bii<\/h3>\n                <ul class=\"menu\">\n                            <li class=\"menu-item\">\n                    <a href=\"https:\/\/multi-gyn.com\/md\/sanatatea-vaginala\/infectii\/infectii-vaginale-tipuri-simptome-si-cauze\/\" title=\"Infec\u021bii vaginale: tipuri, simptome \u0219i cauze\">Infec\u021bii vaginale: tipuri, simptome \u0219i cauze<\/a>\n                <\/li>\n                            <li class=\"menu-item\">\n                    <a href=\"https:\/\/multi-gyn.com\/md\/sanatatea-vaginala\/infectii\/ce-pot-sa-fac-in-legatura-cu-recurenta-infectiei-vaginale\/\" title=\"Ce pot s\u0103 fac \u00een leg\u0103tur\u0103 cu recuren\u021ba infec\u021biei vaginale?\">Ce pot s\u0103 fac \u00een leg\u0103tur\u0103 cu recuren\u021ba infec\u021biei vaginale?<\/a>\n                <\/li>\n                            <li class=\"menu-item\">\n                    <a href=\"https:\/\/multi-gyn.com\/md\/sanatatea-vaginala\/infectii\/sunt-tampoanele-daunatoare-pentru-vaginul-meu\/\" title=\"Sunt tampoanele d\u0103un\u0103toare pentru vaginul meu?\">Sunt tampoanele d\u0103un\u0103toare pentru vaginul meu?<\/a>\n                <\/li>\n                            <li class=\"menu-item\">\n                    <a href=\"https:\/\/multi-gyn.com\/md\/sanatatea-vaginala\/infectii\/candidoza-in-timpul-menstruatiei\/\" title=\"Candidoza in timpul menstruatiei\">Candidoza in timpul menstruatiei<\/a>\n                <\/li>\n                            <li class=\"menu-item\">\n                    <a href=\"https:\/\/multi-gyn.com\/md\/sanatatea-vaginala\/infectii\/cum-sa-tratati-infectiile-vaginale-fungice\/\" title=\"Cum s\u0103 trata\u021bi infec\u021biile vaginale fungice\">Cum s\u0103 trata\u021bi infec\u021biile vaginale fungice<\/a>\n                <\/li>\n                            <li class=\"menu-item\">\n                    <a href=\"https:\/\/multi-gyn.com\/md\/sanatatea-vaginala\/infectii\/cum-sa-tratezi-candidoza\/\" title=\"Cum sa tratezi candidoza?\">Cum sa tratezi candidoza?<\/a>\n                <\/li>\n                            <li class=\"menu-item\">\n                    <a href=\"https:\/\/multi-gyn.com\/md\/sanatatea-vaginala\/infectii\/infectiile-vaginale-si-antibioticele\/\" title=\"Infectiile vaginale si antibioticele\">Infectiile vaginale si antibioticele<\/a>\n                <\/li>\n                            <li class=\"menu-item\">\n                    <a href=\"https:\/\/multi-gyn.com\/md\/sanatatea-vaginala\/infectii\/candidoza-in-timpul-sarcinii\/\" title=\"Candidoza in timpul sarcinii\">Candidoza in timpul sarcinii<\/a>\n                <\/li>\n                            <li class=\"menu-item\">\n                    <a href=\"https:\/\/multi-gyn.com\/md\/sanatatea-vaginala\/infectii\/scurgere-vaginala-semn-al-infectiei\/\" title=\"Scurgere vaginala- semn al infectiei\">Scurgere vaginala- semn al infectiei<\/a>\n                <\/li>\n                            <li class=\"menu-item\">\n                    <a href=\"https:\/\/multi-gyn.com\/md\/sanatatea-vaginala\/infectii\/vaginoza-bacteriana-si-sarcina\/\" title=\"Vaginoza bacteriana si sarcina\">Vaginoza bacteriana si sarcina<\/a>\n                <\/li>\n                            <li class=\"menu-item\">\n                    <a href=\"https:\/\/multi-gyn.com\/md\/sanatatea-vaginala\/infectii\/diferenta-intre-vaginoza-bacteriana-si-candidoza\/\" title=\"Diferenta intre vaginoza bacteriana si candidoza\">Diferenta intre vaginoza bacteriana si candidoza<\/a>\n                <\/li>\n                            <li class=\"menu-item\">\n                    <a href=\"https:\/\/multi-gyn.com\/md\/sanatatea-vaginala\/infectii\/cauzele-infectiilor-vaginale\/\" title=\"Cauzele infectiilor vaginale\">Cauzele infectiilor vaginale<\/a>\n                <\/li>\n                    <\/ul>\n    <\/div>\n\n\n<div class=\"menu-nav-list widget widget_nav_menu\">\n            <h3 class=\"widget_title\">\u00cengrijire<\/h3>\n                <ul class=\"menu\">\n                            <li class=\"menu-item\">\n                    <a href=\"https:\/\/multi-gyn.com\/md\/sanatatea-vaginala\/ingrijire\/cum-sa-ai-grija-de-vaginul-tau-in-timpul-verii\/\" title=\"Cum sa ai grija de vaginul tau in timpul verii\">Cum sa ai grija de vaginul tau in timpul verii<\/a>\n                <\/li>\n                            <li class=\"menu-item\">\n                    <a href=\"https:\/\/multi-gyn.com\/md\/sanatatea-vaginala\/ingrijire\/exercitiile-pentru-zona-pelviana-sau-kegel-pentru-o-buna-sanatate-vaginala\/\" title=\"Exerci\u021biile pentru zona pelvian\u0103 sau Kegel pentru o bun\u0103 s\u0103n\u0103tate vaginal\u0103\">Exerci\u021biile pentru zona pelvian\u0103 sau Kegel pentru o bun\u0103 s\u0103n\u0103tate vaginal\u0103<\/a>\n                <\/li>\n                            <li class=\"menu-item\">\n                    <a href=\"https:\/\/multi-gyn.com\/md\/sanatatea-vaginala\/ingrijire\/produsele-cu-care-ma-alimentez-afecteaza-sanatatea-mea-vaginala\/\" title=\"Produsele cu care m\u0103 alimentez afecteaz\u0103 s\u0103n\u0103tatea mea vaginal\u0103?\">Produsele cu care m\u0103 alimentez afecteaz\u0103 s\u0103n\u0103tatea mea vaginal\u0103?<\/a>\n                <\/li>\n                            <li class=\"menu-item\">\n                    <a href=\"https:\/\/multi-gyn.com\/md\/sanatatea-vaginala\/ingrijire\/sunt-aburirea-si-dusul-benefici-pentru-vagin\/\" title=\"Sunt aburirea \u0219i du\u0219ul benefici pentru vagin?\">Sunt aburirea \u0219i du\u0219ul benefici pentru vagin?<\/a>\n                <\/li>\n                            <li class=\"menu-item\">\n                    <a href=\"https:\/\/multi-gyn.com\/md\/sanatatea-vaginala\/ingrijire\/igiena-vaginala-ce-sa-faci-si-ce-sa-nu-faci\/\" title=\"Igiena vaginala: ce sa faci si ce sa nu faci\">Igiena vaginala: ce sa faci si ce sa nu faci<\/a>\n                <\/li>\n                            <li class=\"menu-item\">\n                    <a href=\"https:\/\/multi-gyn.com\/md\/sanatatea-vaginala\/ingrijire\/igiena-vaginala\/\" title=\"Igiena vaginala\">Igiena vaginala<\/a>\n                <\/li>\n                            <li class=\"menu-item\">\n                    <a href=\"https:\/\/multi-gyn.com\/md\/sanatatea-vaginala\/ingrijire\/igiea-intima-mai-putin-inseamna-mai-bine\/\" title=\"Igiea intima-mai putin inseamna mai bine\">Igiea intima-mai putin inseamna mai bine<\/a>\n                <\/li>\n                            <li class=\"menu-item\">\n                    <a href=\"https:\/\/multi-gyn.com\/md\/sanatatea-vaginala\/ingrijire\/stii-ce-determina-igiena-intima-adecvata\/\" title=\"Stii ce determina igiena intima adecvata?\">Stii ce determina igiena intima adecvata?<\/a>\n                <\/li>\n                    <\/ul>\n    <\/div>\n<\/div><\/div>\n","protected":false},"excerpt":{"rendered":"","protected":false},"author":2,"featured_media":0,"parent":0,"menu_order":0,"comment_status":"closed","ping_status":"closed","template":"","meta":{"_acf_changed":false,"footnotes":""},"from-article-database":[],"class_list":["post-118","page","type-page","status-publish","hentry"],"acf":[],"yoast_head":"<!-- This site is optimized with the Yoast SEO plugin v26.6 - https:\/\/yoast.com\/wordpress\/plugins\/seo\/ -->\n<title>Sanatatea vaginala - Multi-Gyn<\/title>\n<meta name=\"description\" content=\"Citi\u021bi articole despre s\u0103n\u0103tatea vaginal\u0103\" \/>\n<meta name=\"robots\" content=\"index, follow, max-snippet:-1, max-image-preview:large, max-video-preview:-1\" \/>\n<link rel=\"canonical\" href=\"https:\/\/multi-gyn.com\/md\/sanatatea-vaginala\/\" \/>\n<meta property=\"og:locale\" content=\"ro_RO\" \/>\n<meta property=\"og:type\" content=\"article\" \/>\n<meta property=\"og:title\" content=\"Sanatatea vaginala - Multi-Gyn\" \/>\n<meta property=\"og:description\" content=\"Citi\u021bi articole despre s\u0103n\u0103tatea vaginal\u0103\" \/>\n<meta property=\"og:url\" content=\"https:\/\/multi-gyn.com\/md\/sanatatea-vaginala\/\" \/>\n<meta property=\"og:site_name\" content=\"Multi-Gyn\" \/>\n<meta property=\"article:modified_time\" content=\"2025-06-18T07:33:00+00:00\" \/>\n<meta name=\"twitter:card\" content=\"summary_large_image\" \/>\n<meta name=\"twitter:label1\" content=\"Est. reading time\" \/>\n\t<meta name=\"twitter:data1\" content=\"1 minut\" \/>\n<script type=\"application\/ld+json\" class=\"yoast-schema-graph\">{\"@context\":\"https:\/\/schema.org\",\"@graph\":[{\"@type\":\"WebPage\",\"@id\":\"https:\/\/multi-gyn.com\/md\/sanatatea-vaginala\/\",\"url\":\"https:\/\/multi-gyn.com\/md\/sanatatea-vaginala\/\",\"name\":\"Sanatatea vaginala - Multi-Gyn\",\"isPartOf\":{\"@id\":\"https:\/\/multi-gyn.com\/md\/#website\"},\"datePublished\":\"2022-11-09T09:37:44+00:00\",\"dateModified\":\"2025-06-18T07:33:00+00:00\",\"description\":\"Citi\u021bi articole despre s\u0103n\u0103tatea vaginal\u0103\",\"breadcrumb\":{\"@id\":\"https:\/\/multi-gyn.com\/md\/sanatatea-vaginala\/#breadcrumb\"},\"inLanguage\":\"ro-RO\",\"potentialAction\":[{\"@type\":\"ReadAction\",\"target\":[\"https:\/\/multi-gyn.com\/md\/sanatatea-vaginala\/\"]}]},{\"@type\":\"BreadcrumbList\",\"@id\":\"https:\/\/multi-gyn.com\/md\/sanatatea-vaginala\/#breadcrumb\",\"itemListElement\":[{\"@type\":\"ListItem\",\"position\":1,\"name\":\"Home\",\"item\":\"https:\/\/multi-gyn.com\/md\/\"},{\"@type\":\"ListItem\",\"position\":2,\"name\":\"Sanatatea vaginala\"}]},{\"@type\":\"WebSite\",\"@id\":\"https:\/\/multi-gyn.com\/md\/#website\",\"url\":\"https:\/\/multi-gyn.com\/md\/\",\"name\":\"Multi-Gyn\",\"description\":\"\",\"publisher\":{\"@id\":\"https:\/\/multi-gyn.com\/md\/#organization\"},\"potentialAction\":[{\"@type\":\"SearchAction\",\"target\":{\"@type\":\"EntryPoint\",\"urlTemplate\":\"https:\/\/multi-gyn.com\/md\/?s={search_term_string}\"},\"query-input\":{\"@type\":\"PropertyValueSpecification\",\"valueRequired\":true,\"valueName\":\"search_term_string\"}}],\"inLanguage\":\"ro-RO\"},{\"@type\":\"Organization\",\"@id\":\"https:\/\/multi-gyn.com\/md\/#organization\",\"name\":\"Multi-Gyn\",\"url\":\"https:\/\/multi-gyn.com\/md\/\",\"logo\":{\"@type\":\"ImageObject\",\"inLanguage\":\"ro-RO\",\"@id\":\"https:\/\/multi-gyn.com\/md\/#\/schema\/logo\/image\/\",\"url\":\"https:\/\/multi-gyn.com\/app\/uploads\/sites\/29\/2022\/11\/multi-gyn-logo.png\",\"contentUrl\":\"https:\/\/multi-gyn.com\/app\/uploads\/sites\/29\/2022\/11\/multi-gyn-logo.png\",\"width\":149,\"height\":32,\"caption\":\"Multi-Gyn\"},\"image\":{\"@id\":\"https:\/\/multi-gyn.com\/md\/#\/schema\/logo\/image\/\"}}]}<\/script>\n<!-- \/ Yoast SEO plugin. -->","yoast_head_json":{"title":"Sanatatea vaginala - Multi-Gyn","description":"Citi\u021bi articole despre s\u0103n\u0103tatea vaginal\u0103","robots":{"index":"index","follow":"follow","max-snippet":"max-snippet:-1","max-image-preview":"max-image-preview:large","max-video-preview":"max-video-preview:-1"},"canonical":"https:\/\/multi-gyn.com\/md\/sanatatea-vaginala\/","og_locale":"ro_RO","og_type":"article","og_title":"Sanatatea vaginala - Multi-Gyn","og_description":"Citi\u021bi articole despre s\u0103n\u0103tatea vaginal\u0103","og_url":"https:\/\/multi-gyn.com\/md\/sanatatea-vaginala\/","og_site_name":"Multi-Gyn","article_modified_time":"2025-06-18T07:33:00+00:00","twitter_card":"summary_large_image","twitter_misc":{"Est. reading time":"1 minut"},"schema":{"@context":"https:\/\/schema.org","@graph":[{"@type":"WebPage","@id":"https:\/\/multi-gyn.com\/md\/sanatatea-vaginala\/","url":"https:\/\/multi-gyn.com\/md\/sanatatea-vaginala\/","name":"Sanatatea vaginala - Multi-Gyn","isPartOf":{"@id":"https:\/\/multi-gyn.com\/md\/#website"},"datePublished":"2022-11-09T09:37:44+00:00","dateModified":"2025-06-18T07:33:00+00:00","description":"Citi\u021bi articole despre s\u0103n\u0103tatea vaginal\u0103","breadcrumb":{"@id":"https:\/\/multi-gyn.com\/md\/sanatatea-vaginala\/#breadcrumb"},"inLanguage":"ro-RO","potentialAction":[{"@type":"ReadAction","target":["https:\/\/multi-gyn.com\/md\/sanatatea-vaginala\/"]}]},{"@type":"BreadcrumbList","@id":"https:\/\/multi-gyn.com\/md\/sanatatea-vaginala\/#breadcrumb","itemListElement":[{"@type":"ListItem","position":1,"name":"Home","item":"https:\/\/multi-gyn.com\/md\/"},{"@type":"ListItem","position":2,"name":"Sanatatea vaginala"}]},{"@type":"WebSite","@id":"https:\/\/multi-gyn.com\/md\/#website","url":"https:\/\/multi-gyn.com\/md\/","name":"Multi-Gyn","description":"","publisher":{"@id":"https:\/\/multi-gyn.com\/md\/#organization"},"potentialAction":[{"@type":"SearchAction","target":{"@type":"EntryPoint","urlTemplate":"https:\/\/multi-gyn.com\/md\/?s={search_term_string}"},"query-input":{"@type":"PropertyValueSpecification","valueRequired":true,"valueName":"search_term_string"}}],"inLanguage":"ro-RO"},{"@type":"Organization","@id":"https:\/\/multi-gyn.com\/md\/#organization","name":"Multi-Gyn","url":"https:\/\/multi-gyn.com\/md\/","logo":{"@type":"ImageObject","inLanguage":"ro-RO","@id":"https:\/\/multi-gyn.com\/md\/#\/schema\/logo\/image\/","url":"https:\/\/multi-gyn.com\/app\/uploads\/sites\/29\/2022\/11\/multi-gyn-logo.png","contentUrl":"https:\/\/multi-gyn.com\/app\/uploads\/sites\/29\/2022\/11\/multi-gyn-logo.png","width":149,"height":32,"caption":"Multi-Gyn"},"image":{"@id":"https:\/\/multi-gyn.com\/md\/#\/schema\/logo\/image\/"}}]}},"_links":{"self":[{"href":"https:\/\/multi-gyn.com\/md\/wp-json\/wp\/v2\/pages\/118","targetHints":{"allow":["GET"]}}],"collection":[{"href":"https:\/\/multi-gyn.com\/md\/wp-json\/wp\/v2\/pages"}],"about":[{"href":"https:\/\/multi-gyn.com\/md\/wp-json\/wp\/v2\/types\/page"}],"author":[{"embeddable":true,"href":"https:\/\/multi-gyn.com\/md\/wp-json\/wp\/v2\/users\/2"}],"replies":[{"embeddable":true,"href":"https:\/\/multi-gyn.com\/md\/wp-json\/wp\/v2\/comments?post=118"}],"version-history":[{"count":3,"href":"https:\/\/multi-gyn.com\/md\/wp-json\/wp\/v2\/pages\/118\/revisions"}],"predecessor-version":[{"id":500,"href":"https:\/\/multi-gyn.com\/md\/wp-json\/wp\/v2\/pages\/118\/revisions\/500"}],"wp:attachment":[{"href":"https:\/\/multi-gyn.com\/md\/wp-json\/wp\/v2\/media?parent=118"}],"wp:term":[{"taxonomy":"from-article-database","embeddable":true,"href":"https:\/\/multi-gyn.com\/md\/wp-json\/wp\/v2\/from-article-database?post=118"}],"curies":[{"name":"wp","href":"https:\/\/api.w.org\/{rel}","templated":true}]}}