{"id":120,"date":"2022-11-09T11:38:47","date_gmt":"2022-11-09T09:38:47","guid":{"rendered":"https:\/\/multi-gyn.com\/rebrand-md\/?page_id=120"},"modified":"2023-03-22T12:46:44","modified_gmt":"2023-03-22T10:46:44","slug":"disconforturi","status":"publish","type":"page","link":"https:\/\/multi-gyn.com\/md\/sanatatea-vaginala\/disconforturi\/","title":{"rendered":"Disconforturi"},"content":{"rendered":"\n<div class=\"wp-block-karopharma-free-text pt-large pb-large bg-center bg-cover bg-no-repeat\" style=\"background-image:url()\"><div class=\"free-text-wrapper container max-w-medium text-left\">\n<h2 class=\"wp-block-heading\"><\/h2>\n\n\n<div class=\"menu-nav-list widget widget_nav_menu\">\n            <h3 class=\"widget_title\">Disconforturi<\/h3>\n                <ul class=\"menu\">\n                            <li class=\"menu-item\">\n                    <a href=\"https:\/\/multi-gyn.com\/md\/sanatatea-vaginala\/disconforturi\/scurgeri-vaginale-excesive-e-cazul-sa-ma-ingrijorez\/\" title=\"Scurgeri vaginale excesive: e cazul s\u0103 m\u0103 \u00eengrijorez?\">Scurgeri vaginale excesive: e cazul s\u0103 m\u0103 \u00eengrijorez?<\/a>\n                <\/li>\n                            <li class=\"menu-item\">\n                    <a href=\"https:\/\/multi-gyn.com\/md\/sanatatea-vaginala\/disconforturi\/scurgeri-maronii-ce-inseamna-pentru-sanatatea-mea\/\" title=\"Scurgeri maronii: ce \u00eenseamn\u0103 pentru s\u0103n\u0103tatea mea\">Scurgeri maronii: ce \u00eenseamn\u0103 pentru s\u0103n\u0103tatea mea<\/a>\n                <\/li>\n                            <li class=\"menu-item\">\n                    <a href=\"https:\/\/multi-gyn.com\/md\/sanatatea-vaginala\/disconforturi\/mirosul-vaginal-ce-cauzeaza-mirosul-puternic\/\" title=\"Mirosul vaginal: ce cauzeaza mirosul puternic?\">Mirosul vaginal: ce cauzeaza mirosul puternic?<\/a>\n                <\/li>\n                            <li class=\"menu-item\">\n                    <a href=\"https:\/\/multi-gyn.com\/md\/sanatatea-vaginala\/disconforturi\/uscaciunea-vaginala-cauze-si-tratament\/\" title=\"Uscaciunea vaginala: cauze si tratament!\">Uscaciunea vaginala: cauze si tratament!<\/a>\n                <\/li>\n                            <li class=\"menu-item\">\n                    <a href=\"https:\/\/multi-gyn.com\/md\/sanatatea-vaginala\/disconforturi\/sunt-normale-eliminarile-mele-vaginale\/\" title=\"Scurgerea vaginala: este normala?\">Scurgerea vaginala: este normala?<\/a>\n                <\/li>\n                            <li class=\"menu-item\">\n                    <a href=\"https:\/\/multi-gyn.com\/md\/sanatatea-vaginala\/disconforturi\/mancarimi-vaginale-care-sunt-cauzele-lor\/\" title=\"Mancarimi vaginale: care sunt cauzele lor?\">Mancarimi vaginale: care sunt cauzele lor?<\/a>\n                <\/li>\n                            <li class=\"menu-item\">\n                    <a href=\"https:\/\/multi-gyn.com\/md\/sanatatea-vaginala\/disconforturi\/prevenirea-disconforturilor-vaginale\/\" title=\"Prevenirea disconforturilor vaginale\">Prevenirea disconforturilor vaginale<\/a>\n                <\/li>\n                    <\/ul>\n    <\/div>\n<\/div><\/div>\n","protected":false},"excerpt":{"rendered":"","protected":false},"author":2,"featured_media":0,"parent":118,"menu_order":0,"comment_status":"closed","ping_status":"closed","template":"","meta":{"_acf_changed":false,"footnotes":""},"from-article-database":[],"class_list":["post-120","page","type-page","status-publish","hentry"],"acf":[],"yoast_head":"<!-- This site is optimized with the Yoast SEO plugin v26.6 - https:\/\/yoast.com\/wordpress\/plugins\/seo\/ -->\n<title>Disconforturi - Multi-Gyn<\/title>\n<meta name=\"description\" content=\"Citi\u021bi articole despre disconfort\" \/>\n<meta name=\"robots\" content=\"index, follow, max-snippet:-1, max-image-preview:large, max-video-preview:-1\" \/>\n<link rel=\"canonical\" href=\"https:\/\/multi-gyn.com\/md\/sanatatea-vaginala\/disconforturi\/\" \/>\n<meta property=\"og:locale\" content=\"ro_RO\" \/>\n<meta property=\"og:type\" content=\"article\" \/>\n<meta property=\"og:title\" content=\"Disconforturi - Multi-Gyn\" \/>\n<meta property=\"og:description\" content=\"Citi\u021bi articole despre disconfort\" \/>\n<meta property=\"og:url\" content=\"https:\/\/multi-gyn.com\/md\/sanatatea-vaginala\/disconforturi\/\" \/>\n<meta property=\"og:site_name\" content=\"Multi-Gyn\" \/>\n<meta property=\"article:modified_time\" content=\"2023-03-22T10:46:44+00:00\" \/>\n<meta name=\"twitter:card\" content=\"summary_large_image\" \/>\n<script type=\"application\/ld+json\" class=\"yoast-schema-graph\">{\"@context\":\"https:\/\/schema.org\",\"@graph\":[{\"@type\":\"WebPage\",\"@id\":\"https:\/\/multi-gyn.com\/md\/sanatatea-vaginala\/disconforturi\/\",\"url\":\"https:\/\/multi-gyn.com\/md\/sanatatea-vaginala\/disconforturi\/\",\"name\":\"Disconforturi - Multi-Gyn\",\"isPartOf\":{\"@id\":\"https:\/\/multi-gyn.com\/md\/#website\"},\"datePublished\":\"2022-11-09T09:38:47+00:00\",\"dateModified\":\"2023-03-22T10:46:44+00:00\",\"description\":\"Citi\u021bi articole despre disconfort\",\"breadcrumb\":{\"@id\":\"https:\/\/multi-gyn.com\/md\/sanatatea-vaginala\/disconforturi\/#breadcrumb\"},\"inLanguage\":\"ro-RO\",\"potentialAction\":[{\"@type\":\"ReadAction\",\"target\":[\"https:\/\/multi-gyn.com\/md\/sanatatea-vaginala\/disconforturi\/\"]}]},{\"@type\":\"BreadcrumbList\",\"@id\":\"https:\/\/multi-gyn.com\/md\/sanatatea-vaginala\/disconforturi\/#breadcrumb\",\"itemListElement\":[{\"@type\":\"ListItem\",\"position\":1,\"name\":\"Home\",\"item\":\"https:\/\/multi-gyn.com\/md\/\"},{\"@type\":\"ListItem\",\"position\":2,\"name\":\"Sanatatea vaginala\",\"item\":\"https:\/\/multi-gyn.com\/md\/sanatatea-vaginala\/\"},{\"@type\":\"ListItem\",\"position\":3,\"name\":\"Disconforturi\"}]},{\"@type\":\"WebSite\",\"@id\":\"https:\/\/multi-gyn.com\/md\/#website\",\"url\":\"https:\/\/multi-gyn.com\/md\/\",\"name\":\"Multi-Gyn\",\"description\":\"\",\"publisher\":{\"@id\":\"https:\/\/multi-gyn.com\/md\/#organization\"},\"potentialAction\":[{\"@type\":\"SearchAction\",\"target\":{\"@type\":\"EntryPoint\",\"urlTemplate\":\"https:\/\/multi-gyn.com\/md\/?s={search_term_string}\"},\"query-input\":{\"@type\":\"PropertyValueSpecification\",\"valueRequired\":true,\"valueName\":\"search_term_string\"}}],\"inLanguage\":\"ro-RO\"},{\"@type\":\"Organization\",\"@id\":\"https:\/\/multi-gyn.com\/md\/#organization\",\"name\":\"Multi-Gyn\",\"url\":\"https:\/\/multi-gyn.com\/md\/\",\"logo\":{\"@type\":\"ImageObject\",\"inLanguage\":\"ro-RO\",\"@id\":\"https:\/\/multi-gyn.com\/md\/#\/schema\/logo\/image\/\",\"url\":\"https:\/\/multi-gyn.com\/app\/uploads\/sites\/29\/2022\/11\/multi-gyn-logo.png\",\"contentUrl\":\"https:\/\/multi-gyn.com\/app\/uploads\/sites\/29\/2022\/11\/multi-gyn-logo.png\",\"width\":149,\"height\":32,\"caption\":\"Multi-Gyn\"},\"image\":{\"@id\":\"https:\/\/multi-gyn.com\/md\/#\/schema\/logo\/image\/\"}}]}<\/script>\n<!-- \/ Yoast SEO plugin. -->","yoast_head_json":{"title":"Disconforturi - Multi-Gyn","description":"Citi\u021bi articole despre disconfort","robots":{"index":"index","follow":"follow","max-snippet":"max-snippet:-1","max-image-preview":"max-image-preview:large","max-video-preview":"max-video-preview:-1"},"canonical":"https:\/\/multi-gyn.com\/md\/sanatatea-vaginala\/disconforturi\/","og_locale":"ro_RO","og_type":"article","og_title":"Disconforturi - Multi-Gyn","og_description":"Citi\u021bi articole despre disconfort","og_url":"https:\/\/multi-gyn.com\/md\/sanatatea-vaginala\/disconforturi\/","og_site_name":"Multi-Gyn","article_modified_time":"2023-03-22T10:46:44+00:00","twitter_card":"summary_large_image","schema":{"@context":"https:\/\/schema.org","@graph":[{"@type":"WebPage","@id":"https:\/\/multi-gyn.com\/md\/sanatatea-vaginala\/disconforturi\/","url":"https:\/\/multi-gyn.com\/md\/sanatatea-vaginala\/disconforturi\/","name":"Disconforturi - Multi-Gyn","isPartOf":{"@id":"https:\/\/multi-gyn.com\/md\/#website"},"datePublished":"2022-11-09T09:38:47+00:00","dateModified":"2023-03-22T10:46:44+00:00","description":"Citi\u021bi articole despre disconfort","breadcrumb":{"@id":"https:\/\/multi-gyn.com\/md\/sanatatea-vaginala\/disconforturi\/#breadcrumb"},"inLanguage":"ro-RO","potentialAction":[{"@type":"ReadAction","target":["https:\/\/multi-gyn.com\/md\/sanatatea-vaginala\/disconforturi\/"]}]},{"@type":"BreadcrumbList","@id":"https:\/\/multi-gyn.com\/md\/sanatatea-vaginala\/disconforturi\/#breadcrumb","itemListElement":[{"@type":"ListItem","position":1,"name":"Home","item":"https:\/\/multi-gyn.com\/md\/"},{"@type":"ListItem","position":2,"name":"Sanatatea vaginala","item":"https:\/\/multi-gyn.com\/md\/sanatatea-vaginala\/"},{"@type":"ListItem","position":3,"name":"Disconforturi"}]},{"@type":"WebSite","@id":"https:\/\/multi-gyn.com\/md\/#website","url":"https:\/\/multi-gyn.com\/md\/","name":"Multi-Gyn","description":"","publisher":{"@id":"https:\/\/multi-gyn.com\/md\/#organization"},"potentialAction":[{"@type":"SearchAction","target":{"@type":"EntryPoint","urlTemplate":"https:\/\/multi-gyn.com\/md\/?s={search_term_string}"},"query-input":{"@type":"PropertyValueSpecification","valueRequired":true,"valueName":"search_term_string"}}],"inLanguage":"ro-RO"},{"@type":"Organization","@id":"https:\/\/multi-gyn.com\/md\/#organization","name":"Multi-Gyn","url":"https:\/\/multi-gyn.com\/md\/","logo":{"@type":"ImageObject","inLanguage":"ro-RO","@id":"https:\/\/multi-gyn.com\/md\/#\/schema\/logo\/image\/","url":"https:\/\/multi-gyn.com\/app\/uploads\/sites\/29\/2022\/11\/multi-gyn-logo.png","contentUrl":"https:\/\/multi-gyn.com\/app\/uploads\/sites\/29\/2022\/11\/multi-gyn-logo.png","width":149,"height":32,"caption":"Multi-Gyn"},"image":{"@id":"https:\/\/multi-gyn.com\/md\/#\/schema\/logo\/image\/"}}]}},"_links":{"self":[{"href":"https:\/\/multi-gyn.com\/md\/wp-json\/wp\/v2\/pages\/120","targetHints":{"allow":["GET"]}}],"collection":[{"href":"https:\/\/multi-gyn.com\/md\/wp-json\/wp\/v2\/pages"}],"about":[{"href":"https:\/\/multi-gyn.com\/md\/wp-json\/wp\/v2\/types\/page"}],"author":[{"embeddable":true,"href":"https:\/\/multi-gyn.com\/md\/wp-json\/wp\/v2\/users\/2"}],"replies":[{"embeddable":true,"href":"https:\/\/multi-gyn.com\/md\/wp-json\/wp\/v2\/comments?post=120"}],"version-history":[{"count":2,"href":"https:\/\/multi-gyn.com\/md\/wp-json\/wp\/v2\/pages\/120\/revisions"}],"predecessor-version":[{"id":455,"href":"https:\/\/multi-gyn.com\/md\/wp-json\/wp\/v2\/pages\/120\/revisions\/455"}],"up":[{"embeddable":true,"href":"https:\/\/multi-gyn.com\/md\/wp-json\/wp\/v2\/pages\/118"}],"wp:attachment":[{"href":"https:\/\/multi-gyn.com\/md\/wp-json\/wp\/v2\/media?parent=120"}],"wp:term":[{"taxonomy":"from-article-database","embeddable":true,"href":"https:\/\/multi-gyn.com\/md\/wp-json\/wp\/v2\/from-article-database?post=120"}],"curies":[{"name":"wp","href":"https:\/\/api.w.org\/{rel}","templated":true}]}}