{"id":126,"date":"2022-11-09T11:41:39","date_gmt":"2022-11-09T09:41:39","guid":{"rendered":"https:\/\/multi-gyn.com\/rebrand-md\/?page_id=126"},"modified":"2023-03-22T12:49:21","modified_gmt":"2023-03-22T10:49:21","slug":"ingrijire","status":"publish","type":"page","link":"https:\/\/multi-gyn.com\/md\/sanatatea-vaginala\/ingrijire\/","title":{"rendered":"\u00cengrijire"},"content":{"rendered":"\n<div class=\"wp-block-karopharma-free-text pt-large pb-large bg-center bg-cover bg-no-repeat\" style=\"background-image:url()\"><div class=\"free-text-wrapper container max-w-medium text-left\"><div class=\"menu-nav-list widget widget_nav_menu\">\n            <h3 class=\"widget_title\">\u00cengrijire<\/h3>\n                <ul class=\"menu\">\n                            <li class=\"menu-item\">\n                    <a href=\"https:\/\/multi-gyn.com\/md\/sanatatea-vaginala\/ingrijire\/cum-sa-ai-grija-de-vaginul-tau-in-timpul-verii\/\" title=\"Cum sa ai grija de vaginul tau in timpul verii\">Cum sa ai grija de vaginul tau in timpul verii<\/a>\n                <\/li>\n                            <li class=\"menu-item\">\n                    <a href=\"https:\/\/multi-gyn.com\/md\/sanatatea-vaginala\/ingrijire\/exercitiile-pentru-zona-pelviana-sau-kegel-pentru-o-buna-sanatate-vaginala\/\" title=\"Exerci\u021biile pentru zona pelvian\u0103 sau Kegel pentru o bun\u0103 s\u0103n\u0103tate vaginal\u0103\">Exerci\u021biile pentru zona pelvian\u0103 sau Kegel pentru o bun\u0103 s\u0103n\u0103tate vaginal\u0103<\/a>\n                <\/li>\n                            <li class=\"menu-item\">\n                    <a href=\"https:\/\/multi-gyn.com\/md\/sanatatea-vaginala\/ingrijire\/produsele-cu-care-ma-alimentez-afecteaza-sanatatea-mea-vaginala\/\" title=\"Produsele cu care m\u0103 alimentez afecteaz\u0103 s\u0103n\u0103tatea mea vaginal\u0103?\">Produsele cu care m\u0103 alimentez afecteaz\u0103 s\u0103n\u0103tatea mea vaginal\u0103?<\/a>\n                <\/li>\n                            <li class=\"menu-item\">\n                    <a href=\"https:\/\/multi-gyn.com\/md\/sanatatea-vaginala\/ingrijire\/sunt-aburirea-si-dusul-benefici-pentru-vagin\/\" title=\"Sunt aburirea \u0219i du\u0219ul benefici pentru vagin?\">Sunt aburirea \u0219i du\u0219ul benefici pentru vagin?<\/a>\n                <\/li>\n                            <li class=\"menu-item\">\n                    <a href=\"https:\/\/multi-gyn.com\/md\/sanatatea-vaginala\/ingrijire\/igiena-vaginala-ce-sa-faci-si-ce-sa-nu-faci\/\" title=\"Igiena vaginala: ce sa faci si ce sa nu faci\">Igiena vaginala: ce sa faci si ce sa nu faci<\/a>\n                <\/li>\n                            <li class=\"menu-item\">\n                    <a href=\"https:\/\/multi-gyn.com\/md\/sanatatea-vaginala\/ingrijire\/igiena-vaginala\/\" title=\"Igiena vaginala\">Igiena vaginala<\/a>\n                <\/li>\n                            <li class=\"menu-item\">\n                    <a href=\"https:\/\/multi-gyn.com\/md\/sanatatea-vaginala\/ingrijire\/igiea-intima-mai-putin-inseamna-mai-bine\/\" title=\"Igiea intima-mai putin inseamna mai bine\">Igiea intima-mai putin inseamna mai bine<\/a>\n                <\/li>\n                            <li class=\"menu-item\">\n                    <a href=\"https:\/\/multi-gyn.com\/md\/sanatatea-vaginala\/ingrijire\/stii-ce-determina-igiena-intima-adecvata\/\" title=\"Stii ce determina igiena intima adecvata?\">Stii ce determina igiena intima adecvata?<\/a>\n                <\/li>\n                    <\/ul>\n    <\/div>\n<\/div><\/div>\n","protected":false},"excerpt":{"rendered":"","protected":false},"author":2,"featured_media":0,"parent":118,"menu_order":6,"comment_status":"closed","ping_status":"closed","template":"","meta":{"_acf_changed":false,"footnotes":""},"from-article-database":[],"class_list":["post-126","page","type-page","status-publish","hentry"],"acf":[],"yoast_head":"<!-- This site is optimized with the Yoast SEO plugin v26.6 - https:\/\/yoast.com\/wordpress\/plugins\/seo\/ -->\n<title>\u00cengrijire - Multi-Gyn<\/title>\n<meta name=\"description\" content=\"Citi\u021bi articole despre s\u0103n\u0103tatea \u0219i \u00eengrijirea vaginal\u0103\" \/>\n<meta name=\"robots\" content=\"index, follow, max-snippet:-1, max-image-preview:large, max-video-preview:-1\" \/>\n<link rel=\"canonical\" href=\"https:\/\/multi-gyn.com\/md\/sanatatea-vaginala\/ingrijire\/\" \/>\n<meta property=\"og:locale\" content=\"ro_RO\" \/>\n<meta property=\"og:type\" content=\"article\" \/>\n<meta property=\"og:title\" content=\"\u00cengrijire - Multi-Gyn\" \/>\n<meta property=\"og:description\" content=\"Citi\u021bi articole despre s\u0103n\u0103tatea \u0219i \u00eengrijirea vaginal\u0103\" \/>\n<meta property=\"og:url\" content=\"https:\/\/multi-gyn.com\/md\/sanatatea-vaginala\/ingrijire\/\" \/>\n<meta property=\"og:site_name\" content=\"Multi-Gyn\" \/>\n<meta property=\"article:modified_time\" content=\"2023-03-22T10:49:21+00:00\" \/>\n<meta name=\"twitter:card\" content=\"summary_large_image\" \/>\n<script type=\"application\/ld+json\" class=\"yoast-schema-graph\">{\"@context\":\"https:\/\/schema.org\",\"@graph\":[{\"@type\":\"WebPage\",\"@id\":\"https:\/\/multi-gyn.com\/md\/sanatatea-vaginala\/ingrijire\/\",\"url\":\"https:\/\/multi-gyn.com\/md\/sanatatea-vaginala\/ingrijire\/\",\"name\":\"\u00cengrijire - Multi-Gyn\",\"isPartOf\":{\"@id\":\"https:\/\/multi-gyn.com\/md\/#website\"},\"datePublished\":\"2022-11-09T09:41:39+00:00\",\"dateModified\":\"2023-03-22T10:49:21+00:00\",\"description\":\"Citi\u021bi articole despre s\u0103n\u0103tatea \u0219i \u00eengrijirea vaginal\u0103\",\"breadcrumb\":{\"@id\":\"https:\/\/multi-gyn.com\/md\/sanatatea-vaginala\/ingrijire\/#breadcrumb\"},\"inLanguage\":\"ro-RO\",\"potentialAction\":[{\"@type\":\"ReadAction\",\"target\":[\"https:\/\/multi-gyn.com\/md\/sanatatea-vaginala\/ingrijire\/\"]}]},{\"@type\":\"BreadcrumbList\",\"@id\":\"https:\/\/multi-gyn.com\/md\/sanatatea-vaginala\/ingrijire\/#breadcrumb\",\"itemListElement\":[{\"@type\":\"ListItem\",\"position\":1,\"name\":\"Home\",\"item\":\"https:\/\/multi-gyn.com\/md\/\"},{\"@type\":\"ListItem\",\"position\":2,\"name\":\"Sanatatea vaginala\",\"item\":\"https:\/\/multi-gyn.com\/md\/sanatatea-vaginala\/\"},{\"@type\":\"ListItem\",\"position\":3,\"name\":\"\u00cengrijire\"}]},{\"@type\":\"WebSite\",\"@id\":\"https:\/\/multi-gyn.com\/md\/#website\",\"url\":\"https:\/\/multi-gyn.com\/md\/\",\"name\":\"Multi-Gyn\",\"description\":\"\",\"publisher\":{\"@id\":\"https:\/\/multi-gyn.com\/md\/#organization\"},\"potentialAction\":[{\"@type\":\"SearchAction\",\"target\":{\"@type\":\"EntryPoint\",\"urlTemplate\":\"https:\/\/multi-gyn.com\/md\/?s={search_term_string}\"},\"query-input\":{\"@type\":\"PropertyValueSpecification\",\"valueRequired\":true,\"valueName\":\"search_term_string\"}}],\"inLanguage\":\"ro-RO\"},{\"@type\":\"Organization\",\"@id\":\"https:\/\/multi-gyn.com\/md\/#organization\",\"name\":\"Multi-Gyn\",\"url\":\"https:\/\/multi-gyn.com\/md\/\",\"logo\":{\"@type\":\"ImageObject\",\"inLanguage\":\"ro-RO\",\"@id\":\"https:\/\/multi-gyn.com\/md\/#\/schema\/logo\/image\/\",\"url\":\"https:\/\/multi-gyn.com\/app\/uploads\/sites\/29\/2022\/11\/multi-gyn-logo.png\",\"contentUrl\":\"https:\/\/multi-gyn.com\/app\/uploads\/sites\/29\/2022\/11\/multi-gyn-logo.png\",\"width\":149,\"height\":32,\"caption\":\"Multi-Gyn\"},\"image\":{\"@id\":\"https:\/\/multi-gyn.com\/md\/#\/schema\/logo\/image\/\"}}]}<\/script>\n<!-- \/ Yoast SEO plugin. -->","yoast_head_json":{"title":"\u00cengrijire - Multi-Gyn","description":"Citi\u021bi articole despre s\u0103n\u0103tatea \u0219i \u00eengrijirea vaginal\u0103","robots":{"index":"index","follow":"follow","max-snippet":"max-snippet:-1","max-image-preview":"max-image-preview:large","max-video-preview":"max-video-preview:-1"},"canonical":"https:\/\/multi-gyn.com\/md\/sanatatea-vaginala\/ingrijire\/","og_locale":"ro_RO","og_type":"article","og_title":"\u00cengrijire - Multi-Gyn","og_description":"Citi\u021bi articole despre s\u0103n\u0103tatea \u0219i \u00eengrijirea vaginal\u0103","og_url":"https:\/\/multi-gyn.com\/md\/sanatatea-vaginala\/ingrijire\/","og_site_name":"Multi-Gyn","article_modified_time":"2023-03-22T10:49:21+00:00","twitter_card":"summary_large_image","schema":{"@context":"https:\/\/schema.org","@graph":[{"@type":"WebPage","@id":"https:\/\/multi-gyn.com\/md\/sanatatea-vaginala\/ingrijire\/","url":"https:\/\/multi-gyn.com\/md\/sanatatea-vaginala\/ingrijire\/","name":"\u00cengrijire - Multi-Gyn","isPartOf":{"@id":"https:\/\/multi-gyn.com\/md\/#website"},"datePublished":"2022-11-09T09:41:39+00:00","dateModified":"2023-03-22T10:49:21+00:00","description":"Citi\u021bi articole despre s\u0103n\u0103tatea \u0219i \u00eengrijirea vaginal\u0103","breadcrumb":{"@id":"https:\/\/multi-gyn.com\/md\/sanatatea-vaginala\/ingrijire\/#breadcrumb"},"inLanguage":"ro-RO","potentialAction":[{"@type":"ReadAction","target":["https:\/\/multi-gyn.com\/md\/sanatatea-vaginala\/ingrijire\/"]}]},{"@type":"BreadcrumbList","@id":"https:\/\/multi-gyn.com\/md\/sanatatea-vaginala\/ingrijire\/#breadcrumb","itemListElement":[{"@type":"ListItem","position":1,"name":"Home","item":"https:\/\/multi-gyn.com\/md\/"},{"@type":"ListItem","position":2,"name":"Sanatatea vaginala","item":"https:\/\/multi-gyn.com\/md\/sanatatea-vaginala\/"},{"@type":"ListItem","position":3,"name":"\u00cengrijire"}]},{"@type":"WebSite","@id":"https:\/\/multi-gyn.com\/md\/#website","url":"https:\/\/multi-gyn.com\/md\/","name":"Multi-Gyn","description":"","publisher":{"@id":"https:\/\/multi-gyn.com\/md\/#organization"},"potentialAction":[{"@type":"SearchAction","target":{"@type":"EntryPoint","urlTemplate":"https:\/\/multi-gyn.com\/md\/?s={search_term_string}"},"query-input":{"@type":"PropertyValueSpecification","valueRequired":true,"valueName":"search_term_string"}}],"inLanguage":"ro-RO"},{"@type":"Organization","@id":"https:\/\/multi-gyn.com\/md\/#organization","name":"Multi-Gyn","url":"https:\/\/multi-gyn.com\/md\/","logo":{"@type":"ImageObject","inLanguage":"ro-RO","@id":"https:\/\/multi-gyn.com\/md\/#\/schema\/logo\/image\/","url":"https:\/\/multi-gyn.com\/app\/uploads\/sites\/29\/2022\/11\/multi-gyn-logo.png","contentUrl":"https:\/\/multi-gyn.com\/app\/uploads\/sites\/29\/2022\/11\/multi-gyn-logo.png","width":149,"height":32,"caption":"Multi-Gyn"},"image":{"@id":"https:\/\/multi-gyn.com\/md\/#\/schema\/logo\/image\/"}}]}},"_links":{"self":[{"href":"https:\/\/multi-gyn.com\/md\/wp-json\/wp\/v2\/pages\/126","targetHints":{"allow":["GET"]}}],"collection":[{"href":"https:\/\/multi-gyn.com\/md\/wp-json\/wp\/v2\/pages"}],"about":[{"href":"https:\/\/multi-gyn.com\/md\/wp-json\/wp\/v2\/types\/page"}],"author":[{"embeddable":true,"href":"https:\/\/multi-gyn.com\/md\/wp-json\/wp\/v2\/users\/2"}],"replies":[{"embeddable":true,"href":"https:\/\/multi-gyn.com\/md\/wp-json\/wp\/v2\/comments?post=126"}],"version-history":[{"count":2,"href":"https:\/\/multi-gyn.com\/md\/wp-json\/wp\/v2\/pages\/126\/revisions"}],"predecessor-version":[{"id":490,"href":"https:\/\/multi-gyn.com\/md\/wp-json\/wp\/v2\/pages\/126\/revisions\/490"}],"up":[{"embeddable":true,"href":"https:\/\/multi-gyn.com\/md\/wp-json\/wp\/v2\/pages\/118"}],"wp:attachment":[{"href":"https:\/\/multi-gyn.com\/md\/wp-json\/wp\/v2\/media?parent=126"}],"wp:term":[{"taxonomy":"from-article-database","embeddable":true,"href":"https:\/\/multi-gyn.com\/md\/wp-json\/wp\/v2\/from-article-database?post=126"}],"curies":[{"name":"wp","href":"https:\/\/api.w.org\/{rel}","templated":true}]}}