{"id":315,"date":"2022-11-28T11:42:44","date_gmt":"2022-11-28T09:42:44","guid":{"rendered":"https:\/\/multi-gyn.com\/rebrand-md\/?page_id=315"},"modified":"2022-11-28T13:02:47","modified_gmt":"2022-11-28T11:02:47","slug":"igiena-intima-si-infectiile-vaginale","status":"publish","type":"page","link":"https:\/\/multi-gyn.com\/md\/sanatatea-vaginala\/infectii\/igiena-intima-si-infectiile-vaginale\/","title":{"rendered":"Igiena intima si Infectiile vaginale"},"content":{"rendered":"\n<div class=\"wp-block-karopharma-free-text pt-large pb-large bg-center bg-cover bg-no-repeat  is-style-primary\" style=\"background-image:url()\"><div class=\"free-text-wrapper container max-w-medium text-left\">\n<h1 class=\"wp-block-heading\">Scurgeri vaginale excesive: e cazul s\u0103 m\u0103 \u00eengrijorez?<\/h1>\n\n\n\n<p class=\"is-style-paragraph-preamble\">Majoritatea femeilor stiu cum sa aiba grija de zona lor intima. \u201cVaginul se curate singur\u201d \u201cnu iti spala vaginul cu sapun\u201d si \u201cintotdeauna sterge-te din fata in spate\u201d. Avand grija adecvata de zona intima, poti preveni disconfortul. In orice caz, chiar asta este problema?<\/p>\n<\/div><\/div>\n\n\n\n<div class=\"wp-block-karopharma-free-text pt-large pb-large bg-center bg-cover bg-no-repeat\" style=\"background-image:url()\"><div class=\"free-text-wrapper container max-w-medium text-left\">\n<h2 class=\"is-style-heading-h2 wp-block-heading\">Cauza infectiei si disconfortului<\/h2>\n\n\n\n<p>Cele mai comune infectii vaginale sunt vaginoza bacteriana sau candidoza vaginala. Daca te confrunti cu disconfort vaginal, de obicei unul din ele este cauza.<\/p>\n\n\n\n<p>Vaginoza bacteriana (BV) este cauzata de cresterea bacteriilor daunatoare in vagin. Simptomele infectiei sunt mirosul intepator si scurgerea apoasa, de culoare gri. Pe de alta parte, candidoza este cauzata de cresterea bacteriilor daunatoare in vagin sau in zona externa a vaginului. O scurgere densa, albicioasa (branzoasa) si manarimile vaginale sunt cele mai frecvente simptome.<\/p>\n\n\n\n<p>Ambele infectii sunt blande, insa pot fi inconfortabile. Simptomele, vor disparea in cele din urma, dar va dura ceva timp. Din fericire, ambele infectii se pot trata cu medicamente sau produse de igiena intima. Mai multe informatii despre cum se pot trata infectiile vaginale pot fi gasite aici.<\/p>\n\n\n\n<p class=\"is-style-paragraph-preamble has-primary-color has-text-color\"><em>&#8222;Cele mai comune infectii vaginale sunt vaginoza bacteriana si candidoza vaginala. Daca te confrunti cu disconfort vaginal, de obicei unul din ele este cauza.&#8221;<\/em><\/p>\n\n\n\n<h2 class=\"is-style-heading-h2 wp-block-heading\">Cum te ajuta igiena intima?<\/h2>\n\n\n\n<p>Desi nu este cunoascuta cauza exacta a cresterii numarului de bacterii din vagin, sunt cativa factori ce pot stopa dezvoltarea lor. Igiena intima este unul din acesti factori. Uite cateva sfaturi pentru igiena intima:<\/p>\n\n\n\n<ul class=\"is-style-default wp-block-list\"><li>Daca doresti sa iti cureti zona externa, apa calda este suficienta; pentru a te simti proaspata, poti folosi o lotiunea de spalat pentru igiena intima, de exemplu una cu ingrediente naturale.<\/li><li>Asigura-te ca iti usuci mereu zona intima dupa dus, baie sau inot.<\/li><li>Poarta lenjerie din bumbac si evita sa porti chiloti tanga.<\/li><li>Incearca sa nu te scarpini, in cazul in care ai mancarimi.<\/li><\/ul>\n\n\n\n<h2 class=\"is-style-heading-h2 wp-block-heading\">Te ajuta igiena intima sa previi infectiile vaginale?<\/h2>\n\n\n\n<p>Unele femei au o igiena intima corecta, insa altele tot vor dezvolta aceste infectii. Igiena vaginala neadecvata poate creste riscul disconfortului vaginal, insa, din pacate, nu va preveni toate problemele, deoarece infectiile vaginale nu tin neaparat de igiena intima.<\/p>\n<\/div><\/div>\n\n\n<div class=\"product-list wp-block-karopharma-product-list\" data-testid=\"product-list\">\n      <div class=\"swiper-container\">\n      <div class=\"swiper\">\n        <div class=\"swiper-wrapper\">\n                      <div class=\"swiper-slide\">\n              <div class=\"product-card\" data-testid=\"product-card\">\n  <a\n    href=https:\/\/multi-gyn.com\/md\/produs\/multi-gyn-tablete\/\n    class=\"product-card-link\"\n    title=\"Multi-Gyn Tablete\"\n  >\n  <figure class=\"product-card-image\" data-testid=\"product-image\">\n                          <img decoding=\"async\" src=\"https:\/\/multi-gyn.com\/cdn-cgi\/image\/width=700,format=auto\/app\/uploads\/sites\/29\/2022\/11\/MultiGyn-VaginalTablets.png\"\n        srcset=\"https:\/\/multi-gyn.com\/cdn-cgi\/image\/width=250,format=auto\/app\/uploads\/sites\/29\/2022\/11\/MultiGyn-VaginalTablets.png 250w,\n                https:\/\/multi-gyn.com\/cdn-cgi\/image\/width=500,format=auto\/app\/uploads\/sites\/29\/2022\/11\/MultiGyn-VaginalTablets.png 500w,\n                https:\/\/multi-gyn.com\/cdn-cgi\/image\/width=700,format=auto\/app\/uploads\/sites\/29\/2022\/11\/MultiGyn-VaginalTablets.png 700w\"\n        sizes=\"(max-width: 400px) 250px, (max-width: 800px) 500px, 700px\"\n        alt=\"Multi-Gyn Tablete\"\n        class=\"img\">\n            <\/figure>\n    <div class=\"product-card-content\">\n      <div class=\"heading-wrapper\">\n        <h2 class=\"heading\">Multi-Gyn Tablete<\/h2>\n      <\/div>\n      <div class=\"product-card-description\"><\/div>\n                      <\/div>\n  <\/a>\n          <div class=\"button-wrapper buy-now no-resellers\" data-testid=\"buy-now\">\n          <div class=\"buy-now-container dropdown-container\">\n    <a\n      class=\"theme-button button-primary-color rounded-button\"\n      href=\"https:\/\/hippocrates.md\/ro\/catalog\/preparate_ginecologice\/multi_gyn_tablets_comprimate_p_u_irigator_vaginal_10_buc_31927\" onclick=\"dataLayer.push({'event':'ga_event', 'eventCategory':'Click on Reseller', 'eventAction':'Hippocrates', 'eventLabel':'Multi-Gyn Tablete', 'eventValue': undefined})\" rel=\"noopener\" target=\"_blank\" title=\"Hippocrates\"\n      data-testid=\"buy-now-reseller\">\n      Cump\u0103r\u0103 acum\n    <\/a>\n    <\/div>\n  <\/div>\n  <\/div>\n            <\/div>\n                      <div class=\"swiper-slide\">\n              <div class=\"product-card\" data-testid=\"product-card\">\n  <a\n    href=https:\/\/multi-gyn.com\/md\/produs\/multi-gyn-intiskin\/\n    class=\"product-card-link\"\n    title=\"Multi-Gyn IntiSkin\"\n  >\n  <figure class=\"product-card-image\" data-testid=\"product-image\">\n                          <img decoding=\"async\" src=\"https:\/\/multi-gyn.com\/cdn-cgi\/image\/width=700,format=auto\/app\/uploads\/sites\/29\/2022\/11\/MultiGyn-IntiSkin.png\"\n        srcset=\"https:\/\/multi-gyn.com\/cdn-cgi\/image\/width=250,format=auto\/app\/uploads\/sites\/29\/2022\/11\/MultiGyn-IntiSkin.png 250w,\n                https:\/\/multi-gyn.com\/cdn-cgi\/image\/width=500,format=auto\/app\/uploads\/sites\/29\/2022\/11\/MultiGyn-IntiSkin.png 500w,\n                https:\/\/multi-gyn.com\/cdn-cgi\/image\/width=700,format=auto\/app\/uploads\/sites\/29\/2022\/11\/MultiGyn-IntiSkin.png 700w\"\n        sizes=\"(max-width: 400px) 250px, (max-width: 800px) 500px, 700px\"\n        alt=\"Multi-Gyn IntiSkin\"\n        class=\"img\">\n            <\/figure>\n    <div class=\"product-card-content\">\n      <div class=\"heading-wrapper\">\n        <h2 class=\"heading\">Multi-Gyn IntiSkin<\/h2>\n      <\/div>\n      <div class=\"product-card-description\"><\/div>\n                      <\/div>\n  <\/a>\n      <div class=\"button-wrapper\">\n    <a\n      href=https:\/\/multi-gyn.com\/md\/produs\/multi-gyn-intiskin\/\n      target=_self\n      class=\"theme-button button-primary-color rounded-button\"\n      rel=\"noopener\"\n      title=\"Afla\u021bi mai multe\"\n    >\n       Afla\u021bi mai multe\n    <\/a>\n<\/div>  <\/div>\n            <\/div>\n                      <div class=\"swiper-slide\">\n              <div class=\"product-card\" data-testid=\"product-card\">\n  <a\n    href=https:\/\/multi-gyn.com\/md\/produs\/multi-gyn-femiwash\/\n    class=\"product-card-link\"\n    title=\"Multi-Gyn FemiWash\"\n  >\n  <figure class=\"product-card-image\" data-testid=\"product-image\">\n                          <img decoding=\"async\" src=\"https:\/\/multi-gyn.com\/cdn-cgi\/image\/width=700,format=auto\/app\/uploads\/sites\/29\/2022\/11\/MultiGyn-FemiWash-1.png\"\n        srcset=\"https:\/\/multi-gyn.com\/cdn-cgi\/image\/width=250,format=auto\/app\/uploads\/sites\/29\/2022\/11\/MultiGyn-FemiWash-1.png 250w,\n                https:\/\/multi-gyn.com\/cdn-cgi\/image\/width=500,format=auto\/app\/uploads\/sites\/29\/2022\/11\/MultiGyn-FemiWash-1.png 500w,\n                https:\/\/multi-gyn.com\/cdn-cgi\/image\/width=700,format=auto\/app\/uploads\/sites\/29\/2022\/11\/MultiGyn-FemiWash-1.png 700w\"\n        sizes=\"(max-width: 400px) 250px, (max-width: 800px) 500px, 700px\"\n        alt=\"Multi-Gyn FemiWash\"\n        class=\"img\">\n            <\/figure>\n    <div class=\"product-card-content\">\n      <div class=\"heading-wrapper\">\n        <h2 class=\"heading\">Multi-Gyn FemiWash<\/h2>\n      <\/div>\n      <div class=\"product-card-description\"><\/div>\n                      <\/div>\n  <\/a>\n          <div class=\"button-wrapper buy-now no-resellers\" data-testid=\"buy-now\">\n          <div class=\"buy-now-container dropdown-container\">\n    <a\n      class=\"theme-button button-primary-color rounded-button\"\n      href=\"https:\/\/hippocrates.md\/ro\/catalog\/preparate_ginecologice\/multi_gyn_femiwash_emulsie_spumoasa_pentru_igiena_intima_31928\" onclick=\"dataLayer.push({'event':'ga_event', 'eventCategory':'Click on Reseller', 'eventAction':'Hippocrates', 'eventLabel':'Multi-Gyn FemiWash', 'eventValue': undefined})\" rel=\"noopener\" target=\"_blank\" title=\"Hippocrates\"\n      data-testid=\"buy-now-reseller\">\n      Cump\u0103r\u0103 acum\n    <\/a>\n    <\/div>\n  <\/div>\n  <\/div>\n            <\/div>\n                      <div class=\"swiper-slide\">\n              <div class=\"product-card\" data-testid=\"product-card\">\n  <a\n    href=https:\/\/multi-gyn.com\/md\/produs\/multi-gyn-liquigel\/\n    class=\"product-card-link\"\n    title=\"Multi-Gyn LiquiGel\"\n  >\n  <figure class=\"product-card-image\" data-testid=\"product-image\">\n                          <img decoding=\"async\" src=\"https:\/\/multi-gyn.com\/cdn-cgi\/image\/width=700,format=auto\/app\/uploads\/sites\/29\/2022\/11\/Multi-Gyn-LiquiGel.png\"\n        srcset=\"https:\/\/multi-gyn.com\/cdn-cgi\/image\/width=250,format=auto\/app\/uploads\/sites\/29\/2022\/11\/Multi-Gyn-LiquiGel.png 250w,\n                https:\/\/multi-gyn.com\/cdn-cgi\/image\/width=500,format=auto\/app\/uploads\/sites\/29\/2022\/11\/Multi-Gyn-LiquiGel.png 500w,\n                https:\/\/multi-gyn.com\/cdn-cgi\/image\/width=700,format=auto\/app\/uploads\/sites\/29\/2022\/11\/Multi-Gyn-LiquiGel.png 700w\"\n        sizes=\"(max-width: 400px) 250px, (max-width: 800px) 500px, 700px\"\n        alt=\"Multi-Gyn LiquiGel\"\n        class=\"img\">\n            <\/figure>\n    <div class=\"product-card-content\">\n      <div class=\"heading-wrapper\">\n        <h2 class=\"heading\">Multi-Gyn LiquiGel<\/h2>\n      <\/div>\n      <div class=\"product-card-description\"><\/div>\n                      <\/div>\n  <\/a>\n          <div class=\"button-wrapper buy-now \" data-testid=\"buy-now\">\n      <div class=\"buy-now-container dropdown-container\">\n      <div class=\"theme-button button-primary-color dropdown-link\" aria-label=\"Cump\u0103r\u0103 acum\">\n          Cump\u0103r\u0103 acum <i class=\"dropdown\"><\/i>\n      <\/div>\n      <ul class=\"reseller-list submenu\">\n                    <li>\n              <a\n                href=\"https:\/\/felicia.md\/product\/multi-gyn-liquigel-30ml\/?sphrase_id=63919\" onclick=\"dataLayer.push({'event':'ga_event', 'eventCategory':'Click on Reseller', 'eventAction':'Felicia', 'eventLabel':'Multi-Gyn LiquiGel', 'eventValue': undefined})\" rel=\"noopener\" target=\"_blank\" title=\"Felicia\"\n                data-testid=\"buy-now-reseller\">\n                <i class=\"fa-solid fa-arrow-right\"><\/i> Felicia\n              <\/a>\n          <\/li>\n                    <li>\n              <a\n                href=\"https:\/\/hippocrates.md\/ro\/catalog\/preparate_ginecologice\/multi_gyn_liquigel_30_ml_37517\" onclick=\"dataLayer.push({'event':'ga_event', 'eventCategory':'Click on Reseller', 'eventAction':'Hippocrates', 'eventLabel':'Multi-Gyn LiquiGel', 'eventValue': undefined})\" rel=\"noopener\" target=\"_blank\" title=\"Hippocrates\"\n                data-testid=\"buy-now-reseller\">\n                <i class=\"fa-solid fa-arrow-right\"><\/i> Hippocrates\n              <\/a>\n          <\/li>\n                <\/ul>\n    <\/div>\n  <\/div>\n  <\/div>\n            <\/div>\n                      <div class=\"swiper-slide\">\n              <div class=\"product-card\" data-testid=\"product-card\">\n  <a\n    href=https:\/\/multi-gyn.com\/md\/produs\/multi-gyn-floraplus\/\n    class=\"product-card-link\"\n    title=\"Multi-Gyn FloraPlus\"\n  >\n  <figure class=\"product-card-image\" data-testid=\"product-image\">\n                          <img decoding=\"async\" src=\"https:\/\/multi-gyn.com\/cdn-cgi\/image\/width=700,format=auto\/app\/uploads\/sites\/29\/2022\/11\/MultiGyn-FloraPlus.png\"\n        srcset=\"https:\/\/multi-gyn.com\/cdn-cgi\/image\/width=250,format=auto\/app\/uploads\/sites\/29\/2022\/11\/MultiGyn-FloraPlus.png 250w,\n                https:\/\/multi-gyn.com\/cdn-cgi\/image\/width=500,format=auto\/app\/uploads\/sites\/29\/2022\/11\/MultiGyn-FloraPlus.png 500w,\n                https:\/\/multi-gyn.com\/cdn-cgi\/image\/width=700,format=auto\/app\/uploads\/sites\/29\/2022\/11\/MultiGyn-FloraPlus.png 700w\"\n        sizes=\"(max-width: 400px) 250px, (max-width: 800px) 500px, 700px\"\n        alt=\"Multi-Gyn FloraPlus\"\n        class=\"img\">\n            <\/figure>\n    <div class=\"product-card-content\">\n      <div class=\"heading-wrapper\">\n        <h2 class=\"heading\">Multi-Gyn FloraPlus<\/h2>\n      <\/div>\n      <div class=\"product-card-description\"><\/div>\n                      <\/div>\n  <\/a>\n          <div class=\"button-wrapper buy-now \" data-testid=\"buy-now\">\n      <div class=\"buy-now-container dropdown-container\">\n      <div class=\"theme-button button-primary-color dropdown-link\" aria-label=\"Cump\u0103r\u0103 acum\">\n          Cump\u0103r\u0103 acum <i class=\"dropdown\"><\/i>\n      <\/div>\n      <ul class=\"reseller-list submenu\">\n                    <li>\n              <a\n                href=\"https:\/\/felicia.md\/product\/multi-gyn-flora-plus-5ml-n5\/?sphrase_id=63919\" onclick=\"dataLayer.push({'event':'ga_event', 'eventCategory':'Click on Reseller', 'eventAction':'Felicia', 'eventLabel':'Multi-Gyn FloraPlus', 'eventValue': undefined})\" rel=\"noopener\" target=\"_blank\" title=\"Felicia\"\n                data-testid=\"buy-now-reseller\">\n                <i class=\"fa-solid fa-arrow-right\"><\/i> Felicia\n              <\/a>\n          <\/li>\n                    <li>\n              <a\n                href=\"https:\/\/hippocrates.md\/ro\/catalog\/preparate_ginecologice\/multi_gyn_flora_plus_34828\" onclick=\"dataLayer.push({'event':'ga_event', 'eventCategory':'Click on Reseller', 'eventAction':'Hippocrates', 'eventLabel':'Multi-Gyn FloraPlus', 'eventValue': undefined})\" rel=\"noopener\" target=\"_blank\" title=\"Hippocrates\"\n                data-testid=\"buy-now-reseller\">\n                <i class=\"fa-solid fa-arrow-right\"><\/i> Hippocrates\n              <\/a>\n          <\/li>\n                <\/ul>\n    <\/div>\n  <\/div>\n  <\/div>\n            <\/div>\n                      <div class=\"swiper-slide\">\n              <div class=\"product-card\" data-testid=\"product-card\">\n  <a\n    href=https:\/\/multi-gyn.com\/md\/produs\/multi-gyn-actigel\/\n    class=\"product-card-link\"\n    title=\"Multi-Gyn ActiGel\"\n  >\n  <figure class=\"product-card-image\" data-testid=\"product-image\">\n                          <img decoding=\"async\" src=\"https:\/\/multi-gyn.com\/cdn-cgi\/image\/width=700,format=auto\/app\/uploads\/sites\/29\/2022\/11\/Multi-Gyn-ActiGel-1.png\"\n        srcset=\"https:\/\/multi-gyn.com\/cdn-cgi\/image\/width=250,format=auto\/app\/uploads\/sites\/29\/2022\/11\/Multi-Gyn-ActiGel-1.png 250w,\n                https:\/\/multi-gyn.com\/cdn-cgi\/image\/width=500,format=auto\/app\/uploads\/sites\/29\/2022\/11\/Multi-Gyn-ActiGel-1.png 500w,\n                https:\/\/multi-gyn.com\/cdn-cgi\/image\/width=700,format=auto\/app\/uploads\/sites\/29\/2022\/11\/Multi-Gyn-ActiGel-1.png 700w\"\n        sizes=\"(max-width: 400px) 250px, (max-width: 800px) 500px, 700px\"\n        alt=\"Multi-Gyn ActiGel\"\n        class=\"img\">\n            <\/figure>\n    <div class=\"product-card-content\">\n      <div class=\"heading-wrapper\">\n        <h2 class=\"heading\">Multi-Gyn ActiGel<\/h2>\n      <\/div>\n      <div class=\"product-card-description\"><\/div>\n                      <\/div>\n  <\/a>\n          <div class=\"button-wrapper buy-now no-resellers\" data-testid=\"buy-now\">\n          <div class=\"buy-now-container dropdown-container\">\n    <a\n      class=\"theme-button button-primary-color rounded-button\"\n      href=\"https:\/\/hippocrates.md\/ro\/catalog\/preparate_ginecologice\/multi_gyn_actigel_solutie_pentru_normalizarea_florei_vaginale_31925\" onclick=\"dataLayer.push({'event':'ga_event', 'eventCategory':'Click on Reseller', 'eventAction':'Hippocrates', 'eventLabel':'Multi-Gyn ActiGel', 'eventValue': undefined})\" rel=\"noopener\" target=\"_blank\" title=\"Hippocrates\"\n      data-testid=\"buy-now-reseller\">\n      Cump\u0103r\u0103 acum\n    <\/a>\n    <\/div>\n  <\/div>\n  <\/div>\n            <\/div>\n                  <\/div>\n        <div class=\"swiper-scrollbar\"><\/div>\n      <\/div>\n    <\/div>\n  <\/div>\n","protected":false},"excerpt":{"rendered":"","protected":false},"author":2,"featured_media":0,"parent":124,"menu_order":14,"comment_status":"closed","ping_status":"closed","template":"","meta":{"_acf_changed":false,"footnotes":""},"from-article-database":[],"class_list":["post-315","page","type-page","status-publish","hentry"],"acf":[],"yoast_head":"<!-- This site is optimized with the Yoast SEO plugin v26.6 - https:\/\/yoast.com\/wordpress\/plugins\/seo\/ -->\n<title>Igiena intima si Infectiile vaginale - Multi-Gyn<\/title>\n<meta name=\"description\" content=\"Majoritatea femeilor stiu cum sa aiba grija de zona lor intima. \u201cVaginul se curate singur\u201d \u201cnu iti spala vaginul cu sapun\u201d si \u201cintotdeauna sterge-te din fata in spate\u201d.\" \/>\n<meta name=\"robots\" content=\"index, follow, max-snippet:-1, max-image-preview:large, max-video-preview:-1\" \/>\n<link rel=\"canonical\" href=\"https:\/\/multi-gyn.com\/md\/sanatatea-vaginala\/infectii\/igiena-intima-si-infectiile-vaginale\/\" \/>\n<meta property=\"og:locale\" content=\"ro_RO\" \/>\n<meta property=\"og:type\" content=\"article\" \/>\n<meta property=\"og:title\" content=\"Igiena intima si Infectiile vaginale - Multi-Gyn\" \/>\n<meta property=\"og:description\" content=\"Majoritatea femeilor stiu cum sa aiba grija de zona lor intima. \u201cVaginul se curate singur\u201d \u201cnu iti spala vaginul cu sapun\u201d si \u201cintotdeauna sterge-te din fata in spate\u201d.\" \/>\n<meta property=\"og:url\" content=\"https:\/\/multi-gyn.com\/md\/sanatatea-vaginala\/infectii\/igiena-intima-si-infectiile-vaginale\/\" \/>\n<meta property=\"og:site_name\" content=\"Multi-Gyn\" \/>\n<meta property=\"article:modified_time\" content=\"2022-11-28T11:02:47+00:00\" \/>\n<meta name=\"twitter:card\" content=\"summary_large_image\" \/>\n<meta name=\"twitter:label1\" content=\"Est. reading time\" \/>\n\t<meta name=\"twitter:data1\" content=\"2 minute\" \/>\n<script type=\"application\/ld+json\" class=\"yoast-schema-graph\">{\"@context\":\"https:\/\/schema.org\",\"@graph\":[{\"@type\":\"WebPage\",\"@id\":\"https:\/\/multi-gyn.com\/md\/sanatatea-vaginala\/infectii\/igiena-intima-si-infectiile-vaginale\/\",\"url\":\"https:\/\/multi-gyn.com\/md\/sanatatea-vaginala\/infectii\/igiena-intima-si-infectiile-vaginale\/\",\"name\":\"Igiena intima si Infectiile vaginale - Multi-Gyn\",\"isPartOf\":{\"@id\":\"https:\/\/multi-gyn.com\/md\/#website\"},\"datePublished\":\"2022-11-28T09:42:44+00:00\",\"dateModified\":\"2022-11-28T11:02:47+00:00\",\"description\":\"Majoritatea femeilor stiu cum sa aiba grija de zona lor intima. \u201cVaginul se curate singur\u201d \u201cnu iti spala vaginul cu sapun\u201d si \u201cintotdeauna sterge-te din fata in spate\u201d.\",\"breadcrumb\":{\"@id\":\"https:\/\/multi-gyn.com\/md\/sanatatea-vaginala\/infectii\/igiena-intima-si-infectiile-vaginale\/#breadcrumb\"},\"inLanguage\":\"ro-RO\",\"potentialAction\":[{\"@type\":\"ReadAction\",\"target\":[\"https:\/\/multi-gyn.com\/md\/sanatatea-vaginala\/infectii\/igiena-intima-si-infectiile-vaginale\/\"]}]},{\"@type\":\"BreadcrumbList\",\"@id\":\"https:\/\/multi-gyn.com\/md\/sanatatea-vaginala\/infectii\/igiena-intima-si-infectiile-vaginale\/#breadcrumb\",\"itemListElement\":[{\"@type\":\"ListItem\",\"position\":1,\"name\":\"Home\",\"item\":\"https:\/\/multi-gyn.com\/md\/\"},{\"@type\":\"ListItem\",\"position\":2,\"name\":\"Sanatatea vaginala\",\"item\":\"https:\/\/multi-gyn.com\/md\/sanatatea-vaginala\/\"},{\"@type\":\"ListItem\",\"position\":3,\"name\":\"Infec\u021bii\",\"item\":\"https:\/\/multi-gyn.com\/md\/sanatatea-vaginala\/infectii\/\"},{\"@type\":\"ListItem\",\"position\":4,\"name\":\"Igiena intima si Infectiile vaginale\"}]},{\"@type\":\"WebSite\",\"@id\":\"https:\/\/multi-gyn.com\/md\/#website\",\"url\":\"https:\/\/multi-gyn.com\/md\/\",\"name\":\"Multi-Gyn\",\"description\":\"\",\"publisher\":{\"@id\":\"https:\/\/multi-gyn.com\/md\/#organization\"},\"potentialAction\":[{\"@type\":\"SearchAction\",\"target\":{\"@type\":\"EntryPoint\",\"urlTemplate\":\"https:\/\/multi-gyn.com\/md\/?s={search_term_string}\"},\"query-input\":{\"@type\":\"PropertyValueSpecification\",\"valueRequired\":true,\"valueName\":\"search_term_string\"}}],\"inLanguage\":\"ro-RO\"},{\"@type\":\"Organization\",\"@id\":\"https:\/\/multi-gyn.com\/md\/#organization\",\"name\":\"Multi-Gyn\",\"url\":\"https:\/\/multi-gyn.com\/md\/\",\"logo\":{\"@type\":\"ImageObject\",\"inLanguage\":\"ro-RO\",\"@id\":\"https:\/\/multi-gyn.com\/md\/#\/schema\/logo\/image\/\",\"url\":\"https:\/\/multi-gyn.com\/app\/uploads\/sites\/29\/2022\/11\/multi-gyn-logo.png\",\"contentUrl\":\"https:\/\/multi-gyn.com\/app\/uploads\/sites\/29\/2022\/11\/multi-gyn-logo.png\",\"width\":149,\"height\":32,\"caption\":\"Multi-Gyn\"},\"image\":{\"@id\":\"https:\/\/multi-gyn.com\/md\/#\/schema\/logo\/image\/\"}}]}<\/script>\n<!-- \/ Yoast SEO plugin. -->","yoast_head_json":{"title":"Igiena intima si Infectiile vaginale - Multi-Gyn","description":"Majoritatea femeilor stiu cum sa aiba grija de zona lor intima. \u201cVaginul se curate singur\u201d \u201cnu iti spala vaginul cu sapun\u201d si \u201cintotdeauna sterge-te din fata in spate\u201d.","robots":{"index":"index","follow":"follow","max-snippet":"max-snippet:-1","max-image-preview":"max-image-preview:large","max-video-preview":"max-video-preview:-1"},"canonical":"https:\/\/multi-gyn.com\/md\/sanatatea-vaginala\/infectii\/igiena-intima-si-infectiile-vaginale\/","og_locale":"ro_RO","og_type":"article","og_title":"Igiena intima si Infectiile vaginale - Multi-Gyn","og_description":"Majoritatea femeilor stiu cum sa aiba grija de zona lor intima. \u201cVaginul se curate singur\u201d \u201cnu iti spala vaginul cu sapun\u201d si \u201cintotdeauna sterge-te din fata in spate\u201d.","og_url":"https:\/\/multi-gyn.com\/md\/sanatatea-vaginala\/infectii\/igiena-intima-si-infectiile-vaginale\/","og_site_name":"Multi-Gyn","article_modified_time":"2022-11-28T11:02:47+00:00","twitter_card":"summary_large_image","twitter_misc":{"Est. reading time":"2 minute"},"schema":{"@context":"https:\/\/schema.org","@graph":[{"@type":"WebPage","@id":"https:\/\/multi-gyn.com\/md\/sanatatea-vaginala\/infectii\/igiena-intima-si-infectiile-vaginale\/","url":"https:\/\/multi-gyn.com\/md\/sanatatea-vaginala\/infectii\/igiena-intima-si-infectiile-vaginale\/","name":"Igiena intima si Infectiile vaginale - Multi-Gyn","isPartOf":{"@id":"https:\/\/multi-gyn.com\/md\/#website"},"datePublished":"2022-11-28T09:42:44+00:00","dateModified":"2022-11-28T11:02:47+00:00","description":"Majoritatea femeilor stiu cum sa aiba grija de zona lor intima. \u201cVaginul se curate singur\u201d \u201cnu iti spala vaginul cu sapun\u201d si \u201cintotdeauna sterge-te din fata in spate\u201d.","breadcrumb":{"@id":"https:\/\/multi-gyn.com\/md\/sanatatea-vaginala\/infectii\/igiena-intima-si-infectiile-vaginale\/#breadcrumb"},"inLanguage":"ro-RO","potentialAction":[{"@type":"ReadAction","target":["https:\/\/multi-gyn.com\/md\/sanatatea-vaginala\/infectii\/igiena-intima-si-infectiile-vaginale\/"]}]},{"@type":"BreadcrumbList","@id":"https:\/\/multi-gyn.com\/md\/sanatatea-vaginala\/infectii\/igiena-intima-si-infectiile-vaginale\/#breadcrumb","itemListElement":[{"@type":"ListItem","position":1,"name":"Home","item":"https:\/\/multi-gyn.com\/md\/"},{"@type":"ListItem","position":2,"name":"Sanatatea vaginala","item":"https:\/\/multi-gyn.com\/md\/sanatatea-vaginala\/"},{"@type":"ListItem","position":3,"name":"Infec\u021bii","item":"https:\/\/multi-gyn.com\/md\/sanatatea-vaginala\/infectii\/"},{"@type":"ListItem","position":4,"name":"Igiena intima si Infectiile vaginale"}]},{"@type":"WebSite","@id":"https:\/\/multi-gyn.com\/md\/#website","url":"https:\/\/multi-gyn.com\/md\/","name":"Multi-Gyn","description":"","publisher":{"@id":"https:\/\/multi-gyn.com\/md\/#organization"},"potentialAction":[{"@type":"SearchAction","target":{"@type":"EntryPoint","urlTemplate":"https:\/\/multi-gyn.com\/md\/?s={search_term_string}"},"query-input":{"@type":"PropertyValueSpecification","valueRequired":true,"valueName":"search_term_string"}}],"inLanguage":"ro-RO"},{"@type":"Organization","@id":"https:\/\/multi-gyn.com\/md\/#organization","name":"Multi-Gyn","url":"https:\/\/multi-gyn.com\/md\/","logo":{"@type":"ImageObject","inLanguage":"ro-RO","@id":"https:\/\/multi-gyn.com\/md\/#\/schema\/logo\/image\/","url":"https:\/\/multi-gyn.com\/app\/uploads\/sites\/29\/2022\/11\/multi-gyn-logo.png","contentUrl":"https:\/\/multi-gyn.com\/app\/uploads\/sites\/29\/2022\/11\/multi-gyn-logo.png","width":149,"height":32,"caption":"Multi-Gyn"},"image":{"@id":"https:\/\/multi-gyn.com\/md\/#\/schema\/logo\/image\/"}}]}},"_links":{"self":[{"href":"https:\/\/multi-gyn.com\/md\/wp-json\/wp\/v2\/pages\/315","targetHints":{"allow":["GET"]}}],"collection":[{"href":"https:\/\/multi-gyn.com\/md\/wp-json\/wp\/v2\/pages"}],"about":[{"href":"https:\/\/multi-gyn.com\/md\/wp-json\/wp\/v2\/types\/page"}],"author":[{"embeddable":true,"href":"https:\/\/multi-gyn.com\/md\/wp-json\/wp\/v2\/users\/2"}],"replies":[{"embeddable":true,"href":"https:\/\/multi-gyn.com\/md\/wp-json\/wp\/v2\/comments?post=315"}],"version-history":[{"count":2,"href":"https:\/\/multi-gyn.com\/md\/wp-json\/wp\/v2\/pages\/315\/revisions"}],"predecessor-version":[{"id":362,"href":"https:\/\/multi-gyn.com\/md\/wp-json\/wp\/v2\/pages\/315\/revisions\/362"}],"up":[{"embeddable":true,"href":"https:\/\/multi-gyn.com\/md\/wp-json\/wp\/v2\/pages\/124"}],"wp:attachment":[{"href":"https:\/\/multi-gyn.com\/md\/wp-json\/wp\/v2\/media?parent=315"}],"wp:term":[{"taxonomy":"from-article-database","embeddable":true,"href":"https:\/\/multi-gyn.com\/md\/wp-json\/wp\/v2\/from-article-database?post=315"}],"curies":[{"name":"wp","href":"https:\/\/api.w.org\/{rel}","templated":true}]}}