{"id":36,"date":"2022-11-08T12:25:57","date_gmt":"2022-11-08T10:25:57","guid":{"rendered":"https:\/\/multi-gyn.com\/rebrand-md\/?page_id=36"},"modified":"2025-10-10T13:46:31","modified_gmt":"2025-10-10T10:46:31","slug":"faq","status":"publish","type":"page","link":"https:\/\/multi-gyn.com\/md\/faq\/","title":{"rendered":"FAQ"},"content":{"rendered":"\n<div class=\"wp-block-karopharma-free-text pt-large pb-large bg-center bg-cover bg-no-repeat\" style=\"background-image:url(https:\/\/multi-gyn.com\/cdn-cgi\/image\/format=auto\/app\/uploads\/sites\/29\/2025\/10\/Multi-Gyn_1920x750_Banner_FAQ.jpg)\"><div class=\"free-text-wrapper container max-w-medium text-center\">\n<div style=\"height:100px\" aria-hidden=\"true\" class=\"wp-block-spacer is-style-responsive-medium\"><\/div>\n\n\n\n<h1 class=\"wp-block-heading is-style-heading-huge has-white-color has-text-color\">FAQ<\/h1>\n\n\n\n<div style=\"height:100px\" aria-hidden=\"true\" class=\"wp-block-spacer is-style-responsive-medium\"><\/div>\n<\/div><\/div>\n\n\n\n<div class=\"wp-block-karopharma-accordions\"><div class=\"container\">\n<details class=\"wp-block-karopharma-accordion\"><summary><h2 class=\"accordion-title\">Ce este vaginoza bacterian\u0103?<\/h2><\/summary><div class=\"accordion-content\">\n<p>Majoritatea vaginelor miros pu\u021bin din c\u00e2nd \u00een c\u00e2nd \u0219i, de obicei, nu este nimic de \u00eengrijorat. Dar dac\u0103 mirosul provenit din tractul vaginal este puternic \u0219i aminte\u0219te de mirosul de pe\u0219te, ar putea fi un semn de vaginoz\u0103 bacterian\u0103 sau VB. Vaginoza bacterian\u0103 este cea mai frecvent\u0103 infec\u021bie vaginal\u0103 care provoac\u0103 miros vaginal, afect\u00e2nd una din patru femei din Europa. Femeile aflate la v\u00e2rsta fertil\u0103 prezint\u0103 cel mai mare risc pentru VB, dar infec\u021bia este posibil\u0103 la orice v\u00e2rst\u0103. De\u0219i VB este cauzat\u0103 de un dezechilibru bacterian \u0219i nu este considerat\u0103 o boal\u0103 cu transmitere sexual\u0103, v\u0103 poate cre\u0219te riscul de a contracta o boal\u0103 mai grav\u0103, de exemplu, chlamydia. Vestea bun\u0103 este c\u0103 VB este u\u0219or de tratat \u0219i prevenit cu produse naturale pe care le pute\u021bi cump\u0103ra online sau la farmacia dvs. local\u0103.<\/p>\n<\/div><\/details>\n\n\n\n<details class=\"wp-block-karopharma-accordion\"><summary><h2 class=\"accordion-title\">Ce este infec\u021bia vaginal\u0103 cu fungi?<\/h2><\/summary><div class=\"accordion-content\">\n<p>Sim\u021bi\u021bi o irita\u021bie \u00eenso\u021bit\u0103 de prurit a vaginului? A\u021bi observat o scurgere groas\u0103, alb\u0103? Sim\u021bi\u021bi chiar o senza\u021bie de arsur\u0103 \u00een jurul deschiderii vaginale atunci c\u00e2nd merge\u021bi la baie? Atunci este posibil s\u0103 ave\u021bi o infec\u021bie fungic\u0103 \u2013 \u0219i nu sunte\u021bi singura. P\u00e2n\u0103 la trei din patru femei sufer\u0103 o infec\u021bie fungic\u0103 cel pu\u021bin o dat\u0103 \u00een via\u021b\u0103 \u0219i multe femei sufer\u0103 de infec\u021bii recurente. Din fericire, infec\u021biile cu fungi nu sunt periculoase \u0219i cele mai multe dintre ele sunt tratate u\u0219or \u0219i prevenite cu produse pe care le pute\u021bi cump\u0103ra online sau de la farmacia local\u0103.<\/p>\n<\/div><\/details>\n\n\n\n<details class=\"wp-block-karopharma-accordion\"><summary><h2 class=\"accordion-title\">De ce vaginul meu este uscat?<\/h2><\/summary><div class=\"accordion-content\">\n<p>Bufeurile \u0219i perioadele menstruale neregulate sunt dou\u0103 semne bine cunoscute c\u0103 menopauza ar putea bate la u\u0219\u0103. Dar \u0219tia\u021bi c\u0103 usc\u0103ciunea vaginal\u0103 \u0219i irita\u021bia vaginal\u0103 sunt alte simptome frecvente ale menopauzei? Pentru c\u0103, pe m\u0103sur\u0103 ce \u00eemb\u0103tr\u00e2ni\u021bi, la fel se \u00eent\u00e2mpl\u0103 \u0219i cu vaginul dumneavoastr\u0103. \u00cen mod normal, estrogenul ajut\u0103 la lubrifierea vaginului \u0219i la men\u021binerea acestuia s\u0103n\u0103tos, dar c\u00e2nd atinge\u021bi menopauza, produc\u021bia de hormon sexual feminin scade semnificativ. Drept urmare, \u021besuturile vaginului devin mai sub\u021biri, mai uscate \u0219i mai predispuse la inflama\u021bie, o afec\u021biune care se nume\u0219te atrofie vaginal\u0103. Dar menopauza nu este singurul motiv pentru care nivelul de estrogen poate s\u0103 scad\u0103. Na\u0219terea, al\u0103ptarea, anumite afec\u021biuni medicale \u0219i administrarea contraceptivelor orale pot, de asemenea, s\u0103 scad\u0103 estrogenul \u0219i s\u0103 duc\u0103 la usc\u0103ciunea vaginal\u0103. \u00cen unele cazuri, un vagin uscat poate s\u0103 nu aib\u0103 leg\u0103tur\u0103 cu nivelul de estrogen, ci cu practicile de igien\u0103 excesiv\u0103. Indiferent de cauza care face ca vaginul dvs. s\u0103 se simt\u0103 precum de\u0219ertul Sahara, exist\u0103 tratamente sigure \u0219i eficiente care v\u0103 pot ajuta.<\/p>\n<\/div><\/details>\n<\/div><\/div>\n","protected":false},"excerpt":{"rendered":"","protected":false},"author":2,"featured_media":0,"parent":0,"menu_order":0,"comment_status":"closed","ping_status":"closed","template":"","meta":{"_acf_changed":false,"footnotes":""},"from-article-database":[],"class_list":["post-36","page","type-page","status-publish","hentry"],"acf":[],"yoast_head":"<!-- This site is optimized with the Yoast SEO plugin v26.6 - https:\/\/yoast.com\/wordpress\/plugins\/seo\/ -->\n<title>FAQ - Multi-Gyn<\/title>\n<meta name=\"description\" content=\"Ce este vaginoza bacterian\u0103? Ce este infec\u021bia vaginal\u0103 cu fungi? De ce vaginul meu este uscat?\" \/>\n<meta name=\"robots\" content=\"index, follow, max-snippet:-1, max-image-preview:large, max-video-preview:-1\" \/>\n<link rel=\"canonical\" href=\"https:\/\/multi-gyn.com\/md\/faq\/\" \/>\n<meta property=\"og:locale\" content=\"ro_RO\" \/>\n<meta property=\"og:type\" content=\"article\" \/>\n<meta property=\"og:title\" content=\"FAQ - Multi-Gyn\" \/>\n<meta property=\"og:description\" content=\"Ce este vaginoza bacterian\u0103? Ce este infec\u021bia vaginal\u0103 cu fungi? De ce vaginul meu este uscat?\" \/>\n<meta property=\"og:url\" content=\"https:\/\/multi-gyn.com\/md\/faq\/\" \/>\n<meta property=\"og:site_name\" content=\"Multi-Gyn\" \/>\n<meta property=\"article:modified_time\" content=\"2025-10-10T10:46:31+00:00\" \/>\n<meta name=\"twitter:card\" content=\"summary_large_image\" \/>\n<meta name=\"twitter:label1\" content=\"Est. reading time\" \/>\n\t<meta name=\"twitter:data1\" content=\"3 minute\" \/>\n<script type=\"application\/ld+json\" class=\"yoast-schema-graph\">{\"@context\":\"https:\/\/schema.org\",\"@graph\":[{\"@type\":\"WebPage\",\"@id\":\"https:\/\/multi-gyn.com\/md\/faq\/\",\"url\":\"https:\/\/multi-gyn.com\/md\/faq\/\",\"name\":\"FAQ - Multi-Gyn\",\"isPartOf\":{\"@id\":\"https:\/\/multi-gyn.com\/md\/#website\"},\"datePublished\":\"2022-11-08T10:25:57+00:00\",\"dateModified\":\"2025-10-10T10:46:31+00:00\",\"description\":\"Ce este vaginoza bacterian\u0103? Ce este infec\u021bia vaginal\u0103 cu fungi? De ce vaginul meu este uscat?\",\"breadcrumb\":{\"@id\":\"https:\/\/multi-gyn.com\/md\/faq\/#breadcrumb\"},\"inLanguage\":\"ro-RO\",\"potentialAction\":[{\"@type\":\"ReadAction\",\"target\":[\"https:\/\/multi-gyn.com\/md\/faq\/\"]}]},{\"@type\":\"BreadcrumbList\",\"@id\":\"https:\/\/multi-gyn.com\/md\/faq\/#breadcrumb\",\"itemListElement\":[{\"@type\":\"ListItem\",\"position\":1,\"name\":\"Home\",\"item\":\"https:\/\/multi-gyn.com\/md\/\"},{\"@type\":\"ListItem\",\"position\":2,\"name\":\"FAQ\"}]},{\"@type\":\"WebSite\",\"@id\":\"https:\/\/multi-gyn.com\/md\/#website\",\"url\":\"https:\/\/multi-gyn.com\/md\/\",\"name\":\"Multi-Gyn\",\"description\":\"\",\"publisher\":{\"@id\":\"https:\/\/multi-gyn.com\/md\/#organization\"},\"potentialAction\":[{\"@type\":\"SearchAction\",\"target\":{\"@type\":\"EntryPoint\",\"urlTemplate\":\"https:\/\/multi-gyn.com\/md\/?s={search_term_string}\"},\"query-input\":{\"@type\":\"PropertyValueSpecification\",\"valueRequired\":true,\"valueName\":\"search_term_string\"}}],\"inLanguage\":\"ro-RO\"},{\"@type\":\"Organization\",\"@id\":\"https:\/\/multi-gyn.com\/md\/#organization\",\"name\":\"Multi-Gyn\",\"url\":\"https:\/\/multi-gyn.com\/md\/\",\"logo\":{\"@type\":\"ImageObject\",\"inLanguage\":\"ro-RO\",\"@id\":\"https:\/\/multi-gyn.com\/md\/#\/schema\/logo\/image\/\",\"url\":\"https:\/\/multi-gyn.com\/app\/uploads\/sites\/29\/2022\/11\/multi-gyn-logo.png\",\"contentUrl\":\"https:\/\/multi-gyn.com\/app\/uploads\/sites\/29\/2022\/11\/multi-gyn-logo.png\",\"width\":149,\"height\":32,\"caption\":\"Multi-Gyn\"},\"image\":{\"@id\":\"https:\/\/multi-gyn.com\/md\/#\/schema\/logo\/image\/\"}}]}<\/script>\n<!-- \/ Yoast SEO plugin. -->","yoast_head_json":{"title":"FAQ - Multi-Gyn","description":"Ce este vaginoza bacterian\u0103? Ce este infec\u021bia vaginal\u0103 cu fungi? De ce vaginul meu este uscat?","robots":{"index":"index","follow":"follow","max-snippet":"max-snippet:-1","max-image-preview":"max-image-preview:large","max-video-preview":"max-video-preview:-1"},"canonical":"https:\/\/multi-gyn.com\/md\/faq\/","og_locale":"ro_RO","og_type":"article","og_title":"FAQ - Multi-Gyn","og_description":"Ce este vaginoza bacterian\u0103? Ce este infec\u021bia vaginal\u0103 cu fungi? De ce vaginul meu este uscat?","og_url":"https:\/\/multi-gyn.com\/md\/faq\/","og_site_name":"Multi-Gyn","article_modified_time":"2025-10-10T10:46:31+00:00","twitter_card":"summary_large_image","twitter_misc":{"Est. reading time":"3 minute"},"schema":{"@context":"https:\/\/schema.org","@graph":[{"@type":"WebPage","@id":"https:\/\/multi-gyn.com\/md\/faq\/","url":"https:\/\/multi-gyn.com\/md\/faq\/","name":"FAQ - Multi-Gyn","isPartOf":{"@id":"https:\/\/multi-gyn.com\/md\/#website"},"datePublished":"2022-11-08T10:25:57+00:00","dateModified":"2025-10-10T10:46:31+00:00","description":"Ce este vaginoza bacterian\u0103? Ce este infec\u021bia vaginal\u0103 cu fungi? De ce vaginul meu este uscat?","breadcrumb":{"@id":"https:\/\/multi-gyn.com\/md\/faq\/#breadcrumb"},"inLanguage":"ro-RO","potentialAction":[{"@type":"ReadAction","target":["https:\/\/multi-gyn.com\/md\/faq\/"]}]},{"@type":"BreadcrumbList","@id":"https:\/\/multi-gyn.com\/md\/faq\/#breadcrumb","itemListElement":[{"@type":"ListItem","position":1,"name":"Home","item":"https:\/\/multi-gyn.com\/md\/"},{"@type":"ListItem","position":2,"name":"FAQ"}]},{"@type":"WebSite","@id":"https:\/\/multi-gyn.com\/md\/#website","url":"https:\/\/multi-gyn.com\/md\/","name":"Multi-Gyn","description":"","publisher":{"@id":"https:\/\/multi-gyn.com\/md\/#organization"},"potentialAction":[{"@type":"SearchAction","target":{"@type":"EntryPoint","urlTemplate":"https:\/\/multi-gyn.com\/md\/?s={search_term_string}"},"query-input":{"@type":"PropertyValueSpecification","valueRequired":true,"valueName":"search_term_string"}}],"inLanguage":"ro-RO"},{"@type":"Organization","@id":"https:\/\/multi-gyn.com\/md\/#organization","name":"Multi-Gyn","url":"https:\/\/multi-gyn.com\/md\/","logo":{"@type":"ImageObject","inLanguage":"ro-RO","@id":"https:\/\/multi-gyn.com\/md\/#\/schema\/logo\/image\/","url":"https:\/\/multi-gyn.com\/app\/uploads\/sites\/29\/2022\/11\/multi-gyn-logo.png","contentUrl":"https:\/\/multi-gyn.com\/app\/uploads\/sites\/29\/2022\/11\/multi-gyn-logo.png","width":149,"height":32,"caption":"Multi-Gyn"},"image":{"@id":"https:\/\/multi-gyn.com\/md\/#\/schema\/logo\/image\/"}}]}},"_links":{"self":[{"href":"https:\/\/multi-gyn.com\/md\/wp-json\/wp\/v2\/pages\/36","targetHints":{"allow":["GET"]}}],"collection":[{"href":"https:\/\/multi-gyn.com\/md\/wp-json\/wp\/v2\/pages"}],"about":[{"href":"https:\/\/multi-gyn.com\/md\/wp-json\/wp\/v2\/types\/page"}],"author":[{"embeddable":true,"href":"https:\/\/multi-gyn.com\/md\/wp-json\/wp\/v2\/users\/2"}],"replies":[{"embeddable":true,"href":"https:\/\/multi-gyn.com\/md\/wp-json\/wp\/v2\/comments?post=36"}],"version-history":[{"count":5,"href":"https:\/\/multi-gyn.com\/md\/wp-json\/wp\/v2\/pages\/36\/revisions"}],"predecessor-version":[{"id":517,"href":"https:\/\/multi-gyn.com\/md\/wp-json\/wp\/v2\/pages\/36\/revisions\/517"}],"wp:attachment":[{"href":"https:\/\/multi-gyn.com\/md\/wp-json\/wp\/v2\/media?parent=36"}],"wp:term":[{"taxonomy":"from-article-database","embeddable":true,"href":"https:\/\/multi-gyn.com\/md\/wp-json\/wp\/v2\/from-article-database?post=36"}],"curies":[{"name":"wp","href":"https:\/\/api.w.org\/{rel}","templated":true}]}}