{"id":103,"date":"2022-11-09T11:08:50","date_gmt":"2022-11-09T09:08:50","guid":{"rendered":"https:\/\/multi-gyn.com\/rebrand-md\/?post_type=product&#038;p=103"},"modified":"2025-09-02T12:56:11","modified_gmt":"2025-09-02T09:56:11","slug":"multi-gyn-femiwash","status":"publish","type":"product","link":"https:\/\/multi-gyn.com\/md\/produs\/multi-gyn-femiwash\/","title":{"rendered":"Multi-Gyn FemiWash"},"content":{"rendered":"\n<div class=\"wp-block-karopharma-accordions is-style-secondary\"><div class=\"container\">\n<details class=\"wp-block-karopharma-accordion\"><summary><h2 class=\"accordion-title\">Pot s\u0103 folosesc Multi-Gyn FemiWash zilnic?<\/h2><\/summary><div class=\"accordion-content\">\n<p>Da, pute\u021bi utiliza Multi-Gyn FemiWash zilnic. Deoarece Multi-Gyn FemiWash este o spum\u0103 concentrat\u0103, nu este nevoie dec\u00e2t de o singur\u0103 pompare pentru fiecare sp\u0103lare.<\/p>\n<\/div><\/details>\n\n\n\n<details class=\"wp-block-karopharma-accordion\"><summary><h2 class=\"accordion-title\">Nu este suficient s\u0103 \u00eemi sp\u0103l zona intim\u0103 doar cu ap\u0103?<\/h2><\/summary><div class=\"accordion-content\">\n<p>Cu c\u00e2t timpul de contact este mai mare, cu at\u00e2t efectul este mai bun. \u00cencerca\u021bi timp de cel pu\u021bin 10 minute \u0219i p\u00e2n\u0103 la o or\u0103.Da, cur\u0103\u021barea cu ap\u0103 ar putea fi suficient\u0103. Pentru o senza\u021bie proasp\u0103t\u0103, majoritatea femeilor prefer\u0103 s\u0103 se spele cu o emulsie. Aceast\u0103 emulsie, la fel ca Multi-Gyn FemiWash, ar trebui s\u0103 fie lipsit\u0103 de orice component iritant, altfel flora natural\u0103 poate fi perturbat\u0103.Cu c\u00e2t timpul de contact este mai mare, cu at\u00e2t efectul este mai bun. \u00cencerca\u021bi timp de cel pu\u021bin 10 minute \u0219i p\u00e2n\u0103 la o or\u0103.<\/p>\n<\/div><\/details>\n\n\n\n<details class=\"wp-block-karopharma-accordion\"><summary><h2 class=\"accordion-title\">C\u00e2t de mult Multi-Gyn FemiWash trebuie s\u0103 folosesc?<\/h2><\/summary><div class=\"accordion-content\">\n<p>Multi-Gyn FemiWash este o spum\u0103 concentrat\u0103, nu este nevoie dec\u00e2t de o singur\u0103 pompare pentru fiecare sp\u0103lare. Prin urmare, o sticl\u0103 cu 100 ml FemiWash este suficient\u0103 pentru aproximativ 100 de aplica\u021bii.<\/p>\n<\/div><\/details>\n\n\n\n<details class=\"wp-block-karopharma-accordion\"><summary><h2 class=\"accordion-title\">Pot folosi Multi-Gyn FemiWash doar la du\u0219?<\/h2><\/summary><div class=\"accordion-content\">\n<p>Nu, pute\u021bi folosi Multi-Gyn FemiWash \u0219i la baie \u00een cad\u0103 sau la utilizarea bideului.<\/p>\n<\/div><\/details>\n<\/div><\/div>\n","protected":false},"excerpt":{"rendered":"","protected":false},"featured_media":108,"comment_status":"closed","ping_status":"closed","template":"","meta":{"_acf_changed":false,"footnotes":""},"product_brand":[],"product_cat":[19],"product_tag":[],"class_list":{"0":"post-103","1":"product","2":"type-product","3":"status-publish","4":"has-post-thumbnail","6":"product_cat-igiena-si-ingrijirea","8":"first","9":"instock","10":"shipping-taxable","11":"product-type-simple"},"acf":[],"yoast_head":"<!-- This site is optimized with the Yoast SEO plugin v26.6 - https:\/\/yoast.com\/wordpress\/plugins\/seo\/ -->\n<title>Multi-Gyn FemiWash - Multi-Gyn<\/title>\n<meta name=\"description\" content=\"Multi-Gyn\u00ae FemiWash cur\u0103\u021b\u0103 delicat \u0219i \u00eemprosp\u0103teaz\u0103 zona intim\u0103 \u0219i este deosebit de potrivit pentru utilizarea cu pielea foarte sensibil\u0103.\" \/>\n<meta name=\"robots\" content=\"index, follow, max-snippet:-1, max-image-preview:large, max-video-preview:-1\" \/>\n<link rel=\"canonical\" href=\"https:\/\/multi-gyn.com\/md\/produs\/multi-gyn-femiwash\/\" \/>\n<meta property=\"og:locale\" content=\"ro_RO\" \/>\n<meta property=\"og:type\" content=\"article\" \/>\n<meta property=\"og:title\" content=\"Multi-Gyn FemiWash - Multi-Gyn\" \/>\n<meta property=\"og:description\" content=\"Multi-Gyn\u00ae FemiWash cur\u0103\u021b\u0103 delicat \u0219i \u00eemprosp\u0103teaz\u0103 zona intim\u0103 \u0219i este deosebit de potrivit pentru utilizarea cu pielea foarte sensibil\u0103.\" \/>\n<meta property=\"og:url\" content=\"https:\/\/multi-gyn.com\/md\/produs\/multi-gyn-femiwash\/\" \/>\n<meta property=\"og:site_name\" content=\"Multi-Gyn\" \/>\n<meta property=\"article:modified_time\" content=\"2025-09-02T09:56:11+00:00\" \/>\n<meta property=\"og:image\" content=\"https:\/\/multi-gyn.com\/app\/uploads\/sites\/29\/2022\/11\/MultiGyn-FemiWash-1.png\" \/>\n\t<meta property=\"og:image:width\" content=\"1024\" \/>\n\t<meta property=\"og:image:height\" content=\"1024\" \/>\n\t<meta property=\"og:image:type\" content=\"image\/png\" \/>\n<meta name=\"twitter:card\" content=\"summary_large_image\" \/>\n<meta name=\"twitter:label1\" content=\"Est. reading time\" \/>\n\t<meta name=\"twitter:data1\" content=\"2 minute\" \/>\n<script type=\"application\/ld+json\" class=\"yoast-schema-graph\">{\"@context\":\"https:\/\/schema.org\",\"@graph\":[{\"@type\":\"WebPage\",\"@id\":\"https:\/\/multi-gyn.com\/md\/produs\/multi-gyn-femiwash\/\",\"url\":\"https:\/\/multi-gyn.com\/md\/produs\/multi-gyn-femiwash\/\",\"name\":\"Multi-Gyn FemiWash - Multi-Gyn\",\"isPartOf\":{\"@id\":\"https:\/\/multi-gyn.com\/md\/#website\"},\"primaryImageOfPage\":{\"@id\":\"https:\/\/multi-gyn.com\/md\/produs\/multi-gyn-femiwash\/#primaryimage\"},\"image\":{\"@id\":\"https:\/\/multi-gyn.com\/md\/produs\/multi-gyn-femiwash\/#primaryimage\"},\"thumbnailUrl\":\"https:\/\/multi-gyn.com\/app\/uploads\/sites\/29\/2022\/11\/MultiGyn-FemiWash-1.png\",\"datePublished\":\"2022-11-09T09:08:50+00:00\",\"dateModified\":\"2025-09-02T09:56:11+00:00\",\"description\":\"Multi-Gyn\u00ae FemiWash cur\u0103\u021b\u0103 delicat \u0219i \u00eemprosp\u0103teaz\u0103 zona intim\u0103 \u0219i este deosebit de potrivit pentru utilizarea cu pielea foarte sensibil\u0103.\",\"breadcrumb\":{\"@id\":\"https:\/\/multi-gyn.com\/md\/produs\/multi-gyn-femiwash\/#breadcrumb\"},\"inLanguage\":\"ro-RO\",\"potentialAction\":[{\"@type\":\"ReadAction\",\"target\":[\"https:\/\/multi-gyn.com\/md\/produs\/multi-gyn-femiwash\/\"]}]},{\"@type\":\"ImageObject\",\"inLanguage\":\"ro-RO\",\"@id\":\"https:\/\/multi-gyn.com\/md\/produs\/multi-gyn-femiwash\/#primaryimage\",\"url\":\"https:\/\/multi-gyn.com\/app\/uploads\/sites\/29\/2022\/11\/MultiGyn-FemiWash-1.png\",\"contentUrl\":\"https:\/\/multi-gyn.com\/app\/uploads\/sites\/29\/2022\/11\/MultiGyn-FemiWash-1.png\",\"width\":1024,\"height\":1024,\"caption\":\"Multi-Gyn FemiWash\"},{\"@type\":\"BreadcrumbList\",\"@id\":\"https:\/\/multi-gyn.com\/md\/produs\/multi-gyn-femiwash\/#breadcrumb\",\"itemListElement\":[{\"@type\":\"ListItem\",\"position\":1,\"name\":\"Home\",\"item\":\"https:\/\/multi-gyn.com\/md\/\"},{\"@type\":\"ListItem\",\"position\":2,\"name\":\"Produsele\",\"item\":\"https:\/\/multi-gyn.com\/md\/produsele\/\"},{\"@type\":\"ListItem\",\"position\":3,\"name\":\"Multi-Gyn FemiWash\"}]},{\"@type\":\"WebSite\",\"@id\":\"https:\/\/multi-gyn.com\/md\/#website\",\"url\":\"https:\/\/multi-gyn.com\/md\/\",\"name\":\"Multi-Gyn\",\"description\":\"\",\"publisher\":{\"@id\":\"https:\/\/multi-gyn.com\/md\/#organization\"},\"potentialAction\":[{\"@type\":\"SearchAction\",\"target\":{\"@type\":\"EntryPoint\",\"urlTemplate\":\"https:\/\/multi-gyn.com\/md\/?s={search_term_string}\"},\"query-input\":{\"@type\":\"PropertyValueSpecification\",\"valueRequired\":true,\"valueName\":\"search_term_string\"}}],\"inLanguage\":\"ro-RO\"},{\"@type\":\"Organization\",\"@id\":\"https:\/\/multi-gyn.com\/md\/#organization\",\"name\":\"Multi-Gyn\",\"url\":\"https:\/\/multi-gyn.com\/md\/\",\"logo\":{\"@type\":\"ImageObject\",\"inLanguage\":\"ro-RO\",\"@id\":\"https:\/\/multi-gyn.com\/md\/#\/schema\/logo\/image\/\",\"url\":\"https:\/\/multi-gyn.com\/app\/uploads\/sites\/29\/2022\/11\/multi-gyn-logo.png\",\"contentUrl\":\"https:\/\/multi-gyn.com\/app\/uploads\/sites\/29\/2022\/11\/multi-gyn-logo.png\",\"width\":149,\"height\":32,\"caption\":\"Multi-Gyn\"},\"image\":{\"@id\":\"https:\/\/multi-gyn.com\/md\/#\/schema\/logo\/image\/\"}}]}<\/script>\n<!-- \/ Yoast SEO plugin. -->","yoast_head_json":{"title":"Multi-Gyn FemiWash - Multi-Gyn","description":"Multi-Gyn\u00ae FemiWash cur\u0103\u021b\u0103 delicat \u0219i \u00eemprosp\u0103teaz\u0103 zona intim\u0103 \u0219i este deosebit de potrivit pentru utilizarea cu pielea foarte sensibil\u0103.","robots":{"index":"index","follow":"follow","max-snippet":"max-snippet:-1","max-image-preview":"max-image-preview:large","max-video-preview":"max-video-preview:-1"},"canonical":"https:\/\/multi-gyn.com\/md\/produs\/multi-gyn-femiwash\/","og_locale":"ro_RO","og_type":"article","og_title":"Multi-Gyn FemiWash - Multi-Gyn","og_description":"Multi-Gyn\u00ae FemiWash cur\u0103\u021b\u0103 delicat \u0219i \u00eemprosp\u0103teaz\u0103 zona intim\u0103 \u0219i este deosebit de potrivit pentru utilizarea cu pielea foarte sensibil\u0103.","og_url":"https:\/\/multi-gyn.com\/md\/produs\/multi-gyn-femiwash\/","og_site_name":"Multi-Gyn","article_modified_time":"2025-09-02T09:56:11+00:00","og_image":[{"width":1024,"height":1024,"url":"https:\/\/multi-gyn.com\/app\/uploads\/sites\/29\/2022\/11\/MultiGyn-FemiWash-1.png","type":"image\/png"}],"twitter_card":"summary_large_image","twitter_misc":{"Est. reading time":"2 minute"},"schema":{"@context":"https:\/\/schema.org","@graph":[{"@type":"WebPage","@id":"https:\/\/multi-gyn.com\/md\/produs\/multi-gyn-femiwash\/","url":"https:\/\/multi-gyn.com\/md\/produs\/multi-gyn-femiwash\/","name":"Multi-Gyn FemiWash - Multi-Gyn","isPartOf":{"@id":"https:\/\/multi-gyn.com\/md\/#website"},"primaryImageOfPage":{"@id":"https:\/\/multi-gyn.com\/md\/produs\/multi-gyn-femiwash\/#primaryimage"},"image":{"@id":"https:\/\/multi-gyn.com\/md\/produs\/multi-gyn-femiwash\/#primaryimage"},"thumbnailUrl":"https:\/\/multi-gyn.com\/app\/uploads\/sites\/29\/2022\/11\/MultiGyn-FemiWash-1.png","datePublished":"2022-11-09T09:08:50+00:00","dateModified":"2025-09-02T09:56:11+00:00","description":"Multi-Gyn\u00ae FemiWash cur\u0103\u021b\u0103 delicat \u0219i \u00eemprosp\u0103teaz\u0103 zona intim\u0103 \u0219i este deosebit de potrivit pentru utilizarea cu pielea foarte sensibil\u0103.","breadcrumb":{"@id":"https:\/\/multi-gyn.com\/md\/produs\/multi-gyn-femiwash\/#breadcrumb"},"inLanguage":"ro-RO","potentialAction":[{"@type":"ReadAction","target":["https:\/\/multi-gyn.com\/md\/produs\/multi-gyn-femiwash\/"]}]},{"@type":"ImageObject","inLanguage":"ro-RO","@id":"https:\/\/multi-gyn.com\/md\/produs\/multi-gyn-femiwash\/#primaryimage","url":"https:\/\/multi-gyn.com\/app\/uploads\/sites\/29\/2022\/11\/MultiGyn-FemiWash-1.png","contentUrl":"https:\/\/multi-gyn.com\/app\/uploads\/sites\/29\/2022\/11\/MultiGyn-FemiWash-1.png","width":1024,"height":1024,"caption":"Multi-Gyn FemiWash"},{"@type":"BreadcrumbList","@id":"https:\/\/multi-gyn.com\/md\/produs\/multi-gyn-femiwash\/#breadcrumb","itemListElement":[{"@type":"ListItem","position":1,"name":"Home","item":"https:\/\/multi-gyn.com\/md\/"},{"@type":"ListItem","position":2,"name":"Produsele","item":"https:\/\/multi-gyn.com\/md\/produsele\/"},{"@type":"ListItem","position":3,"name":"Multi-Gyn FemiWash"}]},{"@type":"WebSite","@id":"https:\/\/multi-gyn.com\/md\/#website","url":"https:\/\/multi-gyn.com\/md\/","name":"Multi-Gyn","description":"","publisher":{"@id":"https:\/\/multi-gyn.com\/md\/#organization"},"potentialAction":[{"@type":"SearchAction","target":{"@type":"EntryPoint","urlTemplate":"https:\/\/multi-gyn.com\/md\/?s={search_term_string}"},"query-input":{"@type":"PropertyValueSpecification","valueRequired":true,"valueName":"search_term_string"}}],"inLanguage":"ro-RO"},{"@type":"Organization","@id":"https:\/\/multi-gyn.com\/md\/#organization","name":"Multi-Gyn","url":"https:\/\/multi-gyn.com\/md\/","logo":{"@type":"ImageObject","inLanguage":"ro-RO","@id":"https:\/\/multi-gyn.com\/md\/#\/schema\/logo\/image\/","url":"https:\/\/multi-gyn.com\/app\/uploads\/sites\/29\/2022\/11\/multi-gyn-logo.png","contentUrl":"https:\/\/multi-gyn.com\/app\/uploads\/sites\/29\/2022\/11\/multi-gyn-logo.png","width":149,"height":32,"caption":"Multi-Gyn"},"image":{"@id":"https:\/\/multi-gyn.com\/md\/#\/schema\/logo\/image\/"}}]}},"_links":{"self":[{"href":"https:\/\/multi-gyn.com\/md\/wp-json\/wp\/v2\/product\/103","targetHints":{"allow":["GET"]}}],"collection":[{"href":"https:\/\/multi-gyn.com\/md\/wp-json\/wp\/v2\/product"}],"about":[{"href":"https:\/\/multi-gyn.com\/md\/wp-json\/wp\/v2\/types\/product"}],"replies":[{"embeddable":true,"href":"https:\/\/multi-gyn.com\/md\/wp-json\/wp\/v2\/comments?post=103"}],"version-history":[{"count":5,"href":"https:\/\/multi-gyn.com\/md\/wp-json\/wp\/v2\/product\/103\/revisions"}],"predecessor-version":[{"id":505,"href":"https:\/\/multi-gyn.com\/md\/wp-json\/wp\/v2\/product\/103\/revisions\/505"}],"wp:featuredmedia":[{"embeddable":true,"href":"https:\/\/multi-gyn.com\/md\/wp-json\/wp\/v2\/media\/108"}],"wp:attachment":[{"href":"https:\/\/multi-gyn.com\/md\/wp-json\/wp\/v2\/media?parent=103"}],"wp:term":[{"taxonomy":"product_brand","embeddable":true,"href":"https:\/\/multi-gyn.com\/md\/wp-json\/wp\/v2\/product_brand?post=103"},{"taxonomy":"product_cat","embeddable":true,"href":"https:\/\/multi-gyn.com\/md\/wp-json\/wp\/v2\/product_cat?post=103"},{"taxonomy":"product_tag","embeddable":true,"href":"https:\/\/multi-gyn.com\/md\/wp-json\/wp\/v2\/product_tag?post=103"}],"curies":[{"name":"wp","href":"https:\/\/api.w.org\/{rel}","templated":true}]}}