{"id":72,"date":"2022-11-09T09:45:42","date_gmt":"2022-11-09T07:45:42","guid":{"rendered":"https:\/\/multi-gyn.com\/rebrand-md\/?post_type=product&#038;p=72"},"modified":"2025-09-02T12:58:00","modified_gmt":"2025-09-02T09:58:00","slug":"multi-gyn-actigel","status":"publish","type":"product","link":"https:\/\/multi-gyn.com\/md\/produs\/multi-gyn-actigel\/","title":{"rendered":"Multi-Gyn ActiGel"},"content":{"rendered":"\n<div class=\"wp-block-karopharma-accordions is-style-secondary\"><div class=\"container\">\n<details class=\"wp-block-karopharma-accordion\"><summary><h2 class=\"accordion-title\">C\u00e2t de des trebuie s\u0103 folosesc Multi-Gyn ActiGel?<\/h2><\/summary><div class=\"accordion-content\">\n<p>Pentru tratamentul disconforturilor vaginale, v\u0103 sf\u0103tuim s\u0103 utiliza\u021bi Multi-Gyn ActiGel de dou\u0103 ori pe zi timp de 5 zile consecutiv. Cu toate acestea, pute\u021bi utiliza Multi-Gyn ActiGel ori de c\u00e2te ori dori\u021bi o ameliorare. Multi-Gyn ActiGel nu trebuie utilizat mai mult de 30 de zile consecutive pentru a permite florei vaginale s\u0103 se stabileasc\u0103 de la sine.<\/p>\n<\/div><\/details>\n\n\n\n<details class=\"wp-block-karopharma-accordion\"><summary><h2 class=\"accordion-title\">C\u00e2nd voi sim\u021bi efectul?<\/h2><\/summary><div class=\"accordion-content\">\n<p>Pute\u021bi sim\u021bi un efect imediat, \u00een special asupra simptomelor precum irita\u021bia sau m\u00e2nc\u0103rimea. Cu toate acestea, acest lucru poate fi diferit pentru fiecare persoan\u0103.<\/p>\n<\/div><\/details>\n\n\n\n<details class=\"wp-block-karopharma-accordion\"><summary><h2 class=\"accordion-title\">Multi-Gyn ActiGel are efecte secundare?<\/h2><\/summary><div class=\"accordion-content\">\n<p>Nu, produsul nu are efecte secundare cunoscute.<\/p>\n<\/div><\/details>\n\n\n\n<details class=\"wp-block-karopharma-accordion\"><summary><h2 class=\"accordion-title\">Disconfortul a disp\u0103rut, trebuie s\u0103 folosesc Multi-Gyn ActiGel \u00een continuare?<\/h2><\/summary><div class=\"accordion-content\">\n<p>Nu, nu este nevoie s\u0103 utiliza\u021bi continuu Multi-Gyn ActiGel. Dac\u0103 dori\u021bi, pute\u021bi utiliza Multi-Gyn ActiGel de c\u00e2teva ori pe s\u0103pt\u0103m\u00e2n\u0103.<\/p>\n<\/div><\/details>\n\n\n\n<details class=\"wp-block-karopharma-accordion\"><summary><h2 class=\"accordion-title\">Multi-Gyn ActiGel afecteaz\u0103 efectul antibioticelor?<\/h2><\/summary><div class=\"accordion-content\">\n<p>Nu, Multi-Gyn ActiGel nu afecteaz\u0103 antibioticele \u00een mod negativ. De fapt, v\u0103 sf\u0103tuim s\u0103 utiliza\u021bi Multi-Gyn ActiGel \u00een timpul sau dup\u0103 utilizarea oric\u0103rui tratament cu antibiotice.<\/p>\n<\/div><\/details>\n\n\n\n<details class=\"wp-block-karopharma-accordion\"><summary><h2 class=\"accordion-title\">Este necesar s\u0103 folosesc \u00eentrgul tub?<\/h2><\/summary><div class=\"accordion-content\">\n<p>Pentru a trata vaginoza bacterian\u0103, trebuie s\u0103 utiliza\u021bi Multi-Gyn ActiGel cel pu\u021bin de dou\u0103 ori pe zi timp de 5 zile consecutiv. Dac\u0103 disconfortul dvs. a disp\u0103rut dup\u0103 acele 5 zile, nu este nevoie s\u0103 folosi\u021bi tubul complet.<\/p>\n<\/div><\/details>\n<\/div><\/div>\n","protected":false},"excerpt":{"rendered":"","protected":false},"featured_media":83,"comment_status":"closed","ping_status":"closed","template":"","meta":{"_acf_changed":false,"footnotes":""},"product_brand":[],"product_cat":[18],"product_tag":[],"class_list":{"0":"post-72","1":"product","2":"type-product","3":"status-publish","4":"has-post-thumbnail","6":"product_cat-tratament","8":"first","9":"instock","10":"shipping-taxable","11":"product-type-simple"},"acf":[],"yoast_head":"<!-- This site is optimized with the Yoast SEO plugin v26.6 - https:\/\/yoast.com\/wordpress\/plugins\/seo\/ -->\n<title>Multi-Gyn ActiGel - Multi-Gyn<\/title>\n<meta name=\"description\" content=\"Multi-Gyn ActiGel trateaz\u0103 vaginoza bacterian\u0103 \u0219i simptomele sale asociate, cum ar fi scurgerile nedorite \u0219i mirosul. Trateaz\u0103 cu Multi-Gyn Acti-Gel pentru a ob\u021bine o ameliorare direct\u0103.\" \/>\n<meta name=\"robots\" content=\"index, follow, max-snippet:-1, max-image-preview:large, max-video-preview:-1\" \/>\n<link rel=\"canonical\" href=\"https:\/\/multi-gyn.com\/md\/produs\/multi-gyn-actigel\/\" \/>\n<meta property=\"og:locale\" content=\"ro_RO\" \/>\n<meta property=\"og:type\" content=\"article\" \/>\n<meta property=\"og:title\" content=\"Multi-Gyn ActiGel - Multi-Gyn\" \/>\n<meta property=\"og:description\" content=\"Multi-Gyn ActiGel trateaz\u0103 vaginoza bacterian\u0103 \u0219i simptomele sale asociate, cum ar fi scurgerile nedorite \u0219i mirosul. Trateaz\u0103 cu Multi-Gyn Acti-Gel pentru a ob\u021bine o ameliorare direct\u0103.\" \/>\n<meta property=\"og:url\" content=\"https:\/\/multi-gyn.com\/md\/produs\/multi-gyn-actigel\/\" \/>\n<meta property=\"og:site_name\" content=\"Multi-Gyn\" \/>\n<meta property=\"article:modified_time\" content=\"2025-09-02T09:58:00+00:00\" \/>\n<meta property=\"og:image\" content=\"https:\/\/multi-gyn.com\/app\/uploads\/sites\/29\/2022\/11\/Multi-Gyn-ActiGel-1.png\" \/>\n\t<meta property=\"og:image:width\" content=\"1024\" \/>\n\t<meta property=\"og:image:height\" content=\"1024\" \/>\n\t<meta property=\"og:image:type\" content=\"image\/png\" \/>\n<meta name=\"twitter:card\" content=\"summary_large_image\" \/>\n<meta name=\"twitter:label1\" content=\"Est. reading time\" \/>\n\t<meta name=\"twitter:data1\" content=\"2 minute\" \/>\n<script type=\"application\/ld+json\" class=\"yoast-schema-graph\">{\"@context\":\"https:\/\/schema.org\",\"@graph\":[{\"@type\":\"WebPage\",\"@id\":\"https:\/\/multi-gyn.com\/md\/produs\/multi-gyn-actigel\/\",\"url\":\"https:\/\/multi-gyn.com\/md\/produs\/multi-gyn-actigel\/\",\"name\":\"Multi-Gyn ActiGel - Multi-Gyn\",\"isPartOf\":{\"@id\":\"https:\/\/multi-gyn.com\/md\/#website\"},\"primaryImageOfPage\":{\"@id\":\"https:\/\/multi-gyn.com\/md\/produs\/multi-gyn-actigel\/#primaryimage\"},\"image\":{\"@id\":\"https:\/\/multi-gyn.com\/md\/produs\/multi-gyn-actigel\/#primaryimage\"},\"thumbnailUrl\":\"https:\/\/multi-gyn.com\/app\/uploads\/sites\/29\/2022\/11\/Multi-Gyn-ActiGel-1.png\",\"datePublished\":\"2022-11-09T07:45:42+00:00\",\"dateModified\":\"2025-09-02T09:58:00+00:00\",\"description\":\"Multi-Gyn ActiGel trateaz\u0103 vaginoza bacterian\u0103 \u0219i simptomele sale asociate, cum ar fi scurgerile nedorite \u0219i mirosul. Trateaz\u0103 cu Multi-Gyn Acti-Gel pentru a ob\u021bine o ameliorare direct\u0103.\",\"breadcrumb\":{\"@id\":\"https:\/\/multi-gyn.com\/md\/produs\/multi-gyn-actigel\/#breadcrumb\"},\"inLanguage\":\"ro-RO\",\"potentialAction\":[{\"@type\":\"ReadAction\",\"target\":[\"https:\/\/multi-gyn.com\/md\/produs\/multi-gyn-actigel\/\"]}]},{\"@type\":\"ImageObject\",\"inLanguage\":\"ro-RO\",\"@id\":\"https:\/\/multi-gyn.com\/md\/produs\/multi-gyn-actigel\/#primaryimage\",\"url\":\"https:\/\/multi-gyn.com\/app\/uploads\/sites\/29\/2022\/11\/Multi-Gyn-ActiGel-1.png\",\"contentUrl\":\"https:\/\/multi-gyn.com\/app\/uploads\/sites\/29\/2022\/11\/Multi-Gyn-ActiGel-1.png\",\"width\":1024,\"height\":1024,\"caption\":\"Multi-Gyn ActiGel\"},{\"@type\":\"BreadcrumbList\",\"@id\":\"https:\/\/multi-gyn.com\/md\/produs\/multi-gyn-actigel\/#breadcrumb\",\"itemListElement\":[{\"@type\":\"ListItem\",\"position\":1,\"name\":\"Home\",\"item\":\"https:\/\/multi-gyn.com\/md\/\"},{\"@type\":\"ListItem\",\"position\":2,\"name\":\"Produsele\",\"item\":\"https:\/\/multi-gyn.com\/md\/produsele\/\"},{\"@type\":\"ListItem\",\"position\":3,\"name\":\"Multi-Gyn ActiGel\"}]},{\"@type\":\"WebSite\",\"@id\":\"https:\/\/multi-gyn.com\/md\/#website\",\"url\":\"https:\/\/multi-gyn.com\/md\/\",\"name\":\"Multi-Gyn\",\"description\":\"\",\"publisher\":{\"@id\":\"https:\/\/multi-gyn.com\/md\/#organization\"},\"potentialAction\":[{\"@type\":\"SearchAction\",\"target\":{\"@type\":\"EntryPoint\",\"urlTemplate\":\"https:\/\/multi-gyn.com\/md\/?s={search_term_string}\"},\"query-input\":{\"@type\":\"PropertyValueSpecification\",\"valueRequired\":true,\"valueName\":\"search_term_string\"}}],\"inLanguage\":\"ro-RO\"},{\"@type\":\"Organization\",\"@id\":\"https:\/\/multi-gyn.com\/md\/#organization\",\"name\":\"Multi-Gyn\",\"url\":\"https:\/\/multi-gyn.com\/md\/\",\"logo\":{\"@type\":\"ImageObject\",\"inLanguage\":\"ro-RO\",\"@id\":\"https:\/\/multi-gyn.com\/md\/#\/schema\/logo\/image\/\",\"url\":\"https:\/\/multi-gyn.com\/app\/uploads\/sites\/29\/2022\/11\/multi-gyn-logo.png\",\"contentUrl\":\"https:\/\/multi-gyn.com\/app\/uploads\/sites\/29\/2022\/11\/multi-gyn-logo.png\",\"width\":149,\"height\":32,\"caption\":\"Multi-Gyn\"},\"image\":{\"@id\":\"https:\/\/multi-gyn.com\/md\/#\/schema\/logo\/image\/\"}}]}<\/script>\n<!-- \/ Yoast SEO plugin. -->","yoast_head_json":{"title":"Multi-Gyn ActiGel - Multi-Gyn","description":"Multi-Gyn ActiGel trateaz\u0103 vaginoza bacterian\u0103 \u0219i simptomele sale asociate, cum ar fi scurgerile nedorite \u0219i mirosul. Trateaz\u0103 cu Multi-Gyn Acti-Gel pentru a ob\u021bine o ameliorare direct\u0103.","robots":{"index":"index","follow":"follow","max-snippet":"max-snippet:-1","max-image-preview":"max-image-preview:large","max-video-preview":"max-video-preview:-1"},"canonical":"https:\/\/multi-gyn.com\/md\/produs\/multi-gyn-actigel\/","og_locale":"ro_RO","og_type":"article","og_title":"Multi-Gyn ActiGel - Multi-Gyn","og_description":"Multi-Gyn ActiGel trateaz\u0103 vaginoza bacterian\u0103 \u0219i simptomele sale asociate, cum ar fi scurgerile nedorite \u0219i mirosul. Trateaz\u0103 cu Multi-Gyn Acti-Gel pentru a ob\u021bine o ameliorare direct\u0103.","og_url":"https:\/\/multi-gyn.com\/md\/produs\/multi-gyn-actigel\/","og_site_name":"Multi-Gyn","article_modified_time":"2025-09-02T09:58:00+00:00","og_image":[{"width":1024,"height":1024,"url":"https:\/\/multi-gyn.com\/app\/uploads\/sites\/29\/2022\/11\/Multi-Gyn-ActiGel-1.png","type":"image\/png"}],"twitter_card":"summary_large_image","twitter_misc":{"Est. reading time":"2 minute"},"schema":{"@context":"https:\/\/schema.org","@graph":[{"@type":"WebPage","@id":"https:\/\/multi-gyn.com\/md\/produs\/multi-gyn-actigel\/","url":"https:\/\/multi-gyn.com\/md\/produs\/multi-gyn-actigel\/","name":"Multi-Gyn ActiGel - Multi-Gyn","isPartOf":{"@id":"https:\/\/multi-gyn.com\/md\/#website"},"primaryImageOfPage":{"@id":"https:\/\/multi-gyn.com\/md\/produs\/multi-gyn-actigel\/#primaryimage"},"image":{"@id":"https:\/\/multi-gyn.com\/md\/produs\/multi-gyn-actigel\/#primaryimage"},"thumbnailUrl":"https:\/\/multi-gyn.com\/app\/uploads\/sites\/29\/2022\/11\/Multi-Gyn-ActiGel-1.png","datePublished":"2022-11-09T07:45:42+00:00","dateModified":"2025-09-02T09:58:00+00:00","description":"Multi-Gyn ActiGel trateaz\u0103 vaginoza bacterian\u0103 \u0219i simptomele sale asociate, cum ar fi scurgerile nedorite \u0219i mirosul. Trateaz\u0103 cu Multi-Gyn Acti-Gel pentru a ob\u021bine o ameliorare direct\u0103.","breadcrumb":{"@id":"https:\/\/multi-gyn.com\/md\/produs\/multi-gyn-actigel\/#breadcrumb"},"inLanguage":"ro-RO","potentialAction":[{"@type":"ReadAction","target":["https:\/\/multi-gyn.com\/md\/produs\/multi-gyn-actigel\/"]}]},{"@type":"ImageObject","inLanguage":"ro-RO","@id":"https:\/\/multi-gyn.com\/md\/produs\/multi-gyn-actigel\/#primaryimage","url":"https:\/\/multi-gyn.com\/app\/uploads\/sites\/29\/2022\/11\/Multi-Gyn-ActiGel-1.png","contentUrl":"https:\/\/multi-gyn.com\/app\/uploads\/sites\/29\/2022\/11\/Multi-Gyn-ActiGel-1.png","width":1024,"height":1024,"caption":"Multi-Gyn ActiGel"},{"@type":"BreadcrumbList","@id":"https:\/\/multi-gyn.com\/md\/produs\/multi-gyn-actigel\/#breadcrumb","itemListElement":[{"@type":"ListItem","position":1,"name":"Home","item":"https:\/\/multi-gyn.com\/md\/"},{"@type":"ListItem","position":2,"name":"Produsele","item":"https:\/\/multi-gyn.com\/md\/produsele\/"},{"@type":"ListItem","position":3,"name":"Multi-Gyn ActiGel"}]},{"@type":"WebSite","@id":"https:\/\/multi-gyn.com\/md\/#website","url":"https:\/\/multi-gyn.com\/md\/","name":"Multi-Gyn","description":"","publisher":{"@id":"https:\/\/multi-gyn.com\/md\/#organization"},"potentialAction":[{"@type":"SearchAction","target":{"@type":"EntryPoint","urlTemplate":"https:\/\/multi-gyn.com\/md\/?s={search_term_string}"},"query-input":{"@type":"PropertyValueSpecification","valueRequired":true,"valueName":"search_term_string"}}],"inLanguage":"ro-RO"},{"@type":"Organization","@id":"https:\/\/multi-gyn.com\/md\/#organization","name":"Multi-Gyn","url":"https:\/\/multi-gyn.com\/md\/","logo":{"@type":"ImageObject","inLanguage":"ro-RO","@id":"https:\/\/multi-gyn.com\/md\/#\/schema\/logo\/image\/","url":"https:\/\/multi-gyn.com\/app\/uploads\/sites\/29\/2022\/11\/multi-gyn-logo.png","contentUrl":"https:\/\/multi-gyn.com\/app\/uploads\/sites\/29\/2022\/11\/multi-gyn-logo.png","width":149,"height":32,"caption":"Multi-Gyn"},"image":{"@id":"https:\/\/multi-gyn.com\/md\/#\/schema\/logo\/image\/"}}]}},"_links":{"self":[{"href":"https:\/\/multi-gyn.com\/md\/wp-json\/wp\/v2\/product\/72","targetHints":{"allow":["GET"]}}],"collection":[{"href":"https:\/\/multi-gyn.com\/md\/wp-json\/wp\/v2\/product"}],"about":[{"href":"https:\/\/multi-gyn.com\/md\/wp-json\/wp\/v2\/types\/product"}],"replies":[{"embeddable":true,"href":"https:\/\/multi-gyn.com\/md\/wp-json\/wp\/v2\/comments?post=72"}],"version-history":[{"count":6,"href":"https:\/\/multi-gyn.com\/md\/wp-json\/wp\/v2\/product\/72\/revisions"}],"predecessor-version":[{"id":508,"href":"https:\/\/multi-gyn.com\/md\/wp-json\/wp\/v2\/product\/72\/revisions\/508"}],"wp:featuredmedia":[{"embeddable":true,"href":"https:\/\/multi-gyn.com\/md\/wp-json\/wp\/v2\/media\/83"}],"wp:attachment":[{"href":"https:\/\/multi-gyn.com\/md\/wp-json\/wp\/v2\/media?parent=72"}],"wp:term":[{"taxonomy":"product_brand","embeddable":true,"href":"https:\/\/multi-gyn.com\/md\/wp-json\/wp\/v2\/product_brand?post=72"},{"taxonomy":"product_cat","embeddable":true,"href":"https:\/\/multi-gyn.com\/md\/wp-json\/wp\/v2\/product_cat?post=72"},{"taxonomy":"product_tag","embeddable":true,"href":"https:\/\/multi-gyn.com\/md\/wp-json\/wp\/v2\/product_tag?post=72"}],"curies":[{"name":"wp","href":"https:\/\/api.w.org\/{rel}","templated":true}]}}