{"id":103,"date":"2024-01-02T14:38:14","date_gmt":"2024-01-02T14:38:14","guid":{"rendered":"https:\/\/multi-gyn.com\/me\/multi-gyn\/"},"modified":"2026-03-13T12:11:31","modified_gmt":"2026-03-13T11:11:31","slug":"multi-gyn-2","status":"publish","type":"page","link":"https:\/\/multi-gyn.com\/me\/","title":{"rendered":"Multi-Gyn"},"content":{"rendered":"\n<div class=\"wp-block-karopharma-free-text pt-large pb-large bg-top bg-cover bg-no-repeat\" style=\"background-image:url(https:\/\/multi-gyn.com\/cdn-cgi\/image\/format=auto\/app\/uploads\/sites\/50\/2025\/10\/Multi-Gyn_1920x750_Banner_About.jpg)\"><div class=\"free-text-wrapper container max-w-small text-left\">\n<div style=\"height:500px\" aria-hidden=\"true\" class=\"wp-block-spacer is-style-responsive-medium\"><\/div>\n\n\n\n<h1 class=\"wp-block-heading has-text-align-center is-style-heading-huge has-white-color has-text-color\">Povratak savr\u0161enstvu uz Multi-Gyn<\/h1>\n\n\n\n<div style=\"height:500px\" aria-hidden=\"true\" class=\"wp-block-spacer is-style-responsive-medium\"><\/div>\n<\/div><\/div>\n\n\n\n<div class=\"wp-block-karopharma-free-text pt-large pb-large bg-center bg-cover bg-no-repeat\" style=\"background-image:url()\"><div class=\"free-text-wrapper container max-w-medium text-left\">\n<p class=\"is-style-paragraph-preamble\">Od neprijatnog mirisa do svraba, od suvo\u0107e do poja\u010danog sekreta, Multi-Gyn asortiman proizvoda na prirodnoj bazi, klini\u010dki dokazano smanjuje nelagodnosti u intimnom podru\u010dju koje su uzrokovane bakterijskom ili gljivi\u010dnom vaginalnom infekcijom, vra\u0107aju\u0107i vas u savr\u0161eno intimno zdravlje.<\/p>\n<\/div><\/div>\n\n\n\n<div class=\"wp-block-karopharma-free-text pt-large pb-small bg-center bg-cover bg-no-repeat  is-style-primary\" style=\"background-image:url()\"><div class=\"free-text-wrapper container max-w-medium text-left\">\n<h2 class=\"wp-block-heading\">Na\u0161i proizvodi<\/h2>\n\n\n\n<p class=\"is-style-paragraph-preamble\">Na prirodnoj bazi, bez hormona. Klini\u010dki dokazano smanjuju vaginalne tegobe.<\/p>\n<\/div><\/div>\n\n\n<div class=\"product-list wp-block-karopharma-product-list is-style-primary\" data-testid=\"product-list\">\n      <div class=\"swiper-container\">\n      <div class=\"swiper\">\n        <div class=\"swiper-wrapper\">\n                      <div class=\"swiper-slide\">\n              <div class=\"product-card\" data-testid=\"product-card\">\n  <a\n    href=https:\/\/multi-gyn.com\/me\/product\/multi-gyn-femiwash\/\n    class=\"product-card-link\"\n    title=\"Multi-Gyn FemiWash\"\n  >\n  <figure class=\"product-card-image\" data-testid=\"product-image\">\n                          <img decoding=\"async\" src=\"https:\/\/multi-gyn.com\/cdn-cgi\/image\/width=700,format=auto\/app\/uploads\/sites\/50\/2024\/01\/MultiGyn-FemiWash.png\"\n        srcset=\"https:\/\/multi-gyn.com\/cdn-cgi\/image\/width=250,format=auto\/app\/uploads\/sites\/50\/2024\/01\/MultiGyn-FemiWash.png 250w,\n                https:\/\/multi-gyn.com\/cdn-cgi\/image\/width=500,format=auto\/app\/uploads\/sites\/50\/2024\/01\/MultiGyn-FemiWash.png 500w,\n                https:\/\/multi-gyn.com\/cdn-cgi\/image\/width=700,format=auto\/app\/uploads\/sites\/50\/2024\/01\/MultiGyn-FemiWash.png 700w\"\n        sizes=\"(max-width: 400px) 250px, (max-width: 800px) 500px, 700px\"\n        alt=\"Multi-Gyn FemiWash\"\n        class=\"img\">\n            <\/figure>\n    <div class=\"product-card-content\">\n      <div class=\"heading-wrapper\">\n        <h2 class=\"heading\">Multi-Gyn FemiWash<\/h2>\n      <\/div>\n      <div class=\"product-card-description\"><\/div>\n                      <\/div>\n  <\/a>\n      <div class=\"button-wrapper\">\n    <a\n      href=https:\/\/multi-gyn.com\/me\/product\/multi-gyn-femiwash\/\n      target=_self\n      class=\"theme-button button-primary-color rounded-button\"\n      rel=\"noopener\"\n      title=\"Pro\u010ditaj vi\u0161e\"\n    >\n       Pro\u010ditaj vi\u0161e\n    <\/a>\n<\/div>  <\/div>\n            <\/div>\n                      <div class=\"swiper-slide\">\n              <div class=\"product-card\" data-testid=\"product-card\">\n  <a\n    href=https:\/\/multi-gyn.com\/me\/product\/multi-gyn-vaginalni-irigator-i-tablete\/\n    class=\"product-card-link\"\n    title=\"Multi-Gyn Vaginalni Irigator i Tablete\"\n  >\n  <figure class=\"product-card-image\" data-testid=\"product-image\">\n                          <img decoding=\"async\" src=\"https:\/\/multi-gyn.com\/cdn-cgi\/image\/width=700,format=auto\/app\/uploads\/sites\/50\/2024\/01\/Multi-Gyn-VaginalDouche.png\"\n        srcset=\"https:\/\/multi-gyn.com\/cdn-cgi\/image\/width=250,format=auto\/app\/uploads\/sites\/50\/2024\/01\/Multi-Gyn-VaginalDouche.png 250w,\n                https:\/\/multi-gyn.com\/cdn-cgi\/image\/width=500,format=auto\/app\/uploads\/sites\/50\/2024\/01\/Multi-Gyn-VaginalDouche.png 500w,\n                https:\/\/multi-gyn.com\/cdn-cgi\/image\/width=700,format=auto\/app\/uploads\/sites\/50\/2024\/01\/Multi-Gyn-VaginalDouche.png 700w\"\n        sizes=\"(max-width: 400px) 250px, (max-width: 800px) 500px, 700px\"\n        alt=\"Multi-Gyn-VaginalDouche\"\n        class=\"img\">\n            <\/figure>\n    <div class=\"product-card-content\">\n      <div class=\"heading-wrapper\">\n        <h2 class=\"heading\">Multi-Gyn Vaginalni Irigator i Tablete<\/h2>\n      <\/div>\n      <div class=\"product-card-description\"><\/div>\n                      <\/div>\n  <\/a>\n      <div class=\"button-wrapper\">\n    <a\n      href=https:\/\/multi-gyn.com\/me\/product\/multi-gyn-vaginalni-irigator-i-tablete\/\n      target=_self\n      class=\"theme-button button-primary-color rounded-button\"\n      rel=\"noopener\"\n      title=\"Pro\u010ditaj vi\u0161e\"\n    >\n       Pro\u010ditaj vi\u0161e\n    <\/a>\n<\/div>  <\/div>\n            <\/div>\n                      <div class=\"swiper-slide\">\n              <div class=\"product-card\" data-testid=\"product-card\">\n  <a\n    href=https:\/\/multi-gyn.com\/me\/product\/multi-gyn-floraplus\/\n    class=\"product-card-link\"\n    title=\"Multi-Gyn FloraPlus\"\n  >\n  <figure class=\"product-card-image\" data-testid=\"product-image\">\n                          <img decoding=\"async\" src=\"https:\/\/multi-gyn.com\/cdn-cgi\/image\/width=700,format=auto\/app\/uploads\/sites\/50\/2024\/01\/MultiGyn-FloraPlus.png\"\n        srcset=\"https:\/\/multi-gyn.com\/cdn-cgi\/image\/width=250,format=auto\/app\/uploads\/sites\/50\/2024\/01\/MultiGyn-FloraPlus.png 250w,\n                https:\/\/multi-gyn.com\/cdn-cgi\/image\/width=500,format=auto\/app\/uploads\/sites\/50\/2024\/01\/MultiGyn-FloraPlus.png 500w,\n                https:\/\/multi-gyn.com\/cdn-cgi\/image\/width=700,format=auto\/app\/uploads\/sites\/50\/2024\/01\/MultiGyn-FloraPlus.png 700w\"\n        sizes=\"(max-width: 400px) 250px, (max-width: 800px) 500px, 700px\"\n        alt=\"Multi-Gyn FloraPlus\"\n        class=\"img\">\n            <\/figure>\n    <div class=\"product-card-content\">\n      <div class=\"heading-wrapper\">\n        <h2 class=\"heading\">Multi-Gyn FloraPlus<\/h2>\n      <\/div>\n      <div class=\"product-card-description\"><\/div>\n                      <\/div>\n  <\/a>\n      <div class=\"button-wrapper\">\n    <a\n      href=https:\/\/multi-gyn.com\/me\/product\/multi-gyn-floraplus\/\n      target=_self\n      class=\"theme-button button-primary-color rounded-button\"\n      rel=\"noopener\"\n      title=\"Pro\u010ditaj vi\u0161e\"\n    >\n       Pro\u010ditaj vi\u0161e\n    <\/a>\n<\/div>  <\/div>\n            <\/div>\n                      <div class=\"swiper-slide\">\n              <div class=\"product-card\" data-testid=\"product-card\">\n  <a\n    href=https:\/\/multi-gyn.com\/me\/product\/multi-gyn-actigel\/\n    class=\"product-card-link\"\n    title=\"Multi-Gyn ActiGel\"\n  >\n  <figure class=\"product-card-image\" data-testid=\"product-image\">\n                          <img decoding=\"async\" src=\"https:\/\/multi-gyn.com\/cdn-cgi\/image\/width=700,format=auto\/app\/uploads\/sites\/50\/2024\/01\/Multi-Gyn-ActiGel.png\"\n        srcset=\"https:\/\/multi-gyn.com\/cdn-cgi\/image\/width=250,format=auto\/app\/uploads\/sites\/50\/2024\/01\/Multi-Gyn-ActiGel.png 250w,\n                https:\/\/multi-gyn.com\/cdn-cgi\/image\/width=500,format=auto\/app\/uploads\/sites\/50\/2024\/01\/Multi-Gyn-ActiGel.png 500w,\n                https:\/\/multi-gyn.com\/cdn-cgi\/image\/width=700,format=auto\/app\/uploads\/sites\/50\/2024\/01\/Multi-Gyn-ActiGel.png 700w\"\n        sizes=\"(max-width: 400px) 250px, (max-width: 800px) 500px, 700px\"\n        alt=\"Multi-Gyn-ActiGel\"\n        class=\"img\">\n            <\/figure>\n    <div class=\"product-card-content\">\n      <div class=\"heading-wrapper\">\n        <h2 class=\"heading\">Multi-Gyn ActiGel<\/h2>\n      <\/div>\n      <div class=\"product-card-description\"><\/div>\n                      <\/div>\n  <\/a>\n      <div class=\"button-wrapper\">\n    <a\n      href=https:\/\/multi-gyn.com\/me\/product\/multi-gyn-actigel\/\n      target=_self\n      class=\"theme-button button-primary-color rounded-button\"\n      rel=\"noopener\"\n      title=\"Pro\u010ditaj vi\u0161e\"\n    >\n       Pro\u010ditaj vi\u0161e\n    <\/a>\n<\/div>  <\/div>\n            <\/div>\n                      <div class=\"swiper-slide\">\n              <div class=\"product-card\" data-testid=\"product-card\">\n  <a\n    href=https:\/\/multi-gyn.com\/me\/product\/multi-gyn-liquigel\/\n    class=\"product-card-link\"\n    title=\"Multi-Gyn LiquiGel\"\n  >\n  <figure class=\"product-card-image\" data-testid=\"product-image\">\n                          <img decoding=\"async\" src=\"https:\/\/multi-gyn.com\/cdn-cgi\/image\/width=700,format=auto\/app\/uploads\/sites\/50\/2024\/01\/Multi-Gyn-LiquiGel.png\"\n        srcset=\"https:\/\/multi-gyn.com\/cdn-cgi\/image\/width=250,format=auto\/app\/uploads\/sites\/50\/2024\/01\/Multi-Gyn-LiquiGel.png 250w,\n                https:\/\/multi-gyn.com\/cdn-cgi\/image\/width=500,format=auto\/app\/uploads\/sites\/50\/2024\/01\/Multi-Gyn-LiquiGel.png 500w,\n                https:\/\/multi-gyn.com\/cdn-cgi\/image\/width=700,format=auto\/app\/uploads\/sites\/50\/2024\/01\/Multi-Gyn-LiquiGel.png 700w\"\n        sizes=\"(max-width: 400px) 250px, (max-width: 800px) 500px, 700px\"\n        alt=\"Multi-Gyn LiquiGel\"\n        class=\"img\">\n            <\/figure>\n    <div class=\"product-card-content\">\n      <div class=\"heading-wrapper\">\n        <h2 class=\"heading\">Multi-Gyn LiquiGel<\/h2>\n      <\/div>\n      <div class=\"product-card-description\"><\/div>\n                      <\/div>\n  <\/a>\n      <div class=\"button-wrapper\">\n    <a\n      href=https:\/\/multi-gyn.com\/me\/product\/multi-gyn-liquigel\/\n      target=_self\n      class=\"theme-button button-primary-color rounded-button\"\n      rel=\"noopener\"\n      title=\"Pro\u010ditaj vi\u0161e\"\n    >\n       Pro\u010ditaj vi\u0161e\n    <\/a>\n<\/div>  <\/div>\n            <\/div>\n                  <\/div>\n        <div class=\"swiper-scrollbar\"><\/div>\n      <\/div>\n    <\/div>\n  <\/div>\n\n\n\n<section class=\"wp-block-karopharma-image-with-text image-with-text image-with-text__not-full-width\"><div class=\"image-with-text-container \"><div class=\"image-with-text-container-image-container\"><img decoding=\"async\" loading=\"lazy\" src=\"https:\/\/multi-gyn.com\/cdn-cgi\/image\/format=auto\/app\/uploads\/sites\/50\/2025\/10\/Multi-Gyn_800x534_Banner_Vaginal-pH-Balance2.jpg\" alt=\"Multi-Gyn_800x534_Banner_Vaginal pH Balance2\"\/><\/div><div class=\"image-with-text-container-content\" style=\"text-align:left\" data-test=\"content\"><div class=\"content\"><h2>Zajedno smo u tome<\/h2><p class=\"body\" data-test=\"body\">Ro\u0111ene smo da budemo savr\u0161ene. Ali jedna od tri \u017eene pati od bakterijske vaginoze a da ne zna ni \u0161ta je to ni kako se tretira.<br><br>Mislite da imate simptome bakterijske vaginoze?<br>Hajde da vas vratimo na pravi put.<\/p>\n<div class=\"wp-block-buttons is-layout-flex wp-block-buttons-is-layout-flex\"><\/div>\n<\/div><\/div><\/div><\/section>\n","protected":false},"excerpt":{"rendered":"","protected":false},"author":2,"featured_media":0,"parent":0,"menu_order":0,"comment_status":"closed","ping_status":"closed","template":"","meta":{"_acf_changed":false,"footnotes":""},"from-article-database":[],"class_list":["post-103","page","type-page","status-publish","hentry"],"acf":[],"yoast_head":"<!-- This site is optimized with the Yoast SEO plugin v26.6 - https:\/\/yoast.com\/wordpress\/plugins\/seo\/ -->\n<title>Multi-Gyn - Multi-Gyn<\/title>\n<meta name=\"description\" content=\"Od neprijatnog mirisa do svraba, od suvo\u0107e do poja\u010danog sekreta, Multi-Gyn asortiman proizvoda na prirodnoj bazi, klini\u010dki dokazano smanjuje nelagodnosti u intimnom podru\u010dju koje su uzrokovane bakterijskom ili gljivi\u010dnom vaginalnom infekcijom, vra\u0107aju\u0107i vas u savr\u0161eno intimno zdravlje.\" \/>\n<meta name=\"robots\" content=\"index, follow, max-snippet:-1, max-image-preview:large, max-video-preview:-1\" \/>\n<link rel=\"canonical\" href=\"https:\/\/multi-gyn.com\/me\/\" \/>\n<meta property=\"og:locale\" content=\"en_US\" \/>\n<meta property=\"og:type\" content=\"article\" \/>\n<meta property=\"og:title\" content=\"Multi-Gyn - Multi-Gyn\" \/>\n<meta property=\"og:description\" content=\"Od neprijatnog mirisa do svraba, od suvo\u0107e do poja\u010danog sekreta, Multi-Gyn asortiman proizvoda na prirodnoj bazi, klini\u010dki dokazano smanjuje nelagodnosti u intimnom podru\u010dju koje su uzrokovane bakterijskom ili gljivi\u010dnom vaginalnom infekcijom, vra\u0107aju\u0107i vas u savr\u0161eno intimno zdravlje.\" \/>\n<meta property=\"og:url\" content=\"https:\/\/multi-gyn.com\/me\/\" \/>\n<meta property=\"og:site_name\" content=\"Multi-Gyn\" \/>\n<meta property=\"article:modified_time\" content=\"2026-03-13T11:11:31+00:00\" \/>\n<meta property=\"og:image\" content=\"https:\/\/multi-gyn.com\/cdn-cgi\/image\/format=auto\/app\/uploads\/sites\/50\/2025\/10\/Multi-Gyn_800x534_Banner_Vaginal-pH-Balance2.jpg\" \/>\n<meta name=\"twitter:card\" content=\"summary_large_image\" \/>\n<meta name=\"twitter:label1\" content=\"Est. reading time\" \/>\n\t<meta name=\"twitter:data1\" content=\"1 minute\" \/>\n<script type=\"application\/ld+json\" class=\"yoast-schema-graph\">{\"@context\":\"https:\/\/schema.org\",\"@graph\":[{\"@type\":\"WebPage\",\"@id\":\"https:\/\/multi-gyn.com\/me\/\",\"url\":\"https:\/\/multi-gyn.com\/me\/\",\"name\":\"Multi-Gyn - Multi-Gyn\",\"isPartOf\":{\"@id\":\"https:\/\/multi-gyn.com\/me\/#website\"},\"primaryImageOfPage\":{\"@id\":\"https:\/\/multi-gyn.com\/me\/#primaryimage\"},\"image\":{\"@id\":\"https:\/\/multi-gyn.com\/me\/#primaryimage\"},\"thumbnailUrl\":\"https:\/\/multi-gyn.com\/cdn-cgi\/image\/format=auto\/app\/uploads\/sites\/50\/2025\/10\/Multi-Gyn_800x534_Banner_Vaginal-pH-Balance2.jpg\",\"datePublished\":\"2024-01-02T14:38:14+00:00\",\"dateModified\":\"2026-03-13T11:11:31+00:00\",\"description\":\"Od neprijatnog mirisa do svraba, od suvo\u0107e do poja\u010danog sekreta, Multi-Gyn asortiman proizvoda na prirodnoj bazi, klini\u010dki dokazano smanjuje nelagodnosti u intimnom podru\u010dju koje su uzrokovane bakterijskom ili gljivi\u010dnom vaginalnom infekcijom, vra\u0107aju\u0107i vas u savr\u0161eno intimno zdravlje.\",\"breadcrumb\":{\"@id\":\"https:\/\/multi-gyn.com\/me\/#breadcrumb\"},\"inLanguage\":\"cnr-ME\",\"potentialAction\":[{\"@type\":\"ReadAction\",\"target\":[\"https:\/\/multi-gyn.com\/me\/\"]}]},{\"@type\":\"ImageObject\",\"inLanguage\":\"cnr-ME\",\"@id\":\"https:\/\/multi-gyn.com\/me\/#primaryimage\",\"url\":\"https:\/\/multi-gyn.com\/cdn-cgi\/image\/format=auto\/app\/uploads\/sites\/50\/2025\/10\/Multi-Gyn_800x534_Banner_Vaginal-pH-Balance2.jpg\",\"contentUrl\":\"https:\/\/multi-gyn.com\/cdn-cgi\/image\/format=auto\/app\/uploads\/sites\/50\/2025\/10\/Multi-Gyn_800x534_Banner_Vaginal-pH-Balance2.jpg\"},{\"@type\":\"BreadcrumbList\",\"@id\":\"https:\/\/multi-gyn.com\/me\/#breadcrumb\",\"itemListElement\":[{\"@type\":\"ListItem\",\"position\":1,\"name\":\"Home\",\"item\":\"https:\/\/multi-gyn.com\/me\/\"},{\"@type\":\"ListItem\",\"position\":2,\"name\":\"Multi-Gyn\"}]},{\"@type\":\"WebSite\",\"@id\":\"https:\/\/multi-gyn.com\/me\/#website\",\"url\":\"https:\/\/multi-gyn.com\/me\/\",\"name\":\"Multi-Gyn\",\"description\":\"\",\"publisher\":{\"@id\":\"https:\/\/multi-gyn.com\/me\/#organization\"},\"potentialAction\":[{\"@type\":\"SearchAction\",\"target\":{\"@type\":\"EntryPoint\",\"urlTemplate\":\"https:\/\/multi-gyn.com\/me\/?s={search_term_string}\"},\"query-input\":{\"@type\":\"PropertyValueSpecification\",\"valueRequired\":true,\"valueName\":\"search_term_string\"}}],\"inLanguage\":\"cnr-ME\"},{\"@type\":\"Organization\",\"@id\":\"https:\/\/multi-gyn.com\/me\/#organization\",\"name\":\"Multi-Gyn\",\"url\":\"https:\/\/multi-gyn.com\/me\/\",\"logo\":{\"@type\":\"ImageObject\",\"inLanguage\":\"cnr-ME\",\"@id\":\"https:\/\/multi-gyn.com\/me\/#\/schema\/logo\/image\/\",\"url\":\"https:\/\/multi-gyn.com\/app\/uploads\/sites\/50\/2024\/01\/multi-gyn-logo.png\",\"contentUrl\":\"https:\/\/multi-gyn.com\/app\/uploads\/sites\/50\/2024\/01\/multi-gyn-logo.png\",\"width\":149,\"height\":32,\"caption\":\"Multi-Gyn\"},\"image\":{\"@id\":\"https:\/\/multi-gyn.com\/me\/#\/schema\/logo\/image\/\"}}]}<\/script>\n<!-- \/ Yoast SEO plugin. -->","yoast_head_json":{"title":"Multi-Gyn - Multi-Gyn","description":"Od neprijatnog mirisa do svraba, od suvo\u0107e do poja\u010danog sekreta, Multi-Gyn asortiman proizvoda na prirodnoj bazi, klini\u010dki dokazano smanjuje nelagodnosti u intimnom podru\u010dju koje su uzrokovane bakterijskom ili gljivi\u010dnom vaginalnom infekcijom, vra\u0107aju\u0107i vas u savr\u0161eno intimno zdravlje.","robots":{"index":"index","follow":"follow","max-snippet":"max-snippet:-1","max-image-preview":"max-image-preview:large","max-video-preview":"max-video-preview:-1"},"canonical":"https:\/\/multi-gyn.com\/me\/","og_locale":"en_US","og_type":"article","og_title":"Multi-Gyn - Multi-Gyn","og_description":"Od neprijatnog mirisa do svraba, od suvo\u0107e do poja\u010danog sekreta, Multi-Gyn asortiman proizvoda na prirodnoj bazi, klini\u010dki dokazano smanjuje nelagodnosti u intimnom podru\u010dju koje su uzrokovane bakterijskom ili gljivi\u010dnom vaginalnom infekcijom, vra\u0107aju\u0107i vas u savr\u0161eno intimno zdravlje.","og_url":"https:\/\/multi-gyn.com\/me\/","og_site_name":"Multi-Gyn","article_modified_time":"2026-03-13T11:11:31+00:00","og_image":[{"url":"https:\/\/multi-gyn.com\/cdn-cgi\/image\/format=auto\/app\/uploads\/sites\/50\/2025\/10\/Multi-Gyn_800x534_Banner_Vaginal-pH-Balance2.jpg","type":"","width":"","height":""}],"twitter_card":"summary_large_image","twitter_misc":{"Est. reading time":"1 minute"},"schema":{"@context":"https:\/\/schema.org","@graph":[{"@type":"WebPage","@id":"https:\/\/multi-gyn.com\/me\/","url":"https:\/\/multi-gyn.com\/me\/","name":"Multi-Gyn - Multi-Gyn","isPartOf":{"@id":"https:\/\/multi-gyn.com\/me\/#website"},"primaryImageOfPage":{"@id":"https:\/\/multi-gyn.com\/me\/#primaryimage"},"image":{"@id":"https:\/\/multi-gyn.com\/me\/#primaryimage"},"thumbnailUrl":"https:\/\/multi-gyn.com\/cdn-cgi\/image\/format=auto\/app\/uploads\/sites\/50\/2025\/10\/Multi-Gyn_800x534_Banner_Vaginal-pH-Balance2.jpg","datePublished":"2024-01-02T14:38:14+00:00","dateModified":"2026-03-13T11:11:31+00:00","description":"Od neprijatnog mirisa do svraba, od suvo\u0107e do poja\u010danog sekreta, Multi-Gyn asortiman proizvoda na prirodnoj bazi, klini\u010dki dokazano smanjuje nelagodnosti u intimnom podru\u010dju koje su uzrokovane bakterijskom ili gljivi\u010dnom vaginalnom infekcijom, vra\u0107aju\u0107i vas u savr\u0161eno intimno zdravlje.","breadcrumb":{"@id":"https:\/\/multi-gyn.com\/me\/#breadcrumb"},"inLanguage":"cnr-ME","potentialAction":[{"@type":"ReadAction","target":["https:\/\/multi-gyn.com\/me\/"]}]},{"@type":"ImageObject","inLanguage":"cnr-ME","@id":"https:\/\/multi-gyn.com\/me\/#primaryimage","url":"https:\/\/multi-gyn.com\/cdn-cgi\/image\/format=auto\/app\/uploads\/sites\/50\/2025\/10\/Multi-Gyn_800x534_Banner_Vaginal-pH-Balance2.jpg","contentUrl":"https:\/\/multi-gyn.com\/cdn-cgi\/image\/format=auto\/app\/uploads\/sites\/50\/2025\/10\/Multi-Gyn_800x534_Banner_Vaginal-pH-Balance2.jpg"},{"@type":"BreadcrumbList","@id":"https:\/\/multi-gyn.com\/me\/#breadcrumb","itemListElement":[{"@type":"ListItem","position":1,"name":"Home","item":"https:\/\/multi-gyn.com\/me\/"},{"@type":"ListItem","position":2,"name":"Multi-Gyn"}]},{"@type":"WebSite","@id":"https:\/\/multi-gyn.com\/me\/#website","url":"https:\/\/multi-gyn.com\/me\/","name":"Multi-Gyn","description":"","publisher":{"@id":"https:\/\/multi-gyn.com\/me\/#organization"},"potentialAction":[{"@type":"SearchAction","target":{"@type":"EntryPoint","urlTemplate":"https:\/\/multi-gyn.com\/me\/?s={search_term_string}"},"query-input":{"@type":"PropertyValueSpecification","valueRequired":true,"valueName":"search_term_string"}}],"inLanguage":"cnr-ME"},{"@type":"Organization","@id":"https:\/\/multi-gyn.com\/me\/#organization","name":"Multi-Gyn","url":"https:\/\/multi-gyn.com\/me\/","logo":{"@type":"ImageObject","inLanguage":"cnr-ME","@id":"https:\/\/multi-gyn.com\/me\/#\/schema\/logo\/image\/","url":"https:\/\/multi-gyn.com\/app\/uploads\/sites\/50\/2024\/01\/multi-gyn-logo.png","contentUrl":"https:\/\/multi-gyn.com\/app\/uploads\/sites\/50\/2024\/01\/multi-gyn-logo.png","width":149,"height":32,"caption":"Multi-Gyn"},"image":{"@id":"https:\/\/multi-gyn.com\/me\/#\/schema\/logo\/image\/"}}]}},"_links":{"self":[{"href":"https:\/\/multi-gyn.com\/me\/wp-json\/wp\/v2\/pages\/103","targetHints":{"allow":["GET"]}}],"collection":[{"href":"https:\/\/multi-gyn.com\/me\/wp-json\/wp\/v2\/pages"}],"about":[{"href":"https:\/\/multi-gyn.com\/me\/wp-json\/wp\/v2\/types\/page"}],"author":[{"embeddable":true,"href":"https:\/\/multi-gyn.com\/me\/wp-json\/wp\/v2\/users\/2"}],"replies":[{"embeddable":true,"href":"https:\/\/multi-gyn.com\/me\/wp-json\/wp\/v2\/comments?post=103"}],"version-history":[{"count":4,"href":"https:\/\/multi-gyn.com\/me\/wp-json\/wp\/v2\/pages\/103\/revisions"}],"predecessor-version":[{"id":192,"href":"https:\/\/multi-gyn.com\/me\/wp-json\/wp\/v2\/pages\/103\/revisions\/192"}],"wp:attachment":[{"href":"https:\/\/multi-gyn.com\/me\/wp-json\/wp\/v2\/media?parent=103"}],"wp:term":[{"taxonomy":"from-article-database","embeddable":true,"href":"https:\/\/multi-gyn.com\/me\/wp-json\/wp\/v2\/from-article-database?post=103"}],"curies":[{"name":"wp","href":"https:\/\/api.w.org\/{rel}","templated":true}]}}