{"id":123,"date":"2024-01-09T08:50:08","date_gmt":"2024-01-09T07:50:08","guid":{"rendered":"https:\/\/multi-gyn.com\/me\/?page_id=123"},"modified":"2026-03-25T16:00:55","modified_gmt":"2026-03-25T15:00:55","slug":"o-multi-gyn-u","status":"publish","type":"page","link":"https:\/\/multi-gyn.com\/me\/o-multi-gyn-u\/","title":{"rendered":"O Multi-Gyn-u"},"content":{"rendered":"\n<div class=\"wp-block-karopharma-free-text pt-large pb-large bg-center bg-cover bg-no-repeat\" style=\"background-image:url(https:\/\/multi-gyn.com\/cdn-cgi\/image\/format=auto\/app\/uploads\/sites\/50\/2026\/03\/About-new.jpg)\"><div class=\"free-text-wrapper container max-w-large text-center\">\n<div style=\"height:100px\" aria-hidden=\"true\" class=\"wp-block-spacer is-style-responsive-medium\"><\/div>\n\n\n\n<h1 class=\"wp-block-heading is-style-heading-huge has-white-color has-text-color\">Kako Multi-Gyn djeluje?<\/h1>\n\n\n\n<div style=\"height:100px\" aria-hidden=\"true\" class=\"wp-block-spacer is-style-responsive-medium\"><\/div>\n<\/div><\/div>\n\n\n\n<div class=\"wp-block-karopharma-free-text pt-medium pb-large bg-center bg-contain bg-no-repeat  pt-large undefined is-style-primary\" style=\"background-image:url()\"><div class=\"free-text-wrapper container max-w-medium text-left\">\n<p class=\"is-style-paragraph-preamble\">Multi-Gyn proizvodi tretiraju vaginalne tegobe, vra\u0107aju\u0107i prirodnu ravnote\u017eu va\u0161e vaginalne flore.<\/p>\n\n\n\n<p>Kada je vaginalna flora uravnote\u017eena, prirodno je za\u0161ti\u0107ena od lo\u0161ih bakterija i gljivica. Ali kada do\u0111e do naru\u0161avanja te ravnote\u017ee, mogu se razviti simptomi poput svraba, neprijatnog mirisa, peckanja, poja\u010danog sekreta ili suvo\u0107e, tj dolazi do razvoja bakterijske ili gljivi\u010dne vaginoze.<\/p>\n\n\n\n<p>Uspostavljanjem prirodne ravnote\u017ee vaginalne mikrobiote, Multi-Gyn proizvodi ne samo da lije\u010de vaginalne tegobe ve\u0107 vam pru\u017eaju i trenutno olak\u0161anje.<\/p>\n<\/div><\/div>\n\n\n\n<div class=\"wp-block-karopharma-free-text pt-large pb-large bg-center bg-contain bg-no-repeat  undefined is-style-transparent\" style=\"background-image:url()\"><div class=\"free-text-wrapper container max-w-medium text-left\">\n<figure class=\"wp-block-image size-full is-resized\"><img loading=\"lazy\" decoding=\"async\" width=\"200\" height=\"200\" src=\"https:\/\/multi-gyn.com\/app\/uploads\/sites\/50\/2024\/01\/Natural-2QR-Origin.png\" alt=\"Natural-2QR-Origin\" class=\"wp-image-25\" style=\"width:100px;height:100px\" srcset=\"https:\/\/multi-gyn.com\/app\/uploads\/sites\/50\/2024\/01\/Natural-2QR-Origin.png 200w, https:\/\/multi-gyn.com\/app\/uploads\/sites\/50\/2024\/01\/Natural-2QR-Origin-150x150.png 150w\" sizes=\"auto, (max-width: 200px) 100vw, 200px\" \/><\/figure>\n\n\n\n<h2 class=\"wp-block-heading is-style-heading-h2\" id=\"unsere-aktiven-inhaltsstoffe\">Na\u0161i aktivni sastojci<\/h2>\n\n\n\n<p class=\"is-style-paragraph-preamble\">Na\u0161i proizvodi se uglavnom sastoje od prirodnih sastojaka. Jedan od glavnih aktivnih sastojaka je 2QR- kompleks, prirodni sastojak na biljnoj bazi. 2QR &#8211; kompleks neutrali\u0161e \u0161tetne mikroorganizme, tako \u0161to fizi\u010dki spre\u010dava njihovo vezivanje za tkivo. Podr\u017eava prirodni proces zarastanja i ravnote\u017eu vaginalne flore. 2QR &#8211; kompleks nema poznatih ne\u017eeljenih efekata.<\/p>\n\n\n\n<h2 class=\"wp-block-heading is-style-heading-h2\" id=\"unsere-aktiven-inhaltsstoffe\">Efekat<\/h2>\n\n\n\n<p class=\"is-style-paragraph-preamble\">Nakon nano\u0161enja Multi-Gyn proizvoda na intimno podru\u010dje, ima\u0107e direktan umiruju\u0107i efekat na tegobe poput svraba ili iritacije. Ukoliko je pristuna bakterijska ili gljivi\u010dna infekcija, Multi-Gyn proizvodi \u0107e vam pru\u017eiti direktno olak\u0161anje vaginalnih tegoba i lije\u010diti prisutnu infekciju. <\/p>\n<\/div><\/div>\n\n\n<div class=\"product-list wp-block-karopharma-product-list\" data-testid=\"product-list\">\n      <div class=\"swiper-container\">\n      <div class=\"swiper\">\n        <div class=\"swiper-wrapper\">\n                      <div class=\"swiper-slide\">\n              <div class=\"product-card\" data-testid=\"product-card\">\n  <a\n    href=https:\/\/multi-gyn.com\/me\/product\/multi-gyn-femiwash\/\n    class=\"product-card-link\"\n    title=\"Multi-Gyn FemiWash\"\n  >\n  <figure class=\"product-card-image\" data-testid=\"product-image\">\n                          <img decoding=\"async\" src=\"https:\/\/multi-gyn.com\/cdn-cgi\/image\/width=700,format=auto\/app\/uploads\/sites\/50\/2024\/01\/MultiGyn-FemiWash.png\"\n        srcset=\"https:\/\/multi-gyn.com\/cdn-cgi\/image\/width=250,format=auto\/app\/uploads\/sites\/50\/2024\/01\/MultiGyn-FemiWash.png 250w,\n                https:\/\/multi-gyn.com\/cdn-cgi\/image\/width=500,format=auto\/app\/uploads\/sites\/50\/2024\/01\/MultiGyn-FemiWash.png 500w,\n                https:\/\/multi-gyn.com\/cdn-cgi\/image\/width=700,format=auto\/app\/uploads\/sites\/50\/2024\/01\/MultiGyn-FemiWash.png 700w\"\n        sizes=\"(max-width: 400px) 250px, (max-width: 800px) 500px, 700px\"\n        alt=\"Multi-Gyn FemiWash\"\n        class=\"img\">\n            <\/figure>\n    <div class=\"product-card-content\">\n      <div class=\"heading-wrapper\">\n        <h2 class=\"heading\">Multi-Gyn FemiWash<\/h2>\n      <\/div>\n      <div class=\"product-card-description\"><\/div>\n                      <\/div>\n  <\/a>\n      <div class=\"button-wrapper\">\n    <a\n      href=https:\/\/multi-gyn.com\/me\/product\/multi-gyn-femiwash\/\n      target=_self\n      class=\"theme-button button-primary-color rounded-button\"\n      rel=\"noopener\"\n      title=\"Pro\u010ditaj vi\u0161e\"\n    >\n       Pro\u010ditaj vi\u0161e\n    <\/a>\n<\/div>  <\/div>\n            <\/div>\n                      <div class=\"swiper-slide\">\n              <div class=\"product-card\" data-testid=\"product-card\">\n  <a\n    href=https:\/\/multi-gyn.com\/me\/product\/multi-gyn-vaginalni-irigator-i-tablete\/\n    class=\"product-card-link\"\n    title=\"Multi-Gyn Vaginalni Irigator i Tablete\"\n  >\n  <figure class=\"product-card-image\" data-testid=\"product-image\">\n                          <img decoding=\"async\" src=\"https:\/\/multi-gyn.com\/cdn-cgi\/image\/width=700,format=auto\/app\/uploads\/sites\/50\/2024\/01\/Multi-Gyn-VaginalDouche.png\"\n        srcset=\"https:\/\/multi-gyn.com\/cdn-cgi\/image\/width=250,format=auto\/app\/uploads\/sites\/50\/2024\/01\/Multi-Gyn-VaginalDouche.png 250w,\n                https:\/\/multi-gyn.com\/cdn-cgi\/image\/width=500,format=auto\/app\/uploads\/sites\/50\/2024\/01\/Multi-Gyn-VaginalDouche.png 500w,\n                https:\/\/multi-gyn.com\/cdn-cgi\/image\/width=700,format=auto\/app\/uploads\/sites\/50\/2024\/01\/Multi-Gyn-VaginalDouche.png 700w\"\n        sizes=\"(max-width: 400px) 250px, (max-width: 800px) 500px, 700px\"\n        alt=\"Multi-Gyn-VaginalDouche\"\n        class=\"img\">\n            <\/figure>\n    <div class=\"product-card-content\">\n      <div class=\"heading-wrapper\">\n        <h2 class=\"heading\">Multi-Gyn Vaginalni Irigator i Tablete<\/h2>\n      <\/div>\n      <div class=\"product-card-description\"><\/div>\n                      <\/div>\n  <\/a>\n      <div class=\"button-wrapper\">\n    <a\n      href=https:\/\/multi-gyn.com\/me\/product\/multi-gyn-vaginalni-irigator-i-tablete\/\n      target=_self\n      class=\"theme-button button-primary-color rounded-button\"\n      rel=\"noopener\"\n      title=\"Pro\u010ditaj vi\u0161e\"\n    >\n       Pro\u010ditaj vi\u0161e\n    <\/a>\n<\/div>  <\/div>\n            <\/div>\n                      <div class=\"swiper-slide\">\n              <div class=\"product-card\" data-testid=\"product-card\">\n  <a\n    href=https:\/\/multi-gyn.com\/me\/product\/multi-gyn-floraplus\/\n    class=\"product-card-link\"\n    title=\"Multi-Gyn FloraPlus\"\n  >\n  <figure class=\"product-card-image\" data-testid=\"product-image\">\n                          <img decoding=\"async\" src=\"https:\/\/multi-gyn.com\/cdn-cgi\/image\/width=700,format=auto\/app\/uploads\/sites\/50\/2024\/01\/MultiGyn-FloraPlus.png\"\n        srcset=\"https:\/\/multi-gyn.com\/cdn-cgi\/image\/width=250,format=auto\/app\/uploads\/sites\/50\/2024\/01\/MultiGyn-FloraPlus.png 250w,\n                https:\/\/multi-gyn.com\/cdn-cgi\/image\/width=500,format=auto\/app\/uploads\/sites\/50\/2024\/01\/MultiGyn-FloraPlus.png 500w,\n                https:\/\/multi-gyn.com\/cdn-cgi\/image\/width=700,format=auto\/app\/uploads\/sites\/50\/2024\/01\/MultiGyn-FloraPlus.png 700w\"\n        sizes=\"(max-width: 400px) 250px, (max-width: 800px) 500px, 700px\"\n        alt=\"Multi-Gyn FloraPlus\"\n        class=\"img\">\n            <\/figure>\n    <div class=\"product-card-content\">\n      <div class=\"heading-wrapper\">\n        <h2 class=\"heading\">Multi-Gyn FloraPlus<\/h2>\n      <\/div>\n      <div class=\"product-card-description\"><\/div>\n                      <\/div>\n  <\/a>\n      <div class=\"button-wrapper\">\n    <a\n      href=https:\/\/multi-gyn.com\/me\/product\/multi-gyn-floraplus\/\n      target=_self\n      class=\"theme-button button-primary-color rounded-button\"\n      rel=\"noopener\"\n      title=\"Pro\u010ditaj vi\u0161e\"\n    >\n       Pro\u010ditaj vi\u0161e\n    <\/a>\n<\/div>  <\/div>\n            <\/div>\n                      <div class=\"swiper-slide\">\n              <div class=\"product-card\" data-testid=\"product-card\">\n  <a\n    href=https:\/\/multi-gyn.com\/me\/product\/multi-gyn-actigel\/\n    class=\"product-card-link\"\n    title=\"Multi-Gyn ActiGel\"\n  >\n  <figure class=\"product-card-image\" data-testid=\"product-image\">\n                          <img decoding=\"async\" src=\"https:\/\/multi-gyn.com\/cdn-cgi\/image\/width=700,format=auto\/app\/uploads\/sites\/50\/2024\/01\/Multi-Gyn-ActiGel.png\"\n        srcset=\"https:\/\/multi-gyn.com\/cdn-cgi\/image\/width=250,format=auto\/app\/uploads\/sites\/50\/2024\/01\/Multi-Gyn-ActiGel.png 250w,\n                https:\/\/multi-gyn.com\/cdn-cgi\/image\/width=500,format=auto\/app\/uploads\/sites\/50\/2024\/01\/Multi-Gyn-ActiGel.png 500w,\n                https:\/\/multi-gyn.com\/cdn-cgi\/image\/width=700,format=auto\/app\/uploads\/sites\/50\/2024\/01\/Multi-Gyn-ActiGel.png 700w\"\n        sizes=\"(max-width: 400px) 250px, (max-width: 800px) 500px, 700px\"\n        alt=\"Multi-Gyn-ActiGel\"\n        class=\"img\">\n            <\/figure>\n    <div class=\"product-card-content\">\n      <div class=\"heading-wrapper\">\n        <h2 class=\"heading\">Multi-Gyn ActiGel<\/h2>\n      <\/div>\n      <div class=\"product-card-description\"><\/div>\n                      <\/div>\n  <\/a>\n      <div class=\"button-wrapper\">\n    <a\n      href=https:\/\/multi-gyn.com\/me\/product\/multi-gyn-actigel\/\n      target=_self\n      class=\"theme-button button-primary-color rounded-button\"\n      rel=\"noopener\"\n      title=\"Pro\u010ditaj vi\u0161e\"\n    >\n       Pro\u010ditaj vi\u0161e\n    <\/a>\n<\/div>  <\/div>\n            <\/div>\n                      <div class=\"swiper-slide\">\n              <div class=\"product-card\" data-testid=\"product-card\">\n  <a\n    href=https:\/\/multi-gyn.com\/me\/product\/multi-gyn-liquigel\/\n    class=\"product-card-link\"\n    title=\"Multi-Gyn LiquiGel\"\n  >\n  <figure class=\"product-card-image\" data-testid=\"product-image\">\n                          <img decoding=\"async\" src=\"https:\/\/multi-gyn.com\/cdn-cgi\/image\/width=700,format=auto\/app\/uploads\/sites\/50\/2024\/01\/Multi-Gyn-LiquiGel.png\"\n        srcset=\"https:\/\/multi-gyn.com\/cdn-cgi\/image\/width=250,format=auto\/app\/uploads\/sites\/50\/2024\/01\/Multi-Gyn-LiquiGel.png 250w,\n                https:\/\/multi-gyn.com\/cdn-cgi\/image\/width=500,format=auto\/app\/uploads\/sites\/50\/2024\/01\/Multi-Gyn-LiquiGel.png 500w,\n                https:\/\/multi-gyn.com\/cdn-cgi\/image\/width=700,format=auto\/app\/uploads\/sites\/50\/2024\/01\/Multi-Gyn-LiquiGel.png 700w\"\n        sizes=\"(max-width: 400px) 250px, (max-width: 800px) 500px, 700px\"\n        alt=\"Multi-Gyn LiquiGel\"\n        class=\"img\">\n            <\/figure>\n    <div class=\"product-card-content\">\n      <div class=\"heading-wrapper\">\n        <h2 class=\"heading\">Multi-Gyn LiquiGel<\/h2>\n      <\/div>\n      <div class=\"product-card-description\"><\/div>\n                      <\/div>\n  <\/a>\n      <div class=\"button-wrapper\">\n    <a\n      href=https:\/\/multi-gyn.com\/me\/product\/multi-gyn-liquigel\/\n      target=_self\n      class=\"theme-button button-primary-color rounded-button\"\n      rel=\"noopener\"\n      title=\"Pro\u010ditaj vi\u0161e\"\n    >\n       Pro\u010ditaj vi\u0161e\n    <\/a>\n<\/div>  <\/div>\n            <\/div>\n                  <\/div>\n        <div class=\"swiper-scrollbar\"><\/div>\n      <\/div>\n    <\/div>\n  <\/div>\n","protected":false},"excerpt":{"rendered":"","protected":false},"author":2,"featured_media":0,"parent":0,"menu_order":0,"comment_status":"closed","ping_status":"closed","template":"","meta":{"_acf_changed":false,"footnotes":""},"from-article-database":[],"class_list":["post-123","page","type-page","status-publish","hentry"],"acf":[],"yoast_head":"<!-- This site is optimized with the Yoast SEO plugin v26.6 - https:\/\/yoast.com\/wordpress\/plugins\/seo\/ -->\n<title>O Multi-Gyn-u - Multi-Gyn<\/title>\n<meta name=\"description\" content=\"Multi-Gyn proizvodi tretiraju vaginalne tegobe, vra\u0107aju\u0107i prirodnu ravnote\u017eu va\u0161e vaginalne flore.\" \/>\n<meta name=\"robots\" content=\"index, follow, max-snippet:-1, max-image-preview:large, max-video-preview:-1\" \/>\n<link rel=\"canonical\" href=\"https:\/\/multi-gyn.com\/me\/o-multi-gyn-u\/\" \/>\n<meta property=\"og:locale\" content=\"en_US\" \/>\n<meta property=\"og:type\" content=\"article\" \/>\n<meta property=\"og:title\" content=\"O Multi-Gyn-u - Multi-Gyn\" \/>\n<meta property=\"og:description\" content=\"Multi-Gyn proizvodi tretiraju vaginalne tegobe, vra\u0107aju\u0107i prirodnu ravnote\u017eu va\u0161e vaginalne flore.\" \/>\n<meta property=\"og:url\" content=\"https:\/\/multi-gyn.com\/me\/o-multi-gyn-u\/\" \/>\n<meta property=\"og:site_name\" content=\"Multi-Gyn\" \/>\n<meta property=\"article:modified_time\" content=\"2026-03-25T15:00:55+00:00\" \/>\n<meta property=\"og:image\" content=\"https:\/\/multi-gyn.com\/app\/uploads\/sites\/50\/2024\/01\/Natural-2QR-Origin.png\" \/>\n\t<meta property=\"og:image:width\" content=\"200\" \/>\n\t<meta property=\"og:image:height\" content=\"200\" \/>\n\t<meta property=\"og:image:type\" content=\"image\/png\" \/>\n<meta name=\"twitter:card\" content=\"summary_large_image\" \/>\n<meta name=\"twitter:label1\" content=\"Est. reading time\" \/>\n\t<meta name=\"twitter:data1\" content=\"2 minutes\" \/>\n<script type=\"application\/ld+json\" class=\"yoast-schema-graph\">{\"@context\":\"https:\/\/schema.org\",\"@graph\":[{\"@type\":\"WebPage\",\"@id\":\"https:\/\/multi-gyn.com\/me\/o-multi-gyn-u\/\",\"url\":\"https:\/\/multi-gyn.com\/me\/o-multi-gyn-u\/\",\"name\":\"O Multi-Gyn-u - Multi-Gyn\",\"isPartOf\":{\"@id\":\"https:\/\/multi-gyn.com\/me\/#website\"},\"primaryImageOfPage\":{\"@id\":\"https:\/\/multi-gyn.com\/me\/o-multi-gyn-u\/#primaryimage\"},\"image\":{\"@id\":\"https:\/\/multi-gyn.com\/me\/o-multi-gyn-u\/#primaryimage\"},\"thumbnailUrl\":\"https:\/\/multi-gyn.com\/app\/uploads\/sites\/50\/2024\/01\/Natural-2QR-Origin.png\",\"datePublished\":\"2024-01-09T07:50:08+00:00\",\"dateModified\":\"2026-03-25T15:00:55+00:00\",\"description\":\"Multi-Gyn proizvodi tretiraju vaginalne tegobe, vra\u0107aju\u0107i prirodnu ravnote\u017eu va\u0161e vaginalne flore.\",\"breadcrumb\":{\"@id\":\"https:\/\/multi-gyn.com\/me\/o-multi-gyn-u\/#breadcrumb\"},\"inLanguage\":\"cnr-ME\",\"potentialAction\":[{\"@type\":\"ReadAction\",\"target\":[\"https:\/\/multi-gyn.com\/me\/o-multi-gyn-u\/\"]}]},{\"@type\":\"ImageObject\",\"inLanguage\":\"cnr-ME\",\"@id\":\"https:\/\/multi-gyn.com\/me\/o-multi-gyn-u\/#primaryimage\",\"url\":\"https:\/\/multi-gyn.com\/app\/uploads\/sites\/50\/2024\/01\/Natural-2QR-Origin.png\",\"contentUrl\":\"https:\/\/multi-gyn.com\/app\/uploads\/sites\/50\/2024\/01\/Natural-2QR-Origin.png\"},{\"@type\":\"BreadcrumbList\",\"@id\":\"https:\/\/multi-gyn.com\/me\/o-multi-gyn-u\/#breadcrumb\",\"itemListElement\":[{\"@type\":\"ListItem\",\"position\":1,\"name\":\"Home\",\"item\":\"https:\/\/multi-gyn.com\/me\/\"},{\"@type\":\"ListItem\",\"position\":2,\"name\":\"O Multi-Gyn-u\"}]},{\"@type\":\"WebSite\",\"@id\":\"https:\/\/multi-gyn.com\/me\/#website\",\"url\":\"https:\/\/multi-gyn.com\/me\/\",\"name\":\"Multi-Gyn\",\"description\":\"\",\"publisher\":{\"@id\":\"https:\/\/multi-gyn.com\/me\/#organization\"},\"potentialAction\":[{\"@type\":\"SearchAction\",\"target\":{\"@type\":\"EntryPoint\",\"urlTemplate\":\"https:\/\/multi-gyn.com\/me\/?s={search_term_string}\"},\"query-input\":{\"@type\":\"PropertyValueSpecification\",\"valueRequired\":true,\"valueName\":\"search_term_string\"}}],\"inLanguage\":\"cnr-ME\"},{\"@type\":\"Organization\",\"@id\":\"https:\/\/multi-gyn.com\/me\/#organization\",\"name\":\"Multi-Gyn\",\"url\":\"https:\/\/multi-gyn.com\/me\/\",\"logo\":{\"@type\":\"ImageObject\",\"inLanguage\":\"cnr-ME\",\"@id\":\"https:\/\/multi-gyn.com\/me\/#\/schema\/logo\/image\/\",\"url\":\"https:\/\/multi-gyn.com\/app\/uploads\/sites\/50\/2024\/01\/multi-gyn-logo.png\",\"contentUrl\":\"https:\/\/multi-gyn.com\/app\/uploads\/sites\/50\/2024\/01\/multi-gyn-logo.png\",\"width\":149,\"height\":32,\"caption\":\"Multi-Gyn\"},\"image\":{\"@id\":\"https:\/\/multi-gyn.com\/me\/#\/schema\/logo\/image\/\"}}]}<\/script>\n<!-- \/ Yoast SEO plugin. -->","yoast_head_json":{"title":"O Multi-Gyn-u - Multi-Gyn","description":"Multi-Gyn proizvodi tretiraju vaginalne tegobe, vra\u0107aju\u0107i prirodnu ravnote\u017eu va\u0161e vaginalne flore.","robots":{"index":"index","follow":"follow","max-snippet":"max-snippet:-1","max-image-preview":"max-image-preview:large","max-video-preview":"max-video-preview:-1"},"canonical":"https:\/\/multi-gyn.com\/me\/o-multi-gyn-u\/","og_locale":"en_US","og_type":"article","og_title":"O Multi-Gyn-u - Multi-Gyn","og_description":"Multi-Gyn proizvodi tretiraju vaginalne tegobe, vra\u0107aju\u0107i prirodnu ravnote\u017eu va\u0161e vaginalne flore.","og_url":"https:\/\/multi-gyn.com\/me\/o-multi-gyn-u\/","og_site_name":"Multi-Gyn","article_modified_time":"2026-03-25T15:00:55+00:00","og_image":[{"width":200,"height":200,"url":"https:\/\/multi-gyn.com\/app\/uploads\/sites\/50\/2024\/01\/Natural-2QR-Origin.png","type":"image\/png"}],"twitter_card":"summary_large_image","twitter_misc":{"Est. reading time":"2 minutes"},"schema":{"@context":"https:\/\/schema.org","@graph":[{"@type":"WebPage","@id":"https:\/\/multi-gyn.com\/me\/o-multi-gyn-u\/","url":"https:\/\/multi-gyn.com\/me\/o-multi-gyn-u\/","name":"O Multi-Gyn-u - Multi-Gyn","isPartOf":{"@id":"https:\/\/multi-gyn.com\/me\/#website"},"primaryImageOfPage":{"@id":"https:\/\/multi-gyn.com\/me\/o-multi-gyn-u\/#primaryimage"},"image":{"@id":"https:\/\/multi-gyn.com\/me\/o-multi-gyn-u\/#primaryimage"},"thumbnailUrl":"https:\/\/multi-gyn.com\/app\/uploads\/sites\/50\/2024\/01\/Natural-2QR-Origin.png","datePublished":"2024-01-09T07:50:08+00:00","dateModified":"2026-03-25T15:00:55+00:00","description":"Multi-Gyn proizvodi tretiraju vaginalne tegobe, vra\u0107aju\u0107i prirodnu ravnote\u017eu va\u0161e vaginalne flore.","breadcrumb":{"@id":"https:\/\/multi-gyn.com\/me\/o-multi-gyn-u\/#breadcrumb"},"inLanguage":"cnr-ME","potentialAction":[{"@type":"ReadAction","target":["https:\/\/multi-gyn.com\/me\/o-multi-gyn-u\/"]}]},{"@type":"ImageObject","inLanguage":"cnr-ME","@id":"https:\/\/multi-gyn.com\/me\/o-multi-gyn-u\/#primaryimage","url":"https:\/\/multi-gyn.com\/app\/uploads\/sites\/50\/2024\/01\/Natural-2QR-Origin.png","contentUrl":"https:\/\/multi-gyn.com\/app\/uploads\/sites\/50\/2024\/01\/Natural-2QR-Origin.png"},{"@type":"BreadcrumbList","@id":"https:\/\/multi-gyn.com\/me\/o-multi-gyn-u\/#breadcrumb","itemListElement":[{"@type":"ListItem","position":1,"name":"Home","item":"https:\/\/multi-gyn.com\/me\/"},{"@type":"ListItem","position":2,"name":"O Multi-Gyn-u"}]},{"@type":"WebSite","@id":"https:\/\/multi-gyn.com\/me\/#website","url":"https:\/\/multi-gyn.com\/me\/","name":"Multi-Gyn","description":"","publisher":{"@id":"https:\/\/multi-gyn.com\/me\/#organization"},"potentialAction":[{"@type":"SearchAction","target":{"@type":"EntryPoint","urlTemplate":"https:\/\/multi-gyn.com\/me\/?s={search_term_string}"},"query-input":{"@type":"PropertyValueSpecification","valueRequired":true,"valueName":"search_term_string"}}],"inLanguage":"cnr-ME"},{"@type":"Organization","@id":"https:\/\/multi-gyn.com\/me\/#organization","name":"Multi-Gyn","url":"https:\/\/multi-gyn.com\/me\/","logo":{"@type":"ImageObject","inLanguage":"cnr-ME","@id":"https:\/\/multi-gyn.com\/me\/#\/schema\/logo\/image\/","url":"https:\/\/multi-gyn.com\/app\/uploads\/sites\/50\/2024\/01\/multi-gyn-logo.png","contentUrl":"https:\/\/multi-gyn.com\/app\/uploads\/sites\/50\/2024\/01\/multi-gyn-logo.png","width":149,"height":32,"caption":"Multi-Gyn"},"image":{"@id":"https:\/\/multi-gyn.com\/me\/#\/schema\/logo\/image\/"}}]}},"_links":{"self":[{"href":"https:\/\/multi-gyn.com\/me\/wp-json\/wp\/v2\/pages\/123","targetHints":{"allow":["GET"]}}],"collection":[{"href":"https:\/\/multi-gyn.com\/me\/wp-json\/wp\/v2\/pages"}],"about":[{"href":"https:\/\/multi-gyn.com\/me\/wp-json\/wp\/v2\/types\/page"}],"author":[{"embeddable":true,"href":"https:\/\/multi-gyn.com\/me\/wp-json\/wp\/v2\/users\/2"}],"replies":[{"embeddable":true,"href":"https:\/\/multi-gyn.com\/me\/wp-json\/wp\/v2\/comments?post=123"}],"version-history":[{"count":8,"href":"https:\/\/multi-gyn.com\/me\/wp-json\/wp\/v2\/pages\/123\/revisions"}],"predecessor-version":[{"id":194,"href":"https:\/\/multi-gyn.com\/me\/wp-json\/wp\/v2\/pages\/123\/revisions\/194"}],"wp:attachment":[{"href":"https:\/\/multi-gyn.com\/me\/wp-json\/wp\/v2\/media?parent=123"}],"wp:term":[{"taxonomy":"from-article-database","embeddable":true,"href":"https:\/\/multi-gyn.com\/me\/wp-json\/wp\/v2\/from-article-database?post=123"}],"curies":[{"name":"wp","href":"https:\/\/api.w.org\/{rel}","templated":true}]}}