{"id":66,"date":"2024-01-03T12:11:02","date_gmt":"2024-01-03T11:11:02","guid":{"rendered":"https:\/\/multi-gyn.com\/me\/?post_type=product&#038;p=66"},"modified":"2024-08-28T12:51:43","modified_gmt":"2024-08-28T10:51:43","slug":"multi-gyn-floraplus","status":"publish","type":"product","link":"https:\/\/multi-gyn.com\/me\/product\/multi-gyn-floraplus\/","title":{"rendered":"Multi-Gyn FloraPlus"},"content":{"rendered":"\n<div class=\"wp-block-karopharma-accordions is-style-secondary\"><div class=\"container\">\n<details class=\"wp-block-karopharma-accordion\"><summary><h2 class=\"accordion-title\">Kada \u0107u osjetiti efekat?<\/h2><\/summary><div class=\"accordion-content\">\n<p>To se razlikuje od osobe do osobe, ali mo\u017eete odmah osjetiti olak\u0161anje simptoma.<\/p>\n<\/div><\/details>\n\n\n\n<details class=\"wp-block-karopharma-accordion\"><summary><h2 class=\"accordion-title\">Da li moram koristiti 5 dana uzastopno?<\/h2><\/summary><div class=\"accordion-content\">\n<p>Da, savjetujemo Vam da koristite 5 monodoza za najbolji efekat.<\/p>\n<\/div><\/details>\n\n\n\n<details class=\"wp-block-karopharma-accordion\"><summary><h2 class=\"accordion-title\">Da li Multi-Gyn FloraPlus ima neke ne\u017eeljene efekte?<\/h2><\/summary><div class=\"accordion-content\">\n<p>Ne, ne postoje poznati ne\u017eeljeni efekti.<\/p>\n<\/div><\/details>\n\n\n\n<details class=\"wp-block-karopharma-accordion\"><summary><h2 class=\"accordion-title\">Za\u0161to je Multi-Gyn FloraPlus druga\u010dija od ostalih proizvoda za tretman gljivi\u010dnih vaginalnih infekcija?<\/h2><\/summary><div class=\"accordion-content\">\n<p>Multi-Gyn FloraPlus ima direktan uticaj na simptome i prirodan je proizvod koji nema negativnog uticaja na vaginalnu floru. Multi-Gyn FloraPlus poma\u017ee rast dobrih bakterija i spre\u010dava rast kandide.<\/p>\n<\/div><\/details>\n\n\n\n<details class=\"wp-block-karopharma-accordion\"><summary><h2 class=\"accordion-title\">Da li mogu koristiti Multi-Gyn FloraPlus u prevenciji ponavljanih gljivi\u010dnih infekcija?<\/h2><\/summary><div class=\"accordion-content\">\n<p>Da. Ona je i razvijena zato \u0161to antimikotici \u010desto, kao sporedni efekat, imaju ponavljanje glivi\u010dnih infekcija. Multi-Gyn FloraPlus \u0107e podsta\u0107i rast dobrih bakterija i ne\u0107e dozvoliti gljivicama da se razvijaju.<\/p>\n<\/div><\/details>\n<\/div><\/div>\n","protected":false},"excerpt":{"rendered":"","protected":false},"featured_media":59,"comment_status":"closed","ping_status":"closed","template":"","meta":{"_acf_changed":false,"footnotes":""},"product_brand":[],"product_cat":[18],"product_tag":[],"class_list":{"0":"post-66","1":"product","2":"type-product","3":"status-publish","4":"has-post-thumbnail","6":"product_cat-tretman","8":"first","9":"instock","10":"shipping-taxable","11":"product-type-simple"},"acf":[],"yoast_head":"<!-- This site is optimized with the Yoast SEO plugin v26.6 - https:\/\/yoast.com\/wordpress\/plugins\/seo\/ -->\n<title>Multi-Gyn FloraPlus - Multi-Gyn<\/title>\n<meta name=\"description\" content=\"lije\u010di i spre\u010dava gljivi\u010dne vaginalne infekcije\" \/>\n<meta name=\"robots\" content=\"index, follow, max-snippet:-1, max-image-preview:large, max-video-preview:-1\" \/>\n<link rel=\"canonical\" href=\"https:\/\/multi-gyn.com\/me\/product\/multi-gyn-floraplus\/\" \/>\n<meta property=\"og:locale\" content=\"en_US\" \/>\n<meta property=\"og:type\" content=\"article\" \/>\n<meta property=\"og:title\" content=\"Multi-Gyn FloraPlus - Multi-Gyn\" \/>\n<meta property=\"og:description\" content=\"lije\u010di i spre\u010dava gljivi\u010dne vaginalne infekcije\" \/>\n<meta property=\"og:url\" content=\"https:\/\/multi-gyn.com\/me\/product\/multi-gyn-floraplus\/\" \/>\n<meta property=\"og:site_name\" content=\"Multi-Gyn\" \/>\n<meta property=\"article:modified_time\" content=\"2024-08-28T10:51:43+00:00\" \/>\n<meta property=\"og:image\" content=\"https:\/\/multi-gyn.com\/app\/uploads\/sites\/50\/2024\/01\/MultiGyn-FloraPlus.png\" \/>\n\t<meta property=\"og:image:width\" content=\"1024\" \/>\n\t<meta property=\"og:image:height\" content=\"1024\" \/>\n\t<meta property=\"og:image:type\" content=\"image\/png\" \/>\n<meta name=\"twitter:card\" content=\"summary_large_image\" \/>\n<meta name=\"twitter:label1\" content=\"Est. reading time\" \/>\n\t<meta name=\"twitter:data1\" content=\"1 minute\" \/>\n<script type=\"application\/ld+json\" class=\"yoast-schema-graph\">{\"@context\":\"https:\/\/schema.org\",\"@graph\":[{\"@type\":\"WebPage\",\"@id\":\"https:\/\/multi-gyn.com\/me\/product\/multi-gyn-floraplus\/\",\"url\":\"https:\/\/multi-gyn.com\/me\/product\/multi-gyn-floraplus\/\",\"name\":\"Multi-Gyn FloraPlus - Multi-Gyn\",\"isPartOf\":{\"@id\":\"https:\/\/multi-gyn.com\/me\/#website\"},\"primaryImageOfPage\":{\"@id\":\"https:\/\/multi-gyn.com\/me\/product\/multi-gyn-floraplus\/#primaryimage\"},\"image\":{\"@id\":\"https:\/\/multi-gyn.com\/me\/product\/multi-gyn-floraplus\/#primaryimage\"},\"thumbnailUrl\":\"https:\/\/multi-gyn.com\/app\/uploads\/sites\/50\/2024\/01\/MultiGyn-FloraPlus.png\",\"datePublished\":\"2024-01-03T11:11:02+00:00\",\"dateModified\":\"2024-08-28T10:51:43+00:00\",\"description\":\"lije\u010di i spre\u010dava gljivi\u010dne vaginalne infekcije\",\"breadcrumb\":{\"@id\":\"https:\/\/multi-gyn.com\/me\/product\/multi-gyn-floraplus\/#breadcrumb\"},\"inLanguage\":\"cnr-ME\",\"potentialAction\":[{\"@type\":\"ReadAction\",\"target\":[\"https:\/\/multi-gyn.com\/me\/product\/multi-gyn-floraplus\/\"]}]},{\"@type\":\"ImageObject\",\"inLanguage\":\"cnr-ME\",\"@id\":\"https:\/\/multi-gyn.com\/me\/product\/multi-gyn-floraplus\/#primaryimage\",\"url\":\"https:\/\/multi-gyn.com\/app\/uploads\/sites\/50\/2024\/01\/MultiGyn-FloraPlus.png\",\"contentUrl\":\"https:\/\/multi-gyn.com\/app\/uploads\/sites\/50\/2024\/01\/MultiGyn-FloraPlus.png\",\"width\":1024,\"height\":1024,\"caption\":\"Multi-Gyn FloraPlus\"},{\"@type\":\"BreadcrumbList\",\"@id\":\"https:\/\/multi-gyn.com\/me\/product\/multi-gyn-floraplus\/#breadcrumb\",\"itemListElement\":[{\"@type\":\"ListItem\",\"position\":1,\"name\":\"Home\",\"item\":\"https:\/\/multi-gyn.com\/me\/\"},{\"@type\":\"ListItem\",\"position\":2,\"name\":\"Proizvodi\",\"item\":\"https:\/\/multi-gyn.com\/me\/proizvodi\/\"},{\"@type\":\"ListItem\",\"position\":3,\"name\":\"Multi-Gyn FloraPlus\"}]},{\"@type\":\"WebSite\",\"@id\":\"https:\/\/multi-gyn.com\/me\/#website\",\"url\":\"https:\/\/multi-gyn.com\/me\/\",\"name\":\"Multi-Gyn\",\"description\":\"\",\"publisher\":{\"@id\":\"https:\/\/multi-gyn.com\/me\/#organization\"},\"potentialAction\":[{\"@type\":\"SearchAction\",\"target\":{\"@type\":\"EntryPoint\",\"urlTemplate\":\"https:\/\/multi-gyn.com\/me\/?s={search_term_string}\"},\"query-input\":{\"@type\":\"PropertyValueSpecification\",\"valueRequired\":true,\"valueName\":\"search_term_string\"}}],\"inLanguage\":\"cnr-ME\"},{\"@type\":\"Organization\",\"@id\":\"https:\/\/multi-gyn.com\/me\/#organization\",\"name\":\"Multi-Gyn\",\"url\":\"https:\/\/multi-gyn.com\/me\/\",\"logo\":{\"@type\":\"ImageObject\",\"inLanguage\":\"cnr-ME\",\"@id\":\"https:\/\/multi-gyn.com\/me\/#\/schema\/logo\/image\/\",\"url\":\"https:\/\/multi-gyn.com\/app\/uploads\/sites\/50\/2024\/01\/multi-gyn-logo.png\",\"contentUrl\":\"https:\/\/multi-gyn.com\/app\/uploads\/sites\/50\/2024\/01\/multi-gyn-logo.png\",\"width\":149,\"height\":32,\"caption\":\"Multi-Gyn\"},\"image\":{\"@id\":\"https:\/\/multi-gyn.com\/me\/#\/schema\/logo\/image\/\"}}]}<\/script>\n<!-- \/ Yoast SEO plugin. -->","yoast_head_json":{"title":"Multi-Gyn FloraPlus - Multi-Gyn","description":"lije\u010di i spre\u010dava gljivi\u010dne vaginalne infekcije","robots":{"index":"index","follow":"follow","max-snippet":"max-snippet:-1","max-image-preview":"max-image-preview:large","max-video-preview":"max-video-preview:-1"},"canonical":"https:\/\/multi-gyn.com\/me\/product\/multi-gyn-floraplus\/","og_locale":"en_US","og_type":"article","og_title":"Multi-Gyn FloraPlus - Multi-Gyn","og_description":"lije\u010di i spre\u010dava gljivi\u010dne vaginalne infekcije","og_url":"https:\/\/multi-gyn.com\/me\/product\/multi-gyn-floraplus\/","og_site_name":"Multi-Gyn","article_modified_time":"2024-08-28T10:51:43+00:00","og_image":[{"width":1024,"height":1024,"url":"https:\/\/multi-gyn.com\/app\/uploads\/sites\/50\/2024\/01\/MultiGyn-FloraPlus.png","type":"image\/png"}],"twitter_card":"summary_large_image","twitter_misc":{"Est. reading time":"1 minute"},"schema":{"@context":"https:\/\/schema.org","@graph":[{"@type":"WebPage","@id":"https:\/\/multi-gyn.com\/me\/product\/multi-gyn-floraplus\/","url":"https:\/\/multi-gyn.com\/me\/product\/multi-gyn-floraplus\/","name":"Multi-Gyn FloraPlus - Multi-Gyn","isPartOf":{"@id":"https:\/\/multi-gyn.com\/me\/#website"},"primaryImageOfPage":{"@id":"https:\/\/multi-gyn.com\/me\/product\/multi-gyn-floraplus\/#primaryimage"},"image":{"@id":"https:\/\/multi-gyn.com\/me\/product\/multi-gyn-floraplus\/#primaryimage"},"thumbnailUrl":"https:\/\/multi-gyn.com\/app\/uploads\/sites\/50\/2024\/01\/MultiGyn-FloraPlus.png","datePublished":"2024-01-03T11:11:02+00:00","dateModified":"2024-08-28T10:51:43+00:00","description":"lije\u010di i spre\u010dava gljivi\u010dne vaginalne infekcije","breadcrumb":{"@id":"https:\/\/multi-gyn.com\/me\/product\/multi-gyn-floraplus\/#breadcrumb"},"inLanguage":"cnr-ME","potentialAction":[{"@type":"ReadAction","target":["https:\/\/multi-gyn.com\/me\/product\/multi-gyn-floraplus\/"]}]},{"@type":"ImageObject","inLanguage":"cnr-ME","@id":"https:\/\/multi-gyn.com\/me\/product\/multi-gyn-floraplus\/#primaryimage","url":"https:\/\/multi-gyn.com\/app\/uploads\/sites\/50\/2024\/01\/MultiGyn-FloraPlus.png","contentUrl":"https:\/\/multi-gyn.com\/app\/uploads\/sites\/50\/2024\/01\/MultiGyn-FloraPlus.png","width":1024,"height":1024,"caption":"Multi-Gyn FloraPlus"},{"@type":"BreadcrumbList","@id":"https:\/\/multi-gyn.com\/me\/product\/multi-gyn-floraplus\/#breadcrumb","itemListElement":[{"@type":"ListItem","position":1,"name":"Home","item":"https:\/\/multi-gyn.com\/me\/"},{"@type":"ListItem","position":2,"name":"Proizvodi","item":"https:\/\/multi-gyn.com\/me\/proizvodi\/"},{"@type":"ListItem","position":3,"name":"Multi-Gyn FloraPlus"}]},{"@type":"WebSite","@id":"https:\/\/multi-gyn.com\/me\/#website","url":"https:\/\/multi-gyn.com\/me\/","name":"Multi-Gyn","description":"","publisher":{"@id":"https:\/\/multi-gyn.com\/me\/#organization"},"potentialAction":[{"@type":"SearchAction","target":{"@type":"EntryPoint","urlTemplate":"https:\/\/multi-gyn.com\/me\/?s={search_term_string}"},"query-input":{"@type":"PropertyValueSpecification","valueRequired":true,"valueName":"search_term_string"}}],"inLanguage":"cnr-ME"},{"@type":"Organization","@id":"https:\/\/multi-gyn.com\/me\/#organization","name":"Multi-Gyn","url":"https:\/\/multi-gyn.com\/me\/","logo":{"@type":"ImageObject","inLanguage":"cnr-ME","@id":"https:\/\/multi-gyn.com\/me\/#\/schema\/logo\/image\/","url":"https:\/\/multi-gyn.com\/app\/uploads\/sites\/50\/2024\/01\/multi-gyn-logo.png","contentUrl":"https:\/\/multi-gyn.com\/app\/uploads\/sites\/50\/2024\/01\/multi-gyn-logo.png","width":149,"height":32,"caption":"Multi-Gyn"},"image":{"@id":"https:\/\/multi-gyn.com\/me\/#\/schema\/logo\/image\/"}}]}},"_links":{"self":[{"href":"https:\/\/multi-gyn.com\/me\/wp-json\/wp\/v2\/product\/66","targetHints":{"allow":["GET"]}}],"collection":[{"href":"https:\/\/multi-gyn.com\/me\/wp-json\/wp\/v2\/product"}],"about":[{"href":"https:\/\/multi-gyn.com\/me\/wp-json\/wp\/v2\/types\/product"}],"replies":[{"embeddable":true,"href":"https:\/\/multi-gyn.com\/me\/wp-json\/wp\/v2\/comments?post=66"}],"version-history":[{"count":4,"href":"https:\/\/multi-gyn.com\/me\/wp-json\/wp\/v2\/product\/66\/revisions"}],"predecessor-version":[{"id":144,"href":"https:\/\/multi-gyn.com\/me\/wp-json\/wp\/v2\/product\/66\/revisions\/144"}],"wp:featuredmedia":[{"embeddable":true,"href":"https:\/\/multi-gyn.com\/me\/wp-json\/wp\/v2\/media\/59"}],"wp:attachment":[{"href":"https:\/\/multi-gyn.com\/me\/wp-json\/wp\/v2\/media?parent=66"}],"wp:term":[{"taxonomy":"product_brand","embeddable":true,"href":"https:\/\/multi-gyn.com\/me\/wp-json\/wp\/v2\/product_brand?post=66"},{"taxonomy":"product_cat","embeddable":true,"href":"https:\/\/multi-gyn.com\/me\/wp-json\/wp\/v2\/product_cat?post=66"},{"taxonomy":"product_tag","embeddable":true,"href":"https:\/\/multi-gyn.com\/me\/wp-json\/wp\/v2\/product_tag?post=66"}],"curies":[{"name":"wp","href":"https:\/\/api.w.org\/{rel}","templated":true}]}}