{"id":70,"date":"2024-01-03T12:13:00","date_gmt":"2024-01-03T11:13:00","guid":{"rendered":"https:\/\/multi-gyn.com\/me\/?post_type=product&#038;p=70"},"modified":"2024-08-28T12:51:43","modified_gmt":"2024-08-28T10:51:43","slug":"multi-gyn-vaginalni-irigator-i-tablete","status":"publish","type":"product","link":"https:\/\/multi-gyn.com\/me\/product\/multi-gyn-vaginalni-irigator-i-tablete\/","title":{"rendered":"Multi-Gyn Vaginalni Irigator i Tablete"},"content":{"rendered":"\n<div class=\"wp-block-karopharma-accordions is-style-secondary\"><div class=\"container\">\n<details class=\"wp-block-karopharma-accordion\"><summary><h2 class=\"accordion-title\">Koliko \u010desto mogu da koristim Multi-Gyn vaginalni irigator?<\/h2><\/summary><div class=\"accordion-content\">\n<p>Savjetujemo Vam da koristite vaginalni irigator posle menstruacije ili odnosa. Nema potrebe koristiti vaginalni irigator \u010de\u0161\u0107e od toga.<\/p>\n<\/div><\/details>\n\n\n\n<details class=\"wp-block-karopharma-accordion\"><summary><h2 class=\"accordion-title\">Da li mogu da koristim Multi-Gyn tablete bez vaginalnog irigatora?<\/h2><\/summary><div class=\"accordion-content\">\n<p>Ne, one su namijenjene samo za primjenu sa vaginalnim irigatorom.<\/p>\n<\/div><\/details>\n\n\n\n<details class=\"wp-block-karopharma-accordion\"><summary><h2 class=\"accordion-title\">Da li moram da iskoristim svu te\u010dnost?<\/h2><\/summary><div class=\"accordion-content\">\n<p>Ne, jedan ne\u017eni stisak je dovoljan.<\/p>\n<\/div><\/details>\n\n\n\n<details class=\"wp-block-karopharma-accordion\"><summary><h2 class=\"accordion-title\">Da li mogu ponovo iskoristiti vaginalnu te\u010dnost za ispiranje?<\/h2><\/summary><div class=\"accordion-content\">\n<p>Ne, apsolutno ne. Te\u010dnost mo\u017ee biti iskori\u0161\u0107ena samo jednom.<\/p>\n<\/div><\/details>\n\n\n\n<details class=\"wp-block-karopharma-accordion\"><summary><h2 class=\"accordion-title\">Da li je te\u0161ko primeniti Multi-Gyn vaginalni irigator?<\/h2><\/summary><div class=\"accordion-content\">\n<p>Ne, nije te\u0161ko koristiti vaginalni irigator. Me\u0111utim, morate biti sigurni da ste opu\u0161teni i da stojite ili sjedite u udobnom polo\u017eaju. Za vi\u0161e informacija o tome kako da koristite Multi- Gyn vaginalni irigator molimo Vas da pogledate uputstvo za upotrebu.<\/p>\n<\/div><\/details>\n\n\n\n<details class=\"wp-block-karopharma-accordion\"><summary><h2 class=\"accordion-title\">Da li mogu da koristim Multi-Gyn vaginalni irigator sa vodom?<\/h2><\/summary><div class=\"accordion-content\">\n<p>Da, mo\u017eete da koristite Multi- Gyn vaginalni irigator samo sa mlakom vodom.<\/p>\n<\/div><\/details>\n<\/div><\/div>\n","protected":false},"excerpt":{"rendered":"","protected":false},"featured_media":71,"comment_status":"closed","ping_status":"closed","template":"","meta":{"_acf_changed":false,"footnotes":""},"product_brand":[],"product_cat":[19],"product_tag":[],"class_list":{"0":"post-70","1":"product","2":"type-product","3":"status-publish","4":"has-post-thumbnail","6":"product_cat-higijena-i-nega","8":"first","9":"instock","10":"shipping-taxable","11":"product-type-simple"},"acf":[],"yoast_head":"<!-- This site is optimized with the Yoast SEO plugin v26.6 - https:\/\/yoast.com\/wordpress\/plugins\/seo\/ -->\n<title>Multi-Gyn Vaginalni Irigator i Tablete - Multi-Gyn<\/title>\n<meta name=\"description\" content=\"Za optimalnu vaginalnu higijenu\" \/>\n<meta name=\"robots\" content=\"index, follow, max-snippet:-1, max-image-preview:large, max-video-preview:-1\" \/>\n<link rel=\"canonical\" href=\"https:\/\/multi-gyn.com\/me\/product\/multi-gyn-vaginalni-irigator-i-tablete\/\" \/>\n<meta property=\"og:locale\" content=\"en_US\" \/>\n<meta property=\"og:type\" content=\"article\" \/>\n<meta property=\"og:title\" content=\"Multi-Gyn Vaginalni Irigator i Tablete - Multi-Gyn\" \/>\n<meta property=\"og:description\" content=\"Za optimalnu vaginalnu higijenu\" \/>\n<meta property=\"og:url\" content=\"https:\/\/multi-gyn.com\/me\/product\/multi-gyn-vaginalni-irigator-i-tablete\/\" \/>\n<meta property=\"og:site_name\" content=\"Multi-Gyn\" \/>\n<meta property=\"article:modified_time\" content=\"2024-08-28T10:51:43+00:00\" \/>\n<meta property=\"og:image\" content=\"https:\/\/multi-gyn.com\/app\/uploads\/sites\/50\/2024\/01\/Multi-Gyn-VaginalDouche.png\" \/>\n\t<meta property=\"og:image:width\" content=\"800\" \/>\n\t<meta property=\"og:image:height\" content=\"800\" \/>\n\t<meta property=\"og:image:type\" content=\"image\/png\" \/>\n<meta name=\"twitter:card\" content=\"summary_large_image\" \/>\n<meta name=\"twitter:label1\" content=\"Est. reading time\" \/>\n\t<meta name=\"twitter:data1\" content=\"1 minute\" \/>\n<script type=\"application\/ld+json\" class=\"yoast-schema-graph\">{\"@context\":\"https:\/\/schema.org\",\"@graph\":[{\"@type\":\"WebPage\",\"@id\":\"https:\/\/multi-gyn.com\/me\/product\/multi-gyn-vaginalni-irigator-i-tablete\/\",\"url\":\"https:\/\/multi-gyn.com\/me\/product\/multi-gyn-vaginalni-irigator-i-tablete\/\",\"name\":\"Multi-Gyn Vaginalni Irigator i Tablete - Multi-Gyn\",\"isPartOf\":{\"@id\":\"https:\/\/multi-gyn.com\/me\/#website\"},\"primaryImageOfPage\":{\"@id\":\"https:\/\/multi-gyn.com\/me\/product\/multi-gyn-vaginalni-irigator-i-tablete\/#primaryimage\"},\"image\":{\"@id\":\"https:\/\/multi-gyn.com\/me\/product\/multi-gyn-vaginalni-irigator-i-tablete\/#primaryimage\"},\"thumbnailUrl\":\"https:\/\/multi-gyn.com\/app\/uploads\/sites\/50\/2024\/01\/Multi-Gyn-VaginalDouche.png\",\"datePublished\":\"2024-01-03T11:13:00+00:00\",\"dateModified\":\"2024-08-28T10:51:43+00:00\",\"description\":\"Za optimalnu vaginalnu higijenu\",\"breadcrumb\":{\"@id\":\"https:\/\/multi-gyn.com\/me\/product\/multi-gyn-vaginalni-irigator-i-tablete\/#breadcrumb\"},\"inLanguage\":\"cnr-ME\",\"potentialAction\":[{\"@type\":\"ReadAction\",\"target\":[\"https:\/\/multi-gyn.com\/me\/product\/multi-gyn-vaginalni-irigator-i-tablete\/\"]}]},{\"@type\":\"ImageObject\",\"inLanguage\":\"cnr-ME\",\"@id\":\"https:\/\/multi-gyn.com\/me\/product\/multi-gyn-vaginalni-irigator-i-tablete\/#primaryimage\",\"url\":\"https:\/\/multi-gyn.com\/app\/uploads\/sites\/50\/2024\/01\/Multi-Gyn-VaginalDouche.png\",\"contentUrl\":\"https:\/\/multi-gyn.com\/app\/uploads\/sites\/50\/2024\/01\/Multi-Gyn-VaginalDouche.png\",\"width\":800,\"height\":800,\"caption\":\"Multi-Gyn-VaginalDouche\"},{\"@type\":\"BreadcrumbList\",\"@id\":\"https:\/\/multi-gyn.com\/me\/product\/multi-gyn-vaginalni-irigator-i-tablete\/#breadcrumb\",\"itemListElement\":[{\"@type\":\"ListItem\",\"position\":1,\"name\":\"Home\",\"item\":\"https:\/\/multi-gyn.com\/me\/\"},{\"@type\":\"ListItem\",\"position\":2,\"name\":\"Proizvodi\",\"item\":\"https:\/\/multi-gyn.com\/me\/proizvodi\/\"},{\"@type\":\"ListItem\",\"position\":3,\"name\":\"Multi-Gyn Vaginalni Irigator i Tablete\"}]},{\"@type\":\"WebSite\",\"@id\":\"https:\/\/multi-gyn.com\/me\/#website\",\"url\":\"https:\/\/multi-gyn.com\/me\/\",\"name\":\"Multi-Gyn\",\"description\":\"\",\"publisher\":{\"@id\":\"https:\/\/multi-gyn.com\/me\/#organization\"},\"potentialAction\":[{\"@type\":\"SearchAction\",\"target\":{\"@type\":\"EntryPoint\",\"urlTemplate\":\"https:\/\/multi-gyn.com\/me\/?s={search_term_string}\"},\"query-input\":{\"@type\":\"PropertyValueSpecification\",\"valueRequired\":true,\"valueName\":\"search_term_string\"}}],\"inLanguage\":\"cnr-ME\"},{\"@type\":\"Organization\",\"@id\":\"https:\/\/multi-gyn.com\/me\/#organization\",\"name\":\"Multi-Gyn\",\"url\":\"https:\/\/multi-gyn.com\/me\/\",\"logo\":{\"@type\":\"ImageObject\",\"inLanguage\":\"cnr-ME\",\"@id\":\"https:\/\/multi-gyn.com\/me\/#\/schema\/logo\/image\/\",\"url\":\"https:\/\/multi-gyn.com\/app\/uploads\/sites\/50\/2024\/01\/multi-gyn-logo.png\",\"contentUrl\":\"https:\/\/multi-gyn.com\/app\/uploads\/sites\/50\/2024\/01\/multi-gyn-logo.png\",\"width\":149,\"height\":32,\"caption\":\"Multi-Gyn\"},\"image\":{\"@id\":\"https:\/\/multi-gyn.com\/me\/#\/schema\/logo\/image\/\"}}]}<\/script>\n<!-- \/ Yoast SEO plugin. -->","yoast_head_json":{"title":"Multi-Gyn Vaginalni Irigator i Tablete - Multi-Gyn","description":"Za optimalnu vaginalnu higijenu","robots":{"index":"index","follow":"follow","max-snippet":"max-snippet:-1","max-image-preview":"max-image-preview:large","max-video-preview":"max-video-preview:-1"},"canonical":"https:\/\/multi-gyn.com\/me\/product\/multi-gyn-vaginalni-irigator-i-tablete\/","og_locale":"en_US","og_type":"article","og_title":"Multi-Gyn Vaginalni Irigator i Tablete - Multi-Gyn","og_description":"Za optimalnu vaginalnu higijenu","og_url":"https:\/\/multi-gyn.com\/me\/product\/multi-gyn-vaginalni-irigator-i-tablete\/","og_site_name":"Multi-Gyn","article_modified_time":"2024-08-28T10:51:43+00:00","og_image":[{"width":800,"height":800,"url":"https:\/\/multi-gyn.com\/app\/uploads\/sites\/50\/2024\/01\/Multi-Gyn-VaginalDouche.png","type":"image\/png"}],"twitter_card":"summary_large_image","twitter_misc":{"Est. reading time":"1 minute"},"schema":{"@context":"https:\/\/schema.org","@graph":[{"@type":"WebPage","@id":"https:\/\/multi-gyn.com\/me\/product\/multi-gyn-vaginalni-irigator-i-tablete\/","url":"https:\/\/multi-gyn.com\/me\/product\/multi-gyn-vaginalni-irigator-i-tablete\/","name":"Multi-Gyn Vaginalni Irigator i Tablete - Multi-Gyn","isPartOf":{"@id":"https:\/\/multi-gyn.com\/me\/#website"},"primaryImageOfPage":{"@id":"https:\/\/multi-gyn.com\/me\/product\/multi-gyn-vaginalni-irigator-i-tablete\/#primaryimage"},"image":{"@id":"https:\/\/multi-gyn.com\/me\/product\/multi-gyn-vaginalni-irigator-i-tablete\/#primaryimage"},"thumbnailUrl":"https:\/\/multi-gyn.com\/app\/uploads\/sites\/50\/2024\/01\/Multi-Gyn-VaginalDouche.png","datePublished":"2024-01-03T11:13:00+00:00","dateModified":"2024-08-28T10:51:43+00:00","description":"Za optimalnu vaginalnu higijenu","breadcrumb":{"@id":"https:\/\/multi-gyn.com\/me\/product\/multi-gyn-vaginalni-irigator-i-tablete\/#breadcrumb"},"inLanguage":"cnr-ME","potentialAction":[{"@type":"ReadAction","target":["https:\/\/multi-gyn.com\/me\/product\/multi-gyn-vaginalni-irigator-i-tablete\/"]}]},{"@type":"ImageObject","inLanguage":"cnr-ME","@id":"https:\/\/multi-gyn.com\/me\/product\/multi-gyn-vaginalni-irigator-i-tablete\/#primaryimage","url":"https:\/\/multi-gyn.com\/app\/uploads\/sites\/50\/2024\/01\/Multi-Gyn-VaginalDouche.png","contentUrl":"https:\/\/multi-gyn.com\/app\/uploads\/sites\/50\/2024\/01\/Multi-Gyn-VaginalDouche.png","width":800,"height":800,"caption":"Multi-Gyn-VaginalDouche"},{"@type":"BreadcrumbList","@id":"https:\/\/multi-gyn.com\/me\/product\/multi-gyn-vaginalni-irigator-i-tablete\/#breadcrumb","itemListElement":[{"@type":"ListItem","position":1,"name":"Home","item":"https:\/\/multi-gyn.com\/me\/"},{"@type":"ListItem","position":2,"name":"Proizvodi","item":"https:\/\/multi-gyn.com\/me\/proizvodi\/"},{"@type":"ListItem","position":3,"name":"Multi-Gyn Vaginalni Irigator i Tablete"}]},{"@type":"WebSite","@id":"https:\/\/multi-gyn.com\/me\/#website","url":"https:\/\/multi-gyn.com\/me\/","name":"Multi-Gyn","description":"","publisher":{"@id":"https:\/\/multi-gyn.com\/me\/#organization"},"potentialAction":[{"@type":"SearchAction","target":{"@type":"EntryPoint","urlTemplate":"https:\/\/multi-gyn.com\/me\/?s={search_term_string}"},"query-input":{"@type":"PropertyValueSpecification","valueRequired":true,"valueName":"search_term_string"}}],"inLanguage":"cnr-ME"},{"@type":"Organization","@id":"https:\/\/multi-gyn.com\/me\/#organization","name":"Multi-Gyn","url":"https:\/\/multi-gyn.com\/me\/","logo":{"@type":"ImageObject","inLanguage":"cnr-ME","@id":"https:\/\/multi-gyn.com\/me\/#\/schema\/logo\/image\/","url":"https:\/\/multi-gyn.com\/app\/uploads\/sites\/50\/2024\/01\/multi-gyn-logo.png","contentUrl":"https:\/\/multi-gyn.com\/app\/uploads\/sites\/50\/2024\/01\/multi-gyn-logo.png","width":149,"height":32,"caption":"Multi-Gyn"},"image":{"@id":"https:\/\/multi-gyn.com\/me\/#\/schema\/logo\/image\/"}}]}},"_links":{"self":[{"href":"https:\/\/multi-gyn.com\/me\/wp-json\/wp\/v2\/product\/70","targetHints":{"allow":["GET"]}}],"collection":[{"href":"https:\/\/multi-gyn.com\/me\/wp-json\/wp\/v2\/product"}],"about":[{"href":"https:\/\/multi-gyn.com\/me\/wp-json\/wp\/v2\/types\/product"}],"replies":[{"embeddable":true,"href":"https:\/\/multi-gyn.com\/me\/wp-json\/wp\/v2\/comments?post=70"}],"version-history":[{"count":3,"href":"https:\/\/multi-gyn.com\/me\/wp-json\/wp\/v2\/product\/70\/revisions"}],"predecessor-version":[{"id":142,"href":"https:\/\/multi-gyn.com\/me\/wp-json\/wp\/v2\/product\/70\/revisions\/142"}],"wp:featuredmedia":[{"embeddable":true,"href":"https:\/\/multi-gyn.com\/me\/wp-json\/wp\/v2\/media\/71"}],"wp:attachment":[{"href":"https:\/\/multi-gyn.com\/me\/wp-json\/wp\/v2\/media?parent=70"}],"wp:term":[{"taxonomy":"product_brand","embeddable":true,"href":"https:\/\/multi-gyn.com\/me\/wp-json\/wp\/v2\/product_brand?post=70"},{"taxonomy":"product_cat","embeddable":true,"href":"https:\/\/multi-gyn.com\/me\/wp-json\/wp\/v2\/product_cat?post=70"},{"taxonomy":"product_tag","embeddable":true,"href":"https:\/\/multi-gyn.com\/me\/wp-json\/wp\/v2\/product_tag?post=70"}],"curies":[{"name":"wp","href":"https:\/\/api.w.org\/{rel}","templated":true}]}}