{"id":137,"date":"2022-12-06T12:06:26","date_gmt":"2022-12-06T12:06:26","guid":{"rendered":"https:\/\/multi-gyn.com\/pt\/?page_id=137"},"modified":"2026-03-25T15:03:00","modified_gmt":"2026-03-25T15:03:00","slug":"porque-usar-multi-gyn","status":"publish","type":"page","link":"https:\/\/multi-gyn.com\/pt\/porque-usar-multi-gyn\/","title":{"rendered":"Porqu\u00ea usar Multi-Gyn"},"content":{"rendered":"\n<div class=\"wp-block-karopharma-free-text pt-large pb-large bg-center bg-cover bg-no-repeat  is-style-primary\" style=\"background-image:url(https:\/\/multi-gyn.com\/cdn-cgi\/image\/format=auto\/app\/uploads\/sites\/34\/2026\/03\/About-new.jpg)\"><div class=\"free-text-wrapper container max-w-large text-left\">\n<div style=\"height:100px\" aria-hidden=\"true\" class=\"wp-block-spacer is-style-responsive-medium\"><\/div>\n\n\n\n<h1 class=\"wp-block-heading has-text-align-center is-style-heading-huge has-white-color has-text-color\">Porqu\u00ea usar Multi-Gyn<\/h1>\n\n\n\n<div style=\"height:100px\" aria-hidden=\"true\" class=\"wp-block-spacer is-style-responsive-medium\"><\/div>\n<\/div><\/div>\n\n\n\n<div class=\"wp-block-karopharma-free-text pt-large pb-large bg-center bg-cover bg-no-repeat\" style=\"background-image:url()\"><div class=\"free-text-wrapper container max-w-medium text-left\">\n<h3 class=\"wp-block-heading is-style-heading-h2\"><strong>Multi-Gyn \u00e9 uma gama completa de produtos de cuidados \u00edntimos<\/strong><\/h3>\n\n\n\n<p>Os nossos produtos proporcionam o al\u00edvio de desconfortos \u00edntimos como o mau-odor, prurido, sensa\u00e7\u00e3o de ardor, corrimento excessivo e uma \u00f3ptima higiene di\u00e1ria.<\/p>\n\n\n\n<p>A Marca foi fundada em 1996, entre outras, por Annelize Goedbloed, M\u00e9dica Bi\u00f3loga. Ela quis oferecer \u00e0s mulheres uma alternativa ao tratamento comum dos desconfortos vaginais, o qual pode ter efeitos secund\u00e1rios fortes e causar problemas de recorr\u00eancia.<\/p>\n\n\n\n<p>Multi-Gyn, entende as necessidades das mulheres quando se trata de desconfortos \u00edntimos e o impacto que estes t\u00eam nas suas vidas. Por isso, oferece produtos que proporcionam al\u00edvio direto dos desconfortos \u00edntimos de uma forma natural, sem efeitos secund\u00e1rios conhecidos. Os nossos produtos s\u00e3o baseados no complexo 2QR \u00fanico (pronunciado \u201cto cure\u201d) que restaura e normaliza a flora natural da vagina.<\/p>\n\n\n\n<figure class=\"wp-block-image size-full\"><a href=\"https:\/\/multi-gyn.com\/pt\/porque-usar-multi-gyn\/ingredientes-ativos\/\"><img loading=\"lazy\" decoding=\"async\" width=\"300\" height=\"50\" src=\"https:\/\/multi-gyn.com\/app\/uploads\/sites\/34\/2022\/12\/active-ingredients.png\" alt=\"\" class=\"wp-image-148\"\/><\/a><\/figure>\n\n\n\n<h3 class=\"wp-block-heading is-style-heading-h2\"><strong>Como funciona<\/strong><\/h3>\n\n\n\n<p>Os produtos Multi-Gyn restauram e protegem o equil\u00edbrio natural vaginal. Se a flora vaginal est\u00e1 equilibrada, est\u00e1 naturalmente protegida contra bact\u00e9rias e fungos que causam desconfortos. Quando o equil\u00edbrio \u00e9 perturbado, desconfortos como o prurido, corrimento excessivo, mau odor e secura podem surgir.<\/p>\n\n\n\n<p>Os nossos produtos atuam na otimiza\u00e7\u00e3o da flora natural e suportam o crescimento das bact\u00e9rias saud\u00e1veis, que ajudam na prote\u00e7\u00e3o contra desconfortos e infe\u00e7\u00f5es.<\/p>\n\n\n\n<figure class=\"wp-block-image size-full\"><a href=\"https:\/\/multi-gyn.com\/pt\/porque-usar-multi-gyn\/como-funciona\/\"><img loading=\"lazy\" decoding=\"async\" width=\"300\" height=\"50\" src=\"https:\/\/multi-gyn.com\/app\/uploads\/sites\/34\/2022\/12\/how-it-works.png\" alt=\"\" class=\"wp-image-147\"\/><\/a><\/figure>\n\n\n\n<p>Multi-Gyn oferece uma gama completa de produtos de cuidados \u00edntimos. Oferecemos produtos para a preven\u00e7\u00e3o e tratamento de desconfortos vaginais como o prurido, secura vaginal, corrimento, mau odor, vaginose bacteriana e candid\u00edase.<\/p>\n<\/div><\/div>\n","protected":false},"excerpt":{"rendered":"","protected":false},"author":6,"featured_media":0,"parent":0,"menu_order":0,"comment_status":"closed","ping_status":"closed","template":"","meta":{"_acf_changed":false,"footnotes":""},"from-article-database":[],"class_list":["post-137","page","type-page","status-publish","hentry"],"acf":[],"yoast_head":"<!-- This site is optimized with the Yoast SEO plugin v26.6 - https:\/\/yoast.com\/wordpress\/plugins\/seo\/ -->\n<title>Porqu\u00ea usar Multi-Gyn - Multi-Gyn<\/title>\n<meta name=\"description\" content=\"Multi-Gyn \u00e9 uma gama completa de produtos de cuidados \u00edntimos. Os produtos Multi-Gyn proporcionam o al\u00edvio de desconfortos \u00edntimos como o mau-odor, prurido, sensa\u00e7\u00e3o de ardor, corrimento excessivo e uma \u00f3ptima higiene di\u00e1ria.\" \/>\n<meta name=\"robots\" content=\"index, follow, max-snippet:-1, max-image-preview:large, max-video-preview:-1\" \/>\n<link rel=\"canonical\" href=\"https:\/\/multi-gyn.com\/pt\/porque-usar-multi-gyn\/\" \/>\n<meta property=\"og:locale\" content=\"pt_PT\" \/>\n<meta property=\"og:type\" content=\"article\" \/>\n<meta property=\"og:title\" content=\"Porqu\u00ea usar Multi-Gyn - Multi-Gyn\" \/>\n<meta property=\"og:description\" content=\"Multi-Gyn \u00e9 uma gama completa de produtos de cuidados \u00edntimos. Os produtos Multi-Gyn proporcionam o al\u00edvio de desconfortos \u00edntimos como o mau-odor, prurido, sensa\u00e7\u00e3o de ardor, corrimento excessivo e uma \u00f3ptima higiene di\u00e1ria.\" \/>\n<meta property=\"og:url\" content=\"https:\/\/multi-gyn.com\/pt\/porque-usar-multi-gyn\/\" \/>\n<meta property=\"og:site_name\" content=\"Multi-Gyn\" \/>\n<meta property=\"article:modified_time\" content=\"2026-03-25T15:03:00+00:00\" \/>\n<meta property=\"og:image\" content=\"https:\/\/multi-gyn.com\/app\/uploads\/sites\/34\/2022\/12\/active-ingredients.png\" \/>\n\t<meta property=\"og:image:width\" content=\"300\" \/>\n\t<meta property=\"og:image:height\" content=\"50\" \/>\n\t<meta property=\"og:image:type\" content=\"image\/png\" \/>\n<meta name=\"twitter:card\" content=\"summary_large_image\" \/>\n<meta name=\"twitter:label1\" content=\"Tempo estimado de leitura\" \/>\n\t<meta name=\"twitter:data1\" content=\"2 minutos\" \/>\n<script type=\"application\/ld+json\" class=\"yoast-schema-graph\">{\"@context\":\"https:\/\/schema.org\",\"@graph\":[{\"@type\":\"WebPage\",\"@id\":\"https:\/\/multi-gyn.com\/pt\/porque-usar-multi-gyn\/\",\"url\":\"https:\/\/multi-gyn.com\/pt\/porque-usar-multi-gyn\/\",\"name\":\"Porqu\u00ea usar Multi-Gyn - Multi-Gyn\",\"isPartOf\":{\"@id\":\"https:\/\/multi-gyn.com\/pt\/#website\"},\"primaryImageOfPage\":{\"@id\":\"https:\/\/multi-gyn.com\/pt\/porque-usar-multi-gyn\/#primaryimage\"},\"image\":{\"@id\":\"https:\/\/multi-gyn.com\/pt\/porque-usar-multi-gyn\/#primaryimage\"},\"thumbnailUrl\":\"https:\/\/multi-gyn.com\/app\/uploads\/sites\/34\/2022\/12\/active-ingredients.png\",\"datePublished\":\"2022-12-06T12:06:26+00:00\",\"dateModified\":\"2026-03-25T15:03:00+00:00\",\"description\":\"Multi-Gyn \u00e9 uma gama completa de produtos de cuidados \u00edntimos. Os produtos Multi-Gyn proporcionam o al\u00edvio de desconfortos \u00edntimos como o mau-odor, prurido, sensa\u00e7\u00e3o de ardor, corrimento excessivo e uma \u00f3ptima higiene di\u00e1ria.\",\"breadcrumb\":{\"@id\":\"https:\/\/multi-gyn.com\/pt\/porque-usar-multi-gyn\/#breadcrumb\"},\"inLanguage\":\"pt-PT\",\"potentialAction\":[{\"@type\":\"ReadAction\",\"target\":[\"https:\/\/multi-gyn.com\/pt\/porque-usar-multi-gyn\/\"]}]},{\"@type\":\"ImageObject\",\"inLanguage\":\"pt-PT\",\"@id\":\"https:\/\/multi-gyn.com\/pt\/porque-usar-multi-gyn\/#primaryimage\",\"url\":\"https:\/\/multi-gyn.com\/app\/uploads\/sites\/34\/2022\/12\/active-ingredients.png\",\"contentUrl\":\"https:\/\/multi-gyn.com\/app\/uploads\/sites\/34\/2022\/12\/active-ingredients.png\"},{\"@type\":\"BreadcrumbList\",\"@id\":\"https:\/\/multi-gyn.com\/pt\/porque-usar-multi-gyn\/#breadcrumb\",\"itemListElement\":[{\"@type\":\"ListItem\",\"position\":1,\"name\":\"Home\",\"item\":\"https:\/\/multi-gyn.com\/pt\/\"},{\"@type\":\"ListItem\",\"position\":2,\"name\":\"Porqu\u00ea usar Multi-Gyn\"}]},{\"@type\":\"WebSite\",\"@id\":\"https:\/\/multi-gyn.com\/pt\/#website\",\"url\":\"https:\/\/multi-gyn.com\/pt\/\",\"name\":\"Multi-Gyn\",\"description\":\"\",\"publisher\":{\"@id\":\"https:\/\/multi-gyn.com\/pt\/#organization\"},\"potentialAction\":[{\"@type\":\"SearchAction\",\"target\":{\"@type\":\"EntryPoint\",\"urlTemplate\":\"https:\/\/multi-gyn.com\/pt\/?s={search_term_string}\"},\"query-input\":{\"@type\":\"PropertyValueSpecification\",\"valueRequired\":true,\"valueName\":\"search_term_string\"}}],\"inLanguage\":\"pt-PT\"},{\"@type\":\"Organization\",\"@id\":\"https:\/\/multi-gyn.com\/pt\/#organization\",\"name\":\"Multi-Gyn\",\"url\":\"https:\/\/multi-gyn.com\/pt\/\",\"logo\":{\"@type\":\"ImageObject\",\"inLanguage\":\"pt-PT\",\"@id\":\"https:\/\/multi-gyn.com\/pt\/#\/schema\/logo\/image\/\",\"url\":\"https:\/\/multi-gyn.com\/app\/uploads\/sites\/34\/2022\/11\/multi-gyn-logo.png\",\"contentUrl\":\"https:\/\/multi-gyn.com\/app\/uploads\/sites\/34\/2022\/11\/multi-gyn-logo.png\",\"width\":149,\"height\":32,\"caption\":\"Multi-Gyn\"},\"image\":{\"@id\":\"https:\/\/multi-gyn.com\/pt\/#\/schema\/logo\/image\/\"}}]}<\/script>\n<!-- \/ Yoast SEO plugin. -->","yoast_head_json":{"title":"Porqu\u00ea usar Multi-Gyn - Multi-Gyn","description":"Multi-Gyn \u00e9 uma gama completa de produtos de cuidados \u00edntimos. Os produtos Multi-Gyn proporcionam o al\u00edvio de desconfortos \u00edntimos como o mau-odor, prurido, sensa\u00e7\u00e3o de ardor, corrimento excessivo e uma \u00f3ptima higiene di\u00e1ria.","robots":{"index":"index","follow":"follow","max-snippet":"max-snippet:-1","max-image-preview":"max-image-preview:large","max-video-preview":"max-video-preview:-1"},"canonical":"https:\/\/multi-gyn.com\/pt\/porque-usar-multi-gyn\/","og_locale":"pt_PT","og_type":"article","og_title":"Porqu\u00ea usar Multi-Gyn - Multi-Gyn","og_description":"Multi-Gyn \u00e9 uma gama completa de produtos de cuidados \u00edntimos. Os produtos Multi-Gyn proporcionam o al\u00edvio de desconfortos \u00edntimos como o mau-odor, prurido, sensa\u00e7\u00e3o de ardor, corrimento excessivo e uma \u00f3ptima higiene di\u00e1ria.","og_url":"https:\/\/multi-gyn.com\/pt\/porque-usar-multi-gyn\/","og_site_name":"Multi-Gyn","article_modified_time":"2026-03-25T15:03:00+00:00","og_image":[{"width":300,"height":50,"url":"https:\/\/multi-gyn.com\/app\/uploads\/sites\/34\/2022\/12\/active-ingredients.png","type":"image\/png"}],"twitter_card":"summary_large_image","twitter_misc":{"Tempo estimado de leitura":"2 minutos"},"schema":{"@context":"https:\/\/schema.org","@graph":[{"@type":"WebPage","@id":"https:\/\/multi-gyn.com\/pt\/porque-usar-multi-gyn\/","url":"https:\/\/multi-gyn.com\/pt\/porque-usar-multi-gyn\/","name":"Porqu\u00ea usar Multi-Gyn - Multi-Gyn","isPartOf":{"@id":"https:\/\/multi-gyn.com\/pt\/#website"},"primaryImageOfPage":{"@id":"https:\/\/multi-gyn.com\/pt\/porque-usar-multi-gyn\/#primaryimage"},"image":{"@id":"https:\/\/multi-gyn.com\/pt\/porque-usar-multi-gyn\/#primaryimage"},"thumbnailUrl":"https:\/\/multi-gyn.com\/app\/uploads\/sites\/34\/2022\/12\/active-ingredients.png","datePublished":"2022-12-06T12:06:26+00:00","dateModified":"2026-03-25T15:03:00+00:00","description":"Multi-Gyn \u00e9 uma gama completa de produtos de cuidados \u00edntimos. Os produtos Multi-Gyn proporcionam o al\u00edvio de desconfortos \u00edntimos como o mau-odor, prurido, sensa\u00e7\u00e3o de ardor, corrimento excessivo e uma \u00f3ptima higiene di\u00e1ria.","breadcrumb":{"@id":"https:\/\/multi-gyn.com\/pt\/porque-usar-multi-gyn\/#breadcrumb"},"inLanguage":"pt-PT","potentialAction":[{"@type":"ReadAction","target":["https:\/\/multi-gyn.com\/pt\/porque-usar-multi-gyn\/"]}]},{"@type":"ImageObject","inLanguage":"pt-PT","@id":"https:\/\/multi-gyn.com\/pt\/porque-usar-multi-gyn\/#primaryimage","url":"https:\/\/multi-gyn.com\/app\/uploads\/sites\/34\/2022\/12\/active-ingredients.png","contentUrl":"https:\/\/multi-gyn.com\/app\/uploads\/sites\/34\/2022\/12\/active-ingredients.png"},{"@type":"BreadcrumbList","@id":"https:\/\/multi-gyn.com\/pt\/porque-usar-multi-gyn\/#breadcrumb","itemListElement":[{"@type":"ListItem","position":1,"name":"Home","item":"https:\/\/multi-gyn.com\/pt\/"},{"@type":"ListItem","position":2,"name":"Porqu\u00ea usar Multi-Gyn"}]},{"@type":"WebSite","@id":"https:\/\/multi-gyn.com\/pt\/#website","url":"https:\/\/multi-gyn.com\/pt\/","name":"Multi-Gyn","description":"","publisher":{"@id":"https:\/\/multi-gyn.com\/pt\/#organization"},"potentialAction":[{"@type":"SearchAction","target":{"@type":"EntryPoint","urlTemplate":"https:\/\/multi-gyn.com\/pt\/?s={search_term_string}"},"query-input":{"@type":"PropertyValueSpecification","valueRequired":true,"valueName":"search_term_string"}}],"inLanguage":"pt-PT"},{"@type":"Organization","@id":"https:\/\/multi-gyn.com\/pt\/#organization","name":"Multi-Gyn","url":"https:\/\/multi-gyn.com\/pt\/","logo":{"@type":"ImageObject","inLanguage":"pt-PT","@id":"https:\/\/multi-gyn.com\/pt\/#\/schema\/logo\/image\/","url":"https:\/\/multi-gyn.com\/app\/uploads\/sites\/34\/2022\/11\/multi-gyn-logo.png","contentUrl":"https:\/\/multi-gyn.com\/app\/uploads\/sites\/34\/2022\/11\/multi-gyn-logo.png","width":149,"height":32,"caption":"Multi-Gyn"},"image":{"@id":"https:\/\/multi-gyn.com\/pt\/#\/schema\/logo\/image\/"}}]}},"_links":{"self":[{"href":"https:\/\/multi-gyn.com\/pt\/wp-json\/wp\/v2\/pages\/137","targetHints":{"allow":["GET"]}}],"collection":[{"href":"https:\/\/multi-gyn.com\/pt\/wp-json\/wp\/v2\/pages"}],"about":[{"href":"https:\/\/multi-gyn.com\/pt\/wp-json\/wp\/v2\/types\/page"}],"author":[{"embeddable":true,"href":"https:\/\/multi-gyn.com\/pt\/wp-json\/wp\/v2\/users\/6"}],"replies":[{"embeddable":true,"href":"https:\/\/multi-gyn.com\/pt\/wp-json\/wp\/v2\/comments?post=137"}],"version-history":[{"count":10,"href":"https:\/\/multi-gyn.com\/pt\/wp-json\/wp\/v2\/pages\/137\/revisions"}],"predecessor-version":[{"id":778,"href":"https:\/\/multi-gyn.com\/pt\/wp-json\/wp\/v2\/pages\/137\/revisions\/778"}],"wp:attachment":[{"href":"https:\/\/multi-gyn.com\/pt\/wp-json\/wp\/v2\/media?parent=137"}],"wp:term":[{"taxonomy":"from-article-database","embeddable":true,"href":"https:\/\/multi-gyn.com\/pt\/wp-json\/wp\/v2\/from-article-database?post=137"}],"curies":[{"name":"wp","href":"https:\/\/api.w.org\/{rel}","templated":true}]}}