{"id":139,"date":"2022-12-06T12:09:12","date_gmt":"2022-12-06T12:09:12","guid":{"rendered":"https:\/\/multi-gyn.com\/pt\/?page_id=139"},"modified":"2025-04-28T10:44:09","modified_gmt":"2025-04-28T09:44:09","slug":"ingredientes-ativos","status":"publish","type":"page","link":"https:\/\/multi-gyn.com\/pt\/porque-usar-multi-gyn\/ingredientes-ativos\/","title":{"rendered":"Ingredientes ativos"},"content":{"rendered":"\n<div class=\"wp-block-karopharma-free-text pt-large pb-large bg-right bg-auto bg-no-repeat  is-style-primary\" style=\"background-image:url()\"><div class=\"free-text-wrapper container max-w-medium text-left\">\n<h1 class=\"wp-block-heading\"><strong>Ingredientes ativos<\/strong><\/h1>\n\n\n\n<p>Um dos principais ingredientes \u00e9 o complexo patenteado 2QR bioactivo, baseado em <br>plantas. Acreditamos que \u00e9 melhor restaurar o equil\u00edbrio natural da vagina \u2013 pois <br>protege contra desconfortos \u2013 do que apenas tratar os sintomas. Este m\u00e9todo \u00e9 eficaz, <br>proporciona al\u00edvio direto, previne recorr\u00eancias e n\u00e3o tem efeitos secund\u00e1rios conhecidos.<\/p>\n\n\n\n<figure class=\"wp-block-image size-full\"><a href=\"https:\/\/youtu.be\/keHaDVHN2Qs\"><img loading=\"lazy\" decoding=\"async\" width=\"785\" height=\"50\" src=\"https:\/\/multi-gyn.com\/app\/uploads\/sites\/34\/2022\/12\/2qr-video.png\" alt=\"2qr-video\" class=\"wp-image-159\" srcset=\"https:\/\/multi-gyn.com\/app\/uploads\/sites\/34\/2022\/12\/2qr-video.png 785w, https:\/\/multi-gyn.com\/app\/uploads\/sites\/34\/2022\/12\/2qr-video-320x20.png 320w, https:\/\/multi-gyn.com\/app\/uploads\/sites\/34\/2022\/12\/2qr-video-768x49.png 768w, https:\/\/multi-gyn.com\/app\/uploads\/sites\/34\/2022\/12\/2qr-video-600x38.png 600w\" sizes=\"auto, (max-width: 785px) 100vw, 785px\" \/><\/a><\/figure>\n<\/div><\/div>\n\n\n\n<div class=\"wp-block-karopharma-free-text pt-large pb-large bg-center bg-cover bg-no-repeat\" style=\"background-image:url()\"><div class=\"free-text-wrapper container max-w-medium text-left\">\n<h3 class=\"is-style-heading-h2 wp-block-heading\"><strong>O que \u00e9 o Complexo 2QR<\/strong><\/h3>\n\n\n\n<p>O Complexo 2QR possui a capacidade \u00fanica de neutralizar os micr\u00f3bios nocivos como fungos e bact\u00e9rias. Pode ser utilizado como adjuvante da medica\u00e7\u00e3o.O Complexo 2QR deriva do l\u00edquido da folha do Aloe Barbadensis, o que faz dele um produto natural. Adquirimos o gel de Aloe de diferentes fontes: Cura\u00e7au, EUA, \u00c1frica do Sul, etc. Dependendo da fonte, da quantidade de sol, chuva e colheita, a cor pode variar entre transparente a \u00e2mbar claro at\u00e9 \u00e2mbar escuro. O cheiro tamb\u00e9m pode variar dependendo do s\u00edtio de colheita do Aloe Barbadensis.<\/p>\n\n\n\n<p>A seguran\u00e7a e efic\u00e1cia dos Produtos Multi-Gyn s\u00e3o garantidas independentemente da cor do gel. Por favor, n\u00e3o hesite em contactar-nos se tiver alguma quest\u00e3o ou d\u00favida sobre a cor.<\/p>\n\n\n\n<h3 class=\"is-style-heading-h2 wp-block-heading\"><strong>Antibi\u00f3ticos \/ Antimic\u00f3ticos<\/strong><\/h3>\n\n\n\n<p>Os antibi\u00f3ticos e antimic\u00f3ticos s\u00e3o normalmente prescritos para o tratamento de desconfortos vaginais e infe\u00e7\u00f5es. Apesar de serem eficazes no desaparecimento de infe\u00e7\u00f5es vaginais, estes podem ter um impacto forte no resto do corpo.<br><br>Metronidazol \u00e9 um antibi\u00f3tico frequentemente prescrito para o tratamento da vaginose bacteriana. Durante a toma de Metronidazol, o doente pode sentir efeitos secund\u00e1rios desagrad\u00e1veis como batimentos card\u00edacos r\u00e1pidos, ardor ou vermelhid\u00e3o sobre a pele, formigueiro, n\u00e1useas e v\u00f3mitos.<br><br>Os Produtos Multi-Gyn atuam no reequil\u00edbrio da flora vaginal natural, n\u00e3o t\u00eam impacto no resto do corpo e n\u00e3o t\u00eam efeitos secund\u00e1rios conhecidos. Saiba mais sobre os produtos Multi-Gyn, a sua forma de atua\u00e7\u00e3o e o efeito que tem no seu corpo!<\/p>\n\n\n\n<figure class=\"wp-block-image size-full\"><a href=\"https:\/\/multi-gyn.com\/pt\/porque-usar-multi-gyn\/como-funciona\/\"><img loading=\"lazy\" decoding=\"async\" width=\"300\" height=\"50\" src=\"https:\/\/multi-gyn.com\/app\/uploads\/sites\/34\/2022\/12\/how-it-works.png\" alt=\"\" class=\"wp-image-147\"\/><\/a><\/figure>\n\n\n\n<p>Saiba mais sobre o efeito.<\/p>\n<\/div><\/div>\n","protected":false},"excerpt":{"rendered":"","protected":false},"author":6,"featured_media":0,"parent":137,"menu_order":0,"comment_status":"closed","ping_status":"closed","template":"","meta":{"_acf_changed":false,"footnotes":""},"from-article-database":[],"class_list":["post-139","page","type-page","status-publish","hentry"],"acf":[],"yoast_head":"<!-- This site is optimized with the Yoast SEO plugin v26.6 - https:\/\/yoast.com\/wordpress\/plugins\/seo\/ -->\n<title>Ingredientes ativos - Multi-Gyn<\/title>\n<meta name=\"description\" content=\"Um dos principais ingredientes \u00e9 o complexo patenteado 2QR bioactivo, baseado em plantas.\" \/>\n<meta name=\"robots\" content=\"index, follow, max-snippet:-1, max-image-preview:large, max-video-preview:-1\" \/>\n<link rel=\"canonical\" href=\"https:\/\/multi-gyn.com\/pt\/porque-usar-multi-gyn\/ingredientes-ativos\/\" \/>\n<meta property=\"og:locale\" content=\"pt_PT\" \/>\n<meta property=\"og:type\" content=\"article\" \/>\n<meta property=\"og:title\" content=\"Ingredientes ativos - Multi-Gyn\" \/>\n<meta property=\"og:description\" content=\"Um dos principais ingredientes \u00e9 o complexo patenteado 2QR bioactivo, baseado em plantas.\" \/>\n<meta property=\"og:url\" content=\"https:\/\/multi-gyn.com\/pt\/porque-usar-multi-gyn\/ingredientes-ativos\/\" \/>\n<meta property=\"og:site_name\" content=\"Multi-Gyn\" \/>\n<meta property=\"article:modified_time\" content=\"2025-04-28T09:44:09+00:00\" \/>\n<meta property=\"og:image\" content=\"https:\/\/multi-gyn.com\/app\/uploads\/sites\/34\/2022\/12\/2qr-video.png\" \/>\n\t<meta property=\"og:image:width\" content=\"785\" \/>\n\t<meta property=\"og:image:height\" content=\"50\" \/>\n\t<meta property=\"og:image:type\" content=\"image\/png\" \/>\n<meta name=\"twitter:card\" content=\"summary_large_image\" \/>\n<meta name=\"twitter:label1\" content=\"Tempo estimado de leitura\" \/>\n\t<meta name=\"twitter:data1\" content=\"3 minutos\" \/>\n<script type=\"application\/ld+json\" class=\"yoast-schema-graph\">{\"@context\":\"https:\/\/schema.org\",\"@graph\":[{\"@type\":\"WebPage\",\"@id\":\"https:\/\/multi-gyn.com\/pt\/porque-usar-multi-gyn\/ingredientes-ativos\/\",\"url\":\"https:\/\/multi-gyn.com\/pt\/porque-usar-multi-gyn\/ingredientes-ativos\/\",\"name\":\"Ingredientes ativos - Multi-Gyn\",\"isPartOf\":{\"@id\":\"https:\/\/multi-gyn.com\/pt\/#website\"},\"primaryImageOfPage\":{\"@id\":\"https:\/\/multi-gyn.com\/pt\/porque-usar-multi-gyn\/ingredientes-ativos\/#primaryimage\"},\"image\":{\"@id\":\"https:\/\/multi-gyn.com\/pt\/porque-usar-multi-gyn\/ingredientes-ativos\/#primaryimage\"},\"thumbnailUrl\":\"https:\/\/multi-gyn.com\/app\/uploads\/sites\/34\/2022\/12\/2qr-video.png\",\"datePublished\":\"2022-12-06T12:09:12+00:00\",\"dateModified\":\"2025-04-28T09:44:09+00:00\",\"description\":\"Um dos principais ingredientes \u00e9 o complexo patenteado 2QR bioactivo, baseado em plantas.\",\"breadcrumb\":{\"@id\":\"https:\/\/multi-gyn.com\/pt\/porque-usar-multi-gyn\/ingredientes-ativos\/#breadcrumb\"},\"inLanguage\":\"pt-PT\",\"potentialAction\":[{\"@type\":\"ReadAction\",\"target\":[\"https:\/\/multi-gyn.com\/pt\/porque-usar-multi-gyn\/ingredientes-ativos\/\"]}]},{\"@type\":\"ImageObject\",\"inLanguage\":\"pt-PT\",\"@id\":\"https:\/\/multi-gyn.com\/pt\/porque-usar-multi-gyn\/ingredientes-ativos\/#primaryimage\",\"url\":\"https:\/\/multi-gyn.com\/app\/uploads\/sites\/34\/2022\/12\/2qr-video.png\",\"contentUrl\":\"https:\/\/multi-gyn.com\/app\/uploads\/sites\/34\/2022\/12\/2qr-video.png\"},{\"@type\":\"BreadcrumbList\",\"@id\":\"https:\/\/multi-gyn.com\/pt\/porque-usar-multi-gyn\/ingredientes-ativos\/#breadcrumb\",\"itemListElement\":[{\"@type\":\"ListItem\",\"position\":1,\"name\":\"Home\",\"item\":\"https:\/\/multi-gyn.com\/pt\/\"},{\"@type\":\"ListItem\",\"position\":2,\"name\":\"Porqu\u00ea usar Multi-Gyn\",\"item\":\"https:\/\/multi-gyn.com\/pt\/porque-usar-multi-gyn\/\"},{\"@type\":\"ListItem\",\"position\":3,\"name\":\"Ingredientes ativos\"}]},{\"@type\":\"WebSite\",\"@id\":\"https:\/\/multi-gyn.com\/pt\/#website\",\"url\":\"https:\/\/multi-gyn.com\/pt\/\",\"name\":\"Multi-Gyn\",\"description\":\"\",\"publisher\":{\"@id\":\"https:\/\/multi-gyn.com\/pt\/#organization\"},\"potentialAction\":[{\"@type\":\"SearchAction\",\"target\":{\"@type\":\"EntryPoint\",\"urlTemplate\":\"https:\/\/multi-gyn.com\/pt\/?s={search_term_string}\"},\"query-input\":{\"@type\":\"PropertyValueSpecification\",\"valueRequired\":true,\"valueName\":\"search_term_string\"}}],\"inLanguage\":\"pt-PT\"},{\"@type\":\"Organization\",\"@id\":\"https:\/\/multi-gyn.com\/pt\/#organization\",\"name\":\"Multi-Gyn\",\"url\":\"https:\/\/multi-gyn.com\/pt\/\",\"logo\":{\"@type\":\"ImageObject\",\"inLanguage\":\"pt-PT\",\"@id\":\"https:\/\/multi-gyn.com\/pt\/#\/schema\/logo\/image\/\",\"url\":\"https:\/\/multi-gyn.com\/app\/uploads\/sites\/34\/2022\/11\/multi-gyn-logo.png\",\"contentUrl\":\"https:\/\/multi-gyn.com\/app\/uploads\/sites\/34\/2022\/11\/multi-gyn-logo.png\",\"width\":149,\"height\":32,\"caption\":\"Multi-Gyn\"},\"image\":{\"@id\":\"https:\/\/multi-gyn.com\/pt\/#\/schema\/logo\/image\/\"}}]}<\/script>\n<!-- \/ Yoast SEO plugin. -->","yoast_head_json":{"title":"Ingredientes ativos - Multi-Gyn","description":"Um dos principais ingredientes \u00e9 o complexo patenteado 2QR bioactivo, baseado em plantas.","robots":{"index":"index","follow":"follow","max-snippet":"max-snippet:-1","max-image-preview":"max-image-preview:large","max-video-preview":"max-video-preview:-1"},"canonical":"https:\/\/multi-gyn.com\/pt\/porque-usar-multi-gyn\/ingredientes-ativos\/","og_locale":"pt_PT","og_type":"article","og_title":"Ingredientes ativos - Multi-Gyn","og_description":"Um dos principais ingredientes \u00e9 o complexo patenteado 2QR bioactivo, baseado em plantas.","og_url":"https:\/\/multi-gyn.com\/pt\/porque-usar-multi-gyn\/ingredientes-ativos\/","og_site_name":"Multi-Gyn","article_modified_time":"2025-04-28T09:44:09+00:00","og_image":[{"width":785,"height":50,"url":"https:\/\/multi-gyn.com\/app\/uploads\/sites\/34\/2022\/12\/2qr-video.png","type":"image\/png"}],"twitter_card":"summary_large_image","twitter_misc":{"Tempo estimado de leitura":"3 minutos"},"schema":{"@context":"https:\/\/schema.org","@graph":[{"@type":"WebPage","@id":"https:\/\/multi-gyn.com\/pt\/porque-usar-multi-gyn\/ingredientes-ativos\/","url":"https:\/\/multi-gyn.com\/pt\/porque-usar-multi-gyn\/ingredientes-ativos\/","name":"Ingredientes ativos - Multi-Gyn","isPartOf":{"@id":"https:\/\/multi-gyn.com\/pt\/#website"},"primaryImageOfPage":{"@id":"https:\/\/multi-gyn.com\/pt\/porque-usar-multi-gyn\/ingredientes-ativos\/#primaryimage"},"image":{"@id":"https:\/\/multi-gyn.com\/pt\/porque-usar-multi-gyn\/ingredientes-ativos\/#primaryimage"},"thumbnailUrl":"https:\/\/multi-gyn.com\/app\/uploads\/sites\/34\/2022\/12\/2qr-video.png","datePublished":"2022-12-06T12:09:12+00:00","dateModified":"2025-04-28T09:44:09+00:00","description":"Um dos principais ingredientes \u00e9 o complexo patenteado 2QR bioactivo, baseado em plantas.","breadcrumb":{"@id":"https:\/\/multi-gyn.com\/pt\/porque-usar-multi-gyn\/ingredientes-ativos\/#breadcrumb"},"inLanguage":"pt-PT","potentialAction":[{"@type":"ReadAction","target":["https:\/\/multi-gyn.com\/pt\/porque-usar-multi-gyn\/ingredientes-ativos\/"]}]},{"@type":"ImageObject","inLanguage":"pt-PT","@id":"https:\/\/multi-gyn.com\/pt\/porque-usar-multi-gyn\/ingredientes-ativos\/#primaryimage","url":"https:\/\/multi-gyn.com\/app\/uploads\/sites\/34\/2022\/12\/2qr-video.png","contentUrl":"https:\/\/multi-gyn.com\/app\/uploads\/sites\/34\/2022\/12\/2qr-video.png"},{"@type":"BreadcrumbList","@id":"https:\/\/multi-gyn.com\/pt\/porque-usar-multi-gyn\/ingredientes-ativos\/#breadcrumb","itemListElement":[{"@type":"ListItem","position":1,"name":"Home","item":"https:\/\/multi-gyn.com\/pt\/"},{"@type":"ListItem","position":2,"name":"Porqu\u00ea usar Multi-Gyn","item":"https:\/\/multi-gyn.com\/pt\/porque-usar-multi-gyn\/"},{"@type":"ListItem","position":3,"name":"Ingredientes ativos"}]},{"@type":"WebSite","@id":"https:\/\/multi-gyn.com\/pt\/#website","url":"https:\/\/multi-gyn.com\/pt\/","name":"Multi-Gyn","description":"","publisher":{"@id":"https:\/\/multi-gyn.com\/pt\/#organization"},"potentialAction":[{"@type":"SearchAction","target":{"@type":"EntryPoint","urlTemplate":"https:\/\/multi-gyn.com\/pt\/?s={search_term_string}"},"query-input":{"@type":"PropertyValueSpecification","valueRequired":true,"valueName":"search_term_string"}}],"inLanguage":"pt-PT"},{"@type":"Organization","@id":"https:\/\/multi-gyn.com\/pt\/#organization","name":"Multi-Gyn","url":"https:\/\/multi-gyn.com\/pt\/","logo":{"@type":"ImageObject","inLanguage":"pt-PT","@id":"https:\/\/multi-gyn.com\/pt\/#\/schema\/logo\/image\/","url":"https:\/\/multi-gyn.com\/app\/uploads\/sites\/34\/2022\/11\/multi-gyn-logo.png","contentUrl":"https:\/\/multi-gyn.com\/app\/uploads\/sites\/34\/2022\/11\/multi-gyn-logo.png","width":149,"height":32,"caption":"Multi-Gyn"},"image":{"@id":"https:\/\/multi-gyn.com\/pt\/#\/schema\/logo\/image\/"}}]}},"_links":{"self":[{"href":"https:\/\/multi-gyn.com\/pt\/wp-json\/wp\/v2\/pages\/139","targetHints":{"allow":["GET"]}}],"collection":[{"href":"https:\/\/multi-gyn.com\/pt\/wp-json\/wp\/v2\/pages"}],"about":[{"href":"https:\/\/multi-gyn.com\/pt\/wp-json\/wp\/v2\/types\/page"}],"author":[{"embeddable":true,"href":"https:\/\/multi-gyn.com\/pt\/wp-json\/wp\/v2\/users\/6"}],"replies":[{"embeddable":true,"href":"https:\/\/multi-gyn.com\/pt\/wp-json\/wp\/v2\/comments?post=139"}],"version-history":[{"count":8,"href":"https:\/\/multi-gyn.com\/pt\/wp-json\/wp\/v2\/pages\/139\/revisions"}],"predecessor-version":[{"id":681,"href":"https:\/\/multi-gyn.com\/pt\/wp-json\/wp\/v2\/pages\/139\/revisions\/681"}],"up":[{"embeddable":true,"href":"https:\/\/multi-gyn.com\/pt\/wp-json\/wp\/v2\/pages\/137"}],"wp:attachment":[{"href":"https:\/\/multi-gyn.com\/pt\/wp-json\/wp\/v2\/media?parent=139"}],"wp:term":[{"taxonomy":"from-article-database","embeddable":true,"href":"https:\/\/multi-gyn.com\/pt\/wp-json\/wp\/v2\/from-article-database?post=139"}],"curies":[{"name":"wp","href":"https:\/\/api.w.org\/{rel}","templated":true}]}}