{"id":141,"date":"2022-12-06T12:09:46","date_gmt":"2022-12-06T12:09:46","guid":{"rendered":"https:\/\/multi-gyn.com\/pt\/?page_id=141"},"modified":"2025-06-18T08:26:51","modified_gmt":"2025-06-18T07:26:51","slug":"como-funciona","status":"publish","type":"page","link":"https:\/\/multi-gyn.com\/pt\/porque-usar-multi-gyn\/como-funciona\/","title":{"rendered":"Como funciona"},"content":{"rendered":"\n<div class=\"wp-block-karopharma-free-text pt-large pb-large bg-right bg-auto bg-no-repeat  is-style-primary\" style=\"background-image:url()\"><div class=\"free-text-wrapper container max-w-medium text-left\">\n<h1 class=\"wp-block-heading is-style-heading-h1\"><strong><strong>Como funciona<\/strong><\/strong><\/h1>\n\n\n\n<p class=\"is-style-paragraph-preamble\">Os Produtos Multi-Gyn previnem e tratam os desconfortos vaginais atrav\u00e9s do restauro do equil\u00edbrio natural da flora vaginal. O desequil\u00edbrio da flora vaginal \u00e9 uma das causas mais comuns de desconfortos como prurido, corrimento excessivo, secura e mau-odor. Restaurando o equil\u00edbrio, os produtos Multi-Gyn para al\u00e9m de proporcionarem al\u00edvio direto, ajudam tamb\u00e9m a prevenir problemas futuros de recorr\u00eancia.<\/p>\n<\/div><\/div>\n\n\n\n<div class=\"wp-block-karopharma-free-text pt-large pb-large bg-center bg-cover bg-no-repeat\" style=\"background-image:url()\"><div class=\"free-text-wrapper container max-w-medium text-left\">\n<h2 class=\"wp-block-heading is-style-heading-h2\"><strong>Atua\u00e7\u00e3o e efeitos secund\u00e1rios<\/strong><\/h2>\n\n\n\n<p>Os nossos produtos consistem maioritariamente em ingredientes naturais. Um dos principais ingredientes \u00e9 o Complexo 2QR, natural e baseado em plantas. O Complexo 2QR neutraliza as bact\u00e9rias nocivas e fungos atrav\u00e9s da preven\u00e7\u00e3o da sua ades\u00e3o aos tecidos. Isto apoia o processo natural de cura e equilibra a flora vaginal. O Complexo 2QR n\u00e3o tem efeitos secund\u00e1rios conhecidos.<\/p>\n\n\n\n<h2 class=\"wp-block-heading is-style-heading-h2\"><strong>Preven\u00e7\u00e3o e tratamento<\/strong><\/h2>\n\n\n\n<p>Ap\u00f3s a aplica\u00e7\u00e3o dos produtos Multi-Gyn na \u00e1rea \u00edntima, ter\u00e1 al\u00edvio calmante direto em desconfortos como prurido e irrita\u00e7\u00e3o. Se tiver uma infe\u00e7\u00e3o como a vaginose bacteriana ou candid\u00edase (infe\u00e7\u00e3o vaginal f\u00fangica), os nossos produtos ir\u00e3o proporcionar al\u00edvio direto nos desconfortos e tratam a infe\u00e7\u00e3o.<\/p>\n\n\n\n<p>Os produtos podem ser tamb\u00e9m utilizados para prevenir os desconfortos e infe\u00e7\u00f5es. <\/p>\n<\/div><\/div>\n","protected":false},"excerpt":{"rendered":"","protected":false},"author":6,"featured_media":0,"parent":137,"menu_order":0,"comment_status":"closed","ping_status":"closed","template":"","meta":{"_acf_changed":false,"footnotes":""},"from-article-database":[],"class_list":["post-141","page","type-page","status-publish","hentry"],"acf":[],"yoast_head":"<!-- This site is optimized with the Yoast SEO plugin v26.6 - https:\/\/yoast.com\/wordpress\/plugins\/seo\/ -->\n<title>Como funciona - Multi-Gyn<\/title>\n<meta name=\"description\" content=\"Os Produtos Multi-Gyn previnem e tratam os desconfortos vaginais atrav\u00e9s do restauro do equil\u00edbrio natural da flora vaginal.\" \/>\n<meta name=\"robots\" content=\"index, follow, max-snippet:-1, max-image-preview:large, max-video-preview:-1\" \/>\n<link rel=\"canonical\" href=\"https:\/\/multi-gyn.com\/pt\/porque-usar-multi-gyn\/como-funciona\/\" \/>\n<meta property=\"og:locale\" content=\"pt_PT\" \/>\n<meta property=\"og:type\" content=\"article\" \/>\n<meta property=\"og:title\" content=\"Como funciona - Multi-Gyn\" \/>\n<meta property=\"og:description\" content=\"Os Produtos Multi-Gyn previnem e tratam os desconfortos vaginais atrav\u00e9s do restauro do equil\u00edbrio natural da flora vaginal.\" \/>\n<meta property=\"og:url\" content=\"https:\/\/multi-gyn.com\/pt\/porque-usar-multi-gyn\/como-funciona\/\" \/>\n<meta property=\"og:site_name\" content=\"Multi-Gyn\" \/>\n<meta property=\"article:modified_time\" content=\"2025-06-18T07:26:51+00:00\" \/>\n<meta name=\"twitter:card\" content=\"summary_large_image\" \/>\n<meta name=\"twitter:label1\" content=\"Tempo estimado de leitura\" \/>\n\t<meta name=\"twitter:data1\" content=\"2 minutos\" \/>\n<script type=\"application\/ld+json\" class=\"yoast-schema-graph\">{\"@context\":\"https:\/\/schema.org\",\"@graph\":[{\"@type\":\"WebPage\",\"@id\":\"https:\/\/multi-gyn.com\/pt\/porque-usar-multi-gyn\/como-funciona\/\",\"url\":\"https:\/\/multi-gyn.com\/pt\/porque-usar-multi-gyn\/como-funciona\/\",\"name\":\"Como funciona - Multi-Gyn\",\"isPartOf\":{\"@id\":\"https:\/\/multi-gyn.com\/pt\/#website\"},\"datePublished\":\"2022-12-06T12:09:46+00:00\",\"dateModified\":\"2025-06-18T07:26:51+00:00\",\"description\":\"Os Produtos Multi-Gyn previnem e tratam os desconfortos vaginais atrav\u00e9s do restauro do equil\u00edbrio natural da flora vaginal.\",\"breadcrumb\":{\"@id\":\"https:\/\/multi-gyn.com\/pt\/porque-usar-multi-gyn\/como-funciona\/#breadcrumb\"},\"inLanguage\":\"pt-PT\",\"potentialAction\":[{\"@type\":\"ReadAction\",\"target\":[\"https:\/\/multi-gyn.com\/pt\/porque-usar-multi-gyn\/como-funciona\/\"]}]},{\"@type\":\"BreadcrumbList\",\"@id\":\"https:\/\/multi-gyn.com\/pt\/porque-usar-multi-gyn\/como-funciona\/#breadcrumb\",\"itemListElement\":[{\"@type\":\"ListItem\",\"position\":1,\"name\":\"Home\",\"item\":\"https:\/\/multi-gyn.com\/pt\/\"},{\"@type\":\"ListItem\",\"position\":2,\"name\":\"Porqu\u00ea usar Multi-Gyn\",\"item\":\"https:\/\/multi-gyn.com\/pt\/porque-usar-multi-gyn\/\"},{\"@type\":\"ListItem\",\"position\":3,\"name\":\"Como funciona\"}]},{\"@type\":\"WebSite\",\"@id\":\"https:\/\/multi-gyn.com\/pt\/#website\",\"url\":\"https:\/\/multi-gyn.com\/pt\/\",\"name\":\"Multi-Gyn\",\"description\":\"\",\"publisher\":{\"@id\":\"https:\/\/multi-gyn.com\/pt\/#organization\"},\"potentialAction\":[{\"@type\":\"SearchAction\",\"target\":{\"@type\":\"EntryPoint\",\"urlTemplate\":\"https:\/\/multi-gyn.com\/pt\/?s={search_term_string}\"},\"query-input\":{\"@type\":\"PropertyValueSpecification\",\"valueRequired\":true,\"valueName\":\"search_term_string\"}}],\"inLanguage\":\"pt-PT\"},{\"@type\":\"Organization\",\"@id\":\"https:\/\/multi-gyn.com\/pt\/#organization\",\"name\":\"Multi-Gyn\",\"url\":\"https:\/\/multi-gyn.com\/pt\/\",\"logo\":{\"@type\":\"ImageObject\",\"inLanguage\":\"pt-PT\",\"@id\":\"https:\/\/multi-gyn.com\/pt\/#\/schema\/logo\/image\/\",\"url\":\"https:\/\/multi-gyn.com\/app\/uploads\/sites\/34\/2022\/11\/multi-gyn-logo.png\",\"contentUrl\":\"https:\/\/multi-gyn.com\/app\/uploads\/sites\/34\/2022\/11\/multi-gyn-logo.png\",\"width\":149,\"height\":32,\"caption\":\"Multi-Gyn\"},\"image\":{\"@id\":\"https:\/\/multi-gyn.com\/pt\/#\/schema\/logo\/image\/\"}}]}<\/script>\n<!-- \/ Yoast SEO plugin. -->","yoast_head_json":{"title":"Como funciona - Multi-Gyn","description":"Os Produtos Multi-Gyn previnem e tratam os desconfortos vaginais atrav\u00e9s do restauro do equil\u00edbrio natural da flora vaginal.","robots":{"index":"index","follow":"follow","max-snippet":"max-snippet:-1","max-image-preview":"max-image-preview:large","max-video-preview":"max-video-preview:-1"},"canonical":"https:\/\/multi-gyn.com\/pt\/porque-usar-multi-gyn\/como-funciona\/","og_locale":"pt_PT","og_type":"article","og_title":"Como funciona - Multi-Gyn","og_description":"Os Produtos Multi-Gyn previnem e tratam os desconfortos vaginais atrav\u00e9s do restauro do equil\u00edbrio natural da flora vaginal.","og_url":"https:\/\/multi-gyn.com\/pt\/porque-usar-multi-gyn\/como-funciona\/","og_site_name":"Multi-Gyn","article_modified_time":"2025-06-18T07:26:51+00:00","twitter_card":"summary_large_image","twitter_misc":{"Tempo estimado de leitura":"2 minutos"},"schema":{"@context":"https:\/\/schema.org","@graph":[{"@type":"WebPage","@id":"https:\/\/multi-gyn.com\/pt\/porque-usar-multi-gyn\/como-funciona\/","url":"https:\/\/multi-gyn.com\/pt\/porque-usar-multi-gyn\/como-funciona\/","name":"Como funciona - Multi-Gyn","isPartOf":{"@id":"https:\/\/multi-gyn.com\/pt\/#website"},"datePublished":"2022-12-06T12:09:46+00:00","dateModified":"2025-06-18T07:26:51+00:00","description":"Os Produtos Multi-Gyn previnem e tratam os desconfortos vaginais atrav\u00e9s do restauro do equil\u00edbrio natural da flora vaginal.","breadcrumb":{"@id":"https:\/\/multi-gyn.com\/pt\/porque-usar-multi-gyn\/como-funciona\/#breadcrumb"},"inLanguage":"pt-PT","potentialAction":[{"@type":"ReadAction","target":["https:\/\/multi-gyn.com\/pt\/porque-usar-multi-gyn\/como-funciona\/"]}]},{"@type":"BreadcrumbList","@id":"https:\/\/multi-gyn.com\/pt\/porque-usar-multi-gyn\/como-funciona\/#breadcrumb","itemListElement":[{"@type":"ListItem","position":1,"name":"Home","item":"https:\/\/multi-gyn.com\/pt\/"},{"@type":"ListItem","position":2,"name":"Porqu\u00ea usar Multi-Gyn","item":"https:\/\/multi-gyn.com\/pt\/porque-usar-multi-gyn\/"},{"@type":"ListItem","position":3,"name":"Como funciona"}]},{"@type":"WebSite","@id":"https:\/\/multi-gyn.com\/pt\/#website","url":"https:\/\/multi-gyn.com\/pt\/","name":"Multi-Gyn","description":"","publisher":{"@id":"https:\/\/multi-gyn.com\/pt\/#organization"},"potentialAction":[{"@type":"SearchAction","target":{"@type":"EntryPoint","urlTemplate":"https:\/\/multi-gyn.com\/pt\/?s={search_term_string}"},"query-input":{"@type":"PropertyValueSpecification","valueRequired":true,"valueName":"search_term_string"}}],"inLanguage":"pt-PT"},{"@type":"Organization","@id":"https:\/\/multi-gyn.com\/pt\/#organization","name":"Multi-Gyn","url":"https:\/\/multi-gyn.com\/pt\/","logo":{"@type":"ImageObject","inLanguage":"pt-PT","@id":"https:\/\/multi-gyn.com\/pt\/#\/schema\/logo\/image\/","url":"https:\/\/multi-gyn.com\/app\/uploads\/sites\/34\/2022\/11\/multi-gyn-logo.png","contentUrl":"https:\/\/multi-gyn.com\/app\/uploads\/sites\/34\/2022\/11\/multi-gyn-logo.png","width":149,"height":32,"caption":"Multi-Gyn"},"image":{"@id":"https:\/\/multi-gyn.com\/pt\/#\/schema\/logo\/image\/"}}]}},"_links":{"self":[{"href":"https:\/\/multi-gyn.com\/pt\/wp-json\/wp\/v2\/pages\/141","targetHints":{"allow":["GET"]}}],"collection":[{"href":"https:\/\/multi-gyn.com\/pt\/wp-json\/wp\/v2\/pages"}],"about":[{"href":"https:\/\/multi-gyn.com\/pt\/wp-json\/wp\/v2\/types\/page"}],"author":[{"embeddable":true,"href":"https:\/\/multi-gyn.com\/pt\/wp-json\/wp\/v2\/users\/6"}],"replies":[{"embeddable":true,"href":"https:\/\/multi-gyn.com\/pt\/wp-json\/wp\/v2\/comments?post=141"}],"version-history":[{"count":8,"href":"https:\/\/multi-gyn.com\/pt\/wp-json\/wp\/v2\/pages\/141\/revisions"}],"predecessor-version":[{"id":762,"href":"https:\/\/multi-gyn.com\/pt\/wp-json\/wp\/v2\/pages\/141\/revisions\/762"}],"up":[{"embeddable":true,"href":"https:\/\/multi-gyn.com\/pt\/wp-json\/wp\/v2\/pages\/137"}],"wp:attachment":[{"href":"https:\/\/multi-gyn.com\/pt\/wp-json\/wp\/v2\/media?parent=141"}],"wp:term":[{"taxonomy":"from-article-database","embeddable":true,"href":"https:\/\/multi-gyn.com\/pt\/wp-json\/wp\/v2\/from-article-database?post=141"}],"curies":[{"name":"wp","href":"https:\/\/api.w.org\/{rel}","templated":true}]}}