{"id":330,"date":"2022-12-06T14:58:56","date_gmt":"2022-12-06T14:58:56","guid":{"rendered":"https:\/\/multi-gyn.com\/pt\/?page_id=330"},"modified":"2025-04-28T10:43:47","modified_gmt":"2025-04-28T09:43:47","slug":"a-comida-que-ingiro-afeta-a-minha-saude-vaginal","status":"publish","type":"page","link":"https:\/\/multi-gyn.com\/pt\/saude-vaginal\/cuidados\/a-comida-que-ingiro-afeta-a-minha-saude-vaginal\/","title":{"rendered":"A comida que ingiro afeta a minha sa\u00fade vaginal?"},"content":{"rendered":"\n<div class=\"wp-block-karopharma-free-text pt-large pb-large bg-center bg-cover bg-no-repeat  is-style-primary\" style=\"background-image:url()\"><div class=\"free-text-wrapper container max-w-medium text-left\">\n<h1 class=\"wp-block-heading\">A comida que ingiro afeta a minha sa\u00fade vaginal?<\/h1>\n\n\n\n<p class=\"is-style-paragraph-preamble\">Uma dieta equilibrada \u00e9 importante em todos os aspectos da sua sa\u00fade. O seu corpo necessita de certos nutrientes para que possa funcionar bem. A\u00a0sa\u00fade vaginal\u00a0pode ser afetada devido a uma dieta pobre e torna-a mais propensa a problemas comuns relacionados com uma fun\u00e7\u00e3o imunit\u00e1ria fraca. O que voc\u00ea come e bebe pode tamb\u00e9m afetar o\u00a0<a href=\"https:\/\/multi-gyn.com\/pt\/saude-vaginal\/geral\/ph-vaginal-a-sua-vagina-e-acida-ou-alcalina\/\">pH da sua vagina<\/a>\u00a0e poder\u00e1 contribuir para n\u00edveis de hidrata\u00e7\u00e3o ou de secura. Se \u00e9 diab\u00e9tica ou tem outros problemas de sa\u00fade subjacentes que podem ser afectados pelo que voc\u00ea bebe ou come, como por exemplo obesidade ou alergias a determinados grupos alimentares, \u00e9 importante perceber o que deve incluir ou excluir da sua dieta com o seu m\u00e9dico.<\/p>\n<\/div><\/div>\n\n\n\n<div class=\"wp-block-karopharma-free-text pt-large pb-large bg-center bg-cover bg-no-repeat\" style=\"background-image:url()\"><div class=\"free-text-wrapper container max-w-medium text-left\">\n<h3 class=\"is-style-heading-h3 wp-block-heading\">Que alimentos s\u00e3o ben\u00e9ficos para a minha sa\u00fade vaginal??<\/h3>\n\n\n\n<p>A sua sa\u00fade em geral, incluindo a efic\u00e1cia da fun\u00e7\u00e3o da sua vagina, \u00e9 melhor suportada atrav\u00e9s de uma dieta variada e equilibrada. Como regra b\u00e1sica, faz sentido seguir as indica\u00e7\u00f5es standard que regulam uma dieta rica em fibra, prote\u00edna e nutrientes essenciais como vitaminas, minerais e \u00e1cidos gordos. Deve evitar ou limitar rigidamente carbohidratos processados, gordos e a\u00e7ucarados na sua dieta. Os especialistas em nutri\u00e7\u00e3o recomendam frequentemente que deve comer um \u201carco-\u00edris\u201d de alimentos, o que significa que deve incluir muitos alimentos diferentes coloridos na sua dieta, desde pimentos vermelhos a amoras, por exemplo. Isto acontece pois a cor natural dos alimentos indicam n\u00edveis elevados de determinados nutrientes essenciais e ingerir um variado leque de cores proporciona-lhe uma boa variedade dessas vitaminas de minerais essenciais, mantendo a sua dieta apetitosa e ao mesmo tempo equilibrada. Os vegetais, incluindo legumes como lentilhas e feij\u00f5es, gr\u00e3os e cereais como quinoa e aveia, nozes e sementes s\u00e3o boas fontes derivadas de plantas de fibras, prote\u00ednas e nutrientes essenciais.<\/p>\n\n\n\n<h3 class=\"is-style-heading-h3 wp-block-heading\">Nota sobre o a\u00e7\u00facar<\/h3>\n\n\n\n<p>Comer muitas frutas oferece-lhe grande variedade de vitaminas e minerais e \u00e9 a melhor forma de incluir algum a\u00e7\u00facar na sua dieta. Frutas processadas ou em conservas e beber apenas sumo de fruta pode criar um pico nos seus n\u00edveis de a\u00e7\u00facar no sangue, pois o a\u00e7\u00facar \u00e9 rapidamente absorvido para a sua corrente sangu\u00ednea. Quando come a fruta completa, incluindo a pele (quando poss\u00edvel) e o caro\u00e7o, as fibras e nutrientes ajudam a diminuir a absor\u00e7\u00e3o de a\u00e7\u00facar no sangue, o que significa que os seus n\u00edveis de a\u00e7\u00facar t\u00eam a probabilidade de ficar mais equilibrados. T\u00eam menos probabilidade de subir abruptamente e depois cair. Alguns m\u00e9dicos consideram que o a\u00e7\u00facar pode piorar problemas f\u00fangicos vaginais. Se tem tend\u00eancia a ter infe\u00e7\u00f5es f\u00fangicas vaginais provavelmente ser\u00e1 melhor restringir a quantidade de a\u00e7\u00facar na sua dieta.<\/p>\n\n\n\n<h2 class=\"is-style-heading-h2 wp-block-heading\">Cinco alimentos para apoiar a sua sa\u00fade vaginal<\/h2>\n\n\n\n<p>Os\u00a0iogurtes\u00a0com bact\u00e9rias vivas ou ativas cont\u00eam boas\u00a0bact\u00e9rias, como os lactobacilos, que podem contribuir para manter\u00a0a sa\u00fade e o pH ligeiramente \u00e1cido da sua vagina.<\/p>\n\n\n\n<p><strong>Soja<\/strong>. Para al\u00e9m de ser uma boa fonte de prote\u00edna e outros nutrientes para vegetarianos e mulheres vegetarianas, os alimentos de soja como o tofu, gr\u00e3os de soja, e sementes de soja cont\u00eam fitoestrog\u00e9nios que ajudam a manter a vagina lubrificada e a funcionar normalmente. Evite produtos de soja que tentam imitar os produtos de carne, como por exemplo: hamb\u00fargueres de soja, bacon de soja, etc. Tendem a ser processados e com muito sal e outros aditivos n\u00e3o saud\u00e1veis.<\/p>\n\n\n\n<p><strong>Abacates<\/strong>&nbsp;cont\u00eam muitas vitaminas e minerais saud\u00e1veis, como por exemplo vitamina E, que ajudam a&nbsp;<a href=\"https:\/\/multi-gyn.com\/pt\/saude-vaginal\/desconfortos\/secura-vaginalcausas-e-tratamento\/\">fun\u00e7\u00e3o de hidrata\u00e7\u00e3o natural da vagina<\/a>.<\/p>\n\n\n\n<p><strong>Am\u00eandoas<\/strong> e outras&nbsp;<strong>sementes e nozes<\/strong>&nbsp;ricas em zinco s\u00e3o \u00fateis para incluir na sua dieta. O zinco \u00e9 um mineral importante para a produ\u00e7\u00e3o hormonal e contribuem para um sistema imunit\u00e1rio forte.<\/p>\n\n\n\n<h3 class=\"is-style-heading-h3 wp-block-heading\">Alimentos que deve evitar<\/h3>\n\n\n\n<p>Demasiada quantidade de qualquer tipo de alimento, at\u00e9 de fruta, n\u00e3o \u00e9 uma boa ideia. Escolha modera\u00e7\u00e3o, variedade e equil\u00edbrio no que come. Evite alimentos altamente processados que t\u00eam muito sal, gordura e a\u00e7\u00facar, excesso de consumo de \u00e1lcool e demasiada cafe\u00edna deve ser evitada. A regra geral \u00e9 que alimentos que s\u00e3o bons para a sua sa\u00fade em geral s\u00e3o bons para a sua vagina tamb\u00e9m.<\/p>\n\n\n\n<p><strong>Beba bastante \u00e1gua<\/strong>. Muitas mulheres n\u00e3o bebem o suficiente. Uma hidrata\u00e7\u00e3o adequada \u00e9 importante para uma boa fun\u00e7\u00e3o vaginal. O \u00e1lcool desidrata e transforma-se em a\u00e7\u00facar no seu corpo, por isso seja cauteloso no consumo. Troque o seu segundo cappuccino ou copo de vinho por um copo de \u00e1gua ou um ch\u00e1 de ervas sem cafe\u00edna. Ir\u00e1 sentir o benef\u00edcio.<\/p>\n<\/div><\/div>\n","protected":false},"excerpt":{"rendered":"","protected":false},"author":6,"featured_media":0,"parent":186,"menu_order":0,"comment_status":"closed","ping_status":"closed","template":"","meta":{"_acf_changed":false,"footnotes":""},"from-article-database":[],"class_list":["post-330","page","type-page","status-publish","hentry"],"acf":[],"yoast_head":"<!-- This site is optimized with the Yoast SEO plugin v26.6 - https:\/\/yoast.com\/wordpress\/plugins\/seo\/ -->\n<title>A comida que ingiro afeta a minha sa\u00fade vaginal? - Multi-Gyn<\/title>\n<meta name=\"description\" content=\"Uma dieta equilibrada \u00e9 importante em todos os aspectos da sua sa\u00fade. O seu corpo necessita de certos nutrientes para que possa funcionar bem.\" \/>\n<meta name=\"robots\" content=\"index, follow, max-snippet:-1, max-image-preview:large, max-video-preview:-1\" \/>\n<link rel=\"canonical\" href=\"https:\/\/multi-gyn.com\/pt\/saude-vaginal\/cuidados\/a-comida-que-ingiro-afeta-a-minha-saude-vaginal\/\" \/>\n<meta property=\"og:locale\" content=\"pt_PT\" \/>\n<meta property=\"og:type\" content=\"article\" \/>\n<meta property=\"og:title\" content=\"A comida que ingiro afeta a minha sa\u00fade vaginal? - Multi-Gyn\" \/>\n<meta property=\"og:description\" content=\"Uma dieta equilibrada \u00e9 importante em todos os aspectos da sua sa\u00fade. O seu corpo necessita de certos nutrientes para que possa funcionar bem.\" \/>\n<meta property=\"og:url\" content=\"https:\/\/multi-gyn.com\/pt\/saude-vaginal\/cuidados\/a-comida-que-ingiro-afeta-a-minha-saude-vaginal\/\" \/>\n<meta property=\"og:site_name\" content=\"Multi-Gyn\" \/>\n<meta property=\"article:modified_time\" content=\"2025-04-28T09:43:47+00:00\" \/>\n<meta name=\"twitter:card\" content=\"summary_large_image\" \/>\n<meta name=\"twitter:label1\" content=\"Tempo estimado de leitura\" \/>\n\t<meta name=\"twitter:data1\" content=\"5 minutos\" \/>\n<script type=\"application\/ld+json\" class=\"yoast-schema-graph\">{\"@context\":\"https:\/\/schema.org\",\"@graph\":[{\"@type\":\"WebPage\",\"@id\":\"https:\/\/multi-gyn.com\/pt\/saude-vaginal\/cuidados\/a-comida-que-ingiro-afeta-a-minha-saude-vaginal\/\",\"url\":\"https:\/\/multi-gyn.com\/pt\/saude-vaginal\/cuidados\/a-comida-que-ingiro-afeta-a-minha-saude-vaginal\/\",\"name\":\"A comida que ingiro afeta a minha sa\u00fade vaginal? - Multi-Gyn\",\"isPartOf\":{\"@id\":\"https:\/\/multi-gyn.com\/pt\/#website\"},\"datePublished\":\"2022-12-06T14:58:56+00:00\",\"dateModified\":\"2025-04-28T09:43:47+00:00\",\"description\":\"Uma dieta equilibrada \u00e9 importante em todos os aspectos da sua sa\u00fade. O seu corpo necessita de certos nutrientes para que possa funcionar bem.\",\"breadcrumb\":{\"@id\":\"https:\/\/multi-gyn.com\/pt\/saude-vaginal\/cuidados\/a-comida-que-ingiro-afeta-a-minha-saude-vaginal\/#breadcrumb\"},\"inLanguage\":\"pt-PT\",\"potentialAction\":[{\"@type\":\"ReadAction\",\"target\":[\"https:\/\/multi-gyn.com\/pt\/saude-vaginal\/cuidados\/a-comida-que-ingiro-afeta-a-minha-saude-vaginal\/\"]}]},{\"@type\":\"BreadcrumbList\",\"@id\":\"https:\/\/multi-gyn.com\/pt\/saude-vaginal\/cuidados\/a-comida-que-ingiro-afeta-a-minha-saude-vaginal\/#breadcrumb\",\"itemListElement\":[{\"@type\":\"ListItem\",\"position\":1,\"name\":\"Home\",\"item\":\"https:\/\/multi-gyn.com\/pt\/\"},{\"@type\":\"ListItem\",\"position\":2,\"name\":\"Sa\u00fade vaginal\",\"item\":\"https:\/\/multi-gyn.com\/pt\/saude-vaginal\/\"},{\"@type\":\"ListItem\",\"position\":3,\"name\":\"\u00a0Cuidados\",\"item\":\"https:\/\/multi-gyn.com\/pt\/saude-vaginal\/cuidados\/\"},{\"@type\":\"ListItem\",\"position\":4,\"name\":\"A comida que ingiro afeta a minha sa\u00fade vaginal?\"}]},{\"@type\":\"WebSite\",\"@id\":\"https:\/\/multi-gyn.com\/pt\/#website\",\"url\":\"https:\/\/multi-gyn.com\/pt\/\",\"name\":\"Multi-Gyn\",\"description\":\"\",\"publisher\":{\"@id\":\"https:\/\/multi-gyn.com\/pt\/#organization\"},\"potentialAction\":[{\"@type\":\"SearchAction\",\"target\":{\"@type\":\"EntryPoint\",\"urlTemplate\":\"https:\/\/multi-gyn.com\/pt\/?s={search_term_string}\"},\"query-input\":{\"@type\":\"PropertyValueSpecification\",\"valueRequired\":true,\"valueName\":\"search_term_string\"}}],\"inLanguage\":\"pt-PT\"},{\"@type\":\"Organization\",\"@id\":\"https:\/\/multi-gyn.com\/pt\/#organization\",\"name\":\"Multi-Gyn\",\"url\":\"https:\/\/multi-gyn.com\/pt\/\",\"logo\":{\"@type\":\"ImageObject\",\"inLanguage\":\"pt-PT\",\"@id\":\"https:\/\/multi-gyn.com\/pt\/#\/schema\/logo\/image\/\",\"url\":\"https:\/\/multi-gyn.com\/app\/uploads\/sites\/34\/2022\/11\/multi-gyn-logo.png\",\"contentUrl\":\"https:\/\/multi-gyn.com\/app\/uploads\/sites\/34\/2022\/11\/multi-gyn-logo.png\",\"width\":149,\"height\":32,\"caption\":\"Multi-Gyn\"},\"image\":{\"@id\":\"https:\/\/multi-gyn.com\/pt\/#\/schema\/logo\/image\/\"}}]}<\/script>\n<!-- \/ Yoast SEO plugin. -->","yoast_head_json":{"title":"A comida que ingiro afeta a minha sa\u00fade vaginal? - Multi-Gyn","description":"Uma dieta equilibrada \u00e9 importante em todos os aspectos da sua sa\u00fade. O seu corpo necessita de certos nutrientes para que possa funcionar bem.","robots":{"index":"index","follow":"follow","max-snippet":"max-snippet:-1","max-image-preview":"max-image-preview:large","max-video-preview":"max-video-preview:-1"},"canonical":"https:\/\/multi-gyn.com\/pt\/saude-vaginal\/cuidados\/a-comida-que-ingiro-afeta-a-minha-saude-vaginal\/","og_locale":"pt_PT","og_type":"article","og_title":"A comida que ingiro afeta a minha sa\u00fade vaginal? - Multi-Gyn","og_description":"Uma dieta equilibrada \u00e9 importante em todos os aspectos da sua sa\u00fade. O seu corpo necessita de certos nutrientes para que possa funcionar bem.","og_url":"https:\/\/multi-gyn.com\/pt\/saude-vaginal\/cuidados\/a-comida-que-ingiro-afeta-a-minha-saude-vaginal\/","og_site_name":"Multi-Gyn","article_modified_time":"2025-04-28T09:43:47+00:00","twitter_card":"summary_large_image","twitter_misc":{"Tempo estimado de leitura":"5 minutos"},"schema":{"@context":"https:\/\/schema.org","@graph":[{"@type":"WebPage","@id":"https:\/\/multi-gyn.com\/pt\/saude-vaginal\/cuidados\/a-comida-que-ingiro-afeta-a-minha-saude-vaginal\/","url":"https:\/\/multi-gyn.com\/pt\/saude-vaginal\/cuidados\/a-comida-que-ingiro-afeta-a-minha-saude-vaginal\/","name":"A comida que ingiro afeta a minha sa\u00fade vaginal? - Multi-Gyn","isPartOf":{"@id":"https:\/\/multi-gyn.com\/pt\/#website"},"datePublished":"2022-12-06T14:58:56+00:00","dateModified":"2025-04-28T09:43:47+00:00","description":"Uma dieta equilibrada \u00e9 importante em todos os aspectos da sua sa\u00fade. O seu corpo necessita de certos nutrientes para que possa funcionar bem.","breadcrumb":{"@id":"https:\/\/multi-gyn.com\/pt\/saude-vaginal\/cuidados\/a-comida-que-ingiro-afeta-a-minha-saude-vaginal\/#breadcrumb"},"inLanguage":"pt-PT","potentialAction":[{"@type":"ReadAction","target":["https:\/\/multi-gyn.com\/pt\/saude-vaginal\/cuidados\/a-comida-que-ingiro-afeta-a-minha-saude-vaginal\/"]}]},{"@type":"BreadcrumbList","@id":"https:\/\/multi-gyn.com\/pt\/saude-vaginal\/cuidados\/a-comida-que-ingiro-afeta-a-minha-saude-vaginal\/#breadcrumb","itemListElement":[{"@type":"ListItem","position":1,"name":"Home","item":"https:\/\/multi-gyn.com\/pt\/"},{"@type":"ListItem","position":2,"name":"Sa\u00fade vaginal","item":"https:\/\/multi-gyn.com\/pt\/saude-vaginal\/"},{"@type":"ListItem","position":3,"name":"\u00a0Cuidados","item":"https:\/\/multi-gyn.com\/pt\/saude-vaginal\/cuidados\/"},{"@type":"ListItem","position":4,"name":"A comida que ingiro afeta a minha sa\u00fade vaginal?"}]},{"@type":"WebSite","@id":"https:\/\/multi-gyn.com\/pt\/#website","url":"https:\/\/multi-gyn.com\/pt\/","name":"Multi-Gyn","description":"","publisher":{"@id":"https:\/\/multi-gyn.com\/pt\/#organization"},"potentialAction":[{"@type":"SearchAction","target":{"@type":"EntryPoint","urlTemplate":"https:\/\/multi-gyn.com\/pt\/?s={search_term_string}"},"query-input":{"@type":"PropertyValueSpecification","valueRequired":true,"valueName":"search_term_string"}}],"inLanguage":"pt-PT"},{"@type":"Organization","@id":"https:\/\/multi-gyn.com\/pt\/#organization","name":"Multi-Gyn","url":"https:\/\/multi-gyn.com\/pt\/","logo":{"@type":"ImageObject","inLanguage":"pt-PT","@id":"https:\/\/multi-gyn.com\/pt\/#\/schema\/logo\/image\/","url":"https:\/\/multi-gyn.com\/app\/uploads\/sites\/34\/2022\/11\/multi-gyn-logo.png","contentUrl":"https:\/\/multi-gyn.com\/app\/uploads\/sites\/34\/2022\/11\/multi-gyn-logo.png","width":149,"height":32,"caption":"Multi-Gyn"},"image":{"@id":"https:\/\/multi-gyn.com\/pt\/#\/schema\/logo\/image\/"}}]}},"_links":{"self":[{"href":"https:\/\/multi-gyn.com\/pt\/wp-json\/wp\/v2\/pages\/330","targetHints":{"allow":["GET"]}}],"collection":[{"href":"https:\/\/multi-gyn.com\/pt\/wp-json\/wp\/v2\/pages"}],"about":[{"href":"https:\/\/multi-gyn.com\/pt\/wp-json\/wp\/v2\/types\/page"}],"author":[{"embeddable":true,"href":"https:\/\/multi-gyn.com\/pt\/wp-json\/wp\/v2\/users\/6"}],"replies":[{"embeddable":true,"href":"https:\/\/multi-gyn.com\/pt\/wp-json\/wp\/v2\/comments?post=330"}],"version-history":[{"count":8,"href":"https:\/\/multi-gyn.com\/pt\/wp-json\/wp\/v2\/pages\/330\/revisions"}],"predecessor-version":[{"id":733,"href":"https:\/\/multi-gyn.com\/pt\/wp-json\/wp\/v2\/pages\/330\/revisions\/733"}],"up":[{"embeddable":true,"href":"https:\/\/multi-gyn.com\/pt\/wp-json\/wp\/v2\/pages\/186"}],"wp:attachment":[{"href":"https:\/\/multi-gyn.com\/pt\/wp-json\/wp\/v2\/media?parent=330"}],"wp:term":[{"taxonomy":"from-article-database","embeddable":true,"href":"https:\/\/multi-gyn.com\/pt\/wp-json\/wp\/v2\/from-article-database?post=330"}],"curies":[{"name":"wp","href":"https:\/\/api.w.org\/{rel}","templated":true}]}}