{"id":355,"date":"2022-12-06T21:43:53","date_gmt":"2022-12-06T21:43:53","guid":{"rendered":"https:\/\/multi-gyn.com\/pt\/?page_id=355"},"modified":"2025-04-28T10:43:44","modified_gmt":"2025-04-28T09:43:44","slug":"higiene-vaginal-o-que-fazer-e-nao-fazer","status":"publish","type":"page","link":"https:\/\/multi-gyn.com\/pt\/saude-vaginal\/cuidados\/higiene-vaginal-o-que-fazer-e-nao-fazer\/","title":{"rendered":"Higiene vaginal \u2013 o que fazer, e n\u00e3o fazer?"},"content":{"rendered":"\n<div class=\"wp-block-karopharma-free-text pt-large pb-large bg-center bg-cover bg-no-repeat  is-style-primary\" style=\"background-image:url()\"><div class=\"free-text-wrapper container max-w-medium text-left\">\n<h1 class=\"wp-block-heading\">Higiene vaginal \u2013 o que fazer, e n\u00e3o fazer?<\/h1>\n\n\n\n<p class=\"is-style-paragraph-preamble\">Uma higiene vaginal apropriada pode fazer uma grande diferen\u00e7a na nossa sa\u00fade reprodutiva. Pode reduzir o risco de contrair infe\u00e7\u00f5es, pode acelerar o processo de recupera\u00e7\u00e3o e prevenir sintomas desconfort\u00e1veis como irrita\u00e7\u00e3o e corrimento. Veja algumas das mais importantes indica\u00e7\u00f5es do que \u201cfazer\u201d ou \u201cn\u00e3o fazer\u201d na higiene vaginal.<\/p>\n<\/div><\/div>\n\n\n\n<div class=\"wp-block-karopharma-free-text pt-large pb-large bg-center bg-cover bg-no-repeat\" style=\"background-image:url()\"><div class=\"free-text-wrapper container max-w-medium text-left\">\n<p><strong>Fazer: Lave a sua \u00e1rea \u00edntima uma vez por dia.<\/strong><br>Isto significa que deve apenas utilizar \u00e1gua morna ou um produto de lavagem \u00edntima suave e natural uma vez por dia.<\/p>\n\n\n\n<p><strong>N\u00e3o fazer: Usar sab\u00e3o.<\/strong><br>O sab\u00e3o \u00e9 altamente alcalino e muito agressivo para a pele sens\u00edvel da \u00e1rea \u00edntima. Escolha sempre um produto de lavagem \u00edntima que n\u00e3o contenha sab\u00e3o, frag\u00e2ncias ou corantes.<\/p>\n\n\n\n<p><strong>Fazer: Use toalhitas \u00edntimas se n\u00e3o puder tomar banho.<\/strong><br>Especialmente durante o per\u00edodo, meses quentes ou quando viaja.<\/p>\n\n\n\n<p><strong>N\u00e3o fazer: Utilize roupa interior sint\u00e9tica e apertada.<\/strong><br>Os tecidos sint\u00e9ticos n\u00e3o permitem que a pele respire, o que leva a um aumento de temperatura e humidade na \u00e1rea \u00edntima. Roupas apertadas criam fric\u00e7\u00e3o, o que pode causar pequenos rasgos na pele. Combinando isto com o aumento do calor e hidrata\u00e7\u00e3o pode criar o ambiente perfeito para uma poss\u00edvel infe\u00e7\u00e3o vaginal. Escolha materiais naturais e evite roupas apertadas durante longos per\u00edodos de tempo.<\/p>\n\n\n\n<p><strong>Fazer: Limpe-se de frente para tr\u00e1s.<\/strong><br>\u00c9 muito f\u00e1cil transferir bact\u00e9rias do \u00e2nus para a vagina quando se limpa de tr\u00e1s para a frente, por isso assegure-se que nunca quebra esta regra importante. Utilizar papel higi\u00e9nico incolor e sem frag\u00e2ncias para evitar irrita\u00e7\u00f5es.<\/p>\n\n\n\n<p><strong>N\u00e3o fazer: Utilize frag\u00e2ncias ou desodorizantes para fazer com que as suas partes \u00edntimas cheirem melhor.<\/strong><br>Cada vagina tem um cheiro \u00fanico, e a n\u00e3o ser que exista um problema, n\u00e3o dever\u00e1 cheirar mal. Um odor forte pode ser sinal de infe\u00e7\u00e3o.<\/p>\n\n\n\n<p><strong>Fazer: Utilize um produto calmante ap\u00f3s efetuar a depila\u00e7\u00e3o.<\/strong><br>Independentemente do que escolher para se depilar (gilette, cera), use um creme depilat\u00f3rio ou algo mais, assegurando que hidrata a pele antes do procedimento, e aplique um produto calmante natural ap\u00f3s a depila\u00e7\u00e3o em toda a \u00e1rea para prevenir irrita\u00e7\u00f5es na pele.<\/p>\n\n\n\n<p><strong>N\u00e3o fazer: Utilize o mesmo penso higi\u00e9nico durante um dia inteiro.<\/strong><br>Pensos higi\u00e9nicos n\u00e3o s\u00e3o para serem utilizados durante um longo per\u00edodo de tempo. Id\u00eanticos a roupa interior sint\u00e9tica, os pensos higi\u00e9nicos n\u00e3o permitem que a pele respire e podem irritar a mesma aumentando o risco de infe\u00e7\u00e3o. O mesmo acontece com pensos e tamp\u00f5es, especialmente devido ao sangue menstrual que fica em contacto com as paredes vaginais. Mude sempre os seus pensos higi\u00e9nicos e tamp\u00f5es a cada 3 \u2013 4 horas, antes de se deitar e assim que se levanta.<\/p>\n\n\n\n<p><strong>Fazer: Passe suavemente em vez de esfregar para secar a sua zona \u00edntima.<\/strong><br>Ap\u00f3s o banho, utilize uma toalha limpa e suave e passe suavemente na sua \u00e1rea \u00edntima at\u00e9 secar completamente.<\/p>\n\n\n\n<p><strong>N\u00e3o fazer: Utilize produtos que contenham irritantes ou alerg\u00e9nicos.<\/strong><br>Isto inclui lo\u00e7\u00f5es, sprays, banhos de espuma, etc. Os ingredientes que deve evitar nos produtos s\u00e3o detergentes, frag\u00e2ncias, corantes, qu\u00edmicos fortes e conservantes.<br><\/p>\n\n\n\n<p><br><\/p>\n<\/div><\/div>\n","protected":false},"excerpt":{"rendered":"","protected":false},"author":6,"featured_media":0,"parent":186,"menu_order":0,"comment_status":"closed","ping_status":"closed","template":"","meta":{"_acf_changed":false,"footnotes":""},"from-article-database":[],"class_list":["post-355","page","type-page","status-publish","hentry"],"acf":[],"yoast_head":"<!-- This site is optimized with the Yoast SEO plugin v26.6 - https:\/\/yoast.com\/wordpress\/plugins\/seo\/ -->\n<title>Higiene vaginal \u2013 o que fazer, e n\u00e3o fazer? - Multi-Gyn<\/title>\n<meta name=\"description\" content=\"Uma higiene vaginal apropriada pode fazer uma grande diferen\u00e7a na nossa sa\u00fade reprodutiva. Pode reduzir o risco de contrair infe\u00e7\u00f5es, pode acelerar o processo de recupera\u00e7\u00e3o e prevenir sintomas desconfort\u00e1veis como irrita\u00e7\u00e3o e corrimento.\" \/>\n<meta name=\"robots\" content=\"index, follow, max-snippet:-1, max-image-preview:large, max-video-preview:-1\" \/>\n<link rel=\"canonical\" href=\"https:\/\/multi-gyn.com\/pt\/saude-vaginal\/cuidados\/higiene-vaginal-o-que-fazer-e-nao-fazer\/\" \/>\n<meta property=\"og:locale\" content=\"pt_PT\" \/>\n<meta property=\"og:type\" content=\"article\" \/>\n<meta property=\"og:title\" content=\"Higiene vaginal \u2013 o que fazer, e n\u00e3o fazer? - Multi-Gyn\" \/>\n<meta property=\"og:description\" content=\"Uma higiene vaginal apropriada pode fazer uma grande diferen\u00e7a na nossa sa\u00fade reprodutiva. Pode reduzir o risco de contrair infe\u00e7\u00f5es, pode acelerar o processo de recupera\u00e7\u00e3o e prevenir sintomas desconfort\u00e1veis como irrita\u00e7\u00e3o e corrimento.\" \/>\n<meta property=\"og:url\" content=\"https:\/\/multi-gyn.com\/pt\/saude-vaginal\/cuidados\/higiene-vaginal-o-que-fazer-e-nao-fazer\/\" \/>\n<meta property=\"og:site_name\" content=\"Multi-Gyn\" \/>\n<meta property=\"article:modified_time\" content=\"2025-04-28T09:43:44+00:00\" \/>\n<meta name=\"twitter:card\" content=\"summary_large_image\" \/>\n<meta name=\"twitter:label1\" content=\"Tempo estimado de leitura\" \/>\n\t<meta name=\"twitter:data1\" content=\"3 minutos\" \/>\n<script type=\"application\/ld+json\" class=\"yoast-schema-graph\">{\"@context\":\"https:\/\/schema.org\",\"@graph\":[{\"@type\":\"WebPage\",\"@id\":\"https:\/\/multi-gyn.com\/pt\/saude-vaginal\/cuidados\/higiene-vaginal-o-que-fazer-e-nao-fazer\/\",\"url\":\"https:\/\/multi-gyn.com\/pt\/saude-vaginal\/cuidados\/higiene-vaginal-o-que-fazer-e-nao-fazer\/\",\"name\":\"Higiene vaginal \u2013 o que fazer, e n\u00e3o fazer? - Multi-Gyn\",\"isPartOf\":{\"@id\":\"https:\/\/multi-gyn.com\/pt\/#website\"},\"datePublished\":\"2022-12-06T21:43:53+00:00\",\"dateModified\":\"2025-04-28T09:43:44+00:00\",\"description\":\"Uma higiene vaginal apropriada pode fazer uma grande diferen\u00e7a na nossa sa\u00fade reprodutiva. Pode reduzir o risco de contrair infe\u00e7\u00f5es, pode acelerar o processo de recupera\u00e7\u00e3o e prevenir sintomas desconfort\u00e1veis como irrita\u00e7\u00e3o e corrimento.\",\"breadcrumb\":{\"@id\":\"https:\/\/multi-gyn.com\/pt\/saude-vaginal\/cuidados\/higiene-vaginal-o-que-fazer-e-nao-fazer\/#breadcrumb\"},\"inLanguage\":\"pt-PT\",\"potentialAction\":[{\"@type\":\"ReadAction\",\"target\":[\"https:\/\/multi-gyn.com\/pt\/saude-vaginal\/cuidados\/higiene-vaginal-o-que-fazer-e-nao-fazer\/\"]}]},{\"@type\":\"BreadcrumbList\",\"@id\":\"https:\/\/multi-gyn.com\/pt\/saude-vaginal\/cuidados\/higiene-vaginal-o-que-fazer-e-nao-fazer\/#breadcrumb\",\"itemListElement\":[{\"@type\":\"ListItem\",\"position\":1,\"name\":\"Home\",\"item\":\"https:\/\/multi-gyn.com\/pt\/\"},{\"@type\":\"ListItem\",\"position\":2,\"name\":\"Sa\u00fade vaginal\",\"item\":\"https:\/\/multi-gyn.com\/pt\/saude-vaginal\/\"},{\"@type\":\"ListItem\",\"position\":3,\"name\":\"\u00a0Cuidados\",\"item\":\"https:\/\/multi-gyn.com\/pt\/saude-vaginal\/cuidados\/\"},{\"@type\":\"ListItem\",\"position\":4,\"name\":\"Higiene vaginal \u2013 o que fazer, e n\u00e3o fazer?\"}]},{\"@type\":\"WebSite\",\"@id\":\"https:\/\/multi-gyn.com\/pt\/#website\",\"url\":\"https:\/\/multi-gyn.com\/pt\/\",\"name\":\"Multi-Gyn\",\"description\":\"\",\"publisher\":{\"@id\":\"https:\/\/multi-gyn.com\/pt\/#organization\"},\"potentialAction\":[{\"@type\":\"SearchAction\",\"target\":{\"@type\":\"EntryPoint\",\"urlTemplate\":\"https:\/\/multi-gyn.com\/pt\/?s={search_term_string}\"},\"query-input\":{\"@type\":\"PropertyValueSpecification\",\"valueRequired\":true,\"valueName\":\"search_term_string\"}}],\"inLanguage\":\"pt-PT\"},{\"@type\":\"Organization\",\"@id\":\"https:\/\/multi-gyn.com\/pt\/#organization\",\"name\":\"Multi-Gyn\",\"url\":\"https:\/\/multi-gyn.com\/pt\/\",\"logo\":{\"@type\":\"ImageObject\",\"inLanguage\":\"pt-PT\",\"@id\":\"https:\/\/multi-gyn.com\/pt\/#\/schema\/logo\/image\/\",\"url\":\"https:\/\/multi-gyn.com\/app\/uploads\/sites\/34\/2022\/11\/multi-gyn-logo.png\",\"contentUrl\":\"https:\/\/multi-gyn.com\/app\/uploads\/sites\/34\/2022\/11\/multi-gyn-logo.png\",\"width\":149,\"height\":32,\"caption\":\"Multi-Gyn\"},\"image\":{\"@id\":\"https:\/\/multi-gyn.com\/pt\/#\/schema\/logo\/image\/\"}}]}<\/script>\n<!-- \/ Yoast SEO plugin. -->","yoast_head_json":{"title":"Higiene vaginal \u2013 o que fazer, e n\u00e3o fazer? - Multi-Gyn","description":"Uma higiene vaginal apropriada pode fazer uma grande diferen\u00e7a na nossa sa\u00fade reprodutiva. Pode reduzir o risco de contrair infe\u00e7\u00f5es, pode acelerar o processo de recupera\u00e7\u00e3o e prevenir sintomas desconfort\u00e1veis como irrita\u00e7\u00e3o e corrimento.","robots":{"index":"index","follow":"follow","max-snippet":"max-snippet:-1","max-image-preview":"max-image-preview:large","max-video-preview":"max-video-preview:-1"},"canonical":"https:\/\/multi-gyn.com\/pt\/saude-vaginal\/cuidados\/higiene-vaginal-o-que-fazer-e-nao-fazer\/","og_locale":"pt_PT","og_type":"article","og_title":"Higiene vaginal \u2013 o que fazer, e n\u00e3o fazer? - Multi-Gyn","og_description":"Uma higiene vaginal apropriada pode fazer uma grande diferen\u00e7a na nossa sa\u00fade reprodutiva. Pode reduzir o risco de contrair infe\u00e7\u00f5es, pode acelerar o processo de recupera\u00e7\u00e3o e prevenir sintomas desconfort\u00e1veis como irrita\u00e7\u00e3o e corrimento.","og_url":"https:\/\/multi-gyn.com\/pt\/saude-vaginal\/cuidados\/higiene-vaginal-o-que-fazer-e-nao-fazer\/","og_site_name":"Multi-Gyn","article_modified_time":"2025-04-28T09:43:44+00:00","twitter_card":"summary_large_image","twitter_misc":{"Tempo estimado de leitura":"3 minutos"},"schema":{"@context":"https:\/\/schema.org","@graph":[{"@type":"WebPage","@id":"https:\/\/multi-gyn.com\/pt\/saude-vaginal\/cuidados\/higiene-vaginal-o-que-fazer-e-nao-fazer\/","url":"https:\/\/multi-gyn.com\/pt\/saude-vaginal\/cuidados\/higiene-vaginal-o-que-fazer-e-nao-fazer\/","name":"Higiene vaginal \u2013 o que fazer, e n\u00e3o fazer? - Multi-Gyn","isPartOf":{"@id":"https:\/\/multi-gyn.com\/pt\/#website"},"datePublished":"2022-12-06T21:43:53+00:00","dateModified":"2025-04-28T09:43:44+00:00","description":"Uma higiene vaginal apropriada pode fazer uma grande diferen\u00e7a na nossa sa\u00fade reprodutiva. Pode reduzir o risco de contrair infe\u00e7\u00f5es, pode acelerar o processo de recupera\u00e7\u00e3o e prevenir sintomas desconfort\u00e1veis como irrita\u00e7\u00e3o e corrimento.","breadcrumb":{"@id":"https:\/\/multi-gyn.com\/pt\/saude-vaginal\/cuidados\/higiene-vaginal-o-que-fazer-e-nao-fazer\/#breadcrumb"},"inLanguage":"pt-PT","potentialAction":[{"@type":"ReadAction","target":["https:\/\/multi-gyn.com\/pt\/saude-vaginal\/cuidados\/higiene-vaginal-o-que-fazer-e-nao-fazer\/"]}]},{"@type":"BreadcrumbList","@id":"https:\/\/multi-gyn.com\/pt\/saude-vaginal\/cuidados\/higiene-vaginal-o-que-fazer-e-nao-fazer\/#breadcrumb","itemListElement":[{"@type":"ListItem","position":1,"name":"Home","item":"https:\/\/multi-gyn.com\/pt\/"},{"@type":"ListItem","position":2,"name":"Sa\u00fade vaginal","item":"https:\/\/multi-gyn.com\/pt\/saude-vaginal\/"},{"@type":"ListItem","position":3,"name":"\u00a0Cuidados","item":"https:\/\/multi-gyn.com\/pt\/saude-vaginal\/cuidados\/"},{"@type":"ListItem","position":4,"name":"Higiene vaginal \u2013 o que fazer, e n\u00e3o fazer?"}]},{"@type":"WebSite","@id":"https:\/\/multi-gyn.com\/pt\/#website","url":"https:\/\/multi-gyn.com\/pt\/","name":"Multi-Gyn","description":"","publisher":{"@id":"https:\/\/multi-gyn.com\/pt\/#organization"},"potentialAction":[{"@type":"SearchAction","target":{"@type":"EntryPoint","urlTemplate":"https:\/\/multi-gyn.com\/pt\/?s={search_term_string}"},"query-input":{"@type":"PropertyValueSpecification","valueRequired":true,"valueName":"search_term_string"}}],"inLanguage":"pt-PT"},{"@type":"Organization","@id":"https:\/\/multi-gyn.com\/pt\/#organization","name":"Multi-Gyn","url":"https:\/\/multi-gyn.com\/pt\/","logo":{"@type":"ImageObject","inLanguage":"pt-PT","@id":"https:\/\/multi-gyn.com\/pt\/#\/schema\/logo\/image\/","url":"https:\/\/multi-gyn.com\/app\/uploads\/sites\/34\/2022\/11\/multi-gyn-logo.png","contentUrl":"https:\/\/multi-gyn.com\/app\/uploads\/sites\/34\/2022\/11\/multi-gyn-logo.png","width":149,"height":32,"caption":"Multi-Gyn"},"image":{"@id":"https:\/\/multi-gyn.com\/pt\/#\/schema\/logo\/image\/"}}]}},"_links":{"self":[{"href":"https:\/\/multi-gyn.com\/pt\/wp-json\/wp\/v2\/pages\/355","targetHints":{"allow":["GET"]}}],"collection":[{"href":"https:\/\/multi-gyn.com\/pt\/wp-json\/wp\/v2\/pages"}],"about":[{"href":"https:\/\/multi-gyn.com\/pt\/wp-json\/wp\/v2\/types\/page"}],"author":[{"embeddable":true,"href":"https:\/\/multi-gyn.com\/pt\/wp-json\/wp\/v2\/users\/6"}],"replies":[{"embeddable":true,"href":"https:\/\/multi-gyn.com\/pt\/wp-json\/wp\/v2\/comments?post=355"}],"version-history":[{"count":4,"href":"https:\/\/multi-gyn.com\/pt\/wp-json\/wp\/v2\/pages\/355\/revisions"}],"predecessor-version":[{"id":635,"href":"https:\/\/multi-gyn.com\/pt\/wp-json\/wp\/v2\/pages\/355\/revisions\/635"}],"up":[{"embeddable":true,"href":"https:\/\/multi-gyn.com\/pt\/wp-json\/wp\/v2\/pages\/186"}],"wp:attachment":[{"href":"https:\/\/multi-gyn.com\/pt\/wp-json\/wp\/v2\/media?parent=355"}],"wp:term":[{"taxonomy":"from-article-database","embeddable":true,"href":"https:\/\/multi-gyn.com\/pt\/wp-json\/wp\/v2\/from-article-database?post=355"}],"curies":[{"name":"wp","href":"https:\/\/api.w.org\/{rel}","templated":true}]}}