{"id":382,"date":"2022-12-06T22:01:08","date_gmt":"2022-12-06T22:01:08","guid":{"rendered":"https:\/\/multi-gyn.com\/pt\/?page_id=382"},"modified":"2025-04-28T10:43:42","modified_gmt":"2025-04-28T09:43:42","slug":"vaporizacoes-e-duches-vaginais-sao-bons-para-a-sua-vagina","status":"publish","type":"page","link":"https:\/\/multi-gyn.com\/pt\/saude-vaginal\/cuidados\/vaporizacoes-e-duches-vaginais-sao-bons-para-a-sua-vagina\/","title":{"rendered":"Vaporiza\u00e7\u00f5es e duches vaginais s\u00e3o bons para a sua vagina?"},"content":{"rendered":"\n<div class=\"wp-block-karopharma-free-text pt-large pb-large bg-center bg-cover bg-no-repeat  is-style-primary\" style=\"background-image:url()\"><div class=\"free-text-wrapper container max-w-medium text-left\">\n<h1 class=\"wp-block-heading\">Vaporiza\u00e7\u00f5es e duches vaginais s\u00e3o bons para a sua vagina?<\/h1>\n\n\n\n<p class=\"is-style-paragraph-preamble\"><strong>Vaporiza\u00e7\u00f5es vaginais<\/strong>, tamb\u00e9m conhecidas como&nbsp;<strong>vaporiza\u00e7\u00f5es<\/strong>&nbsp;yoni, \u00e9 uma pr\u00e1tica de sa\u00fade antiga onde a mulher agacha ou se senta por cima de&nbsp;<strong>vapor<\/strong>&nbsp;de \u00e1gua contendo ervas como artem\u00edsia, alecrim, absinto e bas\u00edlico. A vaporiza\u00e7\u00e3o \u00e9 um ritual de limpeza e energ\u00e9tico, e tem como objectivo ajudar a equilibrar as hormonas femininas. Existem diferentes pontos de vistas nos m\u00e9dicos sobre a import\u00e2ncia da limpeza manual da sua vagina atrav\u00e9s de duche ou outras t\u00e9cnicas, como por exemplo vaporiza\u00e7\u00e3o. Isto \u00e9 porque a vagina \u00e9 bastante eficaz a realizar a sua autolimpeza e qualquer rotina de higiene agressiva, atrav\u00e9s de qualquer m\u00e9todo, pode ser mais prejudicial do que fazer bem. Gwyneth Paltrow\u2019s l\u00ea bastantes sites sobre mulheres e escreveu coment\u00e1rios relativamente aos benef\u00edcios de vaporizar a sua vagina, mas n\u00e3o fic\u00e1mos convencidos. Explicamos-lhe porqu\u00ea:<\/p>\n<\/div><\/div>\n\n\n\n<div class=\"wp-block-karopharma-free-text pt-large pb-large bg-center bg-cover bg-no-repeat\" style=\"background-image:url()\"><div class=\"free-text-wrapper container max-w-medium text-left\">\n<h2 class=\"is-style-heading-h2 wp-block-heading\">A vaporiza\u00e7\u00e3o vaginal vale a pena o risco?<\/h2>\n\n\n\n<p>Achamos que n\u00e3o.<\/p>\n\n\n\n<p>O vapor \u00e9 muito, muito quente, muitas vezes superior ao ponto de fervura! O risco de queimar a vulva e o tecido vaginal \u00e9 muito elevado. Isto pode ser extremamente doloroso e desconfort\u00e1vel, e pode conduzir a outros problemas como infe\u00e7\u00f5es no local da queimadura. Al\u00e9m do potencial dano \u00e0 vulva e o resto do per\u00edneo, incluindo o\u00a0<a href=\"https:\/\/multi-gyn.com\/pt\/saude-vaginal\/geral\/anatomia-da-vagina\/\">\u00e2nus e uretra<\/a>, podem ser danificados por o vapor ser direccionado erradamente. Isto ir\u00e1 ser doloroso e pode levar a problemas mais complicados.<\/p>\n\n\n\n<p>Limpar a sua vagina com vapor pode secar e isto ir\u00e1 interromper o equil\u00edbrio natural das bact\u00e9rias da vagina que l\u00e1 coabitam. A\u00a0<a href=\"https:\/\/multi-gyn.com\/pt\/saude-vaginal\/desconfortos\/secura-vaginalcausas-e-tratamento\/\">secura vaginal<\/a>\u00a0\u00e9 desconfort\u00e1vel e o desequil\u00edbrio da flora vaginal pode levar a problemas microbianos, como por exemplo incha\u00e7o, irrita\u00e7\u00e3o e vaginose bacteriana e problemas f\u00fangicos.<\/p>\n\n\n\n<p>As indica\u00e7\u00f5es sobre o equil\u00edbrio hormonal parecem ser improv\u00e1veis. As hormonas n\u00e3o s\u00e3o produzidas na vagina ou \u00fatero, e parece ser improv\u00e1vel que o vapor chegue aos ov\u00e1rios e afete as hormonas que s\u00e3o produzidas l\u00e1.<\/p>\n\n\n\n<p>A efic\u00e1cia do vapor como um \u201cagente de limpeza do \u00fatero\u201d \u00e9 altamente question\u00e1vel. O vapor que entra na vagina \u00e9 pouco prov\u00e1vel que chegue ao \u00fatero, e qualquer flora uterina n\u00e3o deve ser perturbada e de certeza que n\u00e3o deve ser limpa.<\/p>\n\n\n\n<h2 class=\"is-style-heading-h2 wp-block-heading\">O duche \u00e9 uma melhor op\u00e7\u00e3o?<\/h2>\n\n\n\n<p>As mulheres que usam acess\u00f3rios de m\u00e3o para lavar a vulva podem estar a realizar duche, quer se apercebam ou n\u00e3o. O duche n\u00e3o \u00e9 necess\u00e1rio, pois a vagina \u00e9 bastante eficiente a lavar-se a ela pr\u00f3pria. No entanto, existem alturas espec\u00edficas em que poder\u00e1 ajudar algumas mulheres utilizar um duche vaginal especialmente desenvolvido.<\/p>\n\n\n\n<p>N\u00e3o aconselhamos a realizar um duche vaginal todos os dias. Poder\u00e1 querer fazer um duche suave e natural ap\u00f3s os dias de menstrua\u00e7\u00e3o ou rela\u00e7\u00f5es sexuais. N\u00e3o existe necessidade de utilizar um duche vaginal mais do que essas vezes.<\/p>\n\n\n\n<p>Tome aten\u00e7\u00e3o para escolher um duche com um flu\u00eddo natural e suave, com um design ergon\u00f3mico f\u00e1cil de usar, como por exemplo \u00e9 o\u00a0<a href=\"https:\/\/multi-gyn.com\/pt\/produtos\/multi-gyn-duche-vaginal-e-pastilhas\/\">Multi-Gyn Duche vaginal<\/a>. Tenha sempre cuidado quando inserir algum item dentro da sua vagina e assegure-se que est\u00e1 relaxada e confort\u00e1vel antes de o tentar realizar.<\/p>\n<\/div><\/div>\n","protected":false},"excerpt":{"rendered":"","protected":false},"author":6,"featured_media":0,"parent":186,"menu_order":0,"comment_status":"closed","ping_status":"closed","template":"","meta":{"_acf_changed":false,"footnotes":""},"from-article-database":[],"class_list":["post-382","page","type-page","status-publish","hentry"],"acf":[],"yoast_head":"<!-- This site is optimized with the Yoast SEO plugin v26.6 - https:\/\/yoast.com\/wordpress\/plugins\/seo\/ -->\n<title>Vaporiza\u00e7\u00f5es e duches vaginais s\u00e3o bons para a sua vagina? - Multi-Gyn<\/title>\n<meta name=\"description\" content=\"A vaporiza\u00e7\u00e3o \u00e9 um ritual de limpeza e energ\u00e9tico, e tem como objectivo ajudar a equilibrar as hormonas femininas.\" \/>\n<meta name=\"robots\" content=\"index, follow, max-snippet:-1, max-image-preview:large, max-video-preview:-1\" \/>\n<link rel=\"canonical\" href=\"https:\/\/multi-gyn.com\/pt\/saude-vaginal\/cuidados\/vaporizacoes-e-duches-vaginais-sao-bons-para-a-sua-vagina\/\" \/>\n<meta property=\"og:locale\" content=\"pt_PT\" \/>\n<meta property=\"og:type\" content=\"article\" \/>\n<meta property=\"og:title\" content=\"Vaporiza\u00e7\u00f5es e duches vaginais s\u00e3o bons para a sua vagina? - Multi-Gyn\" \/>\n<meta property=\"og:description\" content=\"A vaporiza\u00e7\u00e3o \u00e9 um ritual de limpeza e energ\u00e9tico, e tem como objectivo ajudar a equilibrar as hormonas femininas.\" \/>\n<meta property=\"og:url\" content=\"https:\/\/multi-gyn.com\/pt\/saude-vaginal\/cuidados\/vaporizacoes-e-duches-vaginais-sao-bons-para-a-sua-vagina\/\" \/>\n<meta property=\"og:site_name\" content=\"Multi-Gyn\" \/>\n<meta property=\"article:modified_time\" content=\"2025-04-28T09:43:42+00:00\" \/>\n<meta name=\"twitter:card\" content=\"summary_large_image\" \/>\n<meta name=\"twitter:label1\" content=\"Tempo estimado de leitura\" \/>\n\t<meta name=\"twitter:data1\" content=\"3 minutos\" \/>\n<script type=\"application\/ld+json\" class=\"yoast-schema-graph\">{\"@context\":\"https:\/\/schema.org\",\"@graph\":[{\"@type\":\"WebPage\",\"@id\":\"https:\/\/multi-gyn.com\/pt\/saude-vaginal\/cuidados\/vaporizacoes-e-duches-vaginais-sao-bons-para-a-sua-vagina\/\",\"url\":\"https:\/\/multi-gyn.com\/pt\/saude-vaginal\/cuidados\/vaporizacoes-e-duches-vaginais-sao-bons-para-a-sua-vagina\/\",\"name\":\"Vaporiza\u00e7\u00f5es e duches vaginais s\u00e3o bons para a sua vagina? - Multi-Gyn\",\"isPartOf\":{\"@id\":\"https:\/\/multi-gyn.com\/pt\/#website\"},\"datePublished\":\"2022-12-06T22:01:08+00:00\",\"dateModified\":\"2025-04-28T09:43:42+00:00\",\"description\":\"A vaporiza\u00e7\u00e3o \u00e9 um ritual de limpeza e energ\u00e9tico, e tem como objectivo ajudar a equilibrar as hormonas femininas.\",\"breadcrumb\":{\"@id\":\"https:\/\/multi-gyn.com\/pt\/saude-vaginal\/cuidados\/vaporizacoes-e-duches-vaginais-sao-bons-para-a-sua-vagina\/#breadcrumb\"},\"inLanguage\":\"pt-PT\",\"potentialAction\":[{\"@type\":\"ReadAction\",\"target\":[\"https:\/\/multi-gyn.com\/pt\/saude-vaginal\/cuidados\/vaporizacoes-e-duches-vaginais-sao-bons-para-a-sua-vagina\/\"]}]},{\"@type\":\"BreadcrumbList\",\"@id\":\"https:\/\/multi-gyn.com\/pt\/saude-vaginal\/cuidados\/vaporizacoes-e-duches-vaginais-sao-bons-para-a-sua-vagina\/#breadcrumb\",\"itemListElement\":[{\"@type\":\"ListItem\",\"position\":1,\"name\":\"Home\",\"item\":\"https:\/\/multi-gyn.com\/pt\/\"},{\"@type\":\"ListItem\",\"position\":2,\"name\":\"Sa\u00fade vaginal\",\"item\":\"https:\/\/multi-gyn.com\/pt\/saude-vaginal\/\"},{\"@type\":\"ListItem\",\"position\":3,\"name\":\"\u00a0Cuidados\",\"item\":\"https:\/\/multi-gyn.com\/pt\/saude-vaginal\/cuidados\/\"},{\"@type\":\"ListItem\",\"position\":4,\"name\":\"Vaporiza\u00e7\u00f5es e duches vaginais s\u00e3o bons para a sua vagina?\"}]},{\"@type\":\"WebSite\",\"@id\":\"https:\/\/multi-gyn.com\/pt\/#website\",\"url\":\"https:\/\/multi-gyn.com\/pt\/\",\"name\":\"Multi-Gyn\",\"description\":\"\",\"publisher\":{\"@id\":\"https:\/\/multi-gyn.com\/pt\/#organization\"},\"potentialAction\":[{\"@type\":\"SearchAction\",\"target\":{\"@type\":\"EntryPoint\",\"urlTemplate\":\"https:\/\/multi-gyn.com\/pt\/?s={search_term_string}\"},\"query-input\":{\"@type\":\"PropertyValueSpecification\",\"valueRequired\":true,\"valueName\":\"search_term_string\"}}],\"inLanguage\":\"pt-PT\"},{\"@type\":\"Organization\",\"@id\":\"https:\/\/multi-gyn.com\/pt\/#organization\",\"name\":\"Multi-Gyn\",\"url\":\"https:\/\/multi-gyn.com\/pt\/\",\"logo\":{\"@type\":\"ImageObject\",\"inLanguage\":\"pt-PT\",\"@id\":\"https:\/\/multi-gyn.com\/pt\/#\/schema\/logo\/image\/\",\"url\":\"https:\/\/multi-gyn.com\/app\/uploads\/sites\/34\/2022\/11\/multi-gyn-logo.png\",\"contentUrl\":\"https:\/\/multi-gyn.com\/app\/uploads\/sites\/34\/2022\/11\/multi-gyn-logo.png\",\"width\":149,\"height\":32,\"caption\":\"Multi-Gyn\"},\"image\":{\"@id\":\"https:\/\/multi-gyn.com\/pt\/#\/schema\/logo\/image\/\"}}]}<\/script>\n<!-- \/ Yoast SEO plugin. -->","yoast_head_json":{"title":"Vaporiza\u00e7\u00f5es e duches vaginais s\u00e3o bons para a sua vagina? - Multi-Gyn","description":"A vaporiza\u00e7\u00e3o \u00e9 um ritual de limpeza e energ\u00e9tico, e tem como objectivo ajudar a equilibrar as hormonas femininas.","robots":{"index":"index","follow":"follow","max-snippet":"max-snippet:-1","max-image-preview":"max-image-preview:large","max-video-preview":"max-video-preview:-1"},"canonical":"https:\/\/multi-gyn.com\/pt\/saude-vaginal\/cuidados\/vaporizacoes-e-duches-vaginais-sao-bons-para-a-sua-vagina\/","og_locale":"pt_PT","og_type":"article","og_title":"Vaporiza\u00e7\u00f5es e duches vaginais s\u00e3o bons para a sua vagina? - Multi-Gyn","og_description":"A vaporiza\u00e7\u00e3o \u00e9 um ritual de limpeza e energ\u00e9tico, e tem como objectivo ajudar a equilibrar as hormonas femininas.","og_url":"https:\/\/multi-gyn.com\/pt\/saude-vaginal\/cuidados\/vaporizacoes-e-duches-vaginais-sao-bons-para-a-sua-vagina\/","og_site_name":"Multi-Gyn","article_modified_time":"2025-04-28T09:43:42+00:00","twitter_card":"summary_large_image","twitter_misc":{"Tempo estimado de leitura":"3 minutos"},"schema":{"@context":"https:\/\/schema.org","@graph":[{"@type":"WebPage","@id":"https:\/\/multi-gyn.com\/pt\/saude-vaginal\/cuidados\/vaporizacoes-e-duches-vaginais-sao-bons-para-a-sua-vagina\/","url":"https:\/\/multi-gyn.com\/pt\/saude-vaginal\/cuidados\/vaporizacoes-e-duches-vaginais-sao-bons-para-a-sua-vagina\/","name":"Vaporiza\u00e7\u00f5es e duches vaginais s\u00e3o bons para a sua vagina? - Multi-Gyn","isPartOf":{"@id":"https:\/\/multi-gyn.com\/pt\/#website"},"datePublished":"2022-12-06T22:01:08+00:00","dateModified":"2025-04-28T09:43:42+00:00","description":"A vaporiza\u00e7\u00e3o \u00e9 um ritual de limpeza e energ\u00e9tico, e tem como objectivo ajudar a equilibrar as hormonas femininas.","breadcrumb":{"@id":"https:\/\/multi-gyn.com\/pt\/saude-vaginal\/cuidados\/vaporizacoes-e-duches-vaginais-sao-bons-para-a-sua-vagina\/#breadcrumb"},"inLanguage":"pt-PT","potentialAction":[{"@type":"ReadAction","target":["https:\/\/multi-gyn.com\/pt\/saude-vaginal\/cuidados\/vaporizacoes-e-duches-vaginais-sao-bons-para-a-sua-vagina\/"]}]},{"@type":"BreadcrumbList","@id":"https:\/\/multi-gyn.com\/pt\/saude-vaginal\/cuidados\/vaporizacoes-e-duches-vaginais-sao-bons-para-a-sua-vagina\/#breadcrumb","itemListElement":[{"@type":"ListItem","position":1,"name":"Home","item":"https:\/\/multi-gyn.com\/pt\/"},{"@type":"ListItem","position":2,"name":"Sa\u00fade vaginal","item":"https:\/\/multi-gyn.com\/pt\/saude-vaginal\/"},{"@type":"ListItem","position":3,"name":"\u00a0Cuidados","item":"https:\/\/multi-gyn.com\/pt\/saude-vaginal\/cuidados\/"},{"@type":"ListItem","position":4,"name":"Vaporiza\u00e7\u00f5es e duches vaginais s\u00e3o bons para a sua vagina?"}]},{"@type":"WebSite","@id":"https:\/\/multi-gyn.com\/pt\/#website","url":"https:\/\/multi-gyn.com\/pt\/","name":"Multi-Gyn","description":"","publisher":{"@id":"https:\/\/multi-gyn.com\/pt\/#organization"},"potentialAction":[{"@type":"SearchAction","target":{"@type":"EntryPoint","urlTemplate":"https:\/\/multi-gyn.com\/pt\/?s={search_term_string}"},"query-input":{"@type":"PropertyValueSpecification","valueRequired":true,"valueName":"search_term_string"}}],"inLanguage":"pt-PT"},{"@type":"Organization","@id":"https:\/\/multi-gyn.com\/pt\/#organization","name":"Multi-Gyn","url":"https:\/\/multi-gyn.com\/pt\/","logo":{"@type":"ImageObject","inLanguage":"pt-PT","@id":"https:\/\/multi-gyn.com\/pt\/#\/schema\/logo\/image\/","url":"https:\/\/multi-gyn.com\/app\/uploads\/sites\/34\/2022\/11\/multi-gyn-logo.png","contentUrl":"https:\/\/multi-gyn.com\/app\/uploads\/sites\/34\/2022\/11\/multi-gyn-logo.png","width":149,"height":32,"caption":"Multi-Gyn"},"image":{"@id":"https:\/\/multi-gyn.com\/pt\/#\/schema\/logo\/image\/"}}]}},"_links":{"self":[{"href":"https:\/\/multi-gyn.com\/pt\/wp-json\/wp\/v2\/pages\/382","targetHints":{"allow":["GET"]}}],"collection":[{"href":"https:\/\/multi-gyn.com\/pt\/wp-json\/wp\/v2\/pages"}],"about":[{"href":"https:\/\/multi-gyn.com\/pt\/wp-json\/wp\/v2\/types\/page"}],"author":[{"embeddable":true,"href":"https:\/\/multi-gyn.com\/pt\/wp-json\/wp\/v2\/users\/6"}],"replies":[{"embeddable":true,"href":"https:\/\/multi-gyn.com\/pt\/wp-json\/wp\/v2\/comments?post=382"}],"version-history":[{"count":4,"href":"https:\/\/multi-gyn.com\/pt\/wp-json\/wp\/v2\/pages\/382\/revisions"}],"predecessor-version":[{"id":652,"href":"https:\/\/multi-gyn.com\/pt\/wp-json\/wp\/v2\/pages\/382\/revisions\/652"}],"up":[{"embeddable":true,"href":"https:\/\/multi-gyn.com\/pt\/wp-json\/wp\/v2\/pages\/186"}],"wp:attachment":[{"href":"https:\/\/multi-gyn.com\/pt\/wp-json\/wp\/v2\/media?parent=382"}],"wp:term":[{"taxonomy":"from-article-database","embeddable":true,"href":"https:\/\/multi-gyn.com\/pt\/wp-json\/wp\/v2\/from-article-database?post=382"}],"curies":[{"name":"wp","href":"https:\/\/api.w.org\/{rel}","templated":true}]}}