{"id":397,"date":"2022-12-07T07:19:02","date_gmt":"2022-12-07T07:19:02","guid":{"rendered":"https:\/\/multi-gyn.com\/pt\/?page_id=397"},"modified":"2025-04-28T10:43:37","modified_gmt":"2025-04-28T09:43:37","slug":"vermelhidao-vaginal","status":"publish","type":"page","link":"https:\/\/multi-gyn.com\/pt\/saude-vaginal\/desconfortos\/vermelhidao-vaginal\/","title":{"rendered":"Vermelhid\u00e3o vaginal"},"content":{"rendered":"\n<div class=\"wp-block-karopharma-free-text pt-large pb-large bg-center bg-cover bg-no-repeat  is-style-primary\" style=\"background-image:url()\"><div class=\"free-text-wrapper container max-w-medium text-left\">\n<h1 class=\"wp-block-heading\">Vermelhid\u00e3o vaginal<\/h1>\n\n\n\n<p class=\"is-style-paragraph-preamble\">Se se pergunta como ser\u00e1 o aspeto da sua zona \u00edntima, pode utilizar um espelho de bolso e olhar para si de um \u00e2ngulo diferente. Contudo, a maioria de n\u00f3s s\u00f3 iria faz\u00ea-lo se acreditasse que algo se passava de errado. Se experienciar prurido vaginal, irrita\u00e7\u00e3o e dor, ir\u00e1 reparar que a sua vulva parece vermelha e muitas vezes inchada. Isto \u00e9 geralmente conhecido como secura vaginal. Em termos m\u00e9dicos, vermelhid\u00e3o vaginal \u00e9 referida como vulvovaginite, uma inflama\u00e7\u00e3o do tecido da vulva da vagina. Para al\u00e9m de vermelhid\u00e3o, a vulvovaginite pode ter um ou mais sintomas como corrimento anormal, odor desagrad\u00e1vel, prurido, irrita\u00e7\u00e3o, sensa\u00e7\u00e3o de ardor durante as rela\u00e7\u00f5es sexuais, ou ao urinar.<\/p>\n<\/div><\/div>\n\n\n\n<div class=\"wp-block-karopharma-free-text pt-large pb-large bg-center bg-cover bg-no-repeat\" style=\"background-image:url()\"><div class=\"free-text-wrapper container max-w-medium text-left\">\n<h2 class=\"is-style-heading-h2 wp-block-heading\">O que causa a vermelhid\u00e3o vaginal<\/h2>\n\n\n\n<p>A inflama\u00e7\u00e3o do tecido que se manifesta com vermelhid\u00e3o pode ser causada por v\u00e1rios fatores, o mais comum \u00e9 uma infe\u00e7\u00e3o, como uma infe\u00e7\u00e3o vaginal f\u00fangica (candid\u00edase) ou vaginose bacteriana. Estes problemas n\u00e3o s\u00e3o transmitidos entre parceiros, por isso n\u00e3o existe necessidade de restringir as rela\u00e7\u00f5es sexuais, contudo a atividade sexual pode ser bastante desconfort\u00e1vel quando a vermelhid\u00e3o aparece. Se a causa da infe\u00e7\u00e3o \u00e9 uma DST (doen\u00e7a sexualmente transmiss\u00edvel), geralmente ambos os parceiros devem ser tratados.<\/p>\n\n\n\n<p>Contudo, a causa da vermelhid\u00e3o vaginal n\u00e3o \u00e9 sempre por infe\u00e7\u00e3o. O tecido sens\u00edvel da vulva e da vagina pode facilmente desenvolver uma rea\u00e7\u00e3o al\u00e9rgica ou irrita\u00e7\u00e3o a subst\u00e2ncias encontradas no ambiente, como perfumes, sab\u00f5es ou conservantes. Na realidade, produtos como pensos ou papel higi\u00e9nico perfumados, detergentes, shampoos agressivos, detergentes de roupa, etc., geralmente cont\u00eam ingredientes que causam alergias ou criam irrita\u00e7\u00e3o. Outra raz\u00e3o comum para a vermelhid\u00e3o \u00e9 irrita\u00e7\u00e3o f\u00edsica, frequentemente devido \u00e0 pr\u00e1tica de desportos, calor ou roupa interior sint\u00e9tica.<\/p>\n\n\n\n<h2 class=\"is-style-heading-h2 wp-block-heading\">Como tratar a vermelhid\u00e3o vaginal<\/h2>\n\n\n\n<p>O primeiro passo no tratamento da vulvovaginite \u00e9 eliminar a causa da inflama\u00e7\u00e3o. Consulte o seu m\u00e9dico para garantir que deteta a causa do problema. A inflama\u00e7\u00e3o \u00e9 causada por uma infe\u00e7\u00e3o, por isso a prescri\u00e7\u00e3o de antibi\u00f3ticos ou antimic\u00f3ticos \u00e9 regularmente utilizada. Utilizar pr\u00e9bioticos vaginais como coadjuvante, ou ap\u00f3s, a toma de antibi\u00f3ticos pode ajudar a restaurar o equil\u00edbrio da flora vaginal, minimizando o risco de recorr\u00eancias da infe\u00e7\u00e3o. Contudo, se a vermelhid\u00e3o \u00e9 causada por uma rea\u00e7\u00e3o al\u00e9rgica ou um irritante f\u00edsico, nem sempre \u00e9 f\u00e1cil identificar e remover o causador. Neste caso \u00e9 melhor evitar todas as poss\u00edveis causas, e depois introduzir novamente uma a uma.<\/p>\n\n\n\n<p>Mesmo que seja mais importante remover a causa do problema, o al\u00edvio dos sintomas ajuda tamb\u00e9m bastante. Procure por produtos que aliviem os sintomas tais como sprays e g\u00e9is com efeito refrescante\/calmante que pode adquirir na Farm\u00e1cia. Assegure-se que esses produtos s\u00e3o espec\u00edficos para a \u00e1rea \u00edntima, e n\u00e3o cont\u00eam potenciais alerg\u00e9nicos ou irritantes.<\/p>\n<\/div><\/div>\n","protected":false},"excerpt":{"rendered":"","protected":false},"author":6,"featured_media":0,"parent":184,"menu_order":0,"comment_status":"closed","ping_status":"closed","template":"","meta":{"_acf_changed":false,"footnotes":""},"from-article-database":[],"class_list":["post-397","page","type-page","status-publish","hentry"],"acf":[],"yoast_head":"<!-- This site is optimized with the Yoast SEO plugin v26.6 - https:\/\/yoast.com\/wordpress\/plugins\/seo\/ -->\n<title>Vermelhid\u00e3o vaginal - Multi-Gyn<\/title>\n<meta name=\"description\" content=\"A inflama\u00e7\u00e3o do tecido que se manifesta com vermelhid\u00e3o pode ser causada por v\u00e1rios fatores, o mais comum \u00e9 uma infe\u00e7\u00e3o, como uma infe\u00e7\u00e3o vaginal f\u00fangica (candid\u00edase) ou vaginose bacteriana.\" \/>\n<meta name=\"robots\" content=\"index, follow, max-snippet:-1, max-image-preview:large, max-video-preview:-1\" \/>\n<link rel=\"canonical\" href=\"https:\/\/multi-gyn.com\/pt\/saude-vaginal\/desconfortos\/vermelhidao-vaginal\/\" \/>\n<meta property=\"og:locale\" content=\"pt_PT\" \/>\n<meta property=\"og:type\" content=\"article\" \/>\n<meta property=\"og:title\" content=\"Vermelhid\u00e3o vaginal - Multi-Gyn\" \/>\n<meta property=\"og:description\" content=\"A inflama\u00e7\u00e3o do tecido que se manifesta com vermelhid\u00e3o pode ser causada por v\u00e1rios fatores, o mais comum \u00e9 uma infe\u00e7\u00e3o, como uma infe\u00e7\u00e3o vaginal f\u00fangica (candid\u00edase) ou vaginose bacteriana.\" \/>\n<meta property=\"og:url\" content=\"https:\/\/multi-gyn.com\/pt\/saude-vaginal\/desconfortos\/vermelhidao-vaginal\/\" \/>\n<meta property=\"og:site_name\" content=\"Multi-Gyn\" \/>\n<meta property=\"article:modified_time\" content=\"2025-04-28T09:43:37+00:00\" \/>\n<meta name=\"twitter:card\" content=\"summary_large_image\" \/>\n<meta name=\"twitter:label1\" content=\"Tempo estimado de leitura\" \/>\n\t<meta name=\"twitter:data1\" content=\"3 minutos\" \/>\n<script type=\"application\/ld+json\" class=\"yoast-schema-graph\">{\"@context\":\"https:\/\/schema.org\",\"@graph\":[{\"@type\":\"WebPage\",\"@id\":\"https:\/\/multi-gyn.com\/pt\/saude-vaginal\/desconfortos\/vermelhidao-vaginal\/\",\"url\":\"https:\/\/multi-gyn.com\/pt\/saude-vaginal\/desconfortos\/vermelhidao-vaginal\/\",\"name\":\"Vermelhid\u00e3o vaginal - Multi-Gyn\",\"isPartOf\":{\"@id\":\"https:\/\/multi-gyn.com\/pt\/#website\"},\"datePublished\":\"2022-12-07T07:19:02+00:00\",\"dateModified\":\"2025-04-28T09:43:37+00:00\",\"description\":\"A inflama\u00e7\u00e3o do tecido que se manifesta com vermelhid\u00e3o pode ser causada por v\u00e1rios fatores, o mais comum \u00e9 uma infe\u00e7\u00e3o, como uma infe\u00e7\u00e3o vaginal f\u00fangica (candid\u00edase) ou vaginose bacteriana.\",\"breadcrumb\":{\"@id\":\"https:\/\/multi-gyn.com\/pt\/saude-vaginal\/desconfortos\/vermelhidao-vaginal\/#breadcrumb\"},\"inLanguage\":\"pt-PT\",\"potentialAction\":[{\"@type\":\"ReadAction\",\"target\":[\"https:\/\/multi-gyn.com\/pt\/saude-vaginal\/desconfortos\/vermelhidao-vaginal\/\"]}]},{\"@type\":\"BreadcrumbList\",\"@id\":\"https:\/\/multi-gyn.com\/pt\/saude-vaginal\/desconfortos\/vermelhidao-vaginal\/#breadcrumb\",\"itemListElement\":[{\"@type\":\"ListItem\",\"position\":1,\"name\":\"Home\",\"item\":\"https:\/\/multi-gyn.com\/pt\/\"},{\"@type\":\"ListItem\",\"position\":2,\"name\":\"Sa\u00fade vaginal\",\"item\":\"https:\/\/multi-gyn.com\/pt\/saude-vaginal\/\"},{\"@type\":\"ListItem\",\"position\":3,\"name\":\"\u00a0Desconfortos\",\"item\":\"https:\/\/multi-gyn.com\/pt\/saude-vaginal\/desconfortos\/\"},{\"@type\":\"ListItem\",\"position\":4,\"name\":\"Vermelhid\u00e3o vaginal\"}]},{\"@type\":\"WebSite\",\"@id\":\"https:\/\/multi-gyn.com\/pt\/#website\",\"url\":\"https:\/\/multi-gyn.com\/pt\/\",\"name\":\"Multi-Gyn\",\"description\":\"\",\"publisher\":{\"@id\":\"https:\/\/multi-gyn.com\/pt\/#organization\"},\"potentialAction\":[{\"@type\":\"SearchAction\",\"target\":{\"@type\":\"EntryPoint\",\"urlTemplate\":\"https:\/\/multi-gyn.com\/pt\/?s={search_term_string}\"},\"query-input\":{\"@type\":\"PropertyValueSpecification\",\"valueRequired\":true,\"valueName\":\"search_term_string\"}}],\"inLanguage\":\"pt-PT\"},{\"@type\":\"Organization\",\"@id\":\"https:\/\/multi-gyn.com\/pt\/#organization\",\"name\":\"Multi-Gyn\",\"url\":\"https:\/\/multi-gyn.com\/pt\/\",\"logo\":{\"@type\":\"ImageObject\",\"inLanguage\":\"pt-PT\",\"@id\":\"https:\/\/multi-gyn.com\/pt\/#\/schema\/logo\/image\/\",\"url\":\"https:\/\/multi-gyn.com\/app\/uploads\/sites\/34\/2022\/11\/multi-gyn-logo.png\",\"contentUrl\":\"https:\/\/multi-gyn.com\/app\/uploads\/sites\/34\/2022\/11\/multi-gyn-logo.png\",\"width\":149,\"height\":32,\"caption\":\"Multi-Gyn\"},\"image\":{\"@id\":\"https:\/\/multi-gyn.com\/pt\/#\/schema\/logo\/image\/\"}}]}<\/script>\n<!-- \/ Yoast SEO plugin. -->","yoast_head_json":{"title":"Vermelhid\u00e3o vaginal - Multi-Gyn","description":"A inflama\u00e7\u00e3o do tecido que se manifesta com vermelhid\u00e3o pode ser causada por v\u00e1rios fatores, o mais comum \u00e9 uma infe\u00e7\u00e3o, como uma infe\u00e7\u00e3o vaginal f\u00fangica (candid\u00edase) ou vaginose bacteriana.","robots":{"index":"index","follow":"follow","max-snippet":"max-snippet:-1","max-image-preview":"max-image-preview:large","max-video-preview":"max-video-preview:-1"},"canonical":"https:\/\/multi-gyn.com\/pt\/saude-vaginal\/desconfortos\/vermelhidao-vaginal\/","og_locale":"pt_PT","og_type":"article","og_title":"Vermelhid\u00e3o vaginal - Multi-Gyn","og_description":"A inflama\u00e7\u00e3o do tecido que se manifesta com vermelhid\u00e3o pode ser causada por v\u00e1rios fatores, o mais comum \u00e9 uma infe\u00e7\u00e3o, como uma infe\u00e7\u00e3o vaginal f\u00fangica (candid\u00edase) ou vaginose bacteriana.","og_url":"https:\/\/multi-gyn.com\/pt\/saude-vaginal\/desconfortos\/vermelhidao-vaginal\/","og_site_name":"Multi-Gyn","article_modified_time":"2025-04-28T09:43:37+00:00","twitter_card":"summary_large_image","twitter_misc":{"Tempo estimado de leitura":"3 minutos"},"schema":{"@context":"https:\/\/schema.org","@graph":[{"@type":"WebPage","@id":"https:\/\/multi-gyn.com\/pt\/saude-vaginal\/desconfortos\/vermelhidao-vaginal\/","url":"https:\/\/multi-gyn.com\/pt\/saude-vaginal\/desconfortos\/vermelhidao-vaginal\/","name":"Vermelhid\u00e3o vaginal - Multi-Gyn","isPartOf":{"@id":"https:\/\/multi-gyn.com\/pt\/#website"},"datePublished":"2022-12-07T07:19:02+00:00","dateModified":"2025-04-28T09:43:37+00:00","description":"A inflama\u00e7\u00e3o do tecido que se manifesta com vermelhid\u00e3o pode ser causada por v\u00e1rios fatores, o mais comum \u00e9 uma infe\u00e7\u00e3o, como uma infe\u00e7\u00e3o vaginal f\u00fangica (candid\u00edase) ou vaginose bacteriana.","breadcrumb":{"@id":"https:\/\/multi-gyn.com\/pt\/saude-vaginal\/desconfortos\/vermelhidao-vaginal\/#breadcrumb"},"inLanguage":"pt-PT","potentialAction":[{"@type":"ReadAction","target":["https:\/\/multi-gyn.com\/pt\/saude-vaginal\/desconfortos\/vermelhidao-vaginal\/"]}]},{"@type":"BreadcrumbList","@id":"https:\/\/multi-gyn.com\/pt\/saude-vaginal\/desconfortos\/vermelhidao-vaginal\/#breadcrumb","itemListElement":[{"@type":"ListItem","position":1,"name":"Home","item":"https:\/\/multi-gyn.com\/pt\/"},{"@type":"ListItem","position":2,"name":"Sa\u00fade vaginal","item":"https:\/\/multi-gyn.com\/pt\/saude-vaginal\/"},{"@type":"ListItem","position":3,"name":"\u00a0Desconfortos","item":"https:\/\/multi-gyn.com\/pt\/saude-vaginal\/desconfortos\/"},{"@type":"ListItem","position":4,"name":"Vermelhid\u00e3o vaginal"}]},{"@type":"WebSite","@id":"https:\/\/multi-gyn.com\/pt\/#website","url":"https:\/\/multi-gyn.com\/pt\/","name":"Multi-Gyn","description":"","publisher":{"@id":"https:\/\/multi-gyn.com\/pt\/#organization"},"potentialAction":[{"@type":"SearchAction","target":{"@type":"EntryPoint","urlTemplate":"https:\/\/multi-gyn.com\/pt\/?s={search_term_string}"},"query-input":{"@type":"PropertyValueSpecification","valueRequired":true,"valueName":"search_term_string"}}],"inLanguage":"pt-PT"},{"@type":"Organization","@id":"https:\/\/multi-gyn.com\/pt\/#organization","name":"Multi-Gyn","url":"https:\/\/multi-gyn.com\/pt\/","logo":{"@type":"ImageObject","inLanguage":"pt-PT","@id":"https:\/\/multi-gyn.com\/pt\/#\/schema\/logo\/image\/","url":"https:\/\/multi-gyn.com\/app\/uploads\/sites\/34\/2022\/11\/multi-gyn-logo.png","contentUrl":"https:\/\/multi-gyn.com\/app\/uploads\/sites\/34\/2022\/11\/multi-gyn-logo.png","width":149,"height":32,"caption":"Multi-Gyn"},"image":{"@id":"https:\/\/multi-gyn.com\/pt\/#\/schema\/logo\/image\/"}}]}},"_links":{"self":[{"href":"https:\/\/multi-gyn.com\/pt\/wp-json\/wp\/v2\/pages\/397","targetHints":{"allow":["GET"]}}],"collection":[{"href":"https:\/\/multi-gyn.com\/pt\/wp-json\/wp\/v2\/pages"}],"about":[{"href":"https:\/\/multi-gyn.com\/pt\/wp-json\/wp\/v2\/types\/page"}],"author":[{"embeddable":true,"href":"https:\/\/multi-gyn.com\/pt\/wp-json\/wp\/v2\/users\/6"}],"replies":[{"embeddable":true,"href":"https:\/\/multi-gyn.com\/pt\/wp-json\/wp\/v2\/comments?post=397"}],"version-history":[{"count":4,"href":"https:\/\/multi-gyn.com\/pt\/wp-json\/wp\/v2\/pages\/397\/revisions"}],"predecessor-version":[{"id":559,"href":"https:\/\/multi-gyn.com\/pt\/wp-json\/wp\/v2\/pages\/397\/revisions\/559"}],"up":[{"embeddable":true,"href":"https:\/\/multi-gyn.com\/pt\/wp-json\/wp\/v2\/pages\/184"}],"wp:attachment":[{"href":"https:\/\/multi-gyn.com\/pt\/wp-json\/wp\/v2\/media?parent=397"}],"wp:term":[{"taxonomy":"from-article-database","embeddable":true,"href":"https:\/\/multi-gyn.com\/pt\/wp-json\/wp\/v2\/from-article-database?post=397"}],"curies":[{"name":"wp","href":"https:\/\/api.w.org\/{rel}","templated":true}]}}