{"id":412,"date":"2022-12-07T14:46:38","date_gmt":"2022-12-07T14:46:38","guid":{"rendered":"https:\/\/multi-gyn.com\/pt\/?page_id=412"},"modified":"2025-04-28T10:43:33","modified_gmt":"2025-04-28T09:43:33","slug":"desconfortos-vaginais-necessito-mesmo-de-ir-ao-medico","status":"publish","type":"page","link":"https:\/\/multi-gyn.com\/pt\/saude-vaginal\/desconfortos\/desconfortos-vaginais-necessito-mesmo-de-ir-ao-medico\/","title":{"rendered":"Desconfortos vaginais \u2013 necessito mesmo de ir ao m\u00e9dico?"},"content":{"rendered":"\n<div class=\"wp-block-karopharma-free-text pt-large pb-large bg-center bg-cover bg-no-repeat  is-style-primary\" style=\"background-image:url()\"><div class=\"free-text-wrapper container max-w-medium text-left\">\n<h1 class=\"wp-block-heading\">Desconfortos vaginais \u2013 necessito mesmo de ir ao m\u00e9dico?<\/h1>\n\n\n\n<p class=\"is-style-paragraph-preamble\">Uma lista completa de desconfortos vaginais \u00e9 longa, que pode ir de corrimento e odor, at\u00e9 \u00e0 dor p\u00e9lvica. Alguns destes sintomas s\u00e3o sinais de problemas menores que podem ser resolvidos utilizando produtos sem prescri\u00e7\u00e3o m\u00e9dica, enquanto outros necessitam de an\u00e1lise m\u00e9dica e tratamento espec\u00edfico. Veja alguns dos tipos mais comuns de desconfortos vaginais e o crit\u00e9rio que pode ajud\u00e1-la a decidir se necessita de marcar uma consulta.<\/p>\n<\/div><\/div>\n\n\n\n<div class=\"wp-block-karopharma-free-text pt-large pb-large bg-center bg-cover bg-no-repeat\" style=\"background-image:url()\"><div class=\"free-text-wrapper container max-w-medium text-left\">\n<h2 class=\"is-style-heading-h2 wp-block-heading\">Altera\u00e7\u00f5es no corrimento<\/h2>\n\n\n\n<p>Corrimento normal \u00e9 claro, esbranqui\u00e7ado ou amarelado, pegajoso ou el\u00e1stico, variando na quantidade e consist\u00eancia dependendo de fatores como o ciclo menstrual, se estiver gr\u00e1vida ou durante as rela\u00e7\u00f5es sexuais. Contudo, se reparar em alguma altera\u00e7\u00e3o repentina no corrimento como a cor, consist\u00eancia (ex: corrimento espesso, id\u00eantico a requeij\u00e3o, poder\u00e1 ser sinal de candid\u00edase) ou quantidade (apesar de a quantidade do corrimento aumentar normalmente durante a ovula\u00e7\u00e3o ou quando se encontra sexualmente excitada, poder\u00e1 ser um sinal de estar a desenvolver uma infe\u00e7\u00e3o), deve consultar um m\u00e9dico.<\/p>\n\n\n\n<h2 class=\"is-style-heading-h2 wp-block-heading\"><strong>Odor<\/strong><br><\/h2>\n\n\n\n<p>Apesar de cada vagina ter um odor \u00fanico, se existir uma altera\u00e7\u00e3o significativa de odor em rela\u00e7\u00e3o ao normal, pode ser causa de preocupa\u00e7\u00e3o. Alguns tipos de odor s\u00e3o carater\u00edsticos de certas infe\u00e7\u00f5es \u2013 por exemplo, cheiro a peixe \u00e9 carater\u00edstico da vaginose bacteriana.<\/p>\n\n\n\n<h2 class=\"is-style-heading-h2 wp-block-heading\"><strong><strong>Prurido<\/strong><\/strong><br><\/h2>\n\n\n\n<p>Prurido pode desenvolver-se como sintoma de uma infe\u00e7\u00e3o como vaginose bacteriana ou candid\u00edase, mas tamb\u00e9m pode ser um sinal de irrita\u00e7\u00e3o ou rea\u00e7\u00e3o al\u00e9rgica, por exemplo causadas por preservativos ou sprays. Neste caso, um produto natural calmante pode ajudar a aliviar a irrita\u00e7\u00e3o e ajuda a pele a recuperar.<\/p>\n\n\n\n<h2 class=\"is-style-heading-h2 wp-block-heading\"><strong><strong><strong>Ardor<\/strong><\/strong><\/strong><\/h2>\n\n\n\n<p>Id\u00eantico a prurido, o ardor pode ser sinal de infe\u00e7\u00e3o ou um efeito secund\u00e1rio de irrita\u00e7\u00e3o. Se utilizar um produto como lo\u00e7\u00e3o ou sprays vaginais e se sentir uma sensa\u00e7\u00e3o forte de ardor ap\u00f3s, assegure-se que lava bem os res\u00edduos o mais rapidamente poss\u00edvel para minimizar a irrita\u00e7\u00e3o.<\/p>\n\n\n\n<h2 class=\"is-style-heading-h2 wp-block-heading\"><strong><strong><strong><strong>Dor<\/strong><br><\/strong><\/strong><\/strong><\/h2>\n\n\n\n<p>Dor enquanto urina pode ser indicativo de uma infe\u00e7\u00e3o urin\u00e1ria ou de uma infe\u00e7\u00e3o vaginal. Dor que ocorre durante as rela\u00e7\u00f5es sexuais, podem ser um sinal de infe\u00e7\u00e3o, ou pode tamb\u00e9m indicar que sofre de endometriose, mas mais frequentemente \u00e9 um efeito da secura vaginal. Isto \u00e9 mais comum durante a menopausa, quando existe uma queda dos n\u00edveis de estrog\u00e9nio, fazendo com que os tecidos vaginais se tornem mais finos e percam a sua elasticidade e lubrifica\u00e7\u00e3o natural. Quando a vagina n\u00e3o tem a lubrifica\u00e7\u00e3o suficiente, a penetra\u00e7\u00e3o pode causar fric\u00e7\u00e3o e danos nos tecidos. Isto resulta em dor e at\u00e9 mesmo em infe\u00e7\u00f5es. Se sofrer de secura vaginal, tente aliviar os sintomas utilizando um hidratante vaginal ou lubrificante. Um hidratante \u00e9 aplicado diariamente e proporciona um efeito a longo-prazo de al\u00edvio de dor e fric\u00e7\u00e3o, enquanto os lubrificantes s\u00e3o utilizados principalmente para as rela\u00e7\u00f5es sexuais e t\u00eam um efeito a curto-prazo.<\/p>\n\n\n\n<p>Desconfortos vaginais podem ter v\u00e1rias causas, algumas mais s\u00e9rias que outras. Se reparar em algum sintoma mencionado ou outros sintomas anormais, deve consultar o seu m\u00e9dico para obter o tratamento espec\u00edfico.<\/p>\n<\/div><\/div>\n","protected":false},"excerpt":{"rendered":"","protected":false},"author":6,"featured_media":0,"parent":184,"menu_order":0,"comment_status":"closed","ping_status":"closed","template":"","meta":{"_acf_changed":false,"footnotes":""},"from-article-database":[],"class_list":["post-412","page","type-page","status-publish","hentry"],"acf":[],"yoast_head":"<!-- This site is optimized with the Yoast SEO plugin v26.6 - https:\/\/yoast.com\/wordpress\/plugins\/seo\/ -->\n<title>Desconfortos vaginais \u2013 necessito mesmo de ir ao m\u00e9dico? - Multi-Gyn<\/title>\n<meta name=\"description\" content=\"Desconfortos vaginais \u2013 necessito mesmo de ir ao m\u00e9dico?\" \/>\n<meta name=\"robots\" content=\"index, follow, max-snippet:-1, max-image-preview:large, max-video-preview:-1\" \/>\n<link rel=\"canonical\" href=\"https:\/\/multi-gyn.com\/pt\/saude-vaginal\/desconfortos\/desconfortos-vaginais-necessito-mesmo-de-ir-ao-medico\/\" \/>\n<meta property=\"og:locale\" content=\"pt_PT\" \/>\n<meta property=\"og:type\" content=\"article\" \/>\n<meta property=\"og:title\" content=\"Desconfortos vaginais \u2013 necessito mesmo de ir ao m\u00e9dico? - Multi-Gyn\" \/>\n<meta property=\"og:description\" content=\"Desconfortos vaginais \u2013 necessito mesmo de ir ao m\u00e9dico?\" \/>\n<meta property=\"og:url\" content=\"https:\/\/multi-gyn.com\/pt\/saude-vaginal\/desconfortos\/desconfortos-vaginais-necessito-mesmo-de-ir-ao-medico\/\" \/>\n<meta property=\"og:site_name\" content=\"Multi-Gyn\" \/>\n<meta property=\"article:modified_time\" content=\"2025-04-28T09:43:33+00:00\" \/>\n<meta name=\"twitter:card\" content=\"summary_large_image\" \/>\n<meta name=\"twitter:label1\" content=\"Tempo estimado de leitura\" \/>\n\t<meta name=\"twitter:data1\" content=\"3 minutos\" \/>\n<script type=\"application\/ld+json\" class=\"yoast-schema-graph\">{\"@context\":\"https:\/\/schema.org\",\"@graph\":[{\"@type\":\"WebPage\",\"@id\":\"https:\/\/multi-gyn.com\/pt\/saude-vaginal\/desconfortos\/desconfortos-vaginais-necessito-mesmo-de-ir-ao-medico\/\",\"url\":\"https:\/\/multi-gyn.com\/pt\/saude-vaginal\/desconfortos\/desconfortos-vaginais-necessito-mesmo-de-ir-ao-medico\/\",\"name\":\"Desconfortos vaginais \u2013 necessito mesmo de ir ao m\u00e9dico? - Multi-Gyn\",\"isPartOf\":{\"@id\":\"https:\/\/multi-gyn.com\/pt\/#website\"},\"datePublished\":\"2022-12-07T14:46:38+00:00\",\"dateModified\":\"2025-04-28T09:43:33+00:00\",\"description\":\"Desconfortos vaginais \u2013 necessito mesmo de ir ao m\u00e9dico?\",\"breadcrumb\":{\"@id\":\"https:\/\/multi-gyn.com\/pt\/saude-vaginal\/desconfortos\/desconfortos-vaginais-necessito-mesmo-de-ir-ao-medico\/#breadcrumb\"},\"inLanguage\":\"pt-PT\",\"potentialAction\":[{\"@type\":\"ReadAction\",\"target\":[\"https:\/\/multi-gyn.com\/pt\/saude-vaginal\/desconfortos\/desconfortos-vaginais-necessito-mesmo-de-ir-ao-medico\/\"]}]},{\"@type\":\"BreadcrumbList\",\"@id\":\"https:\/\/multi-gyn.com\/pt\/saude-vaginal\/desconfortos\/desconfortos-vaginais-necessito-mesmo-de-ir-ao-medico\/#breadcrumb\",\"itemListElement\":[{\"@type\":\"ListItem\",\"position\":1,\"name\":\"Home\",\"item\":\"https:\/\/multi-gyn.com\/pt\/\"},{\"@type\":\"ListItem\",\"position\":2,\"name\":\"Sa\u00fade vaginal\",\"item\":\"https:\/\/multi-gyn.com\/pt\/saude-vaginal\/\"},{\"@type\":\"ListItem\",\"position\":3,\"name\":\"\u00a0Desconfortos\",\"item\":\"https:\/\/multi-gyn.com\/pt\/saude-vaginal\/desconfortos\/\"},{\"@type\":\"ListItem\",\"position\":4,\"name\":\"Desconfortos vaginais \u2013 necessito mesmo de ir ao m\u00e9dico?\"}]},{\"@type\":\"WebSite\",\"@id\":\"https:\/\/multi-gyn.com\/pt\/#website\",\"url\":\"https:\/\/multi-gyn.com\/pt\/\",\"name\":\"Multi-Gyn\",\"description\":\"\",\"publisher\":{\"@id\":\"https:\/\/multi-gyn.com\/pt\/#organization\"},\"potentialAction\":[{\"@type\":\"SearchAction\",\"target\":{\"@type\":\"EntryPoint\",\"urlTemplate\":\"https:\/\/multi-gyn.com\/pt\/?s={search_term_string}\"},\"query-input\":{\"@type\":\"PropertyValueSpecification\",\"valueRequired\":true,\"valueName\":\"search_term_string\"}}],\"inLanguage\":\"pt-PT\"},{\"@type\":\"Organization\",\"@id\":\"https:\/\/multi-gyn.com\/pt\/#organization\",\"name\":\"Multi-Gyn\",\"url\":\"https:\/\/multi-gyn.com\/pt\/\",\"logo\":{\"@type\":\"ImageObject\",\"inLanguage\":\"pt-PT\",\"@id\":\"https:\/\/multi-gyn.com\/pt\/#\/schema\/logo\/image\/\",\"url\":\"https:\/\/multi-gyn.com\/app\/uploads\/sites\/34\/2022\/11\/multi-gyn-logo.png\",\"contentUrl\":\"https:\/\/multi-gyn.com\/app\/uploads\/sites\/34\/2022\/11\/multi-gyn-logo.png\",\"width\":149,\"height\":32,\"caption\":\"Multi-Gyn\"},\"image\":{\"@id\":\"https:\/\/multi-gyn.com\/pt\/#\/schema\/logo\/image\/\"}}]}<\/script>\n<!-- \/ Yoast SEO plugin. -->","yoast_head_json":{"title":"Desconfortos vaginais \u2013 necessito mesmo de ir ao m\u00e9dico? - Multi-Gyn","description":"Desconfortos vaginais \u2013 necessito mesmo de ir ao m\u00e9dico?","robots":{"index":"index","follow":"follow","max-snippet":"max-snippet:-1","max-image-preview":"max-image-preview:large","max-video-preview":"max-video-preview:-1"},"canonical":"https:\/\/multi-gyn.com\/pt\/saude-vaginal\/desconfortos\/desconfortos-vaginais-necessito-mesmo-de-ir-ao-medico\/","og_locale":"pt_PT","og_type":"article","og_title":"Desconfortos vaginais \u2013 necessito mesmo de ir ao m\u00e9dico? - Multi-Gyn","og_description":"Desconfortos vaginais \u2013 necessito mesmo de ir ao m\u00e9dico?","og_url":"https:\/\/multi-gyn.com\/pt\/saude-vaginal\/desconfortos\/desconfortos-vaginais-necessito-mesmo-de-ir-ao-medico\/","og_site_name":"Multi-Gyn","article_modified_time":"2025-04-28T09:43:33+00:00","twitter_card":"summary_large_image","twitter_misc":{"Tempo estimado de leitura":"3 minutos"},"schema":{"@context":"https:\/\/schema.org","@graph":[{"@type":"WebPage","@id":"https:\/\/multi-gyn.com\/pt\/saude-vaginal\/desconfortos\/desconfortos-vaginais-necessito-mesmo-de-ir-ao-medico\/","url":"https:\/\/multi-gyn.com\/pt\/saude-vaginal\/desconfortos\/desconfortos-vaginais-necessito-mesmo-de-ir-ao-medico\/","name":"Desconfortos vaginais \u2013 necessito mesmo de ir ao m\u00e9dico? - Multi-Gyn","isPartOf":{"@id":"https:\/\/multi-gyn.com\/pt\/#website"},"datePublished":"2022-12-07T14:46:38+00:00","dateModified":"2025-04-28T09:43:33+00:00","description":"Desconfortos vaginais \u2013 necessito mesmo de ir ao m\u00e9dico?","breadcrumb":{"@id":"https:\/\/multi-gyn.com\/pt\/saude-vaginal\/desconfortos\/desconfortos-vaginais-necessito-mesmo-de-ir-ao-medico\/#breadcrumb"},"inLanguage":"pt-PT","potentialAction":[{"@type":"ReadAction","target":["https:\/\/multi-gyn.com\/pt\/saude-vaginal\/desconfortos\/desconfortos-vaginais-necessito-mesmo-de-ir-ao-medico\/"]}]},{"@type":"BreadcrumbList","@id":"https:\/\/multi-gyn.com\/pt\/saude-vaginal\/desconfortos\/desconfortos-vaginais-necessito-mesmo-de-ir-ao-medico\/#breadcrumb","itemListElement":[{"@type":"ListItem","position":1,"name":"Home","item":"https:\/\/multi-gyn.com\/pt\/"},{"@type":"ListItem","position":2,"name":"Sa\u00fade vaginal","item":"https:\/\/multi-gyn.com\/pt\/saude-vaginal\/"},{"@type":"ListItem","position":3,"name":"\u00a0Desconfortos","item":"https:\/\/multi-gyn.com\/pt\/saude-vaginal\/desconfortos\/"},{"@type":"ListItem","position":4,"name":"Desconfortos vaginais \u2013 necessito mesmo de ir ao m\u00e9dico?"}]},{"@type":"WebSite","@id":"https:\/\/multi-gyn.com\/pt\/#website","url":"https:\/\/multi-gyn.com\/pt\/","name":"Multi-Gyn","description":"","publisher":{"@id":"https:\/\/multi-gyn.com\/pt\/#organization"},"potentialAction":[{"@type":"SearchAction","target":{"@type":"EntryPoint","urlTemplate":"https:\/\/multi-gyn.com\/pt\/?s={search_term_string}"},"query-input":{"@type":"PropertyValueSpecification","valueRequired":true,"valueName":"search_term_string"}}],"inLanguage":"pt-PT"},{"@type":"Organization","@id":"https:\/\/multi-gyn.com\/pt\/#organization","name":"Multi-Gyn","url":"https:\/\/multi-gyn.com\/pt\/","logo":{"@type":"ImageObject","inLanguage":"pt-PT","@id":"https:\/\/multi-gyn.com\/pt\/#\/schema\/logo\/image\/","url":"https:\/\/multi-gyn.com\/app\/uploads\/sites\/34\/2022\/11\/multi-gyn-logo.png","contentUrl":"https:\/\/multi-gyn.com\/app\/uploads\/sites\/34\/2022\/11\/multi-gyn-logo.png","width":149,"height":32,"caption":"Multi-Gyn"},"image":{"@id":"https:\/\/multi-gyn.com\/pt\/#\/schema\/logo\/image\/"}}]}},"_links":{"self":[{"href":"https:\/\/multi-gyn.com\/pt\/wp-json\/wp\/v2\/pages\/412","targetHints":{"allow":["GET"]}}],"collection":[{"href":"https:\/\/multi-gyn.com\/pt\/wp-json\/wp\/v2\/pages"}],"about":[{"href":"https:\/\/multi-gyn.com\/pt\/wp-json\/wp\/v2\/types\/page"}],"author":[{"embeddable":true,"href":"https:\/\/multi-gyn.com\/pt\/wp-json\/wp\/v2\/users\/6"}],"replies":[{"embeddable":true,"href":"https:\/\/multi-gyn.com\/pt\/wp-json\/wp\/v2\/comments?post=412"}],"version-history":[{"count":4,"href":"https:\/\/multi-gyn.com\/pt\/wp-json\/wp\/v2\/pages\/412\/revisions"}],"predecessor-version":[{"id":565,"href":"https:\/\/multi-gyn.com\/pt\/wp-json\/wp\/v2\/pages\/412\/revisions\/565"}],"up":[{"embeddable":true,"href":"https:\/\/multi-gyn.com\/pt\/wp-json\/wp\/v2\/pages\/184"}],"wp:attachment":[{"href":"https:\/\/multi-gyn.com\/pt\/wp-json\/wp\/v2\/media?parent=412"}],"wp:term":[{"taxonomy":"from-article-database","embeddable":true,"href":"https:\/\/multi-gyn.com\/pt\/wp-json\/wp\/v2\/from-article-database?post=412"}],"curies":[{"name":"wp","href":"https:\/\/api.w.org\/{rel}","templated":true}]}}