{"id":421,"date":"2022-12-07T14:56:29","date_gmt":"2022-12-07T14:56:29","guid":{"rendered":"https:\/\/multi-gyn.com\/pt\/?page_id=421"},"modified":"2025-04-28T10:43:31","modified_gmt":"2025-04-28T09:43:31","slug":"como-aliviar-o-prurido-vaginal","status":"publish","type":"page","link":"https:\/\/multi-gyn.com\/pt\/saude-vaginal\/desconfortos\/como-aliviar-o-prurido-vaginal\/","title":{"rendered":"Como aliviar o prurido vaginal"},"content":{"rendered":"\n<div class=\"wp-block-karopharma-free-text pt-large pb-large bg-center bg-cover bg-no-repeat  is-style-primary\" style=\"background-image:url()\"><div class=\"free-text-wrapper container max-w-medium text-left\">\n<h1 class=\"wp-block-heading\">Como aliviar o prurido vaginal<\/h1>\n\n\n\n<p class=\"is-style-paragraph-preamble\">Irrita\u00e7\u00e3o vaginal \u00e9 geralmente manifestada atrav\u00e9s de prurido, formigueiro, ardor ou picadas na pele em volta da \u00e1rea vaginal. O desconforto causado pelo prurido pode ser caraterizado desde suave a intenso, fazendo com que fique muito desconfort\u00e1vel. Saiba mais sobre prurido vaginal e como aliviar esse desconforto.<\/p>\n<\/div><\/div>\n\n\n\n<div class=\"wp-block-karopharma-free-text pt-large pb-large bg-center bg-cover bg-no-repeat\" style=\"background-image:url()\"><div class=\"free-text-wrapper container max-w-medium text-left\">\n<h2 class=\"is-style-heading-h2 wp-block-heading\">O que causa prurido vaginal?<\/h2>\n\n\n\n<p>Existem v\u00e1rias causas para o prurido vaginal, incluindo:<\/p>\n\n\n\n<ul class=\"is-style-default wp-block-list\"><li>Infe\u00e7\u00e3o vaginal f\u00fangica (candid\u00edase)<\/li><li>Altera\u00e7\u00f5es hormonais durante a gravidez, amamenta\u00e7\u00e3o ou menopausa<\/li><li>Contracetivos<\/li><li>Vaginose bacteriana<\/li><li>Irritantes qu\u00edmicos, que podem ser encontrados frequentemente em cremes, banhos de espuma, detergentes para a roupa, amaciadores de roupa, pensos perfumados, sprays vaginais, preservativos e papel higi\u00e9nico perfumado<\/li><li>Lavagens excessivas<\/li><li>Stress ou ansiedade<\/li><li>Irrita\u00e7\u00e3o causada por incontin\u00eancia urin\u00e1ria<\/li><li>Roupa interior sint\u00e9tica ou roupas apertadas<\/li><\/ul>\n\n\n\n<h2 class=\"is-style-heading-h2 wp-block-heading\">Como pode prevenir e aliviar o prurido vaginal?<\/h2>\n\n\n\n<p>O tratamento do prurido vaginal depende da causa principal, e normalmente desaparece assim que o fator respons\u00e1vel \u00e9 removido.<\/p>\n\n\n\n<p>Uma infe\u00e7\u00e3o vaginal f\u00fangica (candid\u00edase) pode ser facilmente tratada com um antimic\u00f3tico, apesar dos seus efeitos n\u00e3o evitarem recorr\u00eancias. Produtos naturais, contrariamente \u00e0 abordagem com antimic\u00f3ticos, s\u00e3o considerados uma solu\u00e7\u00e3o a longo prazo, pois otimizam a flora vaginal, ajudam a combater a infe\u00e7\u00e3o vaginal f\u00fangica (candid\u00edase), e ajuda a prevenir recorr\u00eancias da infe\u00e7\u00e3o. Se estiver na menopausa, consulte o seu m\u00e9dico para um tratamento apropriado que pode aliviar estes e outros sintomas.<\/p>\n\n\n\n<p>O prurido causado por irrita\u00e7\u00e3o normalmente desaparece sozinho passado algum tempo. Para aumentar a rapidez da recupera\u00e7\u00e3o, aplique um produto natural na \u00e1rea irritada. Se a irrita\u00e7\u00e3o aparecer ap\u00f3s utilizar um produto cosm\u00e9tico, assegure-se que lava a \u00e1rea onde o aplicou o mais depressa poss\u00edvel para minimizar o efeito. Se suspeitar que a irrita\u00e7\u00e3o pode ter sido causada por um detergente ou amaciador de roupa, substitua esses produtos por outros hipoal\u00e9rgicos.<\/p>\n\n\n\n<p>At\u00e9 que o prurido passe, evite co\u00e7ar a \u00e1rea afetada, para que a pele possa recuperar em pleno. Pode tamb\u00e9m aplicar compressas na \u00e1rea do prurido para obter al\u00edvio tempor\u00e1rio e suavizar a pele.<\/p>\n\n\n\n<p>Se a irrita\u00e7\u00e3o n\u00e3o melhorar ap\u00f3s alguns dias, se for um desconforto for grave, ou volte ap\u00f3s o tratamento, deve consultar um m\u00e9dico.<\/p>\n\n\n\n<p>Para prevenir prurido vaginal, poder\u00e1 adotar alguns h\u00e1bitos:<\/p>\n\n\n\n<ul class=\"is-style-default wp-block-list\"><li>Evite produtos que possam conter irritantes, alerg\u00e9nicos e qu\u00edmicos nocivos.<\/li><li>Use \u00e1gua ou um produto \u00edntimo natural e suave para lavar a sua \u00e1rea \u00edntima uma vez por dia. Se sentir a necessidade de lavar mais vezes, utilize apenas \u00e1gua. Seque completamente a sua \u00e1rea \u00edntima com uma toalha suave e limpa.<\/li><li>Ap\u00f3s utilizar a sanita, limpe sempre da frente para tr\u00e1s.<\/li><li>Utilize roupa interior feita de algod\u00e3o, em vez de tecidos sint\u00e9ticos.<\/li><\/ul>\n<\/div><\/div>\n","protected":false},"excerpt":{"rendered":"","protected":false},"author":6,"featured_media":0,"parent":184,"menu_order":0,"comment_status":"closed","ping_status":"closed","template":"","meta":{"_acf_changed":false,"footnotes":""},"from-article-database":[],"class_list":["post-421","page","type-page","status-publish","hentry"],"acf":[],"yoast_head":"<!-- This site is optimized with the Yoast SEO plugin v26.6 - https:\/\/yoast.com\/wordpress\/plugins\/seo\/ -->\n<title>Como aliviar o prurido vaginal - Multi-Gyn<\/title>\n<meta name=\"description\" content=\"Irrita\u00e7\u00e3o vaginal \u00e9 geralmente manifestada atrav\u00e9s de prurido, formigueiro, ardor ou picadas na pele em volta da \u00e1rea vaginal.\" \/>\n<meta name=\"robots\" content=\"index, follow, max-snippet:-1, max-image-preview:large, max-video-preview:-1\" \/>\n<link rel=\"canonical\" href=\"https:\/\/multi-gyn.com\/pt\/saude-vaginal\/desconfortos\/como-aliviar-o-prurido-vaginal\/\" \/>\n<meta property=\"og:locale\" content=\"pt_PT\" \/>\n<meta property=\"og:type\" content=\"article\" \/>\n<meta property=\"og:title\" content=\"Como aliviar o prurido vaginal - Multi-Gyn\" \/>\n<meta property=\"og:description\" content=\"Irrita\u00e7\u00e3o vaginal \u00e9 geralmente manifestada atrav\u00e9s de prurido, formigueiro, ardor ou picadas na pele em volta da \u00e1rea vaginal.\" \/>\n<meta property=\"og:url\" content=\"https:\/\/multi-gyn.com\/pt\/saude-vaginal\/desconfortos\/como-aliviar-o-prurido-vaginal\/\" \/>\n<meta property=\"og:site_name\" content=\"Multi-Gyn\" \/>\n<meta property=\"article:modified_time\" content=\"2025-04-28T09:43:31+00:00\" \/>\n<meta name=\"twitter:card\" content=\"summary_large_image\" \/>\n<meta name=\"twitter:label1\" content=\"Tempo estimado de leitura\" \/>\n\t<meta name=\"twitter:data1\" content=\"3 minutos\" \/>\n<script type=\"application\/ld+json\" class=\"yoast-schema-graph\">{\"@context\":\"https:\/\/schema.org\",\"@graph\":[{\"@type\":\"WebPage\",\"@id\":\"https:\/\/multi-gyn.com\/pt\/saude-vaginal\/desconfortos\/como-aliviar-o-prurido-vaginal\/\",\"url\":\"https:\/\/multi-gyn.com\/pt\/saude-vaginal\/desconfortos\/como-aliviar-o-prurido-vaginal\/\",\"name\":\"Como aliviar o prurido vaginal - Multi-Gyn\",\"isPartOf\":{\"@id\":\"https:\/\/multi-gyn.com\/pt\/#website\"},\"datePublished\":\"2022-12-07T14:56:29+00:00\",\"dateModified\":\"2025-04-28T09:43:31+00:00\",\"description\":\"Irrita\u00e7\u00e3o vaginal \u00e9 geralmente manifestada atrav\u00e9s de prurido, formigueiro, ardor ou picadas na pele em volta da \u00e1rea vaginal.\",\"breadcrumb\":{\"@id\":\"https:\/\/multi-gyn.com\/pt\/saude-vaginal\/desconfortos\/como-aliviar-o-prurido-vaginal\/#breadcrumb\"},\"inLanguage\":\"pt-PT\",\"potentialAction\":[{\"@type\":\"ReadAction\",\"target\":[\"https:\/\/multi-gyn.com\/pt\/saude-vaginal\/desconfortos\/como-aliviar-o-prurido-vaginal\/\"]}]},{\"@type\":\"BreadcrumbList\",\"@id\":\"https:\/\/multi-gyn.com\/pt\/saude-vaginal\/desconfortos\/como-aliviar-o-prurido-vaginal\/#breadcrumb\",\"itemListElement\":[{\"@type\":\"ListItem\",\"position\":1,\"name\":\"Home\",\"item\":\"https:\/\/multi-gyn.com\/pt\/\"},{\"@type\":\"ListItem\",\"position\":2,\"name\":\"Sa\u00fade vaginal\",\"item\":\"https:\/\/multi-gyn.com\/pt\/saude-vaginal\/\"},{\"@type\":\"ListItem\",\"position\":3,\"name\":\"\u00a0Desconfortos\",\"item\":\"https:\/\/multi-gyn.com\/pt\/saude-vaginal\/desconfortos\/\"},{\"@type\":\"ListItem\",\"position\":4,\"name\":\"Como aliviar o prurido vaginal\"}]},{\"@type\":\"WebSite\",\"@id\":\"https:\/\/multi-gyn.com\/pt\/#website\",\"url\":\"https:\/\/multi-gyn.com\/pt\/\",\"name\":\"Multi-Gyn\",\"description\":\"\",\"publisher\":{\"@id\":\"https:\/\/multi-gyn.com\/pt\/#organization\"},\"potentialAction\":[{\"@type\":\"SearchAction\",\"target\":{\"@type\":\"EntryPoint\",\"urlTemplate\":\"https:\/\/multi-gyn.com\/pt\/?s={search_term_string}\"},\"query-input\":{\"@type\":\"PropertyValueSpecification\",\"valueRequired\":true,\"valueName\":\"search_term_string\"}}],\"inLanguage\":\"pt-PT\"},{\"@type\":\"Organization\",\"@id\":\"https:\/\/multi-gyn.com\/pt\/#organization\",\"name\":\"Multi-Gyn\",\"url\":\"https:\/\/multi-gyn.com\/pt\/\",\"logo\":{\"@type\":\"ImageObject\",\"inLanguage\":\"pt-PT\",\"@id\":\"https:\/\/multi-gyn.com\/pt\/#\/schema\/logo\/image\/\",\"url\":\"https:\/\/multi-gyn.com\/app\/uploads\/sites\/34\/2022\/11\/multi-gyn-logo.png\",\"contentUrl\":\"https:\/\/multi-gyn.com\/app\/uploads\/sites\/34\/2022\/11\/multi-gyn-logo.png\",\"width\":149,\"height\":32,\"caption\":\"Multi-Gyn\"},\"image\":{\"@id\":\"https:\/\/multi-gyn.com\/pt\/#\/schema\/logo\/image\/\"}}]}<\/script>\n<!-- \/ Yoast SEO plugin. -->","yoast_head_json":{"title":"Como aliviar o prurido vaginal - Multi-Gyn","description":"Irrita\u00e7\u00e3o vaginal \u00e9 geralmente manifestada atrav\u00e9s de prurido, formigueiro, ardor ou picadas na pele em volta da \u00e1rea vaginal.","robots":{"index":"index","follow":"follow","max-snippet":"max-snippet:-1","max-image-preview":"max-image-preview:large","max-video-preview":"max-video-preview:-1"},"canonical":"https:\/\/multi-gyn.com\/pt\/saude-vaginal\/desconfortos\/como-aliviar-o-prurido-vaginal\/","og_locale":"pt_PT","og_type":"article","og_title":"Como aliviar o prurido vaginal - Multi-Gyn","og_description":"Irrita\u00e7\u00e3o vaginal \u00e9 geralmente manifestada atrav\u00e9s de prurido, formigueiro, ardor ou picadas na pele em volta da \u00e1rea vaginal.","og_url":"https:\/\/multi-gyn.com\/pt\/saude-vaginal\/desconfortos\/como-aliviar-o-prurido-vaginal\/","og_site_name":"Multi-Gyn","article_modified_time":"2025-04-28T09:43:31+00:00","twitter_card":"summary_large_image","twitter_misc":{"Tempo estimado de leitura":"3 minutos"},"schema":{"@context":"https:\/\/schema.org","@graph":[{"@type":"WebPage","@id":"https:\/\/multi-gyn.com\/pt\/saude-vaginal\/desconfortos\/como-aliviar-o-prurido-vaginal\/","url":"https:\/\/multi-gyn.com\/pt\/saude-vaginal\/desconfortos\/como-aliviar-o-prurido-vaginal\/","name":"Como aliviar o prurido vaginal - Multi-Gyn","isPartOf":{"@id":"https:\/\/multi-gyn.com\/pt\/#website"},"datePublished":"2022-12-07T14:56:29+00:00","dateModified":"2025-04-28T09:43:31+00:00","description":"Irrita\u00e7\u00e3o vaginal \u00e9 geralmente manifestada atrav\u00e9s de prurido, formigueiro, ardor ou picadas na pele em volta da \u00e1rea vaginal.","breadcrumb":{"@id":"https:\/\/multi-gyn.com\/pt\/saude-vaginal\/desconfortos\/como-aliviar-o-prurido-vaginal\/#breadcrumb"},"inLanguage":"pt-PT","potentialAction":[{"@type":"ReadAction","target":["https:\/\/multi-gyn.com\/pt\/saude-vaginal\/desconfortos\/como-aliviar-o-prurido-vaginal\/"]}]},{"@type":"BreadcrumbList","@id":"https:\/\/multi-gyn.com\/pt\/saude-vaginal\/desconfortos\/como-aliviar-o-prurido-vaginal\/#breadcrumb","itemListElement":[{"@type":"ListItem","position":1,"name":"Home","item":"https:\/\/multi-gyn.com\/pt\/"},{"@type":"ListItem","position":2,"name":"Sa\u00fade vaginal","item":"https:\/\/multi-gyn.com\/pt\/saude-vaginal\/"},{"@type":"ListItem","position":3,"name":"\u00a0Desconfortos","item":"https:\/\/multi-gyn.com\/pt\/saude-vaginal\/desconfortos\/"},{"@type":"ListItem","position":4,"name":"Como aliviar o prurido vaginal"}]},{"@type":"WebSite","@id":"https:\/\/multi-gyn.com\/pt\/#website","url":"https:\/\/multi-gyn.com\/pt\/","name":"Multi-Gyn","description":"","publisher":{"@id":"https:\/\/multi-gyn.com\/pt\/#organization"},"potentialAction":[{"@type":"SearchAction","target":{"@type":"EntryPoint","urlTemplate":"https:\/\/multi-gyn.com\/pt\/?s={search_term_string}"},"query-input":{"@type":"PropertyValueSpecification","valueRequired":true,"valueName":"search_term_string"}}],"inLanguage":"pt-PT"},{"@type":"Organization","@id":"https:\/\/multi-gyn.com\/pt\/#organization","name":"Multi-Gyn","url":"https:\/\/multi-gyn.com\/pt\/","logo":{"@type":"ImageObject","inLanguage":"pt-PT","@id":"https:\/\/multi-gyn.com\/pt\/#\/schema\/logo\/image\/","url":"https:\/\/multi-gyn.com\/app\/uploads\/sites\/34\/2022\/11\/multi-gyn-logo.png","contentUrl":"https:\/\/multi-gyn.com\/app\/uploads\/sites\/34\/2022\/11\/multi-gyn-logo.png","width":149,"height":32,"caption":"Multi-Gyn"},"image":{"@id":"https:\/\/multi-gyn.com\/pt\/#\/schema\/logo\/image\/"}}]}},"_links":{"self":[{"href":"https:\/\/multi-gyn.com\/pt\/wp-json\/wp\/v2\/pages\/421","targetHints":{"allow":["GET"]}}],"collection":[{"href":"https:\/\/multi-gyn.com\/pt\/wp-json\/wp\/v2\/pages"}],"about":[{"href":"https:\/\/multi-gyn.com\/pt\/wp-json\/wp\/v2\/types\/page"}],"author":[{"embeddable":true,"href":"https:\/\/multi-gyn.com\/pt\/wp-json\/wp\/v2\/users\/6"}],"replies":[{"embeddable":true,"href":"https:\/\/multi-gyn.com\/pt\/wp-json\/wp\/v2\/comments?post=421"}],"version-history":[{"count":2,"href":"https:\/\/multi-gyn.com\/pt\/wp-json\/wp\/v2\/pages\/421\/revisions"}],"predecessor-version":[{"id":567,"href":"https:\/\/multi-gyn.com\/pt\/wp-json\/wp\/v2\/pages\/421\/revisions\/567"}],"up":[{"embeddable":true,"href":"https:\/\/multi-gyn.com\/pt\/wp-json\/wp\/v2\/pages\/184"}],"wp:attachment":[{"href":"https:\/\/multi-gyn.com\/pt\/wp-json\/wp\/v2\/media?parent=421"}],"wp:term":[{"taxonomy":"from-article-database","embeddable":true,"href":"https:\/\/multi-gyn.com\/pt\/wp-json\/wp\/v2\/from-article-database?post=421"}],"curies":[{"name":"wp","href":"https:\/\/api.w.org\/{rel}","templated":true}]}}