{"id":425,"date":"2022-12-07T22:23:01","date_gmt":"2022-12-07T22:23:01","guid":{"rendered":"https:\/\/multi-gyn.com\/pt\/?page_id=425"},"modified":"2025-04-28T10:43:29","modified_gmt":"2025-04-28T09:43:29","slug":"prevencao-de-desconfortos-vaginais","status":"publish","type":"page","link":"https:\/\/multi-gyn.com\/pt\/saude-vaginal\/desconfortos\/prevencao-de-desconfortos-vaginais\/","title":{"rendered":"Preven\u00e7\u00e3o de desconfortos vaginais"},"content":{"rendered":"\n<div class=\"wp-block-karopharma-free-text pt-large pb-large bg-center bg-cover bg-no-repeat  is-style-primary\" style=\"background-image:url()\"><div class=\"free-text-wrapper container max-w-medium text-left\">\n<h1 class=\"wp-block-heading\">Preven\u00e7\u00e3o de desconfortos vaginais<\/h1>\n\n\n\n<p class=\"is-style-paragraph-preamble\">Desconfortos vaginais podem ser bastante desagrad\u00e1veis, afetando a sua vida sexual e a qualidade de vida no geral. Na maioria dos desconfortos vaginais \u00e9 dif\u00edcil determinar a causa exata. Algumas mulheres s\u00e3o mais propensas a desenvolver desconfortos do que outras. Poder\u00e1 ver algumas indica\u00e7\u00f5es de como prevenir desconfortos vaginais, contudo, n\u00e3o s\u00e3o garantidos.<\/p>\n<\/div><\/div>\n\n\n\n<div class=\"wp-block-karopharma-free-text pt-large pb-large bg-center bg-cover bg-no-repeat\" style=\"background-image:url()\"><div class=\"free-text-wrapper container max-w-medium text-left\">\n<h2 class=\"is-style-heading-h2 wp-block-heading\">Higiene<\/h2>\n\n\n\n<p>Higiene vaginal pode contribuir para a preven\u00e7\u00e3o de desconfortos vaginais. Especialmente, maus h\u00e1bitos de higiene podem causar mais danos do que n\u00e3o realizar higiene nenhuma &#8211; isto deve-se ao efeito agressivo do sab\u00e3o e detergentes. Em vez de utilizar sab\u00e3o puro que pode danificar a sua camada protetora da pele e causar irrita\u00e7\u00e3o, \u00e9 prefer\u00edvel escolher um produto natural que contenha ingredientes suaves, que n\u00e3o alterem o seu valor de pH da \u00e1rea \u00edntima, e n\u00e3o ir\u00e3o remover a camada protetora da pele. Deve utilizar um produto de lavagem \u00edntima uma vez por dia \u2013 se sentir a necessidade de lavar mais vezes, por exemplo ap\u00f3s um treino ou um dia quente, utilize apenas \u00e1gua. Contudo, lembre-se que lavar a sua \u00e1rea \u00edntima com \u00e1gua morna apenas \u00e9 o suficiente. Quando se secar, passe suavemente em toda a \u00e1rea com uma toalha limpa e suave. Se estiver em viagem ou sentir a necessidade de se refrescar v\u00e1rias por dia durante a menstrua\u00e7\u00e3o, utilize toalhitas \u00edntimas.<\/p>\n\n\n\n<p>Quando usar a sanita, limpe-se sempre da frente para tr\u00e1s \u2013 se o fizer na dire\u00e7\u00e3o contr\u00e1ria pode transferir bact\u00e9rias da \u00e1rea anal para a vagina, resultando em infe\u00e7\u00e3o.<\/p>\n\n\n\n<h2 class=\"is-style-heading-h2 wp-block-heading\">Comportamento sexual<\/h2>\n\n\n\n<p>Utilizar um contracetivo apenas ir\u00e1 proteg\u00ea-la de n\u00e3o engravidar \u2013 por isso \u00e9 importante utilizar preservativos durante as rela\u00e7\u00f5es sexuais. Lembre-se que existe um grande risco de ter vaginose bacteriana nas mulheres que trocam de parceiros frequentemente.<\/p>\n\n\n\n<p>D\u00ea tempo suficiente aos \u201cpreliminares\u201d. Isto n\u00e3o \u00e9 apenas para criar ambiente, mas sim para permitir \u00e0 sua vagina que lubrifique o suficiente para evitar fric\u00e7\u00e3o durante a penetra\u00e7\u00e3o. Se sofrer de secura vaginal, utilize um hidratante vaginal ou lubrificante para n\u00e3o ter rela\u00e7\u00f5es sexuais dolorosas e prevenir danos no tecido.<\/p>\n\n\n\n<h2 class=\"is-style-heading-h2 wp-block-heading\">Pensos higi\u00e9nicos e tamp\u00f5es<\/h2>\n\n\n\n<p>Os pensos higi\u00e9nicos e tamp\u00f5es devem ser mudados a cada 3-4 horas para evitar irrita\u00e7\u00e3o causada pelo contacto prolongado do sangue menstrual com a pele da vagina ou no interior. O mesmo se aplica aos pensos higi\u00e9nicos \u2013 apesar de parecerem a solu\u00e7\u00e3o perfeita para se manter fresca o dia todo, lembre-se que eles impedem a sua pele de respirar, aumentando o risco de irrita\u00e7\u00e3o e infe\u00e7\u00e3o. Se utilizar pensos higi\u00e9nicos diariamente, assegure-se que os muda dentro de poucas horas.<\/p>\n\n\n\n<h2 class=\"is-style-heading-h2 wp-block-heading\">Roupas<\/h2>\n\n\n\n<p>Evite utilizar roupa apertada como cal\u00e7as de ganga, leggings ou cal\u00e7\u00f5es durante longos per\u00edodos de tempo. As pe\u00e7as que s\u00e3o feitas para se moldarem ao corpo, especialmente se n\u00e3o forem feitas de materiais naturais, causam fric\u00e7\u00e3o, calor e reduzem a circula\u00e7\u00e3o do ar na \u00e1rea \u00edntima \u2013 e tudo isto contribui para criar o ambiente perfeito para o desenvolvimento microbiano.<\/p>\n\n\n\n<p>A mesma regra se aplica na escolha da roupa interior. Opte por tecidos naturais, como algod\u00e3o, em vez de sint\u00e9ticos.<\/p>\n\n\n\n<h2 class=\"is-style-heading-h2 wp-block-heading\">Depila\u00e7\u00e3o<\/h2>\n\n\n\n<p>Independentemente de fazer a depila\u00e7\u00e3o com gilete ou cera, utilize um creme depilat\u00f3rio ou um produto id\u00eantico, pois a pele sens\u00edvel da \u00e1rea \u00edntima est\u00e1 sobre risco de irrita\u00e7\u00e3o. Para evitar desconfortos, hidrate a sua pele antes da depila\u00e7\u00e3o e aplique um produto calmante ap\u00f3s.<\/p>\n\n\n\n<h2 class=\"is-style-heading-h2 wp-block-heading\">Outras dicas<\/h2>\n\n\n\n<p>Evite \u00e1reas de banhos p\u00fablicos, como piscinas, banheiras de hidromassagem, jacuzzis, etc. Evite tamb\u00e9m utilizar produtos (lo\u00e7\u00f5es, g\u00e9is de banho, sprays vaginais, etc.) que contenham detergentes fortes, qu\u00edmicos, frag\u00e2ncias, corantes ou conservantes que possam ser irritantes ou alerg\u00e9nicos.<\/p>\n\n\n\n<p>Como preven\u00e7\u00e3o dos sintomas dos desconfortos vaginais que comecem a surgir, use produtos que contenham prebi\u00f3ticos. Prebi\u00f3ticos promovem o crescimento das bact\u00e9rias saud\u00e1veis, ajudando a manter a flora vaginal equilibrada.<\/p>\n<\/div><\/div>\n","protected":false},"excerpt":{"rendered":"","protected":false},"author":6,"featured_media":0,"parent":184,"menu_order":0,"comment_status":"closed","ping_status":"closed","template":"","meta":{"_acf_changed":false,"footnotes":""},"from-article-database":[],"class_list":["post-425","page","type-page","status-publish","hentry"],"acf":[],"yoast_head":"<!-- This site is optimized with the Yoast SEO plugin v26.6 - https:\/\/yoast.com\/wordpress\/plugins\/seo\/ -->\n<title>Preven\u00e7\u00e3o de desconfortos vaginais - Multi-Gyn<\/title>\n<meta name=\"description\" content=\"nfortos vaginais podem ser bastante desagrad\u00e1veis, afetando a sua vida sexual e a qualidade de vida no geral.\" \/>\n<meta name=\"robots\" content=\"index, follow, max-snippet:-1, max-image-preview:large, max-video-preview:-1\" \/>\n<link rel=\"canonical\" href=\"https:\/\/multi-gyn.com\/pt\/saude-vaginal\/desconfortos\/prevencao-de-desconfortos-vaginais\/\" \/>\n<meta property=\"og:locale\" content=\"pt_PT\" \/>\n<meta property=\"og:type\" content=\"article\" \/>\n<meta property=\"og:title\" content=\"Preven\u00e7\u00e3o de desconfortos vaginais - Multi-Gyn\" \/>\n<meta property=\"og:description\" content=\"nfortos vaginais podem ser bastante desagrad\u00e1veis, afetando a sua vida sexual e a qualidade de vida no geral.\" \/>\n<meta property=\"og:url\" content=\"https:\/\/multi-gyn.com\/pt\/saude-vaginal\/desconfortos\/prevencao-de-desconfortos-vaginais\/\" \/>\n<meta property=\"og:site_name\" content=\"Multi-Gyn\" \/>\n<meta property=\"article:modified_time\" content=\"2025-04-28T09:43:29+00:00\" \/>\n<meta name=\"twitter:card\" content=\"summary_large_image\" \/>\n<meta name=\"twitter:label1\" content=\"Tempo estimado de leitura\" \/>\n\t<meta name=\"twitter:data1\" content=\"4 minutos\" \/>\n<script type=\"application\/ld+json\" class=\"yoast-schema-graph\">{\"@context\":\"https:\/\/schema.org\",\"@graph\":[{\"@type\":\"WebPage\",\"@id\":\"https:\/\/multi-gyn.com\/pt\/saude-vaginal\/desconfortos\/prevencao-de-desconfortos-vaginais\/\",\"url\":\"https:\/\/multi-gyn.com\/pt\/saude-vaginal\/desconfortos\/prevencao-de-desconfortos-vaginais\/\",\"name\":\"Preven\u00e7\u00e3o de desconfortos vaginais - Multi-Gyn\",\"isPartOf\":{\"@id\":\"https:\/\/multi-gyn.com\/pt\/#website\"},\"datePublished\":\"2022-12-07T22:23:01+00:00\",\"dateModified\":\"2025-04-28T09:43:29+00:00\",\"description\":\"nfortos vaginais podem ser bastante desagrad\u00e1veis, afetando a sua vida sexual e a qualidade de vida no geral.\",\"breadcrumb\":{\"@id\":\"https:\/\/multi-gyn.com\/pt\/saude-vaginal\/desconfortos\/prevencao-de-desconfortos-vaginais\/#breadcrumb\"},\"inLanguage\":\"pt-PT\",\"potentialAction\":[{\"@type\":\"ReadAction\",\"target\":[\"https:\/\/multi-gyn.com\/pt\/saude-vaginal\/desconfortos\/prevencao-de-desconfortos-vaginais\/\"]}]},{\"@type\":\"BreadcrumbList\",\"@id\":\"https:\/\/multi-gyn.com\/pt\/saude-vaginal\/desconfortos\/prevencao-de-desconfortos-vaginais\/#breadcrumb\",\"itemListElement\":[{\"@type\":\"ListItem\",\"position\":1,\"name\":\"Home\",\"item\":\"https:\/\/multi-gyn.com\/pt\/\"},{\"@type\":\"ListItem\",\"position\":2,\"name\":\"Sa\u00fade vaginal\",\"item\":\"https:\/\/multi-gyn.com\/pt\/saude-vaginal\/\"},{\"@type\":\"ListItem\",\"position\":3,\"name\":\"\u00a0Desconfortos\",\"item\":\"https:\/\/multi-gyn.com\/pt\/saude-vaginal\/desconfortos\/\"},{\"@type\":\"ListItem\",\"position\":4,\"name\":\"Preven\u00e7\u00e3o de desconfortos vaginais\"}]},{\"@type\":\"WebSite\",\"@id\":\"https:\/\/multi-gyn.com\/pt\/#website\",\"url\":\"https:\/\/multi-gyn.com\/pt\/\",\"name\":\"Multi-Gyn\",\"description\":\"\",\"publisher\":{\"@id\":\"https:\/\/multi-gyn.com\/pt\/#organization\"},\"potentialAction\":[{\"@type\":\"SearchAction\",\"target\":{\"@type\":\"EntryPoint\",\"urlTemplate\":\"https:\/\/multi-gyn.com\/pt\/?s={search_term_string}\"},\"query-input\":{\"@type\":\"PropertyValueSpecification\",\"valueRequired\":true,\"valueName\":\"search_term_string\"}}],\"inLanguage\":\"pt-PT\"},{\"@type\":\"Organization\",\"@id\":\"https:\/\/multi-gyn.com\/pt\/#organization\",\"name\":\"Multi-Gyn\",\"url\":\"https:\/\/multi-gyn.com\/pt\/\",\"logo\":{\"@type\":\"ImageObject\",\"inLanguage\":\"pt-PT\",\"@id\":\"https:\/\/multi-gyn.com\/pt\/#\/schema\/logo\/image\/\",\"url\":\"https:\/\/multi-gyn.com\/app\/uploads\/sites\/34\/2022\/11\/multi-gyn-logo.png\",\"contentUrl\":\"https:\/\/multi-gyn.com\/app\/uploads\/sites\/34\/2022\/11\/multi-gyn-logo.png\",\"width\":149,\"height\":32,\"caption\":\"Multi-Gyn\"},\"image\":{\"@id\":\"https:\/\/multi-gyn.com\/pt\/#\/schema\/logo\/image\/\"}}]}<\/script>\n<!-- \/ Yoast SEO plugin. -->","yoast_head_json":{"title":"Preven\u00e7\u00e3o de desconfortos vaginais - Multi-Gyn","description":"nfortos vaginais podem ser bastante desagrad\u00e1veis, afetando a sua vida sexual e a qualidade de vida no geral.","robots":{"index":"index","follow":"follow","max-snippet":"max-snippet:-1","max-image-preview":"max-image-preview:large","max-video-preview":"max-video-preview:-1"},"canonical":"https:\/\/multi-gyn.com\/pt\/saude-vaginal\/desconfortos\/prevencao-de-desconfortos-vaginais\/","og_locale":"pt_PT","og_type":"article","og_title":"Preven\u00e7\u00e3o de desconfortos vaginais - Multi-Gyn","og_description":"nfortos vaginais podem ser bastante desagrad\u00e1veis, afetando a sua vida sexual e a qualidade de vida no geral.","og_url":"https:\/\/multi-gyn.com\/pt\/saude-vaginal\/desconfortos\/prevencao-de-desconfortos-vaginais\/","og_site_name":"Multi-Gyn","article_modified_time":"2025-04-28T09:43:29+00:00","twitter_card":"summary_large_image","twitter_misc":{"Tempo estimado de leitura":"4 minutos"},"schema":{"@context":"https:\/\/schema.org","@graph":[{"@type":"WebPage","@id":"https:\/\/multi-gyn.com\/pt\/saude-vaginal\/desconfortos\/prevencao-de-desconfortos-vaginais\/","url":"https:\/\/multi-gyn.com\/pt\/saude-vaginal\/desconfortos\/prevencao-de-desconfortos-vaginais\/","name":"Preven\u00e7\u00e3o de desconfortos vaginais - Multi-Gyn","isPartOf":{"@id":"https:\/\/multi-gyn.com\/pt\/#website"},"datePublished":"2022-12-07T22:23:01+00:00","dateModified":"2025-04-28T09:43:29+00:00","description":"nfortos vaginais podem ser bastante desagrad\u00e1veis, afetando a sua vida sexual e a qualidade de vida no geral.","breadcrumb":{"@id":"https:\/\/multi-gyn.com\/pt\/saude-vaginal\/desconfortos\/prevencao-de-desconfortos-vaginais\/#breadcrumb"},"inLanguage":"pt-PT","potentialAction":[{"@type":"ReadAction","target":["https:\/\/multi-gyn.com\/pt\/saude-vaginal\/desconfortos\/prevencao-de-desconfortos-vaginais\/"]}]},{"@type":"BreadcrumbList","@id":"https:\/\/multi-gyn.com\/pt\/saude-vaginal\/desconfortos\/prevencao-de-desconfortos-vaginais\/#breadcrumb","itemListElement":[{"@type":"ListItem","position":1,"name":"Home","item":"https:\/\/multi-gyn.com\/pt\/"},{"@type":"ListItem","position":2,"name":"Sa\u00fade vaginal","item":"https:\/\/multi-gyn.com\/pt\/saude-vaginal\/"},{"@type":"ListItem","position":3,"name":"\u00a0Desconfortos","item":"https:\/\/multi-gyn.com\/pt\/saude-vaginal\/desconfortos\/"},{"@type":"ListItem","position":4,"name":"Preven\u00e7\u00e3o de desconfortos vaginais"}]},{"@type":"WebSite","@id":"https:\/\/multi-gyn.com\/pt\/#website","url":"https:\/\/multi-gyn.com\/pt\/","name":"Multi-Gyn","description":"","publisher":{"@id":"https:\/\/multi-gyn.com\/pt\/#organization"},"potentialAction":[{"@type":"SearchAction","target":{"@type":"EntryPoint","urlTemplate":"https:\/\/multi-gyn.com\/pt\/?s={search_term_string}"},"query-input":{"@type":"PropertyValueSpecification","valueRequired":true,"valueName":"search_term_string"}}],"inLanguage":"pt-PT"},{"@type":"Organization","@id":"https:\/\/multi-gyn.com\/pt\/#organization","name":"Multi-Gyn","url":"https:\/\/multi-gyn.com\/pt\/","logo":{"@type":"ImageObject","inLanguage":"pt-PT","@id":"https:\/\/multi-gyn.com\/pt\/#\/schema\/logo\/image\/","url":"https:\/\/multi-gyn.com\/app\/uploads\/sites\/34\/2022\/11\/multi-gyn-logo.png","contentUrl":"https:\/\/multi-gyn.com\/app\/uploads\/sites\/34\/2022\/11\/multi-gyn-logo.png","width":149,"height":32,"caption":"Multi-Gyn"},"image":{"@id":"https:\/\/multi-gyn.com\/pt\/#\/schema\/logo\/image\/"}}]}},"_links":{"self":[{"href":"https:\/\/multi-gyn.com\/pt\/wp-json\/wp\/v2\/pages\/425","targetHints":{"allow":["GET"]}}],"collection":[{"href":"https:\/\/multi-gyn.com\/pt\/wp-json\/wp\/v2\/pages"}],"about":[{"href":"https:\/\/multi-gyn.com\/pt\/wp-json\/wp\/v2\/types\/page"}],"author":[{"embeddable":true,"href":"https:\/\/multi-gyn.com\/pt\/wp-json\/wp\/v2\/users\/6"}],"replies":[{"embeddable":true,"href":"https:\/\/multi-gyn.com\/pt\/wp-json\/wp\/v2\/comments?post=425"}],"version-history":[{"count":3,"href":"https:\/\/multi-gyn.com\/pt\/wp-json\/wp\/v2\/pages\/425\/revisions"}],"predecessor-version":[{"id":569,"href":"https:\/\/multi-gyn.com\/pt\/wp-json\/wp\/v2\/pages\/425\/revisions\/569"}],"up":[{"embeddable":true,"href":"https:\/\/multi-gyn.com\/pt\/wp-json\/wp\/v2\/pages\/184"}],"wp:attachment":[{"href":"https:\/\/multi-gyn.com\/pt\/wp-json\/wp\/v2\/media?parent=425"}],"wp:term":[{"taxonomy":"from-article-database","embeddable":true,"href":"https:\/\/multi-gyn.com\/pt\/wp-json\/wp\/v2\/from-article-database?post=425"}],"curies":[{"name":"wp","href":"https:\/\/api.w.org\/{rel}","templated":true}]}}