{"id":431,"date":"2022-12-08T08:53:34","date_gmt":"2022-12-08T08:53:34","guid":{"rendered":"https:\/\/multi-gyn.com\/pt\/?page_id=431"},"modified":"2025-04-28T10:43:28","modified_gmt":"2025-04-28T09:43:28","slug":"o-meu-corrimento-vaginal-e-normal","status":"publish","type":"page","link":"https:\/\/multi-gyn.com\/pt\/saude-vaginal\/desconfortos\/o-meu-corrimento-vaginal-e-normal\/","title":{"rendered":"O meu corrimento vaginal \u00e9 normal?"},"content":{"rendered":"\n<div class=\"wp-block-karopharma-free-text pt-large pb-large bg-center bg-cover bg-no-repeat  is-style-primary\" style=\"background-image:url()\"><div class=\"free-text-wrapper container max-w-medium text-left\">\n<h1 class=\"wp-block-heading\">O meu corrimento vaginal \u00e9 normal?<\/h1>\n\n\n\n<p class=\"is-style-paragraph-preamble\">O corrimento vaginal \u00e9 normal e tem diversos prop\u00f3sitos, incluindo limpeza e lubrifica\u00e7\u00e3o da vagina, e ajuda a prevenir e combater contra problemas microbianos e infe\u00e7\u00f5es. Verificar o seu corrimento vaginal pode ajud\u00e1-la a detetar problemas e a manter uma boa sa\u00fade vaginal.<\/p>\n<\/div><\/div>\n\n\n\n<div class=\"wp-block-karopharma-free-text pt-large pb-large bg-center bg-cover bg-no-repeat\" style=\"background-image:url()\"><div class=\"free-text-wrapper container max-w-medium text-left\">\n<h2 class=\"is-style-heading-h2 wp-block-heading\">O que \u00e9 normal?<\/h2>\n\n\n\n<p>Corrimento vaginal normal \u00e9 geralmente claro a branco, tem um cheiro ligeiramente \u00e1cido (id\u00eantico a vinagre) e pode ser espesso ou l\u00edquido. O flu\u00eddo vaginal normal pode variar na textura. Pode ser l\u00edquido, pegajoso e el\u00e1stico, ou espesso e viscoso. Poder\u00e1 reparar em pequenas altera\u00e7\u00f5es na textura e quantidade de corrimento quando est\u00e1 sexualmente excitada, antes do seu per\u00edodo, durante a ovula\u00e7\u00e3o, durante a amamenta\u00e7\u00e3o e menopausa.<\/p>\n\n\n\n<p>Apesar de ser normal o seu fluido vaginal poder variar ligeiramente, \u00e9 importante entender as diferen\u00e7as entre corrimento normal e anormal. Isto ir\u00e1 ajud\u00e1-la a reconhecer qualquer mudan\u00e7a no seu corrimento que indique um problema ou necessite de investiga\u00e7\u00e3o.<\/p>\n\n\n\n<h2 class=\"is-style-heading-h2 wp-block-heading\">Controle o seu corrimento regularmente e veja se existem altera\u00e7\u00f5es<\/h2>\n\n\n\n<p>\u00c9 importante verificar o seu corrimento vaginal e manter as altera\u00e7\u00f5es sobre vigia. As seguintes altera\u00e7\u00f5es podem indicar um problema:<\/p>\n\n\n\n<ul class=\"is-style-default wp-block-list\"><li><a href=\"https:\/\/www.multi-gyn.pt\/desconfortos\/odor-vaginal-o-que-causa-esse-cheiro-forte\/\">Altera\u00e7\u00e3o no odor<\/a>&nbsp;(especialmente para algo desagrad\u00e1vel ou id\u00eantico a peixe<\/li><li><a href=\"https:\/\/www.multi-gyn.pt\/geral\/de-que-cor-e-o-seu-corrimento\/\">Altera\u00e7\u00e3o na cor<\/a>&nbsp;(para esverdeado, acinzentado, ou algo id\u00eantico a pus)<\/li><li>Altera\u00e7\u00e3o na textura (como por exemplo para espumoso ou grumoso e pegajoso, id\u00eantico a requeij\u00e3o)<\/li><li><a href=\"https:\/\/www.multi-gyn.pt\/desconfortos\/prurido-vaginal-qual-a-sua-causa\">Prurido vaginal<\/a>, ardor, incha\u00e7o ou vermelhid\u00e3o<\/li><li>Sangramento vaginal ou pequenas perdas que n\u00e3o sejam do seu per\u00edodo<\/li><\/ul>\n\n\n\n<p>Infe\u00e7\u00f5es vaginais, como por exemplo vaginose bacteriana, candid\u00edase (fungos) s\u00e3o causas comuns de corrimento vaginal anormal. Algumas infe\u00e7\u00f5es que podem causar altera\u00e7\u00f5es no corrimento vaginal s\u00e3o transmitidas sexualmente (DST\u2019s), como por exemplo gonorreia. Outras infe\u00e7\u00f5es podem ocorrer com ou sem rela\u00e7\u00f5es sexuais, como por exemplo vaginose bacteriana ou candid\u00edase (infe\u00e7\u00f5es f\u00fangicas).<\/p>\n\n\n\n<p>Estes sintomas destas infe\u00e7\u00f5es podem ser bastante similares, mas existem&nbsp;<a href=\"https:\/\/multi-gyn.com\/pt\/saude-vaginal\/geral\/de-que-cor-e-o-seu-corrimento\/\">algumas diferen\u00e7as a ter em conta<\/a>:<\/p>\n\n\n\n<ul class=\"is-style-default wp-block-list\"><li>Infe\u00e7\u00f5es f\u00fangicas (candid\u00edase) podem tornar o seu corrimento opaco, branco e espesso, id\u00eantico a requeij\u00e3o. Um infe\u00e7\u00e3o f\u00fangica nem sempre tem um odor forte, mas pode causar prurido e ardor intensos.<\/li><li>Vaginose bacteriana (VB) pode fazer com que o seu corrimento fique com um odor desagrad\u00e1vel id\u00eantico a peixe. O flu\u00eddo poder\u00e1 ficar mais l\u00edquido e acinzentado na cor.<\/li><li>Tricomon\u00edase, \u00e9 uma doen\u00e7a sexualmente transmiss\u00edvel comum (DST), pode causar um forte odor. O corrimento \u00e9 geralmente de cor amarelado a esverdeado e pode tornar-se espumoso.<\/li><\/ul>\n<\/div><\/div>\n","protected":false},"excerpt":{"rendered":"","protected":false},"author":6,"featured_media":0,"parent":184,"menu_order":0,"comment_status":"closed","ping_status":"closed","template":"","meta":{"_acf_changed":false,"footnotes":""},"from-article-database":[],"class_list":["post-431","page","type-page","status-publish","hentry"],"acf":[],"yoast_head":"<!-- This site is optimized with the Yoast SEO plugin v26.6 - https:\/\/yoast.com\/wordpress\/plugins\/seo\/ -->\n<title>O meu corrimento vaginal \u00e9 normal? - Multi-Gyn<\/title>\n<meta name=\"description\" content=\"Corrimento vaginal normal \u00e9 geralmente claro a branco, tem um cheiro ligeiramente \u00e1cido (id\u00eantico a vinagre) e pode ser espesso ou l\u00edquido.\" \/>\n<meta name=\"robots\" content=\"index, follow, max-snippet:-1, max-image-preview:large, max-video-preview:-1\" \/>\n<link rel=\"canonical\" href=\"https:\/\/multi-gyn.com\/pt\/saude-vaginal\/desconfortos\/o-meu-corrimento-vaginal-e-normal\/\" \/>\n<meta property=\"og:locale\" content=\"pt_PT\" \/>\n<meta property=\"og:type\" content=\"article\" \/>\n<meta property=\"og:title\" content=\"O meu corrimento vaginal \u00e9 normal? - Multi-Gyn\" \/>\n<meta property=\"og:description\" content=\"Corrimento vaginal normal \u00e9 geralmente claro a branco, tem um cheiro ligeiramente \u00e1cido (id\u00eantico a vinagre) e pode ser espesso ou l\u00edquido.\" \/>\n<meta property=\"og:url\" content=\"https:\/\/multi-gyn.com\/pt\/saude-vaginal\/desconfortos\/o-meu-corrimento-vaginal-e-normal\/\" \/>\n<meta property=\"og:site_name\" content=\"Multi-Gyn\" \/>\n<meta property=\"article:modified_time\" content=\"2025-04-28T09:43:28+00:00\" \/>\n<meta name=\"twitter:card\" content=\"summary_large_image\" \/>\n<meta name=\"twitter:label1\" content=\"Tempo estimado de leitura\" \/>\n\t<meta name=\"twitter:data1\" content=\"3 minutos\" \/>\n<script type=\"application\/ld+json\" class=\"yoast-schema-graph\">{\"@context\":\"https:\/\/schema.org\",\"@graph\":[{\"@type\":\"WebPage\",\"@id\":\"https:\/\/multi-gyn.com\/pt\/saude-vaginal\/desconfortos\/o-meu-corrimento-vaginal-e-normal\/\",\"url\":\"https:\/\/multi-gyn.com\/pt\/saude-vaginal\/desconfortos\/o-meu-corrimento-vaginal-e-normal\/\",\"name\":\"O meu corrimento vaginal \u00e9 normal? - Multi-Gyn\",\"isPartOf\":{\"@id\":\"https:\/\/multi-gyn.com\/pt\/#website\"},\"datePublished\":\"2022-12-08T08:53:34+00:00\",\"dateModified\":\"2025-04-28T09:43:28+00:00\",\"description\":\"Corrimento vaginal normal \u00e9 geralmente claro a branco, tem um cheiro ligeiramente \u00e1cido (id\u00eantico a vinagre) e pode ser espesso ou l\u00edquido.\",\"breadcrumb\":{\"@id\":\"https:\/\/multi-gyn.com\/pt\/saude-vaginal\/desconfortos\/o-meu-corrimento-vaginal-e-normal\/#breadcrumb\"},\"inLanguage\":\"pt-PT\",\"potentialAction\":[{\"@type\":\"ReadAction\",\"target\":[\"https:\/\/multi-gyn.com\/pt\/saude-vaginal\/desconfortos\/o-meu-corrimento-vaginal-e-normal\/\"]}]},{\"@type\":\"BreadcrumbList\",\"@id\":\"https:\/\/multi-gyn.com\/pt\/saude-vaginal\/desconfortos\/o-meu-corrimento-vaginal-e-normal\/#breadcrumb\",\"itemListElement\":[{\"@type\":\"ListItem\",\"position\":1,\"name\":\"Home\",\"item\":\"https:\/\/multi-gyn.com\/pt\/\"},{\"@type\":\"ListItem\",\"position\":2,\"name\":\"Sa\u00fade vaginal\",\"item\":\"https:\/\/multi-gyn.com\/pt\/saude-vaginal\/\"},{\"@type\":\"ListItem\",\"position\":3,\"name\":\"\u00a0Desconfortos\",\"item\":\"https:\/\/multi-gyn.com\/pt\/saude-vaginal\/desconfortos\/\"},{\"@type\":\"ListItem\",\"position\":4,\"name\":\"O meu corrimento vaginal \u00e9 normal?\"}]},{\"@type\":\"WebSite\",\"@id\":\"https:\/\/multi-gyn.com\/pt\/#website\",\"url\":\"https:\/\/multi-gyn.com\/pt\/\",\"name\":\"Multi-Gyn\",\"description\":\"\",\"publisher\":{\"@id\":\"https:\/\/multi-gyn.com\/pt\/#organization\"},\"potentialAction\":[{\"@type\":\"SearchAction\",\"target\":{\"@type\":\"EntryPoint\",\"urlTemplate\":\"https:\/\/multi-gyn.com\/pt\/?s={search_term_string}\"},\"query-input\":{\"@type\":\"PropertyValueSpecification\",\"valueRequired\":true,\"valueName\":\"search_term_string\"}}],\"inLanguage\":\"pt-PT\"},{\"@type\":\"Organization\",\"@id\":\"https:\/\/multi-gyn.com\/pt\/#organization\",\"name\":\"Multi-Gyn\",\"url\":\"https:\/\/multi-gyn.com\/pt\/\",\"logo\":{\"@type\":\"ImageObject\",\"inLanguage\":\"pt-PT\",\"@id\":\"https:\/\/multi-gyn.com\/pt\/#\/schema\/logo\/image\/\",\"url\":\"https:\/\/multi-gyn.com\/app\/uploads\/sites\/34\/2022\/11\/multi-gyn-logo.png\",\"contentUrl\":\"https:\/\/multi-gyn.com\/app\/uploads\/sites\/34\/2022\/11\/multi-gyn-logo.png\",\"width\":149,\"height\":32,\"caption\":\"Multi-Gyn\"},\"image\":{\"@id\":\"https:\/\/multi-gyn.com\/pt\/#\/schema\/logo\/image\/\"}}]}<\/script>\n<!-- \/ Yoast SEO plugin. -->","yoast_head_json":{"title":"O meu corrimento vaginal \u00e9 normal? - Multi-Gyn","description":"Corrimento vaginal normal \u00e9 geralmente claro a branco, tem um cheiro ligeiramente \u00e1cido (id\u00eantico a vinagre) e pode ser espesso ou l\u00edquido.","robots":{"index":"index","follow":"follow","max-snippet":"max-snippet:-1","max-image-preview":"max-image-preview:large","max-video-preview":"max-video-preview:-1"},"canonical":"https:\/\/multi-gyn.com\/pt\/saude-vaginal\/desconfortos\/o-meu-corrimento-vaginal-e-normal\/","og_locale":"pt_PT","og_type":"article","og_title":"O meu corrimento vaginal \u00e9 normal? - Multi-Gyn","og_description":"Corrimento vaginal normal \u00e9 geralmente claro a branco, tem um cheiro ligeiramente \u00e1cido (id\u00eantico a vinagre) e pode ser espesso ou l\u00edquido.","og_url":"https:\/\/multi-gyn.com\/pt\/saude-vaginal\/desconfortos\/o-meu-corrimento-vaginal-e-normal\/","og_site_name":"Multi-Gyn","article_modified_time":"2025-04-28T09:43:28+00:00","twitter_card":"summary_large_image","twitter_misc":{"Tempo estimado de leitura":"3 minutos"},"schema":{"@context":"https:\/\/schema.org","@graph":[{"@type":"WebPage","@id":"https:\/\/multi-gyn.com\/pt\/saude-vaginal\/desconfortos\/o-meu-corrimento-vaginal-e-normal\/","url":"https:\/\/multi-gyn.com\/pt\/saude-vaginal\/desconfortos\/o-meu-corrimento-vaginal-e-normal\/","name":"O meu corrimento vaginal \u00e9 normal? - Multi-Gyn","isPartOf":{"@id":"https:\/\/multi-gyn.com\/pt\/#website"},"datePublished":"2022-12-08T08:53:34+00:00","dateModified":"2025-04-28T09:43:28+00:00","description":"Corrimento vaginal normal \u00e9 geralmente claro a branco, tem um cheiro ligeiramente \u00e1cido (id\u00eantico a vinagre) e pode ser espesso ou l\u00edquido.","breadcrumb":{"@id":"https:\/\/multi-gyn.com\/pt\/saude-vaginal\/desconfortos\/o-meu-corrimento-vaginal-e-normal\/#breadcrumb"},"inLanguage":"pt-PT","potentialAction":[{"@type":"ReadAction","target":["https:\/\/multi-gyn.com\/pt\/saude-vaginal\/desconfortos\/o-meu-corrimento-vaginal-e-normal\/"]}]},{"@type":"BreadcrumbList","@id":"https:\/\/multi-gyn.com\/pt\/saude-vaginal\/desconfortos\/o-meu-corrimento-vaginal-e-normal\/#breadcrumb","itemListElement":[{"@type":"ListItem","position":1,"name":"Home","item":"https:\/\/multi-gyn.com\/pt\/"},{"@type":"ListItem","position":2,"name":"Sa\u00fade vaginal","item":"https:\/\/multi-gyn.com\/pt\/saude-vaginal\/"},{"@type":"ListItem","position":3,"name":"\u00a0Desconfortos","item":"https:\/\/multi-gyn.com\/pt\/saude-vaginal\/desconfortos\/"},{"@type":"ListItem","position":4,"name":"O meu corrimento vaginal \u00e9 normal?"}]},{"@type":"WebSite","@id":"https:\/\/multi-gyn.com\/pt\/#website","url":"https:\/\/multi-gyn.com\/pt\/","name":"Multi-Gyn","description":"","publisher":{"@id":"https:\/\/multi-gyn.com\/pt\/#organization"},"potentialAction":[{"@type":"SearchAction","target":{"@type":"EntryPoint","urlTemplate":"https:\/\/multi-gyn.com\/pt\/?s={search_term_string}"},"query-input":{"@type":"PropertyValueSpecification","valueRequired":true,"valueName":"search_term_string"}}],"inLanguage":"pt-PT"},{"@type":"Organization","@id":"https:\/\/multi-gyn.com\/pt\/#organization","name":"Multi-Gyn","url":"https:\/\/multi-gyn.com\/pt\/","logo":{"@type":"ImageObject","inLanguage":"pt-PT","@id":"https:\/\/multi-gyn.com\/pt\/#\/schema\/logo\/image\/","url":"https:\/\/multi-gyn.com\/app\/uploads\/sites\/34\/2022\/11\/multi-gyn-logo.png","contentUrl":"https:\/\/multi-gyn.com\/app\/uploads\/sites\/34\/2022\/11\/multi-gyn-logo.png","width":149,"height":32,"caption":"Multi-Gyn"},"image":{"@id":"https:\/\/multi-gyn.com\/pt\/#\/schema\/logo\/image\/"}}]}},"_links":{"self":[{"href":"https:\/\/multi-gyn.com\/pt\/wp-json\/wp\/v2\/pages\/431","targetHints":{"allow":["GET"]}}],"collection":[{"href":"https:\/\/multi-gyn.com\/pt\/wp-json\/wp\/v2\/pages"}],"about":[{"href":"https:\/\/multi-gyn.com\/pt\/wp-json\/wp\/v2\/types\/page"}],"author":[{"embeddable":true,"href":"https:\/\/multi-gyn.com\/pt\/wp-json\/wp\/v2\/users\/6"}],"replies":[{"embeddable":true,"href":"https:\/\/multi-gyn.com\/pt\/wp-json\/wp\/v2\/comments?post=431"}],"version-history":[{"count":4,"href":"https:\/\/multi-gyn.com\/pt\/wp-json\/wp\/v2\/pages\/431\/revisions"}],"predecessor-version":[{"id":677,"href":"https:\/\/multi-gyn.com\/pt\/wp-json\/wp\/v2\/pages\/431\/revisions\/677"}],"up":[{"embeddable":true,"href":"https:\/\/multi-gyn.com\/pt\/wp-json\/wp\/v2\/pages\/184"}],"wp:attachment":[{"href":"https:\/\/multi-gyn.com\/pt\/wp-json\/wp\/v2\/media?parent=431"}],"wp:term":[{"taxonomy":"from-article-database","embeddable":true,"href":"https:\/\/multi-gyn.com\/pt\/wp-json\/wp\/v2\/from-article-database?post=431"}],"curies":[{"name":"wp","href":"https:\/\/api.w.org\/{rel}","templated":true}]}}