{"id":445,"date":"2022-12-08T08:59:03","date_gmt":"2022-12-08T08:59:03","guid":{"rendered":"https:\/\/multi-gyn.com\/pt\/?page_id=445"},"modified":"2025-04-28T10:43:26","modified_gmt":"2025-04-28T09:43:26","slug":"sensibilidade-vaginal","status":"publish","type":"page","link":"https:\/\/multi-gyn.com\/pt\/saude-vaginal\/desconfortos\/sensibilidade-vaginal\/","title":{"rendered":"Sensibilidade vaginal"},"content":{"rendered":"\n<div class=\"wp-block-karopharma-free-text pt-large pb-large bg-center bg-cover bg-no-repeat  is-style-primary\" style=\"background-image:url()\"><div class=\"free-text-wrapper container max-w-medium text-left\">\n<h1 class=\"wp-block-heading\">Sensibilidade vaginal<\/h1>\n\n\n\n<p class=\"is-style-paragraph-preamble\">Qualquer tipo de sensibilidade ou desconforto na \u00e1rea vaginal pode colocar-nos bastante desconfort\u00e1veis e nervosas, sentindo que algo n\u00e3o est\u00e1 bem. Sensibilidade vaginal manifesta-se como dor ou sensibilidade ao toque na \u00e1rea \u00edntima, especialmente durante as rela\u00e7\u00f5es sexuais. Estes sintomas podem ser tamb\u00e9m acompanhados por outros desconfortos incluindo altera\u00e7\u00f5es no corrimento, prurido vaginal, ardor, incha\u00e7o, vermelhid\u00e3o, etc. As causas mais comuns da sensibilidade e dor s\u00e3o irrita\u00e7\u00f5es, infe\u00e7\u00f5es e secura. O tratamento difere dependendo da causa.<\/p>\n<\/div><\/div>\n\n\n\n<div class=\"wp-block-karopharma-free-text pt-large pb-large bg-center bg-cover bg-no-repeat\" style=\"background-image:url()\"><div class=\"free-text-wrapper container max-w-medium text-left\">\n<h3 class=\"wp-block-heading\">O que causa l\u00e1bios vaginais inchados?<\/h3>\n\n\n\n<ul class=\"is-style-default wp-block-list\"><li>Desequil\u00edbrios na flora vaginal. A vagina \u00e9 coberta por milh\u00f5es de micr\u00f3bios positivos, que constituem a flora vaginal. Assim que o equil\u00edbrio \u00e9 perturbado e as bact\u00e9rias boas s\u00e3o reduzidas, os fungos ou bact\u00e9rias nocivas come\u00e7am a reproduzir-se excessivamente, causando prurido e irrita\u00e7\u00e3o. Caso n\u00e3o consiga resistir e comece a co\u00e7ar a \u00e1rea afetada, poder\u00e1 danificar a pele e causar mais irrita\u00e7\u00e3o, incha\u00e7o e dor. Se sofre frequentemente de infe\u00e7\u00f5es f\u00fangicas (candid\u00edase), experimente utilizar produtos vaginais que contenham pr\u00e9bioticos. G\u00e9is com pr\u00e9bioticos vaginais estimulam o crescimento das bact\u00e9rias saud\u00e1veis e ajudam a equilibrar a flora vaginal.<\/li><li>Secura vaginal. A penetra\u00e7\u00e3o sem lubrifica\u00e7\u00e3o suficiente pode danificar as paredes vaginais e outros tecidos na regi\u00e3o \u00edntima, causando inflama\u00e7\u00e3o e dor. A secura pode ser causada por altera\u00e7\u00f5es hormonais durante a menopausa, gravidez, amamenta\u00e7\u00e3o ou pela utiliza\u00e7\u00e3o de contracetivos. Antes de iniciar as rela\u00e7\u00f5es sexuais, d\u00ea tempo para estimular a lubrifica\u00e7\u00e3o natural. Um hidratante ir\u00e1 proporcionar uma sensa\u00e7\u00e3o de hidrata\u00e7\u00e3o durante v\u00e1rios dias e pode ser utilizado diariamente, enquanto lubrificantes s\u00e3o direcionados para aplica\u00e7\u00e3o antes de iniciar rela\u00e7\u00f5es sexuais e apenas para proporcionar al\u00edvio durante um curto per\u00edodo de tempo.<\/li><li>Menopausa. Quando os n\u00edveis de estrog\u00e9nio diminuem, os tecidos vaginais perdem a sua espessura, elasticidade e lubrifica\u00e7\u00e3o natural. Isto resulta em paredes finas que durante a penetra\u00e7\u00e3o criam o efeito de lixa, e podem ser facilmente danificadas. Esta condi\u00e7\u00e3o \u00e9 chamada de atrofia vaginal que normalmente resulta na perda de libido, pois as rela\u00e7\u00f5es sexuais tornam-se desconfort\u00e1veis e dolorosas. Para a secura vaginal, a solu\u00e7\u00e3o est\u00e1 nos hidratantes vaginais ou lubrificantes.<\/li><li>Irrita\u00e7\u00e3o. Produtos que contenham qu\u00edmicos nocivos, detergentes fortes, sab\u00e3o, fragr\u00e2ncias, corantes ou preservativos, podem causar irrita\u00e7\u00f5es na regi\u00e3o \u00edntima, provocando incha\u00e7o, sensibilidade, ardor e dor. Evite este tipo de produtos e escolha aqueles que s\u00e3o especialmente direcionados para utilizar na \u00e1rea \u00edntima. Estes incluem produtos de lavagem \u00edntima baseados em ingredientes naturais que contenham detergentes suaves e n\u00e3o perturbem os valores do pH vaginal.<\/li><li>Algumas doen\u00e7as sexualmente transmiss\u00edveis (DST\u2019s) podem causar sensibilidade e dor na regi\u00e3o p\u00e9lvica. Em caso de suspeitar que possa ter uma DST, \u00e9 fortemente aconselh\u00e1vel que visite o seu ginecologista.<\/li><\/ul>\n\n\n\n<p>Se possuir dor ou sensibilidade, experimente aplicar compressas frias que proporcionem alivio r\u00e1pido e reduzam a irrita\u00e7\u00e3o. Lembre-se que para passar a dor ou a sensibilidade, a principal causa do desconforto necessita de ser resolvida. Se a sensibilidade persistir, visite o seu m\u00e9dico para receber o tratamento apropriado.<\/p>\n<\/div><\/div>\n","protected":false},"excerpt":{"rendered":"","protected":false},"author":6,"featured_media":0,"parent":184,"menu_order":0,"comment_status":"closed","ping_status":"closed","template":"","meta":{"_acf_changed":false,"footnotes":""},"from-article-database":[],"class_list":["post-445","page","type-page","status-publish","hentry"],"acf":[],"yoast_head":"<!-- This site is optimized with the Yoast SEO plugin v26.6 - https:\/\/yoast.com\/wordpress\/plugins\/seo\/ -->\n<title>Sensibilidade vaginal - Multi-Gyn<\/title>\n<meta name=\"description\" content=\"Qualquer tipo de sensibilidade ou desconforto na \u00e1rea vaginal pode colocar-nos bastante desconfort\u00e1veis e nervosas, sentindo que algo n\u00e3o est\u00e1 bem. Sensibilidade vaginal manifesta-se como dor ou sensibilidade ao toque na \u00e1rea \u00edntima, especialmente durante as rela\u00e7\u00f5es sexuais.\" \/>\n<meta name=\"robots\" content=\"index, follow, max-snippet:-1, max-image-preview:large, max-video-preview:-1\" \/>\n<link rel=\"canonical\" href=\"https:\/\/multi-gyn.com\/pt\/saude-vaginal\/desconfortos\/sensibilidade-vaginal\/\" \/>\n<meta property=\"og:locale\" content=\"pt_PT\" \/>\n<meta property=\"og:type\" content=\"article\" \/>\n<meta property=\"og:title\" content=\"Sensibilidade vaginal - Multi-Gyn\" \/>\n<meta property=\"og:description\" content=\"Qualquer tipo de sensibilidade ou desconforto na \u00e1rea vaginal pode colocar-nos bastante desconfort\u00e1veis e nervosas, sentindo que algo n\u00e3o est\u00e1 bem. Sensibilidade vaginal manifesta-se como dor ou sensibilidade ao toque na \u00e1rea \u00edntima, especialmente durante as rela\u00e7\u00f5es sexuais.\" \/>\n<meta property=\"og:url\" content=\"https:\/\/multi-gyn.com\/pt\/saude-vaginal\/desconfortos\/sensibilidade-vaginal\/\" \/>\n<meta property=\"og:site_name\" content=\"Multi-Gyn\" \/>\n<meta property=\"article:modified_time\" content=\"2025-04-28T09:43:26+00:00\" \/>\n<meta name=\"twitter:card\" content=\"summary_large_image\" \/>\n<meta name=\"twitter:label1\" content=\"Tempo estimado de leitura\" \/>\n\t<meta name=\"twitter:data1\" content=\"3 minutos\" \/>\n<script type=\"application\/ld+json\" class=\"yoast-schema-graph\">{\"@context\":\"https:\/\/schema.org\",\"@graph\":[{\"@type\":\"WebPage\",\"@id\":\"https:\/\/multi-gyn.com\/pt\/saude-vaginal\/desconfortos\/sensibilidade-vaginal\/\",\"url\":\"https:\/\/multi-gyn.com\/pt\/saude-vaginal\/desconfortos\/sensibilidade-vaginal\/\",\"name\":\"Sensibilidade vaginal - Multi-Gyn\",\"isPartOf\":{\"@id\":\"https:\/\/multi-gyn.com\/pt\/#website\"},\"datePublished\":\"2022-12-08T08:59:03+00:00\",\"dateModified\":\"2025-04-28T09:43:26+00:00\",\"description\":\"Qualquer tipo de sensibilidade ou desconforto na \u00e1rea vaginal pode colocar-nos bastante desconfort\u00e1veis e nervosas, sentindo que algo n\u00e3o est\u00e1 bem. Sensibilidade vaginal manifesta-se como dor ou sensibilidade ao toque na \u00e1rea \u00edntima, especialmente durante as rela\u00e7\u00f5es sexuais.\",\"breadcrumb\":{\"@id\":\"https:\/\/multi-gyn.com\/pt\/saude-vaginal\/desconfortos\/sensibilidade-vaginal\/#breadcrumb\"},\"inLanguage\":\"pt-PT\",\"potentialAction\":[{\"@type\":\"ReadAction\",\"target\":[\"https:\/\/multi-gyn.com\/pt\/saude-vaginal\/desconfortos\/sensibilidade-vaginal\/\"]}]},{\"@type\":\"BreadcrumbList\",\"@id\":\"https:\/\/multi-gyn.com\/pt\/saude-vaginal\/desconfortos\/sensibilidade-vaginal\/#breadcrumb\",\"itemListElement\":[{\"@type\":\"ListItem\",\"position\":1,\"name\":\"Home\",\"item\":\"https:\/\/multi-gyn.com\/pt\/\"},{\"@type\":\"ListItem\",\"position\":2,\"name\":\"Sa\u00fade vaginal\",\"item\":\"https:\/\/multi-gyn.com\/pt\/saude-vaginal\/\"},{\"@type\":\"ListItem\",\"position\":3,\"name\":\"\u00a0Desconfortos\",\"item\":\"https:\/\/multi-gyn.com\/pt\/saude-vaginal\/desconfortos\/\"},{\"@type\":\"ListItem\",\"position\":4,\"name\":\"Sensibilidade vaginal\"}]},{\"@type\":\"WebSite\",\"@id\":\"https:\/\/multi-gyn.com\/pt\/#website\",\"url\":\"https:\/\/multi-gyn.com\/pt\/\",\"name\":\"Multi-Gyn\",\"description\":\"\",\"publisher\":{\"@id\":\"https:\/\/multi-gyn.com\/pt\/#organization\"},\"potentialAction\":[{\"@type\":\"SearchAction\",\"target\":{\"@type\":\"EntryPoint\",\"urlTemplate\":\"https:\/\/multi-gyn.com\/pt\/?s={search_term_string}\"},\"query-input\":{\"@type\":\"PropertyValueSpecification\",\"valueRequired\":true,\"valueName\":\"search_term_string\"}}],\"inLanguage\":\"pt-PT\"},{\"@type\":\"Organization\",\"@id\":\"https:\/\/multi-gyn.com\/pt\/#organization\",\"name\":\"Multi-Gyn\",\"url\":\"https:\/\/multi-gyn.com\/pt\/\",\"logo\":{\"@type\":\"ImageObject\",\"inLanguage\":\"pt-PT\",\"@id\":\"https:\/\/multi-gyn.com\/pt\/#\/schema\/logo\/image\/\",\"url\":\"https:\/\/multi-gyn.com\/app\/uploads\/sites\/34\/2022\/11\/multi-gyn-logo.png\",\"contentUrl\":\"https:\/\/multi-gyn.com\/app\/uploads\/sites\/34\/2022\/11\/multi-gyn-logo.png\",\"width\":149,\"height\":32,\"caption\":\"Multi-Gyn\"},\"image\":{\"@id\":\"https:\/\/multi-gyn.com\/pt\/#\/schema\/logo\/image\/\"}}]}<\/script>\n<!-- \/ Yoast SEO plugin. -->","yoast_head_json":{"title":"Sensibilidade vaginal - Multi-Gyn","description":"Qualquer tipo de sensibilidade ou desconforto na \u00e1rea vaginal pode colocar-nos bastante desconfort\u00e1veis e nervosas, sentindo que algo n\u00e3o est\u00e1 bem. Sensibilidade vaginal manifesta-se como dor ou sensibilidade ao toque na \u00e1rea \u00edntima, especialmente durante as rela\u00e7\u00f5es sexuais.","robots":{"index":"index","follow":"follow","max-snippet":"max-snippet:-1","max-image-preview":"max-image-preview:large","max-video-preview":"max-video-preview:-1"},"canonical":"https:\/\/multi-gyn.com\/pt\/saude-vaginal\/desconfortos\/sensibilidade-vaginal\/","og_locale":"pt_PT","og_type":"article","og_title":"Sensibilidade vaginal - Multi-Gyn","og_description":"Qualquer tipo de sensibilidade ou desconforto na \u00e1rea vaginal pode colocar-nos bastante desconfort\u00e1veis e nervosas, sentindo que algo n\u00e3o est\u00e1 bem. Sensibilidade vaginal manifesta-se como dor ou sensibilidade ao toque na \u00e1rea \u00edntima, especialmente durante as rela\u00e7\u00f5es sexuais.","og_url":"https:\/\/multi-gyn.com\/pt\/saude-vaginal\/desconfortos\/sensibilidade-vaginal\/","og_site_name":"Multi-Gyn","article_modified_time":"2025-04-28T09:43:26+00:00","twitter_card":"summary_large_image","twitter_misc":{"Tempo estimado de leitura":"3 minutos"},"schema":{"@context":"https:\/\/schema.org","@graph":[{"@type":"WebPage","@id":"https:\/\/multi-gyn.com\/pt\/saude-vaginal\/desconfortos\/sensibilidade-vaginal\/","url":"https:\/\/multi-gyn.com\/pt\/saude-vaginal\/desconfortos\/sensibilidade-vaginal\/","name":"Sensibilidade vaginal - Multi-Gyn","isPartOf":{"@id":"https:\/\/multi-gyn.com\/pt\/#website"},"datePublished":"2022-12-08T08:59:03+00:00","dateModified":"2025-04-28T09:43:26+00:00","description":"Qualquer tipo de sensibilidade ou desconforto na \u00e1rea vaginal pode colocar-nos bastante desconfort\u00e1veis e nervosas, sentindo que algo n\u00e3o est\u00e1 bem. Sensibilidade vaginal manifesta-se como dor ou sensibilidade ao toque na \u00e1rea \u00edntima, especialmente durante as rela\u00e7\u00f5es sexuais.","breadcrumb":{"@id":"https:\/\/multi-gyn.com\/pt\/saude-vaginal\/desconfortos\/sensibilidade-vaginal\/#breadcrumb"},"inLanguage":"pt-PT","potentialAction":[{"@type":"ReadAction","target":["https:\/\/multi-gyn.com\/pt\/saude-vaginal\/desconfortos\/sensibilidade-vaginal\/"]}]},{"@type":"BreadcrumbList","@id":"https:\/\/multi-gyn.com\/pt\/saude-vaginal\/desconfortos\/sensibilidade-vaginal\/#breadcrumb","itemListElement":[{"@type":"ListItem","position":1,"name":"Home","item":"https:\/\/multi-gyn.com\/pt\/"},{"@type":"ListItem","position":2,"name":"Sa\u00fade vaginal","item":"https:\/\/multi-gyn.com\/pt\/saude-vaginal\/"},{"@type":"ListItem","position":3,"name":"\u00a0Desconfortos","item":"https:\/\/multi-gyn.com\/pt\/saude-vaginal\/desconfortos\/"},{"@type":"ListItem","position":4,"name":"Sensibilidade vaginal"}]},{"@type":"WebSite","@id":"https:\/\/multi-gyn.com\/pt\/#website","url":"https:\/\/multi-gyn.com\/pt\/","name":"Multi-Gyn","description":"","publisher":{"@id":"https:\/\/multi-gyn.com\/pt\/#organization"},"potentialAction":[{"@type":"SearchAction","target":{"@type":"EntryPoint","urlTemplate":"https:\/\/multi-gyn.com\/pt\/?s={search_term_string}"},"query-input":{"@type":"PropertyValueSpecification","valueRequired":true,"valueName":"search_term_string"}}],"inLanguage":"pt-PT"},{"@type":"Organization","@id":"https:\/\/multi-gyn.com\/pt\/#organization","name":"Multi-Gyn","url":"https:\/\/multi-gyn.com\/pt\/","logo":{"@type":"ImageObject","inLanguage":"pt-PT","@id":"https:\/\/multi-gyn.com\/pt\/#\/schema\/logo\/image\/","url":"https:\/\/multi-gyn.com\/app\/uploads\/sites\/34\/2022\/11\/multi-gyn-logo.png","contentUrl":"https:\/\/multi-gyn.com\/app\/uploads\/sites\/34\/2022\/11\/multi-gyn-logo.png","width":149,"height":32,"caption":"Multi-Gyn"},"image":{"@id":"https:\/\/multi-gyn.com\/pt\/#\/schema\/logo\/image\/"}}]}},"_links":{"self":[{"href":"https:\/\/multi-gyn.com\/pt\/wp-json\/wp\/v2\/pages\/445","targetHints":{"allow":["GET"]}}],"collection":[{"href":"https:\/\/multi-gyn.com\/pt\/wp-json\/wp\/v2\/pages"}],"about":[{"href":"https:\/\/multi-gyn.com\/pt\/wp-json\/wp\/v2\/types\/page"}],"author":[{"embeddable":true,"href":"https:\/\/multi-gyn.com\/pt\/wp-json\/wp\/v2\/users\/6"}],"replies":[{"embeddable":true,"href":"https:\/\/multi-gyn.com\/pt\/wp-json\/wp\/v2\/comments?post=445"}],"version-history":[{"count":2,"href":"https:\/\/multi-gyn.com\/pt\/wp-json\/wp\/v2\/pages\/445\/revisions"}],"predecessor-version":[{"id":574,"href":"https:\/\/multi-gyn.com\/pt\/wp-json\/wp\/v2\/pages\/445\/revisions\/574"}],"up":[{"embeddable":true,"href":"https:\/\/multi-gyn.com\/pt\/wp-json\/wp\/v2\/pages\/184"}],"wp:attachment":[{"href":"https:\/\/multi-gyn.com\/pt\/wp-json\/wp\/v2\/media?parent=445"}],"wp:term":[{"taxonomy":"from-article-database","embeddable":true,"href":"https:\/\/multi-gyn.com\/pt\/wp-json\/wp\/v2\/from-article-database?post=445"}],"curies":[{"name":"wp","href":"https:\/\/api.w.org\/{rel}","templated":true}]}}