{"id":462,"date":"2022-12-09T11:52:30","date_gmt":"2022-12-09T11:52:30","guid":{"rendered":"https:\/\/multi-gyn.com\/pt\/?page_id=462"},"modified":"2025-04-28T10:43:24","modified_gmt":"2025-04-28T09:43:24","slug":"como-prevenir-a-vaginose-bacteriana","status":"publish","type":"page","link":"https:\/\/multi-gyn.com\/pt\/saude-vaginal\/prevencao-2\/como-prevenir-a-vaginose-bacteriana\/","title":{"rendered":"Como prevenir a vaginose bacteriana"},"content":{"rendered":"\n<div class=\"wp-block-karopharma-free-text pt-large pb-large bg-center bg-cover bg-no-repeat  is-style-primary\" style=\"background-image:url()\"><div class=\"free-text-wrapper container max-w-medium text-left\">\n<h1 class=\"wp-block-heading\">Como prevenir a vaginose bacteriana<\/h1>\n\n\n\n<p class=\"is-style-paragraph-preamble\">A vaginose bacteriana, ou VB, \u00e9 um desequil\u00edbrio da flora vaginal. Esta \u00e9 uma das infe\u00e7\u00f5es vaginais mais comuns nas mulheres. Existe uma cren\u00e7a generalizada que a vaginose bacteriana \u00e9 uma DST, o que n\u00e3o \u00e9 verdade. VB surge tamb\u00e9m em mulheres que n\u00e3o t\u00eam rela\u00e7\u00f5es sexuais ou que t\u00eam tido rela\u00e7\u00f5es com o mesmo parceiro h\u00e1 anos. Para al\u00e9m disto, a vaginose bacteriana n\u00e3o pode ser transmitida entre parceiros.<\/p>\n<\/div><\/div>\n\n\n\n<div class=\"wp-block-karopharma-free-text pt-large pb-large bg-center bg-cover bg-no-repeat\" style=\"background-image:url()\"><div class=\"free-text-wrapper container max-w-medium text-left\">\n<p>Vaginose bacteriana \u00e9 uma consequ\u00eancia do crescimento excessivo de bact\u00e9rias nocivas. Numa vagina saud\u00e1vel, estas bact\u00e9rias nocivas s\u00e3o mantidas sob controlo atrav\u00e9s do pH vaginal baixo, que \u00e9 criado pelo \u00e1cido l\u00e1ctico produzido pela flora de lactobacilos saud\u00e1veis. Contudo, o pH vaginal pode aumentar (a acidez \u00e9 reduzida), por exemplo pela redu\u00e7\u00e3o dos n\u00fameros de lactobacilos devido \u00e0 toma de antibi\u00f3ticos, ou pela neutraliza\u00e7\u00e3o do esperma alcalino de pH baixo. Nesta situa\u00e7\u00e3o, as bact\u00e9rias nocivas podem ter a oportunidade de crescer e causar queixas vaginais.<\/p>\n\n\n\n<p>Os sintomas mais comuns de VB incluem altera\u00e7\u00f5es no corrimento (pode tornar-se branco ou acinzentado, espumoso), altera\u00e7\u00f5es no odor (id\u00eantico a cheiro a peixe), ardor quando urina, prurido e irrita\u00e7\u00e3o na \u00e1rea vaginal. Alguns destes sintomas assemelham-se a sinais de candid\u00edase, por isso realizar um diagn\u00f3stico correto \u00e9 o priorit\u00e1rio para iniciar um tratamento apropriado.<\/p>\n\n\n\n<p>Contudo, existem alguns passos que pode seguir para ajudar a prevenir vaginose bacteriana.<\/p>\n\n\n\n<h3 class=\"wp-block-heading\">O que pode diminuir o risco de vaginose bacteriana?<\/h3>\n\n\n\n<ul class=\"is-style-default wp-block-list\"><li>Eduque-se \u2013 este artigo \u00e9 o primeiro passo na dire\u00e7\u00e3o certa! \u00c9 muito importante para si conseguir reconhecer os sintomas da vaginose bacteriana e saber quando deve procurar ajuda profissional.<\/li><li>Praticar rela\u00e7\u00f5es sexuais seguras \u2013 limite o n\u00famero de parceiros sexuais e utilize sempre prote\u00e7\u00e3o apropriada quando tiver rela\u00e7\u00f5es.<\/li><li>Evite irrita\u00e7\u00f5es na \u00e1rea vaginal \u2013 isto significa que deve evitar banheiras de hidromassagem e de spas, deve utilizar produtos de lavagem \u00edntima naturais que n\u00e3o contenham sab\u00e3o ou qu\u00edmicos nocivos, pensos higi\u00e9nicos e tamp\u00f5es sem perfumes. Lembre-se de secar a \u00e1rea \u00edntima bem depois de tomar banho, passando levemente com uma toalha limpa e suave.<\/li><li>Escolha roupa de interior de algod\u00e3o em vez de materiais sint\u00e9ticos pois impedem a sua pele de respirar. Isto causa um aumento de temperatura e hidrata\u00e7\u00e3o, o que cria o ambiente perfeito para que as bact\u00e9rias se desenvolvam e reproduzam. Quando poss\u00edvel, durma sem roupa interior.<\/li><li>Escolha roupa de interior de algod\u00e3o em vez de materiais sint\u00e9ticos pois impedem a sua pele de respirar. Isto causa um aumento de temperatura e hidrata\u00e7\u00e3o, o que cria o ambiente perfeito para que as bact\u00e9rias se desenvolvam e reproduzam. Quando poss\u00edvel, durma sem roupa interior.<\/li><\/ul>\n<\/div><\/div>\n","protected":false},"excerpt":{"rendered":"","protected":false},"author":6,"featured_media":0,"parent":179,"menu_order":0,"comment_status":"closed","ping_status":"closed","template":"","meta":{"_acf_changed":false,"footnotes":""},"from-article-database":[],"class_list":["post-462","page","type-page","status-publish","hentry"],"acf":[],"yoast_head":"<!-- This site is optimized with the Yoast SEO plugin v26.6 - https:\/\/yoast.com\/wordpress\/plugins\/seo\/ -->\n<title>Como prevenir a vaginose bacteriana - Multi-Gyn<\/title>\n<meta name=\"description\" content=\"A vaginose bacteriana, ou VB, \u00e9 um desequil\u00edbrio da flora vaginal. Esta \u00e9 uma das infe\u00e7\u00f5es vaginais mais comuns nas mulheres.\" \/>\n<meta name=\"robots\" content=\"index, follow, max-snippet:-1, max-image-preview:large, max-video-preview:-1\" \/>\n<link rel=\"canonical\" href=\"https:\/\/multi-gyn.com\/pt\/saude-vaginal\/prevencao-2\/como-prevenir-a-vaginose-bacteriana\/\" \/>\n<meta property=\"og:locale\" content=\"pt_PT\" \/>\n<meta property=\"og:type\" content=\"article\" \/>\n<meta property=\"og:title\" content=\"Como prevenir a vaginose bacteriana - Multi-Gyn\" \/>\n<meta property=\"og:description\" content=\"A vaginose bacteriana, ou VB, \u00e9 um desequil\u00edbrio da flora vaginal. Esta \u00e9 uma das infe\u00e7\u00f5es vaginais mais comuns nas mulheres.\" \/>\n<meta property=\"og:url\" content=\"https:\/\/multi-gyn.com\/pt\/saude-vaginal\/prevencao-2\/como-prevenir-a-vaginose-bacteriana\/\" \/>\n<meta property=\"og:site_name\" content=\"Multi-Gyn\" \/>\n<meta property=\"article:modified_time\" content=\"2025-04-28T09:43:24+00:00\" \/>\n<meta name=\"twitter:card\" content=\"summary_large_image\" \/>\n<meta name=\"twitter:label1\" content=\"Tempo estimado de leitura\" \/>\n\t<meta name=\"twitter:data1\" content=\"3 minutos\" \/>\n<script type=\"application\/ld+json\" class=\"yoast-schema-graph\">{\"@context\":\"https:\/\/schema.org\",\"@graph\":[{\"@type\":\"WebPage\",\"@id\":\"https:\/\/multi-gyn.com\/pt\/saude-vaginal\/prevencao-2\/como-prevenir-a-vaginose-bacteriana\/\",\"url\":\"https:\/\/multi-gyn.com\/pt\/saude-vaginal\/prevencao-2\/como-prevenir-a-vaginose-bacteriana\/\",\"name\":\"Como prevenir a vaginose bacteriana - Multi-Gyn\",\"isPartOf\":{\"@id\":\"https:\/\/multi-gyn.com\/pt\/#website\"},\"datePublished\":\"2022-12-09T11:52:30+00:00\",\"dateModified\":\"2025-04-28T09:43:24+00:00\",\"description\":\"A vaginose bacteriana, ou VB, \u00e9 um desequil\u00edbrio da flora vaginal. Esta \u00e9 uma das infe\u00e7\u00f5es vaginais mais comuns nas mulheres.\",\"breadcrumb\":{\"@id\":\"https:\/\/multi-gyn.com\/pt\/saude-vaginal\/prevencao-2\/como-prevenir-a-vaginose-bacteriana\/#breadcrumb\"},\"inLanguage\":\"pt-PT\",\"potentialAction\":[{\"@type\":\"ReadAction\",\"target\":[\"https:\/\/multi-gyn.com\/pt\/saude-vaginal\/prevencao-2\/como-prevenir-a-vaginose-bacteriana\/\"]}]},{\"@type\":\"BreadcrumbList\",\"@id\":\"https:\/\/multi-gyn.com\/pt\/saude-vaginal\/prevencao-2\/como-prevenir-a-vaginose-bacteriana\/#breadcrumb\",\"itemListElement\":[{\"@type\":\"ListItem\",\"position\":1,\"name\":\"Home\",\"item\":\"https:\/\/multi-gyn.com\/pt\/\"},{\"@type\":\"ListItem\",\"position\":2,\"name\":\"Sa\u00fade vaginal\",\"item\":\"https:\/\/multi-gyn.com\/pt\/saude-vaginal\/\"},{\"@type\":\"ListItem\",\"position\":3,\"name\":\"\u00a0Preven\u00e7\u00e3o\",\"item\":\"https:\/\/multi-gyn.com\/pt\/saude-vaginal\/prevencao-2\/\"},{\"@type\":\"ListItem\",\"position\":4,\"name\":\"Como prevenir a vaginose bacteriana\"}]},{\"@type\":\"WebSite\",\"@id\":\"https:\/\/multi-gyn.com\/pt\/#website\",\"url\":\"https:\/\/multi-gyn.com\/pt\/\",\"name\":\"Multi-Gyn\",\"description\":\"\",\"publisher\":{\"@id\":\"https:\/\/multi-gyn.com\/pt\/#organization\"},\"potentialAction\":[{\"@type\":\"SearchAction\",\"target\":{\"@type\":\"EntryPoint\",\"urlTemplate\":\"https:\/\/multi-gyn.com\/pt\/?s={search_term_string}\"},\"query-input\":{\"@type\":\"PropertyValueSpecification\",\"valueRequired\":true,\"valueName\":\"search_term_string\"}}],\"inLanguage\":\"pt-PT\"},{\"@type\":\"Organization\",\"@id\":\"https:\/\/multi-gyn.com\/pt\/#organization\",\"name\":\"Multi-Gyn\",\"url\":\"https:\/\/multi-gyn.com\/pt\/\",\"logo\":{\"@type\":\"ImageObject\",\"inLanguage\":\"pt-PT\",\"@id\":\"https:\/\/multi-gyn.com\/pt\/#\/schema\/logo\/image\/\",\"url\":\"https:\/\/multi-gyn.com\/app\/uploads\/sites\/34\/2022\/11\/multi-gyn-logo.png\",\"contentUrl\":\"https:\/\/multi-gyn.com\/app\/uploads\/sites\/34\/2022\/11\/multi-gyn-logo.png\",\"width\":149,\"height\":32,\"caption\":\"Multi-Gyn\"},\"image\":{\"@id\":\"https:\/\/multi-gyn.com\/pt\/#\/schema\/logo\/image\/\"}}]}<\/script>\n<!-- \/ Yoast SEO plugin. -->","yoast_head_json":{"title":"Como prevenir a vaginose bacteriana - Multi-Gyn","description":"A vaginose bacteriana, ou VB, \u00e9 um desequil\u00edbrio da flora vaginal. Esta \u00e9 uma das infe\u00e7\u00f5es vaginais mais comuns nas mulheres.","robots":{"index":"index","follow":"follow","max-snippet":"max-snippet:-1","max-image-preview":"max-image-preview:large","max-video-preview":"max-video-preview:-1"},"canonical":"https:\/\/multi-gyn.com\/pt\/saude-vaginal\/prevencao-2\/como-prevenir-a-vaginose-bacteriana\/","og_locale":"pt_PT","og_type":"article","og_title":"Como prevenir a vaginose bacteriana - Multi-Gyn","og_description":"A vaginose bacteriana, ou VB, \u00e9 um desequil\u00edbrio da flora vaginal. Esta \u00e9 uma das infe\u00e7\u00f5es vaginais mais comuns nas mulheres.","og_url":"https:\/\/multi-gyn.com\/pt\/saude-vaginal\/prevencao-2\/como-prevenir-a-vaginose-bacteriana\/","og_site_name":"Multi-Gyn","article_modified_time":"2025-04-28T09:43:24+00:00","twitter_card":"summary_large_image","twitter_misc":{"Tempo estimado de leitura":"3 minutos"},"schema":{"@context":"https:\/\/schema.org","@graph":[{"@type":"WebPage","@id":"https:\/\/multi-gyn.com\/pt\/saude-vaginal\/prevencao-2\/como-prevenir-a-vaginose-bacteriana\/","url":"https:\/\/multi-gyn.com\/pt\/saude-vaginal\/prevencao-2\/como-prevenir-a-vaginose-bacteriana\/","name":"Como prevenir a vaginose bacteriana - Multi-Gyn","isPartOf":{"@id":"https:\/\/multi-gyn.com\/pt\/#website"},"datePublished":"2022-12-09T11:52:30+00:00","dateModified":"2025-04-28T09:43:24+00:00","description":"A vaginose bacteriana, ou VB, \u00e9 um desequil\u00edbrio da flora vaginal. Esta \u00e9 uma das infe\u00e7\u00f5es vaginais mais comuns nas mulheres.","breadcrumb":{"@id":"https:\/\/multi-gyn.com\/pt\/saude-vaginal\/prevencao-2\/como-prevenir-a-vaginose-bacteriana\/#breadcrumb"},"inLanguage":"pt-PT","potentialAction":[{"@type":"ReadAction","target":["https:\/\/multi-gyn.com\/pt\/saude-vaginal\/prevencao-2\/como-prevenir-a-vaginose-bacteriana\/"]}]},{"@type":"BreadcrumbList","@id":"https:\/\/multi-gyn.com\/pt\/saude-vaginal\/prevencao-2\/como-prevenir-a-vaginose-bacteriana\/#breadcrumb","itemListElement":[{"@type":"ListItem","position":1,"name":"Home","item":"https:\/\/multi-gyn.com\/pt\/"},{"@type":"ListItem","position":2,"name":"Sa\u00fade vaginal","item":"https:\/\/multi-gyn.com\/pt\/saude-vaginal\/"},{"@type":"ListItem","position":3,"name":"\u00a0Preven\u00e7\u00e3o","item":"https:\/\/multi-gyn.com\/pt\/saude-vaginal\/prevencao-2\/"},{"@type":"ListItem","position":4,"name":"Como prevenir a vaginose bacteriana"}]},{"@type":"WebSite","@id":"https:\/\/multi-gyn.com\/pt\/#website","url":"https:\/\/multi-gyn.com\/pt\/","name":"Multi-Gyn","description":"","publisher":{"@id":"https:\/\/multi-gyn.com\/pt\/#organization"},"potentialAction":[{"@type":"SearchAction","target":{"@type":"EntryPoint","urlTemplate":"https:\/\/multi-gyn.com\/pt\/?s={search_term_string}"},"query-input":{"@type":"PropertyValueSpecification","valueRequired":true,"valueName":"search_term_string"}}],"inLanguage":"pt-PT"},{"@type":"Organization","@id":"https:\/\/multi-gyn.com\/pt\/#organization","name":"Multi-Gyn","url":"https:\/\/multi-gyn.com\/pt\/","logo":{"@type":"ImageObject","inLanguage":"pt-PT","@id":"https:\/\/multi-gyn.com\/pt\/#\/schema\/logo\/image\/","url":"https:\/\/multi-gyn.com\/app\/uploads\/sites\/34\/2022\/11\/multi-gyn-logo.png","contentUrl":"https:\/\/multi-gyn.com\/app\/uploads\/sites\/34\/2022\/11\/multi-gyn-logo.png","width":149,"height":32,"caption":"Multi-Gyn"},"image":{"@id":"https:\/\/multi-gyn.com\/pt\/#\/schema\/logo\/image\/"}}]}},"_links":{"self":[{"href":"https:\/\/multi-gyn.com\/pt\/wp-json\/wp\/v2\/pages\/462","targetHints":{"allow":["GET"]}}],"collection":[{"href":"https:\/\/multi-gyn.com\/pt\/wp-json\/wp\/v2\/pages"}],"about":[{"href":"https:\/\/multi-gyn.com\/pt\/wp-json\/wp\/v2\/types\/page"}],"author":[{"embeddable":true,"href":"https:\/\/multi-gyn.com\/pt\/wp-json\/wp\/v2\/users\/6"}],"replies":[{"embeddable":true,"href":"https:\/\/multi-gyn.com\/pt\/wp-json\/wp\/v2\/comments?post=462"}],"version-history":[{"count":1,"href":"https:\/\/multi-gyn.com\/pt\/wp-json\/wp\/v2\/pages\/462\/revisions"}],"predecessor-version":[{"id":464,"href":"https:\/\/multi-gyn.com\/pt\/wp-json\/wp\/v2\/pages\/462\/revisions\/464"}],"up":[{"embeddable":true,"href":"https:\/\/multi-gyn.com\/pt\/wp-json\/wp\/v2\/pages\/179"}],"wp:attachment":[{"href":"https:\/\/multi-gyn.com\/pt\/wp-json\/wp\/v2\/media?parent=462"}],"wp:term":[{"taxonomy":"from-article-database","embeddable":true,"href":"https:\/\/multi-gyn.com\/pt\/wp-json\/wp\/v2\/from-article-database?post=462"}],"curies":[{"name":"wp","href":"https:\/\/api.w.org\/{rel}","templated":true}]}}