{"id":466,"date":"2022-12-09T12:20:47","date_gmt":"2022-12-09T12:20:47","guid":{"rendered":"https:\/\/multi-gyn.com\/pt\/?page_id=466"},"modified":"2025-04-28T10:43:22","modified_gmt":"2025-04-28T09:43:22","slug":"como-tratar-a-vaginose-bacteriana","status":"publish","type":"page","link":"https:\/\/multi-gyn.com\/pt\/saude-vaginal\/prevencao-2\/como-tratar-a-vaginose-bacteriana\/","title":{"rendered":"Como tratar a vaginose bacteriana"},"content":{"rendered":"\n<div class=\"wp-block-karopharma-free-text pt-large pb-large bg-center bg-cover bg-no-repeat  is-style-primary\" style=\"background-image:url()\"><div class=\"free-text-wrapper container max-w-medium text-left\">\n<h1 class=\"wp-block-heading\">Como tratar a vaginose bacteriana<\/h1>\n\n\n\n<p class=\"is-style-paragraph-preamble\">Vaginose bacteriana ou VB \u00e9 umas das causas de corrimento vaginal e odor que faz com que as mulheres procurem ajuda m\u00e9dica. Este problema surge devido a um desequil\u00edbrio da flora vaginal, que resulta num crescimento excessivo de bact\u00e9rias nocivas. Para al\u00e9m de sintomas desconfort\u00e1veis, se a VB n\u00e3o for tratada, pode aumentar o risco de contrair DST\u2019s, como HIV ou Herpes. Aumenta tamb\u00e9m o risco de aborto ou parto prematuro, e mulheres com VB s\u00e3o mais suscet\u00edveis a infe\u00e7\u00f5es ap\u00f3s cirurgias na zona p\u00e9lvica como cesarianas ou histerectomias. Estas s\u00e3o algumas raz\u00f5es de ser t\u00e3o importante tratar a vaginose bacteriana com medica\u00e7\u00e3o apropriada antes que surja alguma complica\u00e7\u00e3o.<\/p>\n<\/div><\/div>\n\n\n\n<div class=\"wp-block-karopharma-free-text pt-large pb-large bg-center bg-cover bg-no-repeat\" style=\"background-image:url()\"><div class=\"free-text-wrapper container max-w-medium text-left\">\n<h2 class=\"is-style-heading-h2 wp-block-heading\">Como \u00e9 diagnosticada a VB?<\/h2>\n\n\n\n<p>N\u00e3o ser\u00e1 necess\u00e1rio relembrar que se verificar altera\u00e7\u00f5es no corrimento, odor a peixe, prurido, ardor ou outro desconforto vaginal, deve consultar o seu m\u00e9dico se o problema persistir. N\u00e3o seja t\u00edmida \u2013 quanto mais informa\u00e7\u00e3o der ao seu m\u00e9dico, mais f\u00e1cil ser\u00e1 para diagnosticar o problema corretamente.<\/p>\n\n\n\n<p>O seu m\u00e9dico poder\u00e1 realizar um exame p\u00e9lvico, onde ir\u00e1 visualizar e inspecionar a sua vagina e colo do \u00fatero. Ele tamb\u00e9m poder\u00e1 retirar amostras das suas paredes vaginais (com um cotonete) para analisar ao microsc\u00f3pio sinais de certas infe\u00e7\u00f5es. Este procedimento n\u00e3o \u00e9 doloroso, mas poder\u00e1 ser desconfort\u00e1vel, por isso assegure-se que respira e relaxa o mais poss\u00edvel.<\/p>\n\n\n\n<p>Outro teste que o seu m\u00e9dico poder\u00e1 realizar \u00e9 intitulado de teste de cheiro \u2013 \u00e9 misturado uma gota de hidr\u00f3xido de pot\u00e1ssio com a amostra da parede vaginal. Em caso de infe\u00e7\u00e3o bacteriana (vaginose bacteriana), \u00e9 libertado um odor a peixe, confirmando o diagn\u00f3stico. Outro sinal que pode confirmar o diagn\u00f3stico \u00e9 o valor do pH vaginal acima de 4.5.<\/p>\n\n\n\n<h2 class=\"is-style-heading-h2 wp-block-heading\">Tratamento de vaginose bacteriana<\/h2>\n\n\n\n<p>Cerca de 30% das infe\u00e7\u00f5es resolvem-se por si s\u00f3, devido aos nossos mecanismos de defesa. Contudo, se os sintomas que mencion\u00e1mos n\u00e3o desaparecerem em alguns dias, \u00e9 necess\u00e1rio uma terapia espec\u00edfica, especialmente durante a gravidez. Apesar de existirem medicamentos n\u00e3o-antibi\u00f3ticos, o seu m\u00e9dico ir\u00e1 provavelmente prescrever antibi\u00f3ticos para tratar a VB.<\/p>\n\n\n\n<p>Os antibi\u00f3ticos mais comuns s\u00e3o:<\/p>\n\n\n\n<ul class=\"is-style-default wp-block-list\"><li>Metonidazole* comprimidos ou gel vaginal<\/li><li>Clindamicina** comprimidos, creme vaginal ou suposit\u00f3rios vaginaisLeak stool (fecal incontinence)<\/li><li>Tinidazol* comprimidos<\/li><\/ul>\n\n\n\n<p>*Evite consumir \u00e1lcool durante o tratamento com antibi\u00f3ticos, e a longo das 24 horas ap\u00f3s o \u00faltimo comprimido para prevenir n\u00e1useas ou dores abdominais.<\/p>\n\n\n\n<p>**Clindamicina em creme e suposit\u00f3rios vaginais podem fragilizar preservativos de l\u00e1tex ou diafragmas at\u00e9 5 dias ap\u00f3s o uso.<\/p>\n\n\n\n<p>Para al\u00e9m dos efeitos secund\u00e1rios indicados, os antibi\u00f3ticos podem perturbar a flora vaginal ben\u00e9fica, que poder\u00e1 levar a infe\u00e7\u00f5es f\u00fangicas (candid\u00edase) ou recorr\u00eancias de VB. Equilibre a sua flora vaginal saud\u00e1vel (lactobacilos) durante e ap\u00f3s, terminar o tratamento de antibi\u00f3ticos, usando pr\u00e9bioticos que estimulem o crescimento das bact\u00e9rias saud\u00e1veis e mantenham a sua sa\u00fade vaginal equilibrada.<\/p>\n\n\n\n<p>A alternativa aos antibi\u00f3ticos \u00e9 utilizar produtos naturais que restaurem o pH da vagina, tenham efeitos secund\u00e1rios praticamente inexistentes, e permitam que as bact\u00e9rias saud\u00e1veis equilibrem a flora vaginal.<\/p>\n<\/div><\/div>\n","protected":false},"excerpt":{"rendered":"","protected":false},"author":6,"featured_media":0,"parent":179,"menu_order":0,"comment_status":"closed","ping_status":"closed","template":"","meta":{"_acf_changed":false,"footnotes":""},"from-article-database":[],"class_list":["post-466","page","type-page","status-publish","hentry"],"acf":[],"yoast_head":"<!-- This site is optimized with the Yoast SEO plugin v26.6 - https:\/\/yoast.com\/wordpress\/plugins\/seo\/ -->\n<title>Como tratar a vaginose bacteriana - Multi-Gyn<\/title>\n<meta name=\"description\" content=\"Vaginose bacteriana ou VB \u00e9 umas das causas de corrimento vaginal e odor que faz com que as mulheres procurem ajuda m\u00e9dica.\" \/>\n<meta name=\"robots\" content=\"index, follow, max-snippet:-1, max-image-preview:large, max-video-preview:-1\" \/>\n<link rel=\"canonical\" href=\"https:\/\/multi-gyn.com\/pt\/saude-vaginal\/prevencao-2\/como-tratar-a-vaginose-bacteriana\/\" \/>\n<meta property=\"og:locale\" content=\"pt_PT\" \/>\n<meta property=\"og:type\" content=\"article\" \/>\n<meta property=\"og:title\" content=\"Como tratar a vaginose bacteriana - Multi-Gyn\" \/>\n<meta property=\"og:description\" content=\"Vaginose bacteriana ou VB \u00e9 umas das causas de corrimento vaginal e odor que faz com que as mulheres procurem ajuda m\u00e9dica.\" \/>\n<meta property=\"og:url\" content=\"https:\/\/multi-gyn.com\/pt\/saude-vaginal\/prevencao-2\/como-tratar-a-vaginose-bacteriana\/\" \/>\n<meta property=\"og:site_name\" content=\"Multi-Gyn\" \/>\n<meta property=\"article:modified_time\" content=\"2025-04-28T09:43:22+00:00\" \/>\n<meta name=\"twitter:card\" content=\"summary_large_image\" \/>\n<meta name=\"twitter:label1\" content=\"Tempo estimado de leitura\" \/>\n\t<meta name=\"twitter:data1\" content=\"3 minutos\" \/>\n<script type=\"application\/ld+json\" class=\"yoast-schema-graph\">{\"@context\":\"https:\/\/schema.org\",\"@graph\":[{\"@type\":\"WebPage\",\"@id\":\"https:\/\/multi-gyn.com\/pt\/saude-vaginal\/prevencao-2\/como-tratar-a-vaginose-bacteriana\/\",\"url\":\"https:\/\/multi-gyn.com\/pt\/saude-vaginal\/prevencao-2\/como-tratar-a-vaginose-bacteriana\/\",\"name\":\"Como tratar a vaginose bacteriana - Multi-Gyn\",\"isPartOf\":{\"@id\":\"https:\/\/multi-gyn.com\/pt\/#website\"},\"datePublished\":\"2022-12-09T12:20:47+00:00\",\"dateModified\":\"2025-04-28T09:43:22+00:00\",\"description\":\"Vaginose bacteriana ou VB \u00e9 umas das causas de corrimento vaginal e odor que faz com que as mulheres procurem ajuda m\u00e9dica.\",\"breadcrumb\":{\"@id\":\"https:\/\/multi-gyn.com\/pt\/saude-vaginal\/prevencao-2\/como-tratar-a-vaginose-bacteriana\/#breadcrumb\"},\"inLanguage\":\"pt-PT\",\"potentialAction\":[{\"@type\":\"ReadAction\",\"target\":[\"https:\/\/multi-gyn.com\/pt\/saude-vaginal\/prevencao-2\/como-tratar-a-vaginose-bacteriana\/\"]}]},{\"@type\":\"BreadcrumbList\",\"@id\":\"https:\/\/multi-gyn.com\/pt\/saude-vaginal\/prevencao-2\/como-tratar-a-vaginose-bacteriana\/#breadcrumb\",\"itemListElement\":[{\"@type\":\"ListItem\",\"position\":1,\"name\":\"Home\",\"item\":\"https:\/\/multi-gyn.com\/pt\/\"},{\"@type\":\"ListItem\",\"position\":2,\"name\":\"Sa\u00fade vaginal\",\"item\":\"https:\/\/multi-gyn.com\/pt\/saude-vaginal\/\"},{\"@type\":\"ListItem\",\"position\":3,\"name\":\"\u00a0Preven\u00e7\u00e3o\",\"item\":\"https:\/\/multi-gyn.com\/pt\/saude-vaginal\/prevencao-2\/\"},{\"@type\":\"ListItem\",\"position\":4,\"name\":\"Como tratar a vaginose bacteriana\"}]},{\"@type\":\"WebSite\",\"@id\":\"https:\/\/multi-gyn.com\/pt\/#website\",\"url\":\"https:\/\/multi-gyn.com\/pt\/\",\"name\":\"Multi-Gyn\",\"description\":\"\",\"publisher\":{\"@id\":\"https:\/\/multi-gyn.com\/pt\/#organization\"},\"potentialAction\":[{\"@type\":\"SearchAction\",\"target\":{\"@type\":\"EntryPoint\",\"urlTemplate\":\"https:\/\/multi-gyn.com\/pt\/?s={search_term_string}\"},\"query-input\":{\"@type\":\"PropertyValueSpecification\",\"valueRequired\":true,\"valueName\":\"search_term_string\"}}],\"inLanguage\":\"pt-PT\"},{\"@type\":\"Organization\",\"@id\":\"https:\/\/multi-gyn.com\/pt\/#organization\",\"name\":\"Multi-Gyn\",\"url\":\"https:\/\/multi-gyn.com\/pt\/\",\"logo\":{\"@type\":\"ImageObject\",\"inLanguage\":\"pt-PT\",\"@id\":\"https:\/\/multi-gyn.com\/pt\/#\/schema\/logo\/image\/\",\"url\":\"https:\/\/multi-gyn.com\/app\/uploads\/sites\/34\/2022\/11\/multi-gyn-logo.png\",\"contentUrl\":\"https:\/\/multi-gyn.com\/app\/uploads\/sites\/34\/2022\/11\/multi-gyn-logo.png\",\"width\":149,\"height\":32,\"caption\":\"Multi-Gyn\"},\"image\":{\"@id\":\"https:\/\/multi-gyn.com\/pt\/#\/schema\/logo\/image\/\"}}]}<\/script>\n<!-- \/ Yoast SEO plugin. -->","yoast_head_json":{"title":"Como tratar a vaginose bacteriana - Multi-Gyn","description":"Vaginose bacteriana ou VB \u00e9 umas das causas de corrimento vaginal e odor que faz com que as mulheres procurem ajuda m\u00e9dica.","robots":{"index":"index","follow":"follow","max-snippet":"max-snippet:-1","max-image-preview":"max-image-preview:large","max-video-preview":"max-video-preview:-1"},"canonical":"https:\/\/multi-gyn.com\/pt\/saude-vaginal\/prevencao-2\/como-tratar-a-vaginose-bacteriana\/","og_locale":"pt_PT","og_type":"article","og_title":"Como tratar a vaginose bacteriana - Multi-Gyn","og_description":"Vaginose bacteriana ou VB \u00e9 umas das causas de corrimento vaginal e odor que faz com que as mulheres procurem ajuda m\u00e9dica.","og_url":"https:\/\/multi-gyn.com\/pt\/saude-vaginal\/prevencao-2\/como-tratar-a-vaginose-bacteriana\/","og_site_name":"Multi-Gyn","article_modified_time":"2025-04-28T09:43:22+00:00","twitter_card":"summary_large_image","twitter_misc":{"Tempo estimado de leitura":"3 minutos"},"schema":{"@context":"https:\/\/schema.org","@graph":[{"@type":"WebPage","@id":"https:\/\/multi-gyn.com\/pt\/saude-vaginal\/prevencao-2\/como-tratar-a-vaginose-bacteriana\/","url":"https:\/\/multi-gyn.com\/pt\/saude-vaginal\/prevencao-2\/como-tratar-a-vaginose-bacteriana\/","name":"Como tratar a vaginose bacteriana - Multi-Gyn","isPartOf":{"@id":"https:\/\/multi-gyn.com\/pt\/#website"},"datePublished":"2022-12-09T12:20:47+00:00","dateModified":"2025-04-28T09:43:22+00:00","description":"Vaginose bacteriana ou VB \u00e9 umas das causas de corrimento vaginal e odor que faz com que as mulheres procurem ajuda m\u00e9dica.","breadcrumb":{"@id":"https:\/\/multi-gyn.com\/pt\/saude-vaginal\/prevencao-2\/como-tratar-a-vaginose-bacteriana\/#breadcrumb"},"inLanguage":"pt-PT","potentialAction":[{"@type":"ReadAction","target":["https:\/\/multi-gyn.com\/pt\/saude-vaginal\/prevencao-2\/como-tratar-a-vaginose-bacteriana\/"]}]},{"@type":"BreadcrumbList","@id":"https:\/\/multi-gyn.com\/pt\/saude-vaginal\/prevencao-2\/como-tratar-a-vaginose-bacteriana\/#breadcrumb","itemListElement":[{"@type":"ListItem","position":1,"name":"Home","item":"https:\/\/multi-gyn.com\/pt\/"},{"@type":"ListItem","position":2,"name":"Sa\u00fade vaginal","item":"https:\/\/multi-gyn.com\/pt\/saude-vaginal\/"},{"@type":"ListItem","position":3,"name":"\u00a0Preven\u00e7\u00e3o","item":"https:\/\/multi-gyn.com\/pt\/saude-vaginal\/prevencao-2\/"},{"@type":"ListItem","position":4,"name":"Como tratar a vaginose bacteriana"}]},{"@type":"WebSite","@id":"https:\/\/multi-gyn.com\/pt\/#website","url":"https:\/\/multi-gyn.com\/pt\/","name":"Multi-Gyn","description":"","publisher":{"@id":"https:\/\/multi-gyn.com\/pt\/#organization"},"potentialAction":[{"@type":"SearchAction","target":{"@type":"EntryPoint","urlTemplate":"https:\/\/multi-gyn.com\/pt\/?s={search_term_string}"},"query-input":{"@type":"PropertyValueSpecification","valueRequired":true,"valueName":"search_term_string"}}],"inLanguage":"pt-PT"},{"@type":"Organization","@id":"https:\/\/multi-gyn.com\/pt\/#organization","name":"Multi-Gyn","url":"https:\/\/multi-gyn.com\/pt\/","logo":{"@type":"ImageObject","inLanguage":"pt-PT","@id":"https:\/\/multi-gyn.com\/pt\/#\/schema\/logo\/image\/","url":"https:\/\/multi-gyn.com\/app\/uploads\/sites\/34\/2022\/11\/multi-gyn-logo.png","contentUrl":"https:\/\/multi-gyn.com\/app\/uploads\/sites\/34\/2022\/11\/multi-gyn-logo.png","width":149,"height":32,"caption":"Multi-Gyn"},"image":{"@id":"https:\/\/multi-gyn.com\/pt\/#\/schema\/logo\/image\/"}}]}},"_links":{"self":[{"href":"https:\/\/multi-gyn.com\/pt\/wp-json\/wp\/v2\/pages\/466","targetHints":{"allow":["GET"]}}],"collection":[{"href":"https:\/\/multi-gyn.com\/pt\/wp-json\/wp\/v2\/pages"}],"about":[{"href":"https:\/\/multi-gyn.com\/pt\/wp-json\/wp\/v2\/types\/page"}],"author":[{"embeddable":true,"href":"https:\/\/multi-gyn.com\/pt\/wp-json\/wp\/v2\/users\/6"}],"replies":[{"embeddable":true,"href":"https:\/\/multi-gyn.com\/pt\/wp-json\/wp\/v2\/comments?post=466"}],"version-history":[{"count":2,"href":"https:\/\/multi-gyn.com\/pt\/wp-json\/wp\/v2\/pages\/466\/revisions"}],"predecessor-version":[{"id":661,"href":"https:\/\/multi-gyn.com\/pt\/wp-json\/wp\/v2\/pages\/466\/revisions\/661"}],"up":[{"embeddable":true,"href":"https:\/\/multi-gyn.com\/pt\/wp-json\/wp\/v2\/pages\/179"}],"wp:attachment":[{"href":"https:\/\/multi-gyn.com\/pt\/wp-json\/wp\/v2\/media?parent=466"}],"wp:term":[{"taxonomy":"from-article-database","embeddable":true,"href":"https:\/\/multi-gyn.com\/pt\/wp-json\/wp\/v2\/from-article-database?post=466"}],"curies":[{"name":"wp","href":"https:\/\/api.w.org\/{rel}","templated":true}]}}