{"id":469,"date":"2022-12-09T12:26:58","date_gmt":"2022-12-09T12:26:58","guid":{"rendered":"https:\/\/multi-gyn.com\/pt\/?page_id=469"},"modified":"2025-04-28T10:43:20","modified_gmt":"2025-04-28T09:43:20","slug":"infecoes-vaginais-causas-sintomas-e-tratamento-2","status":"publish","type":"page","link":"https:\/\/multi-gyn.com\/pt\/saude-vaginal\/prevencao-2\/infecoes-vaginais-causas-sintomas-e-tratamento-2\/","title":{"rendered":"Infe\u00e7\u00f5es vaginais: causas, sintomas e tratamento"},"content":{"rendered":"\n<div class=\"wp-block-karopharma-free-text pt-large pb-large bg-center bg-cover bg-no-repeat  is-style-primary\" style=\"background-image:url()\"><div class=\"free-text-wrapper container max-w-medium text-left\">\n<h1 class=\"wp-block-heading\">Infe\u00e7\u00f5es vaginais: causas, sintomas e tratamento<\/h1>\n\n\n\n<p class=\"is-style-paragraph-preamble\">Sabia que quase todas as mulheres ir\u00e3o sofrer de algum desconforto vaginal em algum momento das suas vidas? Se est\u00e1 neste momento a experienciar prurido, corrimento excessivo ou vermelhid\u00e3o; n\u00e3o se preocupe, n\u00e3o est\u00e1 sozinha.<\/p>\n\n\n\n<p>Infe\u00e7\u00f5es s\u00e3o a causa principal dos desconfortos vaginais. As mais comuns s\u00e3o a vaginose bacteriana e a infe\u00e7\u00e3o vaginal f\u00fangica, tamb\u00e9m conhecida como c\u00e2ndida ou candid\u00edase. Se n\u00e3o sabe que infe\u00e7\u00e3o causa os seus desconfortos ou gostava de saber mais sobre o tratamento, leia aqui!<\/p>\n<\/div><\/div>\n\n\n\n<div class=\"wp-block-karopharma-free-text pt-large pb-large bg-center bg-cover bg-no-repeat\" style=\"background-image:url()\"><div class=\"free-text-wrapper container max-w-medium text-left\">\n<h2 class=\"is-style-heading-h2 wp-block-heading\"><strong>Vaginose bacteriana<\/strong> <\/h2>\n\n\n\n<p>Vaginose bacteriana (VB) desenvolve-se quando existe um dist\u00farbio do equil\u00edbrio natural da vagina. Normalmente, os lactobacilos saud\u00e1veis s\u00e3o a bact\u00e9ria dominante na vagina, mas se a VB se desenvolve, outras bact\u00e9rias indesejadas come\u00e7am a desenvolver-se mais que os lactobacilos.<\/p>\n\n\n\n<p>Os sintomas da vaginose bacteriana podem incluir:<\/p>\n\n\n\n<ul class=\"is-style-default wp-block-list\"><li>Mau odor id\u00eantico a cheiro a peixe intenso (intensifica ap\u00f3s rela\u00e7\u00f5es sexuais)<\/li><li>Corrimento l\u00edquido, branco acinzentado<\/li><li>Ardor vaginal (intensifica quando urina)<\/li><li>Prurido vaginal<\/li><\/ul>\n\n\n\n<h2 class=\"is-style-heading-h3 wp-block-heading\">O que causa a vaginose bacteriana?<\/h2>\n\n\n\n<p>A causa de dist\u00farbios na flora vaginal n\u00e3o \u00e9 exatamente conhecida. Existem alguns fatores que podem aumentar o risco de desenvolver vaginose bacteriana; ser sexualmente ativa \u00e9 um deles.<\/p>\n\n\n\n<p>Se tem rela\u00e7\u00f5es sexuais n\u00e3o protegidas, o pH vaginal \u00e1cido aumenta temporariamente devido ao esperma que \u00e9 alcalino. Isto n\u00e3o \u00e9 necessariamente mau para a vagina, mas o aumento do pH vaginal pode incrementar as hip\u00f3teses de desenvolver vaginose bacteriana.<\/p>\n\n\n\n<h2 class=\"is-style-heading-h3 wp-block-heading\">Preven\u00e7\u00e3o e tratamento<\/h2>\n\n\n\n<p>A toma de antibi\u00f3ticos \u00e9 a forma mais comum de tratamento para a vaginose bacteriana. Antibi\u00f3ticos podem ser eficazes, mas t\u00eam as suas desvantagens e o risco de desenvolver resist\u00eancias. Existem tamb\u00e9m produtos de cuidados \u00edntimos dispon\u00edveis que podem tratar a vaginose bacteriana. Procure por produtos que otimizem a flora vaginal; estes ir\u00e3o tratar a VB e tamb\u00e9m ajudar a prevenir os seus desconfortos.<\/p>\n\n\n\n<p>Don&#8217;t make a habit of using Kegel exercises to start and stop your urine stream. Doing Kegel exercises while emptying your bladder can lead to incomplete emptying of the bladder which increases the risk of a urinary tract infection.<\/p>\n\n\n\n<h2 class=\"is-style-heading-h2 wp-block-heading\">Infe\u00e7\u00e3o vaginal f\u00fangica <\/h2>\n\n\n\n<p>Um infe\u00e7\u00e3o vaginal f\u00fangica, tamb\u00e9m conhecida como c\u00e2ndida ou candid\u00edase, \u00e9 outra causa comum de desconfortos vaginais. \u00c9 provocada por um crescimento excessivo de um fungo, geralmente intitulado de Candida albicans. N\u00e3o \u00e9 totalmente claro o porqu\u00ea, e como \u00e9 que a infe\u00e7\u00e3o vaginal f\u00fangica ocorre, mas os seguintes fatores podem ser respons\u00e1veis:<\/p>\n\n\n\n<ul class=\"is-style-default wp-block-list\"><li>Toma de antibi\u00f3ticos<\/li><li>Utilizar contracetivos orais ou terapias com hormonas<\/li><li>Sistema imunit\u00e1rio fraco<\/li><li>Gravidez<\/li><li>Diabetes<\/li><\/ul>\n\n\n\n<p>Uma infe\u00e7\u00e3o vaginal f\u00fangica (candid\u00edase) pode causar desconfortos como:<\/p>\n\n\n\n<ul class=\"is-style-default wp-block-list\"><li>Prurido<\/li><li>Ardor vaginal (intensifica quando urina e nas rela\u00e7\u00f5es sexuais)<\/li><li>Corrimento espesso esbranqui\u00e7ado (id\u00eantico a requeij\u00e3o)<\/li><li>Irrita\u00e7\u00e3o vaginal<\/li><li>Vermelhid\u00e3o e incha\u00e7o vaginal da \u00e1rea \u00edntima externa<\/li><\/ul>\n\n\n\n<h2 class=\"is-style-heading-h3 wp-block-heading\">Infe\u00e7\u00e3o vaginal f\u00fangica <\/h2>\n\n\n\n<p>Se quiser tratar de uma infe\u00e7\u00e3o vaginal f\u00fangica (candid\u00edase) existem v\u00e1rias op\u00e7\u00f5es. Um dos tratamentos mais comuns \u00e9 a utiliza\u00e7\u00e3o de medica\u00e7\u00e3o antif\u00fangica (antimic\u00f3ticos). Estes podem ser tomados via oral ou inseridos diretamente na vagina. Para a maioria das mulheres este tipo de tratamento \u00e9 bastante eficaz em curto prazo. Por\u00e9m, estes podem causar efeitos secund\u00e1rios como n\u00e1useas, enxaquecas ou v\u00f3mitos. Para a maioria das mulheres, ap\u00f3s poucos meses do tratamento, podem tamb\u00e9m ter recorr\u00eancia dos sintomas da candid\u00edase.<\/p>\n\n\n\n<p>Existem tamb\u00e9m produtos de cuidados \u00edntimos dispon\u00edveis que pode adquirir sem prescri\u00e7\u00e3o m\u00e9dica. Por exemplo, produtos que aliviam os sintomas da infe\u00e7\u00e3o vaginal f\u00fangica (candid\u00edase), mas n\u00e3o causam efeitos secund\u00e1rios. Caso considere adquirir este tipo de produtos, escolha um produto de cuidados \u00edntimos com ingredientes naturais que protegem a sua flora vaginal.<\/p>\n<\/div><\/div>\n","protected":false},"excerpt":{"rendered":"","protected":false},"author":6,"featured_media":0,"parent":179,"menu_order":0,"comment_status":"closed","ping_status":"closed","template":"","meta":{"_acf_changed":false,"footnotes":""},"from-article-database":[],"class_list":["post-469","page","type-page","status-publish","hentry"],"acf":[],"yoast_head":"<!-- This site is optimized with the Yoast SEO plugin v26.6 - https:\/\/yoast.com\/wordpress\/plugins\/seo\/ -->\n<title>Infe\u00e7\u00f5es vaginais: causas, sintomas e tratamento - Multi-Gyn<\/title>\n<meta name=\"description\" content=\"Sabia que quase todas as mulheres ir\u00e3o sofrer de algum desconforto vaginal em algum momento das suas vidas? Se est\u00e1 neste momento a experienciar prurido, corrimento excessivo ou vermelhid\u00e3o; n\u00e3o se preocupe, n\u00e3o est\u00e1 sozinha.\" \/>\n<meta name=\"robots\" content=\"index, follow, max-snippet:-1, max-image-preview:large, max-video-preview:-1\" \/>\n<link rel=\"canonical\" href=\"https:\/\/multi-gyn.com\/pt\/saude-vaginal\/prevencao-2\/infecoes-vaginais-causas-sintomas-e-tratamento-2\/\" \/>\n<meta property=\"og:locale\" content=\"pt_PT\" \/>\n<meta property=\"og:type\" content=\"article\" \/>\n<meta property=\"og:title\" content=\"Infe\u00e7\u00f5es vaginais: causas, sintomas e tratamento - Multi-Gyn\" \/>\n<meta property=\"og:description\" content=\"Sabia que quase todas as mulheres ir\u00e3o sofrer de algum desconforto vaginal em algum momento das suas vidas? Se est\u00e1 neste momento a experienciar prurido, corrimento excessivo ou vermelhid\u00e3o; n\u00e3o se preocupe, n\u00e3o est\u00e1 sozinha.\" \/>\n<meta property=\"og:url\" content=\"https:\/\/multi-gyn.com\/pt\/saude-vaginal\/prevencao-2\/infecoes-vaginais-causas-sintomas-e-tratamento-2\/\" \/>\n<meta property=\"og:site_name\" content=\"Multi-Gyn\" \/>\n<meta property=\"article:modified_time\" content=\"2025-04-28T09:43:20+00:00\" \/>\n<meta name=\"twitter:card\" content=\"summary_large_image\" \/>\n<meta name=\"twitter:label1\" content=\"Tempo estimado de leitura\" \/>\n\t<meta name=\"twitter:data1\" content=\"4 minutos\" \/>\n<script type=\"application\/ld+json\" class=\"yoast-schema-graph\">{\"@context\":\"https:\/\/schema.org\",\"@graph\":[{\"@type\":\"WebPage\",\"@id\":\"https:\/\/multi-gyn.com\/pt\/saude-vaginal\/prevencao-2\/infecoes-vaginais-causas-sintomas-e-tratamento-2\/\",\"url\":\"https:\/\/multi-gyn.com\/pt\/saude-vaginal\/prevencao-2\/infecoes-vaginais-causas-sintomas-e-tratamento-2\/\",\"name\":\"Infe\u00e7\u00f5es vaginais: causas, sintomas e tratamento - Multi-Gyn\",\"isPartOf\":{\"@id\":\"https:\/\/multi-gyn.com\/pt\/#website\"},\"datePublished\":\"2022-12-09T12:26:58+00:00\",\"dateModified\":\"2025-04-28T09:43:20+00:00\",\"description\":\"Sabia que quase todas as mulheres ir\u00e3o sofrer de algum desconforto vaginal em algum momento das suas vidas? Se est\u00e1 neste momento a experienciar prurido, corrimento excessivo ou vermelhid\u00e3o; n\u00e3o se preocupe, n\u00e3o est\u00e1 sozinha.\",\"breadcrumb\":{\"@id\":\"https:\/\/multi-gyn.com\/pt\/saude-vaginal\/prevencao-2\/infecoes-vaginais-causas-sintomas-e-tratamento-2\/#breadcrumb\"},\"inLanguage\":\"pt-PT\",\"potentialAction\":[{\"@type\":\"ReadAction\",\"target\":[\"https:\/\/multi-gyn.com\/pt\/saude-vaginal\/prevencao-2\/infecoes-vaginais-causas-sintomas-e-tratamento-2\/\"]}]},{\"@type\":\"BreadcrumbList\",\"@id\":\"https:\/\/multi-gyn.com\/pt\/saude-vaginal\/prevencao-2\/infecoes-vaginais-causas-sintomas-e-tratamento-2\/#breadcrumb\",\"itemListElement\":[{\"@type\":\"ListItem\",\"position\":1,\"name\":\"Home\",\"item\":\"https:\/\/multi-gyn.com\/pt\/\"},{\"@type\":\"ListItem\",\"position\":2,\"name\":\"Sa\u00fade vaginal\",\"item\":\"https:\/\/multi-gyn.com\/pt\/saude-vaginal\/\"},{\"@type\":\"ListItem\",\"position\":3,\"name\":\"\u00a0Preven\u00e7\u00e3o\",\"item\":\"https:\/\/multi-gyn.com\/pt\/saude-vaginal\/prevencao-2\/\"},{\"@type\":\"ListItem\",\"position\":4,\"name\":\"Infe\u00e7\u00f5es vaginais: causas, sintomas e tratamento\"}]},{\"@type\":\"WebSite\",\"@id\":\"https:\/\/multi-gyn.com\/pt\/#website\",\"url\":\"https:\/\/multi-gyn.com\/pt\/\",\"name\":\"Multi-Gyn\",\"description\":\"\",\"publisher\":{\"@id\":\"https:\/\/multi-gyn.com\/pt\/#organization\"},\"potentialAction\":[{\"@type\":\"SearchAction\",\"target\":{\"@type\":\"EntryPoint\",\"urlTemplate\":\"https:\/\/multi-gyn.com\/pt\/?s={search_term_string}\"},\"query-input\":{\"@type\":\"PropertyValueSpecification\",\"valueRequired\":true,\"valueName\":\"search_term_string\"}}],\"inLanguage\":\"pt-PT\"},{\"@type\":\"Organization\",\"@id\":\"https:\/\/multi-gyn.com\/pt\/#organization\",\"name\":\"Multi-Gyn\",\"url\":\"https:\/\/multi-gyn.com\/pt\/\",\"logo\":{\"@type\":\"ImageObject\",\"inLanguage\":\"pt-PT\",\"@id\":\"https:\/\/multi-gyn.com\/pt\/#\/schema\/logo\/image\/\",\"url\":\"https:\/\/multi-gyn.com\/app\/uploads\/sites\/34\/2022\/11\/multi-gyn-logo.png\",\"contentUrl\":\"https:\/\/multi-gyn.com\/app\/uploads\/sites\/34\/2022\/11\/multi-gyn-logo.png\",\"width\":149,\"height\":32,\"caption\":\"Multi-Gyn\"},\"image\":{\"@id\":\"https:\/\/multi-gyn.com\/pt\/#\/schema\/logo\/image\/\"}}]}<\/script>\n<!-- \/ Yoast SEO plugin. -->","yoast_head_json":{"title":"Infe\u00e7\u00f5es vaginais: causas, sintomas e tratamento - Multi-Gyn","description":"Sabia que quase todas as mulheres ir\u00e3o sofrer de algum desconforto vaginal em algum momento das suas vidas? Se est\u00e1 neste momento a experienciar prurido, corrimento excessivo ou vermelhid\u00e3o; n\u00e3o se preocupe, n\u00e3o est\u00e1 sozinha.","robots":{"index":"index","follow":"follow","max-snippet":"max-snippet:-1","max-image-preview":"max-image-preview:large","max-video-preview":"max-video-preview:-1"},"canonical":"https:\/\/multi-gyn.com\/pt\/saude-vaginal\/prevencao-2\/infecoes-vaginais-causas-sintomas-e-tratamento-2\/","og_locale":"pt_PT","og_type":"article","og_title":"Infe\u00e7\u00f5es vaginais: causas, sintomas e tratamento - Multi-Gyn","og_description":"Sabia que quase todas as mulheres ir\u00e3o sofrer de algum desconforto vaginal em algum momento das suas vidas? Se est\u00e1 neste momento a experienciar prurido, corrimento excessivo ou vermelhid\u00e3o; n\u00e3o se preocupe, n\u00e3o est\u00e1 sozinha.","og_url":"https:\/\/multi-gyn.com\/pt\/saude-vaginal\/prevencao-2\/infecoes-vaginais-causas-sintomas-e-tratamento-2\/","og_site_name":"Multi-Gyn","article_modified_time":"2025-04-28T09:43:20+00:00","twitter_card":"summary_large_image","twitter_misc":{"Tempo estimado de leitura":"4 minutos"},"schema":{"@context":"https:\/\/schema.org","@graph":[{"@type":"WebPage","@id":"https:\/\/multi-gyn.com\/pt\/saude-vaginal\/prevencao-2\/infecoes-vaginais-causas-sintomas-e-tratamento-2\/","url":"https:\/\/multi-gyn.com\/pt\/saude-vaginal\/prevencao-2\/infecoes-vaginais-causas-sintomas-e-tratamento-2\/","name":"Infe\u00e7\u00f5es vaginais: causas, sintomas e tratamento - Multi-Gyn","isPartOf":{"@id":"https:\/\/multi-gyn.com\/pt\/#website"},"datePublished":"2022-12-09T12:26:58+00:00","dateModified":"2025-04-28T09:43:20+00:00","description":"Sabia que quase todas as mulheres ir\u00e3o sofrer de algum desconforto vaginal em algum momento das suas vidas? Se est\u00e1 neste momento a experienciar prurido, corrimento excessivo ou vermelhid\u00e3o; n\u00e3o se preocupe, n\u00e3o est\u00e1 sozinha.","breadcrumb":{"@id":"https:\/\/multi-gyn.com\/pt\/saude-vaginal\/prevencao-2\/infecoes-vaginais-causas-sintomas-e-tratamento-2\/#breadcrumb"},"inLanguage":"pt-PT","potentialAction":[{"@type":"ReadAction","target":["https:\/\/multi-gyn.com\/pt\/saude-vaginal\/prevencao-2\/infecoes-vaginais-causas-sintomas-e-tratamento-2\/"]}]},{"@type":"BreadcrumbList","@id":"https:\/\/multi-gyn.com\/pt\/saude-vaginal\/prevencao-2\/infecoes-vaginais-causas-sintomas-e-tratamento-2\/#breadcrumb","itemListElement":[{"@type":"ListItem","position":1,"name":"Home","item":"https:\/\/multi-gyn.com\/pt\/"},{"@type":"ListItem","position":2,"name":"Sa\u00fade vaginal","item":"https:\/\/multi-gyn.com\/pt\/saude-vaginal\/"},{"@type":"ListItem","position":3,"name":"\u00a0Preven\u00e7\u00e3o","item":"https:\/\/multi-gyn.com\/pt\/saude-vaginal\/prevencao-2\/"},{"@type":"ListItem","position":4,"name":"Infe\u00e7\u00f5es vaginais: causas, sintomas e tratamento"}]},{"@type":"WebSite","@id":"https:\/\/multi-gyn.com\/pt\/#website","url":"https:\/\/multi-gyn.com\/pt\/","name":"Multi-Gyn","description":"","publisher":{"@id":"https:\/\/multi-gyn.com\/pt\/#organization"},"potentialAction":[{"@type":"SearchAction","target":{"@type":"EntryPoint","urlTemplate":"https:\/\/multi-gyn.com\/pt\/?s={search_term_string}"},"query-input":{"@type":"PropertyValueSpecification","valueRequired":true,"valueName":"search_term_string"}}],"inLanguage":"pt-PT"},{"@type":"Organization","@id":"https:\/\/multi-gyn.com\/pt\/#organization","name":"Multi-Gyn","url":"https:\/\/multi-gyn.com\/pt\/","logo":{"@type":"ImageObject","inLanguage":"pt-PT","@id":"https:\/\/multi-gyn.com\/pt\/#\/schema\/logo\/image\/","url":"https:\/\/multi-gyn.com\/app\/uploads\/sites\/34\/2022\/11\/multi-gyn-logo.png","contentUrl":"https:\/\/multi-gyn.com\/app\/uploads\/sites\/34\/2022\/11\/multi-gyn-logo.png","width":149,"height":32,"caption":"Multi-Gyn"},"image":{"@id":"https:\/\/multi-gyn.com\/pt\/#\/schema\/logo\/image\/"}}]}},"_links":{"self":[{"href":"https:\/\/multi-gyn.com\/pt\/wp-json\/wp\/v2\/pages\/469","targetHints":{"allow":["GET"]}}],"collection":[{"href":"https:\/\/multi-gyn.com\/pt\/wp-json\/wp\/v2\/pages"}],"about":[{"href":"https:\/\/multi-gyn.com\/pt\/wp-json\/wp\/v2\/types\/page"}],"author":[{"embeddable":true,"href":"https:\/\/multi-gyn.com\/pt\/wp-json\/wp\/v2\/users\/6"}],"replies":[{"embeddable":true,"href":"https:\/\/multi-gyn.com\/pt\/wp-json\/wp\/v2\/comments?post=469"}],"version-history":[{"count":2,"href":"https:\/\/multi-gyn.com\/pt\/wp-json\/wp\/v2\/pages\/469\/revisions"}],"predecessor-version":[{"id":474,"href":"https:\/\/multi-gyn.com\/pt\/wp-json\/wp\/v2\/pages\/469\/revisions\/474"}],"up":[{"embeddable":true,"href":"https:\/\/multi-gyn.com\/pt\/wp-json\/wp\/v2\/pages\/179"}],"wp:attachment":[{"href":"https:\/\/multi-gyn.com\/pt\/wp-json\/wp\/v2\/media?parent=469"}],"wp:term":[{"taxonomy":"from-article-database","embeddable":true,"href":"https:\/\/multi-gyn.com\/pt\/wp-json\/wp\/v2\/from-article-database?post=469"}],"curies":[{"name":"wp","href":"https:\/\/api.w.org\/{rel}","templated":true}]}}