{"id":475,"date":"2022-12-09T12:45:43","date_gmt":"2022-12-09T12:45:43","guid":{"rendered":"https:\/\/multi-gyn.com\/pt\/?page_id=475"},"modified":"2025-04-28T10:43:18","modified_gmt":"2025-04-28T09:43:18","slug":"tratar-a-secura-vaginal","status":"publish","type":"page","link":"https:\/\/multi-gyn.com\/pt\/saude-vaginal\/prevencao-2\/tratar-a-secura-vaginal\/","title":{"rendered":"Tratar a secura vaginal"},"content":{"rendered":"\n<div class=\"wp-block-karopharma-free-text pt-large pb-large bg-center bg-cover bg-no-repeat  is-style-primary\" style=\"background-image:url()\"><div class=\"free-text-wrapper container max-w-medium text-left\">\n<h1 class=\"wp-block-heading\">Tratar a secura vaginal<\/h1>\n\n\n\n<p class=\"is-style-paragraph-preamble\">Sente irrita\u00e7\u00e3o na \u00e1rea \u00edntima? Ou outros desconfortos como prurido, ardor (quando urina), sangra suavemente ap\u00f3s rela\u00e7\u00f5es sexuais, dor durante a penetra\u00e7\u00e3o, sensibilidade vaginal ou inflama\u00e7\u00e3o? Poder\u00e1 sofrer de secura vaginal.<\/p>\n<\/div><\/div>\n\n\n\n<div class=\"wp-block-karopharma-free-text pt-large pb-large bg-center bg-cover bg-no-repeat\" style=\"background-image:url()\"><div class=\"free-text-wrapper container max-w-medium text-left\">\n<p>Este problema \u00e9 um sintoma frequente durante a menopausa, mas pode afetar mulheres de todas as idades. Outras causas comuns deste problema s\u00e3o altera\u00e7\u00f5es hormonais que podem surgir ap\u00f3s o parto ou durante a amamenta\u00e7\u00e3o, durante o tratamento de cancro ou durante a toma de determinadas medica\u00e7\u00f5es.<\/p>\n\n\n\n<p>Secura pode ser tamb\u00e9m causada por stress e ansiedade, excesso de exerc\u00edcio, \u00e1lcool, cafe\u00edna ou tabaco. Apesar de a secura vaginal parecer uma pequena irrita\u00e7\u00e3o, pode reduzir a qualidade de vida seriamente. Tratar a secura vaginal \u00e9 muito importante, n\u00e3o s\u00f3 para o bem-estar f\u00edsico da mulher, mas tamb\u00e9m para o seu estado emocional e relacionamento saud\u00e1vel. Aqui est\u00e3o alguns tratamentos comuns que podem ajudar:<\/p>\n\n\n\n<h2 class=\"is-style-heading-h2 wp-block-heading\">Tratamentos com estrog\u00e9nio<\/h2>\n\n\n\n<p>A principal raz\u00e3o para a secura \u00e9 uma queda nos n\u00edveis de estrog\u00e9nio, a hormona que faz da vagina mais el\u00e1stica e hidratada. Por isso \u00e9 que muitos tratamentos t\u00eam por base uma compensa\u00e7\u00e3o para a redu\u00e7\u00e3o dos n\u00edveis de estrog\u00e9nio naturais. O tratamento hormonal pode ser oral, especialmente se existem outros sintomas de menopausa, t\u00f3pico (pensos hormonais), ou vaginal.<\/p>\n\n\n\n<p>Tratamentos vaginais de estrog\u00e9nio incluem um anel de estrog\u00e9nio, comprimidos ou cremes. Contudo, \u00e9 importante saber que o tratamento hormonal pode causar efeitos secund\u00e1rios desagrad\u00e1veis ou at\u00e9 mesmo perigosos, como riscos elevados de ter AVC\u2019s ou co\u00e1gulos sangu\u00edneos. Fale com o seu ginecologista antes de tomar uma decis\u00e3o e experimente tratamentos alternativos que podem ser tamb\u00e9m eficazes e seguros.<\/p>\n\n\n\n<h2 class=\"is-style-heading-h2 wp-block-heading\">Tratamentos sem estrog\u00e9nio<\/h2>\n\n\n\n<p>Para al\u00e9m de tratamentos hormonais, poder\u00e1 escolher primeiro um hidratante vaginal que ir\u00e1 manter os seus tecidos vaginais hidratados e el\u00e1sticos atrav\u00e9s de uma utiliza\u00e7\u00e3o regular, aliviando sintomas como irrita\u00e7\u00e3o, ardor ou sensibilidade que podem n\u00e3o estar ligados a rela\u00e7\u00f5es sexuais.<\/p>\n\n\n\n<p>As mulheres podem experienciar secura vaginal e rela\u00e7\u00f5es sexuais dolorosas caso n\u00e3o estejam estimuladas o suficiente \u2013 por isso, estimular antes \u00e9 importante para prevenir desconfortos. Contudo, os lubrificantes podem reduzir a fric\u00e7\u00e3o causada pela penetra\u00e7\u00e3o e podem oferecer temporariamente al\u00edvio da dor durante as rela\u00e7\u00f5es sexuais. Eles podem ser \u00e0 base de \u00e1gua, silicone ou \u00f3leo (lubrificantes \u00e0 base de \u00f3leo n\u00e3o devem ser utilizados com preservativos de l\u00e1tex, pois muitas vezes fazem com que se rompam e assim ficar\u00e1 exposta a infe\u00e7\u00f5es sexuais ou gravidez n\u00e3o desejada).<\/p>\n\n\n\n<p>A principal diferen\u00e7a entre lubrificantes e hidratantes, \u00e9 que os hidratantes oferecem um efeito a longo-prazo, enquanto os lubrificantes s\u00e3o utilizados principalmente para as rela\u00e7\u00f5es sexuais, para al\u00edvio tempor\u00e1rio da dor e fric\u00e7\u00e3o.<\/p>\n<\/div><\/div>\n","protected":false},"excerpt":{"rendered":"","protected":false},"author":6,"featured_media":0,"parent":179,"menu_order":0,"comment_status":"closed","ping_status":"closed","template":"","meta":{"_acf_changed":false,"footnotes":""},"from-article-database":[],"class_list":["post-475","page","type-page","status-publish","hentry"],"acf":[],"yoast_head":"<!-- This site is optimized with the Yoast SEO plugin v26.6 - https:\/\/yoast.com\/wordpress\/plugins\/seo\/ -->\n<title>Tratar a secura vaginal - Multi-Gyn<\/title>\n<meta name=\"description\" content=\"Sente irrita\u00e7\u00e3o na \u00e1rea \u00edntima? Ou outros desconfortos como prurido, ardor (quando urina), sangra suavemente ap\u00f3s rela\u00e7\u00f5es sexuais, dor durante a penetra\u00e7\u00e3o, sensibilidade vaginal ou inflama\u00e7\u00e3o? Poder\u00e1 sofrer de secura vaginal.\" \/>\n<meta name=\"robots\" content=\"index, follow, max-snippet:-1, max-image-preview:large, max-video-preview:-1\" \/>\n<link rel=\"canonical\" href=\"https:\/\/multi-gyn.com\/pt\/saude-vaginal\/prevencao-2\/tratar-a-secura-vaginal\/\" \/>\n<meta property=\"og:locale\" content=\"pt_PT\" \/>\n<meta property=\"og:type\" content=\"article\" \/>\n<meta property=\"og:title\" content=\"Tratar a secura vaginal - Multi-Gyn\" \/>\n<meta property=\"og:description\" content=\"Sente irrita\u00e7\u00e3o na \u00e1rea \u00edntima? Ou outros desconfortos como prurido, ardor (quando urina), sangra suavemente ap\u00f3s rela\u00e7\u00f5es sexuais, dor durante a penetra\u00e7\u00e3o, sensibilidade vaginal ou inflama\u00e7\u00e3o? Poder\u00e1 sofrer de secura vaginal.\" \/>\n<meta property=\"og:url\" content=\"https:\/\/multi-gyn.com\/pt\/saude-vaginal\/prevencao-2\/tratar-a-secura-vaginal\/\" \/>\n<meta property=\"og:site_name\" content=\"Multi-Gyn\" \/>\n<meta property=\"article:modified_time\" content=\"2025-04-28T09:43:18+00:00\" \/>\n<meta name=\"twitter:card\" content=\"summary_large_image\" \/>\n<meta name=\"twitter:label1\" content=\"Tempo estimado de leitura\" \/>\n\t<meta name=\"twitter:data1\" content=\"3 minutos\" \/>\n<script type=\"application\/ld+json\" class=\"yoast-schema-graph\">{\"@context\":\"https:\/\/schema.org\",\"@graph\":[{\"@type\":\"WebPage\",\"@id\":\"https:\/\/multi-gyn.com\/pt\/saude-vaginal\/prevencao-2\/tratar-a-secura-vaginal\/\",\"url\":\"https:\/\/multi-gyn.com\/pt\/saude-vaginal\/prevencao-2\/tratar-a-secura-vaginal\/\",\"name\":\"Tratar a secura vaginal - Multi-Gyn\",\"isPartOf\":{\"@id\":\"https:\/\/multi-gyn.com\/pt\/#website\"},\"datePublished\":\"2022-12-09T12:45:43+00:00\",\"dateModified\":\"2025-04-28T09:43:18+00:00\",\"description\":\"Sente irrita\u00e7\u00e3o na \u00e1rea \u00edntima? Ou outros desconfortos como prurido, ardor (quando urina), sangra suavemente ap\u00f3s rela\u00e7\u00f5es sexuais, dor durante a penetra\u00e7\u00e3o, sensibilidade vaginal ou inflama\u00e7\u00e3o? Poder\u00e1 sofrer de secura vaginal.\",\"breadcrumb\":{\"@id\":\"https:\/\/multi-gyn.com\/pt\/saude-vaginal\/prevencao-2\/tratar-a-secura-vaginal\/#breadcrumb\"},\"inLanguage\":\"pt-PT\",\"potentialAction\":[{\"@type\":\"ReadAction\",\"target\":[\"https:\/\/multi-gyn.com\/pt\/saude-vaginal\/prevencao-2\/tratar-a-secura-vaginal\/\"]}]},{\"@type\":\"BreadcrumbList\",\"@id\":\"https:\/\/multi-gyn.com\/pt\/saude-vaginal\/prevencao-2\/tratar-a-secura-vaginal\/#breadcrumb\",\"itemListElement\":[{\"@type\":\"ListItem\",\"position\":1,\"name\":\"Home\",\"item\":\"https:\/\/multi-gyn.com\/pt\/\"},{\"@type\":\"ListItem\",\"position\":2,\"name\":\"Sa\u00fade vaginal\",\"item\":\"https:\/\/multi-gyn.com\/pt\/saude-vaginal\/\"},{\"@type\":\"ListItem\",\"position\":3,\"name\":\"\u00a0Preven\u00e7\u00e3o\",\"item\":\"https:\/\/multi-gyn.com\/pt\/saude-vaginal\/prevencao-2\/\"},{\"@type\":\"ListItem\",\"position\":4,\"name\":\"Tratar a secura vaginal\"}]},{\"@type\":\"WebSite\",\"@id\":\"https:\/\/multi-gyn.com\/pt\/#website\",\"url\":\"https:\/\/multi-gyn.com\/pt\/\",\"name\":\"Multi-Gyn\",\"description\":\"\",\"publisher\":{\"@id\":\"https:\/\/multi-gyn.com\/pt\/#organization\"},\"potentialAction\":[{\"@type\":\"SearchAction\",\"target\":{\"@type\":\"EntryPoint\",\"urlTemplate\":\"https:\/\/multi-gyn.com\/pt\/?s={search_term_string}\"},\"query-input\":{\"@type\":\"PropertyValueSpecification\",\"valueRequired\":true,\"valueName\":\"search_term_string\"}}],\"inLanguage\":\"pt-PT\"},{\"@type\":\"Organization\",\"@id\":\"https:\/\/multi-gyn.com\/pt\/#organization\",\"name\":\"Multi-Gyn\",\"url\":\"https:\/\/multi-gyn.com\/pt\/\",\"logo\":{\"@type\":\"ImageObject\",\"inLanguage\":\"pt-PT\",\"@id\":\"https:\/\/multi-gyn.com\/pt\/#\/schema\/logo\/image\/\",\"url\":\"https:\/\/multi-gyn.com\/app\/uploads\/sites\/34\/2022\/11\/multi-gyn-logo.png\",\"contentUrl\":\"https:\/\/multi-gyn.com\/app\/uploads\/sites\/34\/2022\/11\/multi-gyn-logo.png\",\"width\":149,\"height\":32,\"caption\":\"Multi-Gyn\"},\"image\":{\"@id\":\"https:\/\/multi-gyn.com\/pt\/#\/schema\/logo\/image\/\"}}]}<\/script>\n<!-- \/ Yoast SEO plugin. -->","yoast_head_json":{"title":"Tratar a secura vaginal - Multi-Gyn","description":"Sente irrita\u00e7\u00e3o na \u00e1rea \u00edntima? Ou outros desconfortos como prurido, ardor (quando urina), sangra suavemente ap\u00f3s rela\u00e7\u00f5es sexuais, dor durante a penetra\u00e7\u00e3o, sensibilidade vaginal ou inflama\u00e7\u00e3o? Poder\u00e1 sofrer de secura vaginal.","robots":{"index":"index","follow":"follow","max-snippet":"max-snippet:-1","max-image-preview":"max-image-preview:large","max-video-preview":"max-video-preview:-1"},"canonical":"https:\/\/multi-gyn.com\/pt\/saude-vaginal\/prevencao-2\/tratar-a-secura-vaginal\/","og_locale":"pt_PT","og_type":"article","og_title":"Tratar a secura vaginal - Multi-Gyn","og_description":"Sente irrita\u00e7\u00e3o na \u00e1rea \u00edntima? Ou outros desconfortos como prurido, ardor (quando urina), sangra suavemente ap\u00f3s rela\u00e7\u00f5es sexuais, dor durante a penetra\u00e7\u00e3o, sensibilidade vaginal ou inflama\u00e7\u00e3o? Poder\u00e1 sofrer de secura vaginal.","og_url":"https:\/\/multi-gyn.com\/pt\/saude-vaginal\/prevencao-2\/tratar-a-secura-vaginal\/","og_site_name":"Multi-Gyn","article_modified_time":"2025-04-28T09:43:18+00:00","twitter_card":"summary_large_image","twitter_misc":{"Tempo estimado de leitura":"3 minutos"},"schema":{"@context":"https:\/\/schema.org","@graph":[{"@type":"WebPage","@id":"https:\/\/multi-gyn.com\/pt\/saude-vaginal\/prevencao-2\/tratar-a-secura-vaginal\/","url":"https:\/\/multi-gyn.com\/pt\/saude-vaginal\/prevencao-2\/tratar-a-secura-vaginal\/","name":"Tratar a secura vaginal - Multi-Gyn","isPartOf":{"@id":"https:\/\/multi-gyn.com\/pt\/#website"},"datePublished":"2022-12-09T12:45:43+00:00","dateModified":"2025-04-28T09:43:18+00:00","description":"Sente irrita\u00e7\u00e3o na \u00e1rea \u00edntima? Ou outros desconfortos como prurido, ardor (quando urina), sangra suavemente ap\u00f3s rela\u00e7\u00f5es sexuais, dor durante a penetra\u00e7\u00e3o, sensibilidade vaginal ou inflama\u00e7\u00e3o? Poder\u00e1 sofrer de secura vaginal.","breadcrumb":{"@id":"https:\/\/multi-gyn.com\/pt\/saude-vaginal\/prevencao-2\/tratar-a-secura-vaginal\/#breadcrumb"},"inLanguage":"pt-PT","potentialAction":[{"@type":"ReadAction","target":["https:\/\/multi-gyn.com\/pt\/saude-vaginal\/prevencao-2\/tratar-a-secura-vaginal\/"]}]},{"@type":"BreadcrumbList","@id":"https:\/\/multi-gyn.com\/pt\/saude-vaginal\/prevencao-2\/tratar-a-secura-vaginal\/#breadcrumb","itemListElement":[{"@type":"ListItem","position":1,"name":"Home","item":"https:\/\/multi-gyn.com\/pt\/"},{"@type":"ListItem","position":2,"name":"Sa\u00fade vaginal","item":"https:\/\/multi-gyn.com\/pt\/saude-vaginal\/"},{"@type":"ListItem","position":3,"name":"\u00a0Preven\u00e7\u00e3o","item":"https:\/\/multi-gyn.com\/pt\/saude-vaginal\/prevencao-2\/"},{"@type":"ListItem","position":4,"name":"Tratar a secura vaginal"}]},{"@type":"WebSite","@id":"https:\/\/multi-gyn.com\/pt\/#website","url":"https:\/\/multi-gyn.com\/pt\/","name":"Multi-Gyn","description":"","publisher":{"@id":"https:\/\/multi-gyn.com\/pt\/#organization"},"potentialAction":[{"@type":"SearchAction","target":{"@type":"EntryPoint","urlTemplate":"https:\/\/multi-gyn.com\/pt\/?s={search_term_string}"},"query-input":{"@type":"PropertyValueSpecification","valueRequired":true,"valueName":"search_term_string"}}],"inLanguage":"pt-PT"},{"@type":"Organization","@id":"https:\/\/multi-gyn.com\/pt\/#organization","name":"Multi-Gyn","url":"https:\/\/multi-gyn.com\/pt\/","logo":{"@type":"ImageObject","inLanguage":"pt-PT","@id":"https:\/\/multi-gyn.com\/pt\/#\/schema\/logo\/image\/","url":"https:\/\/multi-gyn.com\/app\/uploads\/sites\/34\/2022\/11\/multi-gyn-logo.png","contentUrl":"https:\/\/multi-gyn.com\/app\/uploads\/sites\/34\/2022\/11\/multi-gyn-logo.png","width":149,"height":32,"caption":"Multi-Gyn"},"image":{"@id":"https:\/\/multi-gyn.com\/pt\/#\/schema\/logo\/image\/"}}]}},"_links":{"self":[{"href":"https:\/\/multi-gyn.com\/pt\/wp-json\/wp\/v2\/pages\/475","targetHints":{"allow":["GET"]}}],"collection":[{"href":"https:\/\/multi-gyn.com\/pt\/wp-json\/wp\/v2\/pages"}],"about":[{"href":"https:\/\/multi-gyn.com\/pt\/wp-json\/wp\/v2\/types\/page"}],"author":[{"embeddable":true,"href":"https:\/\/multi-gyn.com\/pt\/wp-json\/wp\/v2\/users\/6"}],"replies":[{"embeddable":true,"href":"https:\/\/multi-gyn.com\/pt\/wp-json\/wp\/v2\/comments?post=475"}],"version-history":[{"count":1,"href":"https:\/\/multi-gyn.com\/pt\/wp-json\/wp\/v2\/pages\/475\/revisions"}],"predecessor-version":[{"id":477,"href":"https:\/\/multi-gyn.com\/pt\/wp-json\/wp\/v2\/pages\/475\/revisions\/477"}],"up":[{"embeddable":true,"href":"https:\/\/multi-gyn.com\/pt\/wp-json\/wp\/v2\/pages\/179"}],"wp:attachment":[{"href":"https:\/\/multi-gyn.com\/pt\/wp-json\/wp\/v2\/media?parent=475"}],"wp:term":[{"taxonomy":"from-article-database","embeddable":true,"href":"https:\/\/multi-gyn.com\/pt\/wp-json\/wp\/v2\/from-article-database?post=475"}],"curies":[{"name":"wp","href":"https:\/\/api.w.org\/{rel}","templated":true}]}}