{"id":480,"date":"2022-12-09T12:54:40","date_gmt":"2022-12-09T12:54:40","guid":{"rendered":"https:\/\/multi-gyn.com\/pt\/?page_id=480"},"modified":"2025-04-28T10:43:16","modified_gmt":"2025-04-28T09:43:16","slug":"diferencas-entre-vaginose-bacteriana-e-infecao-vaginal-fungica-candidiase","status":"publish","type":"page","link":"https:\/\/multi-gyn.com\/pt\/saude-vaginal\/infecoes\/diferencas-entre-vaginose-bacteriana-e-infecao-vaginal-fungica-candidiase\/","title":{"rendered":"Diferen\u00e7as entre vaginose bacteriana e infe\u00e7\u00e3o vaginal f\u00fangica (candid\u00edase)"},"content":{"rendered":"\n<div class=\"wp-block-karopharma-free-text pt-large pb-large bg-center bg-cover bg-no-repeat  is-style-primary\" style=\"background-image:url()\"><div class=\"free-text-wrapper container max-w-medium text-left\">\n<h1 class=\"wp-block-heading\">Diferen\u00e7as entre vaginose bacteriana e infe\u00e7\u00e3o vaginal f\u00fangica (candid\u00edase)<\/h1>\n\n\n\n<p class=\"is-style-paragraph-preamble\">Vaginose bacteriana e candid\u00edase s\u00e3o as queixas vaginais mais comuns. Durante muitos anos a candid\u00edase foi mais bem entendida e tratada do que a vaginose bacteriana, o que levou a enganos no que toca a ligarem a candid\u00edase a qualquer corrimento anormal, prurido e dor na \u00e1rea \u00edntima.<\/p>\n<\/div><\/div>\n\n\n\n<div class=\"wp-block-karopharma-free-text pt-large pb-large bg-center bg-cover bg-no-repeat\" style=\"background-image:url()\"><div class=\"free-text-wrapper container max-w-medium text-left\">\n<p>Hoje, sabe-se que a vaginose bacteriana \u00e9 t\u00e3o comum quanto a candid\u00edase, surge em cerca de 1\/3 das mulheres, e \u00e9 tratada de uma forma totalmente diferente. Para aplicar o tratamento adequado, a mulher deve primeiro saber qual destes dois desconfortos possui.<\/p>\n\n\n\n<h2 class=\"is-style-heading-h2 wp-block-heading\">VB contra Candid\u00edase<\/h2>\n\n\n\n<figure class=\"wp-block-image size-full is-resized\"><img loading=\"lazy\" decoding=\"async\" src=\"https:\/\/multi-gyn.com\/app\/uploads\/sites\/34\/2022\/12\/Infographic-Bacterial-Vaginosis-versus-Yeast.png\" alt=\"Infographic-Bacterial-Vaginosis-versus-Yeast\" class=\"wp-image-482\" width=\"583\" height=\"617\"\/><\/figure>\n\n\n\n<h2 class=\"is-style-heading-h2 wp-block-heading\">Diferentes sintomas<\/h2>\n\n\n\n<p>Tanto a vaginose bacteriana como a candid\u00edase s\u00e3o caraterizadas por um corrimento anormal, mas a apar\u00eancia \u00e9 bastante diferente. Enquanto a&nbsp;<a href=\"https:\/\/multi-gyn.com\/pt\/saude-vaginal\/infecoes\/tudo-aquilo-que-necessita-de-saber-sobre-a-vaginose-bacteriana\/\">vaginose bacteriana (VB)<\/a>&nbsp;causa um corrimento fluido, branco acinzentado com um odor id\u00eantico a peixe, a&nbsp;<a href=\"https:\/\/multi-gyn.com\/pt\/saude-vaginal\/infecoes\/infecao-vaginal-fungica\/\">candid\u00edase<\/a>&nbsp;causa um corrimento espesso id\u00eantico a requeij\u00e3o, com um odor leve a fermento.<\/p>\n\n\n\n<p>As mulheres que t\u00eam candid\u00edase sofrem essencialmente de prurido e irrita\u00e7\u00e3o intensa, e menos vezes de dores durante as rela\u00e7\u00f5es sexuais ou ao urinar. A pele da vulva \u00e9 rosa ou vermelha, por vezes com umas marcas brancas que n\u00e3o podem ser removidas. A irrita\u00e7\u00e3o e a dor s\u00e3o mais comuns na vaginose bacteriana, sendo o prurido menos frequente. O pH do ambiente vaginal \u00e9 tamb\u00e9m diferente entre as duas infe\u00e7\u00f5es. O&nbsp;<a href=\"https:\/\/multi-gyn.com\/pt\/saude-vaginal\/geral\/ph-vaginal-a-sua-vagina-e-acida-ou-alcalina\/\">pH normal da vagina<\/a>&nbsp;\u00e9 \u00e1cido, sendo que na vaginose bacteriana se torna mais alcalino e na candid\u00edase n\u00e3o tem altera\u00e7\u00f5es na sua acidez. Esta diferen\u00e7a \u00e9 a base comum para testar de forma simples a infe\u00e7\u00e3o vaginal.<\/p>\n\n\n\n<h2 class=\"is-style-heading-h2 wp-block-heading\"><strong>Autodiagn\u00f3stico<\/strong><\/h2>\n\n\n\n<p>Nenhum destes dois desconfortos \u00e9 considerado uma infe\u00e7\u00e3o por si s\u00f3, mas sim um desequil\u00edbrio da flora vaginal. Contudo, as diferen\u00e7as entre vaginose bacteriana e candid\u00edase n\u00e3o s\u00e3o sempre \u00f3bvias, e algumas vezes podem ser confundidas com outros problemas mais s\u00e9rios, por isso \u00e9 sempre uma boa ideia falar com o m\u00e9dico ou ginecologista.<\/p>\n\n\n\n<h2 class=\"is-style-heading-h2 wp-block-heading\"><strong><strong>Diferentes tratamentos<\/strong><\/strong><\/h2>\n\n\n\n<p>Vaginose bacteriana pode ser tratada com antibi\u00f3ticos, como por exemplo metranidazole, ou com produtos naturais e pr\u00f3bi\u00f3ticos que restauram o equil\u00edbrio da flora vaginal. Vaginose bacteriana tratada com antibi\u00f3ticos tem muito mais impacto na flora vaginal saud\u00e1vel e afeta as bact\u00e9rias positivas (lactobacilos), estes podem tamb\u00e9m ter efeitos secund\u00e1rios desconfort\u00e1veis. Como resultado, existe uma grande taxa de recorr\u00eancias quando a vaginose bacteriana \u00e9 tratada com antibi\u00f3ticos.<\/p>\n\n\n\n<p>Produtos naturais s\u00e3o mais direcionados para restaurar a flora vaginal saud\u00e1vel, em vez de perturbar ainda mais eliminando ambos os tipos de bact\u00e9rias (patog\u00e9nicas e nocivas). Similarmente, a candid\u00edase pode ser tratada com antimic\u00f3ticos, ou por produtos que restauram o equil\u00edbrio e estimulam a flora ben\u00e9fica (lactobacilos) na vagina. Em caso de escolher um produto por sua iniciativa, \u00e9 aconselh\u00e1vel que consulte o seu m\u00e9dico em caso de os sintomas persistirem.<\/p>\n<\/div><\/div>\n","protected":false},"excerpt":{"rendered":"","protected":false},"author":6,"featured_media":0,"parent":177,"menu_order":0,"comment_status":"closed","ping_status":"closed","template":"","meta":{"_acf_changed":false,"footnotes":""},"from-article-database":[],"class_list":["post-480","page","type-page","status-publish","hentry"],"acf":[],"yoast_head":"<!-- This site is optimized with the Yoast SEO plugin v26.6 - https:\/\/yoast.com\/wordpress\/plugins\/seo\/ -->\n<title>Diferen\u00e7as entre vaginose bacteriana e infe\u00e7\u00e3o vaginal f\u00fangica (candid\u00edase) - Multi-Gyn<\/title>\n<meta name=\"description\" content=\"Hoje, sabe-se que a vaginose bacteriana \u00e9 t\u00e3o comum quanto a candid\u00edase, surge em cerca de 1\/3 das mulheres, e \u00e9 tratada de uma forma totalmente diferente.\" \/>\n<meta name=\"robots\" content=\"index, follow, max-snippet:-1, max-image-preview:large, max-video-preview:-1\" \/>\n<link rel=\"canonical\" href=\"https:\/\/multi-gyn.com\/pt\/saude-vaginal\/infecoes\/diferencas-entre-vaginose-bacteriana-e-infecao-vaginal-fungica-candidiase\/\" \/>\n<meta property=\"og:locale\" content=\"pt_PT\" \/>\n<meta property=\"og:type\" content=\"article\" \/>\n<meta property=\"og:title\" content=\"Diferen\u00e7as entre vaginose bacteriana e infe\u00e7\u00e3o vaginal f\u00fangica (candid\u00edase) - Multi-Gyn\" \/>\n<meta property=\"og:description\" content=\"Hoje, sabe-se que a vaginose bacteriana \u00e9 t\u00e3o comum quanto a candid\u00edase, surge em cerca de 1\/3 das mulheres, e \u00e9 tratada de uma forma totalmente diferente.\" \/>\n<meta property=\"og:url\" content=\"https:\/\/multi-gyn.com\/pt\/saude-vaginal\/infecoes\/diferencas-entre-vaginose-bacteriana-e-infecao-vaginal-fungica-candidiase\/\" \/>\n<meta property=\"og:site_name\" content=\"Multi-Gyn\" \/>\n<meta property=\"article:modified_time\" content=\"2025-04-28T09:43:16+00:00\" \/>\n<meta property=\"og:image\" content=\"https:\/\/multi-gyn.com\/app\/uploads\/sites\/34\/2022\/12\/Infographic-Bacterial-Vaginosis-versus-Yeast-e1675775383532.png\" \/>\n\t<meta property=\"og:image:width\" content=\"700\" \/>\n\t<meta property=\"og:image:height\" content=\"686\" \/>\n\t<meta property=\"og:image:type\" content=\"image\/png\" \/>\n<meta name=\"twitter:card\" content=\"summary_large_image\" \/>\n<meta name=\"twitter:label1\" content=\"Tempo estimado de leitura\" \/>\n\t<meta name=\"twitter:data1\" content=\"3 minutos\" \/>\n<script type=\"application\/ld+json\" class=\"yoast-schema-graph\">{\"@context\":\"https:\/\/schema.org\",\"@graph\":[{\"@type\":\"WebPage\",\"@id\":\"https:\/\/multi-gyn.com\/pt\/saude-vaginal\/infecoes\/diferencas-entre-vaginose-bacteriana-e-infecao-vaginal-fungica-candidiase\/\",\"url\":\"https:\/\/multi-gyn.com\/pt\/saude-vaginal\/infecoes\/diferencas-entre-vaginose-bacteriana-e-infecao-vaginal-fungica-candidiase\/\",\"name\":\"Diferen\u00e7as entre vaginose bacteriana e infe\u00e7\u00e3o vaginal f\u00fangica (candid\u00edase) - Multi-Gyn\",\"isPartOf\":{\"@id\":\"https:\/\/multi-gyn.com\/pt\/#website\"},\"primaryImageOfPage\":{\"@id\":\"https:\/\/multi-gyn.com\/pt\/saude-vaginal\/infecoes\/diferencas-entre-vaginose-bacteriana-e-infecao-vaginal-fungica-candidiase\/#primaryimage\"},\"image\":{\"@id\":\"https:\/\/multi-gyn.com\/pt\/saude-vaginal\/infecoes\/diferencas-entre-vaginose-bacteriana-e-infecao-vaginal-fungica-candidiase\/#primaryimage\"},\"thumbnailUrl\":\"https:\/\/multi-gyn.com\/app\/uploads\/sites\/34\/2022\/12\/Infographic-Bacterial-Vaginosis-versus-Yeast.png\",\"datePublished\":\"2022-12-09T12:54:40+00:00\",\"dateModified\":\"2025-04-28T09:43:16+00:00\",\"description\":\"Hoje, sabe-se que a vaginose bacteriana \u00e9 t\u00e3o comum quanto a candid\u00edase, surge em cerca de 1\/3 das mulheres, e \u00e9 tratada de uma forma totalmente diferente.\",\"breadcrumb\":{\"@id\":\"https:\/\/multi-gyn.com\/pt\/saude-vaginal\/infecoes\/diferencas-entre-vaginose-bacteriana-e-infecao-vaginal-fungica-candidiase\/#breadcrumb\"},\"inLanguage\":\"pt-PT\",\"potentialAction\":[{\"@type\":\"ReadAction\",\"target\":[\"https:\/\/multi-gyn.com\/pt\/saude-vaginal\/infecoes\/diferencas-entre-vaginose-bacteriana-e-infecao-vaginal-fungica-candidiase\/\"]}]},{\"@type\":\"ImageObject\",\"inLanguage\":\"pt-PT\",\"@id\":\"https:\/\/multi-gyn.com\/pt\/saude-vaginal\/infecoes\/diferencas-entre-vaginose-bacteriana-e-infecao-vaginal-fungica-candidiase\/#primaryimage\",\"url\":\"https:\/\/multi-gyn.com\/app\/uploads\/sites\/34\/2022\/12\/Infographic-Bacterial-Vaginosis-versus-Yeast.png\",\"contentUrl\":\"https:\/\/multi-gyn.com\/app\/uploads\/sites\/34\/2022\/12\/Infographic-Bacterial-Vaginosis-versus-Yeast.png\"},{\"@type\":\"BreadcrumbList\",\"@id\":\"https:\/\/multi-gyn.com\/pt\/saude-vaginal\/infecoes\/diferencas-entre-vaginose-bacteriana-e-infecao-vaginal-fungica-candidiase\/#breadcrumb\",\"itemListElement\":[{\"@type\":\"ListItem\",\"position\":1,\"name\":\"Home\",\"item\":\"https:\/\/multi-gyn.com\/pt\/\"},{\"@type\":\"ListItem\",\"position\":2,\"name\":\"Sa\u00fade vaginal\",\"item\":\"https:\/\/multi-gyn.com\/pt\/saude-vaginal\/\"},{\"@type\":\"ListItem\",\"position\":3,\"name\":\"Infe\u00e7\u00f5es\",\"item\":\"https:\/\/multi-gyn.com\/pt\/saude-vaginal\/infecoes\/\"},{\"@type\":\"ListItem\",\"position\":4,\"name\":\"Diferen\u00e7as entre vaginose bacteriana e infe\u00e7\u00e3o vaginal f\u00fangica (candid\u00edase)\"}]},{\"@type\":\"WebSite\",\"@id\":\"https:\/\/multi-gyn.com\/pt\/#website\",\"url\":\"https:\/\/multi-gyn.com\/pt\/\",\"name\":\"Multi-Gyn\",\"description\":\"\",\"publisher\":{\"@id\":\"https:\/\/multi-gyn.com\/pt\/#organization\"},\"potentialAction\":[{\"@type\":\"SearchAction\",\"target\":{\"@type\":\"EntryPoint\",\"urlTemplate\":\"https:\/\/multi-gyn.com\/pt\/?s={search_term_string}\"},\"query-input\":{\"@type\":\"PropertyValueSpecification\",\"valueRequired\":true,\"valueName\":\"search_term_string\"}}],\"inLanguage\":\"pt-PT\"},{\"@type\":\"Organization\",\"@id\":\"https:\/\/multi-gyn.com\/pt\/#organization\",\"name\":\"Multi-Gyn\",\"url\":\"https:\/\/multi-gyn.com\/pt\/\",\"logo\":{\"@type\":\"ImageObject\",\"inLanguage\":\"pt-PT\",\"@id\":\"https:\/\/multi-gyn.com\/pt\/#\/schema\/logo\/image\/\",\"url\":\"https:\/\/multi-gyn.com\/app\/uploads\/sites\/34\/2022\/11\/multi-gyn-logo.png\",\"contentUrl\":\"https:\/\/multi-gyn.com\/app\/uploads\/sites\/34\/2022\/11\/multi-gyn-logo.png\",\"width\":149,\"height\":32,\"caption\":\"Multi-Gyn\"},\"image\":{\"@id\":\"https:\/\/multi-gyn.com\/pt\/#\/schema\/logo\/image\/\"}}]}<\/script>\n<!-- \/ Yoast SEO plugin. -->","yoast_head_json":{"title":"Diferen\u00e7as entre vaginose bacteriana e infe\u00e7\u00e3o vaginal f\u00fangica (candid\u00edase) - Multi-Gyn","description":"Hoje, sabe-se que a vaginose bacteriana \u00e9 t\u00e3o comum quanto a candid\u00edase, surge em cerca de 1\/3 das mulheres, e \u00e9 tratada de uma forma totalmente diferente.","robots":{"index":"index","follow":"follow","max-snippet":"max-snippet:-1","max-image-preview":"max-image-preview:large","max-video-preview":"max-video-preview:-1"},"canonical":"https:\/\/multi-gyn.com\/pt\/saude-vaginal\/infecoes\/diferencas-entre-vaginose-bacteriana-e-infecao-vaginal-fungica-candidiase\/","og_locale":"pt_PT","og_type":"article","og_title":"Diferen\u00e7as entre vaginose bacteriana e infe\u00e7\u00e3o vaginal f\u00fangica (candid\u00edase) - Multi-Gyn","og_description":"Hoje, sabe-se que a vaginose bacteriana \u00e9 t\u00e3o comum quanto a candid\u00edase, surge em cerca de 1\/3 das mulheres, e \u00e9 tratada de uma forma totalmente diferente.","og_url":"https:\/\/multi-gyn.com\/pt\/saude-vaginal\/infecoes\/diferencas-entre-vaginose-bacteriana-e-infecao-vaginal-fungica-candidiase\/","og_site_name":"Multi-Gyn","article_modified_time":"2025-04-28T09:43:16+00:00","og_image":[{"width":700,"height":686,"url":"https:\/\/multi-gyn.com\/app\/uploads\/sites\/34\/2022\/12\/Infographic-Bacterial-Vaginosis-versus-Yeast-e1675775383532.png","type":"image\/png"}],"twitter_card":"summary_large_image","twitter_misc":{"Tempo estimado de leitura":"3 minutos"},"schema":{"@context":"https:\/\/schema.org","@graph":[{"@type":"WebPage","@id":"https:\/\/multi-gyn.com\/pt\/saude-vaginal\/infecoes\/diferencas-entre-vaginose-bacteriana-e-infecao-vaginal-fungica-candidiase\/","url":"https:\/\/multi-gyn.com\/pt\/saude-vaginal\/infecoes\/diferencas-entre-vaginose-bacteriana-e-infecao-vaginal-fungica-candidiase\/","name":"Diferen\u00e7as entre vaginose bacteriana e infe\u00e7\u00e3o vaginal f\u00fangica (candid\u00edase) - Multi-Gyn","isPartOf":{"@id":"https:\/\/multi-gyn.com\/pt\/#website"},"primaryImageOfPage":{"@id":"https:\/\/multi-gyn.com\/pt\/saude-vaginal\/infecoes\/diferencas-entre-vaginose-bacteriana-e-infecao-vaginal-fungica-candidiase\/#primaryimage"},"image":{"@id":"https:\/\/multi-gyn.com\/pt\/saude-vaginal\/infecoes\/diferencas-entre-vaginose-bacteriana-e-infecao-vaginal-fungica-candidiase\/#primaryimage"},"thumbnailUrl":"https:\/\/multi-gyn.com\/app\/uploads\/sites\/34\/2022\/12\/Infographic-Bacterial-Vaginosis-versus-Yeast.png","datePublished":"2022-12-09T12:54:40+00:00","dateModified":"2025-04-28T09:43:16+00:00","description":"Hoje, sabe-se que a vaginose bacteriana \u00e9 t\u00e3o comum quanto a candid\u00edase, surge em cerca de 1\/3 das mulheres, e \u00e9 tratada de uma forma totalmente diferente.","breadcrumb":{"@id":"https:\/\/multi-gyn.com\/pt\/saude-vaginal\/infecoes\/diferencas-entre-vaginose-bacteriana-e-infecao-vaginal-fungica-candidiase\/#breadcrumb"},"inLanguage":"pt-PT","potentialAction":[{"@type":"ReadAction","target":["https:\/\/multi-gyn.com\/pt\/saude-vaginal\/infecoes\/diferencas-entre-vaginose-bacteriana-e-infecao-vaginal-fungica-candidiase\/"]}]},{"@type":"ImageObject","inLanguage":"pt-PT","@id":"https:\/\/multi-gyn.com\/pt\/saude-vaginal\/infecoes\/diferencas-entre-vaginose-bacteriana-e-infecao-vaginal-fungica-candidiase\/#primaryimage","url":"https:\/\/multi-gyn.com\/app\/uploads\/sites\/34\/2022\/12\/Infographic-Bacterial-Vaginosis-versus-Yeast.png","contentUrl":"https:\/\/multi-gyn.com\/app\/uploads\/sites\/34\/2022\/12\/Infographic-Bacterial-Vaginosis-versus-Yeast.png"},{"@type":"BreadcrumbList","@id":"https:\/\/multi-gyn.com\/pt\/saude-vaginal\/infecoes\/diferencas-entre-vaginose-bacteriana-e-infecao-vaginal-fungica-candidiase\/#breadcrumb","itemListElement":[{"@type":"ListItem","position":1,"name":"Home","item":"https:\/\/multi-gyn.com\/pt\/"},{"@type":"ListItem","position":2,"name":"Sa\u00fade vaginal","item":"https:\/\/multi-gyn.com\/pt\/saude-vaginal\/"},{"@type":"ListItem","position":3,"name":"Infe\u00e7\u00f5es","item":"https:\/\/multi-gyn.com\/pt\/saude-vaginal\/infecoes\/"},{"@type":"ListItem","position":4,"name":"Diferen\u00e7as entre vaginose bacteriana e infe\u00e7\u00e3o vaginal f\u00fangica (candid\u00edase)"}]},{"@type":"WebSite","@id":"https:\/\/multi-gyn.com\/pt\/#website","url":"https:\/\/multi-gyn.com\/pt\/","name":"Multi-Gyn","description":"","publisher":{"@id":"https:\/\/multi-gyn.com\/pt\/#organization"},"potentialAction":[{"@type":"SearchAction","target":{"@type":"EntryPoint","urlTemplate":"https:\/\/multi-gyn.com\/pt\/?s={search_term_string}"},"query-input":{"@type":"PropertyValueSpecification","valueRequired":true,"valueName":"search_term_string"}}],"inLanguage":"pt-PT"},{"@type":"Organization","@id":"https:\/\/multi-gyn.com\/pt\/#organization","name":"Multi-Gyn","url":"https:\/\/multi-gyn.com\/pt\/","logo":{"@type":"ImageObject","inLanguage":"pt-PT","@id":"https:\/\/multi-gyn.com\/pt\/#\/schema\/logo\/image\/","url":"https:\/\/multi-gyn.com\/app\/uploads\/sites\/34\/2022\/11\/multi-gyn-logo.png","contentUrl":"https:\/\/multi-gyn.com\/app\/uploads\/sites\/34\/2022\/11\/multi-gyn-logo.png","width":149,"height":32,"caption":"Multi-Gyn"},"image":{"@id":"https:\/\/multi-gyn.com\/pt\/#\/schema\/logo\/image\/"}}]}},"_links":{"self":[{"href":"https:\/\/multi-gyn.com\/pt\/wp-json\/wp\/v2\/pages\/480","targetHints":{"allow":["GET"]}}],"collection":[{"href":"https:\/\/multi-gyn.com\/pt\/wp-json\/wp\/v2\/pages"}],"about":[{"href":"https:\/\/multi-gyn.com\/pt\/wp-json\/wp\/v2\/types\/page"}],"author":[{"embeddable":true,"href":"https:\/\/multi-gyn.com\/pt\/wp-json\/wp\/v2\/users\/6"}],"replies":[{"embeddable":true,"href":"https:\/\/multi-gyn.com\/pt\/wp-json\/wp\/v2\/comments?post=480"}],"version-history":[{"count":4,"href":"https:\/\/multi-gyn.com\/pt\/wp-json\/wp\/v2\/pages\/480\/revisions"}],"predecessor-version":[{"id":743,"href":"https:\/\/multi-gyn.com\/pt\/wp-json\/wp\/v2\/pages\/480\/revisions\/743"}],"up":[{"embeddable":true,"href":"https:\/\/multi-gyn.com\/pt\/wp-json\/wp\/v2\/pages\/177"}],"wp:attachment":[{"href":"https:\/\/multi-gyn.com\/pt\/wp-json\/wp\/v2\/media?parent=480"}],"wp:term":[{"taxonomy":"from-article-database","embeddable":true,"href":"https:\/\/multi-gyn.com\/pt\/wp-json\/wp\/v2\/from-article-database?post=480"}],"curies":[{"name":"wp","href":"https:\/\/api.w.org\/{rel}","templated":true}]}}