{"id":485,"date":"2022-12-09T15:25:41","date_gmt":"2022-12-09T15:25:41","guid":{"rendered":"https:\/\/multi-gyn.com\/pt\/?page_id=485"},"modified":"2025-04-28T10:43:14","modified_gmt":"2025-04-28T09:43:14","slug":"infecoes-vaginais-e-antibioticos","status":"publish","type":"page","link":"https:\/\/multi-gyn.com\/pt\/saude-vaginal\/infecoes\/infecoes-vaginais-e-antibioticos\/","title":{"rendered":"Infe\u00e7\u00f5es vaginais e antibi\u00f3ticos"},"content":{"rendered":"\n<div class=\"wp-block-karopharma-free-text pt-large pb-large bg-center bg-cover bg-no-repeat  is-style-primary\" style=\"background-image:url()\"><div class=\"free-text-wrapper container max-w-medium text-left\">\n<h1 class=\"wp-block-heading\">Infe\u00e7\u00f5es vaginais e antibi\u00f3ticos<\/h1>\n\n\n\n<p class=\"is-style-paragraph-preamble\">Infe\u00e7\u00f5es vaginais podem ser causadas por muitos fatores. Uma causa comum destas infe\u00e7\u00f5es \u00e9 a utiliza\u00e7\u00e3o de antibi\u00f3ticos. Saiba mais como os antibi\u00f3ticos podem perturbar o seu equil\u00edbrio vaginal e prevenir desconfortos vaginais provenientes de efeitos secund\u00e1rios do tratamento com antibi\u00f3ticos.<\/p>\n<\/div><\/div>\n\n\n\n<div class=\"wp-block-karopharma-free-text pt-large pb-large bg-center bg-cover bg-no-repeat\" style=\"background-image:url()\"><div class=\"free-text-wrapper container max-w-medium text-left\">\n<h2 class=\"is-style-heading-h2 wp-block-heading\">Como funciona um antibi\u00f3tico<\/h2>\n\n\n\n<p>Antibi\u00f3ticos s\u00e3o um grupo de medicamentos que atuam a eliminar bact\u00e9rias ou fazem com que estas parem de se desenvolver, de forma a parar infe\u00e7\u00f5es e ajudar o corpo a combater a doen\u00e7a. Este tipo de medicamentos s\u00e3o frequentemente utilizados para tudo, desde dores de garganta a infe\u00e7\u00f5es em \u00f3rg\u00e3os. Apesar de os antibi\u00f3ticos serem bastante eficazes e um grupo seguro de medicamentos, eles n\u00e3o atuam de forma seletiva \u2013 o que significa que n\u00e3o eliminam apenas as bact\u00e9rias que atacam o nosso corpo, eles tamb\u00e9m reduzem o n\u00famero de bact\u00e9rias saud\u00e1veis que vivem normalmente no nosso corpo. Estas bact\u00e9rias saud\u00e1veis n\u00e3o causam problemas, e s\u00e3o muitas vezes ben\u00e9ficas para a nossa sa\u00fade. Eliminar estas bact\u00e9rias \u00e9 um efeito secund\u00e1rio reconhecido como n\u00e3o ben\u00e9fico do tratamento com antibi\u00f3ticos.<\/p>\n\n\n\n<h2 class=\"is-style-heading-h2 wp-block-heading\">Infe\u00e7\u00f5es vaginais ap\u00f3s a toma de antibi\u00f3ticos<\/h2>\n\n\n\n<p>Reduzir o n\u00famero de bact\u00e9rias saud\u00e1veis oferece espa\u00e7o para que as bact\u00e9rias nocivas e fungos se desenvolvam. \u00c9 por isto que \u00e9 comum as mulheres terem vaginose bacteriana ou infe\u00e7\u00f5es vaginais f\u00fangicas (candid\u00edase) logo ap\u00f3s, ou at\u00e9 mesmo durante, a toma de antibi\u00f3ticos. Tamb\u00e9m acontece regularmente que a mulher utilize antibi\u00f3ticos para tratar uma infe\u00e7\u00e3o vaginal existente, mas ap\u00f3s a infe\u00e7\u00e3o inicial ser tratada, um problema secund\u00e1rio pode surgir. Isto acontece porque a flora vaginal fica danificada ap\u00f3s a toma de antibi\u00f3ticos, resultando no aumento do risco de recorr\u00eancia de vaginose bacteriana ou infe\u00e7\u00e3o vaginal f\u00fangica (candid\u00edase) que poder\u00e1 necessitar de tratamento adicional.<\/p>\n\n\n\n<p>Para que se possa proteger de infe\u00e7\u00f5es vaginais causadas por antibi\u00f3ticos, use um produto que contenha prebi\u00f3ticos. Os prebi\u00f3ticos estimulam o crescimento das bact\u00e9rias saud\u00e1veis, ajudando a flora vaginal a recuperar. Assim, os prebi\u00f3ticos podem ajudar a prevenir infe\u00e7\u00f5es vaginais causadas por antibi\u00f3ticos ou outros fatores, e podem acelerar a recupera\u00e7\u00e3o ap\u00f3s os sintomas j\u00e1 terem surgido.<\/p>\n<\/div><\/div>\n","protected":false},"excerpt":{"rendered":"","protected":false},"author":6,"featured_media":0,"parent":177,"menu_order":0,"comment_status":"closed","ping_status":"closed","template":"","meta":{"_acf_changed":false,"footnotes":""},"from-article-database":[],"class_list":["post-485","page","type-page","status-publish","hentry"],"acf":[],"yoast_head":"<!-- This site is optimized with the Yoast SEO plugin v26.6 - https:\/\/yoast.com\/wordpress\/plugins\/seo\/ -->\n<title>Infe\u00e7\u00f5es vaginais e antibi\u00f3ticos - Multi-Gyn<\/title>\n<meta name=\"description\" content=\"Infe\u00e7\u00f5es vaginais podem ser causadas por muitos fatores. Uma causa comum destas infe\u00e7\u00f5es \u00e9 a utiliza\u00e7\u00e3o de antibi\u00f3ticos.\" \/>\n<meta name=\"robots\" content=\"index, follow, max-snippet:-1, max-image-preview:large, max-video-preview:-1\" \/>\n<link rel=\"canonical\" href=\"https:\/\/multi-gyn.com\/pt\/saude-vaginal\/infecoes\/infecoes-vaginais-e-antibioticos\/\" \/>\n<meta property=\"og:locale\" content=\"pt_PT\" \/>\n<meta property=\"og:type\" content=\"article\" \/>\n<meta property=\"og:title\" content=\"Infe\u00e7\u00f5es vaginais e antibi\u00f3ticos - Multi-Gyn\" \/>\n<meta property=\"og:description\" content=\"Infe\u00e7\u00f5es vaginais podem ser causadas por muitos fatores. Uma causa comum destas infe\u00e7\u00f5es \u00e9 a utiliza\u00e7\u00e3o de antibi\u00f3ticos.\" \/>\n<meta property=\"og:url\" content=\"https:\/\/multi-gyn.com\/pt\/saude-vaginal\/infecoes\/infecoes-vaginais-e-antibioticos\/\" \/>\n<meta property=\"og:site_name\" content=\"Multi-Gyn\" \/>\n<meta property=\"article:modified_time\" content=\"2025-04-28T09:43:14+00:00\" \/>\n<meta name=\"twitter:card\" content=\"summary_large_image\" \/>\n<meta name=\"twitter:label1\" content=\"Tempo estimado de leitura\" \/>\n\t<meta name=\"twitter:data1\" content=\"2 minutos\" \/>\n<script type=\"application\/ld+json\" class=\"yoast-schema-graph\">{\"@context\":\"https:\/\/schema.org\",\"@graph\":[{\"@type\":\"WebPage\",\"@id\":\"https:\/\/multi-gyn.com\/pt\/saude-vaginal\/infecoes\/infecoes-vaginais-e-antibioticos\/\",\"url\":\"https:\/\/multi-gyn.com\/pt\/saude-vaginal\/infecoes\/infecoes-vaginais-e-antibioticos\/\",\"name\":\"Infe\u00e7\u00f5es vaginais e antibi\u00f3ticos - Multi-Gyn\",\"isPartOf\":{\"@id\":\"https:\/\/multi-gyn.com\/pt\/#website\"},\"datePublished\":\"2022-12-09T15:25:41+00:00\",\"dateModified\":\"2025-04-28T09:43:14+00:00\",\"description\":\"Infe\u00e7\u00f5es vaginais podem ser causadas por muitos fatores. Uma causa comum destas infe\u00e7\u00f5es \u00e9 a utiliza\u00e7\u00e3o de antibi\u00f3ticos.\",\"breadcrumb\":{\"@id\":\"https:\/\/multi-gyn.com\/pt\/saude-vaginal\/infecoes\/infecoes-vaginais-e-antibioticos\/#breadcrumb\"},\"inLanguage\":\"pt-PT\",\"potentialAction\":[{\"@type\":\"ReadAction\",\"target\":[\"https:\/\/multi-gyn.com\/pt\/saude-vaginal\/infecoes\/infecoes-vaginais-e-antibioticos\/\"]}]},{\"@type\":\"BreadcrumbList\",\"@id\":\"https:\/\/multi-gyn.com\/pt\/saude-vaginal\/infecoes\/infecoes-vaginais-e-antibioticos\/#breadcrumb\",\"itemListElement\":[{\"@type\":\"ListItem\",\"position\":1,\"name\":\"Home\",\"item\":\"https:\/\/multi-gyn.com\/pt\/\"},{\"@type\":\"ListItem\",\"position\":2,\"name\":\"Sa\u00fade vaginal\",\"item\":\"https:\/\/multi-gyn.com\/pt\/saude-vaginal\/\"},{\"@type\":\"ListItem\",\"position\":3,\"name\":\"Infe\u00e7\u00f5es\",\"item\":\"https:\/\/multi-gyn.com\/pt\/saude-vaginal\/infecoes\/\"},{\"@type\":\"ListItem\",\"position\":4,\"name\":\"Infe\u00e7\u00f5es vaginais e antibi\u00f3ticos\"}]},{\"@type\":\"WebSite\",\"@id\":\"https:\/\/multi-gyn.com\/pt\/#website\",\"url\":\"https:\/\/multi-gyn.com\/pt\/\",\"name\":\"Multi-Gyn\",\"description\":\"\",\"publisher\":{\"@id\":\"https:\/\/multi-gyn.com\/pt\/#organization\"},\"potentialAction\":[{\"@type\":\"SearchAction\",\"target\":{\"@type\":\"EntryPoint\",\"urlTemplate\":\"https:\/\/multi-gyn.com\/pt\/?s={search_term_string}\"},\"query-input\":{\"@type\":\"PropertyValueSpecification\",\"valueRequired\":true,\"valueName\":\"search_term_string\"}}],\"inLanguage\":\"pt-PT\"},{\"@type\":\"Organization\",\"@id\":\"https:\/\/multi-gyn.com\/pt\/#organization\",\"name\":\"Multi-Gyn\",\"url\":\"https:\/\/multi-gyn.com\/pt\/\",\"logo\":{\"@type\":\"ImageObject\",\"inLanguage\":\"pt-PT\",\"@id\":\"https:\/\/multi-gyn.com\/pt\/#\/schema\/logo\/image\/\",\"url\":\"https:\/\/multi-gyn.com\/app\/uploads\/sites\/34\/2022\/11\/multi-gyn-logo.png\",\"contentUrl\":\"https:\/\/multi-gyn.com\/app\/uploads\/sites\/34\/2022\/11\/multi-gyn-logo.png\",\"width\":149,\"height\":32,\"caption\":\"Multi-Gyn\"},\"image\":{\"@id\":\"https:\/\/multi-gyn.com\/pt\/#\/schema\/logo\/image\/\"}}]}<\/script>\n<!-- \/ Yoast SEO plugin. -->","yoast_head_json":{"title":"Infe\u00e7\u00f5es vaginais e antibi\u00f3ticos - Multi-Gyn","description":"Infe\u00e7\u00f5es vaginais podem ser causadas por muitos fatores. Uma causa comum destas infe\u00e7\u00f5es \u00e9 a utiliza\u00e7\u00e3o de antibi\u00f3ticos.","robots":{"index":"index","follow":"follow","max-snippet":"max-snippet:-1","max-image-preview":"max-image-preview:large","max-video-preview":"max-video-preview:-1"},"canonical":"https:\/\/multi-gyn.com\/pt\/saude-vaginal\/infecoes\/infecoes-vaginais-e-antibioticos\/","og_locale":"pt_PT","og_type":"article","og_title":"Infe\u00e7\u00f5es vaginais e antibi\u00f3ticos - Multi-Gyn","og_description":"Infe\u00e7\u00f5es vaginais podem ser causadas por muitos fatores. Uma causa comum destas infe\u00e7\u00f5es \u00e9 a utiliza\u00e7\u00e3o de antibi\u00f3ticos.","og_url":"https:\/\/multi-gyn.com\/pt\/saude-vaginal\/infecoes\/infecoes-vaginais-e-antibioticos\/","og_site_name":"Multi-Gyn","article_modified_time":"2025-04-28T09:43:14+00:00","twitter_card":"summary_large_image","twitter_misc":{"Tempo estimado de leitura":"2 minutos"},"schema":{"@context":"https:\/\/schema.org","@graph":[{"@type":"WebPage","@id":"https:\/\/multi-gyn.com\/pt\/saude-vaginal\/infecoes\/infecoes-vaginais-e-antibioticos\/","url":"https:\/\/multi-gyn.com\/pt\/saude-vaginal\/infecoes\/infecoes-vaginais-e-antibioticos\/","name":"Infe\u00e7\u00f5es vaginais e antibi\u00f3ticos - Multi-Gyn","isPartOf":{"@id":"https:\/\/multi-gyn.com\/pt\/#website"},"datePublished":"2022-12-09T15:25:41+00:00","dateModified":"2025-04-28T09:43:14+00:00","description":"Infe\u00e7\u00f5es vaginais podem ser causadas por muitos fatores. Uma causa comum destas infe\u00e7\u00f5es \u00e9 a utiliza\u00e7\u00e3o de antibi\u00f3ticos.","breadcrumb":{"@id":"https:\/\/multi-gyn.com\/pt\/saude-vaginal\/infecoes\/infecoes-vaginais-e-antibioticos\/#breadcrumb"},"inLanguage":"pt-PT","potentialAction":[{"@type":"ReadAction","target":["https:\/\/multi-gyn.com\/pt\/saude-vaginal\/infecoes\/infecoes-vaginais-e-antibioticos\/"]}]},{"@type":"BreadcrumbList","@id":"https:\/\/multi-gyn.com\/pt\/saude-vaginal\/infecoes\/infecoes-vaginais-e-antibioticos\/#breadcrumb","itemListElement":[{"@type":"ListItem","position":1,"name":"Home","item":"https:\/\/multi-gyn.com\/pt\/"},{"@type":"ListItem","position":2,"name":"Sa\u00fade vaginal","item":"https:\/\/multi-gyn.com\/pt\/saude-vaginal\/"},{"@type":"ListItem","position":3,"name":"Infe\u00e7\u00f5es","item":"https:\/\/multi-gyn.com\/pt\/saude-vaginal\/infecoes\/"},{"@type":"ListItem","position":4,"name":"Infe\u00e7\u00f5es vaginais e antibi\u00f3ticos"}]},{"@type":"WebSite","@id":"https:\/\/multi-gyn.com\/pt\/#website","url":"https:\/\/multi-gyn.com\/pt\/","name":"Multi-Gyn","description":"","publisher":{"@id":"https:\/\/multi-gyn.com\/pt\/#organization"},"potentialAction":[{"@type":"SearchAction","target":{"@type":"EntryPoint","urlTemplate":"https:\/\/multi-gyn.com\/pt\/?s={search_term_string}"},"query-input":{"@type":"PropertyValueSpecification","valueRequired":true,"valueName":"search_term_string"}}],"inLanguage":"pt-PT"},{"@type":"Organization","@id":"https:\/\/multi-gyn.com\/pt\/#organization","name":"Multi-Gyn","url":"https:\/\/multi-gyn.com\/pt\/","logo":{"@type":"ImageObject","inLanguage":"pt-PT","@id":"https:\/\/multi-gyn.com\/pt\/#\/schema\/logo\/image\/","url":"https:\/\/multi-gyn.com\/app\/uploads\/sites\/34\/2022\/11\/multi-gyn-logo.png","contentUrl":"https:\/\/multi-gyn.com\/app\/uploads\/sites\/34\/2022\/11\/multi-gyn-logo.png","width":149,"height":32,"caption":"Multi-Gyn"},"image":{"@id":"https:\/\/multi-gyn.com\/pt\/#\/schema\/logo\/image\/"}}]}},"_links":{"self":[{"href":"https:\/\/multi-gyn.com\/pt\/wp-json\/wp\/v2\/pages\/485","targetHints":{"allow":["GET"]}}],"collection":[{"href":"https:\/\/multi-gyn.com\/pt\/wp-json\/wp\/v2\/pages"}],"about":[{"href":"https:\/\/multi-gyn.com\/pt\/wp-json\/wp\/v2\/types\/page"}],"author":[{"embeddable":true,"href":"https:\/\/multi-gyn.com\/pt\/wp-json\/wp\/v2\/users\/6"}],"replies":[{"embeddable":true,"href":"https:\/\/multi-gyn.com\/pt\/wp-json\/wp\/v2\/comments?post=485"}],"version-history":[{"count":1,"href":"https:\/\/multi-gyn.com\/pt\/wp-json\/wp\/v2\/pages\/485\/revisions"}],"predecessor-version":[{"id":486,"href":"https:\/\/multi-gyn.com\/pt\/wp-json\/wp\/v2\/pages\/485\/revisions\/486"}],"up":[{"embeddable":true,"href":"https:\/\/multi-gyn.com\/pt\/wp-json\/wp\/v2\/pages\/177"}],"wp:attachment":[{"href":"https:\/\/multi-gyn.com\/pt\/wp-json\/wp\/v2\/media?parent=485"}],"wp:term":[{"taxonomy":"from-article-database","embeddable":true,"href":"https:\/\/multi-gyn.com\/pt\/wp-json\/wp\/v2\/from-article-database?post=485"}],"curies":[{"name":"wp","href":"https:\/\/api.w.org\/{rel}","templated":true}]}}