{"id":488,"date":"2022-12-09T15:33:04","date_gmt":"2022-12-09T15:33:04","guid":{"rendered":"https:\/\/multi-gyn.com\/pt\/?page_id=488"},"modified":"2025-04-28T10:43:12","modified_gmt":"2025-04-28T09:43:12","slug":"infecao-vaginal-fungica","status":"publish","type":"page","link":"https:\/\/multi-gyn.com\/pt\/saude-vaginal\/infecoes\/infecao-vaginal-fungica\/","title":{"rendered":"Infe\u00e7\u00e3o vaginal f\u00fangica"},"content":{"rendered":"\n<div class=\"wp-block-karopharma-free-text pt-large pb-large bg-center bg-cover bg-no-repeat  is-style-primary\" style=\"background-image:url()\"><div class=\"free-text-wrapper container max-w-medium text-left\">\n<h1 class=\"wp-block-heading\">Infe\u00e7\u00e3o vaginal f\u00fangica<\/h1>\n\n\n\n<p class=\"is-style-paragraph-preamble\">Muitos desconfortos vaginais podem ser ligados a fungos, tamb\u00e9m conhecidos como candid\u00edase vaginal ou c\u00e2ndida. Uma infe\u00e7\u00e3o vaginal f\u00fangica (candid\u00edase) \u00e9 causada pela\u00a0<em>Candida Albicans<\/em>, um microrganismo que \u00e9 encontrado frequentemente na nossa pele e membranas mucosas. Contudo, quando a flora vaginal \u00e9 perturbada pela toma de antibi\u00f3ticos, lavagens excessivas, secura vaginal, ou devido a outros fatores como flutua\u00e7\u00f5es hormonais, o fungo c\u00e2ndida pode desenvolver-se e causar desconfortos como prurido, irrita\u00e7\u00e3o, dor e corrimento. A isto referimo-nos como infe\u00e7\u00e3o vaginal f\u00fangica (candid\u00edase). Algumas mulheres s\u00e3o mais propensas a infe\u00e7\u00f5es vaginais f\u00fangicas do que outras.<\/p>\n<\/div><\/div>\n\n\n\n<div class=\"wp-block-karopharma-free-text pt-large pb-large bg-center bg-cover bg-no-repeat\" style=\"background-image:url()\"><div class=\"free-text-wrapper container max-w-medium text-left\">\n<h2 class=\"is-style-heading-h2 wp-block-heading\">Sintomas de infe\u00e7\u00e3o vaginal f\u00fangica<\/h2>\n\n\n\n<p>Os principais sintomas de uma infe\u00e7\u00e3o vaginal f\u00fangica (candid\u00edase) s\u00e3o:<\/p>\n\n\n\n<ul class=\"is-style-default wp-block-list\"><li>Prurido e irrita\u00e7\u00e3o vaginal<\/li><li>Corrimento anormal, esbranqui\u00e7ado e espesso, com um aspeto id\u00eantico a requeij\u00e3o.<\/li><li>Vermelhid\u00e3o e sensibilidade<\/li><li>Dor vaginal, especialmente durante rela\u00e7\u00f5es sexuais<\/li><\/ul>\n\n\n\n<p>\u00c9 importante diferenciar uma infe\u00e7\u00e3o vaginal f\u00fangica (candid\u00edase) de vaginose bacteriana. Apesar de ambos os problemas apresentarem sintomas similares, o tratamento apropriado \u00e9 consideravelmente diferente.<\/p>\n\n\n\n<h2 class=\"is-style-heading-h2 wp-block-heading\">Como tratar uma infe\u00e7\u00e3o vaginal f\u00fangica<\/h2>\n\n\n\n<p>Na maioria dos casos, uma candid\u00edase n\u00e3o \u00e9 considerada uma infe\u00e7\u00e3o, mas sim vista como um desequil\u00edbrio da flora vaginal, por isso o tratamento n\u00e3o se aplica aos parceiros masculinos. A c\u00e2ndida pode ser facilmente tratada com antimic\u00f3ticos, contudo os seus efeitos n\u00e3o evitam que a infe\u00e7\u00e3o vaginal f\u00fangica (candid\u00edase) tenha recorr\u00eancias. Produtos naturais, ao contr\u00e1rio de abordagens com antibi\u00f3ticos s\u00e3o considerados uma solu\u00e7\u00e3o de longo prazo, pois otimizam a flora vaginal, ajudam a combater a infe\u00e7\u00e3o vaginal f\u00fangica (candid\u00edase) e \u00e9 um m\u00e9todo preventivo de recorr\u00eancias da c\u00e2ndida. A infe\u00e7\u00e3o pode por vezes causar dor e sensibilidade e por isso causa dores durante as rela\u00e7\u00f5es sexuais. Existem produtos que aliviam o prurido e a irrita\u00e7\u00e3o vaginal (sprays, cremes e geles), mas que por si s\u00f3 tratam a causa do prurido. Estes produtos podem ser utilizados como coadjuvantes do tratamento principal. Se os sintomas n\u00e3o melhorarem ap\u00f3s algum tempo, deve falar com o seu m\u00e9dico ou ginecologista.<\/p>\n\n\n\n<h2 class=\"is-style-heading-h2 wp-block-heading\">Como prevenir uma infe\u00e7\u00e3o vaginal f\u00fangica<\/h2>\n\n\n\n<p>Candid\u00edase vaginal \u00e9 frequentemente uma infe\u00e7\u00e3o recorrente: algumas mulheres t\u00eam mais vezes que outras. Isto pode ser devido aos seus n\u00edveis hormonais. As hormonas s\u00e3o tamb\u00e9m respons\u00e1veis pelo aparecimento mais recorrente de candid\u00edase em certos per\u00edodos do ciclo menstrual, bem como durante a gravidez e amamenta\u00e7\u00e3o. Para prevenir desconfortos recorrentes, as mulheres mais propensas para o desenvolvimento de infe\u00e7\u00f5es vaginais f\u00fangicas (candid\u00edase) devem considerar utilizar um gel vaginal, que estimule a flora vaginal ben\u00e9fica e previna o crescimento excessivo da c\u00e2ndida, com intervalos regulares, ou durante os dias precedentes aos seus per\u00edodos mais vulner\u00e1veis.<\/p>\n<\/div><\/div>\n","protected":false},"excerpt":{"rendered":"","protected":false},"author":6,"featured_media":0,"parent":177,"menu_order":0,"comment_status":"closed","ping_status":"closed","template":"","meta":{"_acf_changed":false,"footnotes":""},"from-article-database":[],"class_list":["post-488","page","type-page","status-publish","hentry"],"acf":[],"yoast_head":"<!-- This site is optimized with the Yoast SEO plugin v26.6 - https:\/\/yoast.com\/wordpress\/plugins\/seo\/ -->\n<title>Infe\u00e7\u00e3o vaginal f\u00fangica - Multi-Gyn<\/title>\n<meta name=\"description\" content=\"Muitos desconfortos vaginais podem ser ligados a fungos, tamb\u00e9m conhecidos como candid\u00edase vaginal ou c\u00e2ndida.\" \/>\n<meta name=\"robots\" content=\"index, follow, max-snippet:-1, max-image-preview:large, max-video-preview:-1\" \/>\n<link rel=\"canonical\" href=\"https:\/\/multi-gyn.com\/pt\/saude-vaginal\/infecoes\/infecao-vaginal-fungica\/\" \/>\n<meta property=\"og:locale\" content=\"pt_PT\" \/>\n<meta property=\"og:type\" content=\"article\" \/>\n<meta property=\"og:title\" content=\"Infe\u00e7\u00e3o vaginal f\u00fangica - Multi-Gyn\" \/>\n<meta property=\"og:description\" content=\"Muitos desconfortos vaginais podem ser ligados a fungos, tamb\u00e9m conhecidos como candid\u00edase vaginal ou c\u00e2ndida.\" \/>\n<meta property=\"og:url\" content=\"https:\/\/multi-gyn.com\/pt\/saude-vaginal\/infecoes\/infecao-vaginal-fungica\/\" \/>\n<meta property=\"og:site_name\" content=\"Multi-Gyn\" \/>\n<meta property=\"article:modified_time\" content=\"2025-04-28T09:43:12+00:00\" \/>\n<meta name=\"twitter:card\" content=\"summary_large_image\" \/>\n<meta name=\"twitter:label1\" content=\"Tempo estimado de leitura\" \/>\n\t<meta name=\"twitter:data1\" content=\"3 minutos\" \/>\n<script type=\"application\/ld+json\" class=\"yoast-schema-graph\">{\"@context\":\"https:\/\/schema.org\",\"@graph\":[{\"@type\":\"WebPage\",\"@id\":\"https:\/\/multi-gyn.com\/pt\/saude-vaginal\/infecoes\/infecao-vaginal-fungica\/\",\"url\":\"https:\/\/multi-gyn.com\/pt\/saude-vaginal\/infecoes\/infecao-vaginal-fungica\/\",\"name\":\"Infe\u00e7\u00e3o vaginal f\u00fangica - Multi-Gyn\",\"isPartOf\":{\"@id\":\"https:\/\/multi-gyn.com\/pt\/#website\"},\"datePublished\":\"2022-12-09T15:33:04+00:00\",\"dateModified\":\"2025-04-28T09:43:12+00:00\",\"description\":\"Muitos desconfortos vaginais podem ser ligados a fungos, tamb\u00e9m conhecidos como candid\u00edase vaginal ou c\u00e2ndida.\",\"breadcrumb\":{\"@id\":\"https:\/\/multi-gyn.com\/pt\/saude-vaginal\/infecoes\/infecao-vaginal-fungica\/#breadcrumb\"},\"inLanguage\":\"pt-PT\",\"potentialAction\":[{\"@type\":\"ReadAction\",\"target\":[\"https:\/\/multi-gyn.com\/pt\/saude-vaginal\/infecoes\/infecao-vaginal-fungica\/\"]}]},{\"@type\":\"BreadcrumbList\",\"@id\":\"https:\/\/multi-gyn.com\/pt\/saude-vaginal\/infecoes\/infecao-vaginal-fungica\/#breadcrumb\",\"itemListElement\":[{\"@type\":\"ListItem\",\"position\":1,\"name\":\"Home\",\"item\":\"https:\/\/multi-gyn.com\/pt\/\"},{\"@type\":\"ListItem\",\"position\":2,\"name\":\"Sa\u00fade vaginal\",\"item\":\"https:\/\/multi-gyn.com\/pt\/saude-vaginal\/\"},{\"@type\":\"ListItem\",\"position\":3,\"name\":\"Infe\u00e7\u00f5es\",\"item\":\"https:\/\/multi-gyn.com\/pt\/saude-vaginal\/infecoes\/\"},{\"@type\":\"ListItem\",\"position\":4,\"name\":\"Infe\u00e7\u00e3o vaginal f\u00fangica\"}]},{\"@type\":\"WebSite\",\"@id\":\"https:\/\/multi-gyn.com\/pt\/#website\",\"url\":\"https:\/\/multi-gyn.com\/pt\/\",\"name\":\"Multi-Gyn\",\"description\":\"\",\"publisher\":{\"@id\":\"https:\/\/multi-gyn.com\/pt\/#organization\"},\"potentialAction\":[{\"@type\":\"SearchAction\",\"target\":{\"@type\":\"EntryPoint\",\"urlTemplate\":\"https:\/\/multi-gyn.com\/pt\/?s={search_term_string}\"},\"query-input\":{\"@type\":\"PropertyValueSpecification\",\"valueRequired\":true,\"valueName\":\"search_term_string\"}}],\"inLanguage\":\"pt-PT\"},{\"@type\":\"Organization\",\"@id\":\"https:\/\/multi-gyn.com\/pt\/#organization\",\"name\":\"Multi-Gyn\",\"url\":\"https:\/\/multi-gyn.com\/pt\/\",\"logo\":{\"@type\":\"ImageObject\",\"inLanguage\":\"pt-PT\",\"@id\":\"https:\/\/multi-gyn.com\/pt\/#\/schema\/logo\/image\/\",\"url\":\"https:\/\/multi-gyn.com\/app\/uploads\/sites\/34\/2022\/11\/multi-gyn-logo.png\",\"contentUrl\":\"https:\/\/multi-gyn.com\/app\/uploads\/sites\/34\/2022\/11\/multi-gyn-logo.png\",\"width\":149,\"height\":32,\"caption\":\"Multi-Gyn\"},\"image\":{\"@id\":\"https:\/\/multi-gyn.com\/pt\/#\/schema\/logo\/image\/\"}}]}<\/script>\n<!-- \/ Yoast SEO plugin. -->","yoast_head_json":{"title":"Infe\u00e7\u00e3o vaginal f\u00fangica - Multi-Gyn","description":"Muitos desconfortos vaginais podem ser ligados a fungos, tamb\u00e9m conhecidos como candid\u00edase vaginal ou c\u00e2ndida.","robots":{"index":"index","follow":"follow","max-snippet":"max-snippet:-1","max-image-preview":"max-image-preview:large","max-video-preview":"max-video-preview:-1"},"canonical":"https:\/\/multi-gyn.com\/pt\/saude-vaginal\/infecoes\/infecao-vaginal-fungica\/","og_locale":"pt_PT","og_type":"article","og_title":"Infe\u00e7\u00e3o vaginal f\u00fangica - Multi-Gyn","og_description":"Muitos desconfortos vaginais podem ser ligados a fungos, tamb\u00e9m conhecidos como candid\u00edase vaginal ou c\u00e2ndida.","og_url":"https:\/\/multi-gyn.com\/pt\/saude-vaginal\/infecoes\/infecao-vaginal-fungica\/","og_site_name":"Multi-Gyn","article_modified_time":"2025-04-28T09:43:12+00:00","twitter_card":"summary_large_image","twitter_misc":{"Tempo estimado de leitura":"3 minutos"},"schema":{"@context":"https:\/\/schema.org","@graph":[{"@type":"WebPage","@id":"https:\/\/multi-gyn.com\/pt\/saude-vaginal\/infecoes\/infecao-vaginal-fungica\/","url":"https:\/\/multi-gyn.com\/pt\/saude-vaginal\/infecoes\/infecao-vaginal-fungica\/","name":"Infe\u00e7\u00e3o vaginal f\u00fangica - Multi-Gyn","isPartOf":{"@id":"https:\/\/multi-gyn.com\/pt\/#website"},"datePublished":"2022-12-09T15:33:04+00:00","dateModified":"2025-04-28T09:43:12+00:00","description":"Muitos desconfortos vaginais podem ser ligados a fungos, tamb\u00e9m conhecidos como candid\u00edase vaginal ou c\u00e2ndida.","breadcrumb":{"@id":"https:\/\/multi-gyn.com\/pt\/saude-vaginal\/infecoes\/infecao-vaginal-fungica\/#breadcrumb"},"inLanguage":"pt-PT","potentialAction":[{"@type":"ReadAction","target":["https:\/\/multi-gyn.com\/pt\/saude-vaginal\/infecoes\/infecao-vaginal-fungica\/"]}]},{"@type":"BreadcrumbList","@id":"https:\/\/multi-gyn.com\/pt\/saude-vaginal\/infecoes\/infecao-vaginal-fungica\/#breadcrumb","itemListElement":[{"@type":"ListItem","position":1,"name":"Home","item":"https:\/\/multi-gyn.com\/pt\/"},{"@type":"ListItem","position":2,"name":"Sa\u00fade vaginal","item":"https:\/\/multi-gyn.com\/pt\/saude-vaginal\/"},{"@type":"ListItem","position":3,"name":"Infe\u00e7\u00f5es","item":"https:\/\/multi-gyn.com\/pt\/saude-vaginal\/infecoes\/"},{"@type":"ListItem","position":4,"name":"Infe\u00e7\u00e3o vaginal f\u00fangica"}]},{"@type":"WebSite","@id":"https:\/\/multi-gyn.com\/pt\/#website","url":"https:\/\/multi-gyn.com\/pt\/","name":"Multi-Gyn","description":"","publisher":{"@id":"https:\/\/multi-gyn.com\/pt\/#organization"},"potentialAction":[{"@type":"SearchAction","target":{"@type":"EntryPoint","urlTemplate":"https:\/\/multi-gyn.com\/pt\/?s={search_term_string}"},"query-input":{"@type":"PropertyValueSpecification","valueRequired":true,"valueName":"search_term_string"}}],"inLanguage":"pt-PT"},{"@type":"Organization","@id":"https:\/\/multi-gyn.com\/pt\/#organization","name":"Multi-Gyn","url":"https:\/\/multi-gyn.com\/pt\/","logo":{"@type":"ImageObject","inLanguage":"pt-PT","@id":"https:\/\/multi-gyn.com\/pt\/#\/schema\/logo\/image\/","url":"https:\/\/multi-gyn.com\/app\/uploads\/sites\/34\/2022\/11\/multi-gyn-logo.png","contentUrl":"https:\/\/multi-gyn.com\/app\/uploads\/sites\/34\/2022\/11\/multi-gyn-logo.png","width":149,"height":32,"caption":"Multi-Gyn"},"image":{"@id":"https:\/\/multi-gyn.com\/pt\/#\/schema\/logo\/image\/"}}]}},"_links":{"self":[{"href":"https:\/\/multi-gyn.com\/pt\/wp-json\/wp\/v2\/pages\/488","targetHints":{"allow":["GET"]}}],"collection":[{"href":"https:\/\/multi-gyn.com\/pt\/wp-json\/wp\/v2\/pages"}],"about":[{"href":"https:\/\/multi-gyn.com\/pt\/wp-json\/wp\/v2\/types\/page"}],"author":[{"embeddable":true,"href":"https:\/\/multi-gyn.com\/pt\/wp-json\/wp\/v2\/users\/6"}],"replies":[{"embeddable":true,"href":"https:\/\/multi-gyn.com\/pt\/wp-json\/wp\/v2\/comments?post=488"}],"version-history":[{"count":1,"href":"https:\/\/multi-gyn.com\/pt\/wp-json\/wp\/v2\/pages\/488\/revisions"}],"predecessor-version":[{"id":489,"href":"https:\/\/multi-gyn.com\/pt\/wp-json\/wp\/v2\/pages\/488\/revisions\/489"}],"up":[{"embeddable":true,"href":"https:\/\/multi-gyn.com\/pt\/wp-json\/wp\/v2\/pages\/177"}],"wp:attachment":[{"href":"https:\/\/multi-gyn.com\/pt\/wp-json\/wp\/v2\/media?parent=488"}],"wp:term":[{"taxonomy":"from-article-database","embeddable":true,"href":"https:\/\/multi-gyn.com\/pt\/wp-json\/wp\/v2\/from-article-database?post=488"}],"curies":[{"name":"wp","href":"https:\/\/api.w.org\/{rel}","templated":true}]}}