{"id":491,"date":"2022-12-09T15:41:53","date_gmt":"2022-12-09T15:41:53","guid":{"rendered":"https:\/\/multi-gyn.com\/pt\/?page_id=491"},"modified":"2025-04-28T10:43:10","modified_gmt":"2025-04-28T09:43:10","slug":"causas-das-infecoes-vaginais","status":"publish","type":"page","link":"https:\/\/multi-gyn.com\/pt\/saude-vaginal\/infecoes\/causas-das-infecoes-vaginais\/","title":{"rendered":"Causas das infe\u00e7\u00f5es vaginais"},"content":{"rendered":"\n<div class=\"wp-block-karopharma-free-text pt-large pb-large bg-center bg-cover bg-no-repeat  is-style-primary\" style=\"background-image:url()\"><div class=\"free-text-wrapper container max-w-medium text-left\">\n<h1 class=\"wp-block-heading\">Causas das infe\u00e7\u00f5es vaginais<\/h1>\n\n\n\n<p class=\"is-style-paragraph-preamble\">Se experienciou desconfortos \u00edntimos como corrimento, prurido, ardor, dor ou odor, provavelmente sofreu de uma infe\u00e7\u00e3o vaginal ou vaginite. As infe\u00e7\u00f5es mais comuns s\u00e3o a vaginose bacteriana e a candid\u00edase (infe\u00e7\u00e3o vaginal f\u00fangica), ambas consideradas um desequil\u00edbrio da flora vaginal.<\/p>\n<\/div><\/div>\n\n\n\n<div class=\"wp-block-karopharma-free-text pt-large pb-large bg-center bg-cover bg-no-repeat\" style=\"background-image:url()\"><div class=\"free-text-wrapper container max-w-medium text-left\">\n<p>A vaginose bacteriana pode ser reconhecida pelo ardor ou dor na \u00e1rea \u00edntima, por um corrimento de cor branco acinzentado, com cheiro id\u00eantico a peixe. A candid\u00edase \u00e9 mais conhecida por prurido e irrita\u00e7\u00e3o na \u00e1rea vaginal, corrimento espesso esbranqui\u00e7ado, geralmente descrito como sendo id\u00eantico a requeij\u00e3o.<\/p>\n\n\n\n<h2 class=\"is-style-heading-h2 wp-block-heading\">O que causa a infe\u00e7\u00e3o vaginal?<\/h2>\n\n\n\n<p>Desequil\u00edbrio na flora vaginal \u00e9 uma das causas mais comuns de infe\u00e7\u00f5es vaginais. Assim que o n\u00famero de bact\u00e9rias saud\u00e1veis que vivem dentro da vagina reduz, as bact\u00e9rias nocivas e fungos come\u00e7am a desenvolver-se rapidamente, causando desconforto e infe\u00e7\u00e3o.<\/p>\n\n\n\n<p>O desequil\u00edbrio pode surgir ap\u00f3s a toma de antibi\u00f3ticos, altera\u00e7\u00f5es hormonais, ap\u00f3s a utiliza\u00e7\u00e3o de produtos de limpeza como o sab\u00e3o, banho de espuma, lo\u00e7\u00f5es, ou at\u00e9 mesmo ap\u00f3s utilizar produtos \u00edntimos como sprays vaginais e preservativos.<\/p>\n\n\n\n<p>Desconfortos vaginais podem tamb\u00e9m ocorrer devido a irritantes e alerg\u00e9nicos presentes nos detergentes e amaciadores da roupa, e por vezes devido aos qu\u00edmicos utilizados para colorir a roupa. Roupa interior sint\u00e9tica pode tamb\u00e9m causar irrita\u00e7\u00f5es e promover o crescimento f\u00fangico, bem como pensos higi\u00e9nicos que cont\u00eam aromas e cheiros. O resultado pode ser o crescimento excessivo de bact\u00e9rias, resultando numa vaginose bacteriana ou candid\u00edase. Desconfortos tamb\u00e9m podem ser causados devido a rela\u00e7\u00f5es sexuais n\u00e3o protegidas pela transmiss\u00e3o de infe\u00e7\u00f5es.<\/p>\n\n\n\n<h2 class=\"is-style-heading-h2 wp-block-heading\">O impacto das hormonas<\/h2>\n\n\n\n<p>Outro fator importante que pode afetar a sua sa\u00fade vaginal \u00e9 a sua condi\u00e7\u00e3o hormonal. Altera\u00e7\u00f5es nos n\u00edveis hormonais s\u00e3o percet\u00edveis, pois t\u00eam impacto no desenvolvimento de infe\u00e7\u00f5es vaginais. Podem tamb\u00e9m causar outros problemas.<\/p>\n\n\n\n<p>Os n\u00edveis de estrog\u00e9nio podem diminuir antes da menstrua\u00e7\u00e3o, durante a gravidez ou amamenta\u00e7\u00e3o e durante a menopausa. Isto reduz a lubrifica\u00e7\u00e3o natural das paredes vaginais, fazendo com que a vagina seque e fique propensa a danos durante a penetra\u00e7\u00e3o. Isto resulta em dores durante as rela\u00e7\u00f5es sexuais, inflama\u00e7\u00e3o e sensibilidade.<\/p>\n\n\n\n<p>Se estiver a experienciar sintomas como corrimento, odor, dor, prurido, ardor ou sensibilidade, consulte o seu m\u00e9dico para receber o tratamento apropriado e prevenir futuras complica\u00e7\u00f5es.<\/p>\n<\/div><\/div>\n","protected":false},"excerpt":{"rendered":"","protected":false},"author":6,"featured_media":0,"parent":177,"menu_order":0,"comment_status":"closed","ping_status":"closed","template":"","meta":{"_acf_changed":false,"footnotes":""},"from-article-database":[],"class_list":["post-491","page","type-page","status-publish","hentry"],"acf":[],"yoast_head":"<!-- This site is optimized with the Yoast SEO plugin v26.6 - https:\/\/yoast.com\/wordpress\/plugins\/seo\/ -->\n<title>Causas das infe\u00e7\u00f5es vaginais - Multi-Gyn<\/title>\n<meta name=\"description\" content=\"A vaginose bacteriana pode ser reconhecida pelo ardor ou dor na \u00e1rea \u00edntima, por um corrimento de cor branco acinzentado, com cheiro id\u00eantico a peixe.\" \/>\n<meta name=\"robots\" content=\"index, follow, max-snippet:-1, max-image-preview:large, max-video-preview:-1\" \/>\n<link rel=\"canonical\" href=\"https:\/\/multi-gyn.com\/pt\/saude-vaginal\/infecoes\/causas-das-infecoes-vaginais\/\" \/>\n<meta property=\"og:locale\" content=\"pt_PT\" \/>\n<meta property=\"og:type\" content=\"article\" \/>\n<meta property=\"og:title\" content=\"Causas das infe\u00e7\u00f5es vaginais - Multi-Gyn\" \/>\n<meta property=\"og:description\" content=\"A vaginose bacteriana pode ser reconhecida pelo ardor ou dor na \u00e1rea \u00edntima, por um corrimento de cor branco acinzentado, com cheiro id\u00eantico a peixe.\" \/>\n<meta property=\"og:url\" content=\"https:\/\/multi-gyn.com\/pt\/saude-vaginal\/infecoes\/causas-das-infecoes-vaginais\/\" \/>\n<meta property=\"og:site_name\" content=\"Multi-Gyn\" \/>\n<meta property=\"article:modified_time\" content=\"2025-04-28T09:43:10+00:00\" \/>\n<meta name=\"twitter:card\" content=\"summary_large_image\" \/>\n<meta name=\"twitter:label1\" content=\"Tempo estimado de leitura\" \/>\n\t<meta name=\"twitter:data1\" content=\"3 minutos\" \/>\n<script type=\"application\/ld+json\" class=\"yoast-schema-graph\">{\"@context\":\"https:\/\/schema.org\",\"@graph\":[{\"@type\":\"WebPage\",\"@id\":\"https:\/\/multi-gyn.com\/pt\/saude-vaginal\/infecoes\/causas-das-infecoes-vaginais\/\",\"url\":\"https:\/\/multi-gyn.com\/pt\/saude-vaginal\/infecoes\/causas-das-infecoes-vaginais\/\",\"name\":\"Causas das infe\u00e7\u00f5es vaginais - Multi-Gyn\",\"isPartOf\":{\"@id\":\"https:\/\/multi-gyn.com\/pt\/#website\"},\"datePublished\":\"2022-12-09T15:41:53+00:00\",\"dateModified\":\"2025-04-28T09:43:10+00:00\",\"description\":\"A vaginose bacteriana pode ser reconhecida pelo ardor ou dor na \u00e1rea \u00edntima, por um corrimento de cor branco acinzentado, com cheiro id\u00eantico a peixe.\",\"breadcrumb\":{\"@id\":\"https:\/\/multi-gyn.com\/pt\/saude-vaginal\/infecoes\/causas-das-infecoes-vaginais\/#breadcrumb\"},\"inLanguage\":\"pt-PT\",\"potentialAction\":[{\"@type\":\"ReadAction\",\"target\":[\"https:\/\/multi-gyn.com\/pt\/saude-vaginal\/infecoes\/causas-das-infecoes-vaginais\/\"]}]},{\"@type\":\"BreadcrumbList\",\"@id\":\"https:\/\/multi-gyn.com\/pt\/saude-vaginal\/infecoes\/causas-das-infecoes-vaginais\/#breadcrumb\",\"itemListElement\":[{\"@type\":\"ListItem\",\"position\":1,\"name\":\"Home\",\"item\":\"https:\/\/multi-gyn.com\/pt\/\"},{\"@type\":\"ListItem\",\"position\":2,\"name\":\"Sa\u00fade vaginal\",\"item\":\"https:\/\/multi-gyn.com\/pt\/saude-vaginal\/\"},{\"@type\":\"ListItem\",\"position\":3,\"name\":\"Infe\u00e7\u00f5es\",\"item\":\"https:\/\/multi-gyn.com\/pt\/saude-vaginal\/infecoes\/\"},{\"@type\":\"ListItem\",\"position\":4,\"name\":\"Causas das infe\u00e7\u00f5es vaginais\"}]},{\"@type\":\"WebSite\",\"@id\":\"https:\/\/multi-gyn.com\/pt\/#website\",\"url\":\"https:\/\/multi-gyn.com\/pt\/\",\"name\":\"Multi-Gyn\",\"description\":\"\",\"publisher\":{\"@id\":\"https:\/\/multi-gyn.com\/pt\/#organization\"},\"potentialAction\":[{\"@type\":\"SearchAction\",\"target\":{\"@type\":\"EntryPoint\",\"urlTemplate\":\"https:\/\/multi-gyn.com\/pt\/?s={search_term_string}\"},\"query-input\":{\"@type\":\"PropertyValueSpecification\",\"valueRequired\":true,\"valueName\":\"search_term_string\"}}],\"inLanguage\":\"pt-PT\"},{\"@type\":\"Organization\",\"@id\":\"https:\/\/multi-gyn.com\/pt\/#organization\",\"name\":\"Multi-Gyn\",\"url\":\"https:\/\/multi-gyn.com\/pt\/\",\"logo\":{\"@type\":\"ImageObject\",\"inLanguage\":\"pt-PT\",\"@id\":\"https:\/\/multi-gyn.com\/pt\/#\/schema\/logo\/image\/\",\"url\":\"https:\/\/multi-gyn.com\/app\/uploads\/sites\/34\/2022\/11\/multi-gyn-logo.png\",\"contentUrl\":\"https:\/\/multi-gyn.com\/app\/uploads\/sites\/34\/2022\/11\/multi-gyn-logo.png\",\"width\":149,\"height\":32,\"caption\":\"Multi-Gyn\"},\"image\":{\"@id\":\"https:\/\/multi-gyn.com\/pt\/#\/schema\/logo\/image\/\"}}]}<\/script>\n<!-- \/ Yoast SEO plugin. -->","yoast_head_json":{"title":"Causas das infe\u00e7\u00f5es vaginais - Multi-Gyn","description":"A vaginose bacteriana pode ser reconhecida pelo ardor ou dor na \u00e1rea \u00edntima, por um corrimento de cor branco acinzentado, com cheiro id\u00eantico a peixe.","robots":{"index":"index","follow":"follow","max-snippet":"max-snippet:-1","max-image-preview":"max-image-preview:large","max-video-preview":"max-video-preview:-1"},"canonical":"https:\/\/multi-gyn.com\/pt\/saude-vaginal\/infecoes\/causas-das-infecoes-vaginais\/","og_locale":"pt_PT","og_type":"article","og_title":"Causas das infe\u00e7\u00f5es vaginais - Multi-Gyn","og_description":"A vaginose bacteriana pode ser reconhecida pelo ardor ou dor na \u00e1rea \u00edntima, por um corrimento de cor branco acinzentado, com cheiro id\u00eantico a peixe.","og_url":"https:\/\/multi-gyn.com\/pt\/saude-vaginal\/infecoes\/causas-das-infecoes-vaginais\/","og_site_name":"Multi-Gyn","article_modified_time":"2025-04-28T09:43:10+00:00","twitter_card":"summary_large_image","twitter_misc":{"Tempo estimado de leitura":"3 minutos"},"schema":{"@context":"https:\/\/schema.org","@graph":[{"@type":"WebPage","@id":"https:\/\/multi-gyn.com\/pt\/saude-vaginal\/infecoes\/causas-das-infecoes-vaginais\/","url":"https:\/\/multi-gyn.com\/pt\/saude-vaginal\/infecoes\/causas-das-infecoes-vaginais\/","name":"Causas das infe\u00e7\u00f5es vaginais - Multi-Gyn","isPartOf":{"@id":"https:\/\/multi-gyn.com\/pt\/#website"},"datePublished":"2022-12-09T15:41:53+00:00","dateModified":"2025-04-28T09:43:10+00:00","description":"A vaginose bacteriana pode ser reconhecida pelo ardor ou dor na \u00e1rea \u00edntima, por um corrimento de cor branco acinzentado, com cheiro id\u00eantico a peixe.","breadcrumb":{"@id":"https:\/\/multi-gyn.com\/pt\/saude-vaginal\/infecoes\/causas-das-infecoes-vaginais\/#breadcrumb"},"inLanguage":"pt-PT","potentialAction":[{"@type":"ReadAction","target":["https:\/\/multi-gyn.com\/pt\/saude-vaginal\/infecoes\/causas-das-infecoes-vaginais\/"]}]},{"@type":"BreadcrumbList","@id":"https:\/\/multi-gyn.com\/pt\/saude-vaginal\/infecoes\/causas-das-infecoes-vaginais\/#breadcrumb","itemListElement":[{"@type":"ListItem","position":1,"name":"Home","item":"https:\/\/multi-gyn.com\/pt\/"},{"@type":"ListItem","position":2,"name":"Sa\u00fade vaginal","item":"https:\/\/multi-gyn.com\/pt\/saude-vaginal\/"},{"@type":"ListItem","position":3,"name":"Infe\u00e7\u00f5es","item":"https:\/\/multi-gyn.com\/pt\/saude-vaginal\/infecoes\/"},{"@type":"ListItem","position":4,"name":"Causas das infe\u00e7\u00f5es vaginais"}]},{"@type":"WebSite","@id":"https:\/\/multi-gyn.com\/pt\/#website","url":"https:\/\/multi-gyn.com\/pt\/","name":"Multi-Gyn","description":"","publisher":{"@id":"https:\/\/multi-gyn.com\/pt\/#organization"},"potentialAction":[{"@type":"SearchAction","target":{"@type":"EntryPoint","urlTemplate":"https:\/\/multi-gyn.com\/pt\/?s={search_term_string}"},"query-input":{"@type":"PropertyValueSpecification","valueRequired":true,"valueName":"search_term_string"}}],"inLanguage":"pt-PT"},{"@type":"Organization","@id":"https:\/\/multi-gyn.com\/pt\/#organization","name":"Multi-Gyn","url":"https:\/\/multi-gyn.com\/pt\/","logo":{"@type":"ImageObject","inLanguage":"pt-PT","@id":"https:\/\/multi-gyn.com\/pt\/#\/schema\/logo\/image\/","url":"https:\/\/multi-gyn.com\/app\/uploads\/sites\/34\/2022\/11\/multi-gyn-logo.png","contentUrl":"https:\/\/multi-gyn.com\/app\/uploads\/sites\/34\/2022\/11\/multi-gyn-logo.png","width":149,"height":32,"caption":"Multi-Gyn"},"image":{"@id":"https:\/\/multi-gyn.com\/pt\/#\/schema\/logo\/image\/"}}]}},"_links":{"self":[{"href":"https:\/\/multi-gyn.com\/pt\/wp-json\/wp\/v2\/pages\/491","targetHints":{"allow":["GET"]}}],"collection":[{"href":"https:\/\/multi-gyn.com\/pt\/wp-json\/wp\/v2\/pages"}],"about":[{"href":"https:\/\/multi-gyn.com\/pt\/wp-json\/wp\/v2\/types\/page"}],"author":[{"embeddable":true,"href":"https:\/\/multi-gyn.com\/pt\/wp-json\/wp\/v2\/users\/6"}],"replies":[{"embeddable":true,"href":"https:\/\/multi-gyn.com\/pt\/wp-json\/wp\/v2\/comments?post=491"}],"version-history":[{"count":1,"href":"https:\/\/multi-gyn.com\/pt\/wp-json\/wp\/v2\/pages\/491\/revisions"}],"predecessor-version":[{"id":493,"href":"https:\/\/multi-gyn.com\/pt\/wp-json\/wp\/v2\/pages\/491\/revisions\/493"}],"up":[{"embeddable":true,"href":"https:\/\/multi-gyn.com\/pt\/wp-json\/wp\/v2\/pages\/177"}],"wp:attachment":[{"href":"https:\/\/multi-gyn.com\/pt\/wp-json\/wp\/v2\/media?parent=491"}],"wp:term":[{"taxonomy":"from-article-database","embeddable":true,"href":"https:\/\/multi-gyn.com\/pt\/wp-json\/wp\/v2\/from-article-database?post=491"}],"curies":[{"name":"wp","href":"https:\/\/api.w.org\/{rel}","templated":true}]}}