{"id":495,"date":"2022-12-09T15:55:17","date_gmt":"2022-12-09T15:55:17","guid":{"rendered":"https:\/\/multi-gyn.com\/pt\/?page_id=495"},"modified":"2025-04-28T10:43:08","modified_gmt":"2025-04-28T09:43:08","slug":"candidiase-durante-a-gravidez","status":"publish","type":"page","link":"https:\/\/multi-gyn.com\/pt\/saude-vaginal\/infecoes\/candidiase-durante-a-gravidez\/","title":{"rendered":"Candid\u00edase durante a gravidez"},"content":{"rendered":"\n<div class=\"wp-block-karopharma-free-text pt-large pb-large bg-center bg-cover bg-no-repeat  is-style-primary\" style=\"background-image:url()\"><div class=\"free-text-wrapper container max-w-medium text-left\">\n<h1 class=\"wp-block-heading\">Candid\u00edase durante a gravidez<\/h1>\n\n\n\n<p class=\"is-style-paragraph-preamble\">N\u00e3o \u00e9 anormal para as mulheres terem mais desconfortos vaginais durante a gravidez do que outra altura antes ou depois dessa. As mudan\u00e7as que os nossos corpos sofrem durante o desenvolvimento e crescimento do feto, e durante a amamenta\u00e7\u00e3o s\u00e3o reguladas essencialmente por n\u00edveis hormonais, e t\u00eam impacto sobre imensos aspetos nas nossas vidas.<\/p>\n<\/div><\/div>\n\n\n\n<div class=\"wp-block-karopharma-free-text pt-large pb-large bg-center bg-cover bg-no-repeat\" style=\"background-image:url()\"><div class=\"free-text-wrapper container max-w-medium text-left\">\n<p>N\u00e1useas, aumento de peso e esquecimentos s\u00e3o experienciados por muitas gr\u00e1vidas, mas poucas mencionam que uma infe\u00e7\u00e3o vaginal f\u00fangica (candid\u00edase) pode ser um problema real durante a gravidez, prejudicando a vida amorosa entre os futuros pap\u00e1s. Mas apesar de a candid\u00edase poder ser grave, recorrente e irritante, geralmente traz outros riscos para a mam\u00e3 e para o beb\u00e9. Se tiver uma infe\u00e7\u00e3o f\u00fangica (candid\u00edase) durante o parto, o seu beb\u00e9 pode entrar em contacto e assim desenvolver uma infe\u00e7\u00e3o na boca.<\/p>\n\n\n\n<p>Contudo, se est\u00e1 gravida e tem estes sintomas como corrimento excessivo, prurido e irrita\u00e7\u00e3o, deve contactar o seu m\u00e9dico, que ir\u00e1 examinar o seu caso e prescrever o tratamento indicado. Pode utilizar de forma segura os tratamentos mais comuns e antimic\u00f3ticos durante a gravidez.<\/p>\n\n\n\n<h2 class=\"is-style-heading-h2 wp-block-heading\">Quais s\u00e3o os sintomas de uma infe\u00e7\u00e3o vaginal f\u00fangica (candid\u00edase)?<\/h2>\n\n\n\n<p>Os sintomas de candid\u00edase vaginal s\u00e3o:<\/p>\n\n\n\n<ul class=\"is-style-default wp-block-list\"><li>Corrimento espesso esbranqui\u00e7ado, similar a requeij\u00e3o<\/li><li>Prurido e irrita\u00e7\u00e3o na \u00e1rea vaginal<\/li><li>Vermelhid\u00e3o e ardor quando urina<\/li><\/ul>\n\n\n\n<p>Alguns destes sintomas podem surgir noutros problemas, como na vaginose bacteriana ou DST\u2019s. Desde que estes problemas podem ter consequ\u00eancias graves na m\u00e3e e no beb\u00e9, \u00e9 importante contactar o seu m\u00e9dico para partilhar os sintomas.<\/p>\n\n\n\n<h2 class=\"is-style-heading-h2 wp-block-heading\">Infe\u00e7\u00e3o vaginal f\u00fangica (candid\u00edase) recorrente durante a gravidez<\/h2>\n\n\n\n<p>Algumas vezes, apesar das terapias prescritas, e devido a altera\u00e7\u00f5es nos n\u00edveis hormonais, as mulheres gr\u00e1vidas podem experienciar candid\u00edase mais do que uma vez.\u00a0<em>C\u00e2ndida Albicans<\/em>, o microrganismo respons\u00e1vel pela maioria dos casos de infe\u00e7\u00e3o vaginal f\u00fangica, pode tornar-se resistente ao tratamento com antimic\u00f3ticos.<\/p>\n\n\n\n<p>Tratamento com pr\u00e9bioticos oferece apoio \u00e0 flora vaginal, mas na maioria dos casos n\u00e3o consegue combater a infe\u00e7\u00e3o sozinho. Se se encontrar nesta situa\u00e7\u00e3o, a \u00fanica coisa que pode fazer \u00e9 aliviar os sintomas, at\u00e9 terminar a gravidez e as hormonas voltarem ao normal. Isto pode ser feito atrav\u00e9s de sprays ou geles que n\u00e3o necessitam de prescri\u00e7\u00e3o m\u00e9dica, que acalmam a pele e param com o prurido e a sensa\u00e7\u00e3o de ardor. Contudo, cada gravidez \u00e9 diferente e dever\u00e1 consultar o seu profissional de sa\u00fade antes de decidir utilizar qualquer produto na sua \u00e1rea \u00edntima.<\/p>\n<\/div><\/div>\n","protected":false},"excerpt":{"rendered":"","protected":false},"author":6,"featured_media":0,"parent":177,"menu_order":0,"comment_status":"closed","ping_status":"closed","template":"","meta":{"_acf_changed":false,"footnotes":""},"from-article-database":[],"class_list":["post-495","page","type-page","status-publish","hentry"],"acf":[],"yoast_head":"<!-- This site is optimized with the Yoast SEO plugin v26.6 - https:\/\/yoast.com\/wordpress\/plugins\/seo\/ -->\n<title>Candid\u00edase durante a gravidez - Multi-Gyn<\/title>\n<meta name=\"description\" content=\"N\u00e3o \u00e9 anormal para as mulheres terem mais desconfortos vaginais durante a gravidez do que outra altura antes ou depois dessa.\" \/>\n<meta name=\"robots\" content=\"index, follow, max-snippet:-1, max-image-preview:large, max-video-preview:-1\" \/>\n<link rel=\"canonical\" href=\"https:\/\/multi-gyn.com\/pt\/saude-vaginal\/infecoes\/candidiase-durante-a-gravidez\/\" \/>\n<meta property=\"og:locale\" content=\"pt_PT\" \/>\n<meta property=\"og:type\" content=\"article\" \/>\n<meta property=\"og:title\" content=\"Candid\u00edase durante a gravidez - Multi-Gyn\" \/>\n<meta property=\"og:description\" content=\"N\u00e3o \u00e9 anormal para as mulheres terem mais desconfortos vaginais durante a gravidez do que outra altura antes ou depois dessa.\" \/>\n<meta property=\"og:url\" content=\"https:\/\/multi-gyn.com\/pt\/saude-vaginal\/infecoes\/candidiase-durante-a-gravidez\/\" \/>\n<meta property=\"og:site_name\" content=\"Multi-Gyn\" \/>\n<meta property=\"article:modified_time\" content=\"2025-04-28T09:43:08+00:00\" \/>\n<meta name=\"twitter:card\" content=\"summary_large_image\" \/>\n<meta name=\"twitter:label1\" content=\"Tempo estimado de leitura\" \/>\n\t<meta name=\"twitter:data1\" content=\"3 minutos\" \/>\n<script type=\"application\/ld+json\" class=\"yoast-schema-graph\">{\"@context\":\"https:\/\/schema.org\",\"@graph\":[{\"@type\":\"WebPage\",\"@id\":\"https:\/\/multi-gyn.com\/pt\/saude-vaginal\/infecoes\/candidiase-durante-a-gravidez\/\",\"url\":\"https:\/\/multi-gyn.com\/pt\/saude-vaginal\/infecoes\/candidiase-durante-a-gravidez\/\",\"name\":\"Candid\u00edase durante a gravidez - Multi-Gyn\",\"isPartOf\":{\"@id\":\"https:\/\/multi-gyn.com\/pt\/#website\"},\"datePublished\":\"2022-12-09T15:55:17+00:00\",\"dateModified\":\"2025-04-28T09:43:08+00:00\",\"description\":\"N\u00e3o \u00e9 anormal para as mulheres terem mais desconfortos vaginais durante a gravidez do que outra altura antes ou depois dessa.\",\"breadcrumb\":{\"@id\":\"https:\/\/multi-gyn.com\/pt\/saude-vaginal\/infecoes\/candidiase-durante-a-gravidez\/#breadcrumb\"},\"inLanguage\":\"pt-PT\",\"potentialAction\":[{\"@type\":\"ReadAction\",\"target\":[\"https:\/\/multi-gyn.com\/pt\/saude-vaginal\/infecoes\/candidiase-durante-a-gravidez\/\"]}]},{\"@type\":\"BreadcrumbList\",\"@id\":\"https:\/\/multi-gyn.com\/pt\/saude-vaginal\/infecoes\/candidiase-durante-a-gravidez\/#breadcrumb\",\"itemListElement\":[{\"@type\":\"ListItem\",\"position\":1,\"name\":\"Home\",\"item\":\"https:\/\/multi-gyn.com\/pt\/\"},{\"@type\":\"ListItem\",\"position\":2,\"name\":\"Sa\u00fade vaginal\",\"item\":\"https:\/\/multi-gyn.com\/pt\/saude-vaginal\/\"},{\"@type\":\"ListItem\",\"position\":3,\"name\":\"Infe\u00e7\u00f5es\",\"item\":\"https:\/\/multi-gyn.com\/pt\/saude-vaginal\/infecoes\/\"},{\"@type\":\"ListItem\",\"position\":4,\"name\":\"Candid\u00edase durante a gravidez\"}]},{\"@type\":\"WebSite\",\"@id\":\"https:\/\/multi-gyn.com\/pt\/#website\",\"url\":\"https:\/\/multi-gyn.com\/pt\/\",\"name\":\"Multi-Gyn\",\"description\":\"\",\"publisher\":{\"@id\":\"https:\/\/multi-gyn.com\/pt\/#organization\"},\"potentialAction\":[{\"@type\":\"SearchAction\",\"target\":{\"@type\":\"EntryPoint\",\"urlTemplate\":\"https:\/\/multi-gyn.com\/pt\/?s={search_term_string}\"},\"query-input\":{\"@type\":\"PropertyValueSpecification\",\"valueRequired\":true,\"valueName\":\"search_term_string\"}}],\"inLanguage\":\"pt-PT\"},{\"@type\":\"Organization\",\"@id\":\"https:\/\/multi-gyn.com\/pt\/#organization\",\"name\":\"Multi-Gyn\",\"url\":\"https:\/\/multi-gyn.com\/pt\/\",\"logo\":{\"@type\":\"ImageObject\",\"inLanguage\":\"pt-PT\",\"@id\":\"https:\/\/multi-gyn.com\/pt\/#\/schema\/logo\/image\/\",\"url\":\"https:\/\/multi-gyn.com\/app\/uploads\/sites\/34\/2022\/11\/multi-gyn-logo.png\",\"contentUrl\":\"https:\/\/multi-gyn.com\/app\/uploads\/sites\/34\/2022\/11\/multi-gyn-logo.png\",\"width\":149,\"height\":32,\"caption\":\"Multi-Gyn\"},\"image\":{\"@id\":\"https:\/\/multi-gyn.com\/pt\/#\/schema\/logo\/image\/\"}}]}<\/script>\n<!-- \/ Yoast SEO plugin. -->","yoast_head_json":{"title":"Candid\u00edase durante a gravidez - Multi-Gyn","description":"N\u00e3o \u00e9 anormal para as mulheres terem mais desconfortos vaginais durante a gravidez do que outra altura antes ou depois dessa.","robots":{"index":"index","follow":"follow","max-snippet":"max-snippet:-1","max-image-preview":"max-image-preview:large","max-video-preview":"max-video-preview:-1"},"canonical":"https:\/\/multi-gyn.com\/pt\/saude-vaginal\/infecoes\/candidiase-durante-a-gravidez\/","og_locale":"pt_PT","og_type":"article","og_title":"Candid\u00edase durante a gravidez - Multi-Gyn","og_description":"N\u00e3o \u00e9 anormal para as mulheres terem mais desconfortos vaginais durante a gravidez do que outra altura antes ou depois dessa.","og_url":"https:\/\/multi-gyn.com\/pt\/saude-vaginal\/infecoes\/candidiase-durante-a-gravidez\/","og_site_name":"Multi-Gyn","article_modified_time":"2025-04-28T09:43:08+00:00","twitter_card":"summary_large_image","twitter_misc":{"Tempo estimado de leitura":"3 minutos"},"schema":{"@context":"https:\/\/schema.org","@graph":[{"@type":"WebPage","@id":"https:\/\/multi-gyn.com\/pt\/saude-vaginal\/infecoes\/candidiase-durante-a-gravidez\/","url":"https:\/\/multi-gyn.com\/pt\/saude-vaginal\/infecoes\/candidiase-durante-a-gravidez\/","name":"Candid\u00edase durante a gravidez - Multi-Gyn","isPartOf":{"@id":"https:\/\/multi-gyn.com\/pt\/#website"},"datePublished":"2022-12-09T15:55:17+00:00","dateModified":"2025-04-28T09:43:08+00:00","description":"N\u00e3o \u00e9 anormal para as mulheres terem mais desconfortos vaginais durante a gravidez do que outra altura antes ou depois dessa.","breadcrumb":{"@id":"https:\/\/multi-gyn.com\/pt\/saude-vaginal\/infecoes\/candidiase-durante-a-gravidez\/#breadcrumb"},"inLanguage":"pt-PT","potentialAction":[{"@type":"ReadAction","target":["https:\/\/multi-gyn.com\/pt\/saude-vaginal\/infecoes\/candidiase-durante-a-gravidez\/"]}]},{"@type":"BreadcrumbList","@id":"https:\/\/multi-gyn.com\/pt\/saude-vaginal\/infecoes\/candidiase-durante-a-gravidez\/#breadcrumb","itemListElement":[{"@type":"ListItem","position":1,"name":"Home","item":"https:\/\/multi-gyn.com\/pt\/"},{"@type":"ListItem","position":2,"name":"Sa\u00fade vaginal","item":"https:\/\/multi-gyn.com\/pt\/saude-vaginal\/"},{"@type":"ListItem","position":3,"name":"Infe\u00e7\u00f5es","item":"https:\/\/multi-gyn.com\/pt\/saude-vaginal\/infecoes\/"},{"@type":"ListItem","position":4,"name":"Candid\u00edase durante a gravidez"}]},{"@type":"WebSite","@id":"https:\/\/multi-gyn.com\/pt\/#website","url":"https:\/\/multi-gyn.com\/pt\/","name":"Multi-Gyn","description":"","publisher":{"@id":"https:\/\/multi-gyn.com\/pt\/#organization"},"potentialAction":[{"@type":"SearchAction","target":{"@type":"EntryPoint","urlTemplate":"https:\/\/multi-gyn.com\/pt\/?s={search_term_string}"},"query-input":{"@type":"PropertyValueSpecification","valueRequired":true,"valueName":"search_term_string"}}],"inLanguage":"pt-PT"},{"@type":"Organization","@id":"https:\/\/multi-gyn.com\/pt\/#organization","name":"Multi-Gyn","url":"https:\/\/multi-gyn.com\/pt\/","logo":{"@type":"ImageObject","inLanguage":"pt-PT","@id":"https:\/\/multi-gyn.com\/pt\/#\/schema\/logo\/image\/","url":"https:\/\/multi-gyn.com\/app\/uploads\/sites\/34\/2022\/11\/multi-gyn-logo.png","contentUrl":"https:\/\/multi-gyn.com\/app\/uploads\/sites\/34\/2022\/11\/multi-gyn-logo.png","width":149,"height":32,"caption":"Multi-Gyn"},"image":{"@id":"https:\/\/multi-gyn.com\/pt\/#\/schema\/logo\/image\/"}}]}},"_links":{"self":[{"href":"https:\/\/multi-gyn.com\/pt\/wp-json\/wp\/v2\/pages\/495","targetHints":{"allow":["GET"]}}],"collection":[{"href":"https:\/\/multi-gyn.com\/pt\/wp-json\/wp\/v2\/pages"}],"about":[{"href":"https:\/\/multi-gyn.com\/pt\/wp-json\/wp\/v2\/types\/page"}],"author":[{"embeddable":true,"href":"https:\/\/multi-gyn.com\/pt\/wp-json\/wp\/v2\/users\/6"}],"replies":[{"embeddable":true,"href":"https:\/\/multi-gyn.com\/pt\/wp-json\/wp\/v2\/comments?post=495"}],"version-history":[{"count":1,"href":"https:\/\/multi-gyn.com\/pt\/wp-json\/wp\/v2\/pages\/495\/revisions"}],"predecessor-version":[{"id":497,"href":"https:\/\/multi-gyn.com\/pt\/wp-json\/wp\/v2\/pages\/495\/revisions\/497"}],"up":[{"embeddable":true,"href":"https:\/\/multi-gyn.com\/pt\/wp-json\/wp\/v2\/pages\/177"}],"wp:attachment":[{"href":"https:\/\/multi-gyn.com\/pt\/wp-json\/wp\/v2\/media?parent=495"}],"wp:term":[{"taxonomy":"from-article-database","embeddable":true,"href":"https:\/\/multi-gyn.com\/pt\/wp-json\/wp\/v2\/from-article-database?post=495"}],"curies":[{"name":"wp","href":"https:\/\/api.w.org\/{rel}","templated":true}]}}