{"id":499,"date":"2022-12-09T15:59:47","date_gmt":"2022-12-09T15:59:47","guid":{"rendered":"https:\/\/multi-gyn.com\/pt\/?page_id=499"},"modified":"2025-04-28T10:43:06","modified_gmt":"2025-04-28T09:43:06","slug":"como-tratar-a-candidiase","status":"publish","type":"page","link":"https:\/\/multi-gyn.com\/pt\/saude-vaginal\/infecoes\/como-tratar-a-candidiase\/","title":{"rendered":"Como tratar a candid\u00edase?"},"content":{"rendered":"\n<div class=\"wp-block-karopharma-free-text pt-large pb-large bg-center bg-cover bg-no-repeat  is-style-primary\" style=\"background-image:url()\"><div class=\"free-text-wrapper container max-w-medium text-left\">\n<h1 class=\"wp-block-heading\">Como tratar a candid\u00edase?<\/h1>\n\n\n\n<p class=\"is-style-paragraph-preamble\">Um dos desconfortos vaginais mais comuns \u00e9 a candid\u00edase, tamb\u00e9m conhecida como fungo vaginal ou apenas c\u00e2ndida. Os sintomas de candid\u00edase incluem corrimento espesso esbranqui\u00e7ado geralmente descrito como requeij\u00e3o, vermelhid\u00e3o intensa e prurido na \u00e1rea vulvovaginal. Co\u00e7ar pode causar irrita\u00e7\u00f5es e dor adicionais, e pode levar a sensa\u00e7\u00e3o de ardor quando urina ou durante rela\u00e7\u00f5es sexuais. Se experiencia alguns destes sintomas, \u00e9 importante contactar o seu m\u00e9dico ou ginecologista para confirmar o diagn\u00f3stico, assim ir\u00e3o indicar-lhe como tratar a candid\u00edase.<\/p>\n<\/div><\/div>\n\n\n\n<div class=\"wp-block-karopharma-free-text pt-large pb-large bg-center bg-cover bg-no-repeat\" style=\"background-image:url()\"><div class=\"free-text-wrapper container max-w-medium text-left\">\n<h2 class=\"is-style-heading-h2 wp-block-heading\">Posso tratar a candid\u00edase sozinha?<\/h2>\n\n\n\n<p>Medicamentos e produtos que tratam a candid\u00edase podem ser adquiridos ao balc\u00e3o, sem necessitar de prescri\u00e7\u00e3o m\u00e9dica. Estes incluem cremes antimic\u00f3ticos, antimic\u00f3ticos orais, pr\u00f3bioticos, pr\u00e9bioticos e outros produtos. Isto significa que com um autodiagn\u00f3stico correto, conseguir\u00e1 tratar a infe\u00e7\u00e3o f\u00fangica (candid\u00edase) sem consultar o seu profissional de sa\u00fade. Contudo, os sintomas normais de candid\u00edase podem muitas vezes provocar algo mais (secura vaginal, infe\u00e7\u00f5es bacterianas \u2013 vaginose bacteriana) ou pode \u201cmascarar\u201d uma DST com implica\u00e7\u00f5es mais s\u00e9rias. Por isso, \u00e9 muito importante que consulte o seu m\u00e9dico ou ginecologista antes de iniciar qualquer tratamento, evite criar mais problemas para si e para o seu parceiro. A infe\u00e7\u00e3o c\u00e2ndida \u00e9 geralmente transmitida entre parceiros, mas poder\u00e1 existir uma DST subjacente.<\/p>\n\n\n\n<h2 class=\"is-style-heading-h2 wp-block-heading\">O que posso fazer para aliviar os sintomas da candid\u00edase?<\/h2>\n\n\n\n<p>Nas mulheres saud\u00e1veis, a candid\u00edase n\u00e3o \u00e9 uma doen\u00e7a cr\u00f3nica, mas ter constantemente prurido e irrita\u00e7\u00e3o pode ter implica\u00e7\u00f5es dram\u00e1ticas na qualidade da vida sexual, bem como tornar desagrad\u00e1vel a ida \u00e0 casa de banho, ficar sentada durante longos per\u00edodos de tempo ou utilizar roupa apertada. Assim que o seu m\u00e9dico confirme o diagn\u00f3stico e o tratamento para a candid\u00edase, pode tentar aliviar os sintomas desagrad\u00e1veis. G\u00e9is refrescantes e sprays podem proporcionar al\u00edvio imediato no prurido e irrita\u00e7\u00e3o, enquanto os pr\u00e9bioticos vaginais podem apoiar o tratamento prescrito. \u00c9 tamb\u00e9m importante manter uma higiene vaginal regular utilizando \u00e1gua t\u00e9pida ou morna com um produto de higiene \u00edntima sem sab\u00e3o, evitando toalhitas e papel higi\u00e9nico perfumado e sempre que poss\u00edvel durma sem roupa interior.<\/p>\n<\/div><\/div>\n","protected":false},"excerpt":{"rendered":"","protected":false},"author":6,"featured_media":0,"parent":177,"menu_order":0,"comment_status":"closed","ping_status":"closed","template":"","meta":{"_acf_changed":false,"footnotes":""},"from-article-database":[],"class_list":["post-499","page","type-page","status-publish","hentry"],"acf":[],"yoast_head":"<!-- This site is optimized with the Yoast SEO plugin v26.6 - https:\/\/yoast.com\/wordpress\/plugins\/seo\/ -->\n<title>Como tratar a candid\u00edase? - Multi-Gyn<\/title>\n<meta name=\"description\" content=\"Um dos desconfortos vaginais mais comuns \u00e9 a candid\u00edase, tamb\u00e9m conhecida como fungo vaginal ou apenas c\u00e2ndida.\" \/>\n<meta name=\"robots\" content=\"index, follow, max-snippet:-1, max-image-preview:large, max-video-preview:-1\" \/>\n<link rel=\"canonical\" href=\"https:\/\/multi-gyn.com\/pt\/saude-vaginal\/infecoes\/como-tratar-a-candidiase\/\" \/>\n<meta property=\"og:locale\" content=\"pt_PT\" \/>\n<meta property=\"og:type\" content=\"article\" \/>\n<meta property=\"og:title\" content=\"Como tratar a candid\u00edase? - Multi-Gyn\" \/>\n<meta property=\"og:description\" content=\"Um dos desconfortos vaginais mais comuns \u00e9 a candid\u00edase, tamb\u00e9m conhecida como fungo vaginal ou apenas c\u00e2ndida.\" \/>\n<meta property=\"og:url\" content=\"https:\/\/multi-gyn.com\/pt\/saude-vaginal\/infecoes\/como-tratar-a-candidiase\/\" \/>\n<meta property=\"og:site_name\" content=\"Multi-Gyn\" \/>\n<meta property=\"article:modified_time\" content=\"2025-04-28T09:43:06+00:00\" \/>\n<meta name=\"twitter:card\" content=\"summary_large_image\" \/>\n<meta name=\"twitter:label1\" content=\"Tempo estimado de leitura\" \/>\n\t<meta name=\"twitter:data1\" content=\"2 minutos\" \/>\n<script type=\"application\/ld+json\" class=\"yoast-schema-graph\">{\"@context\":\"https:\/\/schema.org\",\"@graph\":[{\"@type\":\"WebPage\",\"@id\":\"https:\/\/multi-gyn.com\/pt\/saude-vaginal\/infecoes\/como-tratar-a-candidiase\/\",\"url\":\"https:\/\/multi-gyn.com\/pt\/saude-vaginal\/infecoes\/como-tratar-a-candidiase\/\",\"name\":\"Como tratar a candid\u00edase? - Multi-Gyn\",\"isPartOf\":{\"@id\":\"https:\/\/multi-gyn.com\/pt\/#website\"},\"datePublished\":\"2022-12-09T15:59:47+00:00\",\"dateModified\":\"2025-04-28T09:43:06+00:00\",\"description\":\"Um dos desconfortos vaginais mais comuns \u00e9 a candid\u00edase, tamb\u00e9m conhecida como fungo vaginal ou apenas c\u00e2ndida.\",\"breadcrumb\":{\"@id\":\"https:\/\/multi-gyn.com\/pt\/saude-vaginal\/infecoes\/como-tratar-a-candidiase\/#breadcrumb\"},\"inLanguage\":\"pt-PT\",\"potentialAction\":[{\"@type\":\"ReadAction\",\"target\":[\"https:\/\/multi-gyn.com\/pt\/saude-vaginal\/infecoes\/como-tratar-a-candidiase\/\"]}]},{\"@type\":\"BreadcrumbList\",\"@id\":\"https:\/\/multi-gyn.com\/pt\/saude-vaginal\/infecoes\/como-tratar-a-candidiase\/#breadcrumb\",\"itemListElement\":[{\"@type\":\"ListItem\",\"position\":1,\"name\":\"Home\",\"item\":\"https:\/\/multi-gyn.com\/pt\/\"},{\"@type\":\"ListItem\",\"position\":2,\"name\":\"Sa\u00fade vaginal\",\"item\":\"https:\/\/multi-gyn.com\/pt\/saude-vaginal\/\"},{\"@type\":\"ListItem\",\"position\":3,\"name\":\"Infe\u00e7\u00f5es\",\"item\":\"https:\/\/multi-gyn.com\/pt\/saude-vaginal\/infecoes\/\"},{\"@type\":\"ListItem\",\"position\":4,\"name\":\"Como tratar a candid\u00edase?\"}]},{\"@type\":\"WebSite\",\"@id\":\"https:\/\/multi-gyn.com\/pt\/#website\",\"url\":\"https:\/\/multi-gyn.com\/pt\/\",\"name\":\"Multi-Gyn\",\"description\":\"\",\"publisher\":{\"@id\":\"https:\/\/multi-gyn.com\/pt\/#organization\"},\"potentialAction\":[{\"@type\":\"SearchAction\",\"target\":{\"@type\":\"EntryPoint\",\"urlTemplate\":\"https:\/\/multi-gyn.com\/pt\/?s={search_term_string}\"},\"query-input\":{\"@type\":\"PropertyValueSpecification\",\"valueRequired\":true,\"valueName\":\"search_term_string\"}}],\"inLanguage\":\"pt-PT\"},{\"@type\":\"Organization\",\"@id\":\"https:\/\/multi-gyn.com\/pt\/#organization\",\"name\":\"Multi-Gyn\",\"url\":\"https:\/\/multi-gyn.com\/pt\/\",\"logo\":{\"@type\":\"ImageObject\",\"inLanguage\":\"pt-PT\",\"@id\":\"https:\/\/multi-gyn.com\/pt\/#\/schema\/logo\/image\/\",\"url\":\"https:\/\/multi-gyn.com\/app\/uploads\/sites\/34\/2022\/11\/multi-gyn-logo.png\",\"contentUrl\":\"https:\/\/multi-gyn.com\/app\/uploads\/sites\/34\/2022\/11\/multi-gyn-logo.png\",\"width\":149,\"height\":32,\"caption\":\"Multi-Gyn\"},\"image\":{\"@id\":\"https:\/\/multi-gyn.com\/pt\/#\/schema\/logo\/image\/\"}}]}<\/script>\n<!-- \/ Yoast SEO plugin. -->","yoast_head_json":{"title":"Como tratar a candid\u00edase? - Multi-Gyn","description":"Um dos desconfortos vaginais mais comuns \u00e9 a candid\u00edase, tamb\u00e9m conhecida como fungo vaginal ou apenas c\u00e2ndida.","robots":{"index":"index","follow":"follow","max-snippet":"max-snippet:-1","max-image-preview":"max-image-preview:large","max-video-preview":"max-video-preview:-1"},"canonical":"https:\/\/multi-gyn.com\/pt\/saude-vaginal\/infecoes\/como-tratar-a-candidiase\/","og_locale":"pt_PT","og_type":"article","og_title":"Como tratar a candid\u00edase? - Multi-Gyn","og_description":"Um dos desconfortos vaginais mais comuns \u00e9 a candid\u00edase, tamb\u00e9m conhecida como fungo vaginal ou apenas c\u00e2ndida.","og_url":"https:\/\/multi-gyn.com\/pt\/saude-vaginal\/infecoes\/como-tratar-a-candidiase\/","og_site_name":"Multi-Gyn","article_modified_time":"2025-04-28T09:43:06+00:00","twitter_card":"summary_large_image","twitter_misc":{"Tempo estimado de leitura":"2 minutos"},"schema":{"@context":"https:\/\/schema.org","@graph":[{"@type":"WebPage","@id":"https:\/\/multi-gyn.com\/pt\/saude-vaginal\/infecoes\/como-tratar-a-candidiase\/","url":"https:\/\/multi-gyn.com\/pt\/saude-vaginal\/infecoes\/como-tratar-a-candidiase\/","name":"Como tratar a candid\u00edase? - Multi-Gyn","isPartOf":{"@id":"https:\/\/multi-gyn.com\/pt\/#website"},"datePublished":"2022-12-09T15:59:47+00:00","dateModified":"2025-04-28T09:43:06+00:00","description":"Um dos desconfortos vaginais mais comuns \u00e9 a candid\u00edase, tamb\u00e9m conhecida como fungo vaginal ou apenas c\u00e2ndida.","breadcrumb":{"@id":"https:\/\/multi-gyn.com\/pt\/saude-vaginal\/infecoes\/como-tratar-a-candidiase\/#breadcrumb"},"inLanguage":"pt-PT","potentialAction":[{"@type":"ReadAction","target":["https:\/\/multi-gyn.com\/pt\/saude-vaginal\/infecoes\/como-tratar-a-candidiase\/"]}]},{"@type":"BreadcrumbList","@id":"https:\/\/multi-gyn.com\/pt\/saude-vaginal\/infecoes\/como-tratar-a-candidiase\/#breadcrumb","itemListElement":[{"@type":"ListItem","position":1,"name":"Home","item":"https:\/\/multi-gyn.com\/pt\/"},{"@type":"ListItem","position":2,"name":"Sa\u00fade vaginal","item":"https:\/\/multi-gyn.com\/pt\/saude-vaginal\/"},{"@type":"ListItem","position":3,"name":"Infe\u00e7\u00f5es","item":"https:\/\/multi-gyn.com\/pt\/saude-vaginal\/infecoes\/"},{"@type":"ListItem","position":4,"name":"Como tratar a candid\u00edase?"}]},{"@type":"WebSite","@id":"https:\/\/multi-gyn.com\/pt\/#website","url":"https:\/\/multi-gyn.com\/pt\/","name":"Multi-Gyn","description":"","publisher":{"@id":"https:\/\/multi-gyn.com\/pt\/#organization"},"potentialAction":[{"@type":"SearchAction","target":{"@type":"EntryPoint","urlTemplate":"https:\/\/multi-gyn.com\/pt\/?s={search_term_string}"},"query-input":{"@type":"PropertyValueSpecification","valueRequired":true,"valueName":"search_term_string"}}],"inLanguage":"pt-PT"},{"@type":"Organization","@id":"https:\/\/multi-gyn.com\/pt\/#organization","name":"Multi-Gyn","url":"https:\/\/multi-gyn.com\/pt\/","logo":{"@type":"ImageObject","inLanguage":"pt-PT","@id":"https:\/\/multi-gyn.com\/pt\/#\/schema\/logo\/image\/","url":"https:\/\/multi-gyn.com\/app\/uploads\/sites\/34\/2022\/11\/multi-gyn-logo.png","contentUrl":"https:\/\/multi-gyn.com\/app\/uploads\/sites\/34\/2022\/11\/multi-gyn-logo.png","width":149,"height":32,"caption":"Multi-Gyn"},"image":{"@id":"https:\/\/multi-gyn.com\/pt\/#\/schema\/logo\/image\/"}}]}},"_links":{"self":[{"href":"https:\/\/multi-gyn.com\/pt\/wp-json\/wp\/v2\/pages\/499","targetHints":{"allow":["GET"]}}],"collection":[{"href":"https:\/\/multi-gyn.com\/pt\/wp-json\/wp\/v2\/pages"}],"about":[{"href":"https:\/\/multi-gyn.com\/pt\/wp-json\/wp\/v2\/types\/page"}],"author":[{"embeddable":true,"href":"https:\/\/multi-gyn.com\/pt\/wp-json\/wp\/v2\/users\/6"}],"replies":[{"embeddable":true,"href":"https:\/\/multi-gyn.com\/pt\/wp-json\/wp\/v2\/comments?post=499"}],"version-history":[{"count":1,"href":"https:\/\/multi-gyn.com\/pt\/wp-json\/wp\/v2\/pages\/499\/revisions"}],"predecessor-version":[{"id":501,"href":"https:\/\/multi-gyn.com\/pt\/wp-json\/wp\/v2\/pages\/499\/revisions\/501"}],"up":[{"embeddable":true,"href":"https:\/\/multi-gyn.com\/pt\/wp-json\/wp\/v2\/pages\/177"}],"wp:attachment":[{"href":"https:\/\/multi-gyn.com\/pt\/wp-json\/wp\/v2\/media?parent=499"}],"wp:term":[{"taxonomy":"from-article-database","embeddable":true,"href":"https:\/\/multi-gyn.com\/pt\/wp-json\/wp\/v2\/from-article-database?post=499"}],"curies":[{"name":"wp","href":"https:\/\/api.w.org\/{rel}","templated":true}]}}