{"id":503,"date":"2022-12-09T16:12:48","date_gmt":"2022-12-09T16:12:48","guid":{"rendered":"https:\/\/multi-gyn.com\/pt\/?page_id=503"},"modified":"2025-04-28T10:43:04","modified_gmt":"2025-04-28T09:43:04","slug":"tudo-aquilo-que-necessita-de-saber-sobre-a-vaginose-bacteriana","status":"publish","type":"page","link":"https:\/\/multi-gyn.com\/pt\/saude-vaginal\/infecoes\/tudo-aquilo-que-necessita-de-saber-sobre-a-vaginose-bacteriana\/","title":{"rendered":"Tudo aquilo que necessita de saber sobre a vaginose bacteriana!"},"content":{"rendered":"\n<div class=\"wp-block-karopharma-free-text pt-large pb-large bg-center bg-cover bg-no-repeat  is-style-primary\" style=\"background-image:url()\"><div class=\"free-text-wrapper container max-w-medium text-left\">\n<h1 class=\"wp-block-heading\">Tudo aquilo que necessita de saber sobre a vaginose bacteriana!<\/h1>\n\n\n\n<p class=\"is-style-paragraph-preamble\">Alguma vez reparou num cheiro estranho na sua \u00e1rea \u00edntima? Um odor forte, id\u00eantico a cheiro a peixe que a deixa desconfort\u00e1vel? Isto pode ser devido a um desequil\u00edbrio bacteriano, tamb\u00e9m conhecido como vaginose bacteriana (VB).<\/p>\n<\/div><\/div>\n\n\n\n<div class=\"wp-block-karopharma-free-text pt-large pb-large bg-center bg-cover bg-no-repeat\" style=\"background-image:url()\"><div class=\"free-text-wrapper container max-w-medium text-left\">\n<h2 class=\"is-style-heading-h2 wp-block-heading\">O que causa a vaginose bacteriana?<\/h2>\n\n\n\n<p>A vaginose bacteriana surge devido a um crescimento excessivo de bact\u00e9rias na vagina. Normalmente os lactobacilos saud\u00e1veis s\u00e3o as bact\u00e9rias predominantes na vagina, mas se a VB se desenvolve, outras bact\u00e9rias n\u00e3o desejadas come\u00e7am-se a desenvolver mais que os lactobacilos.<\/p>\n\n\n\n<p>\u00c9 a infe\u00e7\u00e3o mais comum na vagina das mulheres, superando a candid\u00edase vaginal e a tricomon\u00edase.<\/p>\n\n\n\n<p>A causa exata deste crescimento excessivo \u00e9 desconhecida, mas existem alguns fatores que podem aumentar o risco, como por exemplo ser sexualmente ativa. Contudo, \u00e9 importante referir que a VB pode tamb\u00e9m surgir em caso de inexist\u00eancia de atividade sexual. Por isso, a vaginose bacteriana n\u00e3o \u00e9 considerada uma DST (Doen\u00e7a Sexualmente Transmiss\u00edvel).<\/p>\n\n\n\n<p><strong>A vaginose bacteriana afeta uma em cada tr\u00eas mulheres ao longo da sua vida.<\/strong><\/p>\n\n\n\n<h2 class=\"is-style-heading-h2 wp-block-heading\">Causas<\/h2>\n\n\n\n<p>A vagina \u00e9 um \u00f3rg\u00e3o naturalmente habitado por diversas bact\u00e9rias. Os lactobacilos s\u00e3o as bact\u00e9rias \u201cboas\u201d e encontram-se normalmente em maior quantidade (cerca de 95% da popula\u00e7\u00e3o), impedindo o crescimento de bact\u00e9rias potencialmente causadoras de doen\u00e7as atrav\u00e9s do controle do pH vaginal e da competi\u00e7\u00e3o por alimentos.<\/p>\n\n\n\n<p>A causa exata deste crescimento excessivo \u00e9 desconhecida, mas existem alguns fatores que podem aumentar o risco, como por exemplo ser sexualmente ativa. Contudo, \u00e9 importante referir que a VB pode tamb\u00e9m surgir em caso de inexist\u00eancia de atividade sexual. Por isso, a vaginose bacteriana n\u00e3o \u00e9 considerada uma DST (Doen\u00e7a Sexualmente Transmiss\u00edvel).<\/p>\n\n\n\n<h2 class=\"is-style-heading-h2 wp-block-heading\">Sintomas<\/h2>\n\n\n\n<p>Os seguintes sintomas podem ser indicativos de vaginose bacteriana:<\/p>\n\n\n\n<ul class=\"is-style-default wp-block-list\"><li>Mau odor intenso, id\u00eantico a peixe (pode ser intensificado ap\u00f3s rela\u00e7\u00f5es sexuais)<\/li><li>Corrimento vaginal flu\u00eddo, branco acinzentado<\/li><\/ul>\n\n\n\n<p class=\"is-style-paragraph-preamble\"><em><mark style=\"background-color:rgba(0, 0, 0, 0)\" class=\"has-inline-color has-primary-color\">&#8220;Os sintomas menos comuns s\u00e3o ardor quando urina e prurido vaginal.&#8221;<\/mark><\/em><\/p>\n\n\n\n<h2 class=\"is-style-heading-h2 wp-block-heading\"><strong>Como se trata a vaginose bacteriana?<\/strong><\/h2>\n\n\n\n<p>Para a maioria das mulheres, a vaginose bacteriana \u00e9 inofensiva, mas poder\u00e1 ser bastante desconfort\u00e1vel. O tratamento \u00e9 normalmente direcionado para o al\u00edvio dos sintomas. A forma mais comum de tratamento da vaginose bacteriana s\u00e3o os antibi\u00f3ticos. Eles podem ser prescritos em comprimidos para ingerir via oral, ou em produto para aplica\u00e7\u00e3o direta na vagina. Para a maioria das mulheres isto \u00e9 um tratamento eficaz, contudo pode provocar efeitos secund\u00e1rios como n\u00e1useas e v\u00f3mitos. Ingerir bebidas alco\u00f3licas em conjunto com antibi\u00f3ticos pode aumentar a gravidade dos efeitos secund\u00e1rios.<\/p>\n\n\n\n<p>Outro tratamento comum \u00e9 a utiliza\u00e7\u00e3o de produtos de cuidados \u00edntimos que podem ser adquiridos na Farm\u00e1cia ou Parafarm\u00e1cia. A maioria destes produtos funciona como restauradores dos n\u00edveis do pH vaginal. Assegure-se sempre que utiliza um produto natural que trata a vaginose bacteriana e restaura a flora vaginal, ajudando a prevenir infe\u00e7\u00f5es futuras.<\/p>\n\n\n\n<h2 class=\"is-style-heading-h2 wp-block-heading\"><strong>Vaginose bacteriana durante a Gravidez<\/strong><\/h2>\n\n\n\n<p>Durante a gravidez, a vaginose bacteriana, pode em alguns casos aumentar o risco de complica\u00e7\u00f5es, como partos prematuros ou abortos. Se estiver gr\u00e1vida e tiver sintomas relacionados com a vaginose bacteriana, contacte o seu m\u00e9dico.<\/p>\n\n\n\n<figure class=\"wp-block-image size-full is-resized\"><img loading=\"lazy\" decoding=\"async\" src=\"https:\/\/multi-gyn.com\/app\/uploads\/sites\/34\/2022\/12\/portugal-Infographic-All-you-need-to-know-about-Bacterial-Vaginosis.jpg\" alt=\"\" class=\"wp-image-665\" width=\"603\" height=\"749\" srcset=\"https:\/\/multi-gyn.com\/app\/uploads\/sites\/34\/2022\/12\/portugal-Infographic-All-you-need-to-know-about-Bacterial-Vaginosis.jpg 804w, https:\/\/multi-gyn.com\/app\/uploads\/sites\/34\/2022\/12\/portugal-Infographic-All-you-need-to-know-about-Bacterial-Vaginosis-258x320.jpg 258w, https:\/\/multi-gyn.com\/app\/uploads\/sites\/34\/2022\/12\/portugal-Infographic-All-you-need-to-know-about-Bacterial-Vaginosis-768x954.jpg 768w, https:\/\/multi-gyn.com\/app\/uploads\/sites\/34\/2022\/12\/portugal-Infographic-All-you-need-to-know-about-Bacterial-Vaginosis-600x746.jpg 600w\" sizes=\"auto, (max-width: 603px) 100vw, 603px\" \/><\/figure>\n<\/div><\/div>\n","protected":false},"excerpt":{"rendered":"","protected":false},"author":6,"featured_media":0,"parent":177,"menu_order":0,"comment_status":"closed","ping_status":"closed","template":"","meta":{"_acf_changed":false,"footnotes":""},"from-article-database":[],"class_list":["post-503","page","type-page","status-publish","hentry"],"acf":[],"yoast_head":"<!-- This site is optimized with the Yoast SEO plugin v26.6 - https:\/\/yoast.com\/wordpress\/plugins\/seo\/ -->\n<title>Tudo aquilo que necessita de saber sobre a vaginose bacteriana! - Multi-Gyn<\/title>\n<meta name=\"description\" content=\"A vaginose bacteriana surge devido a um crescimento excessivo de bact\u00e9rias na vagina.\" \/>\n<meta name=\"robots\" content=\"index, follow, max-snippet:-1, max-image-preview:large, max-video-preview:-1\" \/>\n<link rel=\"canonical\" href=\"https:\/\/multi-gyn.com\/pt\/saude-vaginal\/infecoes\/tudo-aquilo-que-necessita-de-saber-sobre-a-vaginose-bacteriana\/\" \/>\n<meta property=\"og:locale\" content=\"pt_PT\" \/>\n<meta property=\"og:type\" content=\"article\" \/>\n<meta property=\"og:title\" content=\"Tudo aquilo que necessita de saber sobre a vaginose bacteriana! - Multi-Gyn\" \/>\n<meta property=\"og:description\" content=\"A vaginose bacteriana surge devido a um crescimento excessivo de bact\u00e9rias na vagina.\" \/>\n<meta property=\"og:url\" content=\"https:\/\/multi-gyn.com\/pt\/saude-vaginal\/infecoes\/tudo-aquilo-que-necessita-de-saber-sobre-a-vaginose-bacteriana\/\" \/>\n<meta property=\"og:site_name\" content=\"Multi-Gyn\" \/>\n<meta property=\"article:modified_time\" content=\"2025-04-28T09:43:04+00:00\" \/>\n<meta property=\"og:image\" content=\"https:\/\/multi-gyn.com\/app\/uploads\/sites\/34\/2022\/12\/portugal-Infographic-All-you-need-to-know-about-Bacterial-Vaginosis.jpg\" \/>\n\t<meta property=\"og:image:width\" content=\"804\" \/>\n\t<meta property=\"og:image:height\" content=\"999\" \/>\n\t<meta property=\"og:image:type\" content=\"image\/jpeg\" \/>\n<meta name=\"twitter:card\" content=\"summary_large_image\" \/>\n<meta name=\"twitter:label1\" content=\"Tempo estimado de leitura\" \/>\n\t<meta name=\"twitter:data1\" content=\"3 minutos\" \/>\n<script type=\"application\/ld+json\" class=\"yoast-schema-graph\">{\"@context\":\"https:\/\/schema.org\",\"@graph\":[{\"@type\":\"WebPage\",\"@id\":\"https:\/\/multi-gyn.com\/pt\/saude-vaginal\/infecoes\/tudo-aquilo-que-necessita-de-saber-sobre-a-vaginose-bacteriana\/\",\"url\":\"https:\/\/multi-gyn.com\/pt\/saude-vaginal\/infecoes\/tudo-aquilo-que-necessita-de-saber-sobre-a-vaginose-bacteriana\/\",\"name\":\"Tudo aquilo que necessita de saber sobre a vaginose bacteriana! - Multi-Gyn\",\"isPartOf\":{\"@id\":\"https:\/\/multi-gyn.com\/pt\/#website\"},\"primaryImageOfPage\":{\"@id\":\"https:\/\/multi-gyn.com\/pt\/saude-vaginal\/infecoes\/tudo-aquilo-que-necessita-de-saber-sobre-a-vaginose-bacteriana\/#primaryimage\"},\"image\":{\"@id\":\"https:\/\/multi-gyn.com\/pt\/saude-vaginal\/infecoes\/tudo-aquilo-que-necessita-de-saber-sobre-a-vaginose-bacteriana\/#primaryimage\"},\"thumbnailUrl\":\"https:\/\/multi-gyn.com\/app\/uploads\/sites\/34\/2022\/12\/portugal-Infographic-All-you-need-to-know-about-Bacterial-Vaginosis.jpg\",\"datePublished\":\"2022-12-09T16:12:48+00:00\",\"dateModified\":\"2025-04-28T09:43:04+00:00\",\"description\":\"A vaginose bacteriana surge devido a um crescimento excessivo de bact\u00e9rias na vagina.\",\"breadcrumb\":{\"@id\":\"https:\/\/multi-gyn.com\/pt\/saude-vaginal\/infecoes\/tudo-aquilo-que-necessita-de-saber-sobre-a-vaginose-bacteriana\/#breadcrumb\"},\"inLanguage\":\"pt-PT\",\"potentialAction\":[{\"@type\":\"ReadAction\",\"target\":[\"https:\/\/multi-gyn.com\/pt\/saude-vaginal\/infecoes\/tudo-aquilo-que-necessita-de-saber-sobre-a-vaginose-bacteriana\/\"]}]},{\"@type\":\"ImageObject\",\"inLanguage\":\"pt-PT\",\"@id\":\"https:\/\/multi-gyn.com\/pt\/saude-vaginal\/infecoes\/tudo-aquilo-que-necessita-de-saber-sobre-a-vaginose-bacteriana\/#primaryimage\",\"url\":\"https:\/\/multi-gyn.com\/app\/uploads\/sites\/34\/2022\/12\/portugal-Infographic-All-you-need-to-know-about-Bacterial-Vaginosis.jpg\",\"contentUrl\":\"https:\/\/multi-gyn.com\/app\/uploads\/sites\/34\/2022\/12\/portugal-Infographic-All-you-need-to-know-about-Bacterial-Vaginosis.jpg\"},{\"@type\":\"BreadcrumbList\",\"@id\":\"https:\/\/multi-gyn.com\/pt\/saude-vaginal\/infecoes\/tudo-aquilo-que-necessita-de-saber-sobre-a-vaginose-bacteriana\/#breadcrumb\",\"itemListElement\":[{\"@type\":\"ListItem\",\"position\":1,\"name\":\"Home\",\"item\":\"https:\/\/multi-gyn.com\/pt\/\"},{\"@type\":\"ListItem\",\"position\":2,\"name\":\"Sa\u00fade vaginal\",\"item\":\"https:\/\/multi-gyn.com\/pt\/saude-vaginal\/\"},{\"@type\":\"ListItem\",\"position\":3,\"name\":\"Infe\u00e7\u00f5es\",\"item\":\"https:\/\/multi-gyn.com\/pt\/saude-vaginal\/infecoes\/\"},{\"@type\":\"ListItem\",\"position\":4,\"name\":\"Tudo aquilo que necessita de saber sobre a vaginose bacteriana!\"}]},{\"@type\":\"WebSite\",\"@id\":\"https:\/\/multi-gyn.com\/pt\/#website\",\"url\":\"https:\/\/multi-gyn.com\/pt\/\",\"name\":\"Multi-Gyn\",\"description\":\"\",\"publisher\":{\"@id\":\"https:\/\/multi-gyn.com\/pt\/#organization\"},\"potentialAction\":[{\"@type\":\"SearchAction\",\"target\":{\"@type\":\"EntryPoint\",\"urlTemplate\":\"https:\/\/multi-gyn.com\/pt\/?s={search_term_string}\"},\"query-input\":{\"@type\":\"PropertyValueSpecification\",\"valueRequired\":true,\"valueName\":\"search_term_string\"}}],\"inLanguage\":\"pt-PT\"},{\"@type\":\"Organization\",\"@id\":\"https:\/\/multi-gyn.com\/pt\/#organization\",\"name\":\"Multi-Gyn\",\"url\":\"https:\/\/multi-gyn.com\/pt\/\",\"logo\":{\"@type\":\"ImageObject\",\"inLanguage\":\"pt-PT\",\"@id\":\"https:\/\/multi-gyn.com\/pt\/#\/schema\/logo\/image\/\",\"url\":\"https:\/\/multi-gyn.com\/app\/uploads\/sites\/34\/2022\/11\/multi-gyn-logo.png\",\"contentUrl\":\"https:\/\/multi-gyn.com\/app\/uploads\/sites\/34\/2022\/11\/multi-gyn-logo.png\",\"width\":149,\"height\":32,\"caption\":\"Multi-Gyn\"},\"image\":{\"@id\":\"https:\/\/multi-gyn.com\/pt\/#\/schema\/logo\/image\/\"}}]}<\/script>\n<!-- \/ Yoast SEO plugin. -->","yoast_head_json":{"title":"Tudo aquilo que necessita de saber sobre a vaginose bacteriana! - Multi-Gyn","description":"A vaginose bacteriana surge devido a um crescimento excessivo de bact\u00e9rias na vagina.","robots":{"index":"index","follow":"follow","max-snippet":"max-snippet:-1","max-image-preview":"max-image-preview:large","max-video-preview":"max-video-preview:-1"},"canonical":"https:\/\/multi-gyn.com\/pt\/saude-vaginal\/infecoes\/tudo-aquilo-que-necessita-de-saber-sobre-a-vaginose-bacteriana\/","og_locale":"pt_PT","og_type":"article","og_title":"Tudo aquilo que necessita de saber sobre a vaginose bacteriana! - Multi-Gyn","og_description":"A vaginose bacteriana surge devido a um crescimento excessivo de bact\u00e9rias na vagina.","og_url":"https:\/\/multi-gyn.com\/pt\/saude-vaginal\/infecoes\/tudo-aquilo-que-necessita-de-saber-sobre-a-vaginose-bacteriana\/","og_site_name":"Multi-Gyn","article_modified_time":"2025-04-28T09:43:04+00:00","og_image":[{"width":804,"height":999,"url":"https:\/\/multi-gyn.com\/app\/uploads\/sites\/34\/2022\/12\/portugal-Infographic-All-you-need-to-know-about-Bacterial-Vaginosis.jpg","type":"image\/jpeg"}],"twitter_card":"summary_large_image","twitter_misc":{"Tempo estimado de leitura":"3 minutos"},"schema":{"@context":"https:\/\/schema.org","@graph":[{"@type":"WebPage","@id":"https:\/\/multi-gyn.com\/pt\/saude-vaginal\/infecoes\/tudo-aquilo-que-necessita-de-saber-sobre-a-vaginose-bacteriana\/","url":"https:\/\/multi-gyn.com\/pt\/saude-vaginal\/infecoes\/tudo-aquilo-que-necessita-de-saber-sobre-a-vaginose-bacteriana\/","name":"Tudo aquilo que necessita de saber sobre a vaginose bacteriana! - Multi-Gyn","isPartOf":{"@id":"https:\/\/multi-gyn.com\/pt\/#website"},"primaryImageOfPage":{"@id":"https:\/\/multi-gyn.com\/pt\/saude-vaginal\/infecoes\/tudo-aquilo-que-necessita-de-saber-sobre-a-vaginose-bacteriana\/#primaryimage"},"image":{"@id":"https:\/\/multi-gyn.com\/pt\/saude-vaginal\/infecoes\/tudo-aquilo-que-necessita-de-saber-sobre-a-vaginose-bacteriana\/#primaryimage"},"thumbnailUrl":"https:\/\/multi-gyn.com\/app\/uploads\/sites\/34\/2022\/12\/portugal-Infographic-All-you-need-to-know-about-Bacterial-Vaginosis.jpg","datePublished":"2022-12-09T16:12:48+00:00","dateModified":"2025-04-28T09:43:04+00:00","description":"A vaginose bacteriana surge devido a um crescimento excessivo de bact\u00e9rias na vagina.","breadcrumb":{"@id":"https:\/\/multi-gyn.com\/pt\/saude-vaginal\/infecoes\/tudo-aquilo-que-necessita-de-saber-sobre-a-vaginose-bacteriana\/#breadcrumb"},"inLanguage":"pt-PT","potentialAction":[{"@type":"ReadAction","target":["https:\/\/multi-gyn.com\/pt\/saude-vaginal\/infecoes\/tudo-aquilo-que-necessita-de-saber-sobre-a-vaginose-bacteriana\/"]}]},{"@type":"ImageObject","inLanguage":"pt-PT","@id":"https:\/\/multi-gyn.com\/pt\/saude-vaginal\/infecoes\/tudo-aquilo-que-necessita-de-saber-sobre-a-vaginose-bacteriana\/#primaryimage","url":"https:\/\/multi-gyn.com\/app\/uploads\/sites\/34\/2022\/12\/portugal-Infographic-All-you-need-to-know-about-Bacterial-Vaginosis.jpg","contentUrl":"https:\/\/multi-gyn.com\/app\/uploads\/sites\/34\/2022\/12\/portugal-Infographic-All-you-need-to-know-about-Bacterial-Vaginosis.jpg"},{"@type":"BreadcrumbList","@id":"https:\/\/multi-gyn.com\/pt\/saude-vaginal\/infecoes\/tudo-aquilo-que-necessita-de-saber-sobre-a-vaginose-bacteriana\/#breadcrumb","itemListElement":[{"@type":"ListItem","position":1,"name":"Home","item":"https:\/\/multi-gyn.com\/pt\/"},{"@type":"ListItem","position":2,"name":"Sa\u00fade vaginal","item":"https:\/\/multi-gyn.com\/pt\/saude-vaginal\/"},{"@type":"ListItem","position":3,"name":"Infe\u00e7\u00f5es","item":"https:\/\/multi-gyn.com\/pt\/saude-vaginal\/infecoes\/"},{"@type":"ListItem","position":4,"name":"Tudo aquilo que necessita de saber sobre a vaginose bacteriana!"}]},{"@type":"WebSite","@id":"https:\/\/multi-gyn.com\/pt\/#website","url":"https:\/\/multi-gyn.com\/pt\/","name":"Multi-Gyn","description":"","publisher":{"@id":"https:\/\/multi-gyn.com\/pt\/#organization"},"potentialAction":[{"@type":"SearchAction","target":{"@type":"EntryPoint","urlTemplate":"https:\/\/multi-gyn.com\/pt\/?s={search_term_string}"},"query-input":{"@type":"PropertyValueSpecification","valueRequired":true,"valueName":"search_term_string"}}],"inLanguage":"pt-PT"},{"@type":"Organization","@id":"https:\/\/multi-gyn.com\/pt\/#organization","name":"Multi-Gyn","url":"https:\/\/multi-gyn.com\/pt\/","logo":{"@type":"ImageObject","inLanguage":"pt-PT","@id":"https:\/\/multi-gyn.com\/pt\/#\/schema\/logo\/image\/","url":"https:\/\/multi-gyn.com\/app\/uploads\/sites\/34\/2022\/11\/multi-gyn-logo.png","contentUrl":"https:\/\/multi-gyn.com\/app\/uploads\/sites\/34\/2022\/11\/multi-gyn-logo.png","width":149,"height":32,"caption":"Multi-Gyn"},"image":{"@id":"https:\/\/multi-gyn.com\/pt\/#\/schema\/logo\/image\/"}}]}},"_links":{"self":[{"href":"https:\/\/multi-gyn.com\/pt\/wp-json\/wp\/v2\/pages\/503","targetHints":{"allow":["GET"]}}],"collection":[{"href":"https:\/\/multi-gyn.com\/pt\/wp-json\/wp\/v2\/pages"}],"about":[{"href":"https:\/\/multi-gyn.com\/pt\/wp-json\/wp\/v2\/types\/page"}],"author":[{"embeddable":true,"href":"https:\/\/multi-gyn.com\/pt\/wp-json\/wp\/v2\/users\/6"}],"replies":[{"embeddable":true,"href":"https:\/\/multi-gyn.com\/pt\/wp-json\/wp\/v2\/comments?post=503"}],"version-history":[{"count":3,"href":"https:\/\/multi-gyn.com\/pt\/wp-json\/wp\/v2\/pages\/503\/revisions"}],"predecessor-version":[{"id":740,"href":"https:\/\/multi-gyn.com\/pt\/wp-json\/wp\/v2\/pages\/503\/revisions\/740"}],"up":[{"embeddable":true,"href":"https:\/\/multi-gyn.com\/pt\/wp-json\/wp\/v2\/pages\/177"}],"wp:attachment":[{"href":"https:\/\/multi-gyn.com\/pt\/wp-json\/wp\/v2\/media?parent=503"}],"wp:term":[{"taxonomy":"from-article-database","embeddable":true,"href":"https:\/\/multi-gyn.com\/pt\/wp-json\/wp\/v2\/from-article-database?post=503"}],"curies":[{"name":"wp","href":"https:\/\/api.w.org\/{rel}","templated":true}]}}